{"id":6124,"date":"2025-03-13T11:41:29","date_gmt":"2025-03-13T10:41:29","guid":{"rendered":"https:\/\/prezode-initiative.org\/le-role-du-secretariat\/"},"modified":"2026-03-26T10:51:54","modified_gmt":"2026-03-26T09:51:54","slug":"le-role-du-secretariat","status":"publish","type":"page","link":"https:\/\/prezode-initiative.org\/fr\/le-role-du-secretariat\/","title":{"rendered":"Le r\u00f4le du secr\u00e9tariat"},"content":{"rendered":"\n<h2 class=\"wp-block-heading\"><strong>Le secr\u00e9tariat est charg\u00e9 de coordonner et de mettre en \u0153uvre les activit\u00e9s quotidiennes de l&rsquo;initiative PREZODE.<\/strong><\/h2>\n\n<p><\/p>\n\n<h3 class=\"wp-block-heading\">Objectifs et activit\u00e9s<\/h3>\n\n<ul class=\"wp-block-list\">\n<li>Soutenir le comit\u00e9 de surveillance et l&rsquo;assembl\u00e9e g\u00e9n\u00e9rale dans l&rsquo;organisation des r\u00e9unions et des rapports ;<\/li>\n\n\n\n<li>Pr\u00e9parer des projets de propositions que le comit\u00e9 de surveillance examinera, validera et soumettra \u00e0 l&rsquo;assembl\u00e9e g\u00e9n\u00e9rale ;<\/li>\n\n\n\n<li>Organiser les \u00e9lections de l&rsquo;AG et du CS ;<\/li>\n\n\n\n<li>Soutenir les groupes de travail suppl\u00e9mentaires, ou les comit\u00e9s op\u00e9rationnels, sur des sujets sp\u00e9cifiques cr\u00e9\u00e9s par le comit\u00e9 de surveillance ;<\/li>\n\n\n\n<li>Assurer la disponibilit\u00e9 d&rsquo;outils facilitant la coordination, la collaboration et la communication entre les membres ;<\/li>\n\n\n\n<li>Pr\u00e9parer des supports de communication pour favoriser les \u00e9changes avec les parties prenantes externes ou les partenaires potentiels ;<\/li>\n\n\n\n<li>Soutenir l&rsquo;examen et l&rsquo;\u00e9valuation des activit\u00e9s r\u00e9alis\u00e9es ;<\/li>\n\n\n\n<li>Rendre compte chaque ann\u00e9e de ses activit\u00e9s et des questions li\u00e9es au budget ;<\/li>\n\n\n\n<li>G\u00e9rer toutes les questions li\u00e9es \u00e0 la protection des donn\u00e9es personnelles conform\u00e9ment aux r\u00e8gles applicables.<\/li>\n<\/ul>\n\n<p><br\/>Afin d&rsquo;assurer un fonctionnement efficace, de superviser les activit\u00e9s et de g\u00e9rer les rapports, le secr\u00e9tariat participe au <a href=\"https:\/\/prezode-initiative.org\/fr\/le-role-du-comite-de-pilotage\/\" target=\"_blank\" rel=\"noreferrer noopener\">comit\u00e9 de surveillance en<\/a> tant qu&rsquo;observateur.<\/p>\n\n<p><\/p>\n\n<h3 class=\"wp-block-heading\">Composition<br\/><\/h3>\n\n<div class=\"wp-block-buttons is-content-justification-left is-layout-flex wp-container-core-buttons-is-layout-fdcfc74e wp-block-buttons-is-layout-flex\">\n<div class=\"wp-block-button\"><a class=\"wp-block-button__link has-background-color has-pz-orange-background-color has-text-color has-background has-link-color wp-element-button\" href=\"https:\/\/prezode-initiative.org\/en\/members-type\/secretariat-excom\/\" target=\"_blank\" rel=\"noreferrer noopener\">Rencontrez le personnel du secr\u00e9tariat et du comit\u00e9 ex\u00e9cutif<\/a><\/div>\n<\/div>\n\n<p>Le secr\u00e9tariat est compos\u00e9 de chefs de projet et de personnel administratif. Il est dirig\u00e9 par un secr\u00e9taire g\u00e9n\u00e9ral.<br\/>Les ressources humaines, financi\u00e8res et mat\u00e9rielles du secr\u00e9tariat sont fournies sur une base volontaire par les membres de PREZODE. Un appel sera lanc\u00e9 aupr\u00e8s des membres pour soutenir le secr\u00e9tariat. Les membres qui acceptent de le faire concluront un accord de consortium sp\u00e9cifique.<br\/>\u00c0 titre provisoire, les r\u00e9unions du secr\u00e9tariat seront convoqu\u00e9es par le comit\u00e9 pr\u00e9paratoire \u00e9tabli avant la cr\u00e9ation du secr\u00e9tariat. Les modalit\u00e9s d\u00e9finitives d&rsquo;h\u00e9bergement du secr\u00e9tariat seront approuv\u00e9es ult\u00e9rieurement par les membres de l&rsquo;AG.    <\/p>\n\n<p><\/p>\n","protected":false},"excerpt":{"rendered":"<p>Le secr\u00e9tariat est charg\u00e9 de coordonner et de mettre en \u0153uvre les activit\u00e9s quotidiennes de l&rsquo;initiative PREZODE. Objectifs et activit\u00e9s Afin d&rsquo;assurer un fonctionnement efficace, de superviser les activit\u00e9s et de g\u00e9rer les rapports, le secr\u00e9tariat participe au comit\u00e9 de surveillance en tant qu&rsquo;observateur. Composition Le secr\u00e9tariat est compos\u00e9 de chefs de projet et de<a href=\"https:\/\/prezode-initiative.org\/fr\/le-role-du-secretariat\/\">Continue reading <span class=\"sr-only\">\u00ab\u00a0Le r\u00f4le du secr\u00e9tariat\u00a0\u00bb<\/span><\/a><\/p>\n","protected":false},"author":1,"featured_media":0,"parent":0,"menu_order":0,"comment_status":"closed","ping_status":"closed","template":"template-pages\/article-page.php","meta":{"_acf_changed":false,"footnotes":""},"class_list":["post-6124","page","type-page","status-publish","hentry"],"acf":[],"yoast_head":"<!-- This site is optimized with the Yoast SEO plugin v27.6 - https:\/\/yoast.com\/product\/yoast-seo-wordpress\/ -->\n<title>Le r\u00f4le du secr\u00e9tariat - Prezode.<\/title>\n<meta name=\"description\" content=\"Le secr\u00e9tariat du PREZODE coordonne et met en \u0153uvre les activit\u00e9s quotidiennes de l&#039;initiative. Les ressources humaines, financi\u00e8res et mat\u00e9rielles du secr\u00e9tariat sont fournies sur une base volontaire par les membres du PREZODE.\" \/>\n<meta name=\"robots\" content=\"index, follow, max-snippet:-1, max-image-preview:large, max-video-preview:-1\" \/>\n<link rel=\"canonical\" href=\"https:\/\/prezode-initiative.org\/fr\/le-role-du-secretariat\/\" \/>\n<meta property=\"og:locale\" content=\"fr_FR\" \/>\n<meta property=\"og:type\" content=\"article\" \/>\n<meta property=\"og:title\" content=\"Le r\u00f4le du secr\u00e9tariat - Prezode.\" \/>\n<meta property=\"og:description\" content=\"Le secr\u00e9tariat du PREZODE coordonne et met en \u0153uvre les activit\u00e9s quotidiennes de l&#039;initiative. Les ressources humaines, financi\u00e8res et mat\u00e9rielles du secr\u00e9tariat sont fournies sur une base volontaire par les membres du PREZODE.\" \/>\n<meta property=\"og:url\" content=\"https:\/\/prezode-initiative.org\/fr\/le-role-du-secretariat\/\" \/>\n<meta property=\"og:site_name\" content=\"Prezode\" \/>\n<meta property=\"article:modified_time\" content=\"2026-03-26T09:51:54+00:00\" \/>\n<meta name=\"twitter:card\" content=\"summary_large_image\" \/>\n<meta name=\"twitter:label1\" content=\"Dur\u00e9e de lecture estim\u00e9e\" \/>\n\t<meta name=\"twitter:data1\" content=\"2 minute\" \/>\n<script type=\"application\/ld+json\" class=\"yoast-schema-graph\">{\"@context\":\"https:\\\/\\\/schema.org\",\"@graph\":[{\"@type\":\"WebPage\",\"@id\":\"https:\\\/\\\/prezode-initiative.org\\\/fr\\\/le-role-du-secretariat\\\/\",\"url\":\"https:\\\/\\\/prezode-initiative.org\\\/fr\\\/le-role-du-secretariat\\\/\",\"name\":\"Le r\u00f4le du secr\u00e9tariat - Prezode.\",\"isPartOf\":{\"@id\":\"https:\\\/\\\/prezode-initiative.org\\\/fr\\\/#website\"},\"datePublished\":\"2025-03-13T10:41:29+00:00\",\"dateModified\":\"2026-03-26T09:51:54+00:00\",\"description\":\"Le secr\u00e9tariat du PREZODE coordonne et met en \u0153uvre les activit\u00e9s quotidiennes de l'initiative. Les ressources humaines, financi\u00e8res et mat\u00e9rielles du secr\u00e9tariat sont fournies sur une base volontaire par les membres du PREZODE.\",\"breadcrumb\":{\"@id\":\"https:\\\/\\\/prezode-initiative.org\\\/fr\\\/le-role-du-secretariat\\\/#breadcrumb\"},\"inLanguage\":\"fr-FR\",\"potentialAction\":[{\"@type\":\"ReadAction\",\"target\":[\"https:\\\/\\\/prezode-initiative.org\\\/fr\\\/le-role-du-secretariat\\\/\"]}]},{\"@type\":\"BreadcrumbList\",\"@id\":\"https:\\\/\\\/prezode-initiative.org\\\/fr\\\/le-role-du-secretariat\\\/#breadcrumb\",\"itemListElement\":[{\"@type\":\"ListItem\",\"position\":1,\"name\":\"Home\",\"item\":\"https:\\\/\\\/prezode-initiative.org\\\/fr\\\/\"},{\"@type\":\"ListItem\",\"position\":2,\"name\":\"Le r\u00f4le du secr\u00e9tariat\"}]},{\"@type\":\"WebSite\",\"@id\":\"https:\\\/\\\/prezode-initiative.org\\\/fr\\\/#website\",\"url\":\"https:\\\/\\\/prezode-initiative.org\\\/fr\\\/\",\"name\":\"Prezode\",\"description\":\"\",\"publisher\":{\"@id\":\"https:\\\/\\\/prezode-initiative.org\\\/fr\\\/#organization\"},\"potentialAction\":[{\"@type\":\"SearchAction\",\"target\":{\"@type\":\"EntryPoint\",\"urlTemplate\":\"https:\\\/\\\/prezode-initiative.org\\\/fr\\\/?s={search_term_string}\"},\"query-input\":{\"@type\":\"PropertyValueSpecification\",\"valueRequired\":true,\"valueName\":\"search_term_string\"}}],\"inLanguage\":\"fr-FR\"},{\"@type\":\"Organization\",\"@id\":\"https:\\\/\\\/prezode-initiative.org\\\/fr\\\/#organization\",\"name\":\"Prezode\",\"url\":\"https:\\\/\\\/prezode-initiative.org\\\/fr\\\/\",\"logo\":{\"@type\":\"ImageObject\",\"inLanguage\":\"fr-FR\",\"@id\":\"https:\\\/\\\/prezode-initiative.org\\\/fr\\\/#\\\/schema\\\/logo\\\/image\\\/\",\"url\":\"https:\\\/\\\/prezode-initiative.org\\\/wp-content\\\/uploads\\\/2025\\\/02\\\/logo.png\",\"contentUrl\":\"https:\\\/\\\/prezode-initiative.org\\\/wp-content\\\/uploads\\\/2025\\\/02\\\/logo.png\",\"width\":168,\"height\":118,\"caption\":\"Prezode\"},\"image\":{\"@id\":\"https:\\\/\\\/prezode-initiative.org\\\/fr\\\/#\\\/schema\\\/logo\\\/image\\\/\"}}]}<\/script>\n<!-- \/ Yoast SEO plugin. -->","yoast_head_json":{"title":"Le r\u00f4le du secr\u00e9tariat - Prezode.","description":"Le secr\u00e9tariat du PREZODE coordonne et met en \u0153uvre les activit\u00e9s quotidiennes de l'initiative. Les ressources humaines, financi\u00e8res et mat\u00e9rielles du secr\u00e9tariat sont fournies sur une base volontaire par les membres du PREZODE.","robots":{"index":"index","follow":"follow","max-snippet":"max-snippet:-1","max-image-preview":"max-image-preview:large","max-video-preview":"max-video-preview:-1"},"canonical":"https:\/\/prezode-initiative.org\/fr\/le-role-du-secretariat\/","og_locale":"fr_FR","og_type":"article","og_title":"Le r\u00f4le du secr\u00e9tariat - Prezode.","og_description":"Le secr\u00e9tariat du PREZODE coordonne et met en \u0153uvre les activit\u00e9s quotidiennes de l'initiative. Les ressources humaines, financi\u00e8res et mat\u00e9rielles du secr\u00e9tariat sont fournies sur une base volontaire par les membres du PREZODE.","og_url":"https:\/\/prezode-initiative.org\/fr\/le-role-du-secretariat\/","og_site_name":"Prezode","article_modified_time":"2026-03-26T09:51:54+00:00","twitter_card":"summary_large_image","twitter_misc":{"Dur\u00e9e de lecture estim\u00e9e":"2 minute"},"schema":{"@context":"https:\/\/schema.org","@graph":[{"@type":"WebPage","@id":"https:\/\/prezode-initiative.org\/fr\/le-role-du-secretariat\/","url":"https:\/\/prezode-initiative.org\/fr\/le-role-du-secretariat\/","name":"Le r\u00f4le du secr\u00e9tariat - Prezode.","isPartOf":{"@id":"https:\/\/prezode-initiative.org\/fr\/#website"},"datePublished":"2025-03-13T10:41:29+00:00","dateModified":"2026-03-26T09:51:54+00:00","description":"Le secr\u00e9tariat du PREZODE coordonne et met en \u0153uvre les activit\u00e9s quotidiennes de l'initiative. Les ressources humaines, financi\u00e8res et mat\u00e9rielles du secr\u00e9tariat sont fournies sur une base volontaire par les membres du PREZODE.","breadcrumb":{"@id":"https:\/\/prezode-initiative.org\/fr\/le-role-du-secretariat\/#breadcrumb"},"inLanguage":"fr-FR","potentialAction":[{"@type":"ReadAction","target":["https:\/\/prezode-initiative.org\/fr\/le-role-du-secretariat\/"]}]},{"@type":"BreadcrumbList","@id":"https:\/\/prezode-initiative.org\/fr\/le-role-du-secretariat\/#breadcrumb","itemListElement":[{"@type":"ListItem","position":1,"name":"Home","item":"https:\/\/prezode-initiative.org\/fr\/"},{"@type":"ListItem","position":2,"name":"Le r\u00f4le du secr\u00e9tariat"}]},{"@type":"WebSite","@id":"https:\/\/prezode-initiative.org\/fr\/#website","url":"https:\/\/prezode-initiative.org\/fr\/","name":"Prezode","description":"","publisher":{"@id":"https:\/\/prezode-initiative.org\/fr\/#organization"},"potentialAction":[{"@type":"SearchAction","target":{"@type":"EntryPoint","urlTemplate":"https:\/\/prezode-initiative.org\/fr\/?s={search_term_string}"},"query-input":{"@type":"PropertyValueSpecification","valueRequired":true,"valueName":"search_term_string"}}],"inLanguage":"fr-FR"},{"@type":"Organization","@id":"https:\/\/prezode-initiative.org\/fr\/#organization","name":"Prezode","url":"https:\/\/prezode-initiative.org\/fr\/","logo":{"@type":"ImageObject","inLanguage":"fr-FR","@id":"https:\/\/prezode-initiative.org\/fr\/#\/schema\/logo\/image\/","url":"https:\/\/prezode-initiative.org\/wp-content\/uploads\/2025\/02\/logo.png","contentUrl":"https:\/\/prezode-initiative.org\/wp-content\/uploads\/2025\/02\/logo.png","width":168,"height":118,"caption":"Prezode"},"image":{"@id":"https:\/\/prezode-initiative.org\/fr\/#\/schema\/logo\/image\/"}}]}},"_links":{"self":[{"href":"https:\/\/prezode-initiative.org\/fr\/wp-json\/wp\/v2\/pages\/6124","targetHints":{"allow":["GET"]}}],"collection":[{"href":"https:\/\/prezode-initiative.org\/fr\/wp-json\/wp\/v2\/pages"}],"about":[{"href":"https:\/\/prezode-initiative.org\/fr\/wp-json\/wp\/v2\/types\/page"}],"author":[{"embeddable":true,"href":"https:\/\/prezode-initiative.org\/fr\/wp-json\/wp\/v2\/users\/1"}],"replies":[{"embeddable":true,"href":"https:\/\/prezode-initiative.org\/fr\/wp-json\/wp\/v2\/comments?post=6124"}],"version-history":[{"count":1,"href":"https:\/\/prezode-initiative.org\/fr\/wp-json\/wp\/v2\/pages\/6124\/revisions"}],"predecessor-version":[{"id":6125,"href":"https:\/\/prezode-initiative.org\/fr\/wp-json\/wp\/v2\/pages\/6124\/revisions\/6125"}],"wp:attachment":[{"href":"https:\/\/prezode-initiative.org\/fr\/wp-json\/wp\/v2\/media?parent=6124"}],"curies":[{"name":"wp","href":"https:\/\/api.w.org\/{rel}","templated":true}]}}