{"id":5190,"date":"2025-03-13T11:41:13","date_gmt":"2025-03-13T10:41:13","guid":{"rendered":"https:\/\/prezode-initiative.org\/le-role-du-comite-de-pilotage\/"},"modified":"2026-03-25T17:33:53","modified_gmt":"2026-03-25T16:33:53","slug":"le-role-du-comite-de-pilotage","status":"publish","type":"page","link":"https:\/\/prezode-initiative.org\/fr\/le-role-du-comite-de-pilotage\/","title":{"rendered":"Le r\u00f4le du comit\u00e9 de pilotage"},"content":{"rendered":"\n<h2 class=\"wp-block-heading\">Le comit\u00e9 de pilotage propose \u00e0 l&rsquo;AG une strat\u00e9gie et des r\u00e9sultats \u00e0 atteindre dans un d\u00e9lai d\u00e9termin\u00e9 et supervise la mise en \u0153uvre de l&rsquo;initiative.<br \/><\/h2>\n\n<p><\/p>\n\n<h3 class=\"wp-block-heading has-text-color has-link-color wp-elements-660ba56fc24b285c43e9297a362fe928\" style=\"color:#2894bf\"><strong>Objectifs et activit\u00e9s<\/strong><\/h3>\n\n<div class=\"wp-block-columns is-layout-flex wp-container-core-columns-is-layout-9d6595d7 wp-block-columns-is-layout-flex\">\n<div class=\"wp-block-column is-layout-flow wp-block-column-is-layout-flow\">\n<p>Le comit\u00e9 de pilotage (CP) est l&rsquo;organe qui \u00e9labore et propose les orientations strat\u00e9giques de l&rsquo;initiative.<br \/>Il s&rsquo;agit notamment de<\/p>\n\n\n\n<ul class=\"wp-block-list\">\n<li>proposer des plans de travail et des budgets annuels pour l&rsquo;initiative,<\/li>\n\n\n\n<li>proposer d&rsquo;autres documents strat\u00e9giques,<\/li>\n\n\n\n<li>proposer des r\u00e9visions du mandat de la gouvernance de l&rsquo;initiative,<\/li>\n\n\n\n<li>proposer des r\u00e9visions de l&rsquo;agenda strat\u00e9gique de l&rsquo;initiative tous les deux ans.<\/li>\n<\/ul>\n\n\n\n<p>Le comit\u00e9 de surveillance sera \u00e9galement charg\u00e9 de prendre des d\u00e9cisions sur plusieurs actions li\u00e9es \u00e0 l&rsquo;initiative. En particulier, il devra <\/p>\n\n\n\n<ul class=\"wp-block-list\">\n<li>d\u00e9cider de l&rsquo;approbation (sous le label PREZODE) par PREZODE de projets, de programmes et de r\u00e9seaux sur la base de l&rsquo;\u00e9valuation effectu\u00e9e par un groupe de travail ad hoc,<\/li>\n\n\n\n<li>d\u00e9cider si PREZODE doit approuver (avec le label PREZODE) des projets, des programmes et des r\u00e9seaux sur la base d&rsquo;une \u00e9valuation r\u00e9alis\u00e9e par un groupe de travail ad hoc,<\/li>\n\n\n\n<li>d\u00e9cider de la cr\u00e9ation de groupes de travail ou de task forces sur des sujets sp\u00e9cifiques, guider et examiner leurs activit\u00e9s,<\/li>\n\n\n\n<li>s&rsquo;engager et communiquer avec les partenaires potentiels et les parties prenantes.<\/li>\n<\/ul>\n<\/div>\n<\/div>\n\n<p>Le comit\u00e9 de surveillance guidera le secr\u00e9tariat et examinera ses activit\u00e9s.<\/p>\n\n<h3 class=\"wp-block-heading has-text-color has-link-color wp-elements-a1330078fd0b8ff03e262bc6311bfea5\" style=\"color:#2894bf\"><strong>Composition<\/strong><\/h3>\n\n<p>Le CS est compos\u00e9 des cinq coll\u00e8ges suivants :<\/p>\n\n<ul class=\"wp-block-list\">\n<li>Coll\u00e8ge scientifique : cinq experts scientifiques internationalement reconnus, \u00e0 titre individuel, un pour chaque pilier de l&rsquo;initiative. Les membres sont \u00e9lus pour un mandat de deux ans par l&rsquo;AG. <\/li>\n\n\n\n<li>Coll\u00e8ge des r\u00e9gions : cinq d\u00e9l\u00e9gu\u00e9s, un par r\u00e9gion du monde, \u00e9lus pour un mandat de deux ans par les membres de la PREZODE de la m\u00eame r\u00e9gion.<\/li>\n\n\n\n<li>Un coll\u00e8ge des organisations internationales de sant\u00e9 : un repr\u00e9sentant par organisation signataire, dans la limite de quatre repr\u00e9sentants au total.<\/li>\n\n\n\n<li>Comit\u00e9 des donateurs : un repr\u00e9sentant d\u00e9sign\u00e9 par le comit\u00e9 des donateurs.<\/li>\n\n\n\n<li>Coll\u00e8ge de la soci\u00e9t\u00e9 civile : trois repr\u00e9sentants d&rsquo;ONG \u00e0 but non lucratif.<\/li>\n<\/ul>\n\n<p>Le secr\u00e9taire g\u00e9n\u00e9ral et le pr\u00e9sident du CCS si\u00e8gent au comit\u00e9 de surveillance en tant qu&rsquo;observateurs. Un \u00e9quilibre sera recherch\u00e9 entre les r\u00e9gions, les sexes et les dimensions de la sant\u00e9 humaine, animale et environnementale lors de l&rsquo;organisation des \u00e9lections du comit\u00e9 de surveillance. <\/p>\n\n<div class=\"wp-block-buttons is-content-justification-left is-layout-flex wp-container-core-buttons-is-layout-fdcfc74e wp-block-buttons-is-layout-flex\">\n<div class=\"wp-block-button\"><a class=\"wp-block-button__link has-background-color has-pz-orange-background-color has-text-color has-background has-link-color wp-element-button\" href=\"https:\/\/prezode-initiative.org\/en\/members-type\/sc-2025\/\">Rencontrez les membres du comit\u00e9 de pilotage 2025 - 2027<\/a><\/div>\n<\/div>\n\n<div style=\"height:27px\" aria-hidden=\"true\" class=\"wp-block-spacer\"><\/div>\n\n<div class=\"wp-block-buttons is-content-justification-left is-layout-flex wp-container-core-buttons-is-layout-fdcfc74e wp-block-buttons-is-layout-flex\">\n<div class=\"wp-block-button\"><a class=\"wp-block-button__link has-background-color has-pz-orange-background-color has-text-color has-background has-link-color wp-element-button\" href=\"https:\/\/prezode-initiative.org\/en\/members-type\/sc\/\">Rencontrez les membres du comit\u00e9 de pilotage 2023 - 2025<\/a><\/div>\n<\/div>\n\n<h3 class=\"wp-block-heading has-text-color has-link-color wp-elements-1d4fd60d08fe21533f9ade7d2cd84bf9\" style=\"color:#2894bf\"><strong>R\u00f4le du pr\u00e9sident du comit\u00e9 de surveillance<\/strong><\/h3>\n\n<p>Le pr\u00e9sident du comit\u00e9 de surveillance pr\u00e9side les r\u00e9unions du comit\u00e9 de surveillance et :<\/p>\n\n<ul class=\"wp-block-list\">\n<li>consulter les membres du CS sur les propositions pour l&rsquo;AG,<\/li>\n\n\n\n<li>veiller \u00e0 ce que les propositions \u00e0 l&rsquo;AG soient pr\u00e9par\u00e9es et finalis\u00e9es pour les r\u00e9unions de l&rsquo;AG,<\/li>\n\n\n\n<li>guider le secr\u00e9tariat dans la pr\u00e9paration des r\u00e9unions du comit\u00e9 de surveillance,<\/li>\n\n\n\n<li>conseiller le pr\u00e9sident et le vice-pr\u00e9sident de l&rsquo;AG,<\/li>\n\n\n\n<li>superviser le plan de mise en \u0153uvre de PREZODE.<\/li>\n<\/ul>\n\n<h3 class=\"wp-block-heading has-text-color has-link-color wp-elements-217fb20a4047dc70da97b3e7bb116ad3\" style=\"color:#2894bf\"><strong>\u00c9lection<\/strong><\/h3>\n\n<p>Le comit\u00e9 directeur \u00e9lit un pr\u00e9sident parmi ses membres. L&rsquo;\u00e9lection des repr\u00e9sentants et du pr\u00e9sident du comit\u00e9 directeur sera organis\u00e9e par le secr\u00e9tariat. <\/p>\n\n<h3 class=\"wp-block-heading has-text-color has-link-color wp-elements-c48371b5a2c47f4abe942d47bb54f1ee\" style=\"color:#2894bf\"><strong>Droits de vote<\/strong><\/h3>\n\n<p>Chaque membre du comit\u00e9 de surveillance dispose d&rsquo;une voix ayant le m\u00eame poids. Pour valider les d\u00e9cisions, un quorum de 50 % des membres du comit\u00e9 de surveillance doit \u00eatre atteint.<br \/>Toutes les d\u00e9cisions sont prises par consensus dans la mesure du possible. S&rsquo;il n&rsquo;est pas possible de parvenir \u00e0 un consensus, les d\u00e9cisions peuvent \u00eatre prises \u00e0 la majorit\u00e9 simple.  <\/p>\n\n<h3 class=\"wp-block-heading has-text-color has-link-color wp-elements-590a7fc72d1e9f046593ef914d9b2154\" style=\"color:#2894bf\"><strong>R\u00e9unions<\/strong><\/h3>\n\n<p>Le comit\u00e9 de surveillance peut se r\u00e9unir chaque mois, en ligne ou en personne, et convoquer des r\u00e9unions ad hoc suppl\u00e9mentaires par l&rsquo;interm\u00e9diaire de sous-groupes. Le pr\u00e9sident du comit\u00e9 de surveillance se r\u00e9unit r\u00e9guli\u00e8rement avec le pr\u00e9sident et le vice-pr\u00e9sident de l&rsquo;AG et le secr\u00e9tariat. <\/p>\n\n<p><\/p>\n\n<p><\/p>\n\n<div data-wp-interactive=\"core\/file\" class=\"wp-block-file\"><object data-wp-bind--hidden=\"!state.hasPdfPreview\" hidden class=\"wp-block-file__embed\" data=\"https:\/\/prezode-initiative.org\/wp-content\/uploads\/2025\/07\/PREZODE_ToR-adopted-2022.pdf\" type=\"application\/pdf\" style=\"width:100%;height:600px\" aria-label=\"Contenu embarqu\u00e9 PREZODE_ToR adopted-2022.\"><\/object><a id=\"wp-block-file--media-e1b2b87a-4844-4af9-ad4d-ee54149010e5\" href=\"https:\/\/prezode-initiative.org\/wp-content\/uploads\/2025\/07\/PREZODE_ToR-adopted-2022.pdf\">PREZODE_ToR adopt\u00e9-2022<\/a><a href=\"https:\/\/prezode-initiative.org\/wp-content\/uploads\/2025\/07\/PREZODE_ToR-adopted-2022.pdf\" class=\"wp-block-file__button wp-element-button\" aria-describedby=\"wp-block-file--media-e1b2b87a-4844-4af9-ad4d-ee54149010e5\">T\u00e9l\u00e9charger<\/a><\/div>\n","protected":false},"excerpt":{"rendered":"<p>Le comit\u00e9 de pilotage propose \u00e0 l&rsquo;AG une strat\u00e9gie et des r\u00e9sultats \u00e0 atteindre dans un d\u00e9lai d\u00e9termin\u00e9 et supervise la mise en \u0153uvre de l&rsquo;initiative. Objectifs et activit\u00e9s Le comit\u00e9 de pilotage (CP) est l&rsquo;organe qui \u00e9labore et propose les orientations strat\u00e9giques de l&rsquo;initiative.Il s&rsquo;agit notamment de Le comit\u00e9 de surveillance sera \u00e9galement charg\u00e9<a href=\"https:\/\/prezode-initiative.org\/fr\/le-role-du-comite-de-pilotage\/\">Continue reading <span class=\"sr-only\">\u00ab\u00a0Le r\u00f4le du comit\u00e9 de pilotage\u00a0\u00bb<\/span><\/a><\/p>\n","protected":false},"author":1,"featured_media":0,"parent":0,"menu_order":0,"comment_status":"closed","ping_status":"closed","template":"template-pages\/article-page.php","meta":{"_acf_changed":false,"footnotes":""},"class_list":["post-5190","page","type-page","status-publish","hentry"],"acf":[],"yoast_head":"<!-- This site is optimized with the Yoast SEO plugin v27.6 - https:\/\/yoast.com\/product\/yoast-seo-wordpress\/ -->\n<title>Le r\u00f4le du comit\u00e9 de pilotage - Prezode.<\/title>\n<meta name=\"description\" content=\"Le comit\u00e9 de pilotage propose \u00e0 l&#039;AG une strat\u00e9gie et des r\u00e9sultats \u00e0 atteindre dans un d\u00e9lai d\u00e9termin\u00e9 et supervise la mise en \u0153uvre de l&#039;initiative.\" \/>\n<meta name=\"robots\" content=\"index, follow, max-snippet:-1, max-image-preview:large, max-video-preview:-1\" \/>\n<link rel=\"canonical\" href=\"https:\/\/prezode-initiative.org\/fr\/le-role-du-comite-de-pilotage\/\" \/>\n<meta property=\"og:locale\" content=\"fr_FR\" \/>\n<meta property=\"og:type\" content=\"article\" \/>\n<meta property=\"og:title\" content=\"Le r\u00f4le du comit\u00e9 de pilotage - Prezode.\" \/>\n<meta property=\"og:description\" content=\"Le comit\u00e9 de pilotage propose \u00e0 l&#039;AG une strat\u00e9gie et des r\u00e9sultats \u00e0 atteindre dans un d\u00e9lai d\u00e9termin\u00e9 et supervise la mise en \u0153uvre de l&#039;initiative.\" \/>\n<meta property=\"og:url\" content=\"https:\/\/prezode-initiative.org\/fr\/le-role-du-comite-de-pilotage\/\" \/>\n<meta property=\"og:site_name\" content=\"Prezode\" \/>\n<meta property=\"article:modified_time\" content=\"2026-03-25T16:33:53+00:00\" \/>\n<meta name=\"twitter:card\" content=\"summary_large_image\" \/>\n<meta name=\"twitter:label1\" content=\"Dur\u00e9e de lecture estim\u00e9e\" \/>\n\t<meta name=\"twitter:data1\" content=\"3 minute\" \/>\n<script type=\"application\/ld+json\" class=\"yoast-schema-graph\">{\"@context\":\"https:\\\/\\\/schema.org\",\"@graph\":[{\"@type\":\"WebPage\",\"@id\":\"https:\\\/\\\/prezode-initiative.org\\\/fr\\\/le-role-du-comite-de-pilotage\\\/\",\"url\":\"https:\\\/\\\/prezode-initiative.org\\\/fr\\\/le-role-du-comite-de-pilotage\\\/\",\"name\":\"Le r\u00f4le du comit\u00e9 de pilotage - Prezode.\",\"isPartOf\":{\"@id\":\"https:\\\/\\\/prezode-initiative.org\\\/fr\\\/#website\"},\"datePublished\":\"2025-03-13T10:41:13+00:00\",\"dateModified\":\"2026-03-25T16:33:53+00:00\",\"description\":\"Le comit\u00e9 de pilotage propose \u00e0 l'AG une strat\u00e9gie et des r\u00e9sultats \u00e0 atteindre dans un d\u00e9lai d\u00e9termin\u00e9 et supervise la mise en \u0153uvre de l'initiative.\",\"breadcrumb\":{\"@id\":\"https:\\\/\\\/prezode-initiative.org\\\/fr\\\/le-role-du-comite-de-pilotage\\\/#breadcrumb\"},\"inLanguage\":\"fr-FR\",\"potentialAction\":[{\"@type\":\"ReadAction\",\"target\":[\"https:\\\/\\\/prezode-initiative.org\\\/fr\\\/le-role-du-comite-de-pilotage\\\/\"]}]},{\"@type\":\"BreadcrumbList\",\"@id\":\"https:\\\/\\\/prezode-initiative.org\\\/fr\\\/le-role-du-comite-de-pilotage\\\/#breadcrumb\",\"itemListElement\":[{\"@type\":\"ListItem\",\"position\":1,\"name\":\"Home\",\"item\":\"https:\\\/\\\/prezode-initiative.org\\\/fr\\\/\"},{\"@type\":\"ListItem\",\"position\":2,\"name\":\"Le r\u00f4le du comit\u00e9 de pilotage\"}]},{\"@type\":\"WebSite\",\"@id\":\"https:\\\/\\\/prezode-initiative.org\\\/fr\\\/#website\",\"url\":\"https:\\\/\\\/prezode-initiative.org\\\/fr\\\/\",\"name\":\"Prezode\",\"description\":\"\",\"publisher\":{\"@id\":\"https:\\\/\\\/prezode-initiative.org\\\/fr\\\/#organization\"},\"potentialAction\":[{\"@type\":\"SearchAction\",\"target\":{\"@type\":\"EntryPoint\",\"urlTemplate\":\"https:\\\/\\\/prezode-initiative.org\\\/fr\\\/?s={search_term_string}\"},\"query-input\":{\"@type\":\"PropertyValueSpecification\",\"valueRequired\":true,\"valueName\":\"search_term_string\"}}],\"inLanguage\":\"fr-FR\"},{\"@type\":\"Organization\",\"@id\":\"https:\\\/\\\/prezode-initiative.org\\\/fr\\\/#organization\",\"name\":\"Prezode\",\"url\":\"https:\\\/\\\/prezode-initiative.org\\\/fr\\\/\",\"logo\":{\"@type\":\"ImageObject\",\"inLanguage\":\"fr-FR\",\"@id\":\"https:\\\/\\\/prezode-initiative.org\\\/fr\\\/#\\\/schema\\\/logo\\\/image\\\/\",\"url\":\"https:\\\/\\\/prezode-initiative.org\\\/wp-content\\\/uploads\\\/2025\\\/02\\\/logo.png\",\"contentUrl\":\"https:\\\/\\\/prezode-initiative.org\\\/wp-content\\\/uploads\\\/2025\\\/02\\\/logo.png\",\"width\":168,\"height\":118,\"caption\":\"Prezode\"},\"image\":{\"@id\":\"https:\\\/\\\/prezode-initiative.org\\\/fr\\\/#\\\/schema\\\/logo\\\/image\\\/\"}}]}<\/script>\n<!-- \/ Yoast SEO plugin. -->","yoast_head_json":{"title":"Le r\u00f4le du comit\u00e9 de pilotage - Prezode.","description":"Le comit\u00e9 de pilotage propose \u00e0 l'AG une strat\u00e9gie et des r\u00e9sultats \u00e0 atteindre dans un d\u00e9lai d\u00e9termin\u00e9 et supervise la mise en \u0153uvre de l'initiative.","robots":{"index":"index","follow":"follow","max-snippet":"max-snippet:-1","max-image-preview":"max-image-preview:large","max-video-preview":"max-video-preview:-1"},"canonical":"https:\/\/prezode-initiative.org\/fr\/le-role-du-comite-de-pilotage\/","og_locale":"fr_FR","og_type":"article","og_title":"Le r\u00f4le du comit\u00e9 de pilotage - Prezode.","og_description":"Le comit\u00e9 de pilotage propose \u00e0 l'AG une strat\u00e9gie et des r\u00e9sultats \u00e0 atteindre dans un d\u00e9lai d\u00e9termin\u00e9 et supervise la mise en \u0153uvre de l'initiative.","og_url":"https:\/\/prezode-initiative.org\/fr\/le-role-du-comite-de-pilotage\/","og_site_name":"Prezode","article_modified_time":"2026-03-25T16:33:53+00:00","twitter_card":"summary_large_image","twitter_misc":{"Dur\u00e9e de lecture estim\u00e9e":"3 minute"},"schema":{"@context":"https:\/\/schema.org","@graph":[{"@type":"WebPage","@id":"https:\/\/prezode-initiative.org\/fr\/le-role-du-comite-de-pilotage\/","url":"https:\/\/prezode-initiative.org\/fr\/le-role-du-comite-de-pilotage\/","name":"Le r\u00f4le du comit\u00e9 de pilotage - Prezode.","isPartOf":{"@id":"https:\/\/prezode-initiative.org\/fr\/#website"},"datePublished":"2025-03-13T10:41:13+00:00","dateModified":"2026-03-25T16:33:53+00:00","description":"Le comit\u00e9 de pilotage propose \u00e0 l'AG une strat\u00e9gie et des r\u00e9sultats \u00e0 atteindre dans un d\u00e9lai d\u00e9termin\u00e9 et supervise la mise en \u0153uvre de l'initiative.","breadcrumb":{"@id":"https:\/\/prezode-initiative.org\/fr\/le-role-du-comite-de-pilotage\/#breadcrumb"},"inLanguage":"fr-FR","potentialAction":[{"@type":"ReadAction","target":["https:\/\/prezode-initiative.org\/fr\/le-role-du-comite-de-pilotage\/"]}]},{"@type":"BreadcrumbList","@id":"https:\/\/prezode-initiative.org\/fr\/le-role-du-comite-de-pilotage\/#breadcrumb","itemListElement":[{"@type":"ListItem","position":1,"name":"Home","item":"https:\/\/prezode-initiative.org\/fr\/"},{"@type":"ListItem","position":2,"name":"Le r\u00f4le du comit\u00e9 de pilotage"}]},{"@type":"WebSite","@id":"https:\/\/prezode-initiative.org\/fr\/#website","url":"https:\/\/prezode-initiative.org\/fr\/","name":"Prezode","description":"","publisher":{"@id":"https:\/\/prezode-initiative.org\/fr\/#organization"},"potentialAction":[{"@type":"SearchAction","target":{"@type":"EntryPoint","urlTemplate":"https:\/\/prezode-initiative.org\/fr\/?s={search_term_string}"},"query-input":{"@type":"PropertyValueSpecification","valueRequired":true,"valueName":"search_term_string"}}],"inLanguage":"fr-FR"},{"@type":"Organization","@id":"https:\/\/prezode-initiative.org\/fr\/#organization","name":"Prezode","url":"https:\/\/prezode-initiative.org\/fr\/","logo":{"@type":"ImageObject","inLanguage":"fr-FR","@id":"https:\/\/prezode-initiative.org\/fr\/#\/schema\/logo\/image\/","url":"https:\/\/prezode-initiative.org\/wp-content\/uploads\/2025\/02\/logo.png","contentUrl":"https:\/\/prezode-initiative.org\/wp-content\/uploads\/2025\/02\/logo.png","width":168,"height":118,"caption":"Prezode"},"image":{"@id":"https:\/\/prezode-initiative.org\/fr\/#\/schema\/logo\/image\/"}}]}},"_links":{"self":[{"href":"https:\/\/prezode-initiative.org\/fr\/wp-json\/wp\/v2\/pages\/5190","targetHints":{"allow":["GET"]}}],"collection":[{"href":"https:\/\/prezode-initiative.org\/fr\/wp-json\/wp\/v2\/pages"}],"about":[{"href":"https:\/\/prezode-initiative.org\/fr\/wp-json\/wp\/v2\/types\/page"}],"author":[{"embeddable":true,"href":"https:\/\/prezode-initiative.org\/fr\/wp-json\/wp\/v2\/users\/1"}],"replies":[{"embeddable":true,"href":"https:\/\/prezode-initiative.org\/fr\/wp-json\/wp\/v2\/comments?post=5190"}],"version-history":[{"count":2,"href":"https:\/\/prezode-initiative.org\/fr\/wp-json\/wp\/v2\/pages\/5190\/revisions"}],"predecessor-version":[{"id":5196,"href":"https:\/\/prezode-initiative.org\/fr\/wp-json\/wp\/v2\/pages\/5190\/revisions\/5196"}],"wp:attachment":[{"href":"https:\/\/prezode-initiative.org\/fr\/wp-json\/wp\/v2\/media?parent=5190"}],"curies":[{"name":"wp","href":"https:\/\/api.w.org\/{rel}","templated":true}]}}