{"id":5167,"date":"2025-03-13T11:41:03","date_gmt":"2025-03-13T10:41:03","guid":{"rendered":"https:\/\/prezode-initiative.org\/role-et-responsabilites-de-lassemblee-generale\/"},"modified":"2026-03-25T17:33:44","modified_gmt":"2026-03-25T16:33:44","slug":"role-et-responsabilites-de-lassemblee-generale","status":"publish","type":"page","link":"https:\/\/prezode-initiative.org\/fr\/role-et-responsabilites-de-lassemblee-generale\/","title":{"rendered":"R\u00f4le et responsabilit\u00e9s de l&rsquo;Assembl\u00e9e g\u00e9n\u00e9rale"},"content":{"rendered":"\n<h2 class=\"wp-block-heading\">L&rsquo;AG, qui r\u00e9unit les repr\u00e9sentants des <a href=\"https:\/\/prezode-initiative.org\/en\/our-members\/\" target=\"_blank\" rel=\"noreferrer noopener\">membres du PREZODE<\/a>, est charg\u00e9e d&rsquo;examiner et d&rsquo;adopter la strat\u00e9gie et les r\u00e9sultats de l&rsquo;initiative, qui sont \u00e9labor\u00e9s sur la base des propositions du CS. Le secr\u00e9tariat soutient ces organes et coordonne et met en \u0153uvre les activit\u00e9s quotidiennes de l&rsquo;initiative PREZODE. <\/h2>\n\n<p><br \/><\/p>\n\n<h3 class=\"wp-block-heading has-text-color has-link-color wp-elements-0c11ac5a69d85f6f856c7a16fc1c2cfa\" style=\"color:#2894bf\">Objectifs et activit\u00e9s<\/h3>\n\n<p>L&rsquo;Assembl\u00e9e g\u00e9n\u00e9rale (AG) est l&rsquo;organe charg\u00e9 d&rsquo;examiner et d&rsquo;adopter les orientations et les r\u00e9sultats pr\u00e9par\u00e9s par le Comit\u00e9 de pilotage (CP).<br \/>Il s&rsquo;agit en particulier de<\/p>\n\n<ul class=\"wp-block-list\">\n<li>Adopter la gouvernance et son mandat.<\/li>\n\n\n\n<li>Adopter l&rsquo;agenda strat\u00e9gique.<\/li>\n\n\n\n<li>Adopter des plans de travail et des budgets annuels.<\/li>\n\n\n\n<li>Adopter d&rsquo;autres orientations strat\u00e9giques.<\/li>\n\n\n\n<li>Examiner l&rsquo;\u00e9tat d&rsquo;avancement de l&rsquo;initiative et fournir des orientations g\u00e9n\u00e9rales.<\/li>\n\n\n\n<li>Accepter ou exclure des membres comme sp\u00e9cifi\u00e9 dans la section Adh\u00e9sion ci-dessus.<\/li>\n<\/ul>\n\n<p>En outre, l&rsquo;AG aura la possibilit\u00e9 de proposer de nouvelles initiatives ou des activit\u00e9s compl\u00e9mentaires \u00e0 reprendre et \u00e0 d\u00e9velopper par le CS.<br \/>Enfin, l&rsquo;AG sera charg\u00e9e d&rsquo;\u00e9lire son pr\u00e9sident et son vice-pr\u00e9sident.<\/p>\n\n<h3 class=\"wp-block-heading has-text-color has-link-color wp-elements-eea2c8b135207fa1046d0ae34d1df5a4\" style=\"color:#2894bf\">Composition<\/h3>\n\n<p>L&rsquo;AG est compos\u00e9e d&rsquo;un repr\u00e9sentant pour chaque membre et est pr\u00e9sid\u00e9e par un pr\u00e9sident et un vice-pr\u00e9sident.<\/p>\n\n<h3 class=\"wp-block-heading has-text-color has-link-color wp-elements-7f37a6dcdbeeeeefe948d1f8f4f90919\" style=\"color:#2894bf\">R\u00f4les du pr\u00e9sident et du vice-pr\u00e9sident de l&rsquo;AG<\/h3>\n\n<p>Le pr\u00e9sident de l&rsquo;AG pr\u00e9side les r\u00e9unions de l&rsquo;AG et est assist\u00e9 par le vice-pr\u00e9sident, qui peut remplacer le pr\u00e9sident en cas de besoin. Ils doivent : <\/p>\n\n<ul class=\"wp-block-list\">\n<li>Conseiller, au nom de l&rsquo;AG, le CS et le secr\u00e9tariat sur la mani\u00e8re dont les d\u00e9cisions de l&rsquo;AG doivent \u00eatre mises en \u0153uvre entre les r\u00e9unions de l&rsquo;AG ;<\/li>\n\n\n\n<li>Repr\u00e9senter l&rsquo;initiative PREZODE lors de r\u00e9unions, dans le cadre de relations bilat\u00e9rales et multilat\u00e9rales ;<\/li>\n\n\n\n<li>Contribuer au prestige et \u00e0 l&rsquo;influence de PREZODE sur la sc\u00e8ne internationale ;<\/li>\n\n\n\n<li>Faciliter les contacts avec les gouvernements et les organisations r\u00e9gionales et internationales au plus haut niveau.<\/li>\n<\/ul>\n\n<h3 class=\"wp-block-heading has-text-color has-link-color wp-elements-4fa0dafc4c6630eb3d4da045899d5f80\" style=\"color:#2894bf\">\u00c9lection<\/h3>\n\n<p>Le pr\u00e9sident et le vice-pr\u00e9sident sont \u00e9lus par les membres de l&rsquo;AG parmi les repr\u00e9sentants des pays signataires pour un mandat de deux ans. \u00c0 la fin de ce mandat, le vice-pr\u00e9sident assume le r\u00f4le de pr\u00e9sident et un nouveau vice-pr\u00e9sident est \u00e9lu.<br \/>Le pr\u00e9sident et le vice-pr\u00e9sident de la premi\u00e8re AG seront d\u00e9sign\u00e9s parmi les premiers pays signataires. Le secr\u00e9tariat organisera ensuite l&rsquo;\u00e9lection du pr\u00e9sident et du vice-pr\u00e9sident de l&rsquo;AG suivante dans un d\u00e9lai d&rsquo;un an.  <\/p>\n\n<h3 class=\"wp-block-heading has-text-color has-link-color wp-elements-a4e15d2d9d1bfa26362333057b849c2f\" style=\"color:#2894bf\">R\u00e9unions<\/h3>\n\n<p>L&rsquo;AG se r\u00e9unit au moins une fois par an, mais peut \u00e9galement organiser des r\u00e9unions extraordinaires, en personne ou virtuellement, sur convocation du Secr\u00e9tariat.<br \/>La r\u00e9union annuelle de l&rsquo;AG peut \u00eatre organis\u00e9e par le pays qui assure la pr\u00e9sidence ou la vice-pr\u00e9sidence, ou par tout pays membre qui le souhaite.<br \/>Les membres de l&rsquo;AG peuvent proposer des points \u00e0 inscrire \u00e0 l&rsquo;ordre du jour et \u00e0 mettre aux voix. Le projet d&rsquo;ordre du jour de la r\u00e9union de l&rsquo;AG sera diffus\u00e9 \u00e0 l&rsquo;avance et le secr\u00e9tariat fournira la documentation de la r\u00e9union par la suite. <\/p>\n\n<h3 class=\"wp-block-heading has-text-color has-link-color wp-elements-102abc2f072436f262f379846af87c53\" style=\"color:#2894bf\">Proc\u00e9dure et droits de vote<\/h3>\n\n<p>Chaque membre de l&rsquo;AG dispose d&rsquo;une voix. Toutes les d\u00e9cisions sont prises par consensus dans la mesure du possible. S&rsquo;il n&rsquo;est pas possible de parvenir \u00e0 un consensus, les d\u00e9cisions peuvent \u00eatre prises \u00e0 la majorit\u00e9 simple, avec un quorum de 50 % des membres ;  <\/p>\n\n<p><\/p>\n\n<p><\/p>\n\n<div data-wp-interactive=\"core\/file\" class=\"wp-block-file\"><object data-wp-bind--hidden=\"!state.hasPdfPreview\" hidden class=\"wp-block-file__embed\" data=\"https:\/\/prezode-initiative.org\/wp-content\/uploads\/2025\/07\/PREZODE_ToR-adopted-2022.pdf\" type=\"application\/pdf\" style=\"width:100%;height:600px\" aria-label=\"Contenu embarqu\u00e9 PREZODE_ToR adopted-2022.\"><\/object><a id=\"wp-block-file--media-69e64dbc-7571-45b3-994a-68e2e68a8b0e\" href=\"https:\/\/prezode-initiative.org\/wp-content\/uploads\/2025\/07\/PREZODE_ToR-adopted-2022.pdf\">PREZODE_ToR adopt\u00e9-2022<\/a><a href=\"https:\/\/prezode-initiative.org\/wp-content\/uploads\/2025\/07\/PREZODE_ToR-adopted-2022.pdf\" class=\"wp-block-file__button wp-element-button\" aria-describedby=\"wp-block-file--media-69e64dbc-7571-45b3-994a-68e2e68a8b0e\">T\u00e9l\u00e9charger<\/a><\/div>\n\n<p><\/p>\n\n<p><\/p>\n\n<p><\/p>\n","protected":false},"excerpt":{"rendered":"<p>L&rsquo;AG, qui r\u00e9unit les repr\u00e9sentants des membres du PREZODE, est charg\u00e9e d&rsquo;examiner et d&rsquo;adopter la strat\u00e9gie et les r\u00e9sultats de l&rsquo;initiative, qui sont \u00e9labor\u00e9s sur la base des propositions du CS. Le secr\u00e9tariat soutient ces organes et coordonne et met en \u0153uvre les activit\u00e9s quotidiennes de l&rsquo;initiative PREZODE. Objectifs et activit\u00e9s L&rsquo;Assembl\u00e9e g\u00e9n\u00e9rale (AG) est<a href=\"https:\/\/prezode-initiative.org\/fr\/role-et-responsabilites-de-lassemblee-generale\/\">Continue reading <span class=\"sr-only\">\u00ab\u00a0R\u00f4le et responsabilit\u00e9s de l&rsquo;Assembl\u00e9e g\u00e9n\u00e9rale\u00a0\u00bb<\/span><\/a><\/p>\n","protected":false},"author":1,"featured_media":0,"parent":0,"menu_order":0,"comment_status":"closed","ping_status":"closed","template":"template-pages\/article-page.php","meta":{"_acf_changed":false,"footnotes":""},"class_list":["post-5167","page","type-page","status-publish","hentry"],"acf":[],"yoast_head":"<!-- This site is optimized with the Yoast SEO plugin v27.6 - https:\/\/yoast.com\/product\/yoast-seo-wordpress\/ -->\n<title>R\u00f4le et responsabilit\u00e9s de l&#039;Assembl\u00e9e g\u00e9n\u00e9rale - Prezode.<\/title>\n<meta name=\"description\" content=\"L&#039;Assembl\u00e9e g\u00e9n\u00e9rale (AG) examine et adopte la strat\u00e9gie et les r\u00e9sultats de l&#039;initiative sur la base des propositions \u00e9labor\u00e9es par le comit\u00e9 de pilotage.\" \/>\n<meta name=\"robots\" content=\"index, follow, max-snippet:-1, max-image-preview:large, max-video-preview:-1\" \/>\n<link rel=\"canonical\" href=\"https:\/\/prezode-initiative.org\/fr\/role-et-responsabilites-de-lassemblee-generale\/\" \/>\n<meta property=\"og:locale\" content=\"fr_FR\" \/>\n<meta property=\"og:type\" content=\"article\" \/>\n<meta property=\"og:title\" content=\"R\u00f4le et responsabilit\u00e9s de l&#039;Assembl\u00e9e g\u00e9n\u00e9rale - Prezode.\" \/>\n<meta property=\"og:description\" content=\"L&#039;Assembl\u00e9e g\u00e9n\u00e9rale (AG) examine et adopte la strat\u00e9gie et les r\u00e9sultats de l&#039;initiative sur la base des propositions \u00e9labor\u00e9es par le comit\u00e9 de pilotage.\" \/>\n<meta property=\"og:url\" content=\"https:\/\/prezode-initiative.org\/fr\/role-et-responsabilites-de-lassemblee-generale\/\" \/>\n<meta property=\"og:site_name\" content=\"Prezode\" \/>\n<meta property=\"article:modified_time\" content=\"2026-03-25T16:33:44+00:00\" \/>\n<meta name=\"twitter:card\" content=\"summary_large_image\" \/>\n<meta name=\"twitter:label1\" content=\"Dur\u00e9e de lecture estim\u00e9e\" \/>\n\t<meta name=\"twitter:data1\" content=\"3 minute\" \/>\n<script type=\"application\/ld+json\" class=\"yoast-schema-graph\">{\"@context\":\"https:\\\/\\\/schema.org\",\"@graph\":[{\"@type\":\"WebPage\",\"@id\":\"https:\\\/\\\/prezode-initiative.org\\\/fr\\\/role-et-responsabilites-de-lassemblee-generale\\\/\",\"url\":\"https:\\\/\\\/prezode-initiative.org\\\/fr\\\/role-et-responsabilites-de-lassemblee-generale\\\/\",\"name\":\"R\u00f4le et responsabilit\u00e9s de l'Assembl\u00e9e g\u00e9n\u00e9rale - Prezode.\",\"isPartOf\":{\"@id\":\"https:\\\/\\\/prezode-initiative.org\\\/fr\\\/#website\"},\"datePublished\":\"2025-03-13T10:41:03+00:00\",\"dateModified\":\"2026-03-25T16:33:44+00:00\",\"description\":\"L'Assembl\u00e9e g\u00e9n\u00e9rale (AG) examine et adopte la strat\u00e9gie et les r\u00e9sultats de l'initiative sur la base des propositions \u00e9labor\u00e9es par le comit\u00e9 de pilotage.\",\"breadcrumb\":{\"@id\":\"https:\\\/\\\/prezode-initiative.org\\\/fr\\\/role-et-responsabilites-de-lassemblee-generale\\\/#breadcrumb\"},\"inLanguage\":\"fr-FR\",\"potentialAction\":[{\"@type\":\"ReadAction\",\"target\":[\"https:\\\/\\\/prezode-initiative.org\\\/fr\\\/role-et-responsabilites-de-lassemblee-generale\\\/\"]}]},{\"@type\":\"BreadcrumbList\",\"@id\":\"https:\\\/\\\/prezode-initiative.org\\\/fr\\\/role-et-responsabilites-de-lassemblee-generale\\\/#breadcrumb\",\"itemListElement\":[{\"@type\":\"ListItem\",\"position\":1,\"name\":\"Home\",\"item\":\"https:\\\/\\\/prezode-initiative.org\\\/fr\\\/\"},{\"@type\":\"ListItem\",\"position\":2,\"name\":\"R\u00f4le et responsabilit\u00e9s de l&rsquo;Assembl\u00e9e g\u00e9n\u00e9rale\"}]},{\"@type\":\"WebSite\",\"@id\":\"https:\\\/\\\/prezode-initiative.org\\\/fr\\\/#website\",\"url\":\"https:\\\/\\\/prezode-initiative.org\\\/fr\\\/\",\"name\":\"Prezode\",\"description\":\"\",\"publisher\":{\"@id\":\"https:\\\/\\\/prezode-initiative.org\\\/fr\\\/#organization\"},\"potentialAction\":[{\"@type\":\"SearchAction\",\"target\":{\"@type\":\"EntryPoint\",\"urlTemplate\":\"https:\\\/\\\/prezode-initiative.org\\\/fr\\\/?s={search_term_string}\"},\"query-input\":{\"@type\":\"PropertyValueSpecification\",\"valueRequired\":true,\"valueName\":\"search_term_string\"}}],\"inLanguage\":\"fr-FR\"},{\"@type\":\"Organization\",\"@id\":\"https:\\\/\\\/prezode-initiative.org\\\/fr\\\/#organization\",\"name\":\"Prezode\",\"url\":\"https:\\\/\\\/prezode-initiative.org\\\/fr\\\/\",\"logo\":{\"@type\":\"ImageObject\",\"inLanguage\":\"fr-FR\",\"@id\":\"https:\\\/\\\/prezode-initiative.org\\\/fr\\\/#\\\/schema\\\/logo\\\/image\\\/\",\"url\":\"https:\\\/\\\/prezode-initiative.org\\\/wp-content\\\/uploads\\\/2025\\\/02\\\/logo.png\",\"contentUrl\":\"https:\\\/\\\/prezode-initiative.org\\\/wp-content\\\/uploads\\\/2025\\\/02\\\/logo.png\",\"width\":168,\"height\":118,\"caption\":\"Prezode\"},\"image\":{\"@id\":\"https:\\\/\\\/prezode-initiative.org\\\/fr\\\/#\\\/schema\\\/logo\\\/image\\\/\"}}]}<\/script>\n<!-- \/ Yoast SEO plugin. -->","yoast_head_json":{"title":"R\u00f4le et responsabilit\u00e9s de l'Assembl\u00e9e g\u00e9n\u00e9rale - Prezode.","description":"L'Assembl\u00e9e g\u00e9n\u00e9rale (AG) examine et adopte la strat\u00e9gie et les r\u00e9sultats de l'initiative sur la base des propositions \u00e9labor\u00e9es par le comit\u00e9 de pilotage.","robots":{"index":"index","follow":"follow","max-snippet":"max-snippet:-1","max-image-preview":"max-image-preview:large","max-video-preview":"max-video-preview:-1"},"canonical":"https:\/\/prezode-initiative.org\/fr\/role-et-responsabilites-de-lassemblee-generale\/","og_locale":"fr_FR","og_type":"article","og_title":"R\u00f4le et responsabilit\u00e9s de l'Assembl\u00e9e g\u00e9n\u00e9rale - Prezode.","og_description":"L'Assembl\u00e9e g\u00e9n\u00e9rale (AG) examine et adopte la strat\u00e9gie et les r\u00e9sultats de l'initiative sur la base des propositions \u00e9labor\u00e9es par le comit\u00e9 de pilotage.","og_url":"https:\/\/prezode-initiative.org\/fr\/role-et-responsabilites-de-lassemblee-generale\/","og_site_name":"Prezode","article_modified_time":"2026-03-25T16:33:44+00:00","twitter_card":"summary_large_image","twitter_misc":{"Dur\u00e9e de lecture estim\u00e9e":"3 minute"},"schema":{"@context":"https:\/\/schema.org","@graph":[{"@type":"WebPage","@id":"https:\/\/prezode-initiative.org\/fr\/role-et-responsabilites-de-lassemblee-generale\/","url":"https:\/\/prezode-initiative.org\/fr\/role-et-responsabilites-de-lassemblee-generale\/","name":"R\u00f4le et responsabilit\u00e9s de l'Assembl\u00e9e g\u00e9n\u00e9rale - Prezode.","isPartOf":{"@id":"https:\/\/prezode-initiative.org\/fr\/#website"},"datePublished":"2025-03-13T10:41:03+00:00","dateModified":"2026-03-25T16:33:44+00:00","description":"L'Assembl\u00e9e g\u00e9n\u00e9rale (AG) examine et adopte la strat\u00e9gie et les r\u00e9sultats de l'initiative sur la base des propositions \u00e9labor\u00e9es par le comit\u00e9 de pilotage.","breadcrumb":{"@id":"https:\/\/prezode-initiative.org\/fr\/role-et-responsabilites-de-lassemblee-generale\/#breadcrumb"},"inLanguage":"fr-FR","potentialAction":[{"@type":"ReadAction","target":["https:\/\/prezode-initiative.org\/fr\/role-et-responsabilites-de-lassemblee-generale\/"]}]},{"@type":"BreadcrumbList","@id":"https:\/\/prezode-initiative.org\/fr\/role-et-responsabilites-de-lassemblee-generale\/#breadcrumb","itemListElement":[{"@type":"ListItem","position":1,"name":"Home","item":"https:\/\/prezode-initiative.org\/fr\/"},{"@type":"ListItem","position":2,"name":"R\u00f4le et responsabilit\u00e9s de l&rsquo;Assembl\u00e9e g\u00e9n\u00e9rale"}]},{"@type":"WebSite","@id":"https:\/\/prezode-initiative.org\/fr\/#website","url":"https:\/\/prezode-initiative.org\/fr\/","name":"Prezode","description":"","publisher":{"@id":"https:\/\/prezode-initiative.org\/fr\/#organization"},"potentialAction":[{"@type":"SearchAction","target":{"@type":"EntryPoint","urlTemplate":"https:\/\/prezode-initiative.org\/fr\/?s={search_term_string}"},"query-input":{"@type":"PropertyValueSpecification","valueRequired":true,"valueName":"search_term_string"}}],"inLanguage":"fr-FR"},{"@type":"Organization","@id":"https:\/\/prezode-initiative.org\/fr\/#organization","name":"Prezode","url":"https:\/\/prezode-initiative.org\/fr\/","logo":{"@type":"ImageObject","inLanguage":"fr-FR","@id":"https:\/\/prezode-initiative.org\/fr\/#\/schema\/logo\/image\/","url":"https:\/\/prezode-initiative.org\/wp-content\/uploads\/2025\/02\/logo.png","contentUrl":"https:\/\/prezode-initiative.org\/wp-content\/uploads\/2025\/02\/logo.png","width":168,"height":118,"caption":"Prezode"},"image":{"@id":"https:\/\/prezode-initiative.org\/fr\/#\/schema\/logo\/image\/"}}]}},"_links":{"self":[{"href":"https:\/\/prezode-initiative.org\/fr\/wp-json\/wp\/v2\/pages\/5167","targetHints":{"allow":["GET"]}}],"collection":[{"href":"https:\/\/prezode-initiative.org\/fr\/wp-json\/wp\/v2\/pages"}],"about":[{"href":"https:\/\/prezode-initiative.org\/fr\/wp-json\/wp\/v2\/types\/page"}],"author":[{"embeddable":true,"href":"https:\/\/prezode-initiative.org\/fr\/wp-json\/wp\/v2\/users\/1"}],"replies":[{"embeddable":true,"href":"https:\/\/prezode-initiative.org\/fr\/wp-json\/wp\/v2\/comments?post=5167"}],"version-history":[{"count":2,"href":"https:\/\/prezode-initiative.org\/fr\/wp-json\/wp\/v2\/pages\/5167\/revisions"}],"predecessor-version":[{"id":5175,"href":"https:\/\/prezode-initiative.org\/fr\/wp-json\/wp\/v2\/pages\/5167\/revisions\/5175"}],"wp:attachment":[{"href":"https:\/\/prezode-initiative.org\/fr\/wp-json\/wp\/v2\/media?parent=5167"}],"curies":[{"name":"wp","href":"https:\/\/api.w.org\/{rel}","templated":true}]}}