{"id":4980,"date":"2025-03-11T11:11:34","date_gmt":"2025-03-11T10:11:34","guid":{"rendered":"https:\/\/prezode-initiative.org\/vision-mission-et-valeurs\/"},"modified":"2026-03-25T17:33:33","modified_gmt":"2026-03-25T16:33:33","slug":"vision-mission-et-valeurs","status":"publish","type":"page","link":"https:\/\/prezode-initiative.org\/fr\/vision-mission-et-valeurs\/","title":{"rendered":"Vision, Mission et Valeurs"},"content":{"rendered":"\n<h2 class=\"wp-block-heading\"><strong>L&rsquo;Initiative forme un r\u00e9seau pour faciliter et renforcer les interactions entre les organisations membres. L&rsquo;adh\u00e9sion est fond\u00e9e sur des principes de compr\u00e9hension mutuelle et de collaboration. <\/strong><\/h2>\n\n<p><\/p>\n\n<p><\/p>\n\n<h2 class=\"wp-block-heading alignwide has-pz-dark-blue-color has-text-color has-link-color wp-elements-0a138db8f07ec6993e15e6ffca040830\"><strong>Vision et mission<\/strong><br\/><\/h2>\n\n<p>PREZODE envisage un monde o\u00f9 le risque de nouvelles pand\u00e9mies zoonotiques est r\u00e9duit, o\u00f9 les pratiques de gestion des terres sont durables, et o\u00f9 la s\u00e9curit\u00e9 alimentaire, les r\u00e9gimes alimentaires sains et les moyens de subsistance sont pr\u00e9serv\u00e9s gr\u00e2ce \u00e0 la coordination des programmes de recherche, au partage des connaissances et au d\u00e9ploiement de politiques op\u00e9rationnelles efficaces et pertinentes.<\/p>\n\n<h3 class=\"wp-block-heading has-tertiary-color has-text-color has-link-color wp-elements-a54dd302fe90df2f71fb5f91b6072c18\"><strong>Un cadre partag\u00e9 pour favoriser la collaboration et l&rsquo;impact<\/strong><\/h3>\n\n<p><\/p>\n\n<p>PREZODE propose un<a href=\"https:\/\/prezode-initiative.org\/fr\/lagenda-strategique\/\"> cadre scientifique<\/a> pour mener des projets de recherche et op\u00e9rationnels, et pour d\u00e9velopper et coordonner des syst\u00e8mes de surveillance afin de pr\u00e9venir les risques zoonotiques, le tout avec l&rsquo;objectif global de maximiser leur impact. Pour atteindre cet objectif, l&rsquo;initiative s&rsquo;appuie sur des programmes conjoints entre les membres, la collaboration avec des partenaires internationaux et l&rsquo;obtention de financements pour garantir la durabilit\u00e9 de l&rsquo;approche. <\/p>\n\n<p><\/p>\n\n<h3 class=\"wp-block-heading has-tertiary-color has-text-color has-link-color wp-elements-92aff4577d4b16fcccc46b233cce94d0\">Renforcement des connaissances<\/h3>\n\n<p><\/p>\n\n<p>PREZODE d\u00e9veloppe une plateforme collaborative pour partager les connaissances issues de projets pass\u00e9s, actuels et futurs, et pour capitaliser sur les activit\u00e9s dans diff\u00e9rentes r\u00e9gions du monde. Elle vise \u00e0 renforcer et int\u00e9grer les connaissances, l&rsquo;innovation, le renforcement des capacit\u00e9s et les actions op\u00e9rationnelles cherchant \u00e0 la fois \u00e0 r\u00e9duire les risques et \u00e0 d\u00e9tecter rapidement l&rsquo;\u00e9mergence de maladies zoonotiques aux niveaux national, r\u00e9gional et mondial. <\/p>\n\n<p><\/p>\n\n<h3 class=\"wp-block-heading has-tertiary-color has-text-color has-link-color wp-elements-61357fb80bf8986ad215758fd185ee68\">Un centre de ressources<br\/><\/h3>\n\n<p>PREZODE entend \u00eatre un centre de ressources fournissant aux d\u00e9cideurs des outils et des informations pour permettre des politiques publiques fond\u00e9es sur des preuves. PREZODE mettra en avant des exemples locaux de strat\u00e9gies de gestion des \u00e9cosyst\u00e8mes pour r\u00e9duire les risques d&rsquo;\u00e9mergence zoonotique et encourager la durabilit\u00e9 \u00e9conomique. D&rsquo;ici 2030, PREZODE vise \u00e0 avoir invers\u00e9 la tendance actuelle \u00e0 la hausse des zoonoses \u00e9mergentes gr\u00e2ce \u00e0 des actions pr\u00e9ventives con\u00e7ues conjointement avec toutes les parties prenantes concern\u00e9es.  <\/p>\n\n<p><\/p>\n\n<p><\/p>\n\n<h2 class=\"wp-block-heading alignwide has-pz-dark-blue-color has-text-color has-link-color wp-elements-bdff453d2008aa56716014d844e356a1\">Valeurs fondamentales<\/h2>\n\n<h4 class=\"wp-block-heading has-tertiary-color has-text-color has-link-color wp-elements-7beb96972b6ef51458b04a71551f7d4c\"><strong>En signant la D\u00e9claration d&rsquo;intention, les membres de PREZODE s&rsquo;engagent \u00e0 :<\/strong><\/h4>\n\n<ul class=\"wp-block-list\">\n<li>Reconna\u00eetre que 75 % des maladies infectieuses \u00e9mergentes sont d&rsquo;origine zoonotique et que les \u00e9v\u00e9nements d&rsquo;\u00e9mergence de maladies s&rsquo;acc\u00e9l\u00e8rent, principalement en raison des impacts humains sur la nature.<\/li>\n\n\n\n<li>Reconna\u00eetre la complexit\u00e9 des relations existantes entre l&rsquo;utilisation des terres, les syst\u00e8mes alimentaires et la sant\u00e9 environnementale, humaine et animale, et en particulier la n\u00e9cessit\u00e9 de d\u00e9m\u00ealer le lien entre les pressions sur la biodiversit\u00e9 et les maladies infectieuses \u00e9mergentes.<\/li>\n\n\n\n<li>Constater que les strat\u00e9gies de pr\u00e9paration ne sont pas principalement con\u00e7ues pour pr\u00e9venir les pand\u00e9mies.<\/li>\n\n\n\n<li>Souligner la n\u00e9cessit\u00e9 d&rsquo;att\u00e9nuer les risques d&rsquo;\u00e9mergence de maladies zoonotiques.<\/li>\n\n\n\n<li>Souligner la n\u00e9cessit\u00e9 de pr\u00e9venir les pand\u00e9mies avant qu&rsquo;elles n&rsquo;\u00e9mergent, tout en assurant la s\u00e9curit\u00e9 alimentaire et nutritionnelle, en s&rsquo;adaptant au changement climatique, en pr\u00e9servant la biodiversit\u00e9 et les ressources naturelles, et en r\u00e9duisant la pauvret\u00e9.<\/li>\n\n\n\n<li>Souligner la n\u00e9cessit\u00e9 d&rsquo;am\u00e9liorer les connaissances et de d\u00e9velopper des outils fiables en impliquant toutes les parties prenantes int\u00e9ress\u00e9es et concern\u00e9es.<\/li>\n\n\n\n<li>Reconna\u00eetre le besoin de syst\u00e8mes d&rsquo;alerte pr\u00e9coce efficaces pour la d\u00e9tection et les actions rapides afin de r\u00e9pondre \u00e0 l&rsquo;\u00e9mergence tant au niveau local que mondial.<\/li>\n\n\n\n<li>Souligner la n\u00e9cessit\u00e9 d&rsquo;un suivi robuste et participatif des risques d&rsquo;\u00e9mergence, soutenu par la recherche et impliquant toutes les parties prenantes, les acteurs de recherche et de terrain, les d\u00e9cideurs et la soci\u00e9t\u00e9 civile \u00e0 travers une approche \u00ab One Health \u00bb.<\/li>\n\n\n\n<li>Mettre en avant le r\u00f4le des communaut\u00e9s locales et de toutes les parties prenantes en sant\u00e9 environnementale, animale et humaine dans la r\u00e9duction des risques d&rsquo;\u00e9mergence de maladies infectieuses par leur sensibilisation et leur engagement.<\/li>\n\n\n\n<li>Appeler \u00e0 une action concert\u00e9e et \u00e0 une utilisation efficace des m\u00e9canismes et ressources financiers existants pour intensifier et int\u00e9grer la recherche, l&rsquo;innovation, le renforcement des capacit\u00e9s et les actions op\u00e9rationnelles visant \u00e0 r\u00e9duire le risque d&rsquo;\u00e9mergence de maladies zoonotiques.<\/li>\n<\/ul>\n\n<h4 class=\"wp-block-heading has-tertiary-color has-text-color has-link-color wp-elements-1af27231f9da45ffbfdef3e770af5721\"><strong>Les membres de PREZODE reconnaissent, chacun au regard de leurs missions et mandats, la n\u00e9cessit\u00e9 de :<\/strong><\/h4>\n\n<ul class=\"wp-block-list\">\n<li>D\u00e9velopper et promouvoir l&rsquo;application de lignes directrices align\u00e9es sur l&rsquo;Agenda 2030 et soutenant l&rsquo;att\u00e9nuation des risques d&rsquo;\u00e9mergence de maladies zoonotiques afin de renforcer les politiques publiques, la coop\u00e9ration internationale et les actions du secteur priv\u00e9.<\/li>\n\n\n\n<li>Favoriser la coop\u00e9ration entre et au sein des initiatives One Health existantes ou connexes, en particulier avec le Panel d&rsquo;experts de haut niveau One Health, et sensibiliser \u00e0 l&rsquo;importance de l&rsquo;approche One Health.<\/li>\n\n\n\n<li>Encourager le lancement de programmes de recherche, d&rsquo;innovation, d&rsquo;\u00e9ducation et de d\u00e9veloppement pour am\u00e9liorer et partager plus efficacement les connaissances sur les risques d&rsquo;\u00e9mergence et de propagation des maladies zoonotiques, et sur les actions de surveillance et d&rsquo;att\u00e9nuation.<\/li>\n\n\n\n<li>Capitaliser sur les retours d&rsquo;exp\u00e9rience de la gestion d&rsquo;\u00e9v\u00e9nements \u00e9pid\u00e9miques pr\u00e9c\u00e9dents pour renforcer les nouveaux protocoles de pr\u00e9paration.<\/li>\n\n\n\n<li>\u00c9valuer ex ante les impacts des projets agricoles, d&rsquo;utilisation des terres et de d\u00e9veloppement d&rsquo;infrastructures sur les risques d&rsquo;\u00e9mergence de maladies pour les humains, le b\u00e9tail et la faune sauvage.<\/li>\n\n\n\n<li>D\u00e9velopper des strat\u00e9gies de pr\u00e9vention avec les parties prenantes, en particulier les communaut\u00e9s locales et les d\u00e9cideurs, \u00e0 travers une approche ascendante.<\/li>\n\n\n\n<li>Promouvoir une agriculture durable, des syst\u00e8mes alimentaires et une gestion du paysage respectant l&rsquo;approche One Health et contribuant au renforcement de la biodiversit\u00e9.<\/li>\n\n\n\n<li>Am\u00e9liorer les syst\u00e8mes de surveillance et d&rsquo;\u00e9valuation pr\u00e9coce des menaces \u00e0 l&rsquo;interface humain-faune sauvage-environnement.<\/li>\n\n\n\n<li>Soutenir les approches participatives pour assurer l&rsquo;autonomisation des communaut\u00e9s dans le d\u00e9veloppement de solutions innovantes et leur adoption au b\u00e9n\u00e9fice de tous.<\/li>\n\n\n\n<li>Assurer la durabilit\u00e9 des actions, en particulier par le renforcement des capacit\u00e9s \u00e0 long terme avec la formation de formateurs et les programmes \u00e9ducatifs.<\/li>\n\n\n\n<li>Partager nos projets, actions, exp\u00e9riences et r\u00e9sultats \u00e0 travers une plateforme commune, et organiser des r\u00e9unions r\u00e9guli\u00e8res de discussion et de capitalisation avec le soutien de la communaut\u00e9 scientifique internationale.<\/li>\n\n\n\n<li>Promouvoir les bonnes pratiques en mati\u00e8re de partenariats public-priv\u00e9 et de collaboration intersectorielle dans une approche One Health int\u00e9gr\u00e9e.<\/li>\n<\/ul>\n","protected":false},"excerpt":{"rendered":"<p>L&rsquo;Initiative forme un r\u00e9seau pour faciliter et renforcer les interactions entre les organisations membres. L&rsquo;adh\u00e9sion est fond\u00e9e sur des principes de compr\u00e9hension mutuelle et de collaboration. Vision et mission PREZODE envisage un monde o\u00f9 le risque de nouvelles pand\u00e9mies zoonotiques est r\u00e9duit, o\u00f9 les pratiques de gestion des terres sont durables, et o\u00f9 la s\u00e9curit\u00e9<a href=\"https:\/\/prezode-initiative.org\/fr\/vision-mission-et-valeurs\/\">Continue reading <span class=\"sr-only\">\u00ab\u00a0Vision, Mission et Valeurs\u00a0\u00bb<\/span><\/a><\/p>\n","protected":false},"author":1,"featured_media":0,"parent":0,"menu_order":0,"comment_status":"closed","ping_status":"closed","template":"template-pages\/article-page.php","meta":{"_acf_changed":false,"footnotes":""},"class_list":["post-4980","page","type-page","status-publish","hentry"],"acf":[],"yoast_head":"<!-- This site is optimized with the Yoast SEO plugin v27.6 - https:\/\/yoast.com\/product\/yoast-seo-wordpress\/ -->\n<title>Vision, Mission et Valeurs - Prezode.<\/title>\n<meta name=\"robots\" content=\"index, follow, max-snippet:-1, max-image-preview:large, max-video-preview:-1\" \/>\n<link rel=\"canonical\" href=\"https:\/\/prezode-initiative.org\/fr\/vision-mission-et-valeurs\/\" \/>\n<meta property=\"og:locale\" content=\"fr_FR\" \/>\n<meta property=\"og:type\" content=\"article\" \/>\n<meta property=\"og:title\" content=\"Vision, Mission et Valeurs - Prezode.\" \/>\n<meta property=\"og:description\" content=\"L&rsquo;Initiative forme un r\u00e9seau pour faciliter et renforcer les interactions entre les organisations membres. L&rsquo;adh\u00e9sion est fond\u00e9e sur des principes de compr\u00e9hension mutuelle et de collaboration. Vision et mission PREZODE envisage un monde o\u00f9 le risque de nouvelles pand\u00e9mies zoonotiques est r\u00e9duit, o\u00f9 les pratiques de gestion des terres sont durables, et o\u00f9 la s\u00e9curit\u00e9Continue reading &quot;Vision, Mission et Valeurs&quot;\" \/>\n<meta property=\"og:url\" content=\"https:\/\/prezode-initiative.org\/fr\/vision-mission-et-valeurs\/\" \/>\n<meta property=\"og:site_name\" content=\"Prezode\" \/>\n<meta property=\"article:modified_time\" content=\"2026-03-25T16:33:33+00:00\" \/>\n<meta name=\"twitter:card\" content=\"summary_large_image\" \/>\n<meta name=\"twitter:label1\" content=\"Dur\u00e9e de lecture estim\u00e9e\" \/>\n\t<meta name=\"twitter:data1\" content=\"5 minute\" \/>\n<script type=\"application\/ld+json\" class=\"yoast-schema-graph\">{\"@context\":\"https:\\\/\\\/schema.org\",\"@graph\":[{\"@type\":\"WebPage\",\"@id\":\"https:\\\/\\\/prezode-initiative.org\\\/fr\\\/vision-mission-et-valeurs\\\/\",\"url\":\"https:\\\/\\\/prezode-initiative.org\\\/fr\\\/vision-mission-et-valeurs\\\/\",\"name\":\"Vision, Mission et Valeurs - Prezode.\",\"isPartOf\":{\"@id\":\"https:\\\/\\\/prezode-initiative.org\\\/fr\\\/#website\"},\"datePublished\":\"2025-03-11T10:11:34+00:00\",\"dateModified\":\"2026-03-25T16:33:33+00:00\",\"breadcrumb\":{\"@id\":\"https:\\\/\\\/prezode-initiative.org\\\/fr\\\/vision-mission-et-valeurs\\\/#breadcrumb\"},\"inLanguage\":\"fr-FR\",\"potentialAction\":[{\"@type\":\"ReadAction\",\"target\":[\"https:\\\/\\\/prezode-initiative.org\\\/fr\\\/vision-mission-et-valeurs\\\/\"]}]},{\"@type\":\"BreadcrumbList\",\"@id\":\"https:\\\/\\\/prezode-initiative.org\\\/fr\\\/vision-mission-et-valeurs\\\/#breadcrumb\",\"itemListElement\":[{\"@type\":\"ListItem\",\"position\":1,\"name\":\"Home\",\"item\":\"https:\\\/\\\/prezode-initiative.org\\\/fr\\\/\"},{\"@type\":\"ListItem\",\"position\":2,\"name\":\"Vision, Mission et Valeurs\"}]},{\"@type\":\"WebSite\",\"@id\":\"https:\\\/\\\/prezode-initiative.org\\\/fr\\\/#website\",\"url\":\"https:\\\/\\\/prezode-initiative.org\\\/fr\\\/\",\"name\":\"Prezode\",\"description\":\"\",\"publisher\":{\"@id\":\"https:\\\/\\\/prezode-initiative.org\\\/fr\\\/#organization\"},\"potentialAction\":[{\"@type\":\"SearchAction\",\"target\":{\"@type\":\"EntryPoint\",\"urlTemplate\":\"https:\\\/\\\/prezode-initiative.org\\\/fr\\\/?s={search_term_string}\"},\"query-input\":{\"@type\":\"PropertyValueSpecification\",\"valueRequired\":true,\"valueName\":\"search_term_string\"}}],\"inLanguage\":\"fr-FR\"},{\"@type\":\"Organization\",\"@id\":\"https:\\\/\\\/prezode-initiative.org\\\/fr\\\/#organization\",\"name\":\"Prezode\",\"url\":\"https:\\\/\\\/prezode-initiative.org\\\/fr\\\/\",\"logo\":{\"@type\":\"ImageObject\",\"inLanguage\":\"fr-FR\",\"@id\":\"https:\\\/\\\/prezode-initiative.org\\\/fr\\\/#\\\/schema\\\/logo\\\/image\\\/\",\"url\":\"https:\\\/\\\/prezode-initiative.org\\\/wp-content\\\/uploads\\\/2025\\\/02\\\/logo.png\",\"contentUrl\":\"https:\\\/\\\/prezode-initiative.org\\\/wp-content\\\/uploads\\\/2025\\\/02\\\/logo.png\",\"width\":168,\"height\":118,\"caption\":\"Prezode\"},\"image\":{\"@id\":\"https:\\\/\\\/prezode-initiative.org\\\/fr\\\/#\\\/schema\\\/logo\\\/image\\\/\"}}]}<\/script>\n<!-- \/ Yoast SEO plugin. -->","yoast_head_json":{"title":"Vision, Mission et Valeurs - Prezode.","robots":{"index":"index","follow":"follow","max-snippet":"max-snippet:-1","max-image-preview":"max-image-preview:large","max-video-preview":"max-video-preview:-1"},"canonical":"https:\/\/prezode-initiative.org\/fr\/vision-mission-et-valeurs\/","og_locale":"fr_FR","og_type":"article","og_title":"Vision, Mission et Valeurs - Prezode.","og_description":"L&rsquo;Initiative forme un r\u00e9seau pour faciliter et renforcer les interactions entre les organisations membres. L&rsquo;adh\u00e9sion est fond\u00e9e sur des principes de compr\u00e9hension mutuelle et de collaboration. Vision et mission PREZODE envisage un monde o\u00f9 le risque de nouvelles pand\u00e9mies zoonotiques est r\u00e9duit, o\u00f9 les pratiques de gestion des terres sont durables, et o\u00f9 la s\u00e9curit\u00e9Continue reading \"Vision, Mission et Valeurs\"","og_url":"https:\/\/prezode-initiative.org\/fr\/vision-mission-et-valeurs\/","og_site_name":"Prezode","article_modified_time":"2026-03-25T16:33:33+00:00","twitter_card":"summary_large_image","twitter_misc":{"Dur\u00e9e de lecture estim\u00e9e":"5 minute"},"schema":{"@context":"https:\/\/schema.org","@graph":[{"@type":"WebPage","@id":"https:\/\/prezode-initiative.org\/fr\/vision-mission-et-valeurs\/","url":"https:\/\/prezode-initiative.org\/fr\/vision-mission-et-valeurs\/","name":"Vision, Mission et Valeurs - Prezode.","isPartOf":{"@id":"https:\/\/prezode-initiative.org\/fr\/#website"},"datePublished":"2025-03-11T10:11:34+00:00","dateModified":"2026-03-25T16:33:33+00:00","breadcrumb":{"@id":"https:\/\/prezode-initiative.org\/fr\/vision-mission-et-valeurs\/#breadcrumb"},"inLanguage":"fr-FR","potentialAction":[{"@type":"ReadAction","target":["https:\/\/prezode-initiative.org\/fr\/vision-mission-et-valeurs\/"]}]},{"@type":"BreadcrumbList","@id":"https:\/\/prezode-initiative.org\/fr\/vision-mission-et-valeurs\/#breadcrumb","itemListElement":[{"@type":"ListItem","position":1,"name":"Home","item":"https:\/\/prezode-initiative.org\/fr\/"},{"@type":"ListItem","position":2,"name":"Vision, Mission et Valeurs"}]},{"@type":"WebSite","@id":"https:\/\/prezode-initiative.org\/fr\/#website","url":"https:\/\/prezode-initiative.org\/fr\/","name":"Prezode","description":"","publisher":{"@id":"https:\/\/prezode-initiative.org\/fr\/#organization"},"potentialAction":[{"@type":"SearchAction","target":{"@type":"EntryPoint","urlTemplate":"https:\/\/prezode-initiative.org\/fr\/?s={search_term_string}"},"query-input":{"@type":"PropertyValueSpecification","valueRequired":true,"valueName":"search_term_string"}}],"inLanguage":"fr-FR"},{"@type":"Organization","@id":"https:\/\/prezode-initiative.org\/fr\/#organization","name":"Prezode","url":"https:\/\/prezode-initiative.org\/fr\/","logo":{"@type":"ImageObject","inLanguage":"fr-FR","@id":"https:\/\/prezode-initiative.org\/fr\/#\/schema\/logo\/image\/","url":"https:\/\/prezode-initiative.org\/wp-content\/uploads\/2025\/02\/logo.png","contentUrl":"https:\/\/prezode-initiative.org\/wp-content\/uploads\/2025\/02\/logo.png","width":168,"height":118,"caption":"Prezode"},"image":{"@id":"https:\/\/prezode-initiative.org\/fr\/#\/schema\/logo\/image\/"}}]}},"_links":{"self":[{"href":"https:\/\/prezode-initiative.org\/fr\/wp-json\/wp\/v2\/pages\/4980","targetHints":{"allow":["GET"]}}],"collection":[{"href":"https:\/\/prezode-initiative.org\/fr\/wp-json\/wp\/v2\/pages"}],"about":[{"href":"https:\/\/prezode-initiative.org\/fr\/wp-json\/wp\/v2\/types\/page"}],"author":[{"embeddable":true,"href":"https:\/\/prezode-initiative.org\/fr\/wp-json\/wp\/v2\/users\/1"}],"replies":[{"embeddable":true,"href":"https:\/\/prezode-initiative.org\/fr\/wp-json\/wp\/v2\/comments?post=4980"}],"version-history":[{"count":1,"href":"https:\/\/prezode-initiative.org\/fr\/wp-json\/wp\/v2\/pages\/4980\/revisions"}],"predecessor-version":[{"id":4981,"href":"https:\/\/prezode-initiative.org\/fr\/wp-json\/wp\/v2\/pages\/4980\/revisions\/4981"}],"wp:attachment":[{"href":"https:\/\/prezode-initiative.org\/fr\/wp-json\/wp\/v2\/media?parent=4980"}],"curies":[{"name":"wp","href":"https:\/\/api.w.org\/{rel}","templated":true}]}}