{"id":4968,"date":"2025-03-12T14:20:41","date_gmt":"2025-03-12T13:20:41","guid":{"rendered":"https:\/\/prezode-initiative.org\/lagenda-strategique\/"},"modified":"2026-03-25T17:33:43","modified_gmt":"2026-03-25T16:33:43","slug":"lagenda-strategique","status":"publish","type":"page","link":"https:\/\/prezode-initiative.org\/fr\/lagenda-strategique\/","title":{"rendered":"L&rsquo;agenda strat\u00e9gique"},"content":{"rendered":"\n<h2 class=\"wp-block-heading\"><strong>Feuille de route pour la recherche et les op\u00e9rations,<strong> l&rsquo;Agenda Strat\u00e9gique<\/strong> de PREZODE explore une s\u00e9rie de th\u00e8mes de recherche, soutenant la surveillance et les actions op\u00e9rationnelles pour chacun.<\/strong><br\/><\/h2>\n\n<p><\/p>\n\n<p>Les membres de PREZODE ont adopt\u00e9 \u00e0 une large majorit\u00e9 (98 % des votes) l&rsquo;Agenda Strat\u00e9gique destin\u00e9 \u00e0 \u00eatre sa feuille de route pour la recherche et les op\u00e9rations pour les 10 prochaines ann\u00e9es. Le document d\u00e9taille les lacunes de connaissances en recherche \u00e0 combler et les activit\u00e9s op\u00e9rationnelles \u00e0 cibler au cours de cette p\u00e9riode \u00e0 moyen et long terme. Il fournit \u00e9galement une voie d&rsquo;impact global sur la mani\u00e8re dont PREZODE contribuera \u00e0 pr\u00e9venir l&rsquo;\u00e9mergence de maladies zoonotiques. Les objectifs et missions pr\u00e9sent\u00e9s dans l&rsquo;Agenda Strat\u00e9gique sont organis\u00e9s en cinq Piliers :    <\/p>\n\n<ul class=\"wp-block-list\">\n<li><strong>Pilier 1. Comprendre les risques zoonotiques et les activit\u00e9s \u00e0 risque <\/strong><\/li>\n\n\n\n<li><strong>Pilier 2. Co-concevoir des solutions pour r\u00e9duire les risques zoonotiques <\/strong><\/li>\n\n\n\n<li><strong>Pilier 3. Renforcer les syst\u00e8mes d&rsquo;alerte pr\u00e9coce pour d\u00e9tecter les risques zoonotiques <\/strong><\/li>\n\n\n\n<li><strong>Pilier 4. Prototypage d&rsquo;un syst\u00e8me d&rsquo;information mondial pour la surveillance et la d\u00e9tection pr\u00e9coce <\/strong><\/li>\n\n\n\n<li><strong>Pilier 5. Engager les parties prenantes et co-concevoir les r\u00e9seaux et les politiques \u00ab\u00a0Une seule sant\u00e9\u00a0\u00bb (transversal) <\/strong><\/li>\n<\/ul>\n\n<p>Pour atteindre les objectifs et missions pr\u00e9sent\u00e9s dans l&rsquo;agenda, cinq groupes de travail par Pilier ont \u00e9t\u00e9 \u00e9tablis.<br\/><\/p>\n\n<h3 class=\"wp-block-heading\">Les r\u00e9sultats de l&rsquo;agenda issus d&rsquo;une large consultation participative<\/h3>\n\n<p>L&rsquo;agenda est bas\u00e9 sur l&rsquo;analyse d&rsquo;une large consultation participative multidisciplinaire, le plus grand processus de co-conception dans ce domaine \u00e0 ce jour. Men\u00e9 de janvier 2021 \u00e0 juin 2022, les sessions ont impliqu\u00e9 des professionnels (chercheurs, parties prenantes et d\u00e9cideurs) de plus de 128 pays. <\/p>\n\n<p>Cette premi\u00e8re version est destin\u00e9e \u00e0 \u00e9voluer au fil du temps via un processus de r\u00e9\u00e9valuation par le Comit\u00e9 de pilotage de PREZODE et le Conseil scientifique consultatif qui seront organis\u00e9s tous les deux ans. La prochaine version fournira des informations sur la mani\u00e8re dont cet agenda sera synchronis\u00e9 avec d&rsquo;autres agendas strat\u00e9giques sur des sujets connexes, tels que le changement climatique, la s\u00e9curit\u00e9 alimentaire et la perte de biodiversit\u00e9, entre autres. <\/p>\n\n<p><\/p>\n\n<div class=\"wp-block-buttons is-layout-flex wp-block-buttons-is-layout-flex\">\n<div class=\"wp-block-button\"><a class=\"wp-block-button__link has-background-color has-text-color has-background has-link-color wp-element-button\" href=\"&lt;!--[CDATA[https:\/\/prezode-initiative.org\/wp-content\/uploads\/2025\/03\/PREZODE_Strategic_Agenda.pdf]]--&gt;\" style=\"background-color:#db541a\">T\u00e9l\u00e9charger l&rsquo;Agenda Strat\u00e9gique (.pdf)<\/a><\/div>\n<\/div>\n\n<p><\/p>\n\n<p><\/p>\n","protected":false},"excerpt":{"rendered":"<p>Feuille de route pour la recherche et les op\u00e9rations, l&rsquo;Agenda Strat\u00e9gique de PREZODE explore une s\u00e9rie de th\u00e8mes de recherche, soutenant la surveillance et les actions op\u00e9rationnelles pour chacun. Les membres de PREZODE ont adopt\u00e9 \u00e0 une large majorit\u00e9 (98 % des votes) l&rsquo;Agenda Strat\u00e9gique destin\u00e9 \u00e0 \u00eatre sa feuille de route pour la recherche<a href=\"https:\/\/prezode-initiative.org\/fr\/lagenda-strategique\/\">Continue reading <span class=\"sr-only\">\u00ab\u00a0L&rsquo;agenda strat\u00e9gique\u00a0\u00bb<\/span><\/a><\/p>\n","protected":false},"author":1,"featured_media":0,"parent":0,"menu_order":0,"comment_status":"closed","ping_status":"closed","template":"template-pages\/article-page.php","meta":{"_acf_changed":false,"footnotes":""},"class_list":["post-4968","page","type-page","status-publish","hentry"],"acf":[],"yoast_head":"<!-- This site is optimized with the Yoast SEO plugin v27.6 - https:\/\/yoast.com\/product\/yoast-seo-wordpress\/ -->\n<title>L&#039;agenda strat\u00e9gique - Prezode.<\/title>\n<meta name=\"description\" content=\"PREZODE repose sur cinq piliers ; l&#039;agenda strat\u00e9gique explore une s\u00e9rie de th\u00e8mes de recherche, soutenant la surveillance et les actions op\u00e9rationnelles pour chacun.\" \/>\n<meta name=\"robots\" content=\"index, follow, max-snippet:-1, max-image-preview:large, max-video-preview:-1\" \/>\n<link rel=\"canonical\" href=\"https:\/\/prezode-initiative.org\/fr\/lagenda-strategique\/\" \/>\n<meta property=\"og:locale\" content=\"fr_FR\" \/>\n<meta property=\"og:type\" content=\"article\" \/>\n<meta property=\"og:title\" content=\"L&#039;agenda strat\u00e9gique - Prezode.\" \/>\n<meta property=\"og:description\" content=\"PREZODE repose sur cinq piliers ; l&#039;agenda strat\u00e9gique explore une s\u00e9rie de th\u00e8mes de recherche, soutenant la surveillance et les actions op\u00e9rationnelles pour chacun.\" \/>\n<meta property=\"og:url\" content=\"https:\/\/prezode-initiative.org\/fr\/lagenda-strategique\/\" \/>\n<meta property=\"og:site_name\" content=\"Prezode\" \/>\n<meta property=\"article:modified_time\" content=\"2026-03-25T16:33:43+00:00\" \/>\n<meta name=\"twitter:card\" content=\"summary_large_image\" \/>\n<meta name=\"twitter:label1\" content=\"Dur\u00e9e de lecture estim\u00e9e\" \/>\n\t<meta name=\"twitter:data1\" content=\"2 minute\" \/>\n<script type=\"application\/ld+json\" class=\"yoast-schema-graph\">{\"@context\":\"https:\\\/\\\/schema.org\",\"@graph\":[{\"@type\":\"WebPage\",\"@id\":\"https:\\\/\\\/prezode-initiative.org\\\/fr\\\/lagenda-strategique\\\/\",\"url\":\"https:\\\/\\\/prezode-initiative.org\\\/fr\\\/lagenda-strategique\\\/\",\"name\":\"L'agenda strat\u00e9gique - Prezode.\",\"isPartOf\":{\"@id\":\"https:\\\/\\\/prezode-initiative.org\\\/fr\\\/#website\"},\"datePublished\":\"2025-03-12T13:20:41+00:00\",\"dateModified\":\"2026-03-25T16:33:43+00:00\",\"description\":\"PREZODE repose sur cinq piliers ; l'agenda strat\u00e9gique explore une s\u00e9rie de th\u00e8mes de recherche, soutenant la surveillance et les actions op\u00e9rationnelles pour chacun.\",\"breadcrumb\":{\"@id\":\"https:\\\/\\\/prezode-initiative.org\\\/fr\\\/lagenda-strategique\\\/#breadcrumb\"},\"inLanguage\":\"fr-FR\",\"potentialAction\":[{\"@type\":\"ReadAction\",\"target\":[\"https:\\\/\\\/prezode-initiative.org\\\/fr\\\/lagenda-strategique\\\/\"]}]},{\"@type\":\"BreadcrumbList\",\"@id\":\"https:\\\/\\\/prezode-initiative.org\\\/fr\\\/lagenda-strategique\\\/#breadcrumb\",\"itemListElement\":[{\"@type\":\"ListItem\",\"position\":1,\"name\":\"Home\",\"item\":\"https:\\\/\\\/prezode-initiative.org\\\/fr\\\/\"},{\"@type\":\"ListItem\",\"position\":2,\"name\":\"L&rsquo;agenda strat\u00e9gique\"}]},{\"@type\":\"WebSite\",\"@id\":\"https:\\\/\\\/prezode-initiative.org\\\/fr\\\/#website\",\"url\":\"https:\\\/\\\/prezode-initiative.org\\\/fr\\\/\",\"name\":\"Prezode\",\"description\":\"\",\"publisher\":{\"@id\":\"https:\\\/\\\/prezode-initiative.org\\\/fr\\\/#organization\"},\"potentialAction\":[{\"@type\":\"SearchAction\",\"target\":{\"@type\":\"EntryPoint\",\"urlTemplate\":\"https:\\\/\\\/prezode-initiative.org\\\/fr\\\/?s={search_term_string}\"},\"query-input\":{\"@type\":\"PropertyValueSpecification\",\"valueRequired\":true,\"valueName\":\"search_term_string\"}}],\"inLanguage\":\"fr-FR\"},{\"@type\":\"Organization\",\"@id\":\"https:\\\/\\\/prezode-initiative.org\\\/fr\\\/#organization\",\"name\":\"Prezode\",\"url\":\"https:\\\/\\\/prezode-initiative.org\\\/fr\\\/\",\"logo\":{\"@type\":\"ImageObject\",\"inLanguage\":\"fr-FR\",\"@id\":\"https:\\\/\\\/prezode-initiative.org\\\/fr\\\/#\\\/schema\\\/logo\\\/image\\\/\",\"url\":\"https:\\\/\\\/prezode-initiative.org\\\/wp-content\\\/uploads\\\/2025\\\/02\\\/logo.png\",\"contentUrl\":\"https:\\\/\\\/prezode-initiative.org\\\/wp-content\\\/uploads\\\/2025\\\/02\\\/logo.png\",\"width\":168,\"height\":118,\"caption\":\"Prezode\"},\"image\":{\"@id\":\"https:\\\/\\\/prezode-initiative.org\\\/fr\\\/#\\\/schema\\\/logo\\\/image\\\/\"}}]}<\/script>\n<!-- \/ Yoast SEO plugin. -->","yoast_head_json":{"title":"L'agenda strat\u00e9gique - Prezode.","description":"PREZODE repose sur cinq piliers ; l'agenda strat\u00e9gique explore une s\u00e9rie de th\u00e8mes de recherche, soutenant la surveillance et les actions op\u00e9rationnelles pour chacun.","robots":{"index":"index","follow":"follow","max-snippet":"max-snippet:-1","max-image-preview":"max-image-preview:large","max-video-preview":"max-video-preview:-1"},"canonical":"https:\/\/prezode-initiative.org\/fr\/lagenda-strategique\/","og_locale":"fr_FR","og_type":"article","og_title":"L'agenda strat\u00e9gique - Prezode.","og_description":"PREZODE repose sur cinq piliers ; l'agenda strat\u00e9gique explore une s\u00e9rie de th\u00e8mes de recherche, soutenant la surveillance et les actions op\u00e9rationnelles pour chacun.","og_url":"https:\/\/prezode-initiative.org\/fr\/lagenda-strategique\/","og_site_name":"Prezode","article_modified_time":"2026-03-25T16:33:43+00:00","twitter_card":"summary_large_image","twitter_misc":{"Dur\u00e9e de lecture estim\u00e9e":"2 minute"},"schema":{"@context":"https:\/\/schema.org","@graph":[{"@type":"WebPage","@id":"https:\/\/prezode-initiative.org\/fr\/lagenda-strategique\/","url":"https:\/\/prezode-initiative.org\/fr\/lagenda-strategique\/","name":"L'agenda strat\u00e9gique - Prezode.","isPartOf":{"@id":"https:\/\/prezode-initiative.org\/fr\/#website"},"datePublished":"2025-03-12T13:20:41+00:00","dateModified":"2026-03-25T16:33:43+00:00","description":"PREZODE repose sur cinq piliers ; l'agenda strat\u00e9gique explore une s\u00e9rie de th\u00e8mes de recherche, soutenant la surveillance et les actions op\u00e9rationnelles pour chacun.","breadcrumb":{"@id":"https:\/\/prezode-initiative.org\/fr\/lagenda-strategique\/#breadcrumb"},"inLanguage":"fr-FR","potentialAction":[{"@type":"ReadAction","target":["https:\/\/prezode-initiative.org\/fr\/lagenda-strategique\/"]}]},{"@type":"BreadcrumbList","@id":"https:\/\/prezode-initiative.org\/fr\/lagenda-strategique\/#breadcrumb","itemListElement":[{"@type":"ListItem","position":1,"name":"Home","item":"https:\/\/prezode-initiative.org\/fr\/"},{"@type":"ListItem","position":2,"name":"L&rsquo;agenda strat\u00e9gique"}]},{"@type":"WebSite","@id":"https:\/\/prezode-initiative.org\/fr\/#website","url":"https:\/\/prezode-initiative.org\/fr\/","name":"Prezode","description":"","publisher":{"@id":"https:\/\/prezode-initiative.org\/fr\/#organization"},"potentialAction":[{"@type":"SearchAction","target":{"@type":"EntryPoint","urlTemplate":"https:\/\/prezode-initiative.org\/fr\/?s={search_term_string}"},"query-input":{"@type":"PropertyValueSpecification","valueRequired":true,"valueName":"search_term_string"}}],"inLanguage":"fr-FR"},{"@type":"Organization","@id":"https:\/\/prezode-initiative.org\/fr\/#organization","name":"Prezode","url":"https:\/\/prezode-initiative.org\/fr\/","logo":{"@type":"ImageObject","inLanguage":"fr-FR","@id":"https:\/\/prezode-initiative.org\/fr\/#\/schema\/logo\/image\/","url":"https:\/\/prezode-initiative.org\/wp-content\/uploads\/2025\/02\/logo.png","contentUrl":"https:\/\/prezode-initiative.org\/wp-content\/uploads\/2025\/02\/logo.png","width":168,"height":118,"caption":"Prezode"},"image":{"@id":"https:\/\/prezode-initiative.org\/fr\/#\/schema\/logo\/image\/"}}]}},"_links":{"self":[{"href":"https:\/\/prezode-initiative.org\/fr\/wp-json\/wp\/v2\/pages\/4968","targetHints":{"allow":["GET"]}}],"collection":[{"href":"https:\/\/prezode-initiative.org\/fr\/wp-json\/wp\/v2\/pages"}],"about":[{"href":"https:\/\/prezode-initiative.org\/fr\/wp-json\/wp\/v2\/types\/page"}],"author":[{"embeddable":true,"href":"https:\/\/prezode-initiative.org\/fr\/wp-json\/wp\/v2\/users\/1"}],"replies":[{"embeddable":true,"href":"https:\/\/prezode-initiative.org\/fr\/wp-json\/wp\/v2\/comments?post=4968"}],"version-history":[{"count":5,"href":"https:\/\/prezode-initiative.org\/fr\/wp-json\/wp\/v2\/pages\/4968\/revisions"}],"predecessor-version":[{"id":5171,"href":"https:\/\/prezode-initiative.org\/fr\/wp-json\/wp\/v2\/pages\/4968\/revisions\/5171"}],"wp:attachment":[{"href":"https:\/\/prezode-initiative.org\/fr\/wp-json\/wp\/v2\/media?parent=4968"}],"curies":[{"name":"wp","href":"https:\/\/api.w.org\/{rel}","templated":true}]}}