{"id":4961,"date":"2025-03-11T10:13:24","date_gmt":"2025-03-11T09:13:24","guid":{"rendered":"https:\/\/prezode-initiative.org\/prezode-en-bref\/"},"modified":"2026-04-01T16:21:08","modified_gmt":"2026-04-01T14:21:08","slug":"prezode-en-bref","status":"publish","type":"page","link":"https:\/\/prezode-initiative.org\/fr\/prezode-en-bref\/","title":{"rendered":"PREZODE en bref"},"content":{"rendered":"\n<h2 class=\"wp-block-heading has-pz-dark-blue-color has-text-color has-link-color has-medium-font-size wp-elements-70d2b0337a1cfa8d5f1e4ef35843b05e\"><strong><strong>PREZODE (Preventing ZOonotic Disease Emergence) est une initiative internationale collaborative, rassemblant une <a href=\"https:\/\/prezode-initiative.org\/fr\/our-members\/\" target=\"_blank\" rel=\"noreferrer noopener\">communaut\u00e9 de membres<\/a>, pour fournir un cadre scientifique de pr\u00e9vention des pand\u00e9mies. Elle vise \u00e0 renforcer la pr\u00e9vention, la d\u00e9tection pr\u00e9coce et la r\u00e9silience pour \u00e9viter ou r\u00e9pondre rapidement aux maladies infectieuses \u00e9mergentes d&rsquo;origine animale pouvant se transformer en pand\u00e9mies.  <\/strong><\/strong><\/h2>\n\n<p><\/p>\n\n<p>Une initiative internationale fond\u00e9e sur l&rsquo;approche<a href=\"https:\/\/prezode-initiative.org\/fr\/one-health-une-approche-holistique\/\"> One Health, <\/a>qui englobe la sant\u00e9 humaine, animale et environnementale. PREZODE favorise la collaboration multilat\u00e9rale avec et entre les pays et d&rsquo;autres initiatives pour promouvoir la pr\u00e9vention, la d\u00e9tection pr\u00e9coce et la <a href=\"https:\/\/prezode-initiative.org\/fr\/promouvoir-la-prevention-par-des-approches-concertees\/\" target=\"_blank\" rel=\"noreferrer noopener\">r\u00e9silience<\/a><a href=\"https:\/\/prezode-initiative.org\/fr\/one-health-une-approche-holistique\/\" target=\"_blank\" rel=\"noreferrer noopener\"> face aux<\/a> <a href=\"https:\/\/prezode-initiative.org\/fr\/comprendre-les-zoonoses-pour-attenuer-les-risques\/\">maladies infectieuses <\/a>\u00e9mergentes <a href=\"https:\/\/prezode-initiative.org\/fr\/comprendre-les-zoonoses-pour-attenuer-les-risques\/\" target=\"_blank\" rel=\"noreferrer noopener\">d&rsquo;origine<\/a> animale. L&rsquo;initiative vise \u00e0 am\u00e9liorer la gestion des \u00e9cosyst\u00e8mes et \u00e0 renforcer la surveillance gr\u00e2ce \u00e0 des dynamiques multi-acteurs pour maximiser ses impacts. L&rsquo;objectif principal de PREZODE est de d\u00e9velopper un cadre de recherche pour comprendre les macro-processus et les facteurs menant \u00e0 l&rsquo;\u00e9mergence des zoonoses dans un contexte de changement global, et de co-concevoir des solutions pertinentes pour r\u00e9duire ces risques et permettre leur d\u00e9tection pr\u00e9coce.  <\/p>\n\n<h3 class=\"wp-block-heading has-tertiary-color has-text-color has-link-color wp-elements-5350e018e8e34936b2497e876d84d308\">Une approche ascendante et de co-conception<\/h3>\n\n<p>En adoptant une approche ascendante et de co-conception bas\u00e9e sur des m\u00e9thodes scientifiques, PREZODE promeut l&rsquo;\u00e9laboration de politiques publiques et d&rsquo;actions pertinentes pour la r\u00e9duction des risques pand\u00e9miques et la pr\u00e9vention, tout en assurant la s\u00e9curit\u00e9 alimentaire et les moyens de subsistance des communaut\u00e9s les plus pauvres. Elle facilite le partage des connaissances et fournit un centre de ressources pour les d\u00e9cideurs. Elle vise \u00e0 soutenir les pays dans le d\u00e9veloppement d&rsquo;activit\u00e9s de pr\u00e9vention scientifiquement fond\u00e9es dans le cadre One Health pr\u00e9conis\u00e9 par les organisations internationales.  <\/p>\n\n<blockquote class=\"wp-block-quote is-layout-flow wp-block-quote-is-layout-flow\">\n<p>\u00c0 travers une approche dynamique impliquant de multiples acteurs \u00e0 travers le monde, l&rsquo;initiative rassemble une large<a href=\"https:\/\/prezode-initiative.org\/fr\/our-members\/\"> communaut\u00e9 de membres <\/a><a href=\"https:\/\/prezode.org\/who-we-are\/shared-values\">partageant <\/a>des<a href=\"https:\/\/prezode-initiative.org\/fr\/vision-mission-et-valeurs\/\" target=\"_blank\" rel=\"noreferrer noopener\"> valeurs communes<\/a> : instituts de recherche et acad\u00e9miques, universit\u00e9s, gouvernements, d\u00e9cideurs, organisations de la soci\u00e9t\u00e9 civile, fondations et entreprises priv\u00e9es.<\/p>\n<\/blockquote>\n\n<h3 class=\"wp-block-heading has-tertiary-color has-text-color has-link-color wp-elements-0143447ba4a2fa7a2c2564c09bf5b8c4\"><strong>Assurer la coop\u00e9ration internationale<\/strong><\/h3>\n\n<p>\u00c0 travers sa communaut\u00e9 de pratique, PREZODE renforce la coordination, promeut les synergies, facilite le partage des le\u00e7ons apprises et encourage l&rsquo;\u00e9change de bonnes pratiques. Elle consolide et int\u00e8gre les connaissances, l&rsquo;innovation, le renforcement des capacit\u00e9s et les actions op\u00e9rationnelles. Elle d\u00e9ploie la recherche acad\u00e9mique, la collaboration intersectorielle sur le terrain et l&rsquo;engagement des acteurs op\u00e9rationnels en premi\u00e8re ligne des \u00e9pid\u00e9mies, en consid\u00e9rant \u00e0 la fois le b\u00e9tail et la faune sauvage.<br\/>  <\/p>\n\n<p>PREZODE a \u00e9t\u00e9 lanc\u00e9e en janvier 2021, lors du One Planet Summit. La Commission europ\u00e9enne et la Quadripartite \u2014 Organisation des Nations Unies pour l&rsquo;alimentation et l&rsquo;agriculture (FAO), Organisation mondiale de la sant\u00e9 (OMS), Organisation mondiale de la sant\u00e9 animale (WOAH) et Programme des Nations Unies pour l&rsquo;environnement (PNUE) \u2014 ont soutenu l&rsquo;initiative. <\/p>\n\n<p><\/p>\n","protected":false},"excerpt":{"rendered":"<p>PREZODE (Preventing ZOonotic Disease Emergence) est une initiative internationale collaborative, rassemblant une communaut\u00e9 de membres, pour fournir un cadre scientifique de pr\u00e9vention des pand\u00e9mies. Elle vise \u00e0 renforcer la pr\u00e9vention, la d\u00e9tection pr\u00e9coce et la r\u00e9silience pour \u00e9viter ou r\u00e9pondre rapidement aux maladies infectieuses \u00e9mergentes d&rsquo;origine animale pouvant se transformer en pand\u00e9mies. Une initiative internationale<a href=\"https:\/\/prezode-initiative.org\/fr\/prezode-en-bref\/\">Continue reading <span class=\"sr-only\">\u00ab\u00a0PREZODE en bref\u00a0\u00bb<\/span><\/a><\/p>\n","protected":false},"author":1,"featured_media":0,"parent":0,"menu_order":0,"comment_status":"closed","ping_status":"closed","template":"template-pages\/article-page.php","meta":{"_acf_changed":false,"footnotes":""},"class_list":["post-4961","page","type-page","status-publish","hentry"],"acf":[],"yoast_head":"<!-- This site is optimized with the Yoast SEO plugin v27.6 - https:\/\/yoast.com\/product\/yoast-seo-wordpress\/ -->\n<title>PREZODE en bref - Prezode.<\/title>\n<meta name=\"description\" content=\"PREZODE (Preventing ZOonotic Disease Emergence) est une initiative internationale collaborative visant \u00e0 fournir un cadre scientifique pour la pr\u00e9vention des pand\u00e9mies. Elle vise \u00e0 renforcer la pr\u00e9vention, la d\u00e9tection pr\u00e9coce et la r\u00e9silience pour \u00e9viter ou r\u00e9pondre rapidement aux maladies infectieuses \u00e9mergentes d&#039;origine animale pouvant se transformer en pand\u00e9mies.\" \/>\n<meta name=\"robots\" content=\"index, follow, max-snippet:-1, max-image-preview:large, max-video-preview:-1\" \/>\n<link rel=\"canonical\" href=\"https:\/\/prezode-initiative.org\/fr\/prezode-en-bref\/\" \/>\n<meta property=\"og:locale\" content=\"fr_FR\" \/>\n<meta property=\"og:type\" content=\"article\" \/>\n<meta property=\"og:title\" content=\"PREZODE en bref - Prezode.\" \/>\n<meta property=\"og:description\" content=\"PREZODE (Preventing ZOonotic Disease Emergence) est une initiative internationale collaborative visant \u00e0 fournir un cadre scientifique pour la pr\u00e9vention des pand\u00e9mies. Elle vise \u00e0 renforcer la pr\u00e9vention, la d\u00e9tection pr\u00e9coce et la r\u00e9silience pour \u00e9viter ou r\u00e9pondre rapidement aux maladies infectieuses \u00e9mergentes d&#039;origine animale pouvant se transformer en pand\u00e9mies.\" \/>\n<meta property=\"og:url\" content=\"https:\/\/prezode-initiative.org\/fr\/prezode-en-bref\/\" \/>\n<meta property=\"og:site_name\" content=\"Prezode\" \/>\n<meta property=\"article:modified_time\" content=\"2026-04-01T14:21:08+00:00\" \/>\n<meta name=\"twitter:card\" content=\"summary_large_image\" \/>\n<meta name=\"twitter:label1\" content=\"Dur\u00e9e de lecture estim\u00e9e\" \/>\n\t<meta name=\"twitter:data1\" content=\"2 minute\" \/>\n<script type=\"application\/ld+json\" class=\"yoast-schema-graph\">{\"@context\":\"https:\\\/\\\/schema.org\",\"@graph\":[{\"@type\":\"WebPage\",\"@id\":\"https:\\\/\\\/prezode-initiative.org\\\/fr\\\/prezode-en-bref\\\/\",\"url\":\"https:\\\/\\\/prezode-initiative.org\\\/fr\\\/prezode-en-bref\\\/\",\"name\":\"PREZODE en bref - Prezode.\",\"isPartOf\":{\"@id\":\"https:\\\/\\\/prezode-initiative.org\\\/fr\\\/#website\"},\"datePublished\":\"2025-03-11T09:13:24+00:00\",\"dateModified\":\"2026-04-01T14:21:08+00:00\",\"description\":\"PREZODE (Preventing ZOonotic Disease Emergence) est une initiative internationale collaborative visant \u00e0 fournir un cadre scientifique pour la pr\u00e9vention des pand\u00e9mies. Elle vise \u00e0 renforcer la pr\u00e9vention, la d\u00e9tection pr\u00e9coce et la r\u00e9silience pour \u00e9viter ou r\u00e9pondre rapidement aux maladies infectieuses \u00e9mergentes d'origine animale pouvant se transformer en pand\u00e9mies.\",\"breadcrumb\":{\"@id\":\"https:\\\/\\\/prezode-initiative.org\\\/fr\\\/prezode-en-bref\\\/#breadcrumb\"},\"inLanguage\":\"fr-FR\",\"potentialAction\":[{\"@type\":\"ReadAction\",\"target\":[\"https:\\\/\\\/prezode-initiative.org\\\/fr\\\/prezode-en-bref\\\/\"]}]},{\"@type\":\"BreadcrumbList\",\"@id\":\"https:\\\/\\\/prezode-initiative.org\\\/fr\\\/prezode-en-bref\\\/#breadcrumb\",\"itemListElement\":[{\"@type\":\"ListItem\",\"position\":1,\"name\":\"Home\",\"item\":\"https:\\\/\\\/prezode-initiative.org\\\/fr\\\/\"},{\"@type\":\"ListItem\",\"position\":2,\"name\":\"PREZODE en bref\"}]},{\"@type\":\"WebSite\",\"@id\":\"https:\\\/\\\/prezode-initiative.org\\\/fr\\\/#website\",\"url\":\"https:\\\/\\\/prezode-initiative.org\\\/fr\\\/\",\"name\":\"Prezode\",\"description\":\"\",\"publisher\":{\"@id\":\"https:\\\/\\\/prezode-initiative.org\\\/fr\\\/#organization\"},\"potentialAction\":[{\"@type\":\"SearchAction\",\"target\":{\"@type\":\"EntryPoint\",\"urlTemplate\":\"https:\\\/\\\/prezode-initiative.org\\\/fr\\\/?s={search_term_string}\"},\"query-input\":{\"@type\":\"PropertyValueSpecification\",\"valueRequired\":true,\"valueName\":\"search_term_string\"}}],\"inLanguage\":\"fr-FR\"},{\"@type\":\"Organization\",\"@id\":\"https:\\\/\\\/prezode-initiative.org\\\/fr\\\/#organization\",\"name\":\"Prezode\",\"url\":\"https:\\\/\\\/prezode-initiative.org\\\/fr\\\/\",\"logo\":{\"@type\":\"ImageObject\",\"inLanguage\":\"fr-FR\",\"@id\":\"https:\\\/\\\/prezode-initiative.org\\\/fr\\\/#\\\/schema\\\/logo\\\/image\\\/\",\"url\":\"https:\\\/\\\/prezode-initiative.org\\\/wp-content\\\/uploads\\\/2025\\\/02\\\/logo.png\",\"contentUrl\":\"https:\\\/\\\/prezode-initiative.org\\\/wp-content\\\/uploads\\\/2025\\\/02\\\/logo.png\",\"width\":168,\"height\":118,\"caption\":\"Prezode\"},\"image\":{\"@id\":\"https:\\\/\\\/prezode-initiative.org\\\/fr\\\/#\\\/schema\\\/logo\\\/image\\\/\"}}]}<\/script>\n<!-- \/ Yoast SEO plugin. -->","yoast_head_json":{"title":"PREZODE en bref - Prezode.","description":"PREZODE (Preventing ZOonotic Disease Emergence) est une initiative internationale collaborative visant \u00e0 fournir un cadre scientifique pour la pr\u00e9vention des pand\u00e9mies. Elle vise \u00e0 renforcer la pr\u00e9vention, la d\u00e9tection pr\u00e9coce et la r\u00e9silience pour \u00e9viter ou r\u00e9pondre rapidement aux maladies infectieuses \u00e9mergentes d'origine animale pouvant se transformer en pand\u00e9mies.","robots":{"index":"index","follow":"follow","max-snippet":"max-snippet:-1","max-image-preview":"max-image-preview:large","max-video-preview":"max-video-preview:-1"},"canonical":"https:\/\/prezode-initiative.org\/fr\/prezode-en-bref\/","og_locale":"fr_FR","og_type":"article","og_title":"PREZODE en bref - Prezode.","og_description":"PREZODE (Preventing ZOonotic Disease Emergence) est une initiative internationale collaborative visant \u00e0 fournir un cadre scientifique pour la pr\u00e9vention des pand\u00e9mies. Elle vise \u00e0 renforcer la pr\u00e9vention, la d\u00e9tection pr\u00e9coce et la r\u00e9silience pour \u00e9viter ou r\u00e9pondre rapidement aux maladies infectieuses \u00e9mergentes d'origine animale pouvant se transformer en pand\u00e9mies.","og_url":"https:\/\/prezode-initiative.org\/fr\/prezode-en-bref\/","og_site_name":"Prezode","article_modified_time":"2026-04-01T14:21:08+00:00","twitter_card":"summary_large_image","twitter_misc":{"Dur\u00e9e de lecture estim\u00e9e":"2 minute"},"schema":{"@context":"https:\/\/schema.org","@graph":[{"@type":"WebPage","@id":"https:\/\/prezode-initiative.org\/fr\/prezode-en-bref\/","url":"https:\/\/prezode-initiative.org\/fr\/prezode-en-bref\/","name":"PREZODE en bref - Prezode.","isPartOf":{"@id":"https:\/\/prezode-initiative.org\/fr\/#website"},"datePublished":"2025-03-11T09:13:24+00:00","dateModified":"2026-04-01T14:21:08+00:00","description":"PREZODE (Preventing ZOonotic Disease Emergence) est une initiative internationale collaborative visant \u00e0 fournir un cadre scientifique pour la pr\u00e9vention des pand\u00e9mies. Elle vise \u00e0 renforcer la pr\u00e9vention, la d\u00e9tection pr\u00e9coce et la r\u00e9silience pour \u00e9viter ou r\u00e9pondre rapidement aux maladies infectieuses \u00e9mergentes d'origine animale pouvant se transformer en pand\u00e9mies.","breadcrumb":{"@id":"https:\/\/prezode-initiative.org\/fr\/prezode-en-bref\/#breadcrumb"},"inLanguage":"fr-FR","potentialAction":[{"@type":"ReadAction","target":["https:\/\/prezode-initiative.org\/fr\/prezode-en-bref\/"]}]},{"@type":"BreadcrumbList","@id":"https:\/\/prezode-initiative.org\/fr\/prezode-en-bref\/#breadcrumb","itemListElement":[{"@type":"ListItem","position":1,"name":"Home","item":"https:\/\/prezode-initiative.org\/fr\/"},{"@type":"ListItem","position":2,"name":"PREZODE en bref"}]},{"@type":"WebSite","@id":"https:\/\/prezode-initiative.org\/fr\/#website","url":"https:\/\/prezode-initiative.org\/fr\/","name":"Prezode","description":"","publisher":{"@id":"https:\/\/prezode-initiative.org\/fr\/#organization"},"potentialAction":[{"@type":"SearchAction","target":{"@type":"EntryPoint","urlTemplate":"https:\/\/prezode-initiative.org\/fr\/?s={search_term_string}"},"query-input":{"@type":"PropertyValueSpecification","valueRequired":true,"valueName":"search_term_string"}}],"inLanguage":"fr-FR"},{"@type":"Organization","@id":"https:\/\/prezode-initiative.org\/fr\/#organization","name":"Prezode","url":"https:\/\/prezode-initiative.org\/fr\/","logo":{"@type":"ImageObject","inLanguage":"fr-FR","@id":"https:\/\/prezode-initiative.org\/fr\/#\/schema\/logo\/image\/","url":"https:\/\/prezode-initiative.org\/wp-content\/uploads\/2025\/02\/logo.png","contentUrl":"https:\/\/prezode-initiative.org\/wp-content\/uploads\/2025\/02\/logo.png","width":168,"height":118,"caption":"Prezode"},"image":{"@id":"https:\/\/prezode-initiative.org\/fr\/#\/schema\/logo\/image\/"}}]}},"_links":{"self":[{"href":"https:\/\/prezode-initiative.org\/fr\/wp-json\/wp\/v2\/pages\/4961","targetHints":{"allow":["GET"]}}],"collection":[{"href":"https:\/\/prezode-initiative.org\/fr\/wp-json\/wp\/v2\/pages"}],"about":[{"href":"https:\/\/prezode-initiative.org\/fr\/wp-json\/wp\/v2\/types\/page"}],"author":[{"embeddable":true,"href":"https:\/\/prezode-initiative.org\/fr\/wp-json\/wp\/v2\/users\/1"}],"replies":[{"embeddable":true,"href":"https:\/\/prezode-initiative.org\/fr\/wp-json\/wp\/v2\/comments?post=4961"}],"version-history":[{"count":7,"href":"https:\/\/prezode-initiative.org\/fr\/wp-json\/wp\/v2\/pages\/4961\/revisions"}],"predecessor-version":[{"id":6250,"href":"https:\/\/prezode-initiative.org\/fr\/wp-json\/wp\/v2\/pages\/4961\/revisions\/6250"}],"wp:attachment":[{"href":"https:\/\/prezode-initiative.org\/fr\/wp-json\/wp\/v2\/media?parent=4961"}],"curies":[{"name":"wp","href":"https:\/\/api.w.org\/{rel}","templated":true}]}}