{"id":4954,"date":"2025-03-11T11:24:22","date_gmt":"2025-03-11T10:24:22","guid":{"rendered":"https:\/\/prezode-initiative.org\/contexte\/"},"modified":"2026-03-25T17:33:40","modified_gmt":"2026-03-25T16:33:40","slug":"contexte","status":"publish","type":"page","link":"https:\/\/prezode-initiative.org\/fr\/contexte\/","title":{"rendered":"Contexte"},"content":{"rendered":"\n<h2 class=\"wp-block-heading has-tertiary-color has-text-color has-link-color wp-elements-713b11fecb77cb780a148c70a7764e61\"><strong>PREZODE a \u00e9t\u00e9 cr\u00e9\u00e9 d\u00e9but 2021 dans le contexte de la pand\u00e9mie COVID-19, afin d&rsquo;aider les organisations internationales et les pays du monde entier, en particulier les pays \u00e0 faible revenu, \u00e0 pr\u00e9venir l&rsquo;\u00e9mergence et la propagation des zoonoses. L&rsquo;article ci-dessous pr\u00e9sente le contexte de l&rsquo;initiative.  <\/strong><\/h2>\n\n<p><\/p>\n\n<p class=\"is-style-default\" style=\"font-size:17px\"><strong>Publi\u00e9 dans <a href=\"Publi&#xE9; dans the Lancet, il est cosign&#xE9; par les cofondateurs de PREZODE Marisa Peyre, Gwena&#xEB;l Vourc'h, Thierry Lefran&#xE7;ois, Yves Martin-Prevel, Jean-Fran&#xE7;ois Soussana et Benjamin Roche.\">the Lancet<\/a>, il est cosign\u00e9 par les cofondateurs de PREZODE Marisa Peyre, Gwena\u00ebl Vourc&rsquo;h, Thierry Lefran\u00e7ois, Yves Martin-Prevel, Jean-Fran\u00e7ois Soussana et Benjamin Roche.<\/strong><\/p>\n\n<p><\/p>\n\n<p>Depuis la mi-f\u00e9vrier 2021, le virus <a href=\"https:\/\/www.who.int\/emergencies\/diseases\/novel-coronavirus-2019\">SARS-CoV-2<\/a> avait tu\u00e9 environ 2 millions de personnes dans le monde et caus\u00e9 de profonds dommages \u00e9conomiques. Les cons\u00e9quences ultimes de cette crise sont difficiles \u00e0 pr\u00e9voir mais, d&rsquo;un point de vue sanitaire, \u00e9conomique, sociologique et \u00e9cologique, le bilan est d\u00e9j\u00e0 consid\u00e9rable. N\u00e9anmoins, cette menace n&rsquo;est pas nouvelle. Les pr\u00e9occupations li\u00e9es \u00e0 une pand\u00e9mie mondiale se sont manifest\u00e9es \u00e0 de nombreuses reprises, et la plupart des pays disposaient d\u00e9j\u00e0 de plans de pr\u00e9paration aux urgences. Cependant, les limites de ces plans ont \u00e9t\u00e9 r\u00e9v\u00e9l\u00e9es par la pand\u00e9mie actuelle de coronavirus. Les raisons de ces insuffisances sont nombreuses et mettent en lumi\u00e8re une id\u00e9e fausse : contrairement aux approches actuelles, les strat\u00e9gies de pr\u00e9vention devraient \u00eatre mises en \u0153uvre avant que la maladie n&rsquo;\u00e9merge dans les populations humaines.     <\/p>\n\n<p><\/p>\n\n<h3 class=\"wp-block-heading has-tertiary-color has-text-color has-link-color wp-elements-43c0e7a3a30866db9bece4d3ebe5aabf\">Rassembler une communaut\u00e9 multidisciplinaire de chercheurs et d&rsquo;acteurs<br\/><\/h3>\n\n<p>Au cours des derni\u00e8res d\u00e9cennies, le d\u00e9pistage des pathog\u00e8nes a \u00e9t\u00e9 d\u00e9velopp\u00e9 pour anticiper la prochaine pand\u00e9mie. Bien que l&rsquo;isolement des pathog\u00e8nes d&rsquo;origine animale reste important, il ne suffit pas pour emp\u00eacher leur \u00e9mergence. Il est temps de franchir une \u00e9tape suppl\u00e9mentaire, \u00e0 savoir d\u00e9ployer conjointement la recherche acad\u00e9mique, la collaboration intersectorielle sur le terrain et l&rsquo;engagement des acteurs op\u00e9rationnels en premi\u00e8re ligne des \u00e9pid\u00e9mies, afin d&rsquo;envisager des strat\u00e9gies de pr\u00e9vention menant \u00e0 la r\u00e9duction des risques d&rsquo;\u00e9mergence.  <\/p>\n\n<p><\/p>\n\n<h3 class=\"wp-block-heading has-tertiary-color has-text-color has-link-color wp-elements-0f2023fe01631902cb01a4a19d8ffd31\">Un agenda scientifique construit \u00e0 travers un processus participatif et co-constructif<br\/><\/h3>\n\n<p>Un tel dispositif est au c\u0153ur de l&rsquo;initiative PREZODE (PREventing ZOonotic Disease Emergence), un projet fran\u00e7ais qui a suscit\u00e9 l&rsquo;int\u00e9r\u00eat de l&rsquo;Alliance tripartite (Organisation des Nations Unies pour l&rsquo;alimentation et l&rsquo;agriculture, Organisation mondiale de la sant\u00e9 animale et OMS), ainsi que du Programme des Nations Unies pour l&rsquo;environnement, de la Banque mondiale, de la Commission europ\u00e9enne et de pays partenaires. Annonc\u00e9e lors du One Planet Summit le 11 janvier 2021, l&rsquo;initiative PREZODE a \u00e9t\u00e9 pr\u00e9par\u00e9e \u00e0 travers une s\u00e9rie d&rsquo;ateliers en ligne qui ont r\u00e9uni pr\u00e8s de 400 chercheurs et autorit\u00e9s de sant\u00e9 publique de 50 pays sur les cinq continents.  <\/p>\n\n<p>PREZODE a organis\u00e9 des<a href=\"https:\/\/prezode-initiative.org\/fr\/ateliers-de-co-construction\/\" target=\"_blank\" rel=\"noreferrer noopener\"> ateliers <\/a>de <sup><strong><a href=\"https:\/\/prezode-initiative.org\/fr\/ateliers-de-co-construction\/\">co-construction<\/a><\/strong><\/sup> en 2021 et 2022 dans neuf zones du monde[<a href=\"about:blank\">1<\/a>], pour \u00e9laborer son agenda scientifique. Environ 1 800 contributeurs de 128 pays ont \u00e9t\u00e9 identifi\u00e9s \u00e0 travers les diff\u00e9rents ateliers. En plus de l&rsquo;\u00e9chelle internationale de ce processus, diff\u00e9rents secteurs \u00e9taient repr\u00e9sent\u00e9s parmi les participants\/acteurs, ce qui a apport\u00e9 une dimension intersectorielle au processus de co-construction.  <\/p>\n\n<div class=\"wp-block-buttons is-layout-flex wp-block-buttons-is-layout-flex\">\n<div class=\"wp-block-button\"><a class=\"wp-block-button__link has-background-color has-text-color has-background has-link-color wp-element-button\" href=\"https:\/\/prezode-initiative.org\/fr\/ateliers-de-co-construction\/\" style=\"background-color:#db541a\">Voir les rapports des ateliers<\/a><\/div>\n<\/div>\n\n<p><\/p>\n\n<p><\/p>\n\n<p><em>[<a href=\"about:blank\">1] <\/a>Afrique centrale, Europe, oc\u00e9an Indien, Am\u00e9rique latine et Cara\u00efbes, Afrique du Nord\/Moyen-Orient, Asie du Sud, Asie du Sud-Est\/Asie de l&rsquo;Est et Pacifique, Afrique australe et orientale, \u00c9tats-Unis\/Canada et Afrique de l&rsquo;Ouest.<\/em><\/p>\n\n<p><\/p>\n","protected":false},"excerpt":{"rendered":"<p>PREZODE a \u00e9t\u00e9 cr\u00e9\u00e9 d\u00e9but 2021 dans le contexte de la pand\u00e9mie COVID-19, afin d&rsquo;aider les organisations internationales et les pays du monde entier, en particulier les pays \u00e0 faible revenu, \u00e0 pr\u00e9venir l&rsquo;\u00e9mergence et la propagation des zoonoses. L&rsquo;article ci-dessous pr\u00e9sente le contexte de l&rsquo;initiative. Publi\u00e9 dans the Lancet, il est cosign\u00e9 par les<a href=\"https:\/\/prezode-initiative.org\/fr\/contexte\/\">Continue reading <span class=\"sr-only\">\u00ab\u00a0Contexte\u00a0\u00bb<\/span><\/a><\/p>\n","protected":false},"author":1,"featured_media":592,"parent":0,"menu_order":0,"comment_status":"closed","ping_status":"closed","template":"template-pages\/article-page.php","meta":{"_acf_changed":false,"footnotes":""},"class_list":["post-4954","page","type-page","status-publish","has-post-thumbnail","hentry"],"acf":[],"yoast_head":"<!-- This site is optimized with the Yoast SEO plugin v27.6 - https:\/\/yoast.com\/product\/yoast-seo-wordpress\/ -->\n<title>Contexte - Prezode.<\/title>\n<meta name=\"robots\" content=\"index, follow, max-snippet:-1, max-image-preview:large, max-video-preview:-1\" \/>\n<link rel=\"canonical\" href=\"https:\/\/prezode-initiative.org\/fr\/contexte\/\" \/>\n<meta property=\"og:locale\" content=\"fr_FR\" \/>\n<meta property=\"og:type\" content=\"article\" \/>\n<meta property=\"og:title\" content=\"Contexte - Prezode.\" \/>\n<meta property=\"og:description\" content=\"PREZODE a \u00e9t\u00e9 cr\u00e9\u00e9 d\u00e9but 2021 dans le contexte de la pand\u00e9mie COVID-19, afin d&rsquo;aider les organisations internationales et les pays du monde entier, en particulier les pays \u00e0 faible revenu, \u00e0 pr\u00e9venir l&rsquo;\u00e9mergence et la propagation des zoonoses. L&rsquo;article ci-dessous pr\u00e9sente le contexte de l&rsquo;initiative. Publi\u00e9 dans the Lancet, il est cosign\u00e9 par lesContinue reading &quot;Contexte&quot;\" \/>\n<meta property=\"og:url\" content=\"https:\/\/prezode-initiative.org\/fr\/contexte\/\" \/>\n<meta property=\"og:site_name\" content=\"Prezode\" \/>\n<meta property=\"article:modified_time\" content=\"2026-03-25T16:33:40+00:00\" \/>\n<meta property=\"og:image\" content=\"https:\/\/prezode-initiative.org\/wp-content\/uploads\/2025\/03\/The-inititative-scaled.jpg\" \/>\n\t<meta property=\"og:image:width\" content=\"2560\" \/>\n\t<meta property=\"og:image:height\" content=\"512\" \/>\n\t<meta property=\"og:image:type\" content=\"image\/jpeg\" \/>\n<meta name=\"twitter:card\" content=\"summary_large_image\" \/>\n<meta name=\"twitter:label1\" content=\"Dur\u00e9e de lecture estim\u00e9e\" \/>\n\t<meta name=\"twitter:data1\" content=\"3 minute\" \/>\n<script type=\"application\/ld+json\" class=\"yoast-schema-graph\">{\"@context\":\"https:\\\/\\\/schema.org\",\"@graph\":[{\"@type\":\"WebPage\",\"@id\":\"https:\\\/\\\/prezode-initiative.org\\\/fr\\\/contexte\\\/\",\"url\":\"https:\\\/\\\/prezode-initiative.org\\\/fr\\\/contexte\\\/\",\"name\":\"Contexte - Prezode.\",\"isPartOf\":{\"@id\":\"https:\\\/\\\/prezode-initiative.org\\\/fr\\\/#website\"},\"primaryImageOfPage\":{\"@id\":\"https:\\\/\\\/prezode-initiative.org\\\/fr\\\/contexte\\\/#primaryimage\"},\"image\":{\"@id\":\"https:\\\/\\\/prezode-initiative.org\\\/fr\\\/contexte\\\/#primaryimage\"},\"thumbnailUrl\":\"https:\\\/\\\/prezode-initiative.org\\\/wp-content\\\/uploads\\\/2025\\\/03\\\/The-inititative-scaled.jpg\",\"datePublished\":\"2025-03-11T10:24:22+00:00\",\"dateModified\":\"2026-03-25T16:33:40+00:00\",\"breadcrumb\":{\"@id\":\"https:\\\/\\\/prezode-initiative.org\\\/fr\\\/contexte\\\/#breadcrumb\"},\"inLanguage\":\"fr-FR\",\"potentialAction\":[{\"@type\":\"ReadAction\",\"target\":[\"https:\\\/\\\/prezode-initiative.org\\\/fr\\\/contexte\\\/\"]}]},{\"@type\":\"ImageObject\",\"inLanguage\":\"fr-FR\",\"@id\":\"https:\\\/\\\/prezode-initiative.org\\\/fr\\\/contexte\\\/#primaryimage\",\"url\":\"https:\\\/\\\/prezode-initiative.org\\\/wp-content\\\/uploads\\\/2025\\\/03\\\/The-inititative-scaled.jpg\",\"contentUrl\":\"https:\\\/\\\/prezode-initiative.org\\\/wp-content\\\/uploads\\\/2025\\\/03\\\/The-inititative-scaled.jpg\",\"width\":2560,\"height\":512},{\"@type\":\"BreadcrumbList\",\"@id\":\"https:\\\/\\\/prezode-initiative.org\\\/fr\\\/contexte\\\/#breadcrumb\",\"itemListElement\":[{\"@type\":\"ListItem\",\"position\":1,\"name\":\"Home\",\"item\":\"https:\\\/\\\/prezode-initiative.org\\\/fr\\\/\"},{\"@type\":\"ListItem\",\"position\":2,\"name\":\"Contexte\"}]},{\"@type\":\"WebSite\",\"@id\":\"https:\\\/\\\/prezode-initiative.org\\\/fr\\\/#website\",\"url\":\"https:\\\/\\\/prezode-initiative.org\\\/fr\\\/\",\"name\":\"Prezode\",\"description\":\"\",\"publisher\":{\"@id\":\"https:\\\/\\\/prezode-initiative.org\\\/fr\\\/#organization\"},\"potentialAction\":[{\"@type\":\"SearchAction\",\"target\":{\"@type\":\"EntryPoint\",\"urlTemplate\":\"https:\\\/\\\/prezode-initiative.org\\\/fr\\\/?s={search_term_string}\"},\"query-input\":{\"@type\":\"PropertyValueSpecification\",\"valueRequired\":true,\"valueName\":\"search_term_string\"}}],\"inLanguage\":\"fr-FR\"},{\"@type\":\"Organization\",\"@id\":\"https:\\\/\\\/prezode-initiative.org\\\/fr\\\/#organization\",\"name\":\"Prezode\",\"url\":\"https:\\\/\\\/prezode-initiative.org\\\/fr\\\/\",\"logo\":{\"@type\":\"ImageObject\",\"inLanguage\":\"fr-FR\",\"@id\":\"https:\\\/\\\/prezode-initiative.org\\\/fr\\\/#\\\/schema\\\/logo\\\/image\\\/\",\"url\":\"https:\\\/\\\/prezode-initiative.org\\\/wp-content\\\/uploads\\\/2025\\\/02\\\/logo.png\",\"contentUrl\":\"https:\\\/\\\/prezode-initiative.org\\\/wp-content\\\/uploads\\\/2025\\\/02\\\/logo.png\",\"width\":168,\"height\":118,\"caption\":\"Prezode\"},\"image\":{\"@id\":\"https:\\\/\\\/prezode-initiative.org\\\/fr\\\/#\\\/schema\\\/logo\\\/image\\\/\"}}]}<\/script>\n<!-- \/ Yoast SEO plugin. -->","yoast_head_json":{"title":"Contexte - Prezode.","robots":{"index":"index","follow":"follow","max-snippet":"max-snippet:-1","max-image-preview":"max-image-preview:large","max-video-preview":"max-video-preview:-1"},"canonical":"https:\/\/prezode-initiative.org\/fr\/contexte\/","og_locale":"fr_FR","og_type":"article","og_title":"Contexte - Prezode.","og_description":"PREZODE a \u00e9t\u00e9 cr\u00e9\u00e9 d\u00e9but 2021 dans le contexte de la pand\u00e9mie COVID-19, afin d&rsquo;aider les organisations internationales et les pays du monde entier, en particulier les pays \u00e0 faible revenu, \u00e0 pr\u00e9venir l&rsquo;\u00e9mergence et la propagation des zoonoses. L&rsquo;article ci-dessous pr\u00e9sente le contexte de l&rsquo;initiative. Publi\u00e9 dans the Lancet, il est cosign\u00e9 par lesContinue reading \"Contexte\"","og_url":"https:\/\/prezode-initiative.org\/fr\/contexte\/","og_site_name":"Prezode","article_modified_time":"2026-03-25T16:33:40+00:00","og_image":[{"width":2560,"height":512,"url":"https:\/\/prezode-initiative.org\/wp-content\/uploads\/2025\/03\/The-inititative-scaled.jpg","type":"image\/jpeg"}],"twitter_card":"summary_large_image","twitter_misc":{"Dur\u00e9e de lecture estim\u00e9e":"3 minute"},"schema":{"@context":"https:\/\/schema.org","@graph":[{"@type":"WebPage","@id":"https:\/\/prezode-initiative.org\/fr\/contexte\/","url":"https:\/\/prezode-initiative.org\/fr\/contexte\/","name":"Contexte - Prezode.","isPartOf":{"@id":"https:\/\/prezode-initiative.org\/fr\/#website"},"primaryImageOfPage":{"@id":"https:\/\/prezode-initiative.org\/fr\/contexte\/#primaryimage"},"image":{"@id":"https:\/\/prezode-initiative.org\/fr\/contexte\/#primaryimage"},"thumbnailUrl":"https:\/\/prezode-initiative.org\/wp-content\/uploads\/2025\/03\/The-inititative-scaled.jpg","datePublished":"2025-03-11T10:24:22+00:00","dateModified":"2026-03-25T16:33:40+00:00","breadcrumb":{"@id":"https:\/\/prezode-initiative.org\/fr\/contexte\/#breadcrumb"},"inLanguage":"fr-FR","potentialAction":[{"@type":"ReadAction","target":["https:\/\/prezode-initiative.org\/fr\/contexte\/"]}]},{"@type":"ImageObject","inLanguage":"fr-FR","@id":"https:\/\/prezode-initiative.org\/fr\/contexte\/#primaryimage","url":"https:\/\/prezode-initiative.org\/wp-content\/uploads\/2025\/03\/The-inititative-scaled.jpg","contentUrl":"https:\/\/prezode-initiative.org\/wp-content\/uploads\/2025\/03\/The-inititative-scaled.jpg","width":2560,"height":512},{"@type":"BreadcrumbList","@id":"https:\/\/prezode-initiative.org\/fr\/contexte\/#breadcrumb","itemListElement":[{"@type":"ListItem","position":1,"name":"Home","item":"https:\/\/prezode-initiative.org\/fr\/"},{"@type":"ListItem","position":2,"name":"Contexte"}]},{"@type":"WebSite","@id":"https:\/\/prezode-initiative.org\/fr\/#website","url":"https:\/\/prezode-initiative.org\/fr\/","name":"Prezode","description":"","publisher":{"@id":"https:\/\/prezode-initiative.org\/fr\/#organization"},"potentialAction":[{"@type":"SearchAction","target":{"@type":"EntryPoint","urlTemplate":"https:\/\/prezode-initiative.org\/fr\/?s={search_term_string}"},"query-input":{"@type":"PropertyValueSpecification","valueRequired":true,"valueName":"search_term_string"}}],"inLanguage":"fr-FR"},{"@type":"Organization","@id":"https:\/\/prezode-initiative.org\/fr\/#organization","name":"Prezode","url":"https:\/\/prezode-initiative.org\/fr\/","logo":{"@type":"ImageObject","inLanguage":"fr-FR","@id":"https:\/\/prezode-initiative.org\/fr\/#\/schema\/logo\/image\/","url":"https:\/\/prezode-initiative.org\/wp-content\/uploads\/2025\/02\/logo.png","contentUrl":"https:\/\/prezode-initiative.org\/wp-content\/uploads\/2025\/02\/logo.png","width":168,"height":118,"caption":"Prezode"},"image":{"@id":"https:\/\/prezode-initiative.org\/fr\/#\/schema\/logo\/image\/"}}]}},"_links":{"self":[{"href":"https:\/\/prezode-initiative.org\/fr\/wp-json\/wp\/v2\/pages\/4954","targetHints":{"allow":["GET"]}}],"collection":[{"href":"https:\/\/prezode-initiative.org\/fr\/wp-json\/wp\/v2\/pages"}],"about":[{"href":"https:\/\/prezode-initiative.org\/fr\/wp-json\/wp\/v2\/types\/page"}],"author":[{"embeddable":true,"href":"https:\/\/prezode-initiative.org\/fr\/wp-json\/wp\/v2\/users\/1"}],"replies":[{"embeddable":true,"href":"https:\/\/prezode-initiative.org\/fr\/wp-json\/wp\/v2\/comments?post=4954"}],"version-history":[{"count":2,"href":"https:\/\/prezode-initiative.org\/fr\/wp-json\/wp\/v2\/pages\/4954\/revisions"}],"predecessor-version":[{"id":5164,"href":"https:\/\/prezode-initiative.org\/fr\/wp-json\/wp\/v2\/pages\/4954\/revisions\/5164"}],"wp:featuredmedia":[{"embeddable":true,"href":"https:\/\/prezode-initiative.org\/fr\/wp-json\/wp\/v2\/media\/592"}],"wp:attachment":[{"href":"https:\/\/prezode-initiative.org\/fr\/wp-json\/wp\/v2\/media?parent=4954"}],"curies":[{"name":"wp","href":"https:\/\/api.w.org\/{rel}","templated":true}]}}