{"id":4830,"date":"2025-03-12T14:20:52","date_gmt":"2025-03-12T13:20:52","guid":{"rendered":"https:\/\/prezode-initiative.org\/participez-a-linitiative\/"},"modified":"2026-05-06T17:11:51","modified_gmt":"2026-05-06T15:11:51","slug":"participez-a-linitiative","status":"publish","type":"page","link":"https:\/\/prezode-initiative.org\/fr\/participez-a-linitiative\/","title":{"rendered":"Participez \u00e0 l&rsquo;initiative"},"content":{"rendered":"\n<h2 class=\"wp-block-heading\"><strong>Pour devenir membre de PREZODE, il faut adh\u00e9rer aux valeurs de l&rsquo;Initiative et soutenir son d\u00e9veloppement.<\/strong><\/h2>\n\n\n\n<p><\/p>\n\n\n\n<p>Tout \u00c9tat, toute personne morale ou tout groupe d&rsquo;organisations engag\u00e9s ou d\u00e9sireux de s&rsquo;engager dans des activit\u00e9s li\u00e9es \u00e0 l&rsquo;approche \u00ab\u00a0Une seule sant\u00e9\u00a0\u00bb et \u00e0 la pr\u00e9vention des maladies zoonotiques peut devenir membre de l&rsquo;initiative PREZODE. L&rsquo;adh\u00e9sion et le statut de membre sont volontaires et gratuits. <\/p>\n\n\n\n<div class=\"wp-block-buttons is-content-justification-center is-layout-flex wp-container-core-buttons-is-layout-16018d1d wp-block-buttons-is-layout-flex\">\n<div class=\"wp-block-button is-style-outline is-style-outline--1\"><a class=\"wp-block-button__link has-pz-orange-color has-background-background-color has-text-color has-background has-link-color wp-element-button\" href=\"https:\/\/www.initiatives-prezode.com\/join-prezode.php\" target=\"_blank\" rel=\"noreferrer noopener\">Formulaire de demande<\/a><\/div>\n<\/div>\n\n\n\n<p><\/p>\n\n\n\n<ul class=\"wp-block-list\">\n<li>La premi\u00e8re \u00e9tape de la demande d&rsquo;adh\u00e9sion consiste \u00e0 remplir le <a href=\"https:\/\/www.initiatives-prezode.com\/join-prezode.php#application-form\">formulaire d&rsquo;inscription <\/a>.<\/li>\n\n\n\n<li>Le secr\u00e9tariat du PREZODE contactera les candidats \u00e9ligibles afin qu&rsquo;ils signent la d\u00e9claration d&rsquo;intention du PREZODE et proposera ensuite leur adh\u00e9sion \u00e0 l&rsquo;AG.<\/li>\n\n\n\n<li>Les candidats \u00e9ligibles se verront automatiquement accorder le statut d&rsquo;observateur jusqu&rsquo;\u00e0 ce que leur adh\u00e9sion soit ent\u00e9rin\u00e9e lors de la r\u00e9union annuelle de l&rsquo;AG suivant leur candidature.<\/li>\n<\/ul>\n\n\n\n<p><\/p>\n\n\n\n<blockquote class=\"wp-block-quote is-layout-flow wp-block-quote-is-layout-flow\">\n<p>En signant la d\u00e9claration d&rsquo;intention de soutien \u00e0 l&rsquo;initiative internationale PREZODE, les nouveaux membres indiquent qu&rsquo;ils partagent les <a href=\"https:\/\/prezode-initiative.org\/fr\/vision-mission-et-valeurs\/\" target=\"_blank\" rel=\"noreferrer noopener\">valeurs<\/a> de l&rsquo;initiative et soutiennent son d\u00e9veloppement. Ils seront tenus inform\u00e9s de tous les d\u00e9veloppements li\u00e9s \u00e0 PREZODE et seront invit\u00e9s \u00e0 collaborer \u00e0 ses activit\u00e9s.<\/p>\n<\/blockquote>\n\n\n\n<div class=\"wp-block-buttons is-content-justification-center is-layout-flex wp-container-core-buttons-is-layout-16018d1d wp-block-buttons-is-layout-flex\">\n<div class=\"wp-block-button is-style-outline is-style-outline--2\"><a class=\"wp-block-button__link has-tertiary-color has-background-background-color has-text-color has-background has-link-color wp-element-button\" href=\"https:\/\/prezode-initiative.org\/fr\/our-members\/\">D\u00e9couvrez les membres de PREZODE<\/a><\/div>\n\n\n\n<div class=\"wp-block-button is-style-outline is-style-outline--3\"><a class=\"wp-block-button__link has-pz-dark-blue-color has-background-background-color has-text-color has-background has-link-color wp-element-button\" href=\"https:\/\/prezode-initiative.org\/fr\/carte-des-membres-des-organisations\/\">Voir la carte<\/a><\/div>\n<\/div>\n\n\n\n<p><\/p>\n","protected":false},"excerpt":{"rendered":"<p>Pour devenir membre de PREZODE, il faut adh\u00e9rer aux valeurs de l&rsquo;Initiative et soutenir son d\u00e9veloppement. Tout \u00c9tat, toute personne morale ou tout groupe d&rsquo;organisations engag\u00e9s ou d\u00e9sireux de s&rsquo;engager dans des activit\u00e9s li\u00e9es \u00e0 l&rsquo;approche \u00ab\u00a0Une seule sant\u00e9\u00a0\u00bb et \u00e0 la pr\u00e9vention des maladies zoonotiques peut devenir membre de l&rsquo;initiative PREZODE. L&rsquo;adh\u00e9sion et le<a href=\"https:\/\/prezode-initiative.org\/fr\/participez-a-linitiative\/\">Continue reading <span class=\"sr-only\">\u00ab\u00a0Participez \u00e0 l&rsquo;initiative\u00a0\u00bb<\/span><\/a><\/p>\n","protected":false},"author":1,"featured_media":6668,"parent":0,"menu_order":0,"comment_status":"closed","ping_status":"closed","template":"template-pages\/article-page.php","meta":{"_acf_changed":false,"footnotes":""},"class_list":["post-4830","page","type-page","status-publish","has-post-thumbnail","hentry"],"acf":[],"yoast_head":"<!-- This site is optimized with the Yoast SEO plugin v27.6 - https:\/\/yoast.com\/product\/yoast-seo-wordpress\/ -->\n<title>Participez \u00e0 l&#039;initiative - Prezode.<\/title>\n<meta name=\"robots\" content=\"index, follow, max-snippet:-1, max-image-preview:large, max-video-preview:-1\" \/>\n<link rel=\"canonical\" href=\"https:\/\/prezode-initiative.org\/fr\/participez-a-linitiative\/\" \/>\n<meta property=\"og:locale\" content=\"fr_FR\" \/>\n<meta property=\"og:type\" content=\"article\" \/>\n<meta property=\"og:title\" content=\"Participez \u00e0 l&#039;initiative - Prezode.\" \/>\n<meta property=\"og:description\" content=\"Pour devenir membre de PREZODE, il faut adh\u00e9rer aux valeurs de l&rsquo;Initiative et soutenir son d\u00e9veloppement. Tout \u00c9tat, toute personne morale ou tout groupe d&rsquo;organisations engag\u00e9s ou d\u00e9sireux de s&rsquo;engager dans des activit\u00e9s li\u00e9es \u00e0 l&rsquo;approche \u00ab\u00a0Une seule sant\u00e9\u00a0\u00bb et \u00e0 la pr\u00e9vention des maladies zoonotiques peut devenir membre de l&rsquo;initiative PREZODE. L&rsquo;adh\u00e9sion et leContinue reading &quot;Participez \u00e0 l&rsquo;initiative&quot;\" \/>\n<meta property=\"og:url\" content=\"https:\/\/prezode-initiative.org\/fr\/participez-a-linitiative\/\" \/>\n<meta property=\"og:site_name\" content=\"Prezode\" \/>\n<meta property=\"article:modified_time\" content=\"2026-05-06T15:11:51+00:00\" \/>\n<meta property=\"og:image\" content=\"https:\/\/prezode-initiative.org\/wp-content\/uploads\/2026\/05\/firosnv-photography-Rr3B0LH7W3k-unsplash-scaled-e1778078503274.jpg\" \/>\n\t<meta property=\"og:image:width\" content=\"900\" \/>\n\t<meta property=\"og:image:height\" content=\"1200\" \/>\n\t<meta property=\"og:image:type\" content=\"image\/jpeg\" \/>\n<meta name=\"twitter:card\" content=\"summary_large_image\" \/>\n<meta name=\"twitter:label1\" content=\"Dur\u00e9e de lecture estim\u00e9e\" \/>\n\t<meta name=\"twitter:data1\" content=\"1 minute\" \/>\n<script type=\"application\/ld+json\" class=\"yoast-schema-graph\">{\"@context\":\"https:\\\/\\\/schema.org\",\"@graph\":[{\"@type\":\"WebPage\",\"@id\":\"https:\\\/\\\/prezode-initiative.org\\\/fr\\\/participez-a-linitiative\\\/\",\"url\":\"https:\\\/\\\/prezode-initiative.org\\\/fr\\\/participez-a-linitiative\\\/\",\"name\":\"Participez \u00e0 l'initiative - Prezode.\",\"isPartOf\":{\"@id\":\"https:\\\/\\\/prezode-initiative.org\\\/fr\\\/#website\"},\"primaryImageOfPage\":{\"@id\":\"https:\\\/\\\/prezode-initiative.org\\\/fr\\\/participez-a-linitiative\\\/#primaryimage\"},\"image\":{\"@id\":\"https:\\\/\\\/prezode-initiative.org\\\/fr\\\/participez-a-linitiative\\\/#primaryimage\"},\"thumbnailUrl\":\"https:\\\/\\\/prezode-initiative.org\\\/wp-content\\\/uploads\\\/2026\\\/05\\\/firosnv-photography-Rr3B0LH7W3k-unsplash-scaled-e1778078503274.jpg\",\"datePublished\":\"2025-03-12T13:20:52+00:00\",\"dateModified\":\"2026-05-06T15:11:51+00:00\",\"breadcrumb\":{\"@id\":\"https:\\\/\\\/prezode-initiative.org\\\/fr\\\/participez-a-linitiative\\\/#breadcrumb\"},\"inLanguage\":\"fr-FR\",\"potentialAction\":[{\"@type\":\"ReadAction\",\"target\":[\"https:\\\/\\\/prezode-initiative.org\\\/fr\\\/participez-a-linitiative\\\/\"]}]},{\"@type\":\"ImageObject\",\"inLanguage\":\"fr-FR\",\"@id\":\"https:\\\/\\\/prezode-initiative.org\\\/fr\\\/participez-a-linitiative\\\/#primaryimage\",\"url\":\"https:\\\/\\\/prezode-initiative.org\\\/wp-content\\\/uploads\\\/2026\\\/05\\\/firosnv-photography-Rr3B0LH7W3k-unsplash-scaled-e1778078503274.jpg\",\"contentUrl\":\"https:\\\/\\\/prezode-initiative.org\\\/wp-content\\\/uploads\\\/2026\\\/05\\\/firosnv-photography-Rr3B0LH7W3k-unsplash-scaled-e1778078503274.jpg\",\"width\":900,\"height\":1200,\"caption\":\"top of trees seen from behind (reversed canopy)\"},{\"@type\":\"BreadcrumbList\",\"@id\":\"https:\\\/\\\/prezode-initiative.org\\\/fr\\\/participez-a-linitiative\\\/#breadcrumb\",\"itemListElement\":[{\"@type\":\"ListItem\",\"position\":1,\"name\":\"Home\",\"item\":\"https:\\\/\\\/prezode-initiative.org\\\/fr\\\/\"},{\"@type\":\"ListItem\",\"position\":2,\"name\":\"Participez \u00e0 l&#8217;initiative\"}]},{\"@type\":\"WebSite\",\"@id\":\"https:\\\/\\\/prezode-initiative.org\\\/fr\\\/#website\",\"url\":\"https:\\\/\\\/prezode-initiative.org\\\/fr\\\/\",\"name\":\"Prezode\",\"description\":\"\",\"publisher\":{\"@id\":\"https:\\\/\\\/prezode-initiative.org\\\/fr\\\/#organization\"},\"potentialAction\":[{\"@type\":\"SearchAction\",\"target\":{\"@type\":\"EntryPoint\",\"urlTemplate\":\"https:\\\/\\\/prezode-initiative.org\\\/fr\\\/?s={search_term_string}\"},\"query-input\":{\"@type\":\"PropertyValueSpecification\",\"valueRequired\":true,\"valueName\":\"search_term_string\"}}],\"inLanguage\":\"fr-FR\"},{\"@type\":\"Organization\",\"@id\":\"https:\\\/\\\/prezode-initiative.org\\\/fr\\\/#organization\",\"name\":\"Prezode\",\"url\":\"https:\\\/\\\/prezode-initiative.org\\\/fr\\\/\",\"logo\":{\"@type\":\"ImageObject\",\"inLanguage\":\"fr-FR\",\"@id\":\"https:\\\/\\\/prezode-initiative.org\\\/fr\\\/#\\\/schema\\\/logo\\\/image\\\/\",\"url\":\"https:\\\/\\\/prezode-initiative.org\\\/wp-content\\\/uploads\\\/2025\\\/02\\\/logo.png\",\"contentUrl\":\"https:\\\/\\\/prezode-initiative.org\\\/wp-content\\\/uploads\\\/2025\\\/02\\\/logo.png\",\"width\":168,\"height\":118,\"caption\":\"Prezode\"},\"image\":{\"@id\":\"https:\\\/\\\/prezode-initiative.org\\\/fr\\\/#\\\/schema\\\/logo\\\/image\\\/\"}}]}<\/script>\n<!-- \/ Yoast SEO plugin. -->","yoast_head_json":{"title":"Participez \u00e0 l'initiative - Prezode.","robots":{"index":"index","follow":"follow","max-snippet":"max-snippet:-1","max-image-preview":"max-image-preview:large","max-video-preview":"max-video-preview:-1"},"canonical":"https:\/\/prezode-initiative.org\/fr\/participez-a-linitiative\/","og_locale":"fr_FR","og_type":"article","og_title":"Participez \u00e0 l'initiative - Prezode.","og_description":"Pour devenir membre de PREZODE, il faut adh\u00e9rer aux valeurs de l&rsquo;Initiative et soutenir son d\u00e9veloppement. Tout \u00c9tat, toute personne morale ou tout groupe d&rsquo;organisations engag\u00e9s ou d\u00e9sireux de s&rsquo;engager dans des activit\u00e9s li\u00e9es \u00e0 l&rsquo;approche \u00ab\u00a0Une seule sant\u00e9\u00a0\u00bb et \u00e0 la pr\u00e9vention des maladies zoonotiques peut devenir membre de l&rsquo;initiative PREZODE. L&rsquo;adh\u00e9sion et leContinue reading \"Participez \u00e0 l&rsquo;initiative\"","og_url":"https:\/\/prezode-initiative.org\/fr\/participez-a-linitiative\/","og_site_name":"Prezode","article_modified_time":"2026-05-06T15:11:51+00:00","og_image":[{"width":900,"height":1200,"url":"https:\/\/prezode-initiative.org\/wp-content\/uploads\/2026\/05\/firosnv-photography-Rr3B0LH7W3k-unsplash-scaled-e1778078503274.jpg","type":"image\/jpeg"}],"twitter_card":"summary_large_image","twitter_misc":{"Dur\u00e9e de lecture estim\u00e9e":"1 minute"},"schema":{"@context":"https:\/\/schema.org","@graph":[{"@type":"WebPage","@id":"https:\/\/prezode-initiative.org\/fr\/participez-a-linitiative\/","url":"https:\/\/prezode-initiative.org\/fr\/participez-a-linitiative\/","name":"Participez \u00e0 l'initiative - Prezode.","isPartOf":{"@id":"https:\/\/prezode-initiative.org\/fr\/#website"},"primaryImageOfPage":{"@id":"https:\/\/prezode-initiative.org\/fr\/participez-a-linitiative\/#primaryimage"},"image":{"@id":"https:\/\/prezode-initiative.org\/fr\/participez-a-linitiative\/#primaryimage"},"thumbnailUrl":"https:\/\/prezode-initiative.org\/wp-content\/uploads\/2026\/05\/firosnv-photography-Rr3B0LH7W3k-unsplash-scaled-e1778078503274.jpg","datePublished":"2025-03-12T13:20:52+00:00","dateModified":"2026-05-06T15:11:51+00:00","breadcrumb":{"@id":"https:\/\/prezode-initiative.org\/fr\/participez-a-linitiative\/#breadcrumb"},"inLanguage":"fr-FR","potentialAction":[{"@type":"ReadAction","target":["https:\/\/prezode-initiative.org\/fr\/participez-a-linitiative\/"]}]},{"@type":"ImageObject","inLanguage":"fr-FR","@id":"https:\/\/prezode-initiative.org\/fr\/participez-a-linitiative\/#primaryimage","url":"https:\/\/prezode-initiative.org\/wp-content\/uploads\/2026\/05\/firosnv-photography-Rr3B0LH7W3k-unsplash-scaled-e1778078503274.jpg","contentUrl":"https:\/\/prezode-initiative.org\/wp-content\/uploads\/2026\/05\/firosnv-photography-Rr3B0LH7W3k-unsplash-scaled-e1778078503274.jpg","width":900,"height":1200,"caption":"top of trees seen from behind (reversed canopy)"},{"@type":"BreadcrumbList","@id":"https:\/\/prezode-initiative.org\/fr\/participez-a-linitiative\/#breadcrumb","itemListElement":[{"@type":"ListItem","position":1,"name":"Home","item":"https:\/\/prezode-initiative.org\/fr\/"},{"@type":"ListItem","position":2,"name":"Participez \u00e0 l&#8217;initiative"}]},{"@type":"WebSite","@id":"https:\/\/prezode-initiative.org\/fr\/#website","url":"https:\/\/prezode-initiative.org\/fr\/","name":"Prezode","description":"","publisher":{"@id":"https:\/\/prezode-initiative.org\/fr\/#organization"},"potentialAction":[{"@type":"SearchAction","target":{"@type":"EntryPoint","urlTemplate":"https:\/\/prezode-initiative.org\/fr\/?s={search_term_string}"},"query-input":{"@type":"PropertyValueSpecification","valueRequired":true,"valueName":"search_term_string"}}],"inLanguage":"fr-FR"},{"@type":"Organization","@id":"https:\/\/prezode-initiative.org\/fr\/#organization","name":"Prezode","url":"https:\/\/prezode-initiative.org\/fr\/","logo":{"@type":"ImageObject","inLanguage":"fr-FR","@id":"https:\/\/prezode-initiative.org\/fr\/#\/schema\/logo\/image\/","url":"https:\/\/prezode-initiative.org\/wp-content\/uploads\/2025\/02\/logo.png","contentUrl":"https:\/\/prezode-initiative.org\/wp-content\/uploads\/2025\/02\/logo.png","width":168,"height":118,"caption":"Prezode"},"image":{"@id":"https:\/\/prezode-initiative.org\/fr\/#\/schema\/logo\/image\/"}}]}},"_links":{"self":[{"href":"https:\/\/prezode-initiative.org\/fr\/wp-json\/wp\/v2\/pages\/4830","targetHints":{"allow":["GET"]}}],"collection":[{"href":"https:\/\/prezode-initiative.org\/fr\/wp-json\/wp\/v2\/pages"}],"about":[{"href":"https:\/\/prezode-initiative.org\/fr\/wp-json\/wp\/v2\/types\/page"}],"author":[{"embeddable":true,"href":"https:\/\/prezode-initiative.org\/fr\/wp-json\/wp\/v2\/users\/1"}],"replies":[{"embeddable":true,"href":"https:\/\/prezode-initiative.org\/fr\/wp-json\/wp\/v2\/comments?post=4830"}],"version-history":[{"count":5,"href":"https:\/\/prezode-initiative.org\/fr\/wp-json\/wp\/v2\/pages\/4830\/revisions"}],"predecessor-version":[{"id":6678,"href":"https:\/\/prezode-initiative.org\/fr\/wp-json\/wp\/v2\/pages\/4830\/revisions\/6678"}],"wp:featuredmedia":[{"embeddable":true,"href":"https:\/\/prezode-initiative.org\/fr\/wp-json\/wp\/v2\/media\/6668"}],"wp:attachment":[{"href":"https:\/\/prezode-initiative.org\/fr\/wp-json\/wp\/v2\/media?parent=4830"}],"curies":[{"name":"wp","href":"https:\/\/api.w.org\/{rel}","templated":true}]}}