{"id":4708,"date":"2025-09-05T16:24:56","date_gmt":"2025-09-05T14:24:56","guid":{"rendered":"https:\/\/prezode-initiative.org\/le-processus-dapprobation-de-letiquetage\/"},"modified":"2026-03-25T17:46:47","modified_gmt":"2026-03-25T16:46:47","slug":"le-processus-dapprobation-de-letiquetage","status":"publish","type":"page","link":"https:\/\/prezode-initiative.org\/fr\/le-processus-dapprobation-de-letiquetage\/","title":{"rendered":"Le processus d&rsquo;approbation de l&rsquo;\u00e9tiquetage"},"content":{"rendered":"\n<p><\/p>\n\n<h2 class=\"wp-block-heading\"><strong>Les projets conformes aux valeurs et aux objectifs du PREZODE peuvent demander \u00e0 \u00eatre approuv\u00e9s.<\/strong> <\/h2>\n\n<p><\/p>\n\n<h3 class=\"wp-block-heading\"><strong>Am\u00e9liorez la visibilit\u00e9 de votre initiative en obtenant un label PREZODE !<\/strong> <\/h3>\n\n<div class=\"wp-block-buttons alignwide is-content-justification-center is-layout-flex wp-container-core-buttons-is-layout-16018d1d wp-block-buttons-is-layout-flex\">\n<div class=\"wp-block-button is-style-outline is-style-outline--1\"><a class=\"wp-block-button__link has-pz-orange-color has-background-background-color has-text-color has-background has-link-color wp-element-button\" href=\"https:\/\/nextcloud.prezode-initiative.org\/s\/zjpZcosrMqPSHKj?dir=\/&amp;editing=false&amp;openfile=true\" target=\"_blank\" rel=\"noreferrer noopener\">Cliquez ici pour obtenir plus d&rsquo;informations sur la proc\u00e9dure<\/a><\/div>\n<\/div>\n\n<p>Le <strong>syst\u00e8me d&rsquo;approbation<\/strong> favorise la collaboration et la visibilit\u00e9 des initiatives conformes aux principes de la sant\u00e9 unique. Les initiatives approuv\u00e9es b\u00e9n\u00e9ficient de :  <\/p>\n\n<ul class=\"wp-block-list\">\n<li><strong>Reconnaissance<\/strong> <strong>par PREZODE<\/strong>.<\/li>\n\n\n\n<li><strong>Int\u00e9gration dans un r\u00e9seau mondial<\/strong>.<\/li>\n\n\n\n<li><strong>Obtenez une plus grande visibilit\u00e9.<\/strong> <\/li>\n<\/ul>\n\n<p><\/p>\n\n<div class=\"wp-block-buttons alignwide is-content-justification-center is-layout-flex wp-container-core-buttons-is-layout-16018d1d wp-block-buttons-is-layout-flex\">\n<div class=\"wp-block-button is-style-outline is-style-outline--2\"><a class=\"wp-block-button__link has-vivid-cyan-blue-color has-background-background-color has-text-color has-background has-link-color wp-element-button\" href=\"https:\/\/www.initiatives-prezode.com\/index.html\" target=\"_blank\" rel=\"noreferrer noopener\">D\u00e9marrer le processus<\/a><\/div>\n<\/div>\n\n<h3 class=\"wp-block-heading\"><strong>Rejoignez la communaut\u00e9 de One Health Initiatives<\/strong>!<\/h3>\n\n<p>Le syst\u00e8me d&rsquo;\u00e9tiquetage est li\u00e9 \u00e0 la <a href=\"https:\/\/www.initiatives-prezode.com\/index.html\" target=\"_blank\" rel=\"noreferrer noopener\">carte \u00ab\u00a0One Health Initiatives\u00a0\u00bb<\/a> \u00e9labor\u00e9e par PREZODE. Cette carte est une recension d&rsquo;initiatives, de programmes et de projets dans le monde entier, impliqu\u00e9s dans la pr\u00e9vention des infections par des maladies zoonotiques \u00e9mergentes. <\/p>\n\n<p>Le syst\u00e8me d&rsquo;approbation favorise les synergies entre les initiatives existantes et \u00e0 venir, encourageant la collaboration et renfor\u00e7ant la durabilit\u00e9. Il vise \u00e9galement \u00e0 promouvoir des solutions fond\u00e9es sur la science afin d&rsquo;informer les responsables politiques et les d\u00e9cideurs. Les participants b\u00e9n\u00e9ficieront d&rsquo;une reconnaissance pour l&rsquo;adoption de principes de collaboration, d&rsquo;une inclusion dans une communaut\u00e9 de pratique et d&rsquo;une visibilit\u00e9 accrue via les canaux de communication de PREZODE. En outre, le programme veillera \u00e0 ce que les activit\u00e9s approuv\u00e9es compl\u00e8tent les efforts plut\u00f4t que de les dupliquer, afin d&rsquo;en maximiser l&rsquo;impact. Les candidatures seront examin\u00e9es par les points focaux scientifiques de PREZODE.      <\/p>\n\n<p><\/p>\n","protected":false},"excerpt":{"rendered":"<p>Les projets conformes aux valeurs et aux objectifs du PREZODE peuvent demander \u00e0 \u00eatre approuv\u00e9s. Am\u00e9liorez la visibilit\u00e9 de votre initiative en obtenant un label PREZODE ! Le syst\u00e8me d&rsquo;approbation favorise la collaboration et la visibilit\u00e9 des initiatives conformes aux principes de la sant\u00e9 unique. Les initiatives approuv\u00e9es b\u00e9n\u00e9ficient de : Rejoignez la communaut\u00e9 de<a href=\"https:\/\/prezode-initiative.org\/fr\/le-processus-dapprobation-de-letiquetage\/\">Continue reading <span class=\"sr-only\">\u00ab\u00a0Le processus d&rsquo;approbation de l&rsquo;\u00e9tiquetage\u00a0\u00bb<\/span><\/a><\/p>\n","protected":false},"author":2,"featured_media":0,"parent":0,"menu_order":0,"comment_status":"closed","ping_status":"closed","template":"template-pages\/article-page.php","meta":{"_acf_changed":false,"footnotes":""},"class_list":["post-4708","page","type-page","status-publish","hentry"],"acf":[],"yoast_head":"<!-- This site is optimized with the Yoast SEO plugin v27.6 - https:\/\/yoast.com\/product\/yoast-seo-wordpress\/ -->\n<title>Le processus d&#039;approbation de l&#039;\u00e9tiquetage - Prezode.<\/title>\n<meta name=\"robots\" content=\"index, follow, max-snippet:-1, max-image-preview:large, max-video-preview:-1\" \/>\n<link rel=\"canonical\" href=\"https:\/\/prezode-initiative.org\/fr\/le-processus-dapprobation-de-letiquetage\/\" \/>\n<meta property=\"og:locale\" content=\"fr_FR\" \/>\n<meta property=\"og:type\" content=\"article\" \/>\n<meta property=\"og:title\" content=\"Le processus d&#039;approbation de l&#039;\u00e9tiquetage - Prezode.\" \/>\n<meta property=\"og:description\" content=\"Les projets conformes aux valeurs et aux objectifs du PREZODE peuvent demander \u00e0 \u00eatre approuv\u00e9s. Am\u00e9liorez la visibilit\u00e9 de votre initiative en obtenant un label PREZODE ! Le syst\u00e8me d&rsquo;approbation favorise la collaboration et la visibilit\u00e9 des initiatives conformes aux principes de la sant\u00e9 unique. Les initiatives approuv\u00e9es b\u00e9n\u00e9ficient de : Rejoignez la communaut\u00e9 deContinue reading &quot;Le processus d&rsquo;approbation de l&rsquo;\u00e9tiquetage&quot;\" \/>\n<meta property=\"og:url\" content=\"https:\/\/prezode-initiative.org\/fr\/le-processus-dapprobation-de-letiquetage\/\" \/>\n<meta property=\"og:site_name\" content=\"Prezode\" \/>\n<meta property=\"article:modified_time\" content=\"2026-03-25T16:46:47+00:00\" \/>\n<meta name=\"twitter:card\" content=\"summary_large_image\" \/>\n<meta name=\"twitter:label1\" content=\"Dur\u00e9e de lecture estim\u00e9e\" \/>\n\t<meta name=\"twitter:data1\" content=\"1 minute\" \/>\n<script type=\"application\/ld+json\" class=\"yoast-schema-graph\">{\"@context\":\"https:\\\/\\\/schema.org\",\"@graph\":[{\"@type\":\"WebPage\",\"@id\":\"https:\\\/\\\/prezode-initiative.org\\\/fr\\\/le-processus-dapprobation-de-letiquetage\\\/\",\"url\":\"https:\\\/\\\/prezode-initiative.org\\\/fr\\\/le-processus-dapprobation-de-letiquetage\\\/\",\"name\":\"Le processus d'approbation de l'\u00e9tiquetage - Prezode.\",\"isPartOf\":{\"@id\":\"https:\\\/\\\/prezode-initiative.org\\\/fr\\\/#website\"},\"datePublished\":\"2025-09-05T14:24:56+00:00\",\"dateModified\":\"2026-03-25T16:46:47+00:00\",\"breadcrumb\":{\"@id\":\"https:\\\/\\\/prezode-initiative.org\\\/fr\\\/le-processus-dapprobation-de-letiquetage\\\/#breadcrumb\"},\"inLanguage\":\"fr-FR\",\"potentialAction\":[{\"@type\":\"ReadAction\",\"target\":[\"https:\\\/\\\/prezode-initiative.org\\\/fr\\\/le-processus-dapprobation-de-letiquetage\\\/\"]}]},{\"@type\":\"BreadcrumbList\",\"@id\":\"https:\\\/\\\/prezode-initiative.org\\\/fr\\\/le-processus-dapprobation-de-letiquetage\\\/#breadcrumb\",\"itemListElement\":[{\"@type\":\"ListItem\",\"position\":1,\"name\":\"Home\",\"item\":\"https:\\\/\\\/prezode-initiative.org\\\/fr\\\/\"},{\"@type\":\"ListItem\",\"position\":2,\"name\":\"Le processus d&#8217;approbation de l&#8217;\u00e9tiquetage\"}]},{\"@type\":\"WebSite\",\"@id\":\"https:\\\/\\\/prezode-initiative.org\\\/fr\\\/#website\",\"url\":\"https:\\\/\\\/prezode-initiative.org\\\/fr\\\/\",\"name\":\"Prezode\",\"description\":\"\",\"publisher\":{\"@id\":\"https:\\\/\\\/prezode-initiative.org\\\/fr\\\/#organization\"},\"potentialAction\":[{\"@type\":\"SearchAction\",\"target\":{\"@type\":\"EntryPoint\",\"urlTemplate\":\"https:\\\/\\\/prezode-initiative.org\\\/fr\\\/?s={search_term_string}\"},\"query-input\":{\"@type\":\"PropertyValueSpecification\",\"valueRequired\":true,\"valueName\":\"search_term_string\"}}],\"inLanguage\":\"fr-FR\"},{\"@type\":\"Organization\",\"@id\":\"https:\\\/\\\/prezode-initiative.org\\\/fr\\\/#organization\",\"name\":\"Prezode\",\"url\":\"https:\\\/\\\/prezode-initiative.org\\\/fr\\\/\",\"logo\":{\"@type\":\"ImageObject\",\"inLanguage\":\"fr-FR\",\"@id\":\"https:\\\/\\\/prezode-initiative.org\\\/fr\\\/#\\\/schema\\\/logo\\\/image\\\/\",\"url\":\"https:\\\/\\\/prezode-initiative.org\\\/wp-content\\\/uploads\\\/2025\\\/02\\\/logo.png\",\"contentUrl\":\"https:\\\/\\\/prezode-initiative.org\\\/wp-content\\\/uploads\\\/2025\\\/02\\\/logo.png\",\"width\":168,\"height\":118,\"caption\":\"Prezode\"},\"image\":{\"@id\":\"https:\\\/\\\/prezode-initiative.org\\\/fr\\\/#\\\/schema\\\/logo\\\/image\\\/\"}}]}<\/script>\n<!-- \/ Yoast SEO plugin. -->","yoast_head_json":{"title":"Le processus d'approbation de l'\u00e9tiquetage - Prezode.","robots":{"index":"index","follow":"follow","max-snippet":"max-snippet:-1","max-image-preview":"max-image-preview:large","max-video-preview":"max-video-preview:-1"},"canonical":"https:\/\/prezode-initiative.org\/fr\/le-processus-dapprobation-de-letiquetage\/","og_locale":"fr_FR","og_type":"article","og_title":"Le processus d'approbation de l'\u00e9tiquetage - Prezode.","og_description":"Les projets conformes aux valeurs et aux objectifs du PREZODE peuvent demander \u00e0 \u00eatre approuv\u00e9s. Am\u00e9liorez la visibilit\u00e9 de votre initiative en obtenant un label PREZODE ! Le syst\u00e8me d&rsquo;approbation favorise la collaboration et la visibilit\u00e9 des initiatives conformes aux principes de la sant\u00e9 unique. Les initiatives approuv\u00e9es b\u00e9n\u00e9ficient de : Rejoignez la communaut\u00e9 deContinue reading \"Le processus d&rsquo;approbation de l&rsquo;\u00e9tiquetage\"","og_url":"https:\/\/prezode-initiative.org\/fr\/le-processus-dapprobation-de-letiquetage\/","og_site_name":"Prezode","article_modified_time":"2026-03-25T16:46:47+00:00","twitter_card":"summary_large_image","twitter_misc":{"Dur\u00e9e de lecture estim\u00e9e":"1 minute"},"schema":{"@context":"https:\/\/schema.org","@graph":[{"@type":"WebPage","@id":"https:\/\/prezode-initiative.org\/fr\/le-processus-dapprobation-de-letiquetage\/","url":"https:\/\/prezode-initiative.org\/fr\/le-processus-dapprobation-de-letiquetage\/","name":"Le processus d'approbation de l'\u00e9tiquetage - Prezode.","isPartOf":{"@id":"https:\/\/prezode-initiative.org\/fr\/#website"},"datePublished":"2025-09-05T14:24:56+00:00","dateModified":"2026-03-25T16:46:47+00:00","breadcrumb":{"@id":"https:\/\/prezode-initiative.org\/fr\/le-processus-dapprobation-de-letiquetage\/#breadcrumb"},"inLanguage":"fr-FR","potentialAction":[{"@type":"ReadAction","target":["https:\/\/prezode-initiative.org\/fr\/le-processus-dapprobation-de-letiquetage\/"]}]},{"@type":"BreadcrumbList","@id":"https:\/\/prezode-initiative.org\/fr\/le-processus-dapprobation-de-letiquetage\/#breadcrumb","itemListElement":[{"@type":"ListItem","position":1,"name":"Home","item":"https:\/\/prezode-initiative.org\/fr\/"},{"@type":"ListItem","position":2,"name":"Le processus d&#8217;approbation de l&#8217;\u00e9tiquetage"}]},{"@type":"WebSite","@id":"https:\/\/prezode-initiative.org\/fr\/#website","url":"https:\/\/prezode-initiative.org\/fr\/","name":"Prezode","description":"","publisher":{"@id":"https:\/\/prezode-initiative.org\/fr\/#organization"},"potentialAction":[{"@type":"SearchAction","target":{"@type":"EntryPoint","urlTemplate":"https:\/\/prezode-initiative.org\/fr\/?s={search_term_string}"},"query-input":{"@type":"PropertyValueSpecification","valueRequired":true,"valueName":"search_term_string"}}],"inLanguage":"fr-FR"},{"@type":"Organization","@id":"https:\/\/prezode-initiative.org\/fr\/#organization","name":"Prezode","url":"https:\/\/prezode-initiative.org\/fr\/","logo":{"@type":"ImageObject","inLanguage":"fr-FR","@id":"https:\/\/prezode-initiative.org\/fr\/#\/schema\/logo\/image\/","url":"https:\/\/prezode-initiative.org\/wp-content\/uploads\/2025\/02\/logo.png","contentUrl":"https:\/\/prezode-initiative.org\/wp-content\/uploads\/2025\/02\/logo.png","width":168,"height":118,"caption":"Prezode"},"image":{"@id":"https:\/\/prezode-initiative.org\/fr\/#\/schema\/logo\/image\/"}}]}},"_links":{"self":[{"href":"https:\/\/prezode-initiative.org\/fr\/wp-json\/wp\/v2\/pages\/4708","targetHints":{"allow":["GET"]}}],"collection":[{"href":"https:\/\/prezode-initiative.org\/fr\/wp-json\/wp\/v2\/pages"}],"about":[{"href":"https:\/\/prezode-initiative.org\/fr\/wp-json\/wp\/v2\/types\/page"}],"author":[{"embeddable":true,"href":"https:\/\/prezode-initiative.org\/fr\/wp-json\/wp\/v2\/users\/2"}],"replies":[{"embeddable":true,"href":"https:\/\/prezode-initiative.org\/fr\/wp-json\/wp\/v2\/comments?post=4708"}],"version-history":[{"count":3,"href":"https:\/\/prezode-initiative.org\/fr\/wp-json\/wp\/v2\/pages\/4708\/revisions"}],"predecessor-version":[{"id":5710,"href":"https:\/\/prezode-initiative.org\/fr\/wp-json\/wp\/v2\/pages\/4708\/revisions\/5710"}],"wp:attachment":[{"href":"https:\/\/prezode-initiative.org\/fr\/wp-json\/wp\/v2\/media?parent=4708"}],"curies":[{"name":"wp","href":"https:\/\/api.w.org\/{rel}","templated":true}]}}