{"id":4699,"date":"2025-05-05T13:48:49","date_gmt":"2025-05-05T11:48:49","guid":{"rendered":"https:\/\/prezode-initiative.org\/notre-organisation-et-notre-personnel\/"},"modified":"2026-03-26T10:51:54","modified_gmt":"2026-03-26T09:51:54","slug":"notre-organisation-et-notre-personnel","status":"publish","type":"page","link":"https:\/\/prezode-initiative.org\/fr\/notre-organisation-et-notre-personnel\/","title":{"rendered":"Notre organisation et notre personnel"},"content":{"rendered":"\n<h2 class=\"wp-block-heading\">Gouvernance<\/h2>\n\n<p>Les modalit\u00e9s de gouvernance de PREZODE ont \u00e9t\u00e9 adopt\u00e9es par ses membres le 11 octobre 2022. Les deux organes principaux de cette gouvernance sont l&rsquo;Assembl\u00e9e g\u00e9n\u00e9rale (AG) et le Comit\u00e9 de pilotage (CP). <\/p>\n\n<h3 class=\"wp-block-heading\">L&rsquo;<strong>Assembl\u00e9e g\u00e9n\u00e9rale<\/strong><\/h3>\n\n<p>L&rsquo;<a href=\"https:\/\/prezode-initiative.org\/fr\/role-et-responsabilites-de-lassemblee-generale\/\" target=\"_blank\" rel=\"noreferrer noopener\">AG<\/a> des <a href=\"https:\/\/prezode-initiative.org\/en\/our-members\/\" target=\"_blank\" rel=\"noreferrer noopener\">membres du<\/a> PREZODE est charg\u00e9e d&rsquo;examiner et d&rsquo;<strong>adopter la strat\u00e9gie et les r\u00e9sultats de l&rsquo;initiative<\/strong>, qui sont \u00e9labor\u00e9s sur la base des propositions du CS. Le secr\u00e9tariat soutient ces organes et coordonne et met en \u0153uvre les activit\u00e9s quotidiennes de l&rsquo;initiative PREZODE. <\/p>\n\n<h3 class=\"wp-block-heading\">Le <strong>comit\u00e9 de pilotage<\/strong><\/h3>\n\n<p>Le <a href=\"https:\/\/prezode-initiative.org\/fr\/le-role-du-comite-de-pilotage\/\" target=\"_blank\" rel=\"noreferrer noopener\">comit\u00e9 de surveillance<\/a> <strong>propose \u00e0 l&rsquo;assembl\u00e9e g\u00e9n\u00e9rale une strat\u00e9gie assortie de r\u00e9sultats sp\u00e9cifiques et limit\u00e9s dans le temps, et supervise la mise en \u0153uvre de l&rsquo;initiative<\/strong>. Il veille \u00e0 ce que les d\u00e9cisions prises par l&rsquo;AG et le comit\u00e9 directeur soient appliqu\u00e9es efficacement et \u00e0 ce que tous les comit\u00e9s et groupes de travail du PREZODE fonctionnent sans heurts, conform\u00e9ment aux proc\u00e9dures \u00e9tablies. Il joue un r\u00f4le crucial dans la d\u00e9finition de l&rsquo;orientation strat\u00e9gique du PREZODE, en soumettant des recommandations \u00e0 l&rsquo;AG et en prenant des d\u00e9cisions importantes concernant diverses actions. Le comit\u00e9 scientifique est organis\u00e9 en trois coll\u00e8ges repr\u00e9sentant la science, les cinq r\u00e9gions du monde (Afrique, Am\u00e9riques, Asie, Europe et Oc\u00e9anie) et la soci\u00e9t\u00e9 civile. En outre, ces membres participent activement et repr\u00e9sentent PREZODE lors de divers \u00e9v\u00e9nements internationaux, r\u00e9gionaux et virtuels et pr\u00e9sident les groupes de travail des piliers.    <\/p>\n\n<h2 class=\"wp-block-heading\">Le Secr\u00e9tariat<\/h2>\n\n<p>Le r\u00f4le du <a href=\"https:\/\/prezode-initiative.org\/fr\/le-role-du-secretariat\/\" target=\"_blank\" rel=\"noreferrer noopener\">secr\u00e9tariat<\/a> est de <strong>coordonner et de mettre en \u0153uvre les activit\u00e9s quotidiennes de l&rsquo;initiative<\/strong>, de s&rsquo;assurer que les d\u00e9cisions de l&rsquo;AG et du CS sont mises en \u0153uvre et de maintenir le bon fonctionnement et les proc\u00e9dures de tous les comit\u00e9s et groupes de travail du PREZODE. <strong>Le comit\u00e9 ex\u00e9cutif<\/strong>, form\u00e9 par les trois instituts fondateurs du PREZODE<a href=\"https:\/\/www.cirad.fr\/en\" target=\"_blank\" rel=\"noreferrer noopener\">(CIRAD<\/a>,<a href=\"https:\/\/www.inrae.fr\/en\" target=\"_blank\" rel=\"noreferrer noopener\"> INRAE<\/a>, <a href=\"https:\/\/en.ird.fr\/\" target=\"_blank\" rel=\"noreferrer noopener\">IRD<\/a>), fournit une <strong>assistance et un soutien en nature<\/strong> au secr\u00e9tariat.<\/p>\n\n<p>Le Secr\u00e9tariat b\u00e9n\u00e9ficie grandement du soutien des <strong>points focaux r\u00e9gionaux et scientifiques<\/strong> d\u00e9sign\u00e9s. Ces points focaux jouent un r\u00f4le crucial en facilitant la communication, la coordination et le partage des connaissances. Ils assurent la liaison et veillent \u00e0 ce que les perspectives r\u00e9gionales et l&rsquo;expertise scientifique soient effectivement int\u00e9gr\u00e9es dans les activit\u00e9s du Secr\u00e9tariat.  <\/p>\n\n<p><\/p>\n\n<h2 class=\"wp-block-heading\">Mandat de gouvernance de PREZODE<\/h2>\n\n<p><\/p>\n\n<div data-wp-interactive=\"core\/file\" class=\"wp-block-file\"><object data-wp-bind--hidden=\"!state.hasPdfPreview\" hidden class=\"wp-block-file__embed\" data=\"https:\/\/prezode-initiative.org\/wp-content\/uploads\/2025\/07\/PREZODE_ToR-adopted-2022.pdf\" type=\"application\/pdf\" style=\"width:100%;height:600px\" aria-label=\"Contenu embarqu\u00e9 PREZODE_ToR adopted-2022.\"><\/object><a id=\"wp-block-file--media-394ddac6-4cd6-4fd4-ab79-ff515b065d85\" href=\"https:\/\/prezode-initiative.org\/wp-content\/uploads\/2025\/07\/PREZODE_ToR-adopted-2022.pdf\">PREZODE_ToR adopt\u00e9-2022<\/a><a href=\"https:\/\/prezode-initiative.org\/wp-content\/uploads\/2025\/07\/PREZODE_ToR-adopted-2022.pdf\" class=\"wp-block-file__button wp-element-button\" download=\"\" aria-describedby=\"wp-block-file--media-394ddac6-4cd6-4fd4-ab79-ff515b065d85\">T\u00e9l\u00e9charger<\/a><\/div>\n\n<p><\/p>\n","protected":false},"excerpt":{"rendered":"<p>Gouvernance Les modalit\u00e9s de gouvernance de PREZODE ont \u00e9t\u00e9 adopt\u00e9es par ses membres le 11 octobre 2022. Les deux organes principaux de cette gouvernance sont l&rsquo;Assembl\u00e9e g\u00e9n\u00e9rale (AG) et le Comit\u00e9 de pilotage (CP). L&rsquo;Assembl\u00e9e g\u00e9n\u00e9rale L&rsquo;AG des membres du PREZODE est charg\u00e9e d&rsquo;examiner et d&rsquo;adopter la strat\u00e9gie et les r\u00e9sultats de l&rsquo;initiative, qui sont<a href=\"https:\/\/prezode-initiative.org\/fr\/notre-organisation-et-notre-personnel\/\">Continue reading <span class=\"sr-only\">\u00ab\u00a0Notre organisation et notre personnel\u00a0\u00bb<\/span><\/a><\/p>\n","protected":false},"author":2,"featured_media":0,"parent":0,"menu_order":0,"comment_status":"closed","ping_status":"closed","template":"template-pages\/article-page.php","meta":{"_acf_changed":false,"footnotes":""},"class_list":["post-4699","page","type-page","status-publish","hentry"],"acf":[],"yoast_head":"<!-- This site is optimized with the Yoast SEO plugin v27.6 - https:\/\/yoast.com\/product\/yoast-seo-wordpress\/ -->\n<title>Notre organisation et notre personnel - Prezode.<\/title>\n<meta name=\"robots\" content=\"index, follow, max-snippet:-1, max-image-preview:large, max-video-preview:-1\" \/>\n<link rel=\"canonical\" href=\"https:\/\/prezode-initiative.org\/fr\/notre-organisation-et-notre-personnel\/\" \/>\n<meta property=\"og:locale\" content=\"fr_FR\" \/>\n<meta property=\"og:type\" content=\"article\" \/>\n<meta property=\"og:title\" content=\"Notre organisation et notre personnel - Prezode.\" \/>\n<meta property=\"og:description\" content=\"Gouvernance Les modalit\u00e9s de gouvernance de PREZODE ont \u00e9t\u00e9 adopt\u00e9es par ses membres le 11 octobre 2022. Les deux organes principaux de cette gouvernance sont l&rsquo;Assembl\u00e9e g\u00e9n\u00e9rale (AG) et le Comit\u00e9 de pilotage (CP). L&rsquo;Assembl\u00e9e g\u00e9n\u00e9rale L&rsquo;AG des membres du PREZODE est charg\u00e9e d&rsquo;examiner et d&rsquo;adopter la strat\u00e9gie et les r\u00e9sultats de l&rsquo;initiative, qui sontContinue reading &quot;Notre organisation et notre personnel&quot;\" \/>\n<meta property=\"og:url\" content=\"https:\/\/prezode-initiative.org\/fr\/notre-organisation-et-notre-personnel\/\" \/>\n<meta property=\"og:site_name\" content=\"Prezode\" \/>\n<meta property=\"article:modified_time\" content=\"2026-03-26T09:51:54+00:00\" \/>\n<meta name=\"twitter:card\" content=\"summary_large_image\" \/>\n<meta name=\"twitter:label1\" content=\"Dur\u00e9e de lecture estim\u00e9e\" \/>\n\t<meta name=\"twitter:data1\" content=\"2 minute\" \/>\n<script type=\"application\/ld+json\" class=\"yoast-schema-graph\">{\"@context\":\"https:\\\/\\\/schema.org\",\"@graph\":[{\"@type\":\"WebPage\",\"@id\":\"https:\\\/\\\/prezode-initiative.org\\\/fr\\\/notre-organisation-et-notre-personnel\\\/\",\"url\":\"https:\\\/\\\/prezode-initiative.org\\\/fr\\\/notre-organisation-et-notre-personnel\\\/\",\"name\":\"Notre organisation et notre personnel - Prezode.\",\"isPartOf\":{\"@id\":\"https:\\\/\\\/prezode-initiative.org\\\/fr\\\/#website\"},\"datePublished\":\"2025-05-05T11:48:49+00:00\",\"dateModified\":\"2026-03-26T09:51:54+00:00\",\"breadcrumb\":{\"@id\":\"https:\\\/\\\/prezode-initiative.org\\\/fr\\\/notre-organisation-et-notre-personnel\\\/#breadcrumb\"},\"inLanguage\":\"fr-FR\",\"potentialAction\":[{\"@type\":\"ReadAction\",\"target\":[\"https:\\\/\\\/prezode-initiative.org\\\/fr\\\/notre-organisation-et-notre-personnel\\\/\"]}]},{\"@type\":\"BreadcrumbList\",\"@id\":\"https:\\\/\\\/prezode-initiative.org\\\/fr\\\/notre-organisation-et-notre-personnel\\\/#breadcrumb\",\"itemListElement\":[{\"@type\":\"ListItem\",\"position\":1,\"name\":\"Home\",\"item\":\"https:\\\/\\\/prezode-initiative.org\\\/fr\\\/\"},{\"@type\":\"ListItem\",\"position\":2,\"name\":\"Notre organisation et notre personnel\"}]},{\"@type\":\"WebSite\",\"@id\":\"https:\\\/\\\/prezode-initiative.org\\\/fr\\\/#website\",\"url\":\"https:\\\/\\\/prezode-initiative.org\\\/fr\\\/\",\"name\":\"Prezode\",\"description\":\"\",\"publisher\":{\"@id\":\"https:\\\/\\\/prezode-initiative.org\\\/fr\\\/#organization\"},\"potentialAction\":[{\"@type\":\"SearchAction\",\"target\":{\"@type\":\"EntryPoint\",\"urlTemplate\":\"https:\\\/\\\/prezode-initiative.org\\\/fr\\\/?s={search_term_string}\"},\"query-input\":{\"@type\":\"PropertyValueSpecification\",\"valueRequired\":true,\"valueName\":\"search_term_string\"}}],\"inLanguage\":\"fr-FR\"},{\"@type\":\"Organization\",\"@id\":\"https:\\\/\\\/prezode-initiative.org\\\/fr\\\/#organization\",\"name\":\"Prezode\",\"url\":\"https:\\\/\\\/prezode-initiative.org\\\/fr\\\/\",\"logo\":{\"@type\":\"ImageObject\",\"inLanguage\":\"fr-FR\",\"@id\":\"https:\\\/\\\/prezode-initiative.org\\\/fr\\\/#\\\/schema\\\/logo\\\/image\\\/\",\"url\":\"https:\\\/\\\/prezode-initiative.org\\\/wp-content\\\/uploads\\\/2025\\\/02\\\/logo.png\",\"contentUrl\":\"https:\\\/\\\/prezode-initiative.org\\\/wp-content\\\/uploads\\\/2025\\\/02\\\/logo.png\",\"width\":168,\"height\":118,\"caption\":\"Prezode\"},\"image\":{\"@id\":\"https:\\\/\\\/prezode-initiative.org\\\/fr\\\/#\\\/schema\\\/logo\\\/image\\\/\"}}]}<\/script>\n<!-- \/ Yoast SEO plugin. -->","yoast_head_json":{"title":"Notre organisation et notre personnel - Prezode.","robots":{"index":"index","follow":"follow","max-snippet":"max-snippet:-1","max-image-preview":"max-image-preview:large","max-video-preview":"max-video-preview:-1"},"canonical":"https:\/\/prezode-initiative.org\/fr\/notre-organisation-et-notre-personnel\/","og_locale":"fr_FR","og_type":"article","og_title":"Notre organisation et notre personnel - Prezode.","og_description":"Gouvernance Les modalit\u00e9s de gouvernance de PREZODE ont \u00e9t\u00e9 adopt\u00e9es par ses membres le 11 octobre 2022. Les deux organes principaux de cette gouvernance sont l&rsquo;Assembl\u00e9e g\u00e9n\u00e9rale (AG) et le Comit\u00e9 de pilotage (CP). L&rsquo;Assembl\u00e9e g\u00e9n\u00e9rale L&rsquo;AG des membres du PREZODE est charg\u00e9e d&rsquo;examiner et d&rsquo;adopter la strat\u00e9gie et les r\u00e9sultats de l&rsquo;initiative, qui sontContinue reading \"Notre organisation et notre personnel\"","og_url":"https:\/\/prezode-initiative.org\/fr\/notre-organisation-et-notre-personnel\/","og_site_name":"Prezode","article_modified_time":"2026-03-26T09:51:54+00:00","twitter_card":"summary_large_image","twitter_misc":{"Dur\u00e9e de lecture estim\u00e9e":"2 minute"},"schema":{"@context":"https:\/\/schema.org","@graph":[{"@type":"WebPage","@id":"https:\/\/prezode-initiative.org\/fr\/notre-organisation-et-notre-personnel\/","url":"https:\/\/prezode-initiative.org\/fr\/notre-organisation-et-notre-personnel\/","name":"Notre organisation et notre personnel - Prezode.","isPartOf":{"@id":"https:\/\/prezode-initiative.org\/fr\/#website"},"datePublished":"2025-05-05T11:48:49+00:00","dateModified":"2026-03-26T09:51:54+00:00","breadcrumb":{"@id":"https:\/\/prezode-initiative.org\/fr\/notre-organisation-et-notre-personnel\/#breadcrumb"},"inLanguage":"fr-FR","potentialAction":[{"@type":"ReadAction","target":["https:\/\/prezode-initiative.org\/fr\/notre-organisation-et-notre-personnel\/"]}]},{"@type":"BreadcrumbList","@id":"https:\/\/prezode-initiative.org\/fr\/notre-organisation-et-notre-personnel\/#breadcrumb","itemListElement":[{"@type":"ListItem","position":1,"name":"Home","item":"https:\/\/prezode-initiative.org\/fr\/"},{"@type":"ListItem","position":2,"name":"Notre organisation et notre personnel"}]},{"@type":"WebSite","@id":"https:\/\/prezode-initiative.org\/fr\/#website","url":"https:\/\/prezode-initiative.org\/fr\/","name":"Prezode","description":"","publisher":{"@id":"https:\/\/prezode-initiative.org\/fr\/#organization"},"potentialAction":[{"@type":"SearchAction","target":{"@type":"EntryPoint","urlTemplate":"https:\/\/prezode-initiative.org\/fr\/?s={search_term_string}"},"query-input":{"@type":"PropertyValueSpecification","valueRequired":true,"valueName":"search_term_string"}}],"inLanguage":"fr-FR"},{"@type":"Organization","@id":"https:\/\/prezode-initiative.org\/fr\/#organization","name":"Prezode","url":"https:\/\/prezode-initiative.org\/fr\/","logo":{"@type":"ImageObject","inLanguage":"fr-FR","@id":"https:\/\/prezode-initiative.org\/fr\/#\/schema\/logo\/image\/","url":"https:\/\/prezode-initiative.org\/wp-content\/uploads\/2025\/02\/logo.png","contentUrl":"https:\/\/prezode-initiative.org\/wp-content\/uploads\/2025\/02\/logo.png","width":168,"height":118,"caption":"Prezode"},"image":{"@id":"https:\/\/prezode-initiative.org\/fr\/#\/schema\/logo\/image\/"}}]}},"_links":{"self":[{"href":"https:\/\/prezode-initiative.org\/fr\/wp-json\/wp\/v2\/pages\/4699","targetHints":{"allow":["GET"]}}],"collection":[{"href":"https:\/\/prezode-initiative.org\/fr\/wp-json\/wp\/v2\/pages"}],"about":[{"href":"https:\/\/prezode-initiative.org\/fr\/wp-json\/wp\/v2\/types\/page"}],"author":[{"embeddable":true,"href":"https:\/\/prezode-initiative.org\/fr\/wp-json\/wp\/v2\/users\/2"}],"replies":[{"embeddable":true,"href":"https:\/\/prezode-initiative.org\/fr\/wp-json\/wp\/v2\/comments?post=4699"}],"version-history":[{"count":6,"href":"https:\/\/prezode-initiative.org\/fr\/wp-json\/wp\/v2\/pages\/4699\/revisions"}],"predecessor-version":[{"id":6126,"href":"https:\/\/prezode-initiative.org\/fr\/wp-json\/wp\/v2\/pages\/4699\/revisions\/6126"}],"wp:attachment":[{"href":"https:\/\/prezode-initiative.org\/fr\/wp-json\/wp\/v2\/media?parent=4699"}],"curies":[{"name":"wp","href":"https:\/\/api.w.org\/{rel}","templated":true}]}}