{"id":4695,"date":"2025-04-22T18:14:41","date_gmt":"2025-04-22T16:14:41","guid":{"rendered":"https:\/\/prezode-initiative.org\/les-avantages-de-faire-partie-de-prezode\/"},"modified":"2026-03-25T17:46:40","modified_gmt":"2026-03-25T16:46:40","slug":"les-avantages-de-faire-partie-de-prezode","status":"publish","type":"page","link":"https:\/\/prezode-initiative.org\/fr\/les-avantages-de-faire-partie-de-prezode\/","title":{"rendered":"Les avantages de faire partie de PREZODE"},"content":{"rendered":"\n<h2 class=\"wp-block-heading is-style-lead has-pz-dark-blue-color has-text-color has-link-color has-medium-font-size wp-elements-30a4dab69f4dbe2d44583c5ccd2ac87f\">PREZODE favorise un changement de paradigme transformateur gr\u00e2ce \u00e0 une m\u00e9thodologie distincte ancr\u00e9e dans un cadre scientifiquement co-con\u00e7u. L&rsquo;initiative favorise un dialogue dynamique entre la science, la soci\u00e9t\u00e9 et la politique et implique activement une communaut\u00e9 mondiale diversifi\u00e9e de parties prenantes. L&rsquo;adh\u00e9sion \u00e0 PREZODE est ax\u00e9e sur l&rsquo;impact :  <\/h2>\n\n<p><\/p>\n\n<h3 class=\"wp-block-heading\"><strong>Collaborer \u00e0 la pr\u00e9vention de l&rsquo;\u00e9mergence des zoonoses<\/strong><\/h3>\n\n<ul class=\"wp-block-list\">\n<li><strong>Garantir l&rsquo;efficacit\u00e9 de la pr\u00e9vention par des dialogues science-soci\u00e9t\u00e9-politique<\/strong>, des approches ascendantes et une surveillance collaborative avec des personnes en premi\u00e8re ligne du risque qui peuvent rapidement d\u00e9tecter et signaler des \u00e9v\u00e9nements sanitaires inhabituels.<\/li>\n\n\n\n<li><strong>Collaborer<\/strong> \u00e0 des projets de recherche internationaux, en tirant parti de l&rsquo;expertise et des ressources partag\u00e9es pour relever des d\u00e9fis complexes.<\/li>\n\n\n\n<li><strong>Am\u00e9liorer la sant\u00e9 publique gr\u00e2ce \u00e0 la d\u00e9tection pr\u00e9coce et \u00e0 la pr\u00e9vention <\/strong>des \u00e9pid\u00e9mies de zoonoses, r\u00e9duisant ainsi le risque de pand\u00e9mies mondiales.<\/li>\n<\/ul>\n\n<h3 class=\"wp-block-heading\"><strong>Participer \u00e0 un processus de co-construction bas\u00e9 sur la science <\/strong><br\/><strong>et les approches One Health<\/strong><\/h3>\n\n<ul class=\"wp-block-list\">\n<li><strong>Mise en \u0153uvre du concept <\/strong><a href=\"https:\/\/prezode-initiative.org\/fr\/one-health-une-approche-holistique\/\"><strong>Le concept d&rsquo;une seule sant\u00e9<\/strong><\/a> afin d&rsquo;optimiser l&rsquo;utilisation des ressources et de servir de pilier fondamental \u00e0 la s\u00e9curit\u00e9 sanitaire mondiale. Gr\u00e2ce \u00e0 une approche multidisciplinaire attrayante, il aborde l&rsquo;interconnexion de la sant\u00e9 humaine, animale et environnementale. <\/li>\n\n\n\n<li><strong>Promouvoir un processus de co-construction <\/strong>qui implique les parties prenantes \u00e0 tous les niveaux, des communaut\u00e9s locales aux professionnels de la sant\u00e9, en passant par les chercheurs, les op\u00e9rateurs de terrain et les d\u00e9cideurs. L&rsquo;initiative a \u00e9t\u00e9 con\u00e7ue en collaboration avec tous ses membres afin de renforcer l&rsquo;engagement et la pertinence. <\/li>\n\n\n\n<li><strong>S&rsquo;inscrivant dans un cadre scientifique, l&rsquo;agenda strat\u00e9gique PREZODE <\/strong><a href=\"https:\/\/prezode-initiative.org\/fr\/lagenda-strategique\/\"><strong>l&rsquo;agenda strat\u00e9gique de PREZODE<\/strong><\/a>qui d\u00e9crit les lacunes dans les connaissances en mati\u00e8re de recherche, les activit\u00e9s op\u00e9rationnelles cibl\u00e9es et la voie de l&rsquo;impact.  <\/li>\n\n\n\n<li><strong>Renforcer la mobilisation scientifique internationale <\/strong>en cr\u00e9ant une <strong>base de donn\u00e9es <\/strong>pour partager les innovations et les connaissances sur le terrain.  <\/li>\n\n\n\n<li><strong>Engager les membres autour de valeurs communes pour garantir l&rsquo;adoption d&rsquo;initiatives de recherche visant<\/strong> \u00e0 comprendre les processus globaux et les facteurs conduisant \u00e0 l&rsquo;\u00e9mergence de zoonoses dans un contexte de changements globaux (biodiversit\u00e9, climat, \u00e9quilibre des \u00e9cosyst\u00e8mes, etc.).<\/li>\n\n\n\n<li><strong>Promouvoir des pratiques inclusives et \u00e9thiques <\/strong>qui int\u00e8grent les connaissances locales et autochtones dans les strat\u00e9gies globales, en garantissant des interventions culturellement appropri\u00e9es et efficaces, une utilisation responsable des ressources naturelles et la protection de la biodiversit\u00e9.<\/li>\n<\/ul>\n\n<h3 class=\"wp-block-heading\"><strong>Contribuer \u00e0 la mobilisation mondiale en faveur de la sant\u00e9 et des objectifs de d\u00e9veloppement durable<\/strong><\/h3>\n\n<ul class=\"wp-block-list\">\n<li><strong>Favoriser la collaboration avec les organisations internationales<\/strong> par le biais de groupes de travail de haut niveau et d&rsquo;une communaut\u00e9 de pratiques autour de postulats scientifiques cl\u00e9s et mettre en valeur les contributions \u00e0 la sant\u00e9 mondiale.<\/li>\n\n\n\n<li><strong>Influencer les politiques mondiales en mati\u00e8re de sant\u00e9 et maximiser la capacit\u00e9 \u00e0 <\/strong>aborder les questions mondiales au<strong> plus haut niveau international<\/strong>, y compris lors des COP, G7, G20 et des sommets des Nations unies.<\/li>\n\n\n\n<li>Contribuer \u00e0 la r\u00e9alisation des <a href=\"https:\/\/sdgs.un.org\/goals\"><strong>objectifs de d\u00e9veloppement durable<\/strong><\/a>notamment dans les domaines de la sant\u00e9, de la s\u00e9curit\u00e9 alimentaire, de la protection de tous les \u00e9cosyst\u00e8mes - terrestres et sous-marins - et de la garantie des moyens de subsistance des communaut\u00e9s locales.<\/li>\n<\/ul>\n\n<p><\/p>\n","protected":false},"excerpt":{"rendered":"<p>PREZODE favorise un changement de paradigme transformateur gr\u00e2ce \u00e0 une m\u00e9thodologie distincte ancr\u00e9e dans un cadre scientifiquement co-con\u00e7u. L&rsquo;initiative favorise un dialogue dynamique entre la science, la soci\u00e9t\u00e9 et la politique et implique activement une communaut\u00e9 mondiale diversifi\u00e9e de parties prenantes. L&rsquo;adh\u00e9sion \u00e0 PREZODE est ax\u00e9e sur l&rsquo;impact : Collaborer \u00e0 la pr\u00e9vention de l&rsquo;\u00e9mergence<a href=\"https:\/\/prezode-initiative.org\/fr\/les-avantages-de-faire-partie-de-prezode\/\">Continue reading <span class=\"sr-only\">\u00ab\u00a0Les avantages de faire partie de PREZODE\u00a0\u00bb<\/span><\/a><\/p>\n","protected":false},"author":2,"featured_media":0,"parent":0,"menu_order":0,"comment_status":"closed","ping_status":"closed","template":"template-pages\/article-page.php","meta":{"_acf_changed":false,"footnotes":""},"class_list":["post-4695","page","type-page","status-publish","hentry"],"acf":[],"yoast_head":"<!-- This site is optimized with the Yoast SEO plugin v27.6 - https:\/\/yoast.com\/product\/yoast-seo-wordpress\/ -->\n<title>Les avantages de faire partie de PREZODE - Prezode.<\/title>\n<meta name=\"robots\" content=\"index, follow, max-snippet:-1, max-image-preview:large, max-video-preview:-1\" \/>\n<link rel=\"canonical\" href=\"https:\/\/prezode-initiative.org\/fr\/les-avantages-de-faire-partie-de-prezode\/\" \/>\n<meta property=\"og:locale\" content=\"fr_FR\" \/>\n<meta property=\"og:type\" content=\"article\" \/>\n<meta property=\"og:title\" content=\"Les avantages de faire partie de PREZODE - Prezode.\" \/>\n<meta property=\"og:description\" content=\"PREZODE favorise un changement de paradigme transformateur gr\u00e2ce \u00e0 une m\u00e9thodologie distincte ancr\u00e9e dans un cadre scientifiquement co-con\u00e7u. L&rsquo;initiative favorise un dialogue dynamique entre la science, la soci\u00e9t\u00e9 et la politique et implique activement une communaut\u00e9 mondiale diversifi\u00e9e de parties prenantes. L&rsquo;adh\u00e9sion \u00e0 PREZODE est ax\u00e9e sur l&rsquo;impact : Collaborer \u00e0 la pr\u00e9vention de l&rsquo;\u00e9mergenceContinue reading &quot;Les avantages de faire partie de PREZODE&quot;\" \/>\n<meta property=\"og:url\" content=\"https:\/\/prezode-initiative.org\/fr\/les-avantages-de-faire-partie-de-prezode\/\" \/>\n<meta property=\"og:site_name\" content=\"Prezode\" \/>\n<meta property=\"article:modified_time\" content=\"2026-03-25T16:46:40+00:00\" \/>\n<meta name=\"twitter:card\" content=\"summary_large_image\" \/>\n<meta name=\"twitter:label1\" content=\"Dur\u00e9e de lecture estim\u00e9e\" \/>\n\t<meta name=\"twitter:data1\" content=\"3 minute\" \/>\n<script type=\"application\/ld+json\" class=\"yoast-schema-graph\">{\"@context\":\"https:\\\/\\\/schema.org\",\"@graph\":[{\"@type\":\"WebPage\",\"@id\":\"https:\\\/\\\/prezode-initiative.org\\\/fr\\\/les-avantages-de-faire-partie-de-prezode\\\/\",\"url\":\"https:\\\/\\\/prezode-initiative.org\\\/fr\\\/les-avantages-de-faire-partie-de-prezode\\\/\",\"name\":\"Les avantages de faire partie de PREZODE - Prezode.\",\"isPartOf\":{\"@id\":\"https:\\\/\\\/prezode-initiative.org\\\/fr\\\/#website\"},\"datePublished\":\"2025-04-22T16:14:41+00:00\",\"dateModified\":\"2026-03-25T16:46:40+00:00\",\"breadcrumb\":{\"@id\":\"https:\\\/\\\/prezode-initiative.org\\\/fr\\\/les-avantages-de-faire-partie-de-prezode\\\/#breadcrumb\"},\"inLanguage\":\"fr-FR\",\"potentialAction\":[{\"@type\":\"ReadAction\",\"target\":[\"https:\\\/\\\/prezode-initiative.org\\\/fr\\\/les-avantages-de-faire-partie-de-prezode\\\/\"]}]},{\"@type\":\"BreadcrumbList\",\"@id\":\"https:\\\/\\\/prezode-initiative.org\\\/fr\\\/les-avantages-de-faire-partie-de-prezode\\\/#breadcrumb\",\"itemListElement\":[{\"@type\":\"ListItem\",\"position\":1,\"name\":\"Home\",\"item\":\"https:\\\/\\\/prezode-initiative.org\\\/fr\\\/\"},{\"@type\":\"ListItem\",\"position\":2,\"name\":\"Les avantages de faire partie de PREZODE\"}]},{\"@type\":\"WebSite\",\"@id\":\"https:\\\/\\\/prezode-initiative.org\\\/fr\\\/#website\",\"url\":\"https:\\\/\\\/prezode-initiative.org\\\/fr\\\/\",\"name\":\"Prezode\",\"description\":\"\",\"publisher\":{\"@id\":\"https:\\\/\\\/prezode-initiative.org\\\/fr\\\/#organization\"},\"potentialAction\":[{\"@type\":\"SearchAction\",\"target\":{\"@type\":\"EntryPoint\",\"urlTemplate\":\"https:\\\/\\\/prezode-initiative.org\\\/fr\\\/?s={search_term_string}\"},\"query-input\":{\"@type\":\"PropertyValueSpecification\",\"valueRequired\":true,\"valueName\":\"search_term_string\"}}],\"inLanguage\":\"fr-FR\"},{\"@type\":\"Organization\",\"@id\":\"https:\\\/\\\/prezode-initiative.org\\\/fr\\\/#organization\",\"name\":\"Prezode\",\"url\":\"https:\\\/\\\/prezode-initiative.org\\\/fr\\\/\",\"logo\":{\"@type\":\"ImageObject\",\"inLanguage\":\"fr-FR\",\"@id\":\"https:\\\/\\\/prezode-initiative.org\\\/fr\\\/#\\\/schema\\\/logo\\\/image\\\/\",\"url\":\"https:\\\/\\\/prezode-initiative.org\\\/wp-content\\\/uploads\\\/2025\\\/02\\\/logo.png\",\"contentUrl\":\"https:\\\/\\\/prezode-initiative.org\\\/wp-content\\\/uploads\\\/2025\\\/02\\\/logo.png\",\"width\":168,\"height\":118,\"caption\":\"Prezode\"},\"image\":{\"@id\":\"https:\\\/\\\/prezode-initiative.org\\\/fr\\\/#\\\/schema\\\/logo\\\/image\\\/\"}}]}<\/script>\n<!-- \/ Yoast SEO plugin. -->","yoast_head_json":{"title":"Les avantages de faire partie de PREZODE - Prezode.","robots":{"index":"index","follow":"follow","max-snippet":"max-snippet:-1","max-image-preview":"max-image-preview:large","max-video-preview":"max-video-preview:-1"},"canonical":"https:\/\/prezode-initiative.org\/fr\/les-avantages-de-faire-partie-de-prezode\/","og_locale":"fr_FR","og_type":"article","og_title":"Les avantages de faire partie de PREZODE - Prezode.","og_description":"PREZODE favorise un changement de paradigme transformateur gr\u00e2ce \u00e0 une m\u00e9thodologie distincte ancr\u00e9e dans un cadre scientifiquement co-con\u00e7u. L&rsquo;initiative favorise un dialogue dynamique entre la science, la soci\u00e9t\u00e9 et la politique et implique activement une communaut\u00e9 mondiale diversifi\u00e9e de parties prenantes. L&rsquo;adh\u00e9sion \u00e0 PREZODE est ax\u00e9e sur l&rsquo;impact : Collaborer \u00e0 la pr\u00e9vention de l&rsquo;\u00e9mergenceContinue reading \"Les avantages de faire partie de PREZODE\"","og_url":"https:\/\/prezode-initiative.org\/fr\/les-avantages-de-faire-partie-de-prezode\/","og_site_name":"Prezode","article_modified_time":"2026-03-25T16:46:40+00:00","twitter_card":"summary_large_image","twitter_misc":{"Dur\u00e9e de lecture estim\u00e9e":"3 minute"},"schema":{"@context":"https:\/\/schema.org","@graph":[{"@type":"WebPage","@id":"https:\/\/prezode-initiative.org\/fr\/les-avantages-de-faire-partie-de-prezode\/","url":"https:\/\/prezode-initiative.org\/fr\/les-avantages-de-faire-partie-de-prezode\/","name":"Les avantages de faire partie de PREZODE - Prezode.","isPartOf":{"@id":"https:\/\/prezode-initiative.org\/fr\/#website"},"datePublished":"2025-04-22T16:14:41+00:00","dateModified":"2026-03-25T16:46:40+00:00","breadcrumb":{"@id":"https:\/\/prezode-initiative.org\/fr\/les-avantages-de-faire-partie-de-prezode\/#breadcrumb"},"inLanguage":"fr-FR","potentialAction":[{"@type":"ReadAction","target":["https:\/\/prezode-initiative.org\/fr\/les-avantages-de-faire-partie-de-prezode\/"]}]},{"@type":"BreadcrumbList","@id":"https:\/\/prezode-initiative.org\/fr\/les-avantages-de-faire-partie-de-prezode\/#breadcrumb","itemListElement":[{"@type":"ListItem","position":1,"name":"Home","item":"https:\/\/prezode-initiative.org\/fr\/"},{"@type":"ListItem","position":2,"name":"Les avantages de faire partie de PREZODE"}]},{"@type":"WebSite","@id":"https:\/\/prezode-initiative.org\/fr\/#website","url":"https:\/\/prezode-initiative.org\/fr\/","name":"Prezode","description":"","publisher":{"@id":"https:\/\/prezode-initiative.org\/fr\/#organization"},"potentialAction":[{"@type":"SearchAction","target":{"@type":"EntryPoint","urlTemplate":"https:\/\/prezode-initiative.org\/fr\/?s={search_term_string}"},"query-input":{"@type":"PropertyValueSpecification","valueRequired":true,"valueName":"search_term_string"}}],"inLanguage":"fr-FR"},{"@type":"Organization","@id":"https:\/\/prezode-initiative.org\/fr\/#organization","name":"Prezode","url":"https:\/\/prezode-initiative.org\/fr\/","logo":{"@type":"ImageObject","inLanguage":"fr-FR","@id":"https:\/\/prezode-initiative.org\/fr\/#\/schema\/logo\/image\/","url":"https:\/\/prezode-initiative.org\/wp-content\/uploads\/2025\/02\/logo.png","contentUrl":"https:\/\/prezode-initiative.org\/wp-content\/uploads\/2025\/02\/logo.png","width":168,"height":118,"caption":"Prezode"},"image":{"@id":"https:\/\/prezode-initiative.org\/fr\/#\/schema\/logo\/image\/"}}]}},"_links":{"self":[{"href":"https:\/\/prezode-initiative.org\/fr\/wp-json\/wp\/v2\/pages\/4695","targetHints":{"allow":["GET"]}}],"collection":[{"href":"https:\/\/prezode-initiative.org\/fr\/wp-json\/wp\/v2\/pages"}],"about":[{"href":"https:\/\/prezode-initiative.org\/fr\/wp-json\/wp\/v2\/types\/page"}],"author":[{"embeddable":true,"href":"https:\/\/prezode-initiative.org\/fr\/wp-json\/wp\/v2\/users\/2"}],"replies":[{"embeddable":true,"href":"https:\/\/prezode-initiative.org\/fr\/wp-json\/wp\/v2\/comments?post=4695"}],"version-history":[{"count":4,"href":"https:\/\/prezode-initiative.org\/fr\/wp-json\/wp\/v2\/pages\/4695\/revisions"}],"predecessor-version":[{"id":5702,"href":"https:\/\/prezode-initiative.org\/fr\/wp-json\/wp\/v2\/pages\/4695\/revisions\/5702"}],"wp:attachment":[{"href":"https:\/\/prezode-initiative.org\/fr\/wp-json\/wp\/v2\/media?parent=4695"}],"curies":[{"name":"wp","href":"https:\/\/api.w.org\/{rel}","templated":true}]}}