{"id":4674,"date":"2025-05-05T09:23:25","date_gmt":"2025-05-05T07:23:25","guid":{"rendered":"https:\/\/prezode-initiative.org\/une-communaute-de-pratique\/"},"modified":"2026-03-26T17:01:11","modified_gmt":"2026-03-26T16:01:11","slug":"une-communaute-de-pratique","status":"publish","type":"page","link":"https:\/\/prezode-initiative.org\/fr\/une-communaute-de-pratique\/","title":{"rendered":"Une communaut\u00e9 de pratique"},"content":{"rendered":"\n<h2 class=\"wp-block-heading\">PREZODE rassemble une communaut\u00e9 de pratique mondiale, impliquant des gouvernements, des instituts de recherche et des universit\u00e9s, des d\u00e9cideurs, des organisations de la soci\u00e9t\u00e9 civile, des fondations, des entreprises priv\u00e9es et d&rsquo;autres initiatives.<\/h2>\n\n<p><\/p>\n\n<p>L&rsquo;initiative PREZODE cr\u00e9e un r\u00e9seau qui facilite et renforce les interactions entre les organisations membres, qui comprennent des initiatives, des projets et des programmes existants et futurs. En janvier 2025, la communaut\u00e9 PREZODE comptait plus de <a href=\"https:\/\/prezode-initiative.org\/fr\/our-members\/\">260 <\/a><a href=\"https:\/\/prezode-initiative.org\/fr\/our-members\/\" target=\"_blank\" rel=\"noreferrer noopener\">membres<\/a> et observateurs issus des milieux scientifiques, universitaires et associatifs, ainsi que les gouvernements de 30 pays : Belgique, Burkina Faso, Cambodge, Cameroun, Costa Rica, Chili, Cuba, R\u00e9publique d\u00e9mocratique du Congo, Dominique, El Salvador, Gabon, France, Guin\u00e9e Conakry, Congo, Ha\u00efti, Laos, Madagascar, Mexique, Maroc, Panama, Philippines, S\u00e9n\u00e9gal, Tha\u00eflande, Trinit\u00e9-et-Tobago, Vietnam, Royaume-Uni, Uruguay, Zambie et Zimbabwe.  <br\/><\/p>\n\n<h3 class=\"wp-block-heading\">Coordination et synergies<\/h3>\n\n<p>Gr\u00e2ce \u00e0 sa communaut\u00e9 de pratique, PREZODE am\u00e9liore la coordination et les synergies, et favorise le partage des enseignements tir\u00e9s et des meilleures pratiques. Elle renforce et int\u00e8gre les connaissances, l&rsquo;innovation, le renforcement des capacit\u00e9s et les actions op\u00e9rationnelles. PREZODE s&rsquo;appuie sur la recherche universitaire, la collaboration intersectorielle sur le terrain et l&rsquo;engagement des acteurs op\u00e9rationnels sur la ligne de front des \u00e9pid\u00e9mies, en tenant compte \u00e0 la fois du b\u00e9tail et de la faune sauvage.  <\/p>\n\n<h3 class=\"wp-block-heading\">  Coop\u00e9ration internationale<\/h3>\n\n<p>Les membres et les collaborateurs de PREZODE souscrivent \u00e0 ses<a href=\"https:\/\/prezode-initiative.org\/fr\/vision-mission-et-valeurs\/\" target=\"_blank\" rel=\"noreferrer noopener\">valeurs<\/a> <a href=\"https:\/\/prezode-initiative.org\/fr\/vision-mission-et-valeurs\/\">fondamentales <\/a>, telles qu&rsquo;elles sont \u00e9nonc\u00e9es dans la d\u00e9claration d&rsquo;intention. Ils s&rsquo;engagent donc \u00e0 atteindre l&rsquo;objectif global de l&rsquo;initiative : pr\u00e9venir l&rsquo;\u00e9mergence de maladies zoonotiques dans des socio-\u00e9cosyst\u00e8mes complexes gr\u00e2ce \u00e0 la collaboration internationale, au partage des connaissances et \u00e0 l&rsquo;orientation des politiques publiques. <\/p>\n\n<p>L&rsquo;initiative renforce sa dynamique en recrutant de nouveaux membres, ce qui accro\u00eet l&rsquo;engagement et garantit l&rsquo;efficacit\u00e9. La communaut\u00e9 des membres travaille ensemble pour d\u00e9velopper l&rsquo;initiative PREZODE par le biais de programmes de recherche conjoints et d&rsquo;activit\u00e9s op\u00e9rationnelles con\u00e7ues pour cr\u00e9er des synergies. <\/p>\n","protected":false},"excerpt":{"rendered":"<p>PREZODE rassemble une communaut\u00e9 de pratique mondiale, impliquant des gouvernements, des instituts de recherche et des universit\u00e9s, des d\u00e9cideurs, des organisations de la soci\u00e9t\u00e9 civile, des fondations, des entreprises priv\u00e9es et d&rsquo;autres initiatives. L&rsquo;initiative PREZODE cr\u00e9e un r\u00e9seau qui facilite et renforce les interactions entre les organisations membres, qui comprennent des initiatives, des projets et<a href=\"https:\/\/prezode-initiative.org\/fr\/une-communaute-de-pratique\/\">Continue reading <span class=\"sr-only\">\u00ab\u00a0Une communaut\u00e9 de pratique\u00a0\u00bb<\/span><\/a><\/p>\n","protected":false},"author":2,"featured_media":0,"parent":0,"menu_order":0,"comment_status":"closed","ping_status":"closed","template":"template-pages\/article-page.php","meta":{"_acf_changed":false,"footnotes":""},"class_list":["post-4674","page","type-page","status-publish","hentry"],"acf":[],"yoast_head":"<!-- This site is optimized with the Yoast SEO plugin v27.6 - https:\/\/yoast.com\/product\/yoast-seo-wordpress\/ -->\n<title>Une communaut\u00e9 de pratique - Prezode.<\/title>\n<meta name=\"robots\" content=\"index, follow, max-snippet:-1, max-image-preview:large, max-video-preview:-1\" \/>\n<link rel=\"canonical\" href=\"https:\/\/prezode-initiative.org\/fr\/une-communaute-de-pratique\/\" \/>\n<meta property=\"og:locale\" content=\"fr_FR\" \/>\n<meta property=\"og:type\" content=\"article\" \/>\n<meta property=\"og:title\" content=\"Une communaut\u00e9 de pratique - Prezode.\" \/>\n<meta property=\"og:description\" content=\"PREZODE rassemble une communaut\u00e9 de pratique mondiale, impliquant des gouvernements, des instituts de recherche et des universit\u00e9s, des d\u00e9cideurs, des organisations de la soci\u00e9t\u00e9 civile, des fondations, des entreprises priv\u00e9es et d&rsquo;autres initiatives. L&rsquo;initiative PREZODE cr\u00e9e un r\u00e9seau qui facilite et renforce les interactions entre les organisations membres, qui comprennent des initiatives, des projets etContinue reading &quot;Une communaut\u00e9 de pratique&quot;\" \/>\n<meta property=\"og:url\" content=\"https:\/\/prezode-initiative.org\/fr\/une-communaute-de-pratique\/\" \/>\n<meta property=\"og:site_name\" content=\"Prezode\" \/>\n<meta property=\"article:modified_time\" content=\"2026-03-26T16:01:11+00:00\" \/>\n<meta name=\"twitter:card\" content=\"summary_large_image\" \/>\n<meta name=\"twitter:label1\" content=\"Dur\u00e9e de lecture estim\u00e9e\" \/>\n\t<meta name=\"twitter:data1\" content=\"2 minute\" \/>\n<script type=\"application\/ld+json\" class=\"yoast-schema-graph\">{\"@context\":\"https:\\\/\\\/schema.org\",\"@graph\":[{\"@type\":\"WebPage\",\"@id\":\"https:\\\/\\\/prezode-initiative.org\\\/fr\\\/une-communaute-de-pratique\\\/\",\"url\":\"https:\\\/\\\/prezode-initiative.org\\\/fr\\\/une-communaute-de-pratique\\\/\",\"name\":\"Une communaut\u00e9 de pratique - Prezode.\",\"isPartOf\":{\"@id\":\"https:\\\/\\\/prezode-initiative.org\\\/fr\\\/#website\"},\"datePublished\":\"2025-05-05T07:23:25+00:00\",\"dateModified\":\"2026-03-26T16:01:11+00:00\",\"breadcrumb\":{\"@id\":\"https:\\\/\\\/prezode-initiative.org\\\/fr\\\/une-communaute-de-pratique\\\/#breadcrumb\"},\"inLanguage\":\"fr-FR\",\"potentialAction\":[{\"@type\":\"ReadAction\",\"target\":[\"https:\\\/\\\/prezode-initiative.org\\\/fr\\\/une-communaute-de-pratique\\\/\"]}]},{\"@type\":\"BreadcrumbList\",\"@id\":\"https:\\\/\\\/prezode-initiative.org\\\/fr\\\/une-communaute-de-pratique\\\/#breadcrumb\",\"itemListElement\":[{\"@type\":\"ListItem\",\"position\":1,\"name\":\"Home\",\"item\":\"https:\\\/\\\/prezode-initiative.org\\\/fr\\\/\"},{\"@type\":\"ListItem\",\"position\":2,\"name\":\"Une communaut\u00e9 de pratique\"}]},{\"@type\":\"WebSite\",\"@id\":\"https:\\\/\\\/prezode-initiative.org\\\/fr\\\/#website\",\"url\":\"https:\\\/\\\/prezode-initiative.org\\\/fr\\\/\",\"name\":\"Prezode\",\"description\":\"\",\"publisher\":{\"@id\":\"https:\\\/\\\/prezode-initiative.org\\\/fr\\\/#organization\"},\"potentialAction\":[{\"@type\":\"SearchAction\",\"target\":{\"@type\":\"EntryPoint\",\"urlTemplate\":\"https:\\\/\\\/prezode-initiative.org\\\/fr\\\/?s={search_term_string}\"},\"query-input\":{\"@type\":\"PropertyValueSpecification\",\"valueRequired\":true,\"valueName\":\"search_term_string\"}}],\"inLanguage\":\"fr-FR\"},{\"@type\":\"Organization\",\"@id\":\"https:\\\/\\\/prezode-initiative.org\\\/fr\\\/#organization\",\"name\":\"Prezode\",\"url\":\"https:\\\/\\\/prezode-initiative.org\\\/fr\\\/\",\"logo\":{\"@type\":\"ImageObject\",\"inLanguage\":\"fr-FR\",\"@id\":\"https:\\\/\\\/prezode-initiative.org\\\/fr\\\/#\\\/schema\\\/logo\\\/image\\\/\",\"url\":\"https:\\\/\\\/prezode-initiative.org\\\/wp-content\\\/uploads\\\/2025\\\/02\\\/logo.png\",\"contentUrl\":\"https:\\\/\\\/prezode-initiative.org\\\/wp-content\\\/uploads\\\/2025\\\/02\\\/logo.png\",\"width\":168,\"height\":118,\"caption\":\"Prezode\"},\"image\":{\"@id\":\"https:\\\/\\\/prezode-initiative.org\\\/fr\\\/#\\\/schema\\\/logo\\\/image\\\/\"}}]}<\/script>\n<!-- \/ Yoast SEO plugin. -->","yoast_head_json":{"title":"Une communaut\u00e9 de pratique - Prezode.","robots":{"index":"index","follow":"follow","max-snippet":"max-snippet:-1","max-image-preview":"max-image-preview:large","max-video-preview":"max-video-preview:-1"},"canonical":"https:\/\/prezode-initiative.org\/fr\/une-communaute-de-pratique\/","og_locale":"fr_FR","og_type":"article","og_title":"Une communaut\u00e9 de pratique - Prezode.","og_description":"PREZODE rassemble une communaut\u00e9 de pratique mondiale, impliquant des gouvernements, des instituts de recherche et des universit\u00e9s, des d\u00e9cideurs, des organisations de la soci\u00e9t\u00e9 civile, des fondations, des entreprises priv\u00e9es et d&rsquo;autres initiatives. L&rsquo;initiative PREZODE cr\u00e9e un r\u00e9seau qui facilite et renforce les interactions entre les organisations membres, qui comprennent des initiatives, des projets etContinue reading \"Une communaut\u00e9 de pratique\"","og_url":"https:\/\/prezode-initiative.org\/fr\/une-communaute-de-pratique\/","og_site_name":"Prezode","article_modified_time":"2026-03-26T16:01:11+00:00","twitter_card":"summary_large_image","twitter_misc":{"Dur\u00e9e de lecture estim\u00e9e":"2 minute"},"schema":{"@context":"https:\/\/schema.org","@graph":[{"@type":"WebPage","@id":"https:\/\/prezode-initiative.org\/fr\/une-communaute-de-pratique\/","url":"https:\/\/prezode-initiative.org\/fr\/une-communaute-de-pratique\/","name":"Une communaut\u00e9 de pratique - Prezode.","isPartOf":{"@id":"https:\/\/prezode-initiative.org\/fr\/#website"},"datePublished":"2025-05-05T07:23:25+00:00","dateModified":"2026-03-26T16:01:11+00:00","breadcrumb":{"@id":"https:\/\/prezode-initiative.org\/fr\/une-communaute-de-pratique\/#breadcrumb"},"inLanguage":"fr-FR","potentialAction":[{"@type":"ReadAction","target":["https:\/\/prezode-initiative.org\/fr\/une-communaute-de-pratique\/"]}]},{"@type":"BreadcrumbList","@id":"https:\/\/prezode-initiative.org\/fr\/une-communaute-de-pratique\/#breadcrumb","itemListElement":[{"@type":"ListItem","position":1,"name":"Home","item":"https:\/\/prezode-initiative.org\/fr\/"},{"@type":"ListItem","position":2,"name":"Une communaut\u00e9 de pratique"}]},{"@type":"WebSite","@id":"https:\/\/prezode-initiative.org\/fr\/#website","url":"https:\/\/prezode-initiative.org\/fr\/","name":"Prezode","description":"","publisher":{"@id":"https:\/\/prezode-initiative.org\/fr\/#organization"},"potentialAction":[{"@type":"SearchAction","target":{"@type":"EntryPoint","urlTemplate":"https:\/\/prezode-initiative.org\/fr\/?s={search_term_string}"},"query-input":{"@type":"PropertyValueSpecification","valueRequired":true,"valueName":"search_term_string"}}],"inLanguage":"fr-FR"},{"@type":"Organization","@id":"https:\/\/prezode-initiative.org\/fr\/#organization","name":"Prezode","url":"https:\/\/prezode-initiative.org\/fr\/","logo":{"@type":"ImageObject","inLanguage":"fr-FR","@id":"https:\/\/prezode-initiative.org\/fr\/#\/schema\/logo\/image\/","url":"https:\/\/prezode-initiative.org\/wp-content\/uploads\/2025\/02\/logo.png","contentUrl":"https:\/\/prezode-initiative.org\/wp-content\/uploads\/2025\/02\/logo.png","width":168,"height":118,"caption":"Prezode"},"image":{"@id":"https:\/\/prezode-initiative.org\/fr\/#\/schema\/logo\/image\/"}}]}},"_links":{"self":[{"href":"https:\/\/prezode-initiative.org\/fr\/wp-json\/wp\/v2\/pages\/4674","targetHints":{"allow":["GET"]}}],"collection":[{"href":"https:\/\/prezode-initiative.org\/fr\/wp-json\/wp\/v2\/pages"}],"about":[{"href":"https:\/\/prezode-initiative.org\/fr\/wp-json\/wp\/v2\/types\/page"}],"author":[{"embeddable":true,"href":"https:\/\/prezode-initiative.org\/fr\/wp-json\/wp\/v2\/users\/2"}],"replies":[{"embeddable":true,"href":"https:\/\/prezode-initiative.org\/fr\/wp-json\/wp\/v2\/comments?post=4674"}],"version-history":[{"count":6,"href":"https:\/\/prezode-initiative.org\/fr\/wp-json\/wp\/v2\/pages\/4674\/revisions"}],"predecessor-version":[{"id":6180,"href":"https:\/\/prezode-initiative.org\/fr\/wp-json\/wp\/v2\/pages\/4674\/revisions\/6180"}],"wp:attachment":[{"href":"https:\/\/prezode-initiative.org\/fr\/wp-json\/wp\/v2\/media?parent=4674"}],"curies":[{"name":"wp","href":"https:\/\/api.w.org\/{rel}","templated":true}]}}