{"id":4649,"date":"2025-04-29T16:13:01","date_gmt":"2025-04-29T14:13:01","guid":{"rendered":"https:\/\/prezode-initiative.org\/documentation\/"},"modified":"2026-03-25T17:46:40","modified_gmt":"2026-03-25T16:46:40","slug":"documentation","status":"publish","type":"page","link":"https:\/\/prezode-initiative.org\/fr\/documentation\/","title":{"rendered":"Documentation"},"content":{"rendered":"\n<div class=\"wp-block-columns is-layout-flex wp-container-core-columns-is-layout-9d6595d7 wp-block-columns-is-layout-flex\">\n<div class=\"wp-block-column is-vertically-aligned-stretch is-layout-flow wp-block-column-is-layout-flow\" style=\"flex-basis:66.66%\">\n<p><\/p>\n<\/div>\n<\/div>\n\n<div class=\"wp-block-columns is-layout-flex wp-container-core-columns-is-layout-9d6595d7 wp-block-columns-is-layout-flex\">\n<div class=\"wp-block-column is-layout-flow wp-block-column-is-layout-flow\" style=\"flex-basis:33.33%\">\n<h2 class=\"wp-block-heading\">Agenda strat\u00e9gique de PREZODE<\/h2>\n\n\n\n<p><a href=\"https:\/\/prezode-initiative.org\/wp-content\/uploads\/2025\/03\/PREZODE_Strategic_Agenda.pdf\" target=\"_blank\" rel=\"noreferrer noopener\">T\u00e9l\u00e9chargez le document complet<\/a><\/p>\n<\/div>\n\n\n\n<div class=\"wp-block-column is-layout-flow wp-block-column-is-layout-flow\" style=\"flex-basis:66.66%\">\n<figure class=\"wp-block-image size-full is-resized\"><img loading=\"lazy\" decoding=\"async\" width=\"1000\" height=\"667\" src=\"https:\/\/prezode-initiative.org\/wp-content\/uploads\/2025\/04\/vadim-gromov-8XFcmzA4WO8-unsplash-1.jpg\" alt=\"\" class=\"wp-image-1435\" style=\"width:260px;height:auto\" srcset=\"https:\/\/prezode-initiative.org\/wp-content\/uploads\/2025\/04\/vadim-gromov-8XFcmzA4WO8-unsplash-1.jpg 1000w, https:\/\/prezode-initiative.org\/wp-content\/uploads\/2025\/04\/vadim-gromov-8XFcmzA4WO8-unsplash-1-300x200.jpg 300w, https:\/\/prezode-initiative.org\/wp-content\/uploads\/2025\/04\/vadim-gromov-8XFcmzA4WO8-unsplash-1-768x512.jpg 768w, https:\/\/prezode-initiative.org\/wp-content\/uploads\/2025\/04\/vadim-gromov-8XFcmzA4WO8-unsplash-1-144x96.jpg 144w\" sizes=\"auto, (max-width: 1000px) 100vw, 1000px\" \/><\/figure>\n<\/div>\n<\/div>\n\n<div class=\"wp-block-columns is-layout-flex wp-container-core-columns-is-layout-9d6595d7 wp-block-columns-is-layout-flex\">\n<div class=\"wp-block-column is-vertically-aligned-top is-layout-flow wp-block-column-is-layout-flow\" style=\"flex-basis:33.33%\">\n<figure class=\"wp-block-image size-full\"><img loading=\"lazy\" decoding=\"async\" width=\"734\" height=\"665\" src=\"https:\/\/prezode-initiative.org\/wp-content\/uploads\/2025\/04\/Brochure-e1745935802860.png\" alt=\"\" class=\"wp-image-2110\" srcset=\"https:\/\/prezode-initiative.org\/wp-content\/uploads\/2025\/04\/Brochure-e1745935802860.png 734w, https:\/\/prezode-initiative.org\/wp-content\/uploads\/2025\/04\/Brochure-e1745935802860-300x272.png 300w\" sizes=\"auto, (max-width: 734px) 100vw, 734px\" \/><\/figure>\n<\/div>\n\n\n\n<div class=\"wp-block-column is-layout-flow wp-block-column-is-layout-flow\" style=\"flex-basis:66.66%\">\n<h2 class=\"wp-block-heading\">Brochures<\/h2>\n\n\n\n<details class=\"wp-block-details is-layout-flow wp-block-details-is-layout-flow\"><summary>Pr\u00e9sentation institutionnelle de PREZODE - version anglaise<\/summary>\n<div data-wp-interactive=\"core\/file\" class=\"wp-block-file\"><object data-wp-bind--hidden=\"!state.hasPdfPreview\" hidden class=\"wp-block-file__embed\" data=\"https:\/\/prezode-initiative.org\/wp-content\/uploads\/2025\/04\/Prezode-Missions-2023-US.pdf\" type=\"application\/pdf\" style=\"width:100%;height:600px\" aria-label=\"Contenu embarqu\u00e9 Prezode Missions 2023-US.\"><\/object><a id=\"wp-block-file--media-0f813372-676b-4911-8898-e53e3079ac51\" href=\"https:\/\/prezode-initiative.org\/wp-content\/uploads\/2025\/04\/Prezode-Missions-2023-US.pdf\">Missions pr\u00e9alables 2023-US<\/a><a href=\"https:\/\/prezode-initiative.org\/wp-content\/uploads\/2025\/04\/Prezode-Missions-2023-US.pdf\" class=\"wp-block-file__button wp-element-button\" download=\"\" aria-describedby=\"wp-block-file--media-0f813372-676b-4911-8898-e53e3079ac51\">T\u00e9l\u00e9charger<\/a><\/div>\n\n\n\n<p><\/p>\n<\/details>\n\n\n\n<details class=\"wp-block-details is-layout-flow wp-block-details-is-layout-flow\"><summary>Brochure institutionnelle de PREZODE - version fran\u00e7aise<\/summary>\n<div data-wp-interactive=\"core\/file\" class=\"wp-block-file\"><object data-wp-bind--hidden=\"!state.hasPdfPreview\" hidden class=\"wp-block-file__embed\" data=\"https:\/\/prezode-initiative.org\/wp-content\/uploads\/2025\/04\/PREZODE-Brochure2023.pdf\" type=\"application\/pdf\" style=\"width:100%;height:600px\" aria-label=\"Contenu embarqu\u00e9 PREZODE Brochure2023.\"><\/object><a id=\"wp-block-file--media-0638c97b-886e-4ab2-b9ed-350201e8ea4c\" href=\"https:\/\/prezode-initiative.org\/wp-content\/uploads\/2025\/04\/PREZODE-Brochure2023.pdf\">Brochure PREZODE2023<\/a><a href=\"https:\/\/prezode-initiative.org\/wp-content\/uploads\/2025\/04\/PREZODE-Brochure2023.pdf\" class=\"wp-block-file__button wp-element-button\" download=\"\" aria-describedby=\"wp-block-file--media-0638c97b-886e-4ab2-b9ed-350201e8ea4c\">T\u00e9l\u00e9charger<\/a><\/div>\n\n\n\n<p><\/p>\n<\/details>\n<\/div>\n<\/div>\n\n<div class=\"wp-block-columns is-layout-flex wp-container-core-columns-is-layout-9d6595d7 wp-block-columns-is-layout-flex\">\n<div class=\"wp-block-column is-layout-flow wp-block-column-is-layout-flow\" style=\"flex-basis:66.66%\">\n<h2 class=\"wp-block-heading\">Pr\u00e9sentation en 4 pages<\/h2>\n\n\n\n<details class=\"wp-block-details is-layout-flow wp-block-details-is-layout-flow\"><summary>PREZODE Br\u00e8ve pr\u00e9sentation - version anglaise<\/summary>\n<div data-wp-interactive=\"core\/file\" class=\"wp-block-file\"><object data-wp-bind--hidden=\"!state.hasPdfPreview\" hidden class=\"wp-block-file__embed\" data=\"https:\/\/prezode-initiative.org\/wp-content\/uploads\/2025\/04\/202403_10-Prezode_brochure_presentation_EN_A4_v5-interactive.pdf\" type=\"application\/pdf\" style=\"width:100%;height:600px\" aria-label=\"Contenu embarqu\u00e9 202403_10 Prezode_brochure_pre\u0301sentation_EN_A4_v5-interactive.\"><\/object><a id=\"wp-block-file--media-88d79382-3d4b-46df-bce9-6b5b89565cea\" href=\"https:\/\/prezode-initiative.org\/wp-content\/uploads\/2025\/04\/202403_10-Prezode_brochure_presentation_EN_A4_v5-interactive.pdf\">202403_10 Prezode_brochure_pr\u00e9sentation_FR_A4_v5-interactive<\/a><a href=\"https:\/\/prezode-initiative.org\/wp-content\/uploads\/2025\/04\/202403_10-Prezode_brochure_presentation_EN_A4_v5-interactive.pdf\" class=\"wp-block-file__button wp-element-button\" download=\"\" aria-describedby=\"wp-block-file--media-88d79382-3d4b-46df-bce9-6b5b89565cea\">T\u00e9l\u00e9charger<\/a><\/div>\n\n\n\n<p><\/p>\n<\/details>\n\n\n\n<details class=\"wp-block-details is-layout-flow wp-block-details-is-layout-flow\"><summary>Courte pr\u00e9sentation de PREZODE - version fran\u00e7aise<\/summary>\n<div data-wp-interactive=\"core\/file\" class=\"wp-block-file\"><object data-wp-bind--hidden=\"!state.hasPdfPreview\" hidden class=\"wp-block-file__embed\" data=\"https:\/\/prezode-initiative.org\/wp-content\/uploads\/2025\/04\/Prezode_brochure_presentation_FR_A4_v2_interactive.pdf\" type=\"application\/pdf\" style=\"width:100%;height:600px\" aria-label=\"Contenu embarqu\u00e9 Prezode_brochure_pre\u0301sentation_FR_A4_v2_interactive.\"><\/object><a id=\"wp-block-file--media-6ed27a90-ad58-4c8c-9a6f-421eb9711ced\" href=\"https:\/\/prezode-initiative.org\/wp-content\/uploads\/2025\/04\/Prezode_brochure_presentation_FR_A4_v2_interactive.pdf\">Prezode_brochure_pr\u00e9sentation_FR_A4_v2_interactive<\/a><a href=\"https:\/\/prezode-initiative.org\/wp-content\/uploads\/2025\/04\/Prezode_brochure_presentation_FR_A4_v2_interactive.pdf\" class=\"wp-block-file__button wp-element-button\" download=\"\" aria-describedby=\"wp-block-file--media-6ed27a90-ad58-4c8c-9a6f-421eb9711ced\">T\u00e9l\u00e9charger<\/a><\/div>\n\n\n\n<p><\/p>\n<\/details>\n<\/div>\n\n\n\n<div class=\"wp-block-column is-vertically-aligned-top is-layout-flow wp-block-column-is-layout-flow\" style=\"flex-basis:33.33%\">\n<figure class=\"wp-block-image size-full\"><img loading=\"lazy\" decoding=\"async\" width=\"827\" height=\"516\" src=\"https:\/\/prezode-initiative.org\/wp-content\/uploads\/2025\/04\/4-pages-e1745936466110.jpg\" alt=\"\" class=\"wp-image-2108\" srcset=\"https:\/\/prezode-initiative.org\/wp-content\/uploads\/2025\/04\/4-pages-e1745936466110.jpg 827w, https:\/\/prezode-initiative.org\/wp-content\/uploads\/2025\/04\/4-pages-e1745936466110-300x187.jpg 300w, https:\/\/prezode-initiative.org\/wp-content\/uploads\/2025\/04\/4-pages-e1745936466110-768x479.jpg 768w\" sizes=\"auto, (max-width: 827px) 100vw, 827px\" \/><\/figure>\n<\/div>\n<\/div>\n\n<div class=\"wp-block-columns is-layout-flex wp-container-core-columns-is-layout-9d6595d7 wp-block-columns-is-layout-flex\">\n<div class=\"wp-block-column is-vertically-aligned-top is-layout-flow wp-block-column-is-layout-flow\" style=\"flex-basis:33.33%\">\n<figure class=\"wp-block-image size-full\"><img loading=\"lazy\" decoding=\"async\" width=\"640\" height=\"427\" src=\"https:\/\/prezode-initiative.org\/wp-content\/uploads\/2025\/04\/absolutvision-WYd_PkCa1BY-unsplash.jpg\" alt=\"\" class=\"wp-image-2115\" srcset=\"https:\/\/prezode-initiative.org\/wp-content\/uploads\/2025\/04\/absolutvision-WYd_PkCa1BY-unsplash.jpg 640w, https:\/\/prezode-initiative.org\/wp-content\/uploads\/2025\/04\/absolutvision-WYd_PkCa1BY-unsplash-300x200.jpg 300w, https:\/\/prezode-initiative.org\/wp-content\/uploads\/2025\/04\/absolutvision-WYd_PkCa1BY-unsplash-144x96.jpg 144w\" sizes=\"auto, (max-width: 640px) 100vw, 640px\" \/><\/figure>\n<\/div>\n\n\n\n<div class=\"wp-block-column is-layout-flow wp-block-column-is-layout-flow\" style=\"flex-basis:66.66%\">\n<h2 class=\"wp-block-heading\">Communiqu\u00e9s de presse<\/h2>\n\n\n\n<details class=\"wp-block-details is-layout-flow wp-block-details-is-layout-flow\"><summary>COP 28, d\u00e9cembre 2023 : <br>Engagement communautaire et produits de sant\u00e9 intelligents sur le plan climatique : une nouvelle ligne de front pour une plan\u00e8te plus saine<\/summary>\n<p>Le 5 d\u00e9cembre 2023, lors de la 28e Conf\u00e9rence des parties sur le changement climatique qui se tient \u00e0 Duba\u00ef, PREZODE et Unitaid, en partenariat avec le Fonds mondial, ont coorganis\u00e9 une table ronde pour souligner le r\u00f4le cl\u00e9 de l&rsquo;engagement communautaire dans la pr\u00e9vention des risques li\u00e9s \u00e0 la sant\u00e9 et au changement climatique. Lire le communiqu\u00e9 de presse. <\/p>\n\n\n\n<div data-wp-interactive=\"core\/file\" class=\"wp-block-file\"><object data-wp-bind--hidden=\"!state.hasPdfPreview\" hidden class=\"wp-block-file__embed\" data=\"https:\/\/prezode-initiative.org\/wp-content\/uploads\/2025\/04\/Press-Release-Roundtable-Unitaid-PREZODE-GF-COP28-dec2023.pdf\" type=\"application\/pdf\" style=\"width:100%;height:600px\" aria-label=\"Contenu embarqu\u00e9 Press Release-Roundtable-Unitaid-PREZODE-GF-COP28-dec2023.\"><\/object><a id=\"wp-block-file--media-b1426c86-ba6e-4875-b024-265b3fcd1af3\" href=\"https:\/\/prezode-initiative.org\/wp-content\/uploads\/2025\/04\/Press-Release-Roundtable-Unitaid-PREZODE-GF-COP28-dec2023.pdf\">Communiqu\u00e9 de presse-Table ronde-Unitaid-PREZODE-GF-COP28-dec2023<\/a><a href=\"https:\/\/prezode-initiative.org\/wp-content\/uploads\/2025\/04\/Press-Release-Roundtable-Unitaid-PREZODE-GF-COP28-dec2023.pdf\" class=\"wp-block-file__button wp-element-button\" download=\"\" aria-describedby=\"wp-block-file--media-b1426c86-ba6e-4875-b024-265b3fcd1af3\">T\u00e9l\u00e9charger<\/a><\/div>\n<\/details>\n\n\n\n<details class=\"wp-block-details is-layout-flow wp-block-details-is-layout-flow\"><summary>Assembl\u00e9e g\u00e9n\u00e9rale 2023<br>Renforcer l&rsquo;engagement des membres<\/summary>\n<p>La 2\u00e8me Assembl\u00e9e G\u00e9n\u00e9rale de PREZODE (PREventing ZOonotic Disease Emergence) s&rsquo;est tenue le 16 novembre 2023. Elle a permis de pr\u00e9senter les r\u00e9alisations de l&rsquo;initiative, les partenariats avec les organisations internationales, et d&rsquo;informer sur la mise en place des instances de gouvernance et des chaires. <\/p>\n\n\n\n<div data-wp-interactive=\"core\/file\" class=\"wp-block-file\"><object data-wp-bind--hidden=\"!state.hasPdfPreview\" hidden class=\"wp-block-file__embed\" data=\"https:\/\/prezode-initiative.org\/wp-content\/uploads\/2025\/04\/Press-Release-PREZODE-GA-11-16-2023.pdf\" type=\"application\/pdf\" style=\"width:100%;height:600px\" aria-label=\"Contenu embarqu\u00e9 Press Release-PREZODE-GA-11-16-2023.\"><\/object><a id=\"wp-block-file--media-eeaec5a6-6291-4826-85fe-cd3fde6a1ea8\" href=\"https:\/\/prezode-initiative.org\/wp-content\/uploads\/2025\/04\/Press-Release-PREZODE-GA-11-16-2023.pdf\">Press Release-PREZODE-GA-11-16-2023<\/a><a href=\"https:\/\/prezode-initiative.org\/wp-content\/uploads\/2025\/04\/Press-Release-PREZODE-GA-11-16-2023.pdf\" class=\"wp-block-file__button wp-element-button\" download=\"\" aria-describedby=\"wp-block-file--media-eeaec5a6-6291-4826-85fe-cd3fde6a1ea8\">T\u00e9l\u00e9charger<\/a><\/div>\n<\/details>\n\n\n\n<details class=\"wp-block-details is-layout-flow wp-block-details-is-layout-flow\"><summary>R\u00e9union de haut niveau \u00e0 l&rsquo;AGNU 2023 : Travailler ensemble pour pr\u00e9venir une nouvelle pand\u00e9mie<\/summary>\n<p>Le 20 septembre 2023. En amont de la r\u00e9union de haut niveau sur la d\u00e9claration politique de l&rsquo;Assembl\u00e9e g\u00e9n\u00e9rale des Nations unies sur la pr\u00e9vention, la pr\u00e9paration et la r\u00e9ponse aux pand\u00e9mies, un \u00e9v\u00e9nement parall\u00e8le de haut niveau a \u00e9t\u00e9 organis\u00e9 par le minist\u00e8re fran\u00e7ais des affaires \u00e9trang\u00e8res, PREZODE et des organisations de la soci\u00e9t\u00e9 civile. L&rsquo;objectif \u00e9tait de s&rsquo;appuyer sur les intentions de la d\u00e9claration politique, de discuter de ce qu&rsquo;il faudra faire pour transformer les promesses en actions, et de ce dont les gouvernements auront besoin pour pr\u00e9venir avec succ\u00e8s les futures pand\u00e9mies. Les participants ont d\u00e9clar\u00e9 que \u00ab\u00a0la d\u00e9claration politique sur la pr\u00e9vention, la pr\u00e9paration et l&rsquo;intervention en cas de pand\u00e9mie doit tenir la promesse de travailler ensemble pour pr\u00e9venir une autre pand\u00e9mie\u00a0\u00bb.   <\/p>\n\n\n\n<div data-wp-interactive=\"core\/file\" class=\"wp-block-file\"><object data-wp-bind--hidden=\"!state.hasPdfPreview\" hidden class=\"wp-block-file__embed\" data=\"https:\/\/prezode-initiative.org\/wp-content\/uploads\/2025\/04\/high-level-side-event-_UNGA&#x2014;2023.pdf\" type=\"application\/pdf\" style=\"width:100%;height:600px\" aria-label=\"Contenu embarqu\u00e9 high-level side event _UNGA\u20142023.\"><\/object><a id=\"wp-block-file--media-86833e37-bb65-4128-83fa-405968b543f0\" href=\"https:\/\/prezode-initiative.org\/wp-content\/uploads\/2025\/04\/high-level-side-event-_UNGA&#x2014;2023.pdf\">\u00e9v\u00e9nement parall\u00e8le de haut niveau _UNGA-2023<\/a><a href=\"https:\/\/prezode-initiative.org\/wp-content\/uploads\/2025\/04\/high-level-side-event-_UNGA&#x2014;2023.pdf\" class=\"wp-block-file__button wp-element-button\" download=\"\" aria-describedby=\"wp-block-file--media-86833e37-bb65-4128-83fa-405968b543f0\">T\u00e9l\u00e9charger<\/a><\/div>\n<\/details>\n\n\n\n<details class=\"wp-block-details is-layout-flow wp-block-details-is-layout-flow\"><summary>Assembl\u00e9e g\u00e9n\u00e9rale 2022 <br>L&rsquo;initiative PREZODE, une coop\u00e9ration internationale prometteuse<\/summary>\n<div data-wp-interactive=\"core\/file\" class=\"wp-block-file\"><object data-wp-bind--hidden=\"!state.hasPdfPreview\" hidden class=\"wp-block-file__embed\" data=\"https:\/\/prezode-initiative.org\/wp-content\/uploads\/2025\/04\/press-release-GA-PREZODE-111022ok.pdf\" type=\"application\/pdf\" style=\"width:100%;height:600px\" aria-label=\"Contenu embarqu\u00e9 press release GA PREZODE 111022ok.\"><\/object><a id=\"wp-block-file--media-434b122e-f74f-4c23-8de9-da45f140198a\" href=\"https:\/\/prezode-initiative.org\/wp-content\/uploads\/2025\/04\/press-release-GA-PREZODE-111022ok.pdf\">communiqu\u00e9 de presse GA PREZODE 111022ok<\/a><a href=\"https:\/\/prezode-initiative.org\/wp-content\/uploads\/2025\/04\/press-release-GA-PREZODE-111022ok.pdf\" class=\"wp-block-file__button wp-element-button\" download=\"\" aria-describedby=\"wp-block-file--media-434b122e-f74f-4c23-8de9-da45f140198a\">T\u00e9l\u00e9charger<\/a><\/div>\n\n\n\n<p><\/p>\n<\/details>\n<\/div>\n<\/div>\n\n<div class=\"wp-block-columns is-layout-flex wp-container-core-columns-is-layout-9d6595d7 wp-block-columns-is-layout-flex\"><\/div>\n\n<p><\/p>\n","protected":false},"excerpt":{"rendered":"<p>Agenda strat\u00e9gique de PREZODE T\u00e9l\u00e9chargez le document complet Brochures Pr\u00e9sentation en 4 pages Communiqu\u00e9s de presse<\/p>\n","protected":false},"author":2,"featured_media":628,"parent":0,"menu_order":0,"comment_status":"closed","ping_status":"closed","template":"","meta":{"_acf_changed":false,"footnotes":""},"class_list":["post-4649","page","type-page","status-publish","has-post-thumbnail","hentry"],"acf":[],"yoast_head":"<!-- This site is optimized with the Yoast SEO plugin v27.6 - https:\/\/yoast.com\/product\/yoast-seo-wordpress\/ -->\n<title>Documentation - Prezode.<\/title>\n<meta name=\"description\" content=\"Brochures, communiqu\u00e9s de presse\" \/>\n<meta name=\"robots\" content=\"index, follow, max-snippet:-1, max-image-preview:large, max-video-preview:-1\" \/>\n<link rel=\"canonical\" href=\"https:\/\/prezode-initiative.org\/fr\/documentation\/\" \/>\n<meta property=\"og:locale\" content=\"fr_FR\" \/>\n<meta property=\"og:type\" content=\"article\" \/>\n<meta property=\"og:title\" content=\"Documentation - Prezode.\" \/>\n<meta property=\"og:description\" content=\"Brochures, communiqu\u00e9s de presse\" \/>\n<meta property=\"og:url\" content=\"https:\/\/prezode-initiative.org\/fr\/documentation\/\" \/>\n<meta property=\"og:site_name\" content=\"Prezode\" \/>\n<meta property=\"article:modified_time\" content=\"2026-03-25T16:46:40+00:00\" \/>\n<meta property=\"og:image\" content=\"https:\/\/prezode-initiative.org\/wp-content\/uploads\/2025\/03\/Oppinions-statements-scaled.jpg\" \/>\n\t<meta property=\"og:image:width\" content=\"2560\" \/>\n\t<meta property=\"og:image:height\" content=\"512\" \/>\n\t<meta property=\"og:image:type\" content=\"image\/jpeg\" \/>\n<meta name=\"twitter:card\" content=\"summary_large_image\" \/>\n<meta name=\"twitter:label1\" content=\"Dur\u00e9e de lecture estim\u00e9e\" \/>\n\t<meta name=\"twitter:data1\" content=\"2 minute\" \/>\n<script type=\"application\/ld+json\" class=\"yoast-schema-graph\">{\"@context\":\"https:\\\/\\\/schema.org\",\"@graph\":[{\"@type\":\"WebPage\",\"@id\":\"https:\\\/\\\/prezode-initiative.org\\\/fr\\\/documentation\\\/\",\"url\":\"https:\\\/\\\/prezode-initiative.org\\\/fr\\\/documentation\\\/\",\"name\":\"Documentation - Prezode.\",\"isPartOf\":{\"@id\":\"https:\\\/\\\/prezode-initiative.org\\\/fr\\\/#website\"},\"primaryImageOfPage\":{\"@id\":\"https:\\\/\\\/prezode-initiative.org\\\/fr\\\/documentation\\\/#primaryimage\"},\"image\":{\"@id\":\"https:\\\/\\\/prezode-initiative.org\\\/fr\\\/documentation\\\/#primaryimage\"},\"thumbnailUrl\":\"https:\\\/\\\/prezode-initiative.org\\\/wp-content\\\/uploads\\\/2025\\\/03\\\/Oppinions-statements-scaled.jpg\",\"datePublished\":\"2025-04-29T14:13:01+00:00\",\"dateModified\":\"2026-03-25T16:46:40+00:00\",\"description\":\"Brochures, communiqu\u00e9s de presse\",\"breadcrumb\":{\"@id\":\"https:\\\/\\\/prezode-initiative.org\\\/fr\\\/documentation\\\/#breadcrumb\"},\"inLanguage\":\"fr-FR\",\"potentialAction\":[{\"@type\":\"ReadAction\",\"target\":[\"https:\\\/\\\/prezode-initiative.org\\\/fr\\\/documentation\\\/\"]}]},{\"@type\":\"ImageObject\",\"inLanguage\":\"fr-FR\",\"@id\":\"https:\\\/\\\/prezode-initiative.org\\\/fr\\\/documentation\\\/#primaryimage\",\"url\":\"https:\\\/\\\/prezode-initiative.org\\\/wp-content\\\/uploads\\\/2025\\\/03\\\/Oppinions-statements-scaled.jpg\",\"contentUrl\":\"https:\\\/\\\/prezode-initiative.org\\\/wp-content\\\/uploads\\\/2025\\\/03\\\/Oppinions-statements-scaled.jpg\",\"width\":2560,\"height\":512},{\"@type\":\"BreadcrumbList\",\"@id\":\"https:\\\/\\\/prezode-initiative.org\\\/fr\\\/documentation\\\/#breadcrumb\",\"itemListElement\":[{\"@type\":\"ListItem\",\"position\":1,\"name\":\"Home\",\"item\":\"https:\\\/\\\/prezode-initiative.org\\\/fr\\\/\"},{\"@type\":\"ListItem\",\"position\":2,\"name\":\"Documentation\"}]},{\"@type\":\"WebSite\",\"@id\":\"https:\\\/\\\/prezode-initiative.org\\\/fr\\\/#website\",\"url\":\"https:\\\/\\\/prezode-initiative.org\\\/fr\\\/\",\"name\":\"Prezode\",\"description\":\"\",\"publisher\":{\"@id\":\"https:\\\/\\\/prezode-initiative.org\\\/fr\\\/#organization\"},\"potentialAction\":[{\"@type\":\"SearchAction\",\"target\":{\"@type\":\"EntryPoint\",\"urlTemplate\":\"https:\\\/\\\/prezode-initiative.org\\\/fr\\\/?s={search_term_string}\"},\"query-input\":{\"@type\":\"PropertyValueSpecification\",\"valueRequired\":true,\"valueName\":\"search_term_string\"}}],\"inLanguage\":\"fr-FR\"},{\"@type\":\"Organization\",\"@id\":\"https:\\\/\\\/prezode-initiative.org\\\/fr\\\/#organization\",\"name\":\"Prezode\",\"url\":\"https:\\\/\\\/prezode-initiative.org\\\/fr\\\/\",\"logo\":{\"@type\":\"ImageObject\",\"inLanguage\":\"fr-FR\",\"@id\":\"https:\\\/\\\/prezode-initiative.org\\\/fr\\\/#\\\/schema\\\/logo\\\/image\\\/\",\"url\":\"https:\\\/\\\/prezode-initiative.org\\\/wp-content\\\/uploads\\\/2025\\\/02\\\/logo.png\",\"contentUrl\":\"https:\\\/\\\/prezode-initiative.org\\\/wp-content\\\/uploads\\\/2025\\\/02\\\/logo.png\",\"width\":168,\"height\":118,\"caption\":\"Prezode\"},\"image\":{\"@id\":\"https:\\\/\\\/prezode-initiative.org\\\/fr\\\/#\\\/schema\\\/logo\\\/image\\\/\"}}]}<\/script>\n<!-- \/ Yoast SEO plugin. -->","yoast_head_json":{"title":"Documentation - Prezode.","description":"Brochures, communiqu\u00e9s de presse","robots":{"index":"index","follow":"follow","max-snippet":"max-snippet:-1","max-image-preview":"max-image-preview:large","max-video-preview":"max-video-preview:-1"},"canonical":"https:\/\/prezode-initiative.org\/fr\/documentation\/","og_locale":"fr_FR","og_type":"article","og_title":"Documentation - Prezode.","og_description":"Brochures, communiqu\u00e9s de presse","og_url":"https:\/\/prezode-initiative.org\/fr\/documentation\/","og_site_name":"Prezode","article_modified_time":"2026-03-25T16:46:40+00:00","og_image":[{"width":2560,"height":512,"url":"https:\/\/prezode-initiative.org\/wp-content\/uploads\/2025\/03\/Oppinions-statements-scaled.jpg","type":"image\/jpeg"}],"twitter_card":"summary_large_image","twitter_misc":{"Dur\u00e9e de lecture estim\u00e9e":"2 minute"},"schema":{"@context":"https:\/\/schema.org","@graph":[{"@type":"WebPage","@id":"https:\/\/prezode-initiative.org\/fr\/documentation\/","url":"https:\/\/prezode-initiative.org\/fr\/documentation\/","name":"Documentation - Prezode.","isPartOf":{"@id":"https:\/\/prezode-initiative.org\/fr\/#website"},"primaryImageOfPage":{"@id":"https:\/\/prezode-initiative.org\/fr\/documentation\/#primaryimage"},"image":{"@id":"https:\/\/prezode-initiative.org\/fr\/documentation\/#primaryimage"},"thumbnailUrl":"https:\/\/prezode-initiative.org\/wp-content\/uploads\/2025\/03\/Oppinions-statements-scaled.jpg","datePublished":"2025-04-29T14:13:01+00:00","dateModified":"2026-03-25T16:46:40+00:00","description":"Brochures, communiqu\u00e9s de presse","breadcrumb":{"@id":"https:\/\/prezode-initiative.org\/fr\/documentation\/#breadcrumb"},"inLanguage":"fr-FR","potentialAction":[{"@type":"ReadAction","target":["https:\/\/prezode-initiative.org\/fr\/documentation\/"]}]},{"@type":"ImageObject","inLanguage":"fr-FR","@id":"https:\/\/prezode-initiative.org\/fr\/documentation\/#primaryimage","url":"https:\/\/prezode-initiative.org\/wp-content\/uploads\/2025\/03\/Oppinions-statements-scaled.jpg","contentUrl":"https:\/\/prezode-initiative.org\/wp-content\/uploads\/2025\/03\/Oppinions-statements-scaled.jpg","width":2560,"height":512},{"@type":"BreadcrumbList","@id":"https:\/\/prezode-initiative.org\/fr\/documentation\/#breadcrumb","itemListElement":[{"@type":"ListItem","position":1,"name":"Home","item":"https:\/\/prezode-initiative.org\/fr\/"},{"@type":"ListItem","position":2,"name":"Documentation"}]},{"@type":"WebSite","@id":"https:\/\/prezode-initiative.org\/fr\/#website","url":"https:\/\/prezode-initiative.org\/fr\/","name":"Prezode","description":"","publisher":{"@id":"https:\/\/prezode-initiative.org\/fr\/#organization"},"potentialAction":[{"@type":"SearchAction","target":{"@type":"EntryPoint","urlTemplate":"https:\/\/prezode-initiative.org\/fr\/?s={search_term_string}"},"query-input":{"@type":"PropertyValueSpecification","valueRequired":true,"valueName":"search_term_string"}}],"inLanguage":"fr-FR"},{"@type":"Organization","@id":"https:\/\/prezode-initiative.org\/fr\/#organization","name":"Prezode","url":"https:\/\/prezode-initiative.org\/fr\/","logo":{"@type":"ImageObject","inLanguage":"fr-FR","@id":"https:\/\/prezode-initiative.org\/fr\/#\/schema\/logo\/image\/","url":"https:\/\/prezode-initiative.org\/wp-content\/uploads\/2025\/02\/logo.png","contentUrl":"https:\/\/prezode-initiative.org\/wp-content\/uploads\/2025\/02\/logo.png","width":168,"height":118,"caption":"Prezode"},"image":{"@id":"https:\/\/prezode-initiative.org\/fr\/#\/schema\/logo\/image\/"}}]}},"_links":{"self":[{"href":"https:\/\/prezode-initiative.org\/fr\/wp-json\/wp\/v2\/pages\/4649","targetHints":{"allow":["GET"]}}],"collection":[{"href":"https:\/\/prezode-initiative.org\/fr\/wp-json\/wp\/v2\/pages"}],"about":[{"href":"https:\/\/prezode-initiative.org\/fr\/wp-json\/wp\/v2\/types\/page"}],"author":[{"embeddable":true,"href":"https:\/\/prezode-initiative.org\/fr\/wp-json\/wp\/v2\/users\/2"}],"replies":[{"embeddable":true,"href":"https:\/\/prezode-initiative.org\/fr\/wp-json\/wp\/v2\/comments?post=4649"}],"version-history":[{"count":2,"href":"https:\/\/prezode-initiative.org\/fr\/wp-json\/wp\/v2\/pages\/4649\/revisions"}],"predecessor-version":[{"id":4664,"href":"https:\/\/prezode-initiative.org\/fr\/wp-json\/wp\/v2\/pages\/4649\/revisions\/4664"}],"wp:featuredmedia":[{"embeddable":true,"href":"https:\/\/prezode-initiative.org\/fr\/wp-json\/wp\/v2\/media\/628"}],"wp:attachment":[{"href":"https:\/\/prezode-initiative.org\/fr\/wp-json\/wp\/v2\/media?parent=4649"}],"curies":[{"name":"wp","href":"https:\/\/api.w.org\/{rel}","templated":true}]}}