{"id":4596,"date":"2025-03-19T16:17:57","date_gmt":"2025-03-19T15:17:57","guid":{"rendered":"https:\/\/prezode-initiative.org\/promouvoir-la-prevention-par-des-approches-concertees\/"},"modified":"2026-03-25T17:46:39","modified_gmt":"2026-03-25T16:46:39","slug":"promouvoir-la-prevention-par-des-approches-concertees","status":"publish","type":"page","link":"https:\/\/prezode-initiative.org\/fr\/promouvoir-la-prevention-par-des-approches-concertees\/","title":{"rendered":"PROMOUVOIR LA PR\u00c9VENTION PAR DES APPROCHES CONCERT\u00c9ES"},"content":{"rendered":"\n<p><\/p>\n\n<h2 class=\"wp-block-heading\"><strong>Les efforts de PREZODE se concentrent sur la pr\u00e9vention de l&rsquo;\u00e9mergence des risques de maladies zoonotiques \u00e0 la source en concevant des solutions de r\u00e9duction des risques et de d\u00e9tection pr\u00e9coce avec et pour les communaut\u00e9s locales et les acteurs qui se trouvent en premi\u00e8re ligne des risques. En adoptant l&rsquo;approche \u00ab\u00a0Une seule sant\u00e9\u00a0\u00bb, PREZODE renforce le dialogue entre la soci\u00e9t\u00e9 scientifique et les d\u00e9cideurs politiques, du niveau local au niveau mondial. L&rsquo;initiative a \u00e9t\u00e9 con\u00e7ue en collaboration avec tous ses membres afin de favoriser l&rsquo;engagement et la pertinence.  <\/strong>.<\/h2>\n\n<p><\/p>\n\n<p>Les experts estiment qu&rsquo;il est 100 fois moins co\u00fbteux de r\u00e9duire les risques que de r\u00e9agir \u00e0 des pand\u00e9mies similaires \u00e0 celle de COVID-19. Pour \u00e9viter qu&rsquo;une pand\u00e9mie aux cons\u00e9quences d\u00e9vastatrices ne se reproduise, il est essentiel d&rsquo;adopter une strat\u00e9gie de pr\u00e9vention efficace et int\u00e9gr\u00e9e. PREZODE se concentre sur la pr\u00e9vention primaire avant que la maladie ne se d\u00e9clare chez l&rsquo;animal ou l&rsquo;homme.  <\/p>\n\n<p><\/p>\n\n<div class=\"wp-block-columns is-layout-flex wp-container-core-columns-is-layout-9d6595d7 wp-block-columns-is-layout-flex\">\n<div class=\"wp-block-column is-layout-flow wp-block-column-is-layout-flow\" style=\"flex-basis:66.66%\">\n<p><\/p>\n\n\n\n<blockquote class=\"wp-block-quote is-layout-flow wp-block-quote-is-layout-flow\">\n<p>L&rsquo;initiative promeut des approches bas\u00e9es sur la pens\u00e9e syst\u00e9mique ; la pr\u00e9vention des maladies zoonotiques n\u00e9cessite une compr\u00e9hension de tous les facteurs qui permettent aux agents pathog\u00e8nes d&rsquo;\u00e9merger, d&rsquo;\u00eatre transmis et de franchir la barri\u00e8re des esp\u00e8ces.<\/p>\n<\/blockquote>\n\n\n\n<p><\/p>\n<\/div>\n<\/div>\n\n<p>Les activit\u00e9s de recherche sont ax\u00e9es sur les risques d&rsquo;\u00e9mergence li\u00e9s aux changements locaux et mondiaux, sur l&rsquo;\u00e9laboration de strat\u00e9gies de pr\u00e9vention durables par l&rsquo;\u00e9levage, l&rsquo;agriculture et\/ou la gestion des \u00e9cosyst\u00e8mes, et sur la mise au point de syst\u00e8mes d&rsquo;alerte pr\u00e9coce \u00e0 l&rsquo;\u00e9chelle locale et mondiale. Plus pr\u00e9cis\u00e9ment, la recherche portera sur les agents pathog\u00e8nes zoonotiques susceptibles d&rsquo;\u00e9merger et sur les maladies infectieuses d\u00e9j\u00e0 apparues ou r\u00e9apparues. Tous les types d&rsquo;agents pathog\u00e8nes circulant sur tous les continents sont pris en compte, de la faune aux animaux domestiques et des environnements terrestres aux environnements aquatiques. De m\u00eame, toutes les diff\u00e9rentes voies de transmission au sein des esp\u00e8ces animales, entre les esp\u00e8ces animales et les populations humaines sont prises en compte. Les agents pathog\u00e8nes zoonotiques peuvent infecter l&rsquo;homme par contact direct avec des animaux infect\u00e9s, des arthropodes vecteurs (maladies \u00e0 transmission vectorielle), par contact indirect avec l&rsquo;environnement, des objets (fomites) ou des surfaces qui ont \u00e9t\u00e9 contamin\u00e9s par des agents zoonotiques, ou par la consommation (maladies d&rsquo;origine alimentaire et hydrique).    <\/p>\n\n<h2 class=\"wp-block-heading has-text-color has-link-color wp-elements-4087fd08e9b8f8b26a15f0e49483c8c6\" style=\"color:#2894bf\"><strong>Un changement de paradigme  <\/strong><br\/><\/h2>\n\n<p>L&rsquo;innovation de PREZODE r\u00e9side dans un changement de paradigme : la <strong>promotion d&rsquo;un processus de co-conception<\/strong>, impliquant toutes les parties prenantes, du niveau local au niveau international, dans la pr\u00e9vention des risques \u00e9mergents - communaut\u00e9s locales, professionnels de la sant\u00e9 (des secteurs animal, humain et environnemental), chercheurs, op\u00e9rateurs de terrain, ainsi que d\u00e9cideurs des secteurs priv\u00e9 et public. Bien que la plupart des maladies infectieuses \u00e9mergentes chez l&rsquo;homme soient d&rsquo;origine zoonotique, le dogme actuel se concentre sur la pr\u00e9paration post-d\u00e9bordement pour contr\u00f4ler la propagation de la maladie au sein de la population humaine plut\u00f4t que de pr\u00e9venir le d\u00e9bordement \u00e0 la source. <\/p>\n\n<p><\/p>\n\n<blockquote class=\"wp-block-quote is-layout-flow wp-block-quote-is-layout-flow\">\n<p>La co-construction repose sur des principes fondamentaux pour int\u00e9grer les sp\u00e9cificit\u00e9s locales dans les politiques de sant\u00e9 nationales et internationales, sensibiliser et susciter un engagement fort et durable.<\/p>\n<\/blockquote>\n\n<p><\/p>\n\n<p>Les agents infectieux ne s&rsquo;arr\u00eatent pas aux fronti\u00e8res, de sorte que la pr\u00e9vention de l&rsquo;\u00e9mergence des maladies zoonotiques doit \u00eatre globale et n\u00e9cessiter une collaboration internationale. Cependant, il n&rsquo;y a pas de taille unique : la pr\u00e9vention de l&rsquo;\u00e9mergence des maladies zoonotiques doit s&rsquo;appuyer sur les contextes locaux, c&rsquo;est-\u00e0-dire sur les contraintes et les besoins des communaut\u00e9s locales et des acteurs de premi\u00e8re ligne qui mettent en \u0153uvre les strat\u00e9gies de sant\u00e9. La co-construction repose sur des principes fondamentaux permettant d&rsquo;int\u00e9grer les sp\u00e9cificit\u00e9s locales dans les politiques de sant\u00e9 nationales et internationales, de sensibiliser et de susciter un engagement fort et durable.  <\/p>\n\n<p><\/p>\n","protected":false},"excerpt":{"rendered":"<p>Les efforts de PREZODE se concentrent sur la pr\u00e9vention de l&rsquo;\u00e9mergence des risques de maladies zoonotiques \u00e0 la source en concevant des solutions de r\u00e9duction des risques et de d\u00e9tection pr\u00e9coce avec et pour les communaut\u00e9s locales et les acteurs qui se trouvent en premi\u00e8re ligne des risques. En adoptant l&rsquo;approche \u00ab\u00a0Une seule sant\u00e9\u00a0\u00bb, PREZODE<a href=\"https:\/\/prezode-initiative.org\/fr\/promouvoir-la-prevention-par-des-approches-concertees\/\">Continue reading <span class=\"sr-only\">\u00ab\u00a0PROMOUVOIR LA PR\u00c9VENTION PAR DES APPROCHES CONCERT\u00c9ES\u00a0\u00bb<\/span><\/a><\/p>\n","protected":false},"author":2,"featured_media":0,"parent":0,"menu_order":0,"comment_status":"closed","ping_status":"closed","template":"template-pages\/article-page.php","meta":{"_acf_changed":false,"footnotes":""},"class_list":["post-4596","page","type-page","status-publish","hentry"],"acf":[],"yoast_head":"<!-- This site is optimized with the Yoast SEO plugin v27.6 - https:\/\/yoast.com\/product\/yoast-seo-wordpress\/ -->\n<title>PROMOUVOIR LA PR\u00c9VENTION PAR DES APPROCHES CONCERT\u00c9ES - Prezode.<\/title>\n<meta name=\"robots\" content=\"index, follow, max-snippet:-1, max-image-preview:large, max-video-preview:-1\" \/>\n<link rel=\"canonical\" href=\"https:\/\/prezode-initiative.org\/fr\/promouvoir-la-prevention-par-des-approches-concertees\/\" \/>\n<meta property=\"og:locale\" content=\"fr_FR\" \/>\n<meta property=\"og:type\" content=\"article\" \/>\n<meta property=\"og:title\" content=\"PROMOUVOIR LA PR\u00c9VENTION PAR DES APPROCHES CONCERT\u00c9ES - Prezode.\" \/>\n<meta property=\"og:description\" content=\"Les efforts de PREZODE se concentrent sur la pr\u00e9vention de l&rsquo;\u00e9mergence des risques de maladies zoonotiques \u00e0 la source en concevant des solutions de r\u00e9duction des risques et de d\u00e9tection pr\u00e9coce avec et pour les communaut\u00e9s locales et les acteurs qui se trouvent en premi\u00e8re ligne des risques. En adoptant l&rsquo;approche \u00ab\u00a0Une seule sant\u00e9\u00a0\u00bb, PREZODEContinue reading &quot;PROMOUVOIR LA PR\u00c9VENTION PAR DES APPROCHES CONCERT\u00c9ES&quot;\" \/>\n<meta property=\"og:url\" content=\"https:\/\/prezode-initiative.org\/fr\/promouvoir-la-prevention-par-des-approches-concertees\/\" \/>\n<meta property=\"og:site_name\" content=\"Prezode\" \/>\n<meta property=\"article:modified_time\" content=\"2026-03-25T16:46:39+00:00\" \/>\n<meta name=\"twitter:card\" content=\"summary_large_image\" \/>\n<meta name=\"twitter:label1\" content=\"Dur\u00e9e de lecture estim\u00e9e\" \/>\n\t<meta name=\"twitter:data1\" content=\"3 minute\" \/>\n<script type=\"application\/ld+json\" class=\"yoast-schema-graph\">{\"@context\":\"https:\\\/\\\/schema.org\",\"@graph\":[{\"@type\":\"WebPage\",\"@id\":\"https:\\\/\\\/prezode-initiative.org\\\/fr\\\/promouvoir-la-prevention-par-des-approches-concertees\\\/\",\"url\":\"https:\\\/\\\/prezode-initiative.org\\\/fr\\\/promouvoir-la-prevention-par-des-approches-concertees\\\/\",\"name\":\"PROMOUVOIR LA PR\u00c9VENTION PAR DES APPROCHES CONCERT\u00c9ES - Prezode.\",\"isPartOf\":{\"@id\":\"https:\\\/\\\/prezode-initiative.org\\\/fr\\\/#website\"},\"datePublished\":\"2025-03-19T15:17:57+00:00\",\"dateModified\":\"2026-03-25T16:46:39+00:00\",\"breadcrumb\":{\"@id\":\"https:\\\/\\\/prezode-initiative.org\\\/fr\\\/promouvoir-la-prevention-par-des-approches-concertees\\\/#breadcrumb\"},\"inLanguage\":\"fr-FR\",\"potentialAction\":[{\"@type\":\"ReadAction\",\"target\":[\"https:\\\/\\\/prezode-initiative.org\\\/fr\\\/promouvoir-la-prevention-par-des-approches-concertees\\\/\"]}]},{\"@type\":\"BreadcrumbList\",\"@id\":\"https:\\\/\\\/prezode-initiative.org\\\/fr\\\/promouvoir-la-prevention-par-des-approches-concertees\\\/#breadcrumb\",\"itemListElement\":[{\"@type\":\"ListItem\",\"position\":1,\"name\":\"Home\",\"item\":\"https:\\\/\\\/prezode-initiative.org\\\/fr\\\/\"},{\"@type\":\"ListItem\",\"position\":2,\"name\":\"PROMOUVOIR LA PR\u00c9VENTION PAR DES APPROCHES CONCERT\u00c9ES\"}]},{\"@type\":\"WebSite\",\"@id\":\"https:\\\/\\\/prezode-initiative.org\\\/fr\\\/#website\",\"url\":\"https:\\\/\\\/prezode-initiative.org\\\/fr\\\/\",\"name\":\"Prezode\",\"description\":\"\",\"publisher\":{\"@id\":\"https:\\\/\\\/prezode-initiative.org\\\/fr\\\/#organization\"},\"potentialAction\":[{\"@type\":\"SearchAction\",\"target\":{\"@type\":\"EntryPoint\",\"urlTemplate\":\"https:\\\/\\\/prezode-initiative.org\\\/fr\\\/?s={search_term_string}\"},\"query-input\":{\"@type\":\"PropertyValueSpecification\",\"valueRequired\":true,\"valueName\":\"search_term_string\"}}],\"inLanguage\":\"fr-FR\"},{\"@type\":\"Organization\",\"@id\":\"https:\\\/\\\/prezode-initiative.org\\\/fr\\\/#organization\",\"name\":\"Prezode\",\"url\":\"https:\\\/\\\/prezode-initiative.org\\\/fr\\\/\",\"logo\":{\"@type\":\"ImageObject\",\"inLanguage\":\"fr-FR\",\"@id\":\"https:\\\/\\\/prezode-initiative.org\\\/fr\\\/#\\\/schema\\\/logo\\\/image\\\/\",\"url\":\"https:\\\/\\\/prezode-initiative.org\\\/wp-content\\\/uploads\\\/2025\\\/02\\\/logo.png\",\"contentUrl\":\"https:\\\/\\\/prezode-initiative.org\\\/wp-content\\\/uploads\\\/2025\\\/02\\\/logo.png\",\"width\":168,\"height\":118,\"caption\":\"Prezode\"},\"image\":{\"@id\":\"https:\\\/\\\/prezode-initiative.org\\\/fr\\\/#\\\/schema\\\/logo\\\/image\\\/\"}}]}<\/script>\n<!-- \/ Yoast SEO plugin. -->","yoast_head_json":{"title":"PROMOUVOIR LA PR\u00c9VENTION PAR DES APPROCHES CONCERT\u00c9ES - Prezode.","robots":{"index":"index","follow":"follow","max-snippet":"max-snippet:-1","max-image-preview":"max-image-preview:large","max-video-preview":"max-video-preview:-1"},"canonical":"https:\/\/prezode-initiative.org\/fr\/promouvoir-la-prevention-par-des-approches-concertees\/","og_locale":"fr_FR","og_type":"article","og_title":"PROMOUVOIR LA PR\u00c9VENTION PAR DES APPROCHES CONCERT\u00c9ES - Prezode.","og_description":"Les efforts de PREZODE se concentrent sur la pr\u00e9vention de l&rsquo;\u00e9mergence des risques de maladies zoonotiques \u00e0 la source en concevant des solutions de r\u00e9duction des risques et de d\u00e9tection pr\u00e9coce avec et pour les communaut\u00e9s locales et les acteurs qui se trouvent en premi\u00e8re ligne des risques. En adoptant l&rsquo;approche \u00ab\u00a0Une seule sant\u00e9\u00a0\u00bb, PREZODEContinue reading \"PROMOUVOIR LA PR\u00c9VENTION PAR DES APPROCHES CONCERT\u00c9ES\"","og_url":"https:\/\/prezode-initiative.org\/fr\/promouvoir-la-prevention-par-des-approches-concertees\/","og_site_name":"Prezode","article_modified_time":"2026-03-25T16:46:39+00:00","twitter_card":"summary_large_image","twitter_misc":{"Dur\u00e9e de lecture estim\u00e9e":"3 minute"},"schema":{"@context":"https:\/\/schema.org","@graph":[{"@type":"WebPage","@id":"https:\/\/prezode-initiative.org\/fr\/promouvoir-la-prevention-par-des-approches-concertees\/","url":"https:\/\/prezode-initiative.org\/fr\/promouvoir-la-prevention-par-des-approches-concertees\/","name":"PROMOUVOIR LA PR\u00c9VENTION PAR DES APPROCHES CONCERT\u00c9ES - Prezode.","isPartOf":{"@id":"https:\/\/prezode-initiative.org\/fr\/#website"},"datePublished":"2025-03-19T15:17:57+00:00","dateModified":"2026-03-25T16:46:39+00:00","breadcrumb":{"@id":"https:\/\/prezode-initiative.org\/fr\/promouvoir-la-prevention-par-des-approches-concertees\/#breadcrumb"},"inLanguage":"fr-FR","potentialAction":[{"@type":"ReadAction","target":["https:\/\/prezode-initiative.org\/fr\/promouvoir-la-prevention-par-des-approches-concertees\/"]}]},{"@type":"BreadcrumbList","@id":"https:\/\/prezode-initiative.org\/fr\/promouvoir-la-prevention-par-des-approches-concertees\/#breadcrumb","itemListElement":[{"@type":"ListItem","position":1,"name":"Home","item":"https:\/\/prezode-initiative.org\/fr\/"},{"@type":"ListItem","position":2,"name":"PROMOUVOIR LA PR\u00c9VENTION PAR DES APPROCHES CONCERT\u00c9ES"}]},{"@type":"WebSite","@id":"https:\/\/prezode-initiative.org\/fr\/#website","url":"https:\/\/prezode-initiative.org\/fr\/","name":"Prezode","description":"","publisher":{"@id":"https:\/\/prezode-initiative.org\/fr\/#organization"},"potentialAction":[{"@type":"SearchAction","target":{"@type":"EntryPoint","urlTemplate":"https:\/\/prezode-initiative.org\/fr\/?s={search_term_string}"},"query-input":{"@type":"PropertyValueSpecification","valueRequired":true,"valueName":"search_term_string"}}],"inLanguage":"fr-FR"},{"@type":"Organization","@id":"https:\/\/prezode-initiative.org\/fr\/#organization","name":"Prezode","url":"https:\/\/prezode-initiative.org\/fr\/","logo":{"@type":"ImageObject","inLanguage":"fr-FR","@id":"https:\/\/prezode-initiative.org\/fr\/#\/schema\/logo\/image\/","url":"https:\/\/prezode-initiative.org\/wp-content\/uploads\/2025\/02\/logo.png","contentUrl":"https:\/\/prezode-initiative.org\/wp-content\/uploads\/2025\/02\/logo.png","width":168,"height":118,"caption":"Prezode"},"image":{"@id":"https:\/\/prezode-initiative.org\/fr\/#\/schema\/logo\/image\/"}}]}},"_links":{"self":[{"href":"https:\/\/prezode-initiative.org\/fr\/wp-json\/wp\/v2\/pages\/4596","targetHints":{"allow":["GET"]}}],"collection":[{"href":"https:\/\/prezode-initiative.org\/fr\/wp-json\/wp\/v2\/pages"}],"about":[{"href":"https:\/\/prezode-initiative.org\/fr\/wp-json\/wp\/v2\/types\/page"}],"author":[{"embeddable":true,"href":"https:\/\/prezode-initiative.org\/fr\/wp-json\/wp\/v2\/users\/2"}],"replies":[{"embeddable":true,"href":"https:\/\/prezode-initiative.org\/fr\/wp-json\/wp\/v2\/comments?post=4596"}],"version-history":[{"count":2,"href":"https:\/\/prezode-initiative.org\/fr\/wp-json\/wp\/v2\/pages\/4596\/revisions"}],"predecessor-version":[{"id":4599,"href":"https:\/\/prezode-initiative.org\/fr\/wp-json\/wp\/v2\/pages\/4596\/revisions\/4599"}],"wp:attachment":[{"href":"https:\/\/prezode-initiative.org\/fr\/wp-json\/wp\/v2\/media?parent=4596"}],"curies":[{"name":"wp","href":"https:\/\/api.w.org\/{rel}","templated":true}]}}