{"id":4594,"date":"2025-03-13T11:52:13","date_gmt":"2025-03-13T10:52:13","guid":{"rendered":"https:\/\/prezode-initiative.org\/partenariats\/"},"modified":"2026-03-26T10:49:16","modified_gmt":"2026-03-26T09:49:16","slug":"partenariats","status":"publish","type":"page","link":"https:\/\/prezode-initiative.org\/fr\/partenariats\/","title":{"rendered":"Partenariats"},"content":{"rendered":"\n<h2 class=\"wp-block-heading\">PREZODE collabore \u00e9troitement avec les organisations internationales sur les questions li\u00e9es \u00e0 l&rsquo;\u00e9mergence des pand\u00e9mies et des zoonoses :<br\/><\/h2>\n\n<p><\/p>\n\n<ul class=\"wp-block-list\">\n<li>En tant que partie prenante, PREZODE contribue aux discussions de l&rsquo;<strong>organe intergouvernemental de n\u00e9gociation (OIN)<\/strong> concernant le processus de r\u00e9daction de l&rsquo;accord sur les pand\u00e9mies.<\/li>\n\n\n\n<li>PREZODE aide les <strong>pays membres<\/strong> \u00e0 pr\u00e9parer des propositions pour le Fonds de lutte contre la pand\u00e9mie.<\/li>\n\n\n\n<li>PREZODE a mis en place un <strong>groupe de travail d&rsquo;experts avec l&rsquo;Organisation mondiale de la sant\u00e9 (OMS) <\/strong>afin de d\u00e9velopper des indicateurs quantitatifs pour l&rsquo;\u00e9mergence de maladies zoonotiques.<\/li>\n\n\n\n<li>PREZODE dispose d&rsquo;un <strong>groupe de travail conjoint avec l&rsquo;Organisation mondiale de la sant\u00e9 animale <\/strong>sur le th\u00e8me \u00ab\u00a0\u00c9tat, science et politique dans le domaine de la sant\u00e9\u00a0\u00bb.<\/li>\n\n\n\n<li>PREZODE s&rsquo;appr\u00eate \u00e0 lancer un<strong> groupe de travail sur le retour sur investissement (ROI) <\/strong>dans One Health (li\u00e9 \u00e0 la CdP ROI-OH - \u00e0 confirmer).<\/li>\n\n\n\n<li>En 2023, PREZODE a \u00e9t\u00e9 s\u00e9lectionn\u00e9 comme <strong>programme de mise \u00e0 l&rsquo;\u00e9chelle (SCUP)<\/strong> par le <a href=\"https:\/\/parispeaceforum.org\/en\/projects\/prezode-preventing-zoonotic-disease-emergence\/\">Forum de Paris pour la paix<\/a>.<\/li>\n<\/ul>\n\n<p><\/p>\n\n<p><\/p>\n\n<p><\/p>\n\n<p><\/p>\n\n<p><\/p>\n\n<p><\/p>\n\n<div style=\"height:58px\" aria-hidden=\"true\" class=\"wp-block-spacer\"><\/div>\n\n<div class=\"wp-block-media-text is-stacked-on-mobile\"><figure class=\"wp-block-media-text__media\"><img loading=\"lazy\" decoding=\"async\" width=\"950\" height=\"397\" src=\"https:\/\/prezode-initiative.org\/wp-content\/uploads\/2025\/05\/logo-pandemic-fund.png\" alt=\"\" class=\"wp-image-2611 size-full\" srcset=\"https:\/\/prezode-initiative.org\/wp-content\/uploads\/2025\/05\/logo-pandemic-fund.png 950w, https:\/\/prezode-initiative.org\/wp-content\/uploads\/2025\/05\/logo-pandemic-fund-300x125.png 300w, https:\/\/prezode-initiative.org\/wp-content\/uploads\/2025\/05\/logo-pandemic-fund-768x321.png 768w\" sizes=\"auto, (max-width: 950px) 100vw, 950px\" \/><\/figure><div class=\"wp-block-media-text__content\">\n<h3 class=\"wp-block-heading\">Proposition pour le Fonds de lutte contre la pand\u00e9mie<\/h3>\n\n\n\n<p>&gt;<a href=\"https:\/\/prezode-initiative.org\/fr\/fonds-de-lutte-contre-la-pandemie\/\">En savoir plus<\/a><\/p>\n<\/div><\/div>\n\n<div style=\"height:64px\" aria-hidden=\"true\" class=\"wp-block-spacer\"><\/div>\n\n<div class=\"wp-block-media-text is-stacked-on-mobile\"><figure class=\"wp-block-media-text__media\"><img loading=\"lazy\" decoding=\"async\" width=\"1024\" height=\"568\" src=\"https:\/\/prezode-initiative.org\/wp-content\/uploads\/2025\/03\/Capture-decran-2024-11-27-a-16.15.19-1024x568.png\" alt=\"\" class=\"wp-image-892 size-full\" srcset=\"https:\/\/prezode-initiative.org\/wp-content\/uploads\/2025\/03\/Capture-decran-2024-11-27-a-16.15.19-1024x568.png 1024w, https:\/\/prezode-initiative.org\/wp-content\/uploads\/2025\/03\/Capture-decran-2024-11-27-a-16.15.19-300x166.png 300w, https:\/\/prezode-initiative.org\/wp-content\/uploads\/2025\/03\/Capture-decran-2024-11-27-a-16.15.19-768x426.png 768w, https:\/\/prezode-initiative.org\/wp-content\/uploads\/2025\/03\/Capture-decran-2024-11-27-a-16.15.19.png 1280w\" sizes=\"auto, (max-width: 1024px) 100vw, 1024px\" \/><\/figure><div class=\"wp-block-media-text__content\">\n<h3 class=\"wp-block-heading\">Accord sur les pand\u00e9mies : Participation aux r\u00e9unions de l&rsquo;organe intergouvernemental de n\u00e9gociation<\/h3>\n\n\n\n<p>&gt;<a href=\"https:\/\/prezode-initiative.org\/fr\/category\/accord-sur-les-pandemies\/\">En savoir plus<\/a><\/p>\n<\/div><\/div>\n\n<div style=\"height:58px\" aria-hidden=\"true\" class=\"wp-block-spacer\"><\/div>\n\n<div class=\"wp-block-media-text is-stacked-on-mobile\"><figure class=\"wp-block-media-text__media\"><img loading=\"lazy\" decoding=\"async\" width=\"1024\" height=\"576\" src=\"https:\/\/prezode-initiative.org\/wp-content\/uploads\/2024\/06\/7-1024x576.jpg\" alt=\"\" class=\"wp-image-859 size-full\" srcset=\"https:\/\/prezode-initiative.org\/wp-content\/uploads\/2024\/06\/7-1024x576.jpg 1024w, https:\/\/prezode-initiative.org\/wp-content\/uploads\/2024\/06\/7-300x169.jpg 300w, https:\/\/prezode-initiative.org\/wp-content\/uploads\/2024\/06\/7-768x432.jpg 768w, https:\/\/prezode-initiative.org\/wp-content\/uploads\/2024\/06\/7.jpg 1280w\" sizes=\"auto, (max-width: 1024px) 100vw, 1024px\" \/><\/figure><div class=\"wp-block-media-text__content\">\n<h3 class=\"wp-block-heading\">Groupe de travail conjoint OMS-PREZODE<\/h3>\n\n\n\n<p>&gt;<a href=\"https:\/\/prezode-initiative.org\/fr\/groupe-de-travail-conjoint-oms-prezode\/\">En savoir plus<\/a><\/p>\n<\/div><\/div>\n\n<p><\/p>\n","protected":false},"excerpt":{"rendered":"<p>PREZODE collabore \u00e9troitement avec les organisations internationales sur les questions li\u00e9es \u00e0 l&rsquo;\u00e9mergence des pand\u00e9mies et des zoonoses : Proposition pour le Fonds de lutte contre la pand\u00e9mie &gt;En savoir plus Accord sur les pand\u00e9mies : Participation aux r\u00e9unions de l&rsquo;organe intergouvernemental de n\u00e9gociation &gt;En savoir plus Groupe de travail conjoint OMS-PREZODE &gt;En savoir plus<\/p>\n","protected":false},"author":1,"featured_media":0,"parent":0,"menu_order":0,"comment_status":"closed","ping_status":"closed","template":"template-pages\/article-page.php","meta":{"_acf_changed":false,"footnotes":""},"class_list":["post-4594","page","type-page","status-publish","hentry"],"acf":[],"yoast_head":"<!-- This site is optimized with the Yoast SEO plugin v27.6 - https:\/\/yoast.com\/product\/yoast-seo-wordpress\/ -->\n<title>Partenariats - Prezode.<\/title>\n<meta name=\"description\" content=\"PREZODE collabore \u00e9troitement avec les organisations internationales sur les questions li\u00e9es \u00e0 l&#039;\u00e9mergence des pand\u00e9mies et des zoonoses.\" \/>\n<meta name=\"robots\" content=\"index, follow, max-snippet:-1, max-image-preview:large, max-video-preview:-1\" \/>\n<link rel=\"canonical\" href=\"https:\/\/prezode-initiative.org\/fr\/partenariats\/\" \/>\n<meta property=\"og:locale\" content=\"fr_FR\" \/>\n<meta property=\"og:type\" content=\"article\" \/>\n<meta property=\"og:title\" content=\"Partenariats - Prezode.\" \/>\n<meta property=\"og:description\" content=\"PREZODE collabore \u00e9troitement avec les organisations internationales sur les questions li\u00e9es \u00e0 l&#039;\u00e9mergence des pand\u00e9mies et des zoonoses.\" \/>\n<meta property=\"og:url\" content=\"https:\/\/prezode-initiative.org\/fr\/partenariats\/\" \/>\n<meta property=\"og:site_name\" content=\"Prezode\" \/>\n<meta property=\"article:modified_time\" content=\"2026-03-26T09:49:16+00:00\" \/>\n<meta property=\"og:image\" content=\"https:\/\/prezode-initiative.org\/wp-content\/uploads\/2025\/05\/logo-pandemic-fund.png\" \/>\n\t<meta property=\"og:image:width\" content=\"950\" \/>\n\t<meta property=\"og:image:height\" content=\"397\" \/>\n\t<meta property=\"og:image:type\" content=\"image\/png\" \/>\n<meta name=\"twitter:card\" content=\"summary_large_image\" \/>\n<meta name=\"twitter:label1\" content=\"Dur\u00e9e de lecture estim\u00e9e\" \/>\n\t<meta name=\"twitter:data1\" content=\"1 minute\" \/>\n<script type=\"application\/ld+json\" class=\"yoast-schema-graph\">{\"@context\":\"https:\\\/\\\/schema.org\",\"@graph\":[{\"@type\":\"WebPage\",\"@id\":\"https:\\\/\\\/prezode-initiative.org\\\/fr\\\/partenariats\\\/\",\"url\":\"https:\\\/\\\/prezode-initiative.org\\\/fr\\\/partenariats\\\/\",\"name\":\"Partenariats - Prezode.\",\"isPartOf\":{\"@id\":\"https:\\\/\\\/prezode-initiative.org\\\/fr\\\/#website\"},\"primaryImageOfPage\":{\"@id\":\"https:\\\/\\\/prezode-initiative.org\\\/fr\\\/partenariats\\\/#primaryimage\"},\"image\":{\"@id\":\"https:\\\/\\\/prezode-initiative.org\\\/fr\\\/partenariats\\\/#primaryimage\"},\"thumbnailUrl\":\"https:\\\/\\\/prezode-initiative.org\\\/wp-content\\\/uploads\\\/2025\\\/05\\\/logo-pandemic-fund.png\",\"datePublished\":\"2025-03-13T10:52:13+00:00\",\"dateModified\":\"2026-03-26T09:49:16+00:00\",\"description\":\"PREZODE collabore \u00e9troitement avec les organisations internationales sur les questions li\u00e9es \u00e0 l'\u00e9mergence des pand\u00e9mies et des zoonoses.\",\"breadcrumb\":{\"@id\":\"https:\\\/\\\/prezode-initiative.org\\\/fr\\\/partenariats\\\/#breadcrumb\"},\"inLanguage\":\"fr-FR\",\"potentialAction\":[{\"@type\":\"ReadAction\",\"target\":[\"https:\\\/\\\/prezode-initiative.org\\\/fr\\\/partenariats\\\/\"]}]},{\"@type\":\"ImageObject\",\"inLanguage\":\"fr-FR\",\"@id\":\"https:\\\/\\\/prezode-initiative.org\\\/fr\\\/partenariats\\\/#primaryimage\",\"url\":\"https:\\\/\\\/prezode-initiative.org\\\/wp-content\\\/uploads\\\/2025\\\/05\\\/logo-pandemic-fund.png\",\"contentUrl\":\"https:\\\/\\\/prezode-initiative.org\\\/wp-content\\\/uploads\\\/2025\\\/05\\\/logo-pandemic-fund.png\"},{\"@type\":\"BreadcrumbList\",\"@id\":\"https:\\\/\\\/prezode-initiative.org\\\/fr\\\/partenariats\\\/#breadcrumb\",\"itemListElement\":[{\"@type\":\"ListItem\",\"position\":1,\"name\":\"Home\",\"item\":\"https:\\\/\\\/prezode-initiative.org\\\/fr\\\/\"},{\"@type\":\"ListItem\",\"position\":2,\"name\":\"Partenariats\"}]},{\"@type\":\"WebSite\",\"@id\":\"https:\\\/\\\/prezode-initiative.org\\\/fr\\\/#website\",\"url\":\"https:\\\/\\\/prezode-initiative.org\\\/fr\\\/\",\"name\":\"Prezode\",\"description\":\"\",\"publisher\":{\"@id\":\"https:\\\/\\\/prezode-initiative.org\\\/fr\\\/#organization\"},\"potentialAction\":[{\"@type\":\"SearchAction\",\"target\":{\"@type\":\"EntryPoint\",\"urlTemplate\":\"https:\\\/\\\/prezode-initiative.org\\\/fr\\\/?s={search_term_string}\"},\"query-input\":{\"@type\":\"PropertyValueSpecification\",\"valueRequired\":true,\"valueName\":\"search_term_string\"}}],\"inLanguage\":\"fr-FR\"},{\"@type\":\"Organization\",\"@id\":\"https:\\\/\\\/prezode-initiative.org\\\/fr\\\/#organization\",\"name\":\"Prezode\",\"url\":\"https:\\\/\\\/prezode-initiative.org\\\/fr\\\/\",\"logo\":{\"@type\":\"ImageObject\",\"inLanguage\":\"fr-FR\",\"@id\":\"https:\\\/\\\/prezode-initiative.org\\\/fr\\\/#\\\/schema\\\/logo\\\/image\\\/\",\"url\":\"https:\\\/\\\/prezode-initiative.org\\\/wp-content\\\/uploads\\\/2025\\\/02\\\/logo.png\",\"contentUrl\":\"https:\\\/\\\/prezode-initiative.org\\\/wp-content\\\/uploads\\\/2025\\\/02\\\/logo.png\",\"width\":168,\"height\":118,\"caption\":\"Prezode\"},\"image\":{\"@id\":\"https:\\\/\\\/prezode-initiative.org\\\/fr\\\/#\\\/schema\\\/logo\\\/image\\\/\"}}]}<\/script>\n<!-- \/ Yoast SEO plugin. -->","yoast_head_json":{"title":"Partenariats - Prezode.","description":"PREZODE collabore \u00e9troitement avec les organisations internationales sur les questions li\u00e9es \u00e0 l'\u00e9mergence des pand\u00e9mies et des zoonoses.","robots":{"index":"index","follow":"follow","max-snippet":"max-snippet:-1","max-image-preview":"max-image-preview:large","max-video-preview":"max-video-preview:-1"},"canonical":"https:\/\/prezode-initiative.org\/fr\/partenariats\/","og_locale":"fr_FR","og_type":"article","og_title":"Partenariats - Prezode.","og_description":"PREZODE collabore \u00e9troitement avec les organisations internationales sur les questions li\u00e9es \u00e0 l'\u00e9mergence des pand\u00e9mies et des zoonoses.","og_url":"https:\/\/prezode-initiative.org\/fr\/partenariats\/","og_site_name":"Prezode","article_modified_time":"2026-03-26T09:49:16+00:00","og_image":[{"width":950,"height":397,"url":"https:\/\/prezode-initiative.org\/wp-content\/uploads\/2025\/05\/logo-pandemic-fund.png","type":"image\/png"}],"twitter_card":"summary_large_image","twitter_misc":{"Dur\u00e9e de lecture estim\u00e9e":"1 minute"},"schema":{"@context":"https:\/\/schema.org","@graph":[{"@type":"WebPage","@id":"https:\/\/prezode-initiative.org\/fr\/partenariats\/","url":"https:\/\/prezode-initiative.org\/fr\/partenariats\/","name":"Partenariats - Prezode.","isPartOf":{"@id":"https:\/\/prezode-initiative.org\/fr\/#website"},"primaryImageOfPage":{"@id":"https:\/\/prezode-initiative.org\/fr\/partenariats\/#primaryimage"},"image":{"@id":"https:\/\/prezode-initiative.org\/fr\/partenariats\/#primaryimage"},"thumbnailUrl":"https:\/\/prezode-initiative.org\/wp-content\/uploads\/2025\/05\/logo-pandemic-fund.png","datePublished":"2025-03-13T10:52:13+00:00","dateModified":"2026-03-26T09:49:16+00:00","description":"PREZODE collabore \u00e9troitement avec les organisations internationales sur les questions li\u00e9es \u00e0 l'\u00e9mergence des pand\u00e9mies et des zoonoses.","breadcrumb":{"@id":"https:\/\/prezode-initiative.org\/fr\/partenariats\/#breadcrumb"},"inLanguage":"fr-FR","potentialAction":[{"@type":"ReadAction","target":["https:\/\/prezode-initiative.org\/fr\/partenariats\/"]}]},{"@type":"ImageObject","inLanguage":"fr-FR","@id":"https:\/\/prezode-initiative.org\/fr\/partenariats\/#primaryimage","url":"https:\/\/prezode-initiative.org\/wp-content\/uploads\/2025\/05\/logo-pandemic-fund.png","contentUrl":"https:\/\/prezode-initiative.org\/wp-content\/uploads\/2025\/05\/logo-pandemic-fund.png"},{"@type":"BreadcrumbList","@id":"https:\/\/prezode-initiative.org\/fr\/partenariats\/#breadcrumb","itemListElement":[{"@type":"ListItem","position":1,"name":"Home","item":"https:\/\/prezode-initiative.org\/fr\/"},{"@type":"ListItem","position":2,"name":"Partenariats"}]},{"@type":"WebSite","@id":"https:\/\/prezode-initiative.org\/fr\/#website","url":"https:\/\/prezode-initiative.org\/fr\/","name":"Prezode","description":"","publisher":{"@id":"https:\/\/prezode-initiative.org\/fr\/#organization"},"potentialAction":[{"@type":"SearchAction","target":{"@type":"EntryPoint","urlTemplate":"https:\/\/prezode-initiative.org\/fr\/?s={search_term_string}"},"query-input":{"@type":"PropertyValueSpecification","valueRequired":true,"valueName":"search_term_string"}}],"inLanguage":"fr-FR"},{"@type":"Organization","@id":"https:\/\/prezode-initiative.org\/fr\/#organization","name":"Prezode","url":"https:\/\/prezode-initiative.org\/fr\/","logo":{"@type":"ImageObject","inLanguage":"fr-FR","@id":"https:\/\/prezode-initiative.org\/fr\/#\/schema\/logo\/image\/","url":"https:\/\/prezode-initiative.org\/wp-content\/uploads\/2025\/02\/logo.png","contentUrl":"https:\/\/prezode-initiative.org\/wp-content\/uploads\/2025\/02\/logo.png","width":168,"height":118,"caption":"Prezode"},"image":{"@id":"https:\/\/prezode-initiative.org\/fr\/#\/schema\/logo\/image\/"}}]}},"_links":{"self":[{"href":"https:\/\/prezode-initiative.org\/fr\/wp-json\/wp\/v2\/pages\/4594","targetHints":{"allow":["GET"]}}],"collection":[{"href":"https:\/\/prezode-initiative.org\/fr\/wp-json\/wp\/v2\/pages"}],"about":[{"href":"https:\/\/prezode-initiative.org\/fr\/wp-json\/wp\/v2\/types\/page"}],"author":[{"embeddable":true,"href":"https:\/\/prezode-initiative.org\/fr\/wp-json\/wp\/v2\/users\/1"}],"replies":[{"embeddable":true,"href":"https:\/\/prezode-initiative.org\/fr\/wp-json\/wp\/v2\/comments?post=4594"}],"version-history":[{"count":5,"href":"https:\/\/prezode-initiative.org\/fr\/wp-json\/wp\/v2\/pages\/4594\/revisions"}],"predecessor-version":[{"id":5891,"href":"https:\/\/prezode-initiative.org\/fr\/wp-json\/wp\/v2\/pages\/4594\/revisions\/5891"}],"wp:attachment":[{"href":"https:\/\/prezode-initiative.org\/fr\/wp-json\/wp\/v2\/media?parent=4594"}],"curies":[{"name":"wp","href":"https:\/\/api.w.org\/{rel}","templated":true}]}}