{"id":4579,"date":"2025-03-19T13:56:54","date_gmt":"2025-03-19T12:56:54","guid":{"rendered":"https:\/\/prezode-initiative.org\/one-health-une-approche-holistique\/"},"modified":"2026-03-25T17:46:39","modified_gmt":"2026-03-25T16:46:39","slug":"one-health-une-approche-holistique","status":"publish","type":"page","link":"https:\/\/prezode-initiative.org\/fr\/one-health-une-approche-holistique\/","title":{"rendered":"One Health : une approche holistique"},"content":{"rendered":"\n<h3 class=\"wp-block-heading has-text-color has-link-color wp-elements-3714f847e717b18b1f28b1be02e641ab\" style=\"color:#2894bf\"><strong>One Health est une approche int\u00e9gr\u00e9e et unificatrice qui<\/strong> <strong>\u00e9quilibre et optimise <\/strong> <strong> <strong>durablement<\/strong><\/strong> <strong>la sant\u00e9 des hommes, des animaux et des \u00e9cosyst\u00e8mes. <\/strong> <\/h3>\n\n<p>Bien que les th\u00e8mes de la sant\u00e9, de l&rsquo;alimentation, de l&rsquo;eau, de l&rsquo;\u00e9nergie et de l&rsquo;environnement soient tr\u00e8s vastes, avec des pr\u00e9occupations sectorielles et sp\u00e9cialis\u00e9es, la collaboration entre les secteurs et les disciplines contribue \u00e0 une approche globale : One Health (une seule sant\u00e9). Cette approche est cruciale pour pr\u00e9venir efficacement l&rsquo;\u00e9mergence de maladies zoonotiques. Elle permet d&rsquo;appr\u00e9hender l&rsquo;ensemble du spectre de la lutte contre les maladies - de la pr\u00e9vention \u00e0 la d\u00e9tection, en passant par la pr\u00e9paration, la r\u00e9action et la gestion - et d&rsquo;am\u00e9liorer et de promouvoir la sant\u00e9 et la durabilit\u00e9.    <\/p>\n\n<p>Au cours des derni\u00e8res d\u00e9cennies, diff\u00e9rents acteurs et domaines scientifiques ont d\u00e9velopp\u00e9 une approche holistique et transdisciplinaire de la sant\u00e9 en r\u00e9ponse aux maladies zoonotiques. Les agences des Nations unies ont adopt\u00e9 l&rsquo;approche \u00ab\u00a0Une seule sant\u00e9\u00a0\u00bb. Depuis 2021, l&rsquo;alliance quadripartite (comprenant l <a href=\"https:\/\/www.who.int\/\"><strong>Organisation mondiale de la sant\u00e9<\/strong><\/a>l&rsquo;Organisation des Nations unies pour l&rsquo;alimentation et l&rsquo;agriculture <a href=\"https:\/\/www.fao.org\/home\/en\"><strong>l&rsquo;Organisation des Nations unies pour l&rsquo;alimentation et l&rsquo;agriculture<\/strong><\/a>l&rsquo;Organisation des Nations unies pour l&rsquo;alimentation et l&rsquo;agriculture <a href=\"https:\/\/www.unep.org\/\"><strong>Programme des Nations unies pour l&rsquo;environnement<\/strong><\/a>et l <a href=\"https:\/\/www.woah.org\/en\/home\/\"><strong>Organisation mondiale de la sant\u00e9 animale<\/strong><\/a>) a promu l&rsquo;initiative \u00ab\u00a0Une seule sant\u00e9\u00a0\u00bb afin d&rsquo;am\u00e9liorer la pr\u00e9paration \u00e0 la pr\u00e9vention, \u00e0 la pr\u00e9vision, \u00e0 la d\u00e9tection et \u00e0 la r\u00e9ponse aux menaces sanitaires mondiales, tout en assurant un d\u00e9veloppement durable. En 2020, la Quadripartite a cr\u00e9\u00e9 un groupe d&rsquo;experts de haut niveau sur l&rsquo;initiative \u00ab\u00a0Une seule sant\u00e9\u00a0\u00bb (OHHLEP) charg\u00e9 de formuler des recommandations sur la pr\u00e9vention et la r\u00e9ponse aux futures crises sanitaires et d&rsquo;informer les citoyens sur les questions en jeu (voir ci-contre).   <\/p>\n\n<h3 class=\"wp-block-heading has-text-color has-link-color wp-elements-a88dc10136493b315f4803fe6835bd39\" style=\"color:#2894bf\">La strat\u00e9gie PREZODE incarne l&rsquo;approche \u00ab\u00a0Une seule sant\u00e9<\/h3>\n\n<p>Conform\u00e9ment \u00e0 l&rsquo;approche \u00ab\u00a0Une seule sant\u00e9\u00a0\u00bb, PREZODE d\u00e9veloppe des collaborations multidisciplinaires, multisectorielles et multi-acteurs et implique les communaut\u00e9s dans des activit\u00e9s de pr\u00e9vention scientifiquement fond\u00e9es. L&rsquo;initiative PREZODE s&rsquo;inscrit dans cette perspective holistique avec un agenda strat\u00e9gique qui englobe l&rsquo;approche \u00ab\u00a0Une seule sant\u00e9\u00a0\u00bb. L&rsquo;agenda strat\u00e9gique s&rsquo;aligne sur le <a href=\"https:\/\/www.who.int\/teams\/one-health-initiative\/quadripartite-secretariat-for-one-health\/one-health-joint-plan-of-action\"><strong>Plan d&rsquo;action conjoint pour l&rsquo;initiative \u00ab\u00a0Une seule sant\u00e9<\/strong><\/a> (OH JPA), con\u00e7u par la Quadripartite pour cr\u00e9er des solutions durables et holistiques afin de mieux g\u00e9rer les menaces qui p\u00e8sent sur la sant\u00e9 des \u00eatres humains, des animaux, des plantes et de l&rsquo;environnement, et de pr\u00e9venir d&rsquo;\u00e9ventuelles pand\u00e9mies. Cela permettra d&rsquo;\u00e9laborer des strat\u00e9gies visant \u00e0 minimiser l&rsquo;exposition des populations humaines aux agents pathog\u00e8nes zoonotiques et, en fin de compte, de favoriser la pr\u00e9vention des maladies zoonotiques.   <\/p>\n\n<p>PREZODE vise \u00e0 fournir des preuves scientifiques pour soutenir l&rsquo;OHLEP et la Quadripartite dans la promotion et la mise en \u0153uvre de mesures visant \u00e0 pr\u00e9venir les menaces pand\u00e9miques.<\/p>\n\n<p><\/p>\n\n<p><\/p>\n\n<p><\/p>\n","protected":false},"excerpt":{"rendered":"<p>One Health est une approche int\u00e9gr\u00e9e et unificatrice qui \u00e9quilibre et optimise durablement la sant\u00e9 des hommes, des animaux et des \u00e9cosyst\u00e8mes. Bien que les th\u00e8mes de la sant\u00e9, de l&rsquo;alimentation, de l&rsquo;eau, de l&rsquo;\u00e9nergie et de l&rsquo;environnement soient tr\u00e8s vastes, avec des pr\u00e9occupations sectorielles et sp\u00e9cialis\u00e9es, la collaboration entre les secteurs et les disciplines<a href=\"https:\/\/prezode-initiative.org\/fr\/one-health-une-approche-holistique\/\">Continue reading <span class=\"sr-only\">\u00ab\u00a0One Health : une approche holistique\u00a0\u00bb<\/span><\/a><\/p>\n","protected":false},"author":2,"featured_media":0,"parent":0,"menu_order":0,"comment_status":"closed","ping_status":"closed","template":"template-pages\/article-page.php","meta":{"_acf_changed":false,"footnotes":""},"class_list":["post-4579","page","type-page","status-publish","hentry"],"acf":[],"yoast_head":"<!-- This site is optimized with the Yoast SEO plugin v27.6 - https:\/\/yoast.com\/product\/yoast-seo-wordpress\/ -->\n<title>One Health : une approche holistique - Prezode.<\/title>\n<meta name=\"robots\" content=\"index, follow, max-snippet:-1, max-image-preview:large, max-video-preview:-1\" \/>\n<link rel=\"canonical\" href=\"https:\/\/prezode-initiative.org\/fr\/one-health-une-approche-holistique\/\" \/>\n<meta property=\"og:locale\" content=\"fr_FR\" \/>\n<meta property=\"og:type\" content=\"article\" \/>\n<meta property=\"og:title\" content=\"One Health : une approche holistique - Prezode.\" \/>\n<meta property=\"og:description\" content=\"One Health est une approche int\u00e9gr\u00e9e et unificatrice qui \u00e9quilibre et optimise durablement la sant\u00e9 des hommes, des animaux et des \u00e9cosyst\u00e8mes. Bien que les th\u00e8mes de la sant\u00e9, de l&rsquo;alimentation, de l&rsquo;eau, de l&rsquo;\u00e9nergie et de l&rsquo;environnement soient tr\u00e8s vastes, avec des pr\u00e9occupations sectorielles et sp\u00e9cialis\u00e9es, la collaboration entre les secteurs et les disciplinesContinue reading &quot;One Health : une approche holistique&quot;\" \/>\n<meta property=\"og:url\" content=\"https:\/\/prezode-initiative.org\/fr\/one-health-une-approche-holistique\/\" \/>\n<meta property=\"og:site_name\" content=\"Prezode\" \/>\n<meta property=\"article:modified_time\" content=\"2026-03-25T16:46:39+00:00\" \/>\n<meta name=\"twitter:card\" content=\"summary_large_image\" \/>\n<meta name=\"twitter:label1\" content=\"Dur\u00e9e de lecture estim\u00e9e\" \/>\n\t<meta name=\"twitter:data1\" content=\"2 minute\" \/>\n<script type=\"application\/ld+json\" class=\"yoast-schema-graph\">{\"@context\":\"https:\\\/\\\/schema.org\",\"@graph\":[{\"@type\":\"WebPage\",\"@id\":\"https:\\\/\\\/prezode-initiative.org\\\/fr\\\/one-health-une-approche-holistique\\\/\",\"url\":\"https:\\\/\\\/prezode-initiative.org\\\/fr\\\/one-health-une-approche-holistique\\\/\",\"name\":\"One Health : une approche holistique - Prezode.\",\"isPartOf\":{\"@id\":\"https:\\\/\\\/prezode-initiative.org\\\/fr\\\/#website\"},\"datePublished\":\"2025-03-19T12:56:54+00:00\",\"dateModified\":\"2026-03-25T16:46:39+00:00\",\"breadcrumb\":{\"@id\":\"https:\\\/\\\/prezode-initiative.org\\\/fr\\\/one-health-une-approche-holistique\\\/#breadcrumb\"},\"inLanguage\":\"fr-FR\",\"potentialAction\":[{\"@type\":\"ReadAction\",\"target\":[\"https:\\\/\\\/prezode-initiative.org\\\/fr\\\/one-health-une-approche-holistique\\\/\"]}]},{\"@type\":\"BreadcrumbList\",\"@id\":\"https:\\\/\\\/prezode-initiative.org\\\/fr\\\/one-health-une-approche-holistique\\\/#breadcrumb\",\"itemListElement\":[{\"@type\":\"ListItem\",\"position\":1,\"name\":\"Home\",\"item\":\"https:\\\/\\\/prezode-initiative.org\\\/fr\\\/\"},{\"@type\":\"ListItem\",\"position\":2,\"name\":\"One Health : une approche holistique\"}]},{\"@type\":\"WebSite\",\"@id\":\"https:\\\/\\\/prezode-initiative.org\\\/fr\\\/#website\",\"url\":\"https:\\\/\\\/prezode-initiative.org\\\/fr\\\/\",\"name\":\"Prezode\",\"description\":\"\",\"publisher\":{\"@id\":\"https:\\\/\\\/prezode-initiative.org\\\/fr\\\/#organization\"},\"potentialAction\":[{\"@type\":\"SearchAction\",\"target\":{\"@type\":\"EntryPoint\",\"urlTemplate\":\"https:\\\/\\\/prezode-initiative.org\\\/fr\\\/?s={search_term_string}\"},\"query-input\":{\"@type\":\"PropertyValueSpecification\",\"valueRequired\":true,\"valueName\":\"search_term_string\"}}],\"inLanguage\":\"fr-FR\"},{\"@type\":\"Organization\",\"@id\":\"https:\\\/\\\/prezode-initiative.org\\\/fr\\\/#organization\",\"name\":\"Prezode\",\"url\":\"https:\\\/\\\/prezode-initiative.org\\\/fr\\\/\",\"logo\":{\"@type\":\"ImageObject\",\"inLanguage\":\"fr-FR\",\"@id\":\"https:\\\/\\\/prezode-initiative.org\\\/fr\\\/#\\\/schema\\\/logo\\\/image\\\/\",\"url\":\"https:\\\/\\\/prezode-initiative.org\\\/wp-content\\\/uploads\\\/2025\\\/02\\\/logo.png\",\"contentUrl\":\"https:\\\/\\\/prezode-initiative.org\\\/wp-content\\\/uploads\\\/2025\\\/02\\\/logo.png\",\"width\":168,\"height\":118,\"caption\":\"Prezode\"},\"image\":{\"@id\":\"https:\\\/\\\/prezode-initiative.org\\\/fr\\\/#\\\/schema\\\/logo\\\/image\\\/\"}}]}<\/script>\n<!-- \/ Yoast SEO plugin. -->","yoast_head_json":{"title":"One Health : une approche holistique - Prezode.","robots":{"index":"index","follow":"follow","max-snippet":"max-snippet:-1","max-image-preview":"max-image-preview:large","max-video-preview":"max-video-preview:-1"},"canonical":"https:\/\/prezode-initiative.org\/fr\/one-health-une-approche-holistique\/","og_locale":"fr_FR","og_type":"article","og_title":"One Health : une approche holistique - Prezode.","og_description":"One Health est une approche int\u00e9gr\u00e9e et unificatrice qui \u00e9quilibre et optimise durablement la sant\u00e9 des hommes, des animaux et des \u00e9cosyst\u00e8mes. Bien que les th\u00e8mes de la sant\u00e9, de l&rsquo;alimentation, de l&rsquo;eau, de l&rsquo;\u00e9nergie et de l&rsquo;environnement soient tr\u00e8s vastes, avec des pr\u00e9occupations sectorielles et sp\u00e9cialis\u00e9es, la collaboration entre les secteurs et les disciplinesContinue reading \"One Health : une approche holistique\"","og_url":"https:\/\/prezode-initiative.org\/fr\/one-health-une-approche-holistique\/","og_site_name":"Prezode","article_modified_time":"2026-03-25T16:46:39+00:00","twitter_card":"summary_large_image","twitter_misc":{"Dur\u00e9e de lecture estim\u00e9e":"2 minute"},"schema":{"@context":"https:\/\/schema.org","@graph":[{"@type":"WebPage","@id":"https:\/\/prezode-initiative.org\/fr\/one-health-une-approche-holistique\/","url":"https:\/\/prezode-initiative.org\/fr\/one-health-une-approche-holistique\/","name":"One Health : une approche holistique - Prezode.","isPartOf":{"@id":"https:\/\/prezode-initiative.org\/fr\/#website"},"datePublished":"2025-03-19T12:56:54+00:00","dateModified":"2026-03-25T16:46:39+00:00","breadcrumb":{"@id":"https:\/\/prezode-initiative.org\/fr\/one-health-une-approche-holistique\/#breadcrumb"},"inLanguage":"fr-FR","potentialAction":[{"@type":"ReadAction","target":["https:\/\/prezode-initiative.org\/fr\/one-health-une-approche-holistique\/"]}]},{"@type":"BreadcrumbList","@id":"https:\/\/prezode-initiative.org\/fr\/one-health-une-approche-holistique\/#breadcrumb","itemListElement":[{"@type":"ListItem","position":1,"name":"Home","item":"https:\/\/prezode-initiative.org\/fr\/"},{"@type":"ListItem","position":2,"name":"One Health : une approche holistique"}]},{"@type":"WebSite","@id":"https:\/\/prezode-initiative.org\/fr\/#website","url":"https:\/\/prezode-initiative.org\/fr\/","name":"Prezode","description":"","publisher":{"@id":"https:\/\/prezode-initiative.org\/fr\/#organization"},"potentialAction":[{"@type":"SearchAction","target":{"@type":"EntryPoint","urlTemplate":"https:\/\/prezode-initiative.org\/fr\/?s={search_term_string}"},"query-input":{"@type":"PropertyValueSpecification","valueRequired":true,"valueName":"search_term_string"}}],"inLanguage":"fr-FR"},{"@type":"Organization","@id":"https:\/\/prezode-initiative.org\/fr\/#organization","name":"Prezode","url":"https:\/\/prezode-initiative.org\/fr\/","logo":{"@type":"ImageObject","inLanguage":"fr-FR","@id":"https:\/\/prezode-initiative.org\/fr\/#\/schema\/logo\/image\/","url":"https:\/\/prezode-initiative.org\/wp-content\/uploads\/2025\/02\/logo.png","contentUrl":"https:\/\/prezode-initiative.org\/wp-content\/uploads\/2025\/02\/logo.png","width":168,"height":118,"caption":"Prezode"},"image":{"@id":"https:\/\/prezode-initiative.org\/fr\/#\/schema\/logo\/image\/"}}]}},"_links":{"self":[{"href":"https:\/\/prezode-initiative.org\/fr\/wp-json\/wp\/v2\/pages\/4579","targetHints":{"allow":["GET"]}}],"collection":[{"href":"https:\/\/prezode-initiative.org\/fr\/wp-json\/wp\/v2\/pages"}],"about":[{"href":"https:\/\/prezode-initiative.org\/fr\/wp-json\/wp\/v2\/types\/page"}],"author":[{"embeddable":true,"href":"https:\/\/prezode-initiative.org\/fr\/wp-json\/wp\/v2\/users\/2"}],"replies":[{"embeddable":true,"href":"https:\/\/prezode-initiative.org\/fr\/wp-json\/wp\/v2\/comments?post=4579"}],"version-history":[{"count":2,"href":"https:\/\/prezode-initiative.org\/fr\/wp-json\/wp\/v2\/pages\/4579\/revisions"}],"predecessor-version":[{"id":4582,"href":"https:\/\/prezode-initiative.org\/fr\/wp-json\/wp\/v2\/pages\/4579\/revisions\/4582"}],"wp:attachment":[{"href":"https:\/\/prezode-initiative.org\/fr\/wp-json\/wp\/v2\/media?parent=4579"}],"curies":[{"name":"wp","href":"https:\/\/api.w.org\/{rel}","templated":true}]}}