{"id":4574,"date":"2025-03-13T11:44:54","date_gmt":"2025-03-13T10:44:54","guid":{"rendered":"https:\/\/prezode-initiative.org\/le-pepr-prezode\/"},"modified":"2026-03-26T10:52:01","modified_gmt":"2026-03-26T09:52:01","slug":"le-pepr-prezode","status":"publish","type":"page","link":"https:\/\/prezode-initiative.org\/fr\/le-pepr-prezode\/","title":{"rendered":"Le PEPR PREZODE"},"content":{"rendered":"\n<h2 class=\"wp-block-heading\">L&rsquo;acronyme fran\u00e7ais \u00ab\u00a0PEPR\u00a0\u00bb signifie \u00ab\u00a0Programme et \u00c9quipements Prioritaire de Recherche\u00a0\u00bb.<\/h2>\n\n<p><\/p>\n\n<p>Ce programme, financ\u00e9 par le gouvernement fran\u00e7ais pour soutenir la recherche universitaire innovante en France<a href=\"https:\/\/anr.fr\/fr\/france-2030\/programmes-et-equipements-prioritaires-de-recherche-pepr\/\" target=\"_blank\" rel=\"noreferrer noopener\">(programme France 2030<\/a>), se concentre sur les pathog\u00e8nes zoonotiques \u00e9mergents ou r\u00e9-\u00e9mergents<strong> <\/strong>ayant un potentiel pand\u00e9mique et constituant une menace potentielle pour l&rsquo;Europe et les territoires fran\u00e7ais.<\/p>\n\n<p>Le PEPR a lanc\u00e9 son premier appel \u00e0 recherche comp\u00e9titif en 2023, sur le th\u00e8me \u00ab\u00a0<a href=\"https:\/\/anr.fr\/en\/france-2030\/call-for-proposals-details\/call\/2849b92d5d60067071db33acd051f71a\/\" target=\"_blank\" rel=\"noreferrer noopener\">Global changes, human practices, and the emergence of zoonotic diseases\u00a0\u00bb (Changements globaux, pratiques humaines et \u00e9mergence de maladies zoonotiques<\/a>). En 2024, quatre projets ont \u00e9t\u00e9 s\u00e9lectionn\u00e9s et pr\u00e9sent\u00e9s le 30 septembre.  Ils visent \u00e0 explorer les liens entre les activit\u00e9s humaines, les changements mondiaux et l&rsquo;\u00e9mergence de maladies zoonotiques, en se concentrant sur trois domaines principaux :  <\/p>\n\n<ul class=\"wp-block-list\">\n<li>1. le r\u00f4le des h\u00f4tes, des r\u00e9servoirs et des vecteurs dans la dynamique et la transmission des pathog\u00e8nes ;  <\/li>\n\n\n\n<li>2. les facteurs sociologiques, \u00e9conomiques et environnementaux \u00e0 l&rsquo;interface homme\/animal\/environnement ;  <\/li>\n\n\n\n<li>3. et les effets en cascade des activit\u00e9s humaines et des changements mondiaux sur les risques d&rsquo;\u00e9mergence de maladies zoonotiques.<\/li>\n<\/ul>\n\n<p><br\/>En avril 2024, un <a href=\"https:\/\/anr.fr\/fr\/france-2030\/france2030\/call\/pepr-prezode-appel-a-projets-surveillance-epidemiologique-des-zoonoses-et-systemes-dalerte-preco\/\" target=\"_blank\" rel=\"noreferrer noopener\">deuxi\u00e8me appel \u00e0 <\/a>projets a \u00e9t\u00e9 lanc\u00e9 pour renforcer les syst\u00e8mes de surveillance et d&rsquo;alerte pr\u00e9coce des zoonoses. Les principaux domaines d&rsquo;intervention sont la d\u00e9tection pr\u00e9coce des zoonoses \u00e9mergentes, l&rsquo;engagement et la collaboration entre les parties prenantes, et l&rsquo;am\u00e9lioration du dialogue entre la science, la soci\u00e9t\u00e9 et les politiques publiques. L&rsquo;\u00e9valuation des projets est termin\u00e9e et les projets b\u00e9n\u00e9ficiant d&rsquo;une subvention seront annonc\u00e9s prochainement.  <\/p>\n\n<p>En septembre 2024, un <a href=\"https:\/\/anr.fr\/fr\/detail\/call\/pepr-prezode-appel-a-projets-strategie-de-reduction-du-risque-demergence-de-zoonoses-2024\/\" target=\"_blank\" rel=\"noreferrer noopener\">troisi\u00e8me appel<\/a> a \u00e9t\u00e9 annonc\u00e9, invitant \u00e0 soumettre des propositions visant \u00e0 r\u00e9duire le risque d&rsquo;\u00e9mergence de maladies zoonotiques. Cet appel, cl\u00f4tur\u00e9 le 28 janvier 2025, se concentre sur l&rsquo;identification des facteurs de risque et de r\u00e9silience pour les strat\u00e9gies de pr\u00e9vention, le cod\u00e9veloppement et l&rsquo;\u00e9valuation des strat\u00e9gies de pr\u00e9vention des zoonoses, et la compr\u00e9hension des facteurs socioculturels affectant l&rsquo;efficacit\u00e9 et l&rsquo;acceptabilit\u00e9 de la pr\u00e9vention. Les projets sont en cours d&rsquo;\u00e9valuation.  <\/p>\n\n<p>La subvention pour ce paquet de travail est de 25 millions d&rsquo;euros.<\/p>\n\n<p><\/p>\n","protected":false},"excerpt":{"rendered":"<p>L&rsquo;acronyme fran\u00e7ais \u00ab\u00a0PEPR\u00a0\u00bb signifie \u00ab\u00a0Programme et \u00c9quipements Prioritaire de Recherche\u00a0\u00bb. Ce programme, financ\u00e9 par le gouvernement fran\u00e7ais pour soutenir la recherche universitaire innovante en France(programme France 2030), se concentre sur les pathog\u00e8nes zoonotiques \u00e9mergents ou r\u00e9-\u00e9mergents ayant un potentiel pand\u00e9mique et constituant une menace potentielle pour l&rsquo;Europe et les territoires fran\u00e7ais. Le PEPR a lanc\u00e9<a href=\"https:\/\/prezode-initiative.org\/fr\/le-pepr-prezode\/\">Continue reading <span class=\"sr-only\">\u00ab\u00a0Le PEPR PREZODE\u00a0\u00bb<\/span><\/a><\/p>\n","protected":false},"author":1,"featured_media":0,"parent":0,"menu_order":0,"comment_status":"closed","ping_status":"closed","template":"template-pages\/article-page.php","meta":{"_acf_changed":false,"footnotes":""},"class_list":["post-4574","page","type-page","status-publish","hentry"],"acf":[],"yoast_head":"<!-- This site is optimized with the Yoast SEO plugin v27.6 - https:\/\/yoast.com\/product\/yoast-seo-wordpress\/ -->\n<title>Le PEPR PREZODE - Prezode.<\/title>\n<meta name=\"description\" content=\"Ce programme, financ\u00e9 par le gouvernement fran\u00e7ais pour soutenir la recherche universitaire innovante en France (programme France 2030), se concentre sur les pathog\u00e8nes zoonotiques \u00e9mergents ou r\u00e9-\u00e9mergents ayant un potentiel pand\u00e9mique et constituant une menace potentielle pour l&#039;Europe et les territoires fran\u00e7ais.\" \/>\n<meta name=\"robots\" content=\"index, follow, max-snippet:-1, max-image-preview:large, max-video-preview:-1\" \/>\n<link rel=\"canonical\" href=\"https:\/\/prezode-initiative.org\/fr\/le-pepr-prezode\/\" \/>\n<meta property=\"og:locale\" content=\"fr_FR\" \/>\n<meta property=\"og:type\" content=\"article\" \/>\n<meta property=\"og:title\" content=\"Le PEPR PREZODE - Prezode.\" \/>\n<meta property=\"og:description\" content=\"Ce programme, financ\u00e9 par le gouvernement fran\u00e7ais pour soutenir la recherche universitaire innovante en France (programme France 2030), se concentre sur les pathog\u00e8nes zoonotiques \u00e9mergents ou r\u00e9-\u00e9mergents ayant un potentiel pand\u00e9mique et constituant une menace potentielle pour l&#039;Europe et les territoires fran\u00e7ais.\" \/>\n<meta property=\"og:url\" content=\"https:\/\/prezode-initiative.org\/fr\/le-pepr-prezode\/\" \/>\n<meta property=\"og:site_name\" content=\"Prezode\" \/>\n<meta property=\"article:modified_time\" content=\"2026-03-26T09:52:01+00:00\" \/>\n<meta name=\"twitter:card\" content=\"summary_large_image\" \/>\n<meta name=\"twitter:label1\" content=\"Dur\u00e9e de lecture estim\u00e9e\" \/>\n\t<meta name=\"twitter:data1\" content=\"2 minute\" \/>\n<script type=\"application\/ld+json\" class=\"yoast-schema-graph\">{\"@context\":\"https:\\\/\\\/schema.org\",\"@graph\":[{\"@type\":\"WebPage\",\"@id\":\"https:\\\/\\\/prezode-initiative.org\\\/fr\\\/le-pepr-prezode\\\/\",\"url\":\"https:\\\/\\\/prezode-initiative.org\\\/fr\\\/le-pepr-prezode\\\/\",\"name\":\"Le PEPR PREZODE - Prezode.\",\"isPartOf\":{\"@id\":\"https:\\\/\\\/prezode-initiative.org\\\/fr\\\/#website\"},\"datePublished\":\"2025-03-13T10:44:54+00:00\",\"dateModified\":\"2026-03-26T09:52:01+00:00\",\"description\":\"Ce programme, financ\u00e9 par le gouvernement fran\u00e7ais pour soutenir la recherche universitaire innovante en France (programme France 2030), se concentre sur les pathog\u00e8nes zoonotiques \u00e9mergents ou r\u00e9-\u00e9mergents ayant un potentiel pand\u00e9mique et constituant une menace potentielle pour l'Europe et les territoires fran\u00e7ais.\",\"breadcrumb\":{\"@id\":\"https:\\\/\\\/prezode-initiative.org\\\/fr\\\/le-pepr-prezode\\\/#breadcrumb\"},\"inLanguage\":\"fr-FR\",\"potentialAction\":[{\"@type\":\"ReadAction\",\"target\":[\"https:\\\/\\\/prezode-initiative.org\\\/fr\\\/le-pepr-prezode\\\/\"]}]},{\"@type\":\"BreadcrumbList\",\"@id\":\"https:\\\/\\\/prezode-initiative.org\\\/fr\\\/le-pepr-prezode\\\/#breadcrumb\",\"itemListElement\":[{\"@type\":\"ListItem\",\"position\":1,\"name\":\"Home\",\"item\":\"https:\\\/\\\/prezode-initiative.org\\\/fr\\\/\"},{\"@type\":\"ListItem\",\"position\":2,\"name\":\"Le PEPR PREZODE\"}]},{\"@type\":\"WebSite\",\"@id\":\"https:\\\/\\\/prezode-initiative.org\\\/fr\\\/#website\",\"url\":\"https:\\\/\\\/prezode-initiative.org\\\/fr\\\/\",\"name\":\"Prezode\",\"description\":\"\",\"publisher\":{\"@id\":\"https:\\\/\\\/prezode-initiative.org\\\/fr\\\/#organization\"},\"potentialAction\":[{\"@type\":\"SearchAction\",\"target\":{\"@type\":\"EntryPoint\",\"urlTemplate\":\"https:\\\/\\\/prezode-initiative.org\\\/fr\\\/?s={search_term_string}\"},\"query-input\":{\"@type\":\"PropertyValueSpecification\",\"valueRequired\":true,\"valueName\":\"search_term_string\"}}],\"inLanguage\":\"fr-FR\"},{\"@type\":\"Organization\",\"@id\":\"https:\\\/\\\/prezode-initiative.org\\\/fr\\\/#organization\",\"name\":\"Prezode\",\"url\":\"https:\\\/\\\/prezode-initiative.org\\\/fr\\\/\",\"logo\":{\"@type\":\"ImageObject\",\"inLanguage\":\"fr-FR\",\"@id\":\"https:\\\/\\\/prezode-initiative.org\\\/fr\\\/#\\\/schema\\\/logo\\\/image\\\/\",\"url\":\"https:\\\/\\\/prezode-initiative.org\\\/wp-content\\\/uploads\\\/2025\\\/02\\\/logo.png\",\"contentUrl\":\"https:\\\/\\\/prezode-initiative.org\\\/wp-content\\\/uploads\\\/2025\\\/02\\\/logo.png\",\"width\":168,\"height\":118,\"caption\":\"Prezode\"},\"image\":{\"@id\":\"https:\\\/\\\/prezode-initiative.org\\\/fr\\\/#\\\/schema\\\/logo\\\/image\\\/\"}}]}<\/script>\n<!-- \/ Yoast SEO plugin. -->","yoast_head_json":{"title":"Le PEPR PREZODE - Prezode.","description":"Ce programme, financ\u00e9 par le gouvernement fran\u00e7ais pour soutenir la recherche universitaire innovante en France (programme France 2030), se concentre sur les pathog\u00e8nes zoonotiques \u00e9mergents ou r\u00e9-\u00e9mergents ayant un potentiel pand\u00e9mique et constituant une menace potentielle pour l'Europe et les territoires fran\u00e7ais.","robots":{"index":"index","follow":"follow","max-snippet":"max-snippet:-1","max-image-preview":"max-image-preview:large","max-video-preview":"max-video-preview:-1"},"canonical":"https:\/\/prezode-initiative.org\/fr\/le-pepr-prezode\/","og_locale":"fr_FR","og_type":"article","og_title":"Le PEPR PREZODE - Prezode.","og_description":"Ce programme, financ\u00e9 par le gouvernement fran\u00e7ais pour soutenir la recherche universitaire innovante en France (programme France 2030), se concentre sur les pathog\u00e8nes zoonotiques \u00e9mergents ou r\u00e9-\u00e9mergents ayant un potentiel pand\u00e9mique et constituant une menace potentielle pour l'Europe et les territoires fran\u00e7ais.","og_url":"https:\/\/prezode-initiative.org\/fr\/le-pepr-prezode\/","og_site_name":"Prezode","article_modified_time":"2026-03-26T09:52:01+00:00","twitter_card":"summary_large_image","twitter_misc":{"Dur\u00e9e de lecture estim\u00e9e":"2 minute"},"schema":{"@context":"https:\/\/schema.org","@graph":[{"@type":"WebPage","@id":"https:\/\/prezode-initiative.org\/fr\/le-pepr-prezode\/","url":"https:\/\/prezode-initiative.org\/fr\/le-pepr-prezode\/","name":"Le PEPR PREZODE - Prezode.","isPartOf":{"@id":"https:\/\/prezode-initiative.org\/fr\/#website"},"datePublished":"2025-03-13T10:44:54+00:00","dateModified":"2026-03-26T09:52:01+00:00","description":"Ce programme, financ\u00e9 par le gouvernement fran\u00e7ais pour soutenir la recherche universitaire innovante en France (programme France 2030), se concentre sur les pathog\u00e8nes zoonotiques \u00e9mergents ou r\u00e9-\u00e9mergents ayant un potentiel pand\u00e9mique et constituant une menace potentielle pour l'Europe et les territoires fran\u00e7ais.","breadcrumb":{"@id":"https:\/\/prezode-initiative.org\/fr\/le-pepr-prezode\/#breadcrumb"},"inLanguage":"fr-FR","potentialAction":[{"@type":"ReadAction","target":["https:\/\/prezode-initiative.org\/fr\/le-pepr-prezode\/"]}]},{"@type":"BreadcrumbList","@id":"https:\/\/prezode-initiative.org\/fr\/le-pepr-prezode\/#breadcrumb","itemListElement":[{"@type":"ListItem","position":1,"name":"Home","item":"https:\/\/prezode-initiative.org\/fr\/"},{"@type":"ListItem","position":2,"name":"Le PEPR PREZODE"}]},{"@type":"WebSite","@id":"https:\/\/prezode-initiative.org\/fr\/#website","url":"https:\/\/prezode-initiative.org\/fr\/","name":"Prezode","description":"","publisher":{"@id":"https:\/\/prezode-initiative.org\/fr\/#organization"},"potentialAction":[{"@type":"SearchAction","target":{"@type":"EntryPoint","urlTemplate":"https:\/\/prezode-initiative.org\/fr\/?s={search_term_string}"},"query-input":{"@type":"PropertyValueSpecification","valueRequired":true,"valueName":"search_term_string"}}],"inLanguage":"fr-FR"},{"@type":"Organization","@id":"https:\/\/prezode-initiative.org\/fr\/#organization","name":"Prezode","url":"https:\/\/prezode-initiative.org\/fr\/","logo":{"@type":"ImageObject","inLanguage":"fr-FR","@id":"https:\/\/prezode-initiative.org\/fr\/#\/schema\/logo\/image\/","url":"https:\/\/prezode-initiative.org\/wp-content\/uploads\/2025\/02\/logo.png","contentUrl":"https:\/\/prezode-initiative.org\/wp-content\/uploads\/2025\/02\/logo.png","width":168,"height":118,"caption":"Prezode"},"image":{"@id":"https:\/\/prezode-initiative.org\/fr\/#\/schema\/logo\/image\/"}}]}},"_links":{"self":[{"href":"https:\/\/prezode-initiative.org\/fr\/wp-json\/wp\/v2\/pages\/4574","targetHints":{"allow":["GET"]}}],"collection":[{"href":"https:\/\/prezode-initiative.org\/fr\/wp-json\/wp\/v2\/pages"}],"about":[{"href":"https:\/\/prezode-initiative.org\/fr\/wp-json\/wp\/v2\/types\/page"}],"author":[{"embeddable":true,"href":"https:\/\/prezode-initiative.org\/fr\/wp-json\/wp\/v2\/users\/1"}],"replies":[{"embeddable":true,"href":"https:\/\/prezode-initiative.org\/fr\/wp-json\/wp\/v2\/comments?post=4574"}],"version-history":[{"count":3,"href":"https:\/\/prezode-initiative.org\/fr\/wp-json\/wp\/v2\/pages\/4574\/revisions"}],"predecessor-version":[{"id":6139,"href":"https:\/\/prezode-initiative.org\/fr\/wp-json\/wp\/v2\/pages\/4574\/revisions\/6139"}],"wp:attachment":[{"href":"https:\/\/prezode-initiative.org\/fr\/wp-json\/wp\/v2\/media?parent=4574"}],"curies":[{"name":"wp","href":"https:\/\/api.w.org\/{rel}","templated":true}]}}