{"id":4566,"date":"2025-03-19T13:56:39","date_gmt":"2025-03-19T12:56:39","guid":{"rendered":"https:\/\/prezode-initiative.org\/comprendre-les-zoonoses-pour-attenuer-les-risques\/"},"modified":"2026-03-25T17:46:32","modified_gmt":"2026-03-25T16:46:32","slug":"comprendre-les-zoonoses-pour-attenuer-les-risques","status":"publish","type":"page","link":"https:\/\/prezode-initiative.org\/fr\/comprendre-les-zoonoses-pour-attenuer-les-risques\/","title":{"rendered":"Comprendre les zoonoses pour att\u00e9nuer les risques"},"content":{"rendered":"\n<h2 class=\"wp-block-heading has-tertiary-color has-text-color has-link-color wp-elements-49f357625765cf7695165051827bc384\"><strong>Les zoonoses sont des maladies infectieuses qui se propagent entre les animaux et les humains. Elles repr\u00e9sentent plus de deux tiers des maladies \u00e9mergentes chez l&rsquo;homme. <\/strong><br\/><\/h2>\n\n<p><\/p>\n\n<p>Le fardeau le plus lourd pour la sant\u00e9 humaine et les moyens de subsistance provient des zoonoses \u00e9pid\u00e9miques et end\u00e9miques, qui provoquent chaque ann\u00e9e environ un milliard de cas de maladie et des millions de d\u00e9c\u00e8s. Ces maladies constituent des probl\u00e8mes de sant\u00e9 r\u00e9gionaux persistants dans le monde entier. Les zoonoses proviennent d&rsquo;agents pathog\u00e8nes h\u00e9berg\u00e9s par des animaux (sauvages et domestiques) et constituent une menace importante pour la sant\u00e9 et la s\u00e9curit\u00e9 mondiales. Elles ont caus\u00e9 des dommages \u00e9conomiques d\u00e9passant les centaines de milliards de dollars am\u00e9ricains au cours des 20 derni\u00e8res ann\u00e9es, et ce chiffre continuera d&rsquo;augmenter avec la pand\u00e9mie de COVID-19, qui a d\u00e9j\u00e0 co\u00fbt\u00e9 plus de 11 700 milliards de dollars. Les agents zoonotiques repr\u00e9sentent \u00e9galement le nombre le plus important d&rsquo;agents de maladies infectieuses chez l&rsquo;homme, et les projections indiquent que leur nombre pourrait augmenter de mani\u00e8re significative.    <\/p>\n\n<p>Il est donc crucial d&rsquo;agir bien en amont des crises \u00e9pid\u00e9miques et pand\u00e9miques en mettant en \u0153uvre des programmes scientifiques et op\u00e9rationnels ambitieux d\u00e9di\u00e9s \u00e0 la pr\u00e9vention de l&rsquo;\u00e9mergence et de la propagation des maladies zoonotiques.<\/p>\n\n<h2 class=\"wp-block-heading has-text-color has-link-color wp-elements-846fc6c914778d07aea514327b0f91cb\" style=\"color:#2894bf\"><strong><strong>L&rsquo;augmentation exponentielle des zoonoses<\/strong><\/strong><br\/><\/h2>\n\n<p>Rage, syndrome respiratoire aigu s\u00e9v\u00e8re (SRAS), virus Nipah, virus de la grippe, maladie de Zika, fi\u00e8vre jaune, chikungunya, Ebola, syndrome respiratoire du Moyen-Orient (MERS-CoV), fi\u00e8vre de la vall\u00e9e du Rift, SRAS-CoV-2&#8230; Au cours des derni\u00e8res d\u00e9cennies, la fr\u00e9quence et le nombre de zoonoses ont augment\u00e9 de mani\u00e8re exponentielle, de m\u00eame que le nombre de <a href=\"https:\/\/dictionary.cambridge.org\/fr\/dictionnaire\/anglais\/spillove\">d\u00e9bordements<\/a> sporadiques, ce qui repr\u00e9sente une menace importante pour l&rsquo;\u00e9conomie mondiale et la sant\u00e9 publique.<\/p>\n\n<p>Les changements d&rsquo;affectation des sols, la d\u00e9gradation, les pratiques agricoles non durables et la d\u00e9forestation, entre autres facteurs, ont accentu\u00e9 l&rsquo;impact de l&rsquo;homme sur la nature, entra\u00eenant une perte importante de biodiversit\u00e9 sur terre et mena\u00e7ant gravement l&rsquo;\u00e9quilibre des \u00e9cosyst\u00e8mes \u00e0 l&rsquo;interface entre l&rsquo;homme, les animaux, les plantes et l&rsquo;environnement. Ces risques sont aggrav\u00e9s par l&rsquo;expansion des zones urbaines, le commerce international et les voyages, y compris les mouvements transfrontaliers d&rsquo;animaux, ainsi que par les crises climatiques. Avec le r\u00e9chauffement de la plan\u00e8te, les maladies infectieuses, autrefois confin\u00e9es aux latitudes chaudes, s&rsquo;\u00e9tendent \u00e0 de nouvelles r\u00e9gions g\u00e9ographiques. Les maladies \u00e0 transmission vectorielle - telles que la fi\u00e8vre h\u00e9morragique de Crim\u00e9e-Congo, la fi\u00e8vre de la vall\u00e9e du Rift, le virus du Nil occidental, etc. - sont d\u00e9sormais pr\u00e9sentes dans de nouvelles r\u00e9gions.    <\/p>\n\n<p>La collaboration internationale et multisectorielle est essentielle pour comprendre l&rsquo;\u00e9mergence, la pr\u00e9vention, la r\u00e9duction des risques et la d\u00e9tection pr\u00e9coce des zoonoses, ainsi que pour faire face aux risques de propagation et pr\u00e9venir les pand\u00e9mies.<\/p>\n\n<p><br\/><\/p>\n\n<p><\/p>\n","protected":false},"excerpt":{"rendered":"<p>Les zoonoses sont des maladies infectieuses qui se propagent entre les animaux et les humains. Elles repr\u00e9sentent plus de deux tiers des maladies \u00e9mergentes chez l&rsquo;homme. Le fardeau le plus lourd pour la sant\u00e9 humaine et les moyens de subsistance provient des zoonoses \u00e9pid\u00e9miques et end\u00e9miques, qui provoquent chaque ann\u00e9e environ un milliard de cas<a href=\"https:\/\/prezode-initiative.org\/fr\/comprendre-les-zoonoses-pour-attenuer-les-risques\/\">Continue reading <span class=\"sr-only\">\u00ab\u00a0Comprendre les zoonoses pour att\u00e9nuer les risques\u00a0\u00bb<\/span><\/a><\/p>\n","protected":false},"author":2,"featured_media":0,"parent":0,"menu_order":0,"comment_status":"closed","ping_status":"closed","template":"template-pages\/article-page.php","meta":{"_acf_changed":false,"footnotes":""},"class_list":["post-4566","page","type-page","status-publish","hentry"],"acf":[],"yoast_head":"<!-- This site is optimized with the Yoast SEO plugin v27.6 - https:\/\/yoast.com\/product\/yoast-seo-wordpress\/ -->\n<title>Comprendre les zoonoses pour att\u00e9nuer les risques - Prezode.<\/title>\n<meta name=\"description\" content=\"Les zoonoses sont des maladies infectieuses qui se propagent entre les animaux et les humains. Il est essentiel d&#039;agir tr\u00e8s en amont des crises \u00e9pid\u00e9miques et pand\u00e9miques en mettant en \u0153uvre des programmes scientifiques et op\u00e9rationnels ambitieux d\u00e9di\u00e9s \u00e0 la pr\u00e9vention de l&#039;\u00e9mergence et de la propagation des zoonoses.\" \/>\n<meta name=\"robots\" content=\"index, follow, max-snippet:-1, max-image-preview:large, max-video-preview:-1\" \/>\n<link rel=\"canonical\" href=\"https:\/\/prezode-initiative.org\/fr\/comprendre-les-zoonoses-pour-attenuer-les-risques\/\" \/>\n<meta property=\"og:locale\" content=\"fr_FR\" \/>\n<meta property=\"og:type\" content=\"article\" \/>\n<meta property=\"og:title\" content=\"Comprendre les zoonoses pour att\u00e9nuer les risques - Prezode.\" \/>\n<meta property=\"og:description\" content=\"Les zoonoses sont des maladies infectieuses qui se propagent entre les animaux et les humains. Il est essentiel d&#039;agir tr\u00e8s en amont des crises \u00e9pid\u00e9miques et pand\u00e9miques en mettant en \u0153uvre des programmes scientifiques et op\u00e9rationnels ambitieux d\u00e9di\u00e9s \u00e0 la pr\u00e9vention de l&#039;\u00e9mergence et de la propagation des zoonoses.\" \/>\n<meta property=\"og:url\" content=\"https:\/\/prezode-initiative.org\/fr\/comprendre-les-zoonoses-pour-attenuer-les-risques\/\" \/>\n<meta property=\"og:site_name\" content=\"Prezode\" \/>\n<meta property=\"article:modified_time\" content=\"2026-03-25T16:46:32+00:00\" \/>\n<meta name=\"twitter:card\" content=\"summary_large_image\" \/>\n<meta name=\"twitter:label1\" content=\"Dur\u00e9e de lecture estim\u00e9e\" \/>\n\t<meta name=\"twitter:data1\" content=\"3 minute\" \/>\n<script type=\"application\/ld+json\" class=\"yoast-schema-graph\">{\"@context\":\"https:\\\/\\\/schema.org\",\"@graph\":[{\"@type\":\"WebPage\",\"@id\":\"https:\\\/\\\/prezode-initiative.org\\\/fr\\\/comprendre-les-zoonoses-pour-attenuer-les-risques\\\/\",\"url\":\"https:\\\/\\\/prezode-initiative.org\\\/fr\\\/comprendre-les-zoonoses-pour-attenuer-les-risques\\\/\",\"name\":\"Comprendre les zoonoses pour att\u00e9nuer les risques - Prezode.\",\"isPartOf\":{\"@id\":\"https:\\\/\\\/prezode-initiative.org\\\/fr\\\/#website\"},\"datePublished\":\"2025-03-19T12:56:39+00:00\",\"dateModified\":\"2026-03-25T16:46:32+00:00\",\"description\":\"Les zoonoses sont des maladies infectieuses qui se propagent entre les animaux et les humains. Il est essentiel d'agir tr\u00e8s en amont des crises \u00e9pid\u00e9miques et pand\u00e9miques en mettant en \u0153uvre des programmes scientifiques et op\u00e9rationnels ambitieux d\u00e9di\u00e9s \u00e0 la pr\u00e9vention de l'\u00e9mergence et de la propagation des zoonoses.\",\"breadcrumb\":{\"@id\":\"https:\\\/\\\/prezode-initiative.org\\\/fr\\\/comprendre-les-zoonoses-pour-attenuer-les-risques\\\/#breadcrumb\"},\"inLanguage\":\"fr-FR\",\"potentialAction\":[{\"@type\":\"ReadAction\",\"target\":[\"https:\\\/\\\/prezode-initiative.org\\\/fr\\\/comprendre-les-zoonoses-pour-attenuer-les-risques\\\/\"]}]},{\"@type\":\"BreadcrumbList\",\"@id\":\"https:\\\/\\\/prezode-initiative.org\\\/fr\\\/comprendre-les-zoonoses-pour-attenuer-les-risques\\\/#breadcrumb\",\"itemListElement\":[{\"@type\":\"ListItem\",\"position\":1,\"name\":\"Home\",\"item\":\"https:\\\/\\\/prezode-initiative.org\\\/fr\\\/\"},{\"@type\":\"ListItem\",\"position\":2,\"name\":\"Comprendre les zoonoses pour att\u00e9nuer les risques\"}]},{\"@type\":\"WebSite\",\"@id\":\"https:\\\/\\\/prezode-initiative.org\\\/fr\\\/#website\",\"url\":\"https:\\\/\\\/prezode-initiative.org\\\/fr\\\/\",\"name\":\"Prezode\",\"description\":\"\",\"publisher\":{\"@id\":\"https:\\\/\\\/prezode-initiative.org\\\/fr\\\/#organization\"},\"potentialAction\":[{\"@type\":\"SearchAction\",\"target\":{\"@type\":\"EntryPoint\",\"urlTemplate\":\"https:\\\/\\\/prezode-initiative.org\\\/fr\\\/?s={search_term_string}\"},\"query-input\":{\"@type\":\"PropertyValueSpecification\",\"valueRequired\":true,\"valueName\":\"search_term_string\"}}],\"inLanguage\":\"fr-FR\"},{\"@type\":\"Organization\",\"@id\":\"https:\\\/\\\/prezode-initiative.org\\\/fr\\\/#organization\",\"name\":\"Prezode\",\"url\":\"https:\\\/\\\/prezode-initiative.org\\\/fr\\\/\",\"logo\":{\"@type\":\"ImageObject\",\"inLanguage\":\"fr-FR\",\"@id\":\"https:\\\/\\\/prezode-initiative.org\\\/fr\\\/#\\\/schema\\\/logo\\\/image\\\/\",\"url\":\"https:\\\/\\\/prezode-initiative.org\\\/wp-content\\\/uploads\\\/2025\\\/02\\\/logo.png\",\"contentUrl\":\"https:\\\/\\\/prezode-initiative.org\\\/wp-content\\\/uploads\\\/2025\\\/02\\\/logo.png\",\"width\":168,\"height\":118,\"caption\":\"Prezode\"},\"image\":{\"@id\":\"https:\\\/\\\/prezode-initiative.org\\\/fr\\\/#\\\/schema\\\/logo\\\/image\\\/\"}}]}<\/script>\n<!-- \/ Yoast SEO plugin. -->","yoast_head_json":{"title":"Comprendre les zoonoses pour att\u00e9nuer les risques - Prezode.","description":"Les zoonoses sont des maladies infectieuses qui se propagent entre les animaux et les humains. Il est essentiel d'agir tr\u00e8s en amont des crises \u00e9pid\u00e9miques et pand\u00e9miques en mettant en \u0153uvre des programmes scientifiques et op\u00e9rationnels ambitieux d\u00e9di\u00e9s \u00e0 la pr\u00e9vention de l'\u00e9mergence et de la propagation des zoonoses.","robots":{"index":"index","follow":"follow","max-snippet":"max-snippet:-1","max-image-preview":"max-image-preview:large","max-video-preview":"max-video-preview:-1"},"canonical":"https:\/\/prezode-initiative.org\/fr\/comprendre-les-zoonoses-pour-attenuer-les-risques\/","og_locale":"fr_FR","og_type":"article","og_title":"Comprendre les zoonoses pour att\u00e9nuer les risques - Prezode.","og_description":"Les zoonoses sont des maladies infectieuses qui se propagent entre les animaux et les humains. Il est essentiel d'agir tr\u00e8s en amont des crises \u00e9pid\u00e9miques et pand\u00e9miques en mettant en \u0153uvre des programmes scientifiques et op\u00e9rationnels ambitieux d\u00e9di\u00e9s \u00e0 la pr\u00e9vention de l'\u00e9mergence et de la propagation des zoonoses.","og_url":"https:\/\/prezode-initiative.org\/fr\/comprendre-les-zoonoses-pour-attenuer-les-risques\/","og_site_name":"Prezode","article_modified_time":"2026-03-25T16:46:32+00:00","twitter_card":"summary_large_image","twitter_misc":{"Dur\u00e9e de lecture estim\u00e9e":"3 minute"},"schema":{"@context":"https:\/\/schema.org","@graph":[{"@type":"WebPage","@id":"https:\/\/prezode-initiative.org\/fr\/comprendre-les-zoonoses-pour-attenuer-les-risques\/","url":"https:\/\/prezode-initiative.org\/fr\/comprendre-les-zoonoses-pour-attenuer-les-risques\/","name":"Comprendre les zoonoses pour att\u00e9nuer les risques - Prezode.","isPartOf":{"@id":"https:\/\/prezode-initiative.org\/fr\/#website"},"datePublished":"2025-03-19T12:56:39+00:00","dateModified":"2026-03-25T16:46:32+00:00","description":"Les zoonoses sont des maladies infectieuses qui se propagent entre les animaux et les humains. Il est essentiel d'agir tr\u00e8s en amont des crises \u00e9pid\u00e9miques et pand\u00e9miques en mettant en \u0153uvre des programmes scientifiques et op\u00e9rationnels ambitieux d\u00e9di\u00e9s \u00e0 la pr\u00e9vention de l'\u00e9mergence et de la propagation des zoonoses.","breadcrumb":{"@id":"https:\/\/prezode-initiative.org\/fr\/comprendre-les-zoonoses-pour-attenuer-les-risques\/#breadcrumb"},"inLanguage":"fr-FR","potentialAction":[{"@type":"ReadAction","target":["https:\/\/prezode-initiative.org\/fr\/comprendre-les-zoonoses-pour-attenuer-les-risques\/"]}]},{"@type":"BreadcrumbList","@id":"https:\/\/prezode-initiative.org\/fr\/comprendre-les-zoonoses-pour-attenuer-les-risques\/#breadcrumb","itemListElement":[{"@type":"ListItem","position":1,"name":"Home","item":"https:\/\/prezode-initiative.org\/fr\/"},{"@type":"ListItem","position":2,"name":"Comprendre les zoonoses pour att\u00e9nuer les risques"}]},{"@type":"WebSite","@id":"https:\/\/prezode-initiative.org\/fr\/#website","url":"https:\/\/prezode-initiative.org\/fr\/","name":"Prezode","description":"","publisher":{"@id":"https:\/\/prezode-initiative.org\/fr\/#organization"},"potentialAction":[{"@type":"SearchAction","target":{"@type":"EntryPoint","urlTemplate":"https:\/\/prezode-initiative.org\/fr\/?s={search_term_string}"},"query-input":{"@type":"PropertyValueSpecification","valueRequired":true,"valueName":"search_term_string"}}],"inLanguage":"fr-FR"},{"@type":"Organization","@id":"https:\/\/prezode-initiative.org\/fr\/#organization","name":"Prezode","url":"https:\/\/prezode-initiative.org\/fr\/","logo":{"@type":"ImageObject","inLanguage":"fr-FR","@id":"https:\/\/prezode-initiative.org\/fr\/#\/schema\/logo\/image\/","url":"https:\/\/prezode-initiative.org\/wp-content\/uploads\/2025\/02\/logo.png","contentUrl":"https:\/\/prezode-initiative.org\/wp-content\/uploads\/2025\/02\/logo.png","width":168,"height":118,"caption":"Prezode"},"image":{"@id":"https:\/\/prezode-initiative.org\/fr\/#\/schema\/logo\/image\/"}}]}},"_links":{"self":[{"href":"https:\/\/prezode-initiative.org\/fr\/wp-json\/wp\/v2\/pages\/4566","targetHints":{"allow":["GET"]}}],"collection":[{"href":"https:\/\/prezode-initiative.org\/fr\/wp-json\/wp\/v2\/pages"}],"about":[{"href":"https:\/\/prezode-initiative.org\/fr\/wp-json\/wp\/v2\/types\/page"}],"author":[{"embeddable":true,"href":"https:\/\/prezode-initiative.org\/fr\/wp-json\/wp\/v2\/users\/2"}],"replies":[{"embeddable":true,"href":"https:\/\/prezode-initiative.org\/fr\/wp-json\/wp\/v2\/comments?post=4566"}],"version-history":[{"count":2,"href":"https:\/\/prezode-initiative.org\/fr\/wp-json\/wp\/v2\/pages\/4566\/revisions"}],"predecessor-version":[{"id":4571,"href":"https:\/\/prezode-initiative.org\/fr\/wp-json\/wp\/v2\/pages\/4566\/revisions\/4571"}],"wp:attachment":[{"href":"https:\/\/prezode-initiative.org\/fr\/wp-json\/wp\/v2\/media?parent=4566"}],"curies":[{"name":"wp","href":"https:\/\/api.w.org\/{rel}","templated":true}]}}