{"id":4563,"date":"2025-03-13T11:44:40","date_gmt":"2025-03-13T10:44:40","guid":{"rendered":"https:\/\/prezode-initiative.org\/prezode-en-action-dans-les-pays-du-sud\/"},"modified":"2026-03-26T10:52:01","modified_gmt":"2026-03-26T09:52:01","slug":"prezode-en-action-dans-les-pays-du-sud","status":"publish","type":"page","link":"https:\/\/prezode-initiative.org\/fr\/prezode-en-action-dans-les-pays-du-sud\/","title":{"rendered":"PREZODE en action dans les pays du Sud"},"content":{"rendered":"\n<p><\/p>\n\n<h2 class=\"wp-block-heading\">PREACTS (PREZODE in action in the global South) est le premier programme op\u00e9rationnel international men\u00e9 sous l&rsquo;\u00e9gide de PREZODE<strong>.<\/strong><\/h2>\n\n<p>PREACTS se concentre sur la pr\u00e9vention des \u00e9pid\u00e9mies et la r\u00e9duction de la propagation des maladies zoonotiques \u00e0 l&rsquo;interface homme-animal-environnement. Il utilise des solutions bas\u00e9es sur la nature et des approches sp\u00e9cifiques au contexte qui tiennent compte des impacts sociaux et \u00e9conomiques. \u00c0 terme, l&rsquo;objectif est d&rsquo;am\u00e9liorer la r\u00e9silience des socio-\u00e9cosyst\u00e8mes face \u00e0 l&rsquo;\u00e9mergence de maladies zoonotiques tout en renfor\u00e7ant les syst\u00e8mes de surveillance \u00e0 l&rsquo;interface entre l&rsquo;animal et l&rsquo;homme.  <\/p>\n\n<p>Ce programme, financ\u00e9 par l&rsquo;Agence Fran\u00e7aise de D\u00e9veloppement<a href=\"https:\/\/www.afd.fr\/en\" target=\"_blank\" rel=\"noreferrer noopener\">(AFD)<\/a> avec un budget de 30 millions d&rsquo;euros, se compose de trois projets : AFRICAM (2023-2026), ASAMCO (2024-2028), et ASEACA (2025-2029, dans un processus de co-conception). Ces projets sont mis en place dans des pays s\u00e9lectionn\u00e9s (parmi les pays membres de PREZODE) et des r\u00e9gions identifi\u00e9es comme des points chauds \u00e9pid\u00e9miques, offrant un paysage diversifi\u00e9 pour l&rsquo;approche One Health de PREACTS. <\/p>\n\n<div class=\"wp-block-media-text is-stacked-on-mobile\" style=\"grid-template-columns:20% auto\"><figure class=\"wp-block-media-text__media\"><img decoding=\"async\" src=\"https:\/\/prezode-initiative.org\/wp-content\/uploads\/2025\/04\/LOGO-AFRICAM-PREACTS-CMNJ-1024x972.png\" alt=\"Logo AFRICAM\" class=\"wp-image-1191 size-full\"\/><\/figure><div class=\"wp-block-media-text__content\">\n<h2 class=\"wp-block-heading\">AfriCam<\/h2>\n\n\n\n<p>Lanc\u00e9 en 2023, le projet <a href=\"https:\/\/www.preacts.org\/africam\" target=\"_blank\" rel=\"noreferrer noopener\">AfriCam<\/a> est actuellement mis en \u0153uvre au Cambodge, au Cameroun, en Guin\u00e9e, \u00e0 Madagascar et au S\u00e9n\u00e9gal, et est entr\u00e9 dans une phase cruciale de d\u00e9veloppement. En 2024, des activit\u00e9s sur le terrain ont \u00e9t\u00e9 lanc\u00e9es dans chaque pays, en mettant l&rsquo;accent sur les partenariats intersectoriels et les r\u00e9unions de coordination fr\u00e9quentes pour faciliter le partage des connaissances et la synergie entre tous les participants. Les progr\u00e8s r\u00e9alis\u00e9s \u00e0 ce jour comprennent la formation (ateliers de formation pour les \u00e9tudiants en doctorat et en master), une importante collecte de donn\u00e9es (\u00e9chantillonnage de la faune sauvage et des animaux domestiques, enqu\u00eates \u00e9pid\u00e9miologiques et enqu\u00eates sur les connaissances, les attitudes et les pratiques), des ateliers con\u00e7us conjointement sur les syst\u00e8mes de surveillance int\u00e9gr\u00e9s, une meilleure compr\u00e9hension et int\u00e9gration des perspectives de genre, et la mise en \u0153uvre pr\u00e9liminaire de m\u00e9canismes de pr\u00e9vention. Les gouvernements locaux et nationaux sont activement engag\u00e9s pour assurer la durabilit\u00e9 et l&rsquo;impact \u00e0 long terme des activit\u00e9s d&rsquo;AfriCam. Le projet pr\u00e9voit d&rsquo;\u00e9tendre ces activit\u00e9s, de renforcer les synergies r\u00e9gionales au-del\u00e0 des pays individuels et de stimuler la collaboration mondiale par le biais de partenariats avec l&rsquo;ASAMCO.    <\/p>\n<\/div><\/div>\n\n<div class=\"wp-block-media-text is-stacked-on-mobile\" style=\"grid-template-columns:20% auto\"><figure class=\"wp-block-media-text__media\"><img decoding=\"async\" src=\"https:\/\/prezode-initiative.org\/wp-content\/uploads\/2025\/04\/logo_ASAMCO-1024x1008.png\" alt=\"Logo de l&#039;ASAMCO\" class=\"wp-image-1195 size-full\"\/><\/figure><div class=\"wp-block-media-text__content\">\n<h2 class=\"wp-block-heading\">ASAMCO<\/h2>\n\n\n\n<p>Le projet PREACTS-ASAMCO a officiellement d\u00e9but\u00e9 le 28 ao\u00fbt 2024. Caract\u00e9ris\u00e9 par son approche r\u00e9gionale, <a href=\"https:\/\/www.preacts.org\/asamco\" target=\"_blank\" rel=\"noreferrer noopener\">ASAMCO<\/a> couvre l&rsquo;Am\u00e9rique centrale (Mexique, Costa Rica et Ha\u00efti), l&rsquo;Afrique (R\u00e9publique d\u00e9mocratique du Congo) et l&rsquo;Asie (Laos et Tha\u00eflande). Les activit\u00e9s du projet ont \u00e9t\u00e9 officiellement lanc\u00e9es dans chaque r\u00e9gion. La r\u00e9union de lancement de la r\u00e9gion Am\u00e9rique centrale a eu lieu le 14 octobre 2024 \u00e0 M\u00e9rida, au Mexique. Pour l&rsquo;Asie, la r\u00e9union a eu lieu \u00e0 Bangkok, en Tha\u00eflande, les 12 et 13 d\u00e9cembre.     Le lancement en RDC est pr\u00e9vu pour 2025.  <\/p>\n<\/div><\/div>\n\n<div class=\"wp-block-media-text is-stacked-on-mobile\" style=\"grid-template-columns:22% auto\"><figure class=\"wp-block-media-text__media\"><\/figure><div class=\"wp-block-media-text__content\">\n<h2 class=\"wp-block-heading\">ASEACA<\/h2>\n\n\n\n<p><a href=\"https:\/\/www.preacts.org\/aseaca\" target=\"_blank\" rel=\"noreferrer noopener\">ASEACA<\/a>, le troisi\u00e8me projet, fait actuellement l&rsquo;objet d&rsquo;un processus de co-conception. Il aidera, aux niveaux r\u00e9gional et national, la r\u00e9gion de l&rsquo;Afrique australe et orientale (Tanzanie, Mozambique et Zimbabwe), la r\u00e9gion de l&rsquo;Asie du Sud-Est (Philippines et Vi\u00eat Nam) et la r\u00e9gion des Cara\u00efbes \u00e0 mettre en \u0153uvre et\/ou \u00e0 renforcer les strat\u00e9gies et les politiques nationales \u00e0 l&rsquo;interface de la sant\u00e9 humaine, animale et environnementale. <\/p>\n<\/div><\/div>\n\n<p><\/p>\n\n<div class=\"wp-block-buttons is-layout-flex wp-block-buttons-is-layout-flex\">\n<div class=\"wp-block-button\"><a class=\"wp-block-button__link has-background-color has-pz-orange-background-color has-text-color has-background has-link-color wp-element-button\" href=\"https:\/\/www.preacts.org\/about-preacts\" target=\"_blank\" rel=\"noreferrer noopener\">  Visitez le site web du PREACTS pour plus d&rsquo;informations sur le programme.  <\/a><\/div>\n<\/div>\n\n<p><\/p>\n","protected":false},"excerpt":{"rendered":"<p>PREACTS (PREZODE in action in the global South) est le premier programme op\u00e9rationnel international men\u00e9 sous l&rsquo;\u00e9gide de PREZODE. PREACTS se concentre sur la pr\u00e9vention des \u00e9pid\u00e9mies et la r\u00e9duction de la propagation des maladies zoonotiques \u00e0 l&rsquo;interface homme-animal-environnement. Il utilise des solutions bas\u00e9es sur la nature et des approches sp\u00e9cifiques au contexte qui tiennent<a href=\"https:\/\/prezode-initiative.org\/fr\/prezode-en-action-dans-les-pays-du-sud\/\">Continue reading <span class=\"sr-only\">\u00ab\u00a0PREZODE en action dans les pays du Sud\u00a0\u00bb<\/span><\/a><\/p>\n","protected":false},"author":1,"featured_media":0,"parent":0,"menu_order":0,"comment_status":"closed","ping_status":"closed","template":"template-pages\/article-page.php","meta":{"_acf_changed":false,"footnotes":""},"class_list":["post-4563","page","type-page","status-publish","hentry"],"acf":[],"yoast_head":"<!-- This site is optimized with the Yoast SEO plugin v27.6 - https:\/\/yoast.com\/product\/yoast-seo-wordpress\/ -->\n<title>PREZODE en action dans les pays du Sud - Prezode.<\/title>\n<meta name=\"description\" content=\"PREACTS est le premier programme op\u00e9rationnel international men\u00e9 sous l&#039;\u00e9gide de PREZODE. Ce programme, financ\u00e9 par l&#039;Agence Fran\u00e7aise de D\u00e9veloppement (AFD) pour un montant total de 30 millions d&#039;euros, comprend trois projets : AFRICAM (2023-2026), ASAMCO (2024-2028), et ASEACA (2025-2029, en co-conception).\" \/>\n<meta name=\"robots\" content=\"index, follow, max-snippet:-1, max-image-preview:large, max-video-preview:-1\" \/>\n<link rel=\"canonical\" href=\"https:\/\/prezode-initiative.org\/fr\/prezode-en-action-dans-les-pays-du-sud\/\" \/>\n<meta property=\"og:locale\" content=\"fr_FR\" \/>\n<meta property=\"og:type\" content=\"article\" \/>\n<meta property=\"og:title\" content=\"PREZODE en action dans les pays du Sud - Prezode.\" \/>\n<meta property=\"og:description\" content=\"PREACTS est le premier programme op\u00e9rationnel international men\u00e9 sous l&#039;\u00e9gide de PREZODE. Ce programme, financ\u00e9 par l&#039;Agence Fran\u00e7aise de D\u00e9veloppement (AFD) pour un montant total de 30 millions d&#039;euros, comprend trois projets : AFRICAM (2023-2026), ASAMCO (2024-2028), et ASEACA (2025-2029, en co-conception).\" \/>\n<meta property=\"og:url\" content=\"https:\/\/prezode-initiative.org\/fr\/prezode-en-action-dans-les-pays-du-sud\/\" \/>\n<meta property=\"og:site_name\" content=\"Prezode\" \/>\n<meta property=\"article:modified_time\" content=\"2026-03-26T09:52:01+00:00\" \/>\n<meta property=\"og:image\" content=\"https:\/\/prezode-initiative.org\/wp-content\/uploads\/2025\/04\/LOGO-AFRICAM-PREACTS-CMNJ-e1743607433605.png\" \/>\n\t<meta property=\"og:image:width\" content=\"1370\" \/>\n\t<meta property=\"og:image:height\" content=\"940\" \/>\n\t<meta property=\"og:image:type\" content=\"image\/png\" \/>\n<meta name=\"twitter:card\" content=\"summary_large_image\" \/>\n<meta name=\"twitter:label1\" content=\"Dur\u00e9e de lecture estim\u00e9e\" \/>\n\t<meta name=\"twitter:data1\" content=\"3 minute\" \/>\n<script type=\"application\/ld+json\" class=\"yoast-schema-graph\">{\"@context\":\"https:\\\/\\\/schema.org\",\"@graph\":[{\"@type\":\"WebPage\",\"@id\":\"https:\\\/\\\/prezode-initiative.org\\\/fr\\\/prezode-en-action-dans-les-pays-du-sud\\\/\",\"url\":\"https:\\\/\\\/prezode-initiative.org\\\/fr\\\/prezode-en-action-dans-les-pays-du-sud\\\/\",\"name\":\"PREZODE en action dans les pays du Sud - Prezode.\",\"isPartOf\":{\"@id\":\"https:\\\/\\\/prezode-initiative.org\\\/fr\\\/#website\"},\"primaryImageOfPage\":{\"@id\":\"https:\\\/\\\/prezode-initiative.org\\\/fr\\\/prezode-en-action-dans-les-pays-du-sud\\\/#primaryimage\"},\"image\":{\"@id\":\"https:\\\/\\\/prezode-initiative.org\\\/fr\\\/prezode-en-action-dans-les-pays-du-sud\\\/#primaryimage\"},\"thumbnailUrl\":\"https:\\\/\\\/prezode-initiative.org\\\/wp-content\\\/uploads\\\/2025\\\/04\\\/LOGO-AFRICAM-PREACTS-CMNJ-1024x972.png\",\"datePublished\":\"2025-03-13T10:44:40+00:00\",\"dateModified\":\"2026-03-26T09:52:01+00:00\",\"description\":\"PREACTS est le premier programme op\u00e9rationnel international men\u00e9 sous l'\u00e9gide de PREZODE. Ce programme, financ\u00e9 par l'Agence Fran\u00e7aise de D\u00e9veloppement (AFD) pour un montant total de 30 millions d'euros, comprend trois projets : AFRICAM (2023-2026), ASAMCO (2024-2028), et ASEACA (2025-2029, en co-conception).\",\"breadcrumb\":{\"@id\":\"https:\\\/\\\/prezode-initiative.org\\\/fr\\\/prezode-en-action-dans-les-pays-du-sud\\\/#breadcrumb\"},\"inLanguage\":\"fr-FR\",\"potentialAction\":[{\"@type\":\"ReadAction\",\"target\":[\"https:\\\/\\\/prezode-initiative.org\\\/fr\\\/prezode-en-action-dans-les-pays-du-sud\\\/\"]}]},{\"@type\":\"ImageObject\",\"inLanguage\":\"fr-FR\",\"@id\":\"https:\\\/\\\/prezode-initiative.org\\\/fr\\\/prezode-en-action-dans-les-pays-du-sud\\\/#primaryimage\",\"url\":\"https:\\\/\\\/prezode-initiative.org\\\/wp-content\\\/uploads\\\/2025\\\/04\\\/LOGO-AFRICAM-PREACTS-CMNJ-1024x972.png\",\"contentUrl\":\"https:\\\/\\\/prezode-initiative.org\\\/wp-content\\\/uploads\\\/2025\\\/04\\\/LOGO-AFRICAM-PREACTS-CMNJ-1024x972.png\"},{\"@type\":\"BreadcrumbList\",\"@id\":\"https:\\\/\\\/prezode-initiative.org\\\/fr\\\/prezode-en-action-dans-les-pays-du-sud\\\/#breadcrumb\",\"itemListElement\":[{\"@type\":\"ListItem\",\"position\":1,\"name\":\"Home\",\"item\":\"https:\\\/\\\/prezode-initiative.org\\\/fr\\\/\"},{\"@type\":\"ListItem\",\"position\":2,\"name\":\"PREZODE en action dans les pays du Sud\"}]},{\"@type\":\"WebSite\",\"@id\":\"https:\\\/\\\/prezode-initiative.org\\\/fr\\\/#website\",\"url\":\"https:\\\/\\\/prezode-initiative.org\\\/fr\\\/\",\"name\":\"Prezode\",\"description\":\"\",\"publisher\":{\"@id\":\"https:\\\/\\\/prezode-initiative.org\\\/fr\\\/#organization\"},\"potentialAction\":[{\"@type\":\"SearchAction\",\"target\":{\"@type\":\"EntryPoint\",\"urlTemplate\":\"https:\\\/\\\/prezode-initiative.org\\\/fr\\\/?s={search_term_string}\"},\"query-input\":{\"@type\":\"PropertyValueSpecification\",\"valueRequired\":true,\"valueName\":\"search_term_string\"}}],\"inLanguage\":\"fr-FR\"},{\"@type\":\"Organization\",\"@id\":\"https:\\\/\\\/prezode-initiative.org\\\/fr\\\/#organization\",\"name\":\"Prezode\",\"url\":\"https:\\\/\\\/prezode-initiative.org\\\/fr\\\/\",\"logo\":{\"@type\":\"ImageObject\",\"inLanguage\":\"fr-FR\",\"@id\":\"https:\\\/\\\/prezode-initiative.org\\\/fr\\\/#\\\/schema\\\/logo\\\/image\\\/\",\"url\":\"https:\\\/\\\/prezode-initiative.org\\\/wp-content\\\/uploads\\\/2025\\\/02\\\/logo.png\",\"contentUrl\":\"https:\\\/\\\/prezode-initiative.org\\\/wp-content\\\/uploads\\\/2025\\\/02\\\/logo.png\",\"width\":168,\"height\":118,\"caption\":\"Prezode\"},\"image\":{\"@id\":\"https:\\\/\\\/prezode-initiative.org\\\/fr\\\/#\\\/schema\\\/logo\\\/image\\\/\"}}]}<\/script>\n<!-- \/ Yoast SEO plugin. -->","yoast_head_json":{"title":"PREZODE en action dans les pays du Sud - Prezode.","description":"PREACTS est le premier programme op\u00e9rationnel international men\u00e9 sous l'\u00e9gide de PREZODE. Ce programme, financ\u00e9 par l'Agence Fran\u00e7aise de D\u00e9veloppement (AFD) pour un montant total de 30 millions d'euros, comprend trois projets : AFRICAM (2023-2026), ASAMCO (2024-2028), et ASEACA (2025-2029, en co-conception).","robots":{"index":"index","follow":"follow","max-snippet":"max-snippet:-1","max-image-preview":"max-image-preview:large","max-video-preview":"max-video-preview:-1"},"canonical":"https:\/\/prezode-initiative.org\/fr\/prezode-en-action-dans-les-pays-du-sud\/","og_locale":"fr_FR","og_type":"article","og_title":"PREZODE en action dans les pays du Sud - Prezode.","og_description":"PREACTS est le premier programme op\u00e9rationnel international men\u00e9 sous l'\u00e9gide de PREZODE. Ce programme, financ\u00e9 par l'Agence Fran\u00e7aise de D\u00e9veloppement (AFD) pour un montant total de 30 millions d'euros, comprend trois projets : AFRICAM (2023-2026), ASAMCO (2024-2028), et ASEACA (2025-2029, en co-conception).","og_url":"https:\/\/prezode-initiative.org\/fr\/prezode-en-action-dans-les-pays-du-sud\/","og_site_name":"Prezode","article_modified_time":"2026-03-26T09:52:01+00:00","og_image":[{"width":1370,"height":940,"url":"https:\/\/prezode-initiative.org\/wp-content\/uploads\/2025\/04\/LOGO-AFRICAM-PREACTS-CMNJ-e1743607433605.png","type":"image\/png"}],"twitter_card":"summary_large_image","twitter_misc":{"Dur\u00e9e de lecture estim\u00e9e":"3 minute"},"schema":{"@context":"https:\/\/schema.org","@graph":[{"@type":"WebPage","@id":"https:\/\/prezode-initiative.org\/fr\/prezode-en-action-dans-les-pays-du-sud\/","url":"https:\/\/prezode-initiative.org\/fr\/prezode-en-action-dans-les-pays-du-sud\/","name":"PREZODE en action dans les pays du Sud - Prezode.","isPartOf":{"@id":"https:\/\/prezode-initiative.org\/fr\/#website"},"primaryImageOfPage":{"@id":"https:\/\/prezode-initiative.org\/fr\/prezode-en-action-dans-les-pays-du-sud\/#primaryimage"},"image":{"@id":"https:\/\/prezode-initiative.org\/fr\/prezode-en-action-dans-les-pays-du-sud\/#primaryimage"},"thumbnailUrl":"https:\/\/prezode-initiative.org\/wp-content\/uploads\/2025\/04\/LOGO-AFRICAM-PREACTS-CMNJ-1024x972.png","datePublished":"2025-03-13T10:44:40+00:00","dateModified":"2026-03-26T09:52:01+00:00","description":"PREACTS est le premier programme op\u00e9rationnel international men\u00e9 sous l'\u00e9gide de PREZODE. Ce programme, financ\u00e9 par l'Agence Fran\u00e7aise de D\u00e9veloppement (AFD) pour un montant total de 30 millions d'euros, comprend trois projets : AFRICAM (2023-2026), ASAMCO (2024-2028), et ASEACA (2025-2029, en co-conception).","breadcrumb":{"@id":"https:\/\/prezode-initiative.org\/fr\/prezode-en-action-dans-les-pays-du-sud\/#breadcrumb"},"inLanguage":"fr-FR","potentialAction":[{"@type":"ReadAction","target":["https:\/\/prezode-initiative.org\/fr\/prezode-en-action-dans-les-pays-du-sud\/"]}]},{"@type":"ImageObject","inLanguage":"fr-FR","@id":"https:\/\/prezode-initiative.org\/fr\/prezode-en-action-dans-les-pays-du-sud\/#primaryimage","url":"https:\/\/prezode-initiative.org\/wp-content\/uploads\/2025\/04\/LOGO-AFRICAM-PREACTS-CMNJ-1024x972.png","contentUrl":"https:\/\/prezode-initiative.org\/wp-content\/uploads\/2025\/04\/LOGO-AFRICAM-PREACTS-CMNJ-1024x972.png"},{"@type":"BreadcrumbList","@id":"https:\/\/prezode-initiative.org\/fr\/prezode-en-action-dans-les-pays-du-sud\/#breadcrumb","itemListElement":[{"@type":"ListItem","position":1,"name":"Home","item":"https:\/\/prezode-initiative.org\/fr\/"},{"@type":"ListItem","position":2,"name":"PREZODE en action dans les pays du Sud"}]},{"@type":"WebSite","@id":"https:\/\/prezode-initiative.org\/fr\/#website","url":"https:\/\/prezode-initiative.org\/fr\/","name":"Prezode","description":"","publisher":{"@id":"https:\/\/prezode-initiative.org\/fr\/#organization"},"potentialAction":[{"@type":"SearchAction","target":{"@type":"EntryPoint","urlTemplate":"https:\/\/prezode-initiative.org\/fr\/?s={search_term_string}"},"query-input":{"@type":"PropertyValueSpecification","valueRequired":true,"valueName":"search_term_string"}}],"inLanguage":"fr-FR"},{"@type":"Organization","@id":"https:\/\/prezode-initiative.org\/fr\/#organization","name":"Prezode","url":"https:\/\/prezode-initiative.org\/fr\/","logo":{"@type":"ImageObject","inLanguage":"fr-FR","@id":"https:\/\/prezode-initiative.org\/fr\/#\/schema\/logo\/image\/","url":"https:\/\/prezode-initiative.org\/wp-content\/uploads\/2025\/02\/logo.png","contentUrl":"https:\/\/prezode-initiative.org\/wp-content\/uploads\/2025\/02\/logo.png","width":168,"height":118,"caption":"Prezode"},"image":{"@id":"https:\/\/prezode-initiative.org\/fr\/#\/schema\/logo\/image\/"}}]}},"_links":{"self":[{"href":"https:\/\/prezode-initiative.org\/fr\/wp-json\/wp\/v2\/pages\/4563","targetHints":{"allow":["GET"]}}],"collection":[{"href":"https:\/\/prezode-initiative.org\/fr\/wp-json\/wp\/v2\/pages"}],"about":[{"href":"https:\/\/prezode-initiative.org\/fr\/wp-json\/wp\/v2\/types\/page"}],"author":[{"embeddable":true,"href":"https:\/\/prezode-initiative.org\/fr\/wp-json\/wp\/v2\/users\/1"}],"replies":[{"embeddable":true,"href":"https:\/\/prezode-initiative.org\/fr\/wp-json\/wp\/v2\/comments?post=4563"}],"version-history":[{"count":4,"href":"https:\/\/prezode-initiative.org\/fr\/wp-json\/wp\/v2\/pages\/4563\/revisions"}],"predecessor-version":[{"id":6133,"href":"https:\/\/prezode-initiative.org\/fr\/wp-json\/wp\/v2\/pages\/4563\/revisions\/6133"}],"wp:attachment":[{"href":"https:\/\/prezode-initiative.org\/fr\/wp-json\/wp\/v2\/media?parent=4563"}],"curies":[{"name":"wp","href":"https:\/\/api.w.org\/{rel}","templated":true}]}}