{"id":4549,"date":"2025-03-13T11:42:21","date_gmt":"2025-03-13T10:42:21","guid":{"rendered":"https:\/\/prezode-initiative.org\/le-groupe-de-travail-international-sur-les-donnees\/"},"modified":"2026-03-26T10:51:48","modified_gmt":"2026-03-26T09:51:48","slug":"le-groupe-de-travail-international-sur-les-donnees","status":"publish","type":"page","link":"https:\/\/prezode-initiative.org\/fr\/le-groupe-de-travail-international-sur-les-donnees\/","title":{"rendered":"Le groupe de travail international sur les donn\u00e9es"},"content":{"rendered":"\n<p><\/p>\n\n<h2 class=\"wp-block-heading\"><strong>Dans le cadre des actions cl\u00e9s de PREZODE visant \u00e0 pr\u00e9venir les maladies zoonotiques \u00e9mergentes, le d\u00e9veloppement d&rsquo;une plateforme internationale est une priorit\u00e9 strat\u00e9gique. Le groupe de travail international sur les donn\u00e9es (IDWG) a \u00e9t\u00e9 cr\u00e9\u00e9 en septembre 2024 \u00e0 cette fin. <\/strong><\/h2>\n\n<p><\/p>\n\n<p>Les membres de l&rsquo;IDWG apportent leur expertise en mati\u00e8re de gestion et d&rsquo;analyse des donn\u00e9es dans le cadre de l&rsquo;approche \u00ab\u00a0Une seule sant\u00e9\u00a0\u00bb. Ils repr\u00e9sentent des organisations internationales, des universit\u00e9s, des centres de recherche, le secteur priv\u00e9 et des gouvernements. Initialement compos\u00e9 de 25 sp\u00e9cialistes du monde entier, le groupe a connu le succ\u00e8s et continue de se d\u00e9velopper avec un nombre croissant d&rsquo;experts. Au 31 mars 2025, l&rsquo;IDWG compte 57 participants actifs qui partagent leurs connaissances et leur engagement. Pour refl\u00e9ter cette \u00e9volution naturelle et cette expansion continue, le groupe a r\u00e9cemment adopt\u00e9 le nom IDWG-e (extended).<\/p>\n\n<h3 class=\"wp-block-heading has-tertiary-color has-text-color has-link-color wp-elements-0f0cc76e59456ff8cfac47265a45eb31\">Une communaut\u00e9 internationale et interdisciplinaire<\/h3>\n\n<p>IDWG-e a adopt\u00e9 une approche hautement participative qui incorpore des techniques d&rsquo;exp\u00e9rience UX et des m\u00e9thodologies agiles. Gr\u00e2ce \u00e0 un syst\u00e8me de copr\u00e9sidents b\u00e9n\u00e9voles, \u00e0 une collaboration it\u00e9rative et \u00e0 des groupes de travail dynamiques, l&rsquo;\u00e9quipe est en mesure de tirer le meilleur parti des contributions de chaque sp\u00e9cialiste en fonction de sa disponibilit\u00e9 et de ses int\u00e9r\u00eats. Toutes les propositions et tous les d\u00e9veloppements sont partag\u00e9s lors de r\u00e9unions pl\u00e9ni\u00e8res afin de garantir une vision globale et coh\u00e9rente.<br\/>IDWG-e est con\u00e7u comme un espace ouvert et dynamique o\u00f9 tout expert int\u00e9ress\u00e9 peut rejoindre le groupe et contribuer en fonction de sa disponibilit\u00e9 et de son expertise. Il comprend des sp\u00e9cialistes des cinq groupes de travail piliers de PREZODE, ainsi que d&rsquo;autres experts de PREZODE qui ont choisi de participer activement au d\u00e9veloppement de la plateforme, renfor\u00e7ant ainsi un r\u00e9seau de collaboration en constante expansion.   <\/p>\n\n<h3 class=\"wp-block-heading has-tertiary-color has-text-color has-link-color wp-elements-55b1b0ad852a156e5ff4a90cc031816f\">Premi\u00e8re \u00e9tape de la future plateforme de donn\u00e9es de PREZODE<\/h3>\n\n<p>Sur la base des besoins identifi\u00e9s entre 2021 et 2024 gr\u00e2ce \u00e0 un effort collectif et aux ateliers r\u00e9gionaux et scientifiques de PREZODE, le groupe a \u00e9labor\u00e9 une m\u00e9thodologie solide. En f\u00e9vrier 2025, IDWG-e a pr\u00e9sent\u00e9 au Comit\u00e9 de pilotage le cadre conceptuel de la future plateforme de donn\u00e9es de PREZODE, marquant ainsi une \u00e9tape cl\u00e9 dans la cr\u00e9ation d&rsquo;un outil mondial de pr\u00e9vention des maladies zoonotiques \u00e9mergentes.<br\/>Gr\u00e2ce \u00e0 l&rsquo;engagement de ses membres et au soutien de la communaut\u00e9 internationale, IDWG-e continuera d&rsquo;\u00e9voluer, transformant la vision d&rsquo;une plateforme mondiale en une r\u00e9alit\u00e9 concr\u00e8te pour le b\u00e9n\u00e9fice de tous. <\/p>\n\n<p><\/p>\n\n<p><\/p>\n\n<p><\/p>\n","protected":false},"excerpt":{"rendered":"<p>Dans le cadre des actions cl\u00e9s de PREZODE visant \u00e0 pr\u00e9venir les maladies zoonotiques \u00e9mergentes, le d\u00e9veloppement d&rsquo;une plateforme internationale est une priorit\u00e9 strat\u00e9gique. Le groupe de travail international sur les donn\u00e9es (IDWG) a \u00e9t\u00e9 cr\u00e9\u00e9 en septembre 2024 \u00e0 cette fin. Les membres de l&rsquo;IDWG apportent leur expertise en mati\u00e8re de gestion et d&rsquo;analyse<a href=\"https:\/\/prezode-initiative.org\/fr\/le-groupe-de-travail-international-sur-les-donnees\/\">Continue reading <span class=\"sr-only\">\u00ab\u00a0Le groupe de travail international sur les donn\u00e9es\u00a0\u00bb<\/span><\/a><\/p>\n","protected":false},"author":1,"featured_media":0,"parent":0,"menu_order":0,"comment_status":"closed","ping_status":"closed","template":"template-pages\/article-page.php","meta":{"_acf_changed":false,"footnotes":""},"class_list":["post-4549","page","type-page","status-publish","hentry"],"acf":[],"yoast_head":"<!-- This site is optimized with the Yoast SEO plugin v27.6 - https:\/\/yoast.com\/product\/yoast-seo-wordpress\/ -->\n<title>Le groupe de travail international sur les donn\u00e9es - Prezode.<\/title>\n<meta name=\"description\" content=\"Dans le cadre des actions cl\u00e9s de PREZODE visant \u00e0 pr\u00e9venir les maladies zoonotiques \u00e9mergentes, le d\u00e9veloppement d&#039;une plateforme internationale est une priorit\u00e9 strat\u00e9gique. Le groupe de travail international sur les donn\u00e9es (IDWG) a \u00e9t\u00e9 cr\u00e9\u00e9 en septembre 2024 \u00e0 cette fin.\" \/>\n<meta name=\"robots\" content=\"index, follow, max-snippet:-1, max-image-preview:large, max-video-preview:-1\" \/>\n<link rel=\"canonical\" href=\"https:\/\/prezode-initiative.org\/fr\/le-groupe-de-travail-international-sur-les-donnees\/\" \/>\n<meta property=\"og:locale\" content=\"fr_FR\" \/>\n<meta property=\"og:type\" content=\"article\" \/>\n<meta property=\"og:title\" content=\"Le groupe de travail international sur les donn\u00e9es - Prezode.\" \/>\n<meta property=\"og:description\" content=\"Dans le cadre des actions cl\u00e9s de PREZODE visant \u00e0 pr\u00e9venir les maladies zoonotiques \u00e9mergentes, le d\u00e9veloppement d&#039;une plateforme internationale est une priorit\u00e9 strat\u00e9gique. Le groupe de travail international sur les donn\u00e9es (IDWG) a \u00e9t\u00e9 cr\u00e9\u00e9 en septembre 2024 \u00e0 cette fin.\" \/>\n<meta property=\"og:url\" content=\"https:\/\/prezode-initiative.org\/fr\/le-groupe-de-travail-international-sur-les-donnees\/\" \/>\n<meta property=\"og:site_name\" content=\"Prezode\" \/>\n<meta property=\"article:modified_time\" content=\"2026-03-26T09:51:48+00:00\" \/>\n<meta name=\"twitter:card\" content=\"summary_large_image\" \/>\n<meta name=\"twitter:label1\" content=\"Dur\u00e9e de lecture estim\u00e9e\" \/>\n\t<meta name=\"twitter:data1\" content=\"2 minute\" \/>\n<script type=\"application\/ld+json\" class=\"yoast-schema-graph\">{\"@context\":\"https:\\\/\\\/schema.org\",\"@graph\":[{\"@type\":\"WebPage\",\"@id\":\"https:\\\/\\\/prezode-initiative.org\\\/fr\\\/le-groupe-de-travail-international-sur-les-donnees\\\/\",\"url\":\"https:\\\/\\\/prezode-initiative.org\\\/fr\\\/le-groupe-de-travail-international-sur-les-donnees\\\/\",\"name\":\"Le groupe de travail international sur les donn\u00e9es - Prezode.\",\"isPartOf\":{\"@id\":\"https:\\\/\\\/prezode-initiative.org\\\/fr\\\/#website\"},\"datePublished\":\"2025-03-13T10:42:21+00:00\",\"dateModified\":\"2026-03-26T09:51:48+00:00\",\"description\":\"Dans le cadre des actions cl\u00e9s de PREZODE visant \u00e0 pr\u00e9venir les maladies zoonotiques \u00e9mergentes, le d\u00e9veloppement d'une plateforme internationale est une priorit\u00e9 strat\u00e9gique. Le groupe de travail international sur les donn\u00e9es (IDWG) a \u00e9t\u00e9 cr\u00e9\u00e9 en septembre 2024 \u00e0 cette fin.\",\"breadcrumb\":{\"@id\":\"https:\\\/\\\/prezode-initiative.org\\\/fr\\\/le-groupe-de-travail-international-sur-les-donnees\\\/#breadcrumb\"},\"inLanguage\":\"fr-FR\",\"potentialAction\":[{\"@type\":\"ReadAction\",\"target\":[\"https:\\\/\\\/prezode-initiative.org\\\/fr\\\/le-groupe-de-travail-international-sur-les-donnees\\\/\"]}]},{\"@type\":\"BreadcrumbList\",\"@id\":\"https:\\\/\\\/prezode-initiative.org\\\/fr\\\/le-groupe-de-travail-international-sur-les-donnees\\\/#breadcrumb\",\"itemListElement\":[{\"@type\":\"ListItem\",\"position\":1,\"name\":\"Home\",\"item\":\"https:\\\/\\\/prezode-initiative.org\\\/fr\\\/\"},{\"@type\":\"ListItem\",\"position\":2,\"name\":\"Le groupe de travail international sur les donn\u00e9es\"}]},{\"@type\":\"WebSite\",\"@id\":\"https:\\\/\\\/prezode-initiative.org\\\/fr\\\/#website\",\"url\":\"https:\\\/\\\/prezode-initiative.org\\\/fr\\\/\",\"name\":\"Prezode\",\"description\":\"\",\"publisher\":{\"@id\":\"https:\\\/\\\/prezode-initiative.org\\\/fr\\\/#organization\"},\"potentialAction\":[{\"@type\":\"SearchAction\",\"target\":{\"@type\":\"EntryPoint\",\"urlTemplate\":\"https:\\\/\\\/prezode-initiative.org\\\/fr\\\/?s={search_term_string}\"},\"query-input\":{\"@type\":\"PropertyValueSpecification\",\"valueRequired\":true,\"valueName\":\"search_term_string\"}}],\"inLanguage\":\"fr-FR\"},{\"@type\":\"Organization\",\"@id\":\"https:\\\/\\\/prezode-initiative.org\\\/fr\\\/#organization\",\"name\":\"Prezode\",\"url\":\"https:\\\/\\\/prezode-initiative.org\\\/fr\\\/\",\"logo\":{\"@type\":\"ImageObject\",\"inLanguage\":\"fr-FR\",\"@id\":\"https:\\\/\\\/prezode-initiative.org\\\/fr\\\/#\\\/schema\\\/logo\\\/image\\\/\",\"url\":\"https:\\\/\\\/prezode-initiative.org\\\/wp-content\\\/uploads\\\/2025\\\/02\\\/logo.png\",\"contentUrl\":\"https:\\\/\\\/prezode-initiative.org\\\/wp-content\\\/uploads\\\/2025\\\/02\\\/logo.png\",\"width\":168,\"height\":118,\"caption\":\"Prezode\"},\"image\":{\"@id\":\"https:\\\/\\\/prezode-initiative.org\\\/fr\\\/#\\\/schema\\\/logo\\\/image\\\/\"}}]}<\/script>\n<!-- \/ Yoast SEO plugin. -->","yoast_head_json":{"title":"Le groupe de travail international sur les donn\u00e9es - Prezode.","description":"Dans le cadre des actions cl\u00e9s de PREZODE visant \u00e0 pr\u00e9venir les maladies zoonotiques \u00e9mergentes, le d\u00e9veloppement d'une plateforme internationale est une priorit\u00e9 strat\u00e9gique. Le groupe de travail international sur les donn\u00e9es (IDWG) a \u00e9t\u00e9 cr\u00e9\u00e9 en septembre 2024 \u00e0 cette fin.","robots":{"index":"index","follow":"follow","max-snippet":"max-snippet:-1","max-image-preview":"max-image-preview:large","max-video-preview":"max-video-preview:-1"},"canonical":"https:\/\/prezode-initiative.org\/fr\/le-groupe-de-travail-international-sur-les-donnees\/","og_locale":"fr_FR","og_type":"article","og_title":"Le groupe de travail international sur les donn\u00e9es - Prezode.","og_description":"Dans le cadre des actions cl\u00e9s de PREZODE visant \u00e0 pr\u00e9venir les maladies zoonotiques \u00e9mergentes, le d\u00e9veloppement d'une plateforme internationale est une priorit\u00e9 strat\u00e9gique. Le groupe de travail international sur les donn\u00e9es (IDWG) a \u00e9t\u00e9 cr\u00e9\u00e9 en septembre 2024 \u00e0 cette fin.","og_url":"https:\/\/prezode-initiative.org\/fr\/le-groupe-de-travail-international-sur-les-donnees\/","og_site_name":"Prezode","article_modified_time":"2026-03-26T09:51:48+00:00","twitter_card":"summary_large_image","twitter_misc":{"Dur\u00e9e de lecture estim\u00e9e":"2 minute"},"schema":{"@context":"https:\/\/schema.org","@graph":[{"@type":"WebPage","@id":"https:\/\/prezode-initiative.org\/fr\/le-groupe-de-travail-international-sur-les-donnees\/","url":"https:\/\/prezode-initiative.org\/fr\/le-groupe-de-travail-international-sur-les-donnees\/","name":"Le groupe de travail international sur les donn\u00e9es - Prezode.","isPartOf":{"@id":"https:\/\/prezode-initiative.org\/fr\/#website"},"datePublished":"2025-03-13T10:42:21+00:00","dateModified":"2026-03-26T09:51:48+00:00","description":"Dans le cadre des actions cl\u00e9s de PREZODE visant \u00e0 pr\u00e9venir les maladies zoonotiques \u00e9mergentes, le d\u00e9veloppement d'une plateforme internationale est une priorit\u00e9 strat\u00e9gique. Le groupe de travail international sur les donn\u00e9es (IDWG) a \u00e9t\u00e9 cr\u00e9\u00e9 en septembre 2024 \u00e0 cette fin.","breadcrumb":{"@id":"https:\/\/prezode-initiative.org\/fr\/le-groupe-de-travail-international-sur-les-donnees\/#breadcrumb"},"inLanguage":"fr-FR","potentialAction":[{"@type":"ReadAction","target":["https:\/\/prezode-initiative.org\/fr\/le-groupe-de-travail-international-sur-les-donnees\/"]}]},{"@type":"BreadcrumbList","@id":"https:\/\/prezode-initiative.org\/fr\/le-groupe-de-travail-international-sur-les-donnees\/#breadcrumb","itemListElement":[{"@type":"ListItem","position":1,"name":"Home","item":"https:\/\/prezode-initiative.org\/fr\/"},{"@type":"ListItem","position":2,"name":"Le groupe de travail international sur les donn\u00e9es"}]},{"@type":"WebSite","@id":"https:\/\/prezode-initiative.org\/fr\/#website","url":"https:\/\/prezode-initiative.org\/fr\/","name":"Prezode","description":"","publisher":{"@id":"https:\/\/prezode-initiative.org\/fr\/#organization"},"potentialAction":[{"@type":"SearchAction","target":{"@type":"EntryPoint","urlTemplate":"https:\/\/prezode-initiative.org\/fr\/?s={search_term_string}"},"query-input":{"@type":"PropertyValueSpecification","valueRequired":true,"valueName":"search_term_string"}}],"inLanguage":"fr-FR"},{"@type":"Organization","@id":"https:\/\/prezode-initiative.org\/fr\/#organization","name":"Prezode","url":"https:\/\/prezode-initiative.org\/fr\/","logo":{"@type":"ImageObject","inLanguage":"fr-FR","@id":"https:\/\/prezode-initiative.org\/fr\/#\/schema\/logo\/image\/","url":"https:\/\/prezode-initiative.org\/wp-content\/uploads\/2025\/02\/logo.png","contentUrl":"https:\/\/prezode-initiative.org\/wp-content\/uploads\/2025\/02\/logo.png","width":168,"height":118,"caption":"Prezode"},"image":{"@id":"https:\/\/prezode-initiative.org\/fr\/#\/schema\/logo\/image\/"}}]}},"_links":{"self":[{"href":"https:\/\/prezode-initiative.org\/fr\/wp-json\/wp\/v2\/pages\/4549","targetHints":{"allow":["GET"]}}],"collection":[{"href":"https:\/\/prezode-initiative.org\/fr\/wp-json\/wp\/v2\/pages"}],"about":[{"href":"https:\/\/prezode-initiative.org\/fr\/wp-json\/wp\/v2\/types\/page"}],"author":[{"embeddable":true,"href":"https:\/\/prezode-initiative.org\/fr\/wp-json\/wp\/v2\/users\/1"}],"replies":[{"embeddable":true,"href":"https:\/\/prezode-initiative.org\/fr\/wp-json\/wp\/v2\/comments?post=4549"}],"version-history":[{"count":2,"href":"https:\/\/prezode-initiative.org\/fr\/wp-json\/wp\/v2\/pages\/4549\/revisions"}],"predecessor-version":[{"id":4552,"href":"https:\/\/prezode-initiative.org\/fr\/wp-json\/wp\/v2\/pages\/4549\/revisions\/4552"}],"wp:attachment":[{"href":"https:\/\/prezode-initiative.org\/fr\/wp-json\/wp\/v2\/media?parent=4549"}],"curies":[{"name":"wp","href":"https:\/\/api.w.org\/{rel}","templated":true}]}}