{"id":4539,"date":"2025-03-13T11:42:09","date_gmt":"2025-03-13T10:42:09","guid":{"rendered":"https:\/\/prezode-initiative.org\/les-groupes-de-travail-du-pilier\/"},"modified":"2026-03-27T11:02:51","modified_gmt":"2026-03-27T10:02:51","slug":"les-groupes-de-travail-du-pilier","status":"publish","type":"page","link":"https:\/\/prezode-initiative.org\/fr\/les-groupes-de-travail-du-pilier\/","title":{"rendered":"Les groupes de travail du pilier"},"content":{"rendered":"\n<h2 class=\"wp-block-heading\">L&rsquo;initiative PREZODE a mis en place cinq groupes de travail piliers (GTP), chacun compos\u00e9 d&rsquo;experts de diverses disciplines et secteurs de la communaut\u00e9 scientifique, afin de contribuer \u00e0 la r\u00e9alisation des cinq piliers des objectifs et missions de PREZODE, tels qu&rsquo;ils sont pr\u00e9sent\u00e9s dans l&rsquo;agenda strat\u00e9gique.<\/h2>\n\n<p><\/p>\n\n<p>L&rsquo;objectif principal des GTP est de r\u00e9unir des experts comp\u00e9tents pour \u00e9laborer en collaboration des recommandations et des actions communes. Ce processus de co-cr\u00e9ation vise \u00e0 aider les organisations internationales et les pays du monde entier \u00e0 pr\u00e9venir l&rsquo;\u00e9mergence de maladies zoonotiques. L&rsquo;un des principaux objectifs de ces groupes est donc d&rsquo;actualiser et de r\u00e9viser, le cas \u00e9ch\u00e9ant, la liste des besoins op\u00e9rationnels et des lacunes en mati\u00e8re de recherche pr\u00e9sent\u00e9s dans l&rsquo;agenda strat\u00e9gique PREZODE.  <\/p>\n\n<h3 class=\"wp-block-heading\">Un cadre de recherche<\/h3>\n\n<p>Les GTP d\u00e9veloppent un cadre de recherche pour comprendre l&rsquo;\u00e9mergence des zoonoses dans le contexte des changements mondiaux, dans le but de mettre en \u0153uvre des programmes op\u00e9rationnels coh\u00e9rents. Ils identifient des actions concr\u00e8tes pour permettre le d\u00e9veloppement de strat\u00e9gies qui minimisent l&rsquo;exposition humaine aux agents pathog\u00e8nes zoonotiques sans avoir d&rsquo;impact n\u00e9gatif sur d&rsquo;autres dimensions de la sant\u00e9 publique, telles que la s\u00e9curit\u00e9 alimentaire et la nutrition. Enfin, ils \u00e9tablissent des synergies entre les GTP et avec diff\u00e9rents projets et initiatives dans le monde entier en encourageant les projets de recherche collaborative et en renfor\u00e7ant les activit\u00e9s du r\u00e9seau PREZODE.<br\/>Des objectifs sp\u00e9cifiques ont \u00e9t\u00e9 d\u00e9finis pour chaque GTP, comme suit :  <\/p>\n\n<figure class=\"wp-block-image size-large\"><img loading=\"lazy\" decoding=\"async\" width=\"1024\" height=\"576\" src=\"https:\/\/prezode-initiative.org\/wp-content\/uploads\/2025\/03\/PREZODE-PILLARS-1024x576.jpg\" alt=\"\" class=\"wp-image-657\" srcset=\"https:\/\/prezode-initiative.org\/wp-content\/uploads\/2025\/03\/PREZODE-PILLARS-1024x576.jpg 1024w, https:\/\/prezode-initiative.org\/wp-content\/uploads\/2025\/03\/PREZODE-PILLARS-300x169.jpg 300w, https:\/\/prezode-initiative.org\/wp-content\/uploads\/2025\/03\/PREZODE-PILLARS-768x432.jpg 768w, https:\/\/prezode-initiative.org\/wp-content\/uploads\/2025\/03\/PREZODE-PILLARS-1536x864.jpg 1536w, https:\/\/prezode-initiative.org\/wp-content\/uploads\/2025\/03\/PREZODE-PILLARS.jpg 1920w\" sizes=\"auto, (max-width: 1024px) 100vw, 1024px\" \/><\/figure>\n\n<p><\/p>\n\n<h3 class=\"wp-block-heading\"><strong>Pilier 1. Comprendre les risques zoonotiques et les activit\u00e9s \u00e0 risque <\/strong><\/h3>\n\n<ul class=\"wp-block-list\">\n<li>Comprendre les m\u00e9canismes et les moteurs de l&rsquo;\u00e9mergence des zoonoses.<\/li>\n\n\n\n<li>D\u00e9terminer ce qui constitue un risque d&rsquo;\u00e9mergence zoonotique.<\/li>\n\n\n\n<li>Identifier les strat\u00e9gies permettant d&rsquo;anticiper les risques et de r\u00e9duire la probabilit\u00e9 de retomb\u00e9es.<\/li>\n<\/ul>\n\n<p><\/p>\n\n<h3 class=\"wp-block-heading\"><strong>Pilier 2. Co-concevoir des solutions pour r\u00e9duire les risques zoonotiques <\/strong><\/h3>\n\n<ul class=\"wp-block-list\">\n<li>D\u00e9finir une solution \u00ab\u00a0Une seule sant\u00e9\u00a0\u00bb.<\/li>\n\n\n\n<li>Cartographier les m\u00e9thodologies de co-conception pour les strat\u00e9gies de r\u00e9duction des risques.<\/li>\n\n\n\n<li>Estimer le rapport co\u00fbt-efficacit\u00e9 d&rsquo;une solution \u00ab\u00a0One Health\u00a0\u00bb.<\/li>\n\n\n\n<li>Co-apprentissage\/co-formation des m\u00e9thodologies de co-conception.<\/li>\n<\/ul>\n\n<h3 class=\"wp-block-heading\"><strong>Pilier 3. Renforcer les syst\u00e8mes d&rsquo;alerte pr\u00e9coce pour d\u00e9tecter les risques zoonotiques <\/strong><\/h3>\n\n<ul class=\"wp-block-list\">\n<li>\u00c9valuation des syst\u00e8mes et pratiques de surveillance actuels : examen des syst\u00e8mes de surveillance op\u00e9rationnels et \u00e9valuation du rapport co\u00fbt-efficacit\u00e9 des syst\u00e8mes de surveillance.<\/li>\n\n\n\n<li>Cartographie des parties prenantes et analyse des perceptions des utilisateurs finaux.<\/li>\n\n\n\n<li>Innovation en mati\u00e8re d&rsquo;alerte pr\u00e9coce, de protocoles de surveillance et d&rsquo;outils de diagnostic.<\/li>\n<\/ul>\n\n<h3 class=\"wp-block-heading\"><strong>Pilier 4. Prototypage d&rsquo;un syst\u00e8me d&rsquo;information mondial pour la surveillance et la d\u00e9tection pr\u00e9coce <\/strong><\/h3>\n\n<ul class=\"wp-block-list\">\n<li>Identifier les obstacles et les lacunes potentiels \u00e0 chaque \u00e9tape du flux de donn\u00e9es, depuis la collecte des donn\u00e9es jusqu&rsquo;\u00e0 l&rsquo;analyse par l&rsquo;utilisateur final.<\/li>\n\n\n\n<li>Identifier les besoins des pays en mati\u00e8re de collecte et de partage de donn\u00e9es pour une surveillance multisectorielle concert\u00e9e visant \u00e0 pr\u00e9venir les MIE.<\/li>\n\n\n\n<li>\u00c9laborer des orientations claires sur la mani\u00e8re de renforcer l&rsquo;infrastructure pour l&rsquo;analyse des donn\u00e9es et l&rsquo;aide \u00e0 la prise de d\u00e9cision fond\u00e9e sur des donn\u00e9es probantes.<\/li>\n\n\n\n<li>Infrastructure de test.<\/li>\n<\/ul>\n\n<h3 class=\"wp-block-heading\"><strong>Pilier 5. Engager les parties prenantes et co-concevoir les r\u00e9seaux et les politiques \u00ab\u00a0Une seule sant\u00e9\u00a0\u00bb (transversal) <\/strong><\/h3>\n\n<ul class=\"wp-block-list\">\n<li>Engagement des parties prenantes, y compris les communaut\u00e9s et les organisations de la soci\u00e9t\u00e9 civile, et d\u00e9veloppement\/consolidation des r\u00e9seaux et des politiques de sant\u00e9, d\u00e9veloppement de plateformes pour un dialogue permanent entre les scientifiques, la soci\u00e9t\u00e9 et les d\u00e9cideurs, cartographie des acteurs cl\u00e9s.<\/li>\n\n\n\n<li>Ateliers et formations participatifs, approches innovantes en mati\u00e8re de sensibilisation.<\/li>\n\n\n\n<li>\u00c9valuation de la pr\u00e9vention One Health.<\/li>\n\n\n\n<li>Questions d&rsquo;\u00e9quit\u00e9.<\/li>\n\n\n\n<li>Promouvoir les approches \u00ab\u00a0Une seule sant\u00e9\u00a0\u00bb et la collaboration intersectorielle.<\/li>\n\n\n\n<li>Soutenez la strat\u00e9gie PREZODE.<\/li>\n<\/ul>\n\n<p><\/p>\n","protected":false},"excerpt":{"rendered":"<p>L&rsquo;initiative PREZODE a mis en place cinq groupes de travail piliers (GTP), chacun compos\u00e9 d&rsquo;experts de diverses disciplines et secteurs de la communaut\u00e9 scientifique, afin de contribuer \u00e0 la r\u00e9alisation des cinq piliers des objectifs et missions de PREZODE, tels qu&rsquo;ils sont pr\u00e9sent\u00e9s dans l&rsquo;agenda strat\u00e9gique. L&rsquo;objectif principal des GTP est de r\u00e9unir des experts<a href=\"https:\/\/prezode-initiative.org\/fr\/les-groupes-de-travail-du-pilier\/\">Continue reading <span class=\"sr-only\">\u00ab\u00a0Les groupes de travail du pilier\u00a0\u00bb<\/span><\/a><\/p>\n","protected":false},"author":1,"featured_media":0,"parent":0,"menu_order":0,"comment_status":"closed","ping_status":"closed","template":"template-pages\/article-page.php","meta":{"_acf_changed":false,"footnotes":""},"class_list":["post-4539","page","type-page","status-publish","hentry"],"acf":[],"yoast_head":"<!-- This site is optimized with the Yoast SEO plugin v27.6 - https:\/\/yoast.com\/product\/yoast-seo-wordpress\/ -->\n<title>Les groupes de travail du pilier - Prezode.<\/title>\n<meta name=\"robots\" content=\"index, follow, max-snippet:-1, max-image-preview:large, max-video-preview:-1\" \/>\n<link rel=\"canonical\" href=\"https:\/\/prezode-initiative.org\/fr\/les-groupes-de-travail-du-pilier\/\" \/>\n<meta property=\"og:locale\" content=\"fr_FR\" \/>\n<meta property=\"og:type\" content=\"article\" \/>\n<meta property=\"og:title\" content=\"Les groupes de travail du pilier - Prezode.\" \/>\n<meta property=\"og:description\" content=\"L&rsquo;initiative PREZODE a mis en place cinq groupes de travail piliers (GTP), chacun compos\u00e9 d&rsquo;experts de diverses disciplines et secteurs de la communaut\u00e9 scientifique, afin de contribuer \u00e0 la r\u00e9alisation des cinq piliers des objectifs et missions de PREZODE, tels qu&rsquo;ils sont pr\u00e9sent\u00e9s dans l&rsquo;agenda strat\u00e9gique. L&rsquo;objectif principal des GTP est de r\u00e9unir des expertsContinue reading &quot;Les groupes de travail du pilier&quot;\" \/>\n<meta property=\"og:url\" content=\"https:\/\/prezode-initiative.org\/fr\/les-groupes-de-travail-du-pilier\/\" \/>\n<meta property=\"og:site_name\" content=\"Prezode\" \/>\n<meta property=\"article:modified_time\" content=\"2026-03-27T10:02:51+00:00\" \/>\n<meta property=\"og:image\" content=\"https:\/\/prezode-initiative.org\/wp-content\/uploads\/2025\/03\/PREZODE-PILLARS.jpg\" \/>\n\t<meta property=\"og:image:width\" content=\"1920\" \/>\n\t<meta property=\"og:image:height\" content=\"1080\" \/>\n\t<meta property=\"og:image:type\" content=\"image\/jpeg\" \/>\n<meta name=\"twitter:card\" content=\"summary_large_image\" \/>\n<meta name=\"twitter:label1\" content=\"Dur\u00e9e de lecture estim\u00e9e\" \/>\n\t<meta name=\"twitter:data1\" content=\"3 minute\" \/>\n<script type=\"application\/ld+json\" class=\"yoast-schema-graph\">{\"@context\":\"https:\\\/\\\/schema.org\",\"@graph\":[{\"@type\":\"WebPage\",\"@id\":\"https:\\\/\\\/prezode-initiative.org\\\/fr\\\/les-groupes-de-travail-du-pilier\\\/\",\"url\":\"https:\\\/\\\/prezode-initiative.org\\\/fr\\\/les-groupes-de-travail-du-pilier\\\/\",\"name\":\"Les groupes de travail du pilier - Prezode.\",\"isPartOf\":{\"@id\":\"https:\\\/\\\/prezode-initiative.org\\\/fr\\\/#website\"},\"primaryImageOfPage\":{\"@id\":\"https:\\\/\\\/prezode-initiative.org\\\/fr\\\/les-groupes-de-travail-du-pilier\\\/#primaryimage\"},\"image\":{\"@id\":\"https:\\\/\\\/prezode-initiative.org\\\/fr\\\/les-groupes-de-travail-du-pilier\\\/#primaryimage\"},\"thumbnailUrl\":\"https:\\\/\\\/prezode-initiative.org\\\/wp-content\\\/uploads\\\/2025\\\/03\\\/PREZODE-PILLARS-1024x576.jpg\",\"datePublished\":\"2025-03-13T10:42:09+00:00\",\"dateModified\":\"2026-03-27T10:02:51+00:00\",\"breadcrumb\":{\"@id\":\"https:\\\/\\\/prezode-initiative.org\\\/fr\\\/les-groupes-de-travail-du-pilier\\\/#breadcrumb\"},\"inLanguage\":\"fr-FR\",\"potentialAction\":[{\"@type\":\"ReadAction\",\"target\":[\"https:\\\/\\\/prezode-initiative.org\\\/fr\\\/les-groupes-de-travail-du-pilier\\\/\"]}]},{\"@type\":\"ImageObject\",\"inLanguage\":\"fr-FR\",\"@id\":\"https:\\\/\\\/prezode-initiative.org\\\/fr\\\/les-groupes-de-travail-du-pilier\\\/#primaryimage\",\"url\":\"https:\\\/\\\/prezode-initiative.org\\\/wp-content\\\/uploads\\\/2025\\\/03\\\/PREZODE-PILLARS-1024x576.jpg\",\"contentUrl\":\"https:\\\/\\\/prezode-initiative.org\\\/wp-content\\\/uploads\\\/2025\\\/03\\\/PREZODE-PILLARS-1024x576.jpg\"},{\"@type\":\"BreadcrumbList\",\"@id\":\"https:\\\/\\\/prezode-initiative.org\\\/fr\\\/les-groupes-de-travail-du-pilier\\\/#breadcrumb\",\"itemListElement\":[{\"@type\":\"ListItem\",\"position\":1,\"name\":\"Home\",\"item\":\"https:\\\/\\\/prezode-initiative.org\\\/fr\\\/\"},{\"@type\":\"ListItem\",\"position\":2,\"name\":\"Les groupes de travail du pilier\"}]},{\"@type\":\"WebSite\",\"@id\":\"https:\\\/\\\/prezode-initiative.org\\\/fr\\\/#website\",\"url\":\"https:\\\/\\\/prezode-initiative.org\\\/fr\\\/\",\"name\":\"Prezode\",\"description\":\"\",\"publisher\":{\"@id\":\"https:\\\/\\\/prezode-initiative.org\\\/fr\\\/#organization\"},\"potentialAction\":[{\"@type\":\"SearchAction\",\"target\":{\"@type\":\"EntryPoint\",\"urlTemplate\":\"https:\\\/\\\/prezode-initiative.org\\\/fr\\\/?s={search_term_string}\"},\"query-input\":{\"@type\":\"PropertyValueSpecification\",\"valueRequired\":true,\"valueName\":\"search_term_string\"}}],\"inLanguage\":\"fr-FR\"},{\"@type\":\"Organization\",\"@id\":\"https:\\\/\\\/prezode-initiative.org\\\/fr\\\/#organization\",\"name\":\"Prezode\",\"url\":\"https:\\\/\\\/prezode-initiative.org\\\/fr\\\/\",\"logo\":{\"@type\":\"ImageObject\",\"inLanguage\":\"fr-FR\",\"@id\":\"https:\\\/\\\/prezode-initiative.org\\\/fr\\\/#\\\/schema\\\/logo\\\/image\\\/\",\"url\":\"https:\\\/\\\/prezode-initiative.org\\\/wp-content\\\/uploads\\\/2025\\\/02\\\/logo.png\",\"contentUrl\":\"https:\\\/\\\/prezode-initiative.org\\\/wp-content\\\/uploads\\\/2025\\\/02\\\/logo.png\",\"width\":168,\"height\":118,\"caption\":\"Prezode\"},\"image\":{\"@id\":\"https:\\\/\\\/prezode-initiative.org\\\/fr\\\/#\\\/schema\\\/logo\\\/image\\\/\"}}]}<\/script>\n<!-- \/ Yoast SEO plugin. -->","yoast_head_json":{"title":"Les groupes de travail du pilier - Prezode.","robots":{"index":"index","follow":"follow","max-snippet":"max-snippet:-1","max-image-preview":"max-image-preview:large","max-video-preview":"max-video-preview:-1"},"canonical":"https:\/\/prezode-initiative.org\/fr\/les-groupes-de-travail-du-pilier\/","og_locale":"fr_FR","og_type":"article","og_title":"Les groupes de travail du pilier - Prezode.","og_description":"L&rsquo;initiative PREZODE a mis en place cinq groupes de travail piliers (GTP), chacun compos\u00e9 d&rsquo;experts de diverses disciplines et secteurs de la communaut\u00e9 scientifique, afin de contribuer \u00e0 la r\u00e9alisation des cinq piliers des objectifs et missions de PREZODE, tels qu&rsquo;ils sont pr\u00e9sent\u00e9s dans l&rsquo;agenda strat\u00e9gique. L&rsquo;objectif principal des GTP est de r\u00e9unir des expertsContinue reading \"Les groupes de travail du pilier\"","og_url":"https:\/\/prezode-initiative.org\/fr\/les-groupes-de-travail-du-pilier\/","og_site_name":"Prezode","article_modified_time":"2026-03-27T10:02:51+00:00","og_image":[{"width":1920,"height":1080,"url":"https:\/\/prezode-initiative.org\/wp-content\/uploads\/2025\/03\/PREZODE-PILLARS.jpg","type":"image\/jpeg"}],"twitter_card":"summary_large_image","twitter_misc":{"Dur\u00e9e de lecture estim\u00e9e":"3 minute"},"schema":{"@context":"https:\/\/schema.org","@graph":[{"@type":"WebPage","@id":"https:\/\/prezode-initiative.org\/fr\/les-groupes-de-travail-du-pilier\/","url":"https:\/\/prezode-initiative.org\/fr\/les-groupes-de-travail-du-pilier\/","name":"Les groupes de travail du pilier - Prezode.","isPartOf":{"@id":"https:\/\/prezode-initiative.org\/fr\/#website"},"primaryImageOfPage":{"@id":"https:\/\/prezode-initiative.org\/fr\/les-groupes-de-travail-du-pilier\/#primaryimage"},"image":{"@id":"https:\/\/prezode-initiative.org\/fr\/les-groupes-de-travail-du-pilier\/#primaryimage"},"thumbnailUrl":"https:\/\/prezode-initiative.org\/wp-content\/uploads\/2025\/03\/PREZODE-PILLARS-1024x576.jpg","datePublished":"2025-03-13T10:42:09+00:00","dateModified":"2026-03-27T10:02:51+00:00","breadcrumb":{"@id":"https:\/\/prezode-initiative.org\/fr\/les-groupes-de-travail-du-pilier\/#breadcrumb"},"inLanguage":"fr-FR","potentialAction":[{"@type":"ReadAction","target":["https:\/\/prezode-initiative.org\/fr\/les-groupes-de-travail-du-pilier\/"]}]},{"@type":"ImageObject","inLanguage":"fr-FR","@id":"https:\/\/prezode-initiative.org\/fr\/les-groupes-de-travail-du-pilier\/#primaryimage","url":"https:\/\/prezode-initiative.org\/wp-content\/uploads\/2025\/03\/PREZODE-PILLARS-1024x576.jpg","contentUrl":"https:\/\/prezode-initiative.org\/wp-content\/uploads\/2025\/03\/PREZODE-PILLARS-1024x576.jpg"},{"@type":"BreadcrumbList","@id":"https:\/\/prezode-initiative.org\/fr\/les-groupes-de-travail-du-pilier\/#breadcrumb","itemListElement":[{"@type":"ListItem","position":1,"name":"Home","item":"https:\/\/prezode-initiative.org\/fr\/"},{"@type":"ListItem","position":2,"name":"Les groupes de travail du pilier"}]},{"@type":"WebSite","@id":"https:\/\/prezode-initiative.org\/fr\/#website","url":"https:\/\/prezode-initiative.org\/fr\/","name":"Prezode","description":"","publisher":{"@id":"https:\/\/prezode-initiative.org\/fr\/#organization"},"potentialAction":[{"@type":"SearchAction","target":{"@type":"EntryPoint","urlTemplate":"https:\/\/prezode-initiative.org\/fr\/?s={search_term_string}"},"query-input":{"@type":"PropertyValueSpecification","valueRequired":true,"valueName":"search_term_string"}}],"inLanguage":"fr-FR"},{"@type":"Organization","@id":"https:\/\/prezode-initiative.org\/fr\/#organization","name":"Prezode","url":"https:\/\/prezode-initiative.org\/fr\/","logo":{"@type":"ImageObject","inLanguage":"fr-FR","@id":"https:\/\/prezode-initiative.org\/fr\/#\/schema\/logo\/image\/","url":"https:\/\/prezode-initiative.org\/wp-content\/uploads\/2025\/02\/logo.png","contentUrl":"https:\/\/prezode-initiative.org\/wp-content\/uploads\/2025\/02\/logo.png","width":168,"height":118,"caption":"Prezode"},"image":{"@id":"https:\/\/prezode-initiative.org\/fr\/#\/schema\/logo\/image\/"}}]}},"_links":{"self":[{"href":"https:\/\/prezode-initiative.org\/fr\/wp-json\/wp\/v2\/pages\/4539","targetHints":{"allow":["GET"]}}],"collection":[{"href":"https:\/\/prezode-initiative.org\/fr\/wp-json\/wp\/v2\/pages"}],"about":[{"href":"https:\/\/prezode-initiative.org\/fr\/wp-json\/wp\/v2\/types\/page"}],"author":[{"embeddable":true,"href":"https:\/\/prezode-initiative.org\/fr\/wp-json\/wp\/v2\/users\/1"}],"replies":[{"embeddable":true,"href":"https:\/\/prezode-initiative.org\/fr\/wp-json\/wp\/v2\/comments?post=4539"}],"version-history":[{"count":2,"href":"https:\/\/prezode-initiative.org\/fr\/wp-json\/wp\/v2\/pages\/4539\/revisions"}],"predecessor-version":[{"id":4542,"href":"https:\/\/prezode-initiative.org\/fr\/wp-json\/wp\/v2\/pages\/4539\/revisions\/4542"}],"wp:attachment":[{"href":"https:\/\/prezode-initiative.org\/fr\/wp-json\/wp\/v2\/media?parent=4539"}],"curies":[{"name":"wp","href":"https:\/\/api.w.org\/{rel}","templated":true}]}}