{"id":4305,"date":"2025-09-10T17:42:06","date_gmt":"2025-09-10T15:42:06","guid":{"rendered":"https:\/\/prezode-initiative.org\/the-one-health-initiatives-platform\/"},"modified":"2026-03-25T17:46:42","modified_gmt":"2026-03-25T16:46:42","slug":"the-one-health-initiatives-platform","status":"publish","type":"page","link":"https:\/\/prezode-initiative.org\/fr\/the-one-health-initiatives-platform\/","title":{"rendered":"La plateforme One Health Initiatives"},"content":{"rendered":"\n<p><\/p>\n\n<h2 class=\"wp-block-heading\"><strong><strong>Explorez une<\/strong>plateforme <strong><strong> interactive <\/strong><\/strong>qui r\u00e9pertorie les One Health Initiatives impliqu\u00e9es dans la pr\u00e9vention des zoonoses dans le monde entier. A <strong><strong><strong>base de donn\u00e9es unique d\u00e9velopp\u00e9e par<\/strong><\/strong><\/strong> <strong>PREZODE <\/strong>.  <\/strong><\/h2>\n\n<p><\/p>\n\n<div class=\"wp-block-buttons is-content-justification-center is-layout-flex wp-container-core-buttons-is-layout-16018d1d wp-block-buttons-is-layout-flex\">\n<div class=\"wp-block-button is-style-outline is-style-outline--1\"><a class=\"wp-block-button__link has-pz-orange-color has-text-color has-link-color has-text-align-center wp-element-button\" href=\"https:\/\/www.initiatives-prezode.com\/map-approaches.php?language=2\" target=\"_blank\" rel=\"noreferrer noopener\">Acc\u00e8s \u00e0 la <strong>plateforme One Health Initiatives<\/strong><\/a><\/div>\n<\/div>\n\n<p><\/p>\n\n<p>La plateforme \u00ab\u00a0One Health Initiatives\u00a0\u00bb pr\u00e9sente la r\u00e9partition g\u00e9ographique des activit\u00e9s, projets, programmes ou initiatives mondiaux<strong>(APPI)<\/strong> visant \u00e0 pr\u00e9venir ou \u00e0 r\u00e9duire les risques sanitaires \u00e9mergents gr\u00e2ce \u00e0 une approche \u00ab\u00a0One Health\u00a0\u00bb, reliant la sant\u00e9 humaine, animale et environnementale. Il permet de :<\/p>\n\n<ul class=\"wp-block-list\">\n<li>D\u00e9couvrez une <strong>carte interactive<\/strong> et une <strong>liste d&rsquo;<\/strong> initiatives One Health dans le monde entier.  <\/li>\n\n\n\n<li>D\u00e9couvrez les objectifs de chaque APPI, les secteurs dans lesquels elles travaillent, les pays dans lesquels elles op\u00e8rent et leurs partenaires.  <\/li>\n\n\n\n<li>Ajoutez ou mettez \u00e0 jour des informations sur les projets auxquels vous participez ou sur lesquels vous travaillez.  <\/li>\n\n\n\n<li>Rejoignez une communaut\u00e9 qui travaille \u00e0 la pr\u00e9vention des risques zoonotiques.<\/li>\n<\/ul>\n\n<h3 class=\"wp-block-heading\">Cartographie des activit\u00e9s, projets, programmes et initiatives \u00ab\u00a0Une seule sant\u00e9<\/h3>\n\n<p>Cette base de donn\u00e9es, r\u00e9guli\u00e8rement mise \u00e0 jour, pr\u00e9sente les principales caract\u00e9ristiques de chacune des initiatives qui s&rsquo;efforcent d&rsquo;aborder ou de r\u00e9duire les risques li\u00e9s au changement, qu&rsquo;il soit environnemental ou global, en adoptant l&rsquo;approche \u00ab\u00a0Une seule sant\u00e9\u00a0\u00bb. Les donn\u00e9es initiales sur les projets\/programmes\/initiatives pr\u00e9sent\u00e9s ici ont \u00e9t\u00e9 collect\u00e9es initialement via : <\/p>\n\n<ul class=\"wp-block-list\">\n<li>Une revue exhaustive de la litt\u00e9rature (Laury et al. en pr\u00e9paration).<\/li>\n\n\n\n<li>Les 27 <a href=\"https:\/\/prezode-initiative.org\/fr\/ateliers-de-co-construction\/\" target=\"_blank\" rel=\"noreferrer noopener\">ateliers<\/a> r\u00e9gionaux organis\u00e9s dans le cadre du processus de co-conception de PREZODE.<\/li>\n\n\n\n<li>Des entretiens semi-structur\u00e9s dans les pays et les r\u00e9gions actuellement en cours dans le cadre des programmes de recherche et de d\u00e9veloppement PREZODE et PREACTs.<\/li>\n<\/ul>\n\n<p><\/p>\n","protected":false},"excerpt":{"rendered":"<p>Explorez uneplateforme interactive qui r\u00e9pertorie les One Health Initiatives impliqu\u00e9es dans la pr\u00e9vention des zoonoses dans le monde entier. A base de donn\u00e9es unique d\u00e9velopp\u00e9e par PREZODE . La plateforme \u00ab\u00a0One Health Initiatives\u00a0\u00bb pr\u00e9sente la r\u00e9partition g\u00e9ographique des activit\u00e9s, projets, programmes ou initiatives mondiaux(APPI) visant \u00e0 pr\u00e9venir ou \u00e0 r\u00e9duire les risques sanitaires \u00e9mergents gr\u00e2ce<a href=\"https:\/\/prezode-initiative.org\/fr\/the-one-health-initiatives-platform\/\">Continue reading <span class=\"sr-only\">\u00ab\u00a0La plateforme One Health Initiatives\u00a0\u00bb<\/span><\/a><\/p>\n","protected":false},"author":2,"featured_media":3561,"parent":0,"menu_order":0,"comment_status":"closed","ping_status":"closed","template":"template-pages\/article-page.php","meta":{"_acf_changed":false,"footnotes":""},"class_list":["post-4305","page","type-page","status-publish","has-post-thumbnail","hentry"],"acf":[],"yoast_head":"<!-- This site is optimized with the Yoast SEO plugin v27.6 - https:\/\/yoast.com\/product\/yoast-seo-wordpress\/ -->\n<title>La plateforme One Health Initiatives - Prezode.<\/title>\n<meta name=\"robots\" content=\"index, follow, max-snippet:-1, max-image-preview:large, max-video-preview:-1\" \/>\n<link rel=\"canonical\" href=\"https:\/\/prezode-initiative.org\/fr\/the-one-health-initiatives-platform\/\" \/>\n<meta property=\"og:locale\" content=\"fr_FR\" \/>\n<meta property=\"og:type\" content=\"article\" \/>\n<meta property=\"og:title\" content=\"La plateforme One Health Initiatives - Prezode.\" \/>\n<meta property=\"og:description\" content=\"Explorez uneplateforme interactive qui r\u00e9pertorie les One Health Initiatives impliqu\u00e9es dans la pr\u00e9vention des zoonoses dans le monde entier. A base de donn\u00e9es unique d\u00e9velopp\u00e9e par PREZODE . La plateforme \u00ab\u00a0One Health Initiatives\u00a0\u00bb pr\u00e9sente la r\u00e9partition g\u00e9ographique des activit\u00e9s, projets, programmes ou initiatives mondiaux(APPI) visant \u00e0 pr\u00e9venir ou \u00e0 r\u00e9duire les risques sanitaires \u00e9mergents gr\u00e2ceContinue reading &quot;La plateforme One Health Initiatives&quot;\" \/>\n<meta property=\"og:url\" content=\"https:\/\/prezode-initiative.org\/fr\/the-one-health-initiatives-platform\/\" \/>\n<meta property=\"og:site_name\" content=\"Prezode\" \/>\n<meta property=\"article:modified_time\" content=\"2026-03-25T16:46:42+00:00\" \/>\n<meta property=\"og:image\" content=\"https:\/\/prezode-initiative.org\/wp-content\/uploads\/2025\/09\/Capture-decran-2025-09-05-161229.png\" \/>\n\t<meta property=\"og:image:width\" content=\"1186\" \/>\n\t<meta property=\"og:image:height\" content=\"716\" \/>\n\t<meta property=\"og:image:type\" content=\"image\/png\" \/>\n<meta name=\"twitter:card\" content=\"summary_large_image\" \/>\n<meta name=\"twitter:label1\" content=\"Dur\u00e9e de lecture estim\u00e9e\" \/>\n\t<meta name=\"twitter:data1\" content=\"2 minute\" \/>\n<script type=\"application\/ld+json\" class=\"yoast-schema-graph\">{\"@context\":\"https:\\\/\\\/schema.org\",\"@graph\":[{\"@type\":\"WebPage\",\"@id\":\"https:\\\/\\\/prezode-initiative.org\\\/fr\\\/the-one-health-initiatives-platform\\\/\",\"url\":\"https:\\\/\\\/prezode-initiative.org\\\/fr\\\/the-one-health-initiatives-platform\\\/\",\"name\":\"La plateforme One Health Initiatives - Prezode.\",\"isPartOf\":{\"@id\":\"https:\\\/\\\/prezode-initiative.org\\\/fr\\\/#website\"},\"primaryImageOfPage\":{\"@id\":\"https:\\\/\\\/prezode-initiative.org\\\/fr\\\/the-one-health-initiatives-platform\\\/#primaryimage\"},\"image\":{\"@id\":\"https:\\\/\\\/prezode-initiative.org\\\/fr\\\/the-one-health-initiatives-platform\\\/#primaryimage\"},\"thumbnailUrl\":\"https:\\\/\\\/prezode-initiative.org\\\/wp-content\\\/uploads\\\/2025\\\/09\\\/Capture-decran-2025-09-05-161229.png\",\"datePublished\":\"2025-09-10T15:42:06+00:00\",\"dateModified\":\"2026-03-25T16:46:42+00:00\",\"breadcrumb\":{\"@id\":\"https:\\\/\\\/prezode-initiative.org\\\/fr\\\/the-one-health-initiatives-platform\\\/#breadcrumb\"},\"inLanguage\":\"fr-FR\",\"potentialAction\":[{\"@type\":\"ReadAction\",\"target\":[\"https:\\\/\\\/prezode-initiative.org\\\/fr\\\/the-one-health-initiatives-platform\\\/\"]}]},{\"@type\":\"ImageObject\",\"inLanguage\":\"fr-FR\",\"@id\":\"https:\\\/\\\/prezode-initiative.org\\\/fr\\\/the-one-health-initiatives-platform\\\/#primaryimage\",\"url\":\"https:\\\/\\\/prezode-initiative.org\\\/wp-content\\\/uploads\\\/2025\\\/09\\\/Capture-decran-2025-09-05-161229.png\",\"contentUrl\":\"https:\\\/\\\/prezode-initiative.org\\\/wp-content\\\/uploads\\\/2025\\\/09\\\/Capture-decran-2025-09-05-161229.png\",\"width\":1186,\"height\":716,\"caption\":\"Mapping of One Health Activities, Projects, Programs, and Initiatives\"},{\"@type\":\"BreadcrumbList\",\"@id\":\"https:\\\/\\\/prezode-initiative.org\\\/fr\\\/the-one-health-initiatives-platform\\\/#breadcrumb\",\"itemListElement\":[{\"@type\":\"ListItem\",\"position\":1,\"name\":\"Home\",\"item\":\"https:\\\/\\\/prezode-initiative.org\\\/fr\\\/\"},{\"@type\":\"ListItem\",\"position\":2,\"name\":\"La plateforme One Health Initiatives\"}]},{\"@type\":\"WebSite\",\"@id\":\"https:\\\/\\\/prezode-initiative.org\\\/fr\\\/#website\",\"url\":\"https:\\\/\\\/prezode-initiative.org\\\/fr\\\/\",\"name\":\"Prezode\",\"description\":\"\",\"publisher\":{\"@id\":\"https:\\\/\\\/prezode-initiative.org\\\/fr\\\/#organization\"},\"potentialAction\":[{\"@type\":\"SearchAction\",\"target\":{\"@type\":\"EntryPoint\",\"urlTemplate\":\"https:\\\/\\\/prezode-initiative.org\\\/fr\\\/?s={search_term_string}\"},\"query-input\":{\"@type\":\"PropertyValueSpecification\",\"valueRequired\":true,\"valueName\":\"search_term_string\"}}],\"inLanguage\":\"fr-FR\"},{\"@type\":\"Organization\",\"@id\":\"https:\\\/\\\/prezode-initiative.org\\\/fr\\\/#organization\",\"name\":\"Prezode\",\"url\":\"https:\\\/\\\/prezode-initiative.org\\\/fr\\\/\",\"logo\":{\"@type\":\"ImageObject\",\"inLanguage\":\"fr-FR\",\"@id\":\"https:\\\/\\\/prezode-initiative.org\\\/fr\\\/#\\\/schema\\\/logo\\\/image\\\/\",\"url\":\"https:\\\/\\\/prezode-initiative.org\\\/wp-content\\\/uploads\\\/2025\\\/02\\\/logo.png\",\"contentUrl\":\"https:\\\/\\\/prezode-initiative.org\\\/wp-content\\\/uploads\\\/2025\\\/02\\\/logo.png\",\"width\":168,\"height\":118,\"caption\":\"Prezode\"},\"image\":{\"@id\":\"https:\\\/\\\/prezode-initiative.org\\\/fr\\\/#\\\/schema\\\/logo\\\/image\\\/\"}}]}<\/script>\n<!-- \/ Yoast SEO plugin. -->","yoast_head_json":{"title":"La plateforme One Health Initiatives - Prezode.","robots":{"index":"index","follow":"follow","max-snippet":"max-snippet:-1","max-image-preview":"max-image-preview:large","max-video-preview":"max-video-preview:-1"},"canonical":"https:\/\/prezode-initiative.org\/fr\/the-one-health-initiatives-platform\/","og_locale":"fr_FR","og_type":"article","og_title":"La plateforme One Health Initiatives - Prezode.","og_description":"Explorez uneplateforme interactive qui r\u00e9pertorie les One Health Initiatives impliqu\u00e9es dans la pr\u00e9vention des zoonoses dans le monde entier. A base de donn\u00e9es unique d\u00e9velopp\u00e9e par PREZODE . La plateforme \u00ab\u00a0One Health Initiatives\u00a0\u00bb pr\u00e9sente la r\u00e9partition g\u00e9ographique des activit\u00e9s, projets, programmes ou initiatives mondiaux(APPI) visant \u00e0 pr\u00e9venir ou \u00e0 r\u00e9duire les risques sanitaires \u00e9mergents gr\u00e2ceContinue reading \"La plateforme One Health Initiatives\"","og_url":"https:\/\/prezode-initiative.org\/fr\/the-one-health-initiatives-platform\/","og_site_name":"Prezode","article_modified_time":"2026-03-25T16:46:42+00:00","og_image":[{"width":1186,"height":716,"url":"https:\/\/prezode-initiative.org\/wp-content\/uploads\/2025\/09\/Capture-decran-2025-09-05-161229.png","type":"image\/png"}],"twitter_card":"summary_large_image","twitter_misc":{"Dur\u00e9e de lecture estim\u00e9e":"2 minute"},"schema":{"@context":"https:\/\/schema.org","@graph":[{"@type":"WebPage","@id":"https:\/\/prezode-initiative.org\/fr\/the-one-health-initiatives-platform\/","url":"https:\/\/prezode-initiative.org\/fr\/the-one-health-initiatives-platform\/","name":"La plateforme One Health Initiatives - Prezode.","isPartOf":{"@id":"https:\/\/prezode-initiative.org\/fr\/#website"},"primaryImageOfPage":{"@id":"https:\/\/prezode-initiative.org\/fr\/the-one-health-initiatives-platform\/#primaryimage"},"image":{"@id":"https:\/\/prezode-initiative.org\/fr\/the-one-health-initiatives-platform\/#primaryimage"},"thumbnailUrl":"https:\/\/prezode-initiative.org\/wp-content\/uploads\/2025\/09\/Capture-decran-2025-09-05-161229.png","datePublished":"2025-09-10T15:42:06+00:00","dateModified":"2026-03-25T16:46:42+00:00","breadcrumb":{"@id":"https:\/\/prezode-initiative.org\/fr\/the-one-health-initiatives-platform\/#breadcrumb"},"inLanguage":"fr-FR","potentialAction":[{"@type":"ReadAction","target":["https:\/\/prezode-initiative.org\/fr\/the-one-health-initiatives-platform\/"]}]},{"@type":"ImageObject","inLanguage":"fr-FR","@id":"https:\/\/prezode-initiative.org\/fr\/the-one-health-initiatives-platform\/#primaryimage","url":"https:\/\/prezode-initiative.org\/wp-content\/uploads\/2025\/09\/Capture-decran-2025-09-05-161229.png","contentUrl":"https:\/\/prezode-initiative.org\/wp-content\/uploads\/2025\/09\/Capture-decran-2025-09-05-161229.png","width":1186,"height":716,"caption":"Mapping of One Health Activities, Projects, Programs, and Initiatives"},{"@type":"BreadcrumbList","@id":"https:\/\/prezode-initiative.org\/fr\/the-one-health-initiatives-platform\/#breadcrumb","itemListElement":[{"@type":"ListItem","position":1,"name":"Home","item":"https:\/\/prezode-initiative.org\/fr\/"},{"@type":"ListItem","position":2,"name":"La plateforme One Health Initiatives"}]},{"@type":"WebSite","@id":"https:\/\/prezode-initiative.org\/fr\/#website","url":"https:\/\/prezode-initiative.org\/fr\/","name":"Prezode","description":"","publisher":{"@id":"https:\/\/prezode-initiative.org\/fr\/#organization"},"potentialAction":[{"@type":"SearchAction","target":{"@type":"EntryPoint","urlTemplate":"https:\/\/prezode-initiative.org\/fr\/?s={search_term_string}"},"query-input":{"@type":"PropertyValueSpecification","valueRequired":true,"valueName":"search_term_string"}}],"inLanguage":"fr-FR"},{"@type":"Organization","@id":"https:\/\/prezode-initiative.org\/fr\/#organization","name":"Prezode","url":"https:\/\/prezode-initiative.org\/fr\/","logo":{"@type":"ImageObject","inLanguage":"fr-FR","@id":"https:\/\/prezode-initiative.org\/fr\/#\/schema\/logo\/image\/","url":"https:\/\/prezode-initiative.org\/wp-content\/uploads\/2025\/02\/logo.png","contentUrl":"https:\/\/prezode-initiative.org\/wp-content\/uploads\/2025\/02\/logo.png","width":168,"height":118,"caption":"Prezode"},"image":{"@id":"https:\/\/prezode-initiative.org\/fr\/#\/schema\/logo\/image\/"}}]}},"_links":{"self":[{"href":"https:\/\/prezode-initiative.org\/fr\/wp-json\/wp\/v2\/pages\/4305","targetHints":{"allow":["GET"]}}],"collection":[{"href":"https:\/\/prezode-initiative.org\/fr\/wp-json\/wp\/v2\/pages"}],"about":[{"href":"https:\/\/prezode-initiative.org\/fr\/wp-json\/wp\/v2\/types\/page"}],"author":[{"embeddable":true,"href":"https:\/\/prezode-initiative.org\/fr\/wp-json\/wp\/v2\/users\/2"}],"replies":[{"embeddable":true,"href":"https:\/\/prezode-initiative.org\/fr\/wp-json\/wp\/v2\/comments?post=4305"}],"version-history":[{"count":3,"href":"https:\/\/prezode-initiative.org\/fr\/wp-json\/wp\/v2\/pages\/4305\/revisions"}],"predecessor-version":[{"id":5707,"href":"https:\/\/prezode-initiative.org\/fr\/wp-json\/wp\/v2\/pages\/4305\/revisions\/5707"}],"wp:featuredmedia":[{"embeddable":true,"href":"https:\/\/prezode-initiative.org\/fr\/wp-json\/wp\/v2\/media\/3561"}],"wp:attachment":[{"href":"https:\/\/prezode-initiative.org\/fr\/wp-json\/wp\/v2\/media?parent=4305"}],"curies":[{"name":"wp","href":"https:\/\/api.w.org\/{rel}","templated":true}]}}