{"id":5698,"date":"2025-02-26T12:23:17","date_gmt":"2025-02-26T11:23:17","guid":{"rendered":"https:\/\/prezode-initiative.org\/politica-de-confidencialidad\/"},"modified":"2026-03-25T17:46:34","modified_gmt":"2026-03-25T16:46:34","slug":"politica-de-confidencialidad","status":"publish","type":"page","link":"https:\/\/prezode-initiative.org\/es\/politica-de-confidencialidad\/","title":{"rendered":"Pol\u00edtica de confidencialidad"},"content":{"rendered":"\n<h2 class=\"wp-block-heading\">\u00bfQui\u00e9nes somos?<\/h2>\n\n<p><strong class=\"privacy-policy-tutorial\">Texto sugerido : <\/strong>L'adresse de notre site est : https:\/\/prezode-initiative.org.<\/p>\n\n<h2 class=\"wp-block-heading\">Commentaires<\/h2>\n\n<p><strong class=\"privacy-policy-tutorial\">Texto sugerido: <\/strong>Cuando dejas un comentario en nuestro sitio web, los datos introducidos en el formulario de comentarios, as\u00ed como tu direcci\u00f3n IP y el nombre de usuario de tu navegador, se recopilan para ayudarnos a detectar comentarios indeseables.<\/p>\n\n<p>Una cadena an\u00f3nima creada a partir de tu direcci\u00f3n de correo electr\u00f3nico (tambi\u00e9n llamada hash) puede ser enviada al servicio Gravatar para comprobar si la utilizas. Las cl\u00e1usulas de confidencialidad del servicio Gravatar est\u00e1n disponibles aqu\u00ed: https:\/\/automattic.com\/privacy\/. Despu\u00e9s de validar tu comentario, tu foto de perfil ser\u00e1 visible p\u00fablicamente junto a tu comentario. <\/p>\n\n<h2 class=\"wp-block-heading\">Medios<\/h2>\n\n<p><strong class=\"privacy-policy-tutorial\">Texto recomendado: <\/strong>Si descargas im\u00e1genes del sitio web, te recomendamos que evites descargar im\u00e1genes que contengan datos EXIF de coordenadas GPS. Las personas que visiten tu sitio web podr\u00e1n descargar y extraer datos de localizaci\u00f3n de estas im\u00e1genes. <\/p>\n\n<h2 class=\"wp-block-heading\">Cookies<\/h2>\n\n<p><strong class=\"privacy-policy-tutorial\">Texto sugerido: <\/strong>Si escribes un comentario en nuestro sitio web, te propondremos que registres tu nombre, direcci\u00f3n de correo electr\u00f3nico y sitio web en las cookies. Esto es s\u00f3lo para tu comodidad, para que no tengas que ver esta informaci\u00f3n si haces otro comentario m\u00e1s tarde. Estas cookies caducan al cabo de un a\u00f1o.  <\/p>\n\n<p>Si accedes a la p\u00e1gina de conexi\u00f3n, se crear\u00e1 una cookie temporal para determinar si tu navegador acepta las cookies. No contiene datos personales y se eliminar\u00e1 autom\u00e1ticamente al cerrar el navegador. <\/p>\n\n<p>Cuando te conectas, instalamos un cierto n\u00famero de cookies para registrar tu informaci\u00f3n de conexi\u00f3n y tus preferencias de pantalla. La duraci\u00f3n de vida de una cookie de conexi\u00f3n es de dos d\u00edas, la de una cookie de opci\u00f3n de pantalla es de un a\u00f1o. Si eliges \u00abRecordarme\u00bb, tu cookie de conexi\u00f3n se conservar\u00e1 durante dos semanas. Si te desconectas de tu ordenador, se borrar\u00e1 la cookie de conexi\u00f3n.   <\/p>\n\n<p>Al modificar o publicar una publicaci\u00f3n, se registrar\u00e1 una cookie adicional en tu navegador. Esta cookie no contiene ning\u00fan dato personal. Indica simplemente el ID de la publicaci\u00f3n que quieres modificar. Caduca al cabo de un d\u00eda.   <\/p>\n\n<h2 class=\"wp-block-heading\">Contenu embarqu\u00e9 de d'autres sites<\/h2>\n\n<p><strong class=\"privacy-policy-tutorial\">Texto sugerido: <\/strong>Los art\u00edculos de este sitio pueden incluir contenido integrado (por ejemplo, v\u00eddeos, im\u00e1genes, art\u00edculos&#8230;). El contenido integrado de otros sitios se incluye de la misma manera que si el visitante se dirigiera a ese otro sitio. <\/p>\n\n<p>Estos sitios web podr\u00edan recopilar datos sobre ti, utilizar cookies, almacenar herramientas de seguimiento, seguir tus interacciones con los contenidos almacenados si dispones de una cuenta conectada a su sitio web.<\/p>\n\n<h2 class=\"wp-block-heading\">Utilizaci\u00f3n y transmisi\u00f3n de tus datos personales<\/h2>\n\n<p><strong class=\"privacy-policy-tutorial\">Texto sugerido: <\/strong>Si solicitas una reinicializaci\u00f3n de tu contrase\u00f1a, tu direcci\u00f3n IP se incluir\u00e1 en el correo electr\u00f3nico de reinicializaci\u00f3n.<\/p>\n\n<h2 class=\"wp-block-heading\">Duraci\u00f3n del almacenamiento de tus datos<\/h2>\n\n<p><strong class=\"privacy-policy-tutorial\">Texto sugerido: <\/strong>Si dejas un comentario, el comentario y sus metadatos se conservar\u00e1n indefinidamente. Esto permite reconocer y aprobar autom\u00e1ticamente los comentarios siguientes en lugar de dejarlos en el archivo de modificaci\u00f3n. <\/p>\n\n<p>En el caso de los ordenadores que se inscriban en nuestro sitio web, tambi\u00e9n almacenaremos los datos personales indicados en su perfil. Todos los usuarios pueden ver, modificar o suprimir sus datos personales en cualquier momento (a excepci\u00f3n de su identificador). Los administradores del sitio tambi\u00e9n pueden ver y modificar esta informaci\u00f3n.  <\/p>\n\n<h2 class=\"wp-block-heading\">Los derechos que tienes sobre tus datos<\/h2>\n\n<p><strong class=\"privacy-policy-tutorial\">Texto sugerido: <\/strong>Si tienes un ordenador o has dejado comentarios en el sitio web, puedes solicitar que se te env\u00ede un archivo con todos los datos personales que poseemos sobre tu asunto, incluidos los que nos hayas proporcionado. Tambi\u00e9n puedes solicitar la supresi\u00f3n de los datos personales que te conciernen. No se tendr\u00e1n en cuenta los datos almacenados con fines administrativos, legales o de seguridad.  <\/p>\n\n<h2 class=\"wp-block-heading\">D\u00f3nde se env\u00edan tus datos<\/h2>\n\n<p><strong class=\"privacy-policy-tutorial\">Texto sugerido: <\/strong>Los comentarios de los visitantes pueden comprobarse mediante un servicio autom\u00e1tico de detecci\u00f3n de comentarios indeseables.<\/p>\n","protected":false},"excerpt":{"rendered":"<p>\u00bfQui\u00e9nes somos? Texto sugerido : L'adresse de notre site est : https:\/\/prezode-initiative.org. Commentaires Texto sugerido: Cuando dejas un comentario en nuestro sitio web, los datos introducidos en el formulario de comentarios, as\u00ed como tu direcci\u00f3n IP y el nombre de usuario de tu navegador, se recopilan para ayudarnos a detectar comentarios indeseables. Una cadena an\u00f3nima<a href=\"https:\/\/prezode-initiative.org\/es\/politica-de-confidencialidad\/\">Continue reading <span class=\"sr-only\">\u00abPol\u00edtica de confidencialidad\u00bb<\/span><\/a><\/p>\n","protected":false},"author":1,"featured_media":0,"parent":0,"menu_order":0,"comment_status":"closed","ping_status":"open","template":"","meta":{"_acf_changed":false,"footnotes":""},"class_list":["post-5698","page","type-page","status-publish","hentry"],"acf":[],"yoast_head":"<!-- This site is optimized with the Yoast SEO plugin v27.3 - https:\/\/yoast.com\/product\/yoast-seo-wordpress\/ -->\n<title>Pol\u00edtica de confidencialidad - %<\/title>\n<meta name=\"robots\" content=\"index, follow, max-snippet:-1, max-image-preview:large, max-video-preview:-1\" \/>\n<link rel=\"canonical\" href=\"https:\/\/prezode-initiative.org\/es\/politica-de-confidencialidad\/\" \/>\n<meta property=\"og:locale\" content=\"es_ES\" \/>\n<meta property=\"og:type\" content=\"article\" \/>\n<meta property=\"og:title\" content=\"Pol\u00edtica de confidencialidad - %\" \/>\n<meta property=\"og:description\" content=\"\u00bfQui\u00e9nes somos? Texto sugerido : L&#039;adresse de notre site est : https:\/\/prezode-initiative.org. Commentaires Texto sugerido: Cuando dejas un comentario en nuestro sitio web, los datos introducidos en el formulario de comentarios, as\u00ed como tu direcci\u00f3n IP y el nombre de usuario de tu navegador, se recopilan para ayudarnos a detectar comentarios indeseables. Una cadena an\u00f3nimaContinue reading &quot;Pol\u00edtica de confidencialidad&quot;\" \/>\n<meta property=\"og:url\" content=\"https:\/\/prezode-initiative.org\/es\/politica-de-confidencialidad\/\" \/>\n<meta property=\"og:site_name\" content=\"Prezode\" \/>\n<meta property=\"article:modified_time\" content=\"2026-03-25T16:46:34+00:00\" \/>\n<meta name=\"twitter:card\" content=\"summary_large_image\" \/>\n<meta name=\"twitter:label1\" content=\"Tiempo de lectura\" \/>\n\t<meta name=\"twitter:data1\" content=\"3 minutos\" \/>\n<script type=\"application\/ld+json\" class=\"yoast-schema-graph\">{\"@context\":\"https:\\\/\\\/schema.org\",\"@graph\":[{\"@type\":\"WebPage\",\"@id\":\"https:\\\/\\\/prezode-initiative.org\\\/es\\\/politica-de-confidencialidad\\\/\",\"url\":\"https:\\\/\\\/prezode-initiative.org\\\/es\\\/politica-de-confidencialidad\\\/\",\"name\":\"Pol\u00edtica de confidencialidad - %\",\"isPartOf\":{\"@id\":\"https:\\\/\\\/prezode-initiative.org\\\/es\\\/#website\"},\"datePublished\":\"2025-02-26T11:23:17+00:00\",\"dateModified\":\"2026-03-25T16:46:34+00:00\",\"breadcrumb\":{\"@id\":\"https:\\\/\\\/prezode-initiative.org\\\/es\\\/politica-de-confidencialidad\\\/#breadcrumb\"},\"inLanguage\":\"es\",\"potentialAction\":[{\"@type\":\"ReadAction\",\"target\":[\"https:\\\/\\\/prezode-initiative.org\\\/es\\\/politica-de-confidencialidad\\\/\"]}]},{\"@type\":\"BreadcrumbList\",\"@id\":\"https:\\\/\\\/prezode-initiative.org\\\/es\\\/politica-de-confidencialidad\\\/#breadcrumb\",\"itemListElement\":[{\"@type\":\"ListItem\",\"position\":1,\"name\":\"Home\",\"item\":\"https:\\\/\\\/prezode-initiative.org\\\/es\\\/\"},{\"@type\":\"ListItem\",\"position\":2,\"name\":\"Pol\u00edtica de confidencialidad\"}]},{\"@type\":\"WebSite\",\"@id\":\"https:\\\/\\\/prezode-initiative.org\\\/es\\\/#website\",\"url\":\"https:\\\/\\\/prezode-initiative.org\\\/es\\\/\",\"name\":\"Prezode\",\"description\":\"\",\"publisher\":{\"@id\":\"https:\\\/\\\/prezode-initiative.org\\\/es\\\/#organization\"},\"potentialAction\":[{\"@type\":\"SearchAction\",\"target\":{\"@type\":\"EntryPoint\",\"urlTemplate\":\"https:\\\/\\\/prezode-initiative.org\\\/es\\\/?s={search_term_string}\"},\"query-input\":{\"@type\":\"PropertyValueSpecification\",\"valueRequired\":true,\"valueName\":\"search_term_string\"}}],\"inLanguage\":\"es\"},{\"@type\":\"Organization\",\"@id\":\"https:\\\/\\\/prezode-initiative.org\\\/es\\\/#organization\",\"name\":\"Prezode\",\"url\":\"https:\\\/\\\/prezode-initiative.org\\\/es\\\/\",\"logo\":{\"@type\":\"ImageObject\",\"inLanguage\":\"es\",\"@id\":\"https:\\\/\\\/prezode-initiative.org\\\/es\\\/#\\\/schema\\\/logo\\\/image\\\/\",\"url\":\"https:\\\/\\\/prezode-initiative.org\\\/wp-content\\\/uploads\\\/2025\\\/02\\\/logo.png\",\"contentUrl\":\"https:\\\/\\\/prezode-initiative.org\\\/wp-content\\\/uploads\\\/2025\\\/02\\\/logo.png\",\"width\":168,\"height\":118,\"caption\":\"Prezode\"},\"image\":{\"@id\":\"https:\\\/\\\/prezode-initiative.org\\\/es\\\/#\\\/schema\\\/logo\\\/image\\\/\"}}]}<\/script>\n<!-- \/ Yoast SEO plugin. -->","yoast_head_json":{"title":"Pol\u00edtica de confidencialidad - %","robots":{"index":"index","follow":"follow","max-snippet":"max-snippet:-1","max-image-preview":"max-image-preview:large","max-video-preview":"max-video-preview:-1"},"canonical":"https:\/\/prezode-initiative.org\/es\/politica-de-confidencialidad\/","og_locale":"es_ES","og_type":"article","og_title":"Pol\u00edtica de confidencialidad - %","og_description":"\u00bfQui\u00e9nes somos? Texto sugerido : L'adresse de notre site est : https:\/\/prezode-initiative.org. Commentaires Texto sugerido: Cuando dejas un comentario en nuestro sitio web, los datos introducidos en el formulario de comentarios, as\u00ed como tu direcci\u00f3n IP y el nombre de usuario de tu navegador, se recopilan para ayudarnos a detectar comentarios indeseables. Una cadena an\u00f3nimaContinue reading \"Pol\u00edtica de confidencialidad\"","og_url":"https:\/\/prezode-initiative.org\/es\/politica-de-confidencialidad\/","og_site_name":"Prezode","article_modified_time":"2026-03-25T16:46:34+00:00","twitter_card":"summary_large_image","twitter_misc":{"Tiempo de lectura":"3 minutos"},"schema":{"@context":"https:\/\/schema.org","@graph":[{"@type":"WebPage","@id":"https:\/\/prezode-initiative.org\/es\/politica-de-confidencialidad\/","url":"https:\/\/prezode-initiative.org\/es\/politica-de-confidencialidad\/","name":"Pol\u00edtica de confidencialidad - %","isPartOf":{"@id":"https:\/\/prezode-initiative.org\/es\/#website"},"datePublished":"2025-02-26T11:23:17+00:00","dateModified":"2026-03-25T16:46:34+00:00","breadcrumb":{"@id":"https:\/\/prezode-initiative.org\/es\/politica-de-confidencialidad\/#breadcrumb"},"inLanguage":"es","potentialAction":[{"@type":"ReadAction","target":["https:\/\/prezode-initiative.org\/es\/politica-de-confidencialidad\/"]}]},{"@type":"BreadcrumbList","@id":"https:\/\/prezode-initiative.org\/es\/politica-de-confidencialidad\/#breadcrumb","itemListElement":[{"@type":"ListItem","position":1,"name":"Home","item":"https:\/\/prezode-initiative.org\/es\/"},{"@type":"ListItem","position":2,"name":"Pol\u00edtica de confidencialidad"}]},{"@type":"WebSite","@id":"https:\/\/prezode-initiative.org\/es\/#website","url":"https:\/\/prezode-initiative.org\/es\/","name":"Prezode","description":"","publisher":{"@id":"https:\/\/prezode-initiative.org\/es\/#organization"},"potentialAction":[{"@type":"SearchAction","target":{"@type":"EntryPoint","urlTemplate":"https:\/\/prezode-initiative.org\/es\/?s={search_term_string}"},"query-input":{"@type":"PropertyValueSpecification","valueRequired":true,"valueName":"search_term_string"}}],"inLanguage":"es"},{"@type":"Organization","@id":"https:\/\/prezode-initiative.org\/es\/#organization","name":"Prezode","url":"https:\/\/prezode-initiative.org\/es\/","logo":{"@type":"ImageObject","inLanguage":"es","@id":"https:\/\/prezode-initiative.org\/es\/#\/schema\/logo\/image\/","url":"https:\/\/prezode-initiative.org\/wp-content\/uploads\/2025\/02\/logo.png","contentUrl":"https:\/\/prezode-initiative.org\/wp-content\/uploads\/2025\/02\/logo.png","width":168,"height":118,"caption":"Prezode"},"image":{"@id":"https:\/\/prezode-initiative.org\/es\/#\/schema\/logo\/image\/"}}]}},"_links":{"self":[{"href":"https:\/\/prezode-initiative.org\/es\/wp-json\/wp\/v2\/pages\/5698","targetHints":{"allow":["GET"]}}],"collection":[{"href":"https:\/\/prezode-initiative.org\/es\/wp-json\/wp\/v2\/pages"}],"about":[{"href":"https:\/\/prezode-initiative.org\/es\/wp-json\/wp\/v2\/types\/page"}],"author":[{"embeddable":true,"href":"https:\/\/prezode-initiative.org\/es\/wp-json\/wp\/v2\/users\/1"}],"replies":[{"embeddable":true,"href":"https:\/\/prezode-initiative.org\/es\/wp-json\/wp\/v2\/comments?post=5698"}],"version-history":[{"count":1,"href":"https:\/\/prezode-initiative.org\/es\/wp-json\/wp\/v2\/pages\/5698\/revisions"}],"predecessor-version":[{"id":5699,"href":"https:\/\/prezode-initiative.org\/es\/wp-json\/wp\/v2\/pages\/5698\/revisions\/5699"}],"wp:attachment":[{"href":"https:\/\/prezode-initiative.org\/es\/wp-json\/wp\/v2\/media?parent=5698"}],"curies":[{"name":"wp","href":"https:\/\/api.w.org\/{rel}","templated":true}]}}