{"id":5184,"date":"2025-03-13T11:41:13","date_gmt":"2025-03-13T10:41:13","guid":{"rendered":"https:\/\/prezode-initiative.org\/el-papel-del-comite-director\/"},"modified":"2026-03-25T17:33:51","modified_gmt":"2026-03-25T16:33:51","slug":"el-papel-del-comite-director","status":"publish","type":"page","link":"https:\/\/prezode-initiative.org\/es\/el-papel-del-comite-director\/","title":{"rendered":"El papel del Comit\u00e9 Director"},"content":{"rendered":"\n<h2 class=\"wp-block-heading\">El Comit\u00e9 Director propone a la AG una estrategia y unos resultados con plazos concretos y supervisa la puesta en marcha de la iniciativa.<br \/><\/h2>\n\n<p><\/p>\n\n<h3 class=\"wp-block-heading has-text-color has-link-color wp-elements-6e2e667027cd54c0c04dd323dc753b8d\" style=\"color:#2894bf\"><strong>Objetivos y actividades<\/strong><\/h3>\n\n<div class=\"wp-block-columns is-layout-flex wp-container-core-columns-is-layout-9d6595d7 wp-block-columns-is-layout-flex\">\n<div class=\"wp-block-column is-layout-flow wp-block-column-is-layout-flow\">\n<p>El Comit\u00e9 Directivo (CD) es el \u00f3rgano que elabora y propone las orientaciones estrat\u00e9gicas de la iniciativa.<br \/>En particular, se encargar\u00e1 de:<\/p>\n\n\n\n<ul class=\"wp-block-list\">\n<li>proponer planes de trabajo y presupuestos anuales para la iniciativa,<\/li>\n\n\n\n<li>proponer otros documentos estrat\u00e9gicos,<\/li>\n\n\n\n<li>proponer revisiones de los T\u00e9rminos de Referencia de la gobernanza de la iniciativa,<\/li>\n\n\n\n<li>proponer revisiones de la Agenda Estrat\u00e9gica de la iniciativa cada 2 a\u00f1os.<\/li>\n<\/ul>\n\n\n\n<p>El CC tambi\u00e9n se encargar\u00e1 de tomar decisiones sobre varias acciones relacionadas con la iniciativa. En concreto <\/p>\n\n\n\n<ul class=\"wp-block-list\">\n<li>decidir la aprobaci\u00f3n (con la etiqueta PREZODE) por parte de PREZODE de proyectos, programas y redes bas\u00e1ndose en la evaluaci\u00f3n de un grupo de trabajo ad hoc,<\/li>\n\n\n\n<li>decidir si PREZODE debe respaldar (con la etiqueta PREZODE) proyectos, programas y redes bas\u00e1ndose en la evaluaci\u00f3n de un grupo de trabajo ad hoc,<\/li>\n\n\n\n<li>decidir sobre grupos de trabajo o grupos operativos sobre temas espec\u00edficos, orientar y revisar sus actividades,<\/li>\n\n\n\n<li>Comprometerse y comunicarse con posibles socios y partes interesadas.<\/li>\n<\/ul>\n<\/div>\n<\/div>\n\n<p>El CS orientar\u00e1 a la Secretar\u00eda y revisar\u00e1 sus actividades.<\/p>\n\n<h3 class=\"wp-block-heading has-text-color has-link-color wp-elements-12002310fb2ec4c0e5be6a08f41563ca\" style=\"color:#2894bf\"><strong>Composici\u00f3n<\/strong><\/h3>\n\n<p>El CS est\u00e1 compuesto por los cinco colegios siguientes:<\/p>\n\n<ul class=\"wp-block-list\">\n<li>Colegio cient\u00edfico: cinco expertos cient\u00edficos reconocidos internacionalmente, a t\u00edtulo individual, uno por cada pilar de la iniciativa. Los miembros son elegidos por la AG para un mandato de dos a\u00f1os. <\/li>\n\n\n\n<li>Colegio regional: cinco delegados, uno por regi\u00f3n mundial, elegidos para un mandato de dos a\u00f1os por los miembros de PREZODE de la misma regi\u00f3n.<\/li>\n\n\n\n<li>Un colegio de organizaciones internacionales de salud: un representante por organizaci\u00f3n firmante, con un l\u00edmite de cuatro representantes en total.<\/li>\n\n\n\n<li>Comit\u00e9 de Donantes: un representante nombrado por el Comit\u00e9 de Donantes.<\/li>\n\n\n\n<li>Colegio de la Sociedad Civil: tres representantes de ONG sin \u00e1nimo de lucro.<\/li>\n<\/ul>\n\n<p>El Secretario General y el Presidente del CCA forman parte del CC en calidad de observadores. A la hora de organizar las elecciones al CC, se buscar\u00e1 un equilibrio entre regiones, g\u00e9neros y dimensiones de la salud humana, animal y medioambiental. <\/p>\n\n<div class=\"wp-block-buttons is-content-justification-left is-layout-flex wp-container-core-buttons-is-layout-fdcfc74e wp-block-buttons-is-layout-flex\">\n<div class=\"wp-block-button\"><a class=\"wp-block-button__link has-background-color has-pz-orange-background-color has-text-color has-background has-link-color wp-element-button\" href=\"https:\/\/prezode-initiative.org\/en\/members-type\/sc-2025\/\">Conoce a los miembros del Comit\u00e9 Directivo 2025 - 2027<\/a><\/div>\n<\/div>\n\n<div style=\"height:27px\" aria-hidden=\"true\" class=\"wp-block-spacer\"><\/div>\n\n<div class=\"wp-block-buttons is-content-justification-left is-layout-flex wp-container-core-buttons-is-layout-fdcfc74e wp-block-buttons-is-layout-flex\">\n<div class=\"wp-block-button\"><a class=\"wp-block-button__link has-background-color has-pz-orange-background-color has-text-color has-background has-link-color wp-element-button\" href=\"https:\/\/prezode-initiative.org\/en\/members-type\/sc\/\">Conoce a los miembros del Comit\u00e9 Directivo 2023 - 2025<\/a><\/div>\n<\/div>\n\n<h3 class=\"wp-block-heading has-text-color has-link-color wp-elements-a546098fd6a23c3873156ecc6f76980d\" style=\"color:#2894bf\"><strong>Papel del Presidente del CS<\/strong><\/h3>\n\n<p>El Presidente del CC presidir\u00e1 las reuniones del CC y:<\/p>\n\n<ul class=\"wp-block-list\">\n<li>consultar a los miembros del CS sobre las propuestas para la AG,<\/li>\n\n\n\n<li>Garantizar que las propuestas a la AG est\u00e9n preparadas y finalizadas para las reuniones de la AG,<\/li>\n\n\n\n<li>orientar a la Secretar\u00eda en la preparaci\u00f3n de las reuniones del CS,<\/li>\n\n\n\n<li>asesorar al Presidente y al Vicepresidente de la AG,<\/li>\n\n\n\n<li>supervisar el plan de aplicaci\u00f3n del PREZODE.<\/li>\n<\/ul>\n\n<h3 class=\"wp-block-heading has-text-color has-link-color wp-elements-07ed62912a9911c0d1d0676b66ca36ec\" style=\"color:#2894bf\"><strong>Elecciones<\/strong><\/h3>\n\n<p>El Comit\u00e9 Directivo elige a un Presidente entre sus miembros. La elecci\u00f3n de los representantes y del Presidente del CS ser\u00e1 organizada por la Secretar\u00eda. <\/p>\n\n<h3 class=\"wp-block-heading has-text-color has-link-color wp-elements-076f63d1e63c55f009ad18f05115d5b6\" style=\"color:#2894bf\"><strong>Derecho de voto<\/strong><\/h3>\n\n<p>Cada miembro del CC tiene un voto con el mismo peso. Para validar las decisiones, debe alcanzarse un qu\u00f3rum del 50% de los miembros del CC.<br \/>Todas las decisiones se tomar\u00e1n por consenso siempre que sea posible. Si no puede alcanzarse un consenso, las decisiones podr\u00e1n tomarse por mayor\u00eda simple de votos.  <\/p>\n\n<h3 class=\"wp-block-heading has-text-color has-link-color wp-elements-e5bf7a2e79fecc492da59793780b1458\" style=\"color:#2894bf\"><strong>Reuniones<\/strong><\/h3>\n\n<p>El CS puede reunirse cada mes, en l\u00ednea o en persona, y convocar reuniones adicionales ad hoc a trav\u00e9s de subgrupos. El Presidente del CC mantiene reuniones peri\u00f3dicas con el Presidente y el Vicepresidente de la AG y con la Secretar\u00eda. <\/p>\n\n<p><\/p>\n\n<p><\/p>\n\n<div data-wp-interactive=\"core\/file\" class=\"wp-block-file\"><object data-wp-bind--hidden=\"!state.hasPdfPreview\" hidden class=\"wp-block-file__embed\" data=\"https:\/\/prezode-initiative.org\/wp-content\/uploads\/2025\/07\/PREZODE_ToR-adopted-2022.pdf\" type=\"application\/pdf\" style=\"width:100%;height:600px\" aria-label=\"Incrustado de PREZODE_ToR adopted-2022.\"><\/object><a id=\"wp-block-file--media-e1b2b87a-4844-4af9-ad4d-ee54149010e5\" href=\"https:\/\/prezode-initiative.org\/wp-content\/uploads\/2025\/07\/PREZODE_ToR-adopted-2022.pdf\">PREZODE_ToR adoptado-2022<\/a><a href=\"https:\/\/prezode-initiative.org\/wp-content\/uploads\/2025\/07\/PREZODE_ToR-adopted-2022.pdf\" class=\"wp-block-file__button wp-element-button\" aria-describedby=\"wp-block-file--media-e1b2b87a-4844-4af9-ad4d-ee54149010e5\">Descarga<\/a><\/div>\n","protected":false},"excerpt":{"rendered":"<p>El Comit\u00e9 Director propone a la AG una estrategia y unos resultados con plazos concretos y supervisa la puesta en marcha de la iniciativa. Objetivos y actividades El Comit\u00e9 Directivo (CD) es el \u00f3rgano que elabora y propone las orientaciones estrat\u00e9gicas de la iniciativa.En particular, se encargar\u00e1 de: El CC tambi\u00e9n se encargar\u00e1 de tomar<a href=\"https:\/\/prezode-initiative.org\/es\/el-papel-del-comite-director\/\">Continue reading <span class=\"sr-only\">\u00abEl papel del Comit\u00e9 Director\u00bb<\/span><\/a><\/p>\n","protected":false},"author":1,"featured_media":0,"parent":0,"menu_order":0,"comment_status":"closed","ping_status":"closed","template":"template-pages\/article-page.php","meta":{"_acf_changed":false,"footnotes":""},"class_list":["post-5184","page","type-page","status-publish","hentry"],"acf":[],"yoast_head":"<!-- This site is optimized with the Yoast SEO plugin v27.6 - https:\/\/yoast.com\/product\/yoast-seo-wordpress\/ -->\n<title>El papel del Comit\u00e9 Director - %<\/title>\n<meta name=\"description\" content=\"El Comit\u00e9 Director propone a la AG una estrategia y unos resultados con plazos concretos y supervisa la puesta en marcha de la iniciativa.\" \/>\n<meta name=\"robots\" content=\"index, follow, max-snippet:-1, max-image-preview:large, max-video-preview:-1\" \/>\n<link rel=\"canonical\" href=\"https:\/\/prezode-initiative.org\/es\/el-papel-del-comite-director\/\" \/>\n<meta property=\"og:locale\" content=\"es_ES\" \/>\n<meta property=\"og:type\" content=\"article\" \/>\n<meta property=\"og:title\" content=\"El papel del Comit\u00e9 Director - %\" \/>\n<meta property=\"og:description\" content=\"El Comit\u00e9 Director propone a la AG una estrategia y unos resultados con plazos concretos y supervisa la puesta en marcha de la iniciativa.\" \/>\n<meta property=\"og:url\" content=\"https:\/\/prezode-initiative.org\/es\/el-papel-del-comite-director\/\" \/>\n<meta property=\"og:site_name\" content=\"Prezode\" \/>\n<meta property=\"article:modified_time\" content=\"2026-03-25T16:33:51+00:00\" \/>\n<meta name=\"twitter:card\" content=\"summary_large_image\" \/>\n<meta name=\"twitter:label1\" content=\"Tiempo de lectura\" \/>\n\t<meta name=\"twitter:data1\" content=\"3 minutos\" \/>\n<script type=\"application\/ld+json\" class=\"yoast-schema-graph\">{\"@context\":\"https:\\\/\\\/schema.org\",\"@graph\":[{\"@type\":\"WebPage\",\"@id\":\"https:\\\/\\\/prezode-initiative.org\\\/es\\\/el-papel-del-comite-director\\\/\",\"url\":\"https:\\\/\\\/prezode-initiative.org\\\/es\\\/el-papel-del-comite-director\\\/\",\"name\":\"El papel del Comit\u00e9 Director - %\",\"isPartOf\":{\"@id\":\"https:\\\/\\\/prezode-initiative.org\\\/es\\\/#website\"},\"datePublished\":\"2025-03-13T10:41:13+00:00\",\"dateModified\":\"2026-03-25T16:33:51+00:00\",\"description\":\"El Comit\u00e9 Director propone a la AG una estrategia y unos resultados con plazos concretos y supervisa la puesta en marcha de la iniciativa.\",\"breadcrumb\":{\"@id\":\"https:\\\/\\\/prezode-initiative.org\\\/es\\\/el-papel-del-comite-director\\\/#breadcrumb\"},\"inLanguage\":\"es\",\"potentialAction\":[{\"@type\":\"ReadAction\",\"target\":[\"https:\\\/\\\/prezode-initiative.org\\\/es\\\/el-papel-del-comite-director\\\/\"]}]},{\"@type\":\"BreadcrumbList\",\"@id\":\"https:\\\/\\\/prezode-initiative.org\\\/es\\\/el-papel-del-comite-director\\\/#breadcrumb\",\"itemListElement\":[{\"@type\":\"ListItem\",\"position\":1,\"name\":\"Home\",\"item\":\"https:\\\/\\\/prezode-initiative.org\\\/es\\\/\"},{\"@type\":\"ListItem\",\"position\":2,\"name\":\"El papel del Comit\u00e9 Director\"}]},{\"@type\":\"WebSite\",\"@id\":\"https:\\\/\\\/prezode-initiative.org\\\/es\\\/#website\",\"url\":\"https:\\\/\\\/prezode-initiative.org\\\/es\\\/\",\"name\":\"Prezode\",\"description\":\"\",\"publisher\":{\"@id\":\"https:\\\/\\\/prezode-initiative.org\\\/es\\\/#organization\"},\"potentialAction\":[{\"@type\":\"SearchAction\",\"target\":{\"@type\":\"EntryPoint\",\"urlTemplate\":\"https:\\\/\\\/prezode-initiative.org\\\/es\\\/?s={search_term_string}\"},\"query-input\":{\"@type\":\"PropertyValueSpecification\",\"valueRequired\":true,\"valueName\":\"search_term_string\"}}],\"inLanguage\":\"es\"},{\"@type\":\"Organization\",\"@id\":\"https:\\\/\\\/prezode-initiative.org\\\/es\\\/#organization\",\"name\":\"Prezode\",\"url\":\"https:\\\/\\\/prezode-initiative.org\\\/es\\\/\",\"logo\":{\"@type\":\"ImageObject\",\"inLanguage\":\"es\",\"@id\":\"https:\\\/\\\/prezode-initiative.org\\\/es\\\/#\\\/schema\\\/logo\\\/image\\\/\",\"url\":\"https:\\\/\\\/prezode-initiative.org\\\/wp-content\\\/uploads\\\/2025\\\/02\\\/logo.png\",\"contentUrl\":\"https:\\\/\\\/prezode-initiative.org\\\/wp-content\\\/uploads\\\/2025\\\/02\\\/logo.png\",\"width\":168,\"height\":118,\"caption\":\"Prezode\"},\"image\":{\"@id\":\"https:\\\/\\\/prezode-initiative.org\\\/es\\\/#\\\/schema\\\/logo\\\/image\\\/\"}}]}<\/script>\n<!-- \/ Yoast SEO plugin. -->","yoast_head_json":{"title":"El papel del Comit\u00e9 Director - %","description":"El Comit\u00e9 Director propone a la AG una estrategia y unos resultados con plazos concretos y supervisa la puesta en marcha de la iniciativa.","robots":{"index":"index","follow":"follow","max-snippet":"max-snippet:-1","max-image-preview":"max-image-preview:large","max-video-preview":"max-video-preview:-1"},"canonical":"https:\/\/prezode-initiative.org\/es\/el-papel-del-comite-director\/","og_locale":"es_ES","og_type":"article","og_title":"El papel del Comit\u00e9 Director - %","og_description":"El Comit\u00e9 Director propone a la AG una estrategia y unos resultados con plazos concretos y supervisa la puesta en marcha de la iniciativa.","og_url":"https:\/\/prezode-initiative.org\/es\/el-papel-del-comite-director\/","og_site_name":"Prezode","article_modified_time":"2026-03-25T16:33:51+00:00","twitter_card":"summary_large_image","twitter_misc":{"Tiempo de lectura":"3 minutos"},"schema":{"@context":"https:\/\/schema.org","@graph":[{"@type":"WebPage","@id":"https:\/\/prezode-initiative.org\/es\/el-papel-del-comite-director\/","url":"https:\/\/prezode-initiative.org\/es\/el-papel-del-comite-director\/","name":"El papel del Comit\u00e9 Director - %","isPartOf":{"@id":"https:\/\/prezode-initiative.org\/es\/#website"},"datePublished":"2025-03-13T10:41:13+00:00","dateModified":"2026-03-25T16:33:51+00:00","description":"El Comit\u00e9 Director propone a la AG una estrategia y unos resultados con plazos concretos y supervisa la puesta en marcha de la iniciativa.","breadcrumb":{"@id":"https:\/\/prezode-initiative.org\/es\/el-papel-del-comite-director\/#breadcrumb"},"inLanguage":"es","potentialAction":[{"@type":"ReadAction","target":["https:\/\/prezode-initiative.org\/es\/el-papel-del-comite-director\/"]}]},{"@type":"BreadcrumbList","@id":"https:\/\/prezode-initiative.org\/es\/el-papel-del-comite-director\/#breadcrumb","itemListElement":[{"@type":"ListItem","position":1,"name":"Home","item":"https:\/\/prezode-initiative.org\/es\/"},{"@type":"ListItem","position":2,"name":"El papel del Comit\u00e9 Director"}]},{"@type":"WebSite","@id":"https:\/\/prezode-initiative.org\/es\/#website","url":"https:\/\/prezode-initiative.org\/es\/","name":"Prezode","description":"","publisher":{"@id":"https:\/\/prezode-initiative.org\/es\/#organization"},"potentialAction":[{"@type":"SearchAction","target":{"@type":"EntryPoint","urlTemplate":"https:\/\/prezode-initiative.org\/es\/?s={search_term_string}"},"query-input":{"@type":"PropertyValueSpecification","valueRequired":true,"valueName":"search_term_string"}}],"inLanguage":"es"},{"@type":"Organization","@id":"https:\/\/prezode-initiative.org\/es\/#organization","name":"Prezode","url":"https:\/\/prezode-initiative.org\/es\/","logo":{"@type":"ImageObject","inLanguage":"es","@id":"https:\/\/prezode-initiative.org\/es\/#\/schema\/logo\/image\/","url":"https:\/\/prezode-initiative.org\/wp-content\/uploads\/2025\/02\/logo.png","contentUrl":"https:\/\/prezode-initiative.org\/wp-content\/uploads\/2025\/02\/logo.png","width":168,"height":118,"caption":"Prezode"},"image":{"@id":"https:\/\/prezode-initiative.org\/es\/#\/schema\/logo\/image\/"}}]}},"_links":{"self":[{"href":"https:\/\/prezode-initiative.org\/es\/wp-json\/wp\/v2\/pages\/5184","targetHints":{"allow":["GET"]}}],"collection":[{"href":"https:\/\/prezode-initiative.org\/es\/wp-json\/wp\/v2\/pages"}],"about":[{"href":"https:\/\/prezode-initiative.org\/es\/wp-json\/wp\/v2\/types\/page"}],"author":[{"embeddable":true,"href":"https:\/\/prezode-initiative.org\/es\/wp-json\/wp\/v2\/users\/1"}],"replies":[{"embeddable":true,"href":"https:\/\/prezode-initiative.org\/es\/wp-json\/wp\/v2\/comments?post=5184"}],"version-history":[{"count":2,"href":"https:\/\/prezode-initiative.org\/es\/wp-json\/wp\/v2\/pages\/5184\/revisions"}],"predecessor-version":[{"id":5192,"href":"https:\/\/prezode-initiative.org\/es\/wp-json\/wp\/v2\/pages\/5184\/revisions\/5192"}],"wp:attachment":[{"href":"https:\/\/prezode-initiative.org\/es\/wp-json\/wp\/v2\/media?parent=5184"}],"curies":[{"name":"wp","href":"https:\/\/api.w.org\/{rel}","templated":true}]}}