{"id":5170,"date":"2025-03-13T11:41:29","date_gmt":"2025-03-13T10:41:29","guid":{"rendered":"https:\/\/prezode-initiative.org\/el-papel-del-secretariado\/"},"modified":"2026-03-25T17:33:51","modified_gmt":"2026-03-25T16:33:51","slug":"el-papel-del-secretariado","status":"publish","type":"page","link":"https:\/\/prezode-initiative.org\/es\/el-papel-del-secretariado\/","title":{"rendered":"El papel del Secretariado"},"content":{"rendered":"\n<h2 class=\"wp-block-heading\"><strong>La Secretar\u00eda se encarga de coordinar y ejecutar las actividades cotidianas de la Iniciativa PREZODE.<\/strong><\/h2>\n\n<p><\/p>\n\n<h3 class=\"wp-block-heading\">Objetivos y actividades<\/h3>\n\n<ul class=\"wp-block-list\">\n<li>Apoyar al CS y a la AG en la organizaci\u00f3n de reuniones e informes;<\/li>\n\n\n\n<li>Preparar borradores de propuestas para que el CC los debata, valide y presente a la AG;<\/li>\n\n\n\n<li>Organizar elecciones para la AG y el CS;<\/li>\n\n\n\n<li>Apoyar a los grupos de trabajo adicionales, o comit\u00e9s operativos, sobre temas espec\u00edficos creados por el CS;<\/li>\n\n\n\n<li>Garantizar la disponibilidad de herramientas que faciliten la coordinaci\u00f3n, la colaboraci\u00f3n y la comunicaci\u00f3n entre los miembros;<\/li>\n\n\n\n<li>Prepara materiales de comunicaci\u00f3n para fomentar el intercambio con partes interesadas externas, o socios potenciales;<\/li>\n\n\n\n<li>Apoya la revisi\u00f3n y evaluaci\u00f3n de las actividades realizadas;<\/li>\n\n\n\n<li>Informar cada a\u00f1o sobre sus actividades y sobre cuestiones relacionadas con el presupuesto;<\/li>\n\n\n\n<li>Gestiona todas las cuestiones relacionadas con la protecci\u00f3n de datos personales de acuerdo con las normas aplicables.<\/li>\n<\/ul>\n\n<p><br \/>Para garantizar un funcionamiento eficaz, supervisar las actividades y gestionar los informes, la Secretar\u00eda participa como observadora en el <a href=\"https:\/\/prezode-initiative.org\/es\/el-papel-del-comite-director\/\" target=\"_blank\" rel=\"noreferrer noopener\">CS<\/a>.<\/p>\n\n<p><\/p>\n\n<h3 class=\"wp-block-heading\">Composici\u00f3n<br \/><\/h3>\n\n<div class=\"wp-block-buttons is-content-justification-left is-layout-flex wp-container-core-buttons-is-layout-fdcfc74e wp-block-buttons-is-layout-flex\">\n<div class=\"wp-block-button\"><a class=\"wp-block-button__link has-background-color has-pz-orange-background-color has-text-color has-background has-link-color wp-element-button\" href=\"https:\/\/prezode-initiative.org\/en\/members-type\/secretariat-excom\/\" target=\"_blank\" rel=\"noreferrer noopener\">Conoce a nuestro personal de la Secretar\u00eda y del Comit\u00e9 Ejecutivo<\/a><\/div>\n<\/div>\n\n<p>El Secretariado est\u00e1 compuesto por gestores de proyectos y personal administrativo. Est\u00e1 dirigida por un Secretario General.<br \/>Los recursos humanos, financieros y materiales de la Secretar\u00eda ser\u00e1n aportados de forma voluntaria por los miembros de PREZODE. Se lanzar\u00e1 una convocatoria entre los miembros para apoyar al Secretariado. Los miembros que as\u00ed lo acuerden suscribir\u00e1n un Acuerdo de Consorcio espec\u00edfico.<br \/>Como medida provisional, las reuniones del Secretariado ser\u00e1n convocadas por el comit\u00e9 preparatorio establecido antes de la creaci\u00f3n del Secretariado. El acuerdo definitivo de acogida del Secretariado ser\u00e1 aprobado posteriormente por los miembros de la AG.    <\/p>\n\n<p><\/p>\n","protected":false},"excerpt":{"rendered":"<p>La Secretar\u00eda se encarga de coordinar y ejecutar las actividades cotidianas de la Iniciativa PREZODE. Objetivos y actividades Para garantizar un funcionamiento eficaz, supervisar las actividades y gestionar los informes, la Secretar\u00eda participa como observadora en el CS. Composici\u00f3n El Secretariado est\u00e1 compuesto por gestores de proyectos y personal administrativo. Est\u00e1 dirigida por un Secretario<a href=\"https:\/\/prezode-initiative.org\/es\/el-papel-del-secretariado\/\">Continue reading <span class=\"sr-only\">\u00abEl papel del Secretariado\u00bb<\/span><\/a><\/p>\n","protected":false},"author":1,"featured_media":0,"parent":0,"menu_order":0,"comment_status":"closed","ping_status":"closed","template":"template-pages\/article-page.php","meta":{"_acf_changed":false,"footnotes":""},"class_list":["post-5170","page","type-page","status-publish","hentry"],"acf":[],"yoast_head":"<!-- This site is optimized with the Yoast SEO plugin v27.6 - https:\/\/yoast.com\/product\/yoast-seo-wordpress\/ -->\n<title>El papel del Secretariado - %<\/title>\n<meta name=\"description\" content=\"La Secretar\u00eda de PREZODE coordina y ejecuta las actividades cotidianas de la Iniciativa. Los recursos humanos, financieros y materiales de la Secretar\u00eda ser\u00e1n aportados de forma voluntaria por los miembros de PREZODE.\" \/>\n<meta name=\"robots\" content=\"index, follow, max-snippet:-1, max-image-preview:large, max-video-preview:-1\" \/>\n<link rel=\"canonical\" href=\"https:\/\/prezode-initiative.org\/es\/el-papel-del-secretariado\/\" \/>\n<meta property=\"og:locale\" content=\"es_ES\" \/>\n<meta property=\"og:type\" content=\"article\" \/>\n<meta property=\"og:title\" content=\"El papel del Secretariado - %\" \/>\n<meta property=\"og:description\" content=\"La Secretar\u00eda de PREZODE coordina y ejecuta las actividades cotidianas de la Iniciativa. Los recursos humanos, financieros y materiales de la Secretar\u00eda ser\u00e1n aportados de forma voluntaria por los miembros de PREZODE.\" \/>\n<meta property=\"og:url\" content=\"https:\/\/prezode-initiative.org\/es\/el-papel-del-secretariado\/\" \/>\n<meta property=\"og:site_name\" content=\"Prezode\" \/>\n<meta property=\"article:modified_time\" content=\"2026-03-25T16:33:51+00:00\" \/>\n<meta name=\"twitter:card\" content=\"summary_large_image\" \/>\n<meta name=\"twitter:label1\" content=\"Tiempo de lectura\" \/>\n\t<meta name=\"twitter:data1\" content=\"1 minuto\" \/>\n<script type=\"application\/ld+json\" class=\"yoast-schema-graph\">{\"@context\":\"https:\\\/\\\/schema.org\",\"@graph\":[{\"@type\":\"WebPage\",\"@id\":\"https:\\\/\\\/prezode-initiative.org\\\/es\\\/el-papel-del-secretariado\\\/\",\"url\":\"https:\\\/\\\/prezode-initiative.org\\\/es\\\/el-papel-del-secretariado\\\/\",\"name\":\"El papel del Secretariado - %\",\"isPartOf\":{\"@id\":\"https:\\\/\\\/prezode-initiative.org\\\/es\\\/#website\"},\"datePublished\":\"2025-03-13T10:41:29+00:00\",\"dateModified\":\"2026-03-25T16:33:51+00:00\",\"description\":\"La Secretar\u00eda de PREZODE coordina y ejecuta las actividades cotidianas de la Iniciativa. Los recursos humanos, financieros y materiales de la Secretar\u00eda ser\u00e1n aportados de forma voluntaria por los miembros de PREZODE.\",\"breadcrumb\":{\"@id\":\"https:\\\/\\\/prezode-initiative.org\\\/es\\\/el-papel-del-secretariado\\\/#breadcrumb\"},\"inLanguage\":\"es\",\"potentialAction\":[{\"@type\":\"ReadAction\",\"target\":[\"https:\\\/\\\/prezode-initiative.org\\\/es\\\/el-papel-del-secretariado\\\/\"]}]},{\"@type\":\"BreadcrumbList\",\"@id\":\"https:\\\/\\\/prezode-initiative.org\\\/es\\\/el-papel-del-secretariado\\\/#breadcrumb\",\"itemListElement\":[{\"@type\":\"ListItem\",\"position\":1,\"name\":\"Home\",\"item\":\"https:\\\/\\\/prezode-initiative.org\\\/es\\\/\"},{\"@type\":\"ListItem\",\"position\":2,\"name\":\"El papel del Secretariado\"}]},{\"@type\":\"WebSite\",\"@id\":\"https:\\\/\\\/prezode-initiative.org\\\/es\\\/#website\",\"url\":\"https:\\\/\\\/prezode-initiative.org\\\/es\\\/\",\"name\":\"Prezode\",\"description\":\"\",\"publisher\":{\"@id\":\"https:\\\/\\\/prezode-initiative.org\\\/es\\\/#organization\"},\"potentialAction\":[{\"@type\":\"SearchAction\",\"target\":{\"@type\":\"EntryPoint\",\"urlTemplate\":\"https:\\\/\\\/prezode-initiative.org\\\/es\\\/?s={search_term_string}\"},\"query-input\":{\"@type\":\"PropertyValueSpecification\",\"valueRequired\":true,\"valueName\":\"search_term_string\"}}],\"inLanguage\":\"es\"},{\"@type\":\"Organization\",\"@id\":\"https:\\\/\\\/prezode-initiative.org\\\/es\\\/#organization\",\"name\":\"Prezode\",\"url\":\"https:\\\/\\\/prezode-initiative.org\\\/es\\\/\",\"logo\":{\"@type\":\"ImageObject\",\"inLanguage\":\"es\",\"@id\":\"https:\\\/\\\/prezode-initiative.org\\\/es\\\/#\\\/schema\\\/logo\\\/image\\\/\",\"url\":\"https:\\\/\\\/prezode-initiative.org\\\/wp-content\\\/uploads\\\/2025\\\/02\\\/logo.png\",\"contentUrl\":\"https:\\\/\\\/prezode-initiative.org\\\/wp-content\\\/uploads\\\/2025\\\/02\\\/logo.png\",\"width\":168,\"height\":118,\"caption\":\"Prezode\"},\"image\":{\"@id\":\"https:\\\/\\\/prezode-initiative.org\\\/es\\\/#\\\/schema\\\/logo\\\/image\\\/\"}}]}<\/script>\n<!-- \/ Yoast SEO plugin. -->","yoast_head_json":{"title":"El papel del Secretariado - %","description":"La Secretar\u00eda de PREZODE coordina y ejecuta las actividades cotidianas de la Iniciativa. Los recursos humanos, financieros y materiales de la Secretar\u00eda ser\u00e1n aportados de forma voluntaria por los miembros de PREZODE.","robots":{"index":"index","follow":"follow","max-snippet":"max-snippet:-1","max-image-preview":"max-image-preview:large","max-video-preview":"max-video-preview:-1"},"canonical":"https:\/\/prezode-initiative.org\/es\/el-papel-del-secretariado\/","og_locale":"es_ES","og_type":"article","og_title":"El papel del Secretariado - %","og_description":"La Secretar\u00eda de PREZODE coordina y ejecuta las actividades cotidianas de la Iniciativa. Los recursos humanos, financieros y materiales de la Secretar\u00eda ser\u00e1n aportados de forma voluntaria por los miembros de PREZODE.","og_url":"https:\/\/prezode-initiative.org\/es\/el-papel-del-secretariado\/","og_site_name":"Prezode","article_modified_time":"2026-03-25T16:33:51+00:00","twitter_card":"summary_large_image","twitter_misc":{"Tiempo de lectura":"1 minuto"},"schema":{"@context":"https:\/\/schema.org","@graph":[{"@type":"WebPage","@id":"https:\/\/prezode-initiative.org\/es\/el-papel-del-secretariado\/","url":"https:\/\/prezode-initiative.org\/es\/el-papel-del-secretariado\/","name":"El papel del Secretariado - %","isPartOf":{"@id":"https:\/\/prezode-initiative.org\/es\/#website"},"datePublished":"2025-03-13T10:41:29+00:00","dateModified":"2026-03-25T16:33:51+00:00","description":"La Secretar\u00eda de PREZODE coordina y ejecuta las actividades cotidianas de la Iniciativa. Los recursos humanos, financieros y materiales de la Secretar\u00eda ser\u00e1n aportados de forma voluntaria por los miembros de PREZODE.","breadcrumb":{"@id":"https:\/\/prezode-initiative.org\/es\/el-papel-del-secretariado\/#breadcrumb"},"inLanguage":"es","potentialAction":[{"@type":"ReadAction","target":["https:\/\/prezode-initiative.org\/es\/el-papel-del-secretariado\/"]}]},{"@type":"BreadcrumbList","@id":"https:\/\/prezode-initiative.org\/es\/el-papel-del-secretariado\/#breadcrumb","itemListElement":[{"@type":"ListItem","position":1,"name":"Home","item":"https:\/\/prezode-initiative.org\/es\/"},{"@type":"ListItem","position":2,"name":"El papel del Secretariado"}]},{"@type":"WebSite","@id":"https:\/\/prezode-initiative.org\/es\/#website","url":"https:\/\/prezode-initiative.org\/es\/","name":"Prezode","description":"","publisher":{"@id":"https:\/\/prezode-initiative.org\/es\/#organization"},"potentialAction":[{"@type":"SearchAction","target":{"@type":"EntryPoint","urlTemplate":"https:\/\/prezode-initiative.org\/es\/?s={search_term_string}"},"query-input":{"@type":"PropertyValueSpecification","valueRequired":true,"valueName":"search_term_string"}}],"inLanguage":"es"},{"@type":"Organization","@id":"https:\/\/prezode-initiative.org\/es\/#organization","name":"Prezode","url":"https:\/\/prezode-initiative.org\/es\/","logo":{"@type":"ImageObject","inLanguage":"es","@id":"https:\/\/prezode-initiative.org\/es\/#\/schema\/logo\/image\/","url":"https:\/\/prezode-initiative.org\/wp-content\/uploads\/2025\/02\/logo.png","contentUrl":"https:\/\/prezode-initiative.org\/wp-content\/uploads\/2025\/02\/logo.png","width":168,"height":118,"caption":"Prezode"},"image":{"@id":"https:\/\/prezode-initiative.org\/es\/#\/schema\/logo\/image\/"}}]}},"_links":{"self":[{"href":"https:\/\/prezode-initiative.org\/es\/wp-json\/wp\/v2\/pages\/5170","targetHints":{"allow":["GET"]}}],"collection":[{"href":"https:\/\/prezode-initiative.org\/es\/wp-json\/wp\/v2\/pages"}],"about":[{"href":"https:\/\/prezode-initiative.org\/es\/wp-json\/wp\/v2\/types\/page"}],"author":[{"embeddable":true,"href":"https:\/\/prezode-initiative.org\/es\/wp-json\/wp\/v2\/users\/1"}],"replies":[{"embeddable":true,"href":"https:\/\/prezode-initiative.org\/es\/wp-json\/wp\/v2\/comments?post=5170"}],"version-history":[{"count":3,"href":"https:\/\/prezode-initiative.org\/es\/wp-json\/wp\/v2\/pages\/5170\/revisions"}],"predecessor-version":[{"id":5193,"href":"https:\/\/prezode-initiative.org\/es\/wp-json\/wp\/v2\/pages\/5170\/revisions\/5193"}],"wp:attachment":[{"href":"https:\/\/prezode-initiative.org\/es\/wp-json\/wp\/v2\/media?parent=5170"}],"curies":[{"name":"wp","href":"https:\/\/api.w.org\/{rel}","templated":true}]}}