{"id":5148,"date":"2025-03-13T11:41:03","date_gmt":"2025-03-13T10:41:03","guid":{"rendered":"https:\/\/prezode-initiative.org\/papel-y-responsabilidades-de-la-asamblea-general\/"},"modified":"2026-03-25T17:33:46","modified_gmt":"2026-03-25T16:33:46","slug":"papel-y-responsabilidades-de-la-asamblea-general","status":"publish","type":"page","link":"https:\/\/prezode-initiative.org\/es\/papel-y-responsabilidades-de-la-asamblea-general\/","title":{"rendered":"Papel y responsabilidades de la Asamblea General"},"content":{"rendered":"\n<h2 class=\"wp-block-heading\">La AG, que re\u00fane a los representantes de <a href=\"https:\/\/prezode-initiative.org\/en\/our-members\/\" target=\"_blank\" rel=\"noreferrer noopener\">los miembros de PREZODE<\/a>, se encarga de revisar y adoptar la estrategia y los resultados de la iniciativa, que se elaboran a partir de las propuestas del CC. La Secretar\u00eda apoya a estos \u00f3rganos y coordina y ejecuta las actividades diarias de la iniciativa PREZODE. <\/h2>\n\n<p><br\/><\/p>\n\n<h3 class=\"wp-block-heading has-text-color has-link-color wp-elements-8a3d07b70b6d7bb2194479fa73f6dfa9\" style=\"color:#2894bf\">Objetivos y actividades<\/h3>\n\n<p>La Asamblea General (AG) es el \u00f3rgano encargado de revisar y adoptar las orientaciones y los resultados elaborados por el Comit\u00e9 Directivo (CD).<br\/>En particular, lo har\u00e1:<\/p>\n\n<ul class=\"wp-block-list\">\n<li>Adoptar la gobernanza y su mandato.<\/li>\n\n\n\n<li>Adoptar la Agenda Estrat\u00e9gica.<\/li>\n\n\n\n<li>Adoptar planes de trabajo y presupuestos anuales.<\/li>\n\n\n\n<li>Adoptar otras orientaciones estrat\u00e9gicas.<\/li>\n\n\n\n<li>Revisa el progreso de la iniciativa y proporciona orientaci\u00f3n general.<\/li>\n\n\n\n<li>Acepta o excluye a miembros seg\u00fan lo especificado en la secci\u00f3n Membres\u00eda m\u00e1s arriba.<\/li>\n<\/ul>\n\n<p>Adem\u00e1s, la AG tendr\u00e1 la posibilidad de proponer nuevas iniciativas o actividades complementarias para que sean asumidas y desarrolladas por el CS.<br\/>Por \u00faltimo, la AG se encargar\u00e1 de elegir a su Presidente y Vicepresidente.<\/p>\n\n<h3 class=\"wp-block-heading has-text-color has-link-color wp-elements-7d97f8fe010e28d111db9c73a745902f\" style=\"color:#2894bf\">Composici\u00f3n<\/h3>\n\n<p>La AG se compone de un representante por cada miembro y est\u00e1 presidida por un Presidente y un Vicepresidente.<\/p>\n\n<h3 class=\"wp-block-heading has-text-color has-link-color wp-elements-d98635ab46d49e579b32c86442fad1b0\" style=\"color:#2894bf\">Funciones del Presidente y Vicepresidente de la AG<\/h3>\n\n<p>El Presidente de la AG preside las reuniones de la AG y est\u00e1 asistido por el Vicepresidente, que puede sustituir al Presidente cuando sea necesario. Deber\u00e1n: <\/p>\n\n<ul class=\"wp-block-list\">\n<li>Asesorar, en nombre de la AG, al CS y a la Secretar\u00eda sobre c\u00f3mo deben aplicarse las decisiones de la AG entre las reuniones de la AG;<\/li>\n\n\n\n<li>Representar a la iniciativa PREZODE en reuniones y relaciones bilaterales y multilaterales;<\/li>\n\n\n\n<li>Contribuir al prestigio e influencia de PREZODE en el \u00e1mbito internacional;<\/li>\n\n\n\n<li>Facilitar las conexiones con los gobiernos y las organizaciones regionales e internacionales al m\u00e1s alto nivel.<\/li>\n<\/ul>\n\n<h3 class=\"wp-block-heading has-text-color has-link-color wp-elements-7480c1c76b7d1f9b9c98a4bb00dfd2ec\" style=\"color:#2894bf\">Elecciones<\/h3>\n\n<p>El Presidente y el Vicepresidente son elegidos por los miembros de la AG de entre los representantes de los pa\u00edses firmantes para un mandato de dos a\u00f1os. Al final de este mandato, el Vicepresidente asume el papel de Presidente y se elige un nuevo Vicepresidente.<br\/>El Presidente y el Vicepresidente de la primera AG ser\u00e1n designados de entre los primeros pa\u00edses firmantes. A continuaci\u00f3n, la Secretar\u00eda organizar\u00e1 la elecci\u00f3n del Presidente y Vicepresidente de la siguiente AG en el plazo de un a\u00f1o.  <\/p>\n\n<h3 class=\"wp-block-heading has-text-color has-link-color wp-elements-05cb82d6b8104bcc33e560fdb57e228a\" style=\"color:#2894bf\">Reuniones<\/h3>\n\n<p>La AG se re\u00fane al menos una vez al a\u00f1o, pero tambi\u00e9n puede organizar reuniones extraordinarias, presenciales o virtuales, convocadas por la Secretar\u00eda.<br\/>La reuni\u00f3n anual de la AG puede ser organizada por el pa\u00eds que ostente la presidencia o vicepresidencia, o por cualquier pa\u00eds miembro que est\u00e9 dispuesto a hacerlo.<br\/>Los miembros de la AG pueden proponer puntos para el orden del d\u00eda y para la votaci\u00f3n. El borrador del orden del d\u00eda de la reuni\u00f3n de la AG se distribuir\u00e1 con antelaci\u00f3n, y la Secretar\u00eda facilitar\u00e1 posteriormente la documentaci\u00f3n de la reuni\u00f3n. <\/p>\n\n<h3 class=\"wp-block-heading has-text-color has-link-color wp-elements-9fdb9374ca791561ea3f39d333e82e35\" style=\"color:#2894bf\">Procedimiento y derechos de voto<\/h3>\n\n<p>Cada miembro de la AG tiene un voto. Todas las decisiones se tomar\u00e1n por consenso siempre que sea posible. Si no puede alcanzarse el consenso, las decisiones podr\u00e1n tomarse por mayor\u00eda simple de votos, con un qu\u00f3rum del 50% de los miembros;  <\/p>\n\n<p><\/p>\n\n<p><\/p>\n\n<div data-wp-interactive=\"core\/file\" class=\"wp-block-file\"><object data-wp-bind--hidden=\"!state.hasPdfPreview\" hidden class=\"wp-block-file__embed\" data=\"https:\/\/prezode-initiative.org\/wp-content\/uploads\/2025\/07\/PREZODE_ToR-adopted-2022.pdf\" type=\"application\/pdf\" style=\"width:100%;height:600px\" aria-label=\"Incrustado de PREZODE_ToR adopted-2022.\"><\/object><a id=\"wp-block-file--media-69e64dbc-7571-45b3-994a-68e2e68a8b0e\" href=\"https:\/\/prezode-initiative.org\/wp-content\/uploads\/2025\/07\/PREZODE_ToR-adopted-2022.pdf\">PREZODE_ToR adoptado-2022<\/a><a href=\"https:\/\/prezode-initiative.org\/wp-content\/uploads\/2025\/07\/PREZODE_ToR-adopted-2022.pdf\" class=\"wp-block-file__button wp-element-button\" download=\"\" aria-describedby=\"wp-block-file--media-69e64dbc-7571-45b3-994a-68e2e68a8b0e\">Descarga<\/a><\/div>\n\n<p><\/p>\n\n<p><\/p>\n\n<p><\/p>\n","protected":false},"excerpt":{"rendered":"<p>La AG, que re\u00fane a los representantes de los miembros de PREZODE, se encarga de revisar y adoptar la estrategia y los resultados de la iniciativa, que se elaboran a partir de las propuestas del CC. La Secretar\u00eda apoya a estos \u00f3rganos y coordina y ejecuta las actividades diarias de la iniciativa PREZODE. Objetivos y<a href=\"https:\/\/prezode-initiative.org\/es\/papel-y-responsabilidades-de-la-asamblea-general\/\">Continue reading <span class=\"sr-only\">\u00abPapel y responsabilidades de la Asamblea General\u00bb<\/span><\/a><\/p>\n","protected":false},"author":1,"featured_media":0,"parent":0,"menu_order":0,"comment_status":"closed","ping_status":"closed","template":"template-pages\/article-page.php","meta":{"_acf_changed":false,"footnotes":""},"class_list":["post-5148","page","type-page","status-publish","hentry"],"acf":[],"yoast_head":"<!-- This site is optimized with the Yoast SEO plugin v27.6 - https:\/\/yoast.com\/product\/yoast-seo-wordpress\/ -->\n<title>Papel y responsabilidades de la Asamblea General - %<\/title>\n<meta name=\"description\" content=\"La Asamblea General (AG), revisa y adopta la estrategia y los resultados de la iniciativa bas\u00e1ndose en las propuestas elaboradas por el Comit\u00e9 Director.\" \/>\n<meta name=\"robots\" content=\"index, follow, max-snippet:-1, max-image-preview:large, max-video-preview:-1\" \/>\n<link rel=\"canonical\" href=\"https:\/\/prezode-initiative.org\/es\/papel-y-responsabilidades-de-la-asamblea-general\/\" \/>\n<meta property=\"og:locale\" content=\"es_ES\" \/>\n<meta property=\"og:type\" content=\"article\" \/>\n<meta property=\"og:title\" content=\"Papel y responsabilidades de la Asamblea General - %\" \/>\n<meta property=\"og:description\" content=\"La Asamblea General (AG), revisa y adopta la estrategia y los resultados de la iniciativa bas\u00e1ndose en las propuestas elaboradas por el Comit\u00e9 Director.\" \/>\n<meta property=\"og:url\" content=\"https:\/\/prezode-initiative.org\/es\/papel-y-responsabilidades-de-la-asamblea-general\/\" \/>\n<meta property=\"og:site_name\" content=\"Prezode\" \/>\n<meta property=\"article:modified_time\" content=\"2026-03-25T16:33:46+00:00\" \/>\n<meta name=\"twitter:card\" content=\"summary_large_image\" \/>\n<meta name=\"twitter:label1\" content=\"Tiempo de lectura\" \/>\n\t<meta name=\"twitter:data1\" content=\"3 minutos\" \/>\n<script type=\"application\/ld+json\" class=\"yoast-schema-graph\">{\"@context\":\"https:\\\/\\\/schema.org\",\"@graph\":[{\"@type\":\"WebPage\",\"@id\":\"https:\\\/\\\/prezode-initiative.org\\\/es\\\/papel-y-responsabilidades-de-la-asamblea-general\\\/\",\"url\":\"https:\\\/\\\/prezode-initiative.org\\\/es\\\/papel-y-responsabilidades-de-la-asamblea-general\\\/\",\"name\":\"Papel y responsabilidades de la Asamblea General - %\",\"isPartOf\":{\"@id\":\"https:\\\/\\\/prezode-initiative.org\\\/es\\\/#website\"},\"datePublished\":\"2025-03-13T10:41:03+00:00\",\"dateModified\":\"2026-03-25T16:33:46+00:00\",\"description\":\"La Asamblea General (AG), revisa y adopta la estrategia y los resultados de la iniciativa bas\u00e1ndose en las propuestas elaboradas por el Comit\u00e9 Director.\",\"breadcrumb\":{\"@id\":\"https:\\\/\\\/prezode-initiative.org\\\/es\\\/papel-y-responsabilidades-de-la-asamblea-general\\\/#breadcrumb\"},\"inLanguage\":\"es\",\"potentialAction\":[{\"@type\":\"ReadAction\",\"target\":[\"https:\\\/\\\/prezode-initiative.org\\\/es\\\/papel-y-responsabilidades-de-la-asamblea-general\\\/\"]}]},{\"@type\":\"BreadcrumbList\",\"@id\":\"https:\\\/\\\/prezode-initiative.org\\\/es\\\/papel-y-responsabilidades-de-la-asamblea-general\\\/#breadcrumb\",\"itemListElement\":[{\"@type\":\"ListItem\",\"position\":1,\"name\":\"Home\",\"item\":\"https:\\\/\\\/prezode-initiative.org\\\/es\\\/\"},{\"@type\":\"ListItem\",\"position\":2,\"name\":\"Papel y responsabilidades de la Asamblea General\"}]},{\"@type\":\"WebSite\",\"@id\":\"https:\\\/\\\/prezode-initiative.org\\\/es\\\/#website\",\"url\":\"https:\\\/\\\/prezode-initiative.org\\\/es\\\/\",\"name\":\"Prezode\",\"description\":\"\",\"publisher\":{\"@id\":\"https:\\\/\\\/prezode-initiative.org\\\/es\\\/#organization\"},\"potentialAction\":[{\"@type\":\"SearchAction\",\"target\":{\"@type\":\"EntryPoint\",\"urlTemplate\":\"https:\\\/\\\/prezode-initiative.org\\\/es\\\/?s={search_term_string}\"},\"query-input\":{\"@type\":\"PropertyValueSpecification\",\"valueRequired\":true,\"valueName\":\"search_term_string\"}}],\"inLanguage\":\"es\"},{\"@type\":\"Organization\",\"@id\":\"https:\\\/\\\/prezode-initiative.org\\\/es\\\/#organization\",\"name\":\"Prezode\",\"url\":\"https:\\\/\\\/prezode-initiative.org\\\/es\\\/\",\"logo\":{\"@type\":\"ImageObject\",\"inLanguage\":\"es\",\"@id\":\"https:\\\/\\\/prezode-initiative.org\\\/es\\\/#\\\/schema\\\/logo\\\/image\\\/\",\"url\":\"https:\\\/\\\/prezode-initiative.org\\\/wp-content\\\/uploads\\\/2025\\\/02\\\/logo.png\",\"contentUrl\":\"https:\\\/\\\/prezode-initiative.org\\\/wp-content\\\/uploads\\\/2025\\\/02\\\/logo.png\",\"width\":168,\"height\":118,\"caption\":\"Prezode\"},\"image\":{\"@id\":\"https:\\\/\\\/prezode-initiative.org\\\/es\\\/#\\\/schema\\\/logo\\\/image\\\/\"}}]}<\/script>\n<!-- \/ Yoast SEO plugin. -->","yoast_head_json":{"title":"Papel y responsabilidades de la Asamblea General - %","description":"La Asamblea General (AG), revisa y adopta la estrategia y los resultados de la iniciativa bas\u00e1ndose en las propuestas elaboradas por el Comit\u00e9 Director.","robots":{"index":"index","follow":"follow","max-snippet":"max-snippet:-1","max-image-preview":"max-image-preview:large","max-video-preview":"max-video-preview:-1"},"canonical":"https:\/\/prezode-initiative.org\/es\/papel-y-responsabilidades-de-la-asamblea-general\/","og_locale":"es_ES","og_type":"article","og_title":"Papel y responsabilidades de la Asamblea General - %","og_description":"La Asamblea General (AG), revisa y adopta la estrategia y los resultados de la iniciativa bas\u00e1ndose en las propuestas elaboradas por el Comit\u00e9 Director.","og_url":"https:\/\/prezode-initiative.org\/es\/papel-y-responsabilidades-de-la-asamblea-general\/","og_site_name":"Prezode","article_modified_time":"2026-03-25T16:33:46+00:00","twitter_card":"summary_large_image","twitter_misc":{"Tiempo de lectura":"3 minutos"},"schema":{"@context":"https:\/\/schema.org","@graph":[{"@type":"WebPage","@id":"https:\/\/prezode-initiative.org\/es\/papel-y-responsabilidades-de-la-asamblea-general\/","url":"https:\/\/prezode-initiative.org\/es\/papel-y-responsabilidades-de-la-asamblea-general\/","name":"Papel y responsabilidades de la Asamblea General - %","isPartOf":{"@id":"https:\/\/prezode-initiative.org\/es\/#website"},"datePublished":"2025-03-13T10:41:03+00:00","dateModified":"2026-03-25T16:33:46+00:00","description":"La Asamblea General (AG), revisa y adopta la estrategia y los resultados de la iniciativa bas\u00e1ndose en las propuestas elaboradas por el Comit\u00e9 Director.","breadcrumb":{"@id":"https:\/\/prezode-initiative.org\/es\/papel-y-responsabilidades-de-la-asamblea-general\/#breadcrumb"},"inLanguage":"es","potentialAction":[{"@type":"ReadAction","target":["https:\/\/prezode-initiative.org\/es\/papel-y-responsabilidades-de-la-asamblea-general\/"]}]},{"@type":"BreadcrumbList","@id":"https:\/\/prezode-initiative.org\/es\/papel-y-responsabilidades-de-la-asamblea-general\/#breadcrumb","itemListElement":[{"@type":"ListItem","position":1,"name":"Home","item":"https:\/\/prezode-initiative.org\/es\/"},{"@type":"ListItem","position":2,"name":"Papel y responsabilidades de la Asamblea General"}]},{"@type":"WebSite","@id":"https:\/\/prezode-initiative.org\/es\/#website","url":"https:\/\/prezode-initiative.org\/es\/","name":"Prezode","description":"","publisher":{"@id":"https:\/\/prezode-initiative.org\/es\/#organization"},"potentialAction":[{"@type":"SearchAction","target":{"@type":"EntryPoint","urlTemplate":"https:\/\/prezode-initiative.org\/es\/?s={search_term_string}"},"query-input":{"@type":"PropertyValueSpecification","valueRequired":true,"valueName":"search_term_string"}}],"inLanguage":"es"},{"@type":"Organization","@id":"https:\/\/prezode-initiative.org\/es\/#organization","name":"Prezode","url":"https:\/\/prezode-initiative.org\/es\/","logo":{"@type":"ImageObject","inLanguage":"es","@id":"https:\/\/prezode-initiative.org\/es\/#\/schema\/logo\/image\/","url":"https:\/\/prezode-initiative.org\/wp-content\/uploads\/2025\/02\/logo.png","contentUrl":"https:\/\/prezode-initiative.org\/wp-content\/uploads\/2025\/02\/logo.png","width":168,"height":118,"caption":"Prezode"},"image":{"@id":"https:\/\/prezode-initiative.org\/es\/#\/schema\/logo\/image\/"}}]}},"_links":{"self":[{"href":"https:\/\/prezode-initiative.org\/es\/wp-json\/wp\/v2\/pages\/5148","targetHints":{"allow":["GET"]}}],"collection":[{"href":"https:\/\/prezode-initiative.org\/es\/wp-json\/wp\/v2\/pages"}],"about":[{"href":"https:\/\/prezode-initiative.org\/es\/wp-json\/wp\/v2\/types\/page"}],"author":[{"embeddable":true,"href":"https:\/\/prezode-initiative.org\/es\/wp-json\/wp\/v2\/users\/1"}],"replies":[{"embeddable":true,"href":"https:\/\/prezode-initiative.org\/es\/wp-json\/wp\/v2\/comments?post=5148"}],"version-history":[{"count":4,"href":"https:\/\/prezode-initiative.org\/es\/wp-json\/wp\/v2\/pages\/5148\/revisions"}],"predecessor-version":[{"id":5181,"href":"https:\/\/prezode-initiative.org\/es\/wp-json\/wp\/v2\/pages\/5148\/revisions\/5181"}],"wp:attachment":[{"href":"https:\/\/prezode-initiative.org\/es\/wp-json\/wp\/v2\/media?parent=5148"}],"curies":[{"name":"wp","href":"https:\/\/api.w.org\/{rel}","templated":true}]}}