{"id":4988,"date":"2025-03-11T11:11:34","date_gmt":"2025-03-11T10:11:34","guid":{"rendered":"https:\/\/prezode-initiative.org\/vision-mision-y-valores\/"},"modified":"2026-03-25T17:46:34","modified_gmt":"2026-03-25T16:46:34","slug":"vision-mision-y-valores","status":"publish","type":"page","link":"https:\/\/prezode-initiative.org\/es\/vision-mision-y-valores\/","title":{"rendered":"Visi\u00f3n, Misi\u00f3n y Valores"},"content":{"rendered":"\n<h2 class=\"wp-block-heading\"><strong>La Iniciativa forma una red para facilitar y fortalecer las interacciones entre las organizaciones miembros. La membres\u00eda se basa en principios de entendimiento mutuo y colaboraci\u00f3n. <\/strong><\/h2>\n\n<p><\/p>\n\n<p><\/p>\n\n<h2 class=\"wp-block-heading alignwide has-pz-dark-blue-color has-text-color has-link-color wp-elements-4a6ea6cc1b0dea6b695638dd9f53cf43\"><strong>Visi\u00f3n y misi\u00f3n<\/strong><br\/><\/h2>\n\n<p>PREZODE aspira a un mundo donde el riesgo de nuevas pandemias zoon\u00f3ticas se reduzca, donde las pr\u00e1cticas de gesti\u00f3n de tierras sean sostenibles, y donde la seguridad alimentaria, las dietas saludables y los medios de vida est\u00e9n protegidos a trav\u00e9s de la coordinaci\u00f3n de programas de investigaci\u00f3n, el intercambio de conocimientos y el despliegue de pol\u00edticas operativas eficientes y pertinentes.<\/p>\n\n<h3 class=\"wp-block-heading has-tertiary-color has-text-color has-link-color wp-elements-ed9d631bd54e9f2f930631046805fe32\"><strong>Un marco compartido para fomentar la colaboraci\u00f3n y el impacto<\/strong><\/h3>\n\n<p><\/p>\n\n<p>PREZODE propone un <a href=\"https:\/\/prezode-initiative.org\/es\/la-agenda-estrategica\/\">marco cient\u00edfico<\/a> para llevar a cabo proyectos de investigaci\u00f3n y operativos, y para desarrollar y coordinar sistemas de vigilancia con el fin de prevenir los riesgos zoon\u00f3ticos, todo ello con el objetivo general de maximizar su impacto. Para lograr este objetivo, la iniciativa se apoya en programas conjuntos entre los miembros, la colaboraci\u00f3n con socios internacionales y la obtenci\u00f3n de financiamiento para garantizar la sostenibilidad del enfoque. <\/p>\n\n<p><\/p>\n\n<h3 class=\"wp-block-heading has-tertiary-color has-text-color has-link-color wp-elements-a9a91a07eeba02b947ccb5af31734794\">Fortalecimiento del conocimiento<\/h3>\n\n<p><\/p>\n\n<p>PREZODE est\u00e1 desarrollando una plataforma colaborativa para compartir conocimientos de proyectos pasados, actuales y futuros, y para capitalizar las actividades en diferentes regiones del mundo. Su objetivo es fortalecer e integrar conocimientos, innovaci\u00f3n, desarrollo de capacidades y acciones operativas que buscan tanto reducir el riesgo como detectar r\u00e1pidamente la emergencia de enfermedades zoon\u00f3ticas a nivel nacional, regional y global. <\/p>\n\n<p><\/p>\n\n<h3 class=\"wp-block-heading has-tertiary-color has-text-color has-link-color wp-elements-10861e86ab7551958b9a88607647d188\">Un centro de recursos<br\/><\/h3>\n\n<p>PREZODE pretende ser un centro de recursos que proporcione a los tomadores de decisiones herramientas e informaci\u00f3n para facilitar pol\u00edticas p\u00fablicas basadas en evidencia. PREZODE destacar\u00e1 ejemplos locales de estrategias de gesti\u00f3n de ecosistemas para reducir los riesgos de emergencia zoon\u00f3tica y fomentar la sostenibilidad econ\u00f3mica. Para 2030, PREZODE aspira a haber revertido la tendencia actual al alza de las zoonosis emergentes mediante acciones preventivas dise\u00f1adas conjuntamente con todas las partes interesadas relevantes.  <\/p>\n\n<p><\/p>\n\n<p><\/p>\n\n<h2 class=\"wp-block-heading alignwide has-pz-dark-blue-color has-text-color has-link-color wp-elements-f1995f57347f2d93c37e21af97d499ac\">Valores fundamentales<\/h2>\n\n<h4 class=\"wp-block-heading has-tertiary-color has-text-color has-link-color wp-elements-0e02953de8d6b1ab86eb16f73882bf89\"><strong>Al firmar la Declaraci\u00f3n de Intenciones, los miembros de PREZODE se comprometen a:<\/strong><\/h4>\n\n<ul class=\"wp-block-list\">\n<li>Reconocer que el 75 % de las enfermedades infecciosas emergentes son de origen zoon\u00f3tico y que los eventos de emergencia de enfermedades se est\u00e1n acelerando, principalmente debido a los impactos humanos sobre la naturaleza.<\/li>\n\n\n\n<li>Reconocer la complejidad de las relaciones existentes entre el uso de la tierra, los sistemas alimentarios y la salud ambiental, humana y animal, y espec\u00edficamente la necesidad de desentra\u00f1ar el v\u00ednculo entre las presiones sobre la biodiversidad y las enfermedades infecciosas emergentes.<\/li>\n\n\n\n<li>Constatar que las estrategias de preparaci\u00f3n no est\u00e1n dise\u00f1adas principalmente para prevenir pandemias.<\/li>\n\n\n\n<li>Enfatizar la necesidad de mitigar los riesgos de emergencia de enfermedades zoon\u00f3ticas.<\/li>\n\n\n\n<li>Enfatizar la necesidad de prevenir las pandemias antes de que surjan, asegurando al mismo tiempo la seguridad alimentaria y nutricional, adapt\u00e1ndose al cambio clim\u00e1tico, preservando la biodiversidad y los recursos naturales, y aliviando la pobreza.<\/li>\n\n\n\n<li>Enfatizar la necesidad de mejorar el conocimiento y desarrollar herramientas fiables involucrando a todas las partes interesadas y concernidas.<\/li>\n\n\n\n<li>Reconocer la necesidad de sistemas de alerta temprana eficientes para la detecci\u00f3n y acciones r\u00e1pidas que respondan a la emergencia tanto a nivel local como global.<\/li>\n\n\n\n<li>Enfatizar la necesidad de un monitoreo robusto y participativo de los riesgos de emergencia, respaldado por la investigaci\u00f3n e involucrando a todas las partes interesadas, actores de investigaci\u00f3n y de campo, responsables pol\u00edticos y la sociedad civil a trav\u00e9s de un enfoque \u00abOne Health\u00bb.<\/li>\n\n\n\n<li>Destacar el papel de las comunidades locales y de todas las partes interesadas en salud ambiental, animal y humana en la reducci\u00f3n de los riesgos de emergencia de enfermedades infecciosas a trav\u00e9s de su sensibilizaci\u00f3n y compromiso.<\/li>\n\n\n\n<li>Hacer un llamado a la acci\u00f3n concertada y al uso eficiente de los mecanismos y recursos financieros existentes para ampliar e integrar la investigaci\u00f3n, la innovaci\u00f3n, el desarrollo de capacidades y las acciones operativas destinadas a reducir el riesgo de emergencia de enfermedades zoon\u00f3ticas.<\/li>\n<\/ul>\n\n<h4 class=\"wp-block-heading has-tertiary-color has-text-color has-link-color wp-elements-e0a73f96a618904cca66959c8a2d2fe6\"><strong>Los miembros de PREZODE reconocen, cada uno en relaci\u00f3n con sus misiones y mandatos, la necesidad de:<\/strong><\/h4>\n\n<ul class=\"wp-block-list\">\n<li>Desarrollar y promover la aplicaci\u00f3n de directrices alineadas con la Agenda 2030 y que apoyen la mitigaci\u00f3n de los riesgos de emergencia de enfermedades zoon\u00f3ticas para fortalecer las pol\u00edticas p\u00fablicas, la cooperaci\u00f3n internacional y las acciones del sector privado.<\/li>\n\n\n\n<li>Fomentar la cooperaci\u00f3n entre y dentro de las iniciativas One Health existentes o relacionadas, en particular con el Panel de Expertos de Alto Nivel One Health, y sensibilizar sobre la importancia del enfoque One Health.<\/li>\n\n\n\n<li>Fomentar el lanzamiento de programas de investigaci\u00f3n, innovaci\u00f3n, educaci\u00f3n y desarrollo para mejorar y compartir m\u00e1s eficazmente los conocimientos sobre los riesgos de emergencia y propagaci\u00f3n de enfermedades zoon\u00f3ticas, y sobre las acciones de vigilancia y mitigaci\u00f3n.<\/li>\n\n\n\n<li>Capitalizar los comentarios de la gesti\u00f3n de eventos epid\u00e9micos anteriores para fortalecer los nuevos protocolos de preparaci\u00f3n.<\/li>\n\n\n\n<li>Evaluar ex ante los impactos de los proyectos agr\u00edcolas, de uso de la tierra y de desarrollo de infraestructuras sobre los riesgos de emergencia de enfermedades para humanos, ganado y fauna silvestre.<\/li>\n\n\n\n<li>Desarrollar estrategias de prevenci\u00f3n con las partes interesadas, en particular las comunidades locales y los tomadores de decisiones, a trav\u00e9s de un enfoque ascendente.<\/li>\n\n\n\n<li>Promover una agricultura sostenible, sistemas alimentarios y gesti\u00f3n del paisaje que respeten el enfoque One Health y contribuyan al fortalecimiento de la biodiversidad.<\/li>\n\n\n\n<li>Mejorar los sistemas de monitoreo y evaluaci\u00f3n temprana de amenazas en la interfaz humano-fauna silvestre-medio ambiente.<\/li>\n\n\n\n<li>Apoyar enfoques participativos para asegurar el empoderamiento de las comunidades en el desarrollo de soluciones innovadoras y su adopci\u00f3n en beneficio de todos.<\/li>\n\n\n\n<li>Asegurar la sostenibilidad de las acciones, en particular a trav\u00e9s del desarrollo de capacidades a largo plazo con la formaci\u00f3n de formadores y los programas educativos.<\/li>\n\n\n\n<li>Compartir nuestros proyectos, acciones, experiencias y resultados a trav\u00e9s de una plataforma com\u00fan, y organizar reuniones regulares de discusi\u00f3n y capitalizaci\u00f3n con el apoyo de la comunidad cient\u00edfica internacional.<\/li>\n\n\n\n<li>Promover las buenas pr\u00e1cticas en asociaciones p\u00fablico-privadas y colaboraci\u00f3n intersectorial dentro de un enfoque One Health integrado.<\/li>\n<\/ul>\n","protected":false},"excerpt":{"rendered":"<p>La Iniciativa forma una red para facilitar y fortalecer las interacciones entre las organizaciones miembros. La membres\u00eda se basa en principios de entendimiento mutuo y colaboraci\u00f3n. Visi\u00f3n y misi\u00f3n PREZODE aspira a un mundo donde el riesgo de nuevas pandemias zoon\u00f3ticas se reduzca, donde las pr\u00e1cticas de gesti\u00f3n de tierras sean sostenibles, y donde la<a href=\"https:\/\/prezode-initiative.org\/es\/vision-mision-y-valores\/\">Continue reading <span class=\"sr-only\">\u00abVisi\u00f3n, Misi\u00f3n y Valores\u00bb<\/span><\/a><\/p>\n","protected":false},"author":1,"featured_media":0,"parent":0,"menu_order":0,"comment_status":"closed","ping_status":"closed","template":"template-pages\/article-page.php","meta":{"_acf_changed":false,"footnotes":""},"class_list":["post-4988","page","type-page","status-publish","hentry"],"acf":[],"yoast_head":"<!-- This site is optimized with the Yoast SEO plugin v27.6 - https:\/\/yoast.com\/product\/yoast-seo-wordpress\/ -->\n<title>Visi\u00f3n, Misi\u00f3n y Valores - %<\/title>\n<meta name=\"robots\" content=\"index, follow, max-snippet:-1, max-image-preview:large, max-video-preview:-1\" \/>\n<link rel=\"canonical\" href=\"https:\/\/prezode-initiative.org\/es\/vision-mision-y-valores\/\" \/>\n<meta property=\"og:locale\" content=\"es_ES\" \/>\n<meta property=\"og:type\" content=\"article\" \/>\n<meta property=\"og:title\" content=\"Visi\u00f3n, Misi\u00f3n y Valores - %\" \/>\n<meta property=\"og:description\" content=\"La Iniciativa forma una red para facilitar y fortalecer las interacciones entre las organizaciones miembros. La membres\u00eda se basa en principios de entendimiento mutuo y colaboraci\u00f3n. Visi\u00f3n y misi\u00f3n PREZODE aspira a un mundo donde el riesgo de nuevas pandemias zoon\u00f3ticas se reduzca, donde las pr\u00e1cticas de gesti\u00f3n de tierras sean sostenibles, y donde laContinue reading &quot;Visi\u00f3n, Misi\u00f3n y Valores&quot;\" \/>\n<meta property=\"og:url\" content=\"https:\/\/prezode-initiative.org\/es\/vision-mision-y-valores\/\" \/>\n<meta property=\"og:site_name\" content=\"Prezode\" \/>\n<meta property=\"article:modified_time\" content=\"2026-03-25T16:46:34+00:00\" \/>\n<meta name=\"twitter:card\" content=\"summary_large_image\" \/>\n<meta name=\"twitter:label1\" content=\"Tiempo de lectura\" \/>\n\t<meta name=\"twitter:data1\" content=\"5 minutos\" \/>\n<script type=\"application\/ld+json\" class=\"yoast-schema-graph\">{\"@context\":\"https:\\\/\\\/schema.org\",\"@graph\":[{\"@type\":\"WebPage\",\"@id\":\"https:\\\/\\\/prezode-initiative.org\\\/es\\\/vision-mision-y-valores\\\/\",\"url\":\"https:\\\/\\\/prezode-initiative.org\\\/es\\\/vision-mision-y-valores\\\/\",\"name\":\"Visi\u00f3n, Misi\u00f3n y Valores - %\",\"isPartOf\":{\"@id\":\"https:\\\/\\\/prezode-initiative.org\\\/es\\\/#website\"},\"datePublished\":\"2025-03-11T10:11:34+00:00\",\"dateModified\":\"2026-03-25T16:46:34+00:00\",\"breadcrumb\":{\"@id\":\"https:\\\/\\\/prezode-initiative.org\\\/es\\\/vision-mision-y-valores\\\/#breadcrumb\"},\"inLanguage\":\"es\",\"potentialAction\":[{\"@type\":\"ReadAction\",\"target\":[\"https:\\\/\\\/prezode-initiative.org\\\/es\\\/vision-mision-y-valores\\\/\"]}]},{\"@type\":\"BreadcrumbList\",\"@id\":\"https:\\\/\\\/prezode-initiative.org\\\/es\\\/vision-mision-y-valores\\\/#breadcrumb\",\"itemListElement\":[{\"@type\":\"ListItem\",\"position\":1,\"name\":\"Home\",\"item\":\"https:\\\/\\\/prezode-initiative.org\\\/es\\\/\"},{\"@type\":\"ListItem\",\"position\":2,\"name\":\"Visi\u00f3n, Misi\u00f3n y Valores\"}]},{\"@type\":\"WebSite\",\"@id\":\"https:\\\/\\\/prezode-initiative.org\\\/es\\\/#website\",\"url\":\"https:\\\/\\\/prezode-initiative.org\\\/es\\\/\",\"name\":\"Prezode\",\"description\":\"\",\"publisher\":{\"@id\":\"https:\\\/\\\/prezode-initiative.org\\\/es\\\/#organization\"},\"potentialAction\":[{\"@type\":\"SearchAction\",\"target\":{\"@type\":\"EntryPoint\",\"urlTemplate\":\"https:\\\/\\\/prezode-initiative.org\\\/es\\\/?s={search_term_string}\"},\"query-input\":{\"@type\":\"PropertyValueSpecification\",\"valueRequired\":true,\"valueName\":\"search_term_string\"}}],\"inLanguage\":\"es\"},{\"@type\":\"Organization\",\"@id\":\"https:\\\/\\\/prezode-initiative.org\\\/es\\\/#organization\",\"name\":\"Prezode\",\"url\":\"https:\\\/\\\/prezode-initiative.org\\\/es\\\/\",\"logo\":{\"@type\":\"ImageObject\",\"inLanguage\":\"es\",\"@id\":\"https:\\\/\\\/prezode-initiative.org\\\/es\\\/#\\\/schema\\\/logo\\\/image\\\/\",\"url\":\"https:\\\/\\\/prezode-initiative.org\\\/wp-content\\\/uploads\\\/2025\\\/02\\\/logo.png\",\"contentUrl\":\"https:\\\/\\\/prezode-initiative.org\\\/wp-content\\\/uploads\\\/2025\\\/02\\\/logo.png\",\"width\":168,\"height\":118,\"caption\":\"Prezode\"},\"image\":{\"@id\":\"https:\\\/\\\/prezode-initiative.org\\\/es\\\/#\\\/schema\\\/logo\\\/image\\\/\"}}]}<\/script>\n<!-- \/ Yoast SEO plugin. -->","yoast_head_json":{"title":"Visi\u00f3n, Misi\u00f3n y Valores - %","robots":{"index":"index","follow":"follow","max-snippet":"max-snippet:-1","max-image-preview":"max-image-preview:large","max-video-preview":"max-video-preview:-1"},"canonical":"https:\/\/prezode-initiative.org\/es\/vision-mision-y-valores\/","og_locale":"es_ES","og_type":"article","og_title":"Visi\u00f3n, Misi\u00f3n y Valores - %","og_description":"La Iniciativa forma una red para facilitar y fortalecer las interacciones entre las organizaciones miembros. La membres\u00eda se basa en principios de entendimiento mutuo y colaboraci\u00f3n. Visi\u00f3n y misi\u00f3n PREZODE aspira a un mundo donde el riesgo de nuevas pandemias zoon\u00f3ticas se reduzca, donde las pr\u00e1cticas de gesti\u00f3n de tierras sean sostenibles, y donde laContinue reading \"Visi\u00f3n, Misi\u00f3n y Valores\"","og_url":"https:\/\/prezode-initiative.org\/es\/vision-mision-y-valores\/","og_site_name":"Prezode","article_modified_time":"2026-03-25T16:46:34+00:00","twitter_card":"summary_large_image","twitter_misc":{"Tiempo de lectura":"5 minutos"},"schema":{"@context":"https:\/\/schema.org","@graph":[{"@type":"WebPage","@id":"https:\/\/prezode-initiative.org\/es\/vision-mision-y-valores\/","url":"https:\/\/prezode-initiative.org\/es\/vision-mision-y-valores\/","name":"Visi\u00f3n, Misi\u00f3n y Valores - %","isPartOf":{"@id":"https:\/\/prezode-initiative.org\/es\/#website"},"datePublished":"2025-03-11T10:11:34+00:00","dateModified":"2026-03-25T16:46:34+00:00","breadcrumb":{"@id":"https:\/\/prezode-initiative.org\/es\/vision-mision-y-valores\/#breadcrumb"},"inLanguage":"es","potentialAction":[{"@type":"ReadAction","target":["https:\/\/prezode-initiative.org\/es\/vision-mision-y-valores\/"]}]},{"@type":"BreadcrumbList","@id":"https:\/\/prezode-initiative.org\/es\/vision-mision-y-valores\/#breadcrumb","itemListElement":[{"@type":"ListItem","position":1,"name":"Home","item":"https:\/\/prezode-initiative.org\/es\/"},{"@type":"ListItem","position":2,"name":"Visi\u00f3n, Misi\u00f3n y Valores"}]},{"@type":"WebSite","@id":"https:\/\/prezode-initiative.org\/es\/#website","url":"https:\/\/prezode-initiative.org\/es\/","name":"Prezode","description":"","publisher":{"@id":"https:\/\/prezode-initiative.org\/es\/#organization"},"potentialAction":[{"@type":"SearchAction","target":{"@type":"EntryPoint","urlTemplate":"https:\/\/prezode-initiative.org\/es\/?s={search_term_string}"},"query-input":{"@type":"PropertyValueSpecification","valueRequired":true,"valueName":"search_term_string"}}],"inLanguage":"es"},{"@type":"Organization","@id":"https:\/\/prezode-initiative.org\/es\/#organization","name":"Prezode","url":"https:\/\/prezode-initiative.org\/es\/","logo":{"@type":"ImageObject","inLanguage":"es","@id":"https:\/\/prezode-initiative.org\/es\/#\/schema\/logo\/image\/","url":"https:\/\/prezode-initiative.org\/wp-content\/uploads\/2025\/02\/logo.png","contentUrl":"https:\/\/prezode-initiative.org\/wp-content\/uploads\/2025\/02\/logo.png","width":168,"height":118,"caption":"Prezode"},"image":{"@id":"https:\/\/prezode-initiative.org\/es\/#\/schema\/logo\/image\/"}}]}},"_links":{"self":[{"href":"https:\/\/prezode-initiative.org\/es\/wp-json\/wp\/v2\/pages\/4988","targetHints":{"allow":["GET"]}}],"collection":[{"href":"https:\/\/prezode-initiative.org\/es\/wp-json\/wp\/v2\/pages"}],"about":[{"href":"https:\/\/prezode-initiative.org\/es\/wp-json\/wp\/v2\/types\/page"}],"author":[{"embeddable":true,"href":"https:\/\/prezode-initiative.org\/es\/wp-json\/wp\/v2\/users\/1"}],"replies":[{"embeddable":true,"href":"https:\/\/prezode-initiative.org\/es\/wp-json\/wp\/v2\/comments?post=4988"}],"version-history":[{"count":1,"href":"https:\/\/prezode-initiative.org\/es\/wp-json\/wp\/v2\/pages\/4988\/revisions"}],"predecessor-version":[{"id":5004,"href":"https:\/\/prezode-initiative.org\/es\/wp-json\/wp\/v2\/pages\/4988\/revisions\/5004"}],"wp:attachment":[{"href":"https:\/\/prezode-initiative.org\/es\/wp-json\/wp\/v2\/media?parent=4988"}],"curies":[{"name":"wp","href":"https:\/\/api.w.org\/{rel}","templated":true}]}}