{"id":4973,"date":"2025-03-12T14:20:41","date_gmt":"2025-03-12T13:20:41","guid":{"rendered":"https:\/\/prezode-initiative.org\/la-agenda-estrategica\/"},"modified":"2026-03-25T17:33:40","modified_gmt":"2026-03-25T16:33:40","slug":"la-agenda-estrategica","status":"publish","type":"page","link":"https:\/\/prezode-initiative.org\/es\/la-agenda-estrategica\/","title":{"rendered":"La Agenda Estrat\u00e9gica"},"content":{"rendered":"\n<h2 class=\"wp-block-heading\"><strong>Hoja de ruta para la investigaci\u00f3n y las operaciones, <strong>la Agenda Estrat\u00e9gica <\/strong>de PREZODE explora una serie de temas de investigaci\u00f3n, apoyando la vigilancia y las acciones operativas para cada uno.<\/strong><br\/><\/h2>\n\n<p><\/p>\n\n<p>Los miembros de PREZODE adoptaron por amplia mayor\u00eda (98 % de los votos) la Agenda Estrat\u00e9gica destinada a ser su hoja de ruta para la investigaci\u00f3n y las operaciones durante los pr\u00f3ximos 10 a\u00f1os. El documento detalla las brechas de conocimiento en investigaci\u00f3n que deben llenarse y las actividades operativas a abordar durante este per\u00edodo a mediano y largo plazo. Tambi\u00e9n proporciona una v\u00eda de impacto global sobre c\u00f3mo PREZODE contribuir\u00e1 a prevenir la emergencia de enfermedades zoon\u00f3ticas. Los objetivos y misiones presentados en la Agenda Estrat\u00e9gica est\u00e1n organizados en cinco Pilares:    <\/p>\n\n<ul class=\"wp-block-list\">\n<li><strong>Pilar 1. Comprender los riesgos zoon\u00f3ticos y las actividades de riesgo <\/strong><\/li>\n\n\n\n<li><strong>Pilar 2. Co-dise\u00f1ar soluciones para reducir los riesgos zoon\u00f3ticos <\/strong><\/li>\n\n\n\n<li><strong>Pilar 3. Reforzar los sistemas de alerta temprana para detectar riesgos zoon\u00f3ticos <\/strong><\/li>\n\n\n\n<li><strong>Pilar 4. Creaci\u00f3n de un prototipo de sistema mundial de informaci\u00f3n para la vigilancia y la detecci\u00f3n precoz <\/strong><\/li>\n\n\n\n<li><strong>Pilar 5. Implicar a las partes interesadas y co-dise\u00f1ar redes y pol\u00edticas de \u00abUna sola salud\u00bb (transversal) <\/strong><\/li>\n<\/ul>\n\n<p>Para alcanzar los objetivos y misiones presentados en la agenda, se han establecido cinco grupos de trabajo por Pilar.<\/p>\n\n<h3 class=\"wp-block-heading\">Los resultados de la agenda a partir de una amplia consulta participativa<\/h3>\n\n<p>La agenda se basa en el an\u00e1lisis de una amplia consulta participativa multidisciplinaria, el mayor proceso de codise\u00f1o en este campo hasta la fecha. Realizado de enero de 2021 a junio de 2022, las sesiones involucraron a profesionales (investigadores, partes interesadas y tomadores de decisiones) de m\u00e1s de 128 pa\u00edses. <\/p>\n\n<p>Esta primera versi\u00f3n est\u00e1 destinada a evolucionar con el tiempo mediante un proceso de reevaluaci\u00f3n por parte del Comit\u00e9 Directivo de PREZODE y el Consejo Cient\u00edfico Asesor que se organizar\u00e1n cada dos a\u00f1os. La pr\u00f3xima versi\u00f3n proporcionar\u00e1 informaci\u00f3n sobre c\u00f3mo esta agenda se sincronizar\u00e1 con otras agendas estrat\u00e9gicas sobre temas relacionados, como el cambio clim\u00e1tico, la seguridad alimentaria y la p\u00e9rdida de biodiversidad, entre otros. <\/p>\n\n<p><\/p>\n\n<div class=\"wp-block-buttons is-layout-flex wp-block-buttons-is-layout-flex\">\n<div class=\"wp-block-button\"><a class=\"wp-block-button__link has-background-color has-text-color has-background has-link-color wp-element-button\" href=\"https:\/\/prezode-initiative.org\/wp-content\/uploads\/2025\/03\/PREZODE_Strategic_Agenda.pdf\" style=\"background-color:#db541a\">Descargar la Agenda Estrat\u00e9gica (.pdf)<\/a><\/div>\n<\/div>\n\n<p><\/p>\n\n<p><\/p>\n","protected":false},"excerpt":{"rendered":"<p>Hoja de ruta para la investigaci\u00f3n y las operaciones, la Agenda Estrat\u00e9gica de PREZODE explora una serie de temas de investigaci\u00f3n, apoyando la vigilancia y las acciones operativas para cada uno. Los miembros de PREZODE adoptaron por amplia mayor\u00eda (98 % de los votos) la Agenda Estrat\u00e9gica destinada a ser su hoja de ruta para<a href=\"https:\/\/prezode-initiative.org\/es\/la-agenda-estrategica\/\">Continue reading <span class=\"sr-only\">\u00abLa Agenda Estrat\u00e9gica\u00bb<\/span><\/a><\/p>\n","protected":false},"author":1,"featured_media":0,"parent":0,"menu_order":0,"comment_status":"closed","ping_status":"closed","template":"template-pages\/article-page.php","meta":{"_acf_changed":false,"footnotes":""},"class_list":["post-4973","page","type-page","status-publish","hentry"],"acf":[],"yoast_head":"<!-- This site is optimized with the Yoast SEO plugin v27.6 - https:\/\/yoast.com\/product\/yoast-seo-wordpress\/ -->\n<title>La Agenda Estrat\u00e9gica - %<\/title>\n<meta name=\"description\" content=\"PREZODE se basa en cinco pilares; la agenda estrat\u00e9gica explora una serie de temas de investigaci\u00f3n, apoyando la vigilancia y las acciones operativas para cada uno.\" \/>\n<meta name=\"robots\" content=\"index, follow, max-snippet:-1, max-image-preview:large, max-video-preview:-1\" \/>\n<link rel=\"canonical\" href=\"https:\/\/prezode-initiative.org\/es\/la-agenda-estrategica\/\" \/>\n<meta property=\"og:locale\" content=\"es_ES\" \/>\n<meta property=\"og:type\" content=\"article\" \/>\n<meta property=\"og:title\" content=\"La Agenda Estrat\u00e9gica - %\" \/>\n<meta property=\"og:description\" content=\"PREZODE se basa en cinco pilares; la agenda estrat\u00e9gica explora una serie de temas de investigaci\u00f3n, apoyando la vigilancia y las acciones operativas para cada uno.\" \/>\n<meta property=\"og:url\" content=\"https:\/\/prezode-initiative.org\/es\/la-agenda-estrategica\/\" \/>\n<meta property=\"og:site_name\" content=\"Prezode\" \/>\n<meta property=\"article:modified_time\" content=\"2026-03-25T16:33:40+00:00\" \/>\n<meta name=\"twitter:card\" content=\"summary_large_image\" \/>\n<meta name=\"twitter:label1\" content=\"Tiempo de lectura\" \/>\n\t<meta name=\"twitter:data1\" content=\"2 minutos\" \/>\n<script type=\"application\/ld+json\" class=\"yoast-schema-graph\">{\"@context\":\"https:\\\/\\\/schema.org\",\"@graph\":[{\"@type\":\"WebPage\",\"@id\":\"https:\\\/\\\/prezode-initiative.org\\\/es\\\/la-agenda-estrategica\\\/\",\"url\":\"https:\\\/\\\/prezode-initiative.org\\\/es\\\/la-agenda-estrategica\\\/\",\"name\":\"La Agenda Estrat\u00e9gica - %\",\"isPartOf\":{\"@id\":\"https:\\\/\\\/prezode-initiative.org\\\/es\\\/#website\"},\"datePublished\":\"2025-03-12T13:20:41+00:00\",\"dateModified\":\"2026-03-25T16:33:40+00:00\",\"description\":\"PREZODE se basa en cinco pilares; la agenda estrat\u00e9gica explora una serie de temas de investigaci\u00f3n, apoyando la vigilancia y las acciones operativas para cada uno.\",\"breadcrumb\":{\"@id\":\"https:\\\/\\\/prezode-initiative.org\\\/es\\\/la-agenda-estrategica\\\/#breadcrumb\"},\"inLanguage\":\"es\",\"potentialAction\":[{\"@type\":\"ReadAction\",\"target\":[\"https:\\\/\\\/prezode-initiative.org\\\/es\\\/la-agenda-estrategica\\\/\"]}]},{\"@type\":\"BreadcrumbList\",\"@id\":\"https:\\\/\\\/prezode-initiative.org\\\/es\\\/la-agenda-estrategica\\\/#breadcrumb\",\"itemListElement\":[{\"@type\":\"ListItem\",\"position\":1,\"name\":\"Home\",\"item\":\"https:\\\/\\\/prezode-initiative.org\\\/es\\\/\"},{\"@type\":\"ListItem\",\"position\":2,\"name\":\"La Agenda Estrat\u00e9gica\"}]},{\"@type\":\"WebSite\",\"@id\":\"https:\\\/\\\/prezode-initiative.org\\\/es\\\/#website\",\"url\":\"https:\\\/\\\/prezode-initiative.org\\\/es\\\/\",\"name\":\"Prezode\",\"description\":\"\",\"publisher\":{\"@id\":\"https:\\\/\\\/prezode-initiative.org\\\/es\\\/#organization\"},\"potentialAction\":[{\"@type\":\"SearchAction\",\"target\":{\"@type\":\"EntryPoint\",\"urlTemplate\":\"https:\\\/\\\/prezode-initiative.org\\\/es\\\/?s={search_term_string}\"},\"query-input\":{\"@type\":\"PropertyValueSpecification\",\"valueRequired\":true,\"valueName\":\"search_term_string\"}}],\"inLanguage\":\"es\"},{\"@type\":\"Organization\",\"@id\":\"https:\\\/\\\/prezode-initiative.org\\\/es\\\/#organization\",\"name\":\"Prezode\",\"url\":\"https:\\\/\\\/prezode-initiative.org\\\/es\\\/\",\"logo\":{\"@type\":\"ImageObject\",\"inLanguage\":\"es\",\"@id\":\"https:\\\/\\\/prezode-initiative.org\\\/es\\\/#\\\/schema\\\/logo\\\/image\\\/\",\"url\":\"https:\\\/\\\/prezode-initiative.org\\\/wp-content\\\/uploads\\\/2025\\\/02\\\/logo.png\",\"contentUrl\":\"https:\\\/\\\/prezode-initiative.org\\\/wp-content\\\/uploads\\\/2025\\\/02\\\/logo.png\",\"width\":168,\"height\":118,\"caption\":\"Prezode\"},\"image\":{\"@id\":\"https:\\\/\\\/prezode-initiative.org\\\/es\\\/#\\\/schema\\\/logo\\\/image\\\/\"}}]}<\/script>\n<!-- \/ Yoast SEO plugin. -->","yoast_head_json":{"title":"La Agenda Estrat\u00e9gica - %","description":"PREZODE se basa en cinco pilares; la agenda estrat\u00e9gica explora una serie de temas de investigaci\u00f3n, apoyando la vigilancia y las acciones operativas para cada uno.","robots":{"index":"index","follow":"follow","max-snippet":"max-snippet:-1","max-image-preview":"max-image-preview:large","max-video-preview":"max-video-preview:-1"},"canonical":"https:\/\/prezode-initiative.org\/es\/la-agenda-estrategica\/","og_locale":"es_ES","og_type":"article","og_title":"La Agenda Estrat\u00e9gica - %","og_description":"PREZODE se basa en cinco pilares; la agenda estrat\u00e9gica explora una serie de temas de investigaci\u00f3n, apoyando la vigilancia y las acciones operativas para cada uno.","og_url":"https:\/\/prezode-initiative.org\/es\/la-agenda-estrategica\/","og_site_name":"Prezode","article_modified_time":"2026-03-25T16:33:40+00:00","twitter_card":"summary_large_image","twitter_misc":{"Tiempo de lectura":"2 minutos"},"schema":{"@context":"https:\/\/schema.org","@graph":[{"@type":"WebPage","@id":"https:\/\/prezode-initiative.org\/es\/la-agenda-estrategica\/","url":"https:\/\/prezode-initiative.org\/es\/la-agenda-estrategica\/","name":"La Agenda Estrat\u00e9gica - %","isPartOf":{"@id":"https:\/\/prezode-initiative.org\/es\/#website"},"datePublished":"2025-03-12T13:20:41+00:00","dateModified":"2026-03-25T16:33:40+00:00","description":"PREZODE se basa en cinco pilares; la agenda estrat\u00e9gica explora una serie de temas de investigaci\u00f3n, apoyando la vigilancia y las acciones operativas para cada uno.","breadcrumb":{"@id":"https:\/\/prezode-initiative.org\/es\/la-agenda-estrategica\/#breadcrumb"},"inLanguage":"es","potentialAction":[{"@type":"ReadAction","target":["https:\/\/prezode-initiative.org\/es\/la-agenda-estrategica\/"]}]},{"@type":"BreadcrumbList","@id":"https:\/\/prezode-initiative.org\/es\/la-agenda-estrategica\/#breadcrumb","itemListElement":[{"@type":"ListItem","position":1,"name":"Home","item":"https:\/\/prezode-initiative.org\/es\/"},{"@type":"ListItem","position":2,"name":"La Agenda Estrat\u00e9gica"}]},{"@type":"WebSite","@id":"https:\/\/prezode-initiative.org\/es\/#website","url":"https:\/\/prezode-initiative.org\/es\/","name":"Prezode","description":"","publisher":{"@id":"https:\/\/prezode-initiative.org\/es\/#organization"},"potentialAction":[{"@type":"SearchAction","target":{"@type":"EntryPoint","urlTemplate":"https:\/\/prezode-initiative.org\/es\/?s={search_term_string}"},"query-input":{"@type":"PropertyValueSpecification","valueRequired":true,"valueName":"search_term_string"}}],"inLanguage":"es"},{"@type":"Organization","@id":"https:\/\/prezode-initiative.org\/es\/#organization","name":"Prezode","url":"https:\/\/prezode-initiative.org\/es\/","logo":{"@type":"ImageObject","inLanguage":"es","@id":"https:\/\/prezode-initiative.org\/es\/#\/schema\/logo\/image\/","url":"https:\/\/prezode-initiative.org\/wp-content\/uploads\/2025\/02\/logo.png","contentUrl":"https:\/\/prezode-initiative.org\/wp-content\/uploads\/2025\/02\/logo.png","width":168,"height":118,"caption":"Prezode"},"image":{"@id":"https:\/\/prezode-initiative.org\/es\/#\/schema\/logo\/image\/"}}]}},"_links":{"self":[{"href":"https:\/\/prezode-initiative.org\/es\/wp-json\/wp\/v2\/pages\/4973","targetHints":{"allow":["GET"]}}],"collection":[{"href":"https:\/\/prezode-initiative.org\/es\/wp-json\/wp\/v2\/pages"}],"about":[{"href":"https:\/\/prezode-initiative.org\/es\/wp-json\/wp\/v2\/types\/page"}],"author":[{"embeddable":true,"href":"https:\/\/prezode-initiative.org\/es\/wp-json\/wp\/v2\/users\/1"}],"replies":[{"embeddable":true,"href":"https:\/\/prezode-initiative.org\/es\/wp-json\/wp\/v2\/comments?post=4973"}],"version-history":[{"count":1,"href":"https:\/\/prezode-initiative.org\/es\/wp-json\/wp\/v2\/pages\/4973\/revisions"}],"predecessor-version":[{"id":4977,"href":"https:\/\/prezode-initiative.org\/es\/wp-json\/wp\/v2\/pages\/4973\/revisions\/4977"}],"wp:attachment":[{"href":"https:\/\/prezode-initiative.org\/es\/wp-json\/wp\/v2\/media?parent=4973"}],"curies":[{"name":"wp","href":"https:\/\/api.w.org\/{rel}","templated":true}]}}