{"id":4963,"date":"2025-03-11T10:13:24","date_gmt":"2025-03-11T09:13:24","guid":{"rendered":"https:\/\/prezode-initiative.org\/prezode-de-un-vistazo\/"},"modified":"2026-03-25T17:33:32","modified_gmt":"2026-03-25T16:33:32","slug":"prezode-de-un-vistazo","status":"publish","type":"page","link":"https:\/\/prezode-initiative.org\/es\/prezode-de-un-vistazo\/","title":{"rendered":"PREZODE de un vistazo"},"content":{"rendered":"\n<h2 class=\"wp-block-heading has-pz-dark-blue-color has-text-color has-link-color has-medium-font-size wp-elements-d0ec8883ad3bb80ea2092572e39bb3fb\"><strong><strong>PREZODE (Preventing ZOonotic Disease Emergence) es una iniciativa de colaboraci\u00f3n internacional, <strong><strong>que re\u00fane a una <a href=\"https:\/\/prezode-initiative.org\/en\/our-members\/\" target=\"_blank\" rel=\"noreferrer noopener\">comunidad de miembros<\/a><\/strong><\/strong>para proporcionar un marco cient\u00edfico para la prevenci\u00f3n de pandemias. Su objetivo es mejorar la prevenci\u00f3n, la detecci\u00f3n precoz y la resiliencia para evitar o responder r\u00e1pidamente a las enfermedades infecciosas emergentes de origen animal que pueden convertirse en pandemias.  <\/strong><\/strong><\/h2>\n\n<p><\/p>\n\n<p>Una iniciativa internacional basada en el enfoque<a href=\"https:\/\/prezode-initiative.org\/es\/una-sola-salud-un-enfoque-holistico\/\"> One Health<\/a>, que abarca la salud humana, animal y ambiental. PREZODE fomenta la colaboraci\u00f3n multilateral con y entre pa\u00edses y otras iniciativas para promover la <a href=\"https:\/\/prezode-initiative.org\/es\/promover-la-prevencion-con-enfoques-codisenados\/\" target=\"_blank\" rel=\"noreferrer noopener\">prevenci\u00f3n<\/a>, la detecci\u00f3n temprana y la resiliencia <a href=\"https:\/\/prezode-initiative.org\/es\/una-sola-salud-un-enfoque-holistico\/\" target=\"_blank\" rel=\"noreferrer noopener\">frente<\/a> a las <a href=\"https:\/\/prezode-initiative.org\/es\/comprender-las-zoonosis-para-mitigar-los-riesgos\/\">enfermedades infecciosas<\/a> emergentes de <a href=\"https:\/\/prezode-initiative.org\/es\/comprender-las-zoonosis-para-mitigar-los-riesgos\/\" target=\"_blank\" rel=\"noreferrer noopener\">origen<\/a> animal. La iniciativa busca mejorar la gesti\u00f3n de los ecosistemas y fortalecer la vigilancia a trav\u00e9s de din\u00e1micas multiactorales para maximizar sus impactos. El objetivo principal de PREZODE es desarrollar un marco de investigaci\u00f3n para comprender los macroprocesos y los factores que conducen a la emergencia de zoonosis en un contexto de cambio global, y codise\u00f1ar soluciones relevantes para reducir dichos riesgos y permitir su detecci\u00f3n temprana.  <\/p>\n\n<h3 class=\"wp-block-heading has-tertiary-color has-text-color has-link-color wp-elements-3906af3446e74d84480c8b42956f545c\">Un enfoque ascendente y de codise\u00f1o<\/h3>\n\n<p>Al adoptar un enfoque ascendente y de codise\u00f1o basado en m\u00e9todos cient\u00edficos, PREZODE promueve la elaboraci\u00f3n de pol\u00edticas p\u00fablicas y acciones relevantes para la reducci\u00f3n de riesgos pand\u00e9micos y la prevenci\u00f3n, asegurando al mismo tiempo la seguridad alimentaria y los medios de vida de las comunidades m\u00e1s pobres. Facilita el intercambio de conocimientos y proporciona un centro de recursos para los tomadores de decisiones. Su objetivo es apoyar a los pa\u00edses en el desarrollo de actividades de prevenci\u00f3n con base cient\u00edfica en el marco One Health promovido por las organizaciones internacionales.  <\/p>\n\n<blockquote class=\"wp-block-quote is-layout-flow wp-block-quote-is-layout-flow\">\n<p>A trav\u00e9s de un enfoque din\u00e1mico que involucra a m\u00faltiples actores en todo el mundo, la iniciativa re\u00fane a una amplia<a href=\"https:\/\/prezode-initiative.org\/en\/our-members\/\"> comunidad de miembros<\/a> con <a href=\"https:\/\/prezode-initiative.org\/es\/vision-mision-y-valores\/\" target=\"_blank\" rel=\"noreferrer noopener\">valores<\/a> <a href=\"https:\/\/prezode.org\/who-we-are\/shared-values\">compartidos<\/a>: institutos de investigaci\u00f3n y acad\u00e9micos, universidades, gobiernos, tomadores de decisiones, organizaciones de la sociedad civil, fundaciones y empresas privadas.<\/p>\n<\/blockquote>\n\n<h3 class=\"wp-block-heading has-tertiary-color has-text-color has-link-color wp-elements-7fb6a4e10d0570947553072230b5673d\"><strong>Asegurar la cooperaci\u00f3n internacional<\/strong><\/h3>\n\n<p>A trav\u00e9s de su comunidad de pr\u00e1ctica, PREZODE mejora la coordinaci\u00f3n, promueve sinergias, facilita el intercambio de lecciones aprendidas y fomenta el intercambio de buenas pr\u00e1cticas. Fortalece e integra conocimientos, innovaci\u00f3n, desarrollo de capacidades y acciones operativas. Despliega la investigaci\u00f3n acad\u00e9mica, la colaboraci\u00f3n intersectorial en el terreno y la participaci\u00f3n de los actores operativos en primera l\u00ednea de las epidemias, considerando tanto el ganado como la fauna silvestre.  <\/p>\n\n<p>PREZODE fue lanzada en enero de 2021, durante la Cumbre One Planet. La Comisi\u00f3n Europea y la Cuadripartita \u2014 Organizaci\u00f3n de las Naciones Unidas para la Alimentaci\u00f3n y la Agricultura (FAO), Organizaci\u00f3n Mundial de la Salud (OMS), Organizaci\u00f3n Mundial de Sanidad Animal (WOAH) y Programa de las Naciones Unidas para el Medio Ambiente (PNUMA) \u2014 apoyaron la iniciativa. <\/p>\n\n<p><\/p>\n","protected":false},"excerpt":{"rendered":"<p>PREZODE (Preventing ZOonotic Disease Emergence) es una iniciativa de colaboraci\u00f3n internacional, que re\u00fane a una comunidad de miembrospara proporcionar un marco cient\u00edfico para la prevenci\u00f3n de pandemias. Su objetivo es mejorar la prevenci\u00f3n, la detecci\u00f3n precoz y la resiliencia para evitar o responder r\u00e1pidamente a las enfermedades infecciosas emergentes de origen animal que pueden convertirse<a href=\"https:\/\/prezode-initiative.org\/es\/prezode-de-un-vistazo\/\">Continue reading <span class=\"sr-only\">\u00abPREZODE de un vistazo\u00bb<\/span><\/a><\/p>\n","protected":false},"author":1,"featured_media":0,"parent":0,"menu_order":0,"comment_status":"closed","ping_status":"closed","template":"template-pages\/article-page.php","meta":{"_acf_changed":false,"footnotes":""},"class_list":["post-4963","page","type-page","status-publish","hentry"],"acf":[],"yoast_head":"<!-- This site is optimized with the Yoast SEO plugin v27.6 - https:\/\/yoast.com\/product\/yoast-seo-wordpress\/ -->\n<title>PREZODE de un vistazo - %<\/title>\n<meta name=\"description\" content=\"PREZODE (Preventing ZOonotic Disease Emergence) es una iniciativa internacional colaborativa que busca proporcionar un marco cient\u00edfico para la prevenci\u00f3n de pandemias. Su objetivo es mejorar la prevenci\u00f3n, la detecci\u00f3n temprana y la resiliencia para evitar o responder r\u00e1pidamente a las enfermedades infecciosas emergentes de origen animal que pueden convertirse en pandemias.\" \/>\n<meta name=\"robots\" content=\"index, follow, max-snippet:-1, max-image-preview:large, max-video-preview:-1\" \/>\n<link rel=\"canonical\" href=\"https:\/\/prezode-initiative.org\/es\/prezode-de-un-vistazo\/\" \/>\n<meta property=\"og:locale\" content=\"es_ES\" \/>\n<meta property=\"og:type\" content=\"article\" \/>\n<meta property=\"og:title\" content=\"PREZODE de un vistazo - %\" \/>\n<meta property=\"og:description\" content=\"PREZODE (Preventing ZOonotic Disease Emergence) es una iniciativa internacional colaborativa que busca proporcionar un marco cient\u00edfico para la prevenci\u00f3n de pandemias. Su objetivo es mejorar la prevenci\u00f3n, la detecci\u00f3n temprana y la resiliencia para evitar o responder r\u00e1pidamente a las enfermedades infecciosas emergentes de origen animal que pueden convertirse en pandemias.\" \/>\n<meta property=\"og:url\" content=\"https:\/\/prezode-initiative.org\/es\/prezode-de-un-vistazo\/\" \/>\n<meta property=\"og:site_name\" content=\"Prezode\" \/>\n<meta property=\"article:modified_time\" content=\"2026-03-25T16:33:32+00:00\" \/>\n<meta name=\"twitter:card\" content=\"summary_large_image\" \/>\n<meta name=\"twitter:label1\" content=\"Tiempo de lectura\" \/>\n\t<meta name=\"twitter:data1\" content=\"2 minutos\" \/>\n<script type=\"application\/ld+json\" class=\"yoast-schema-graph\">{\"@context\":\"https:\\\/\\\/schema.org\",\"@graph\":[{\"@type\":\"WebPage\",\"@id\":\"https:\\\/\\\/prezode-initiative.org\\\/es\\\/prezode-de-un-vistazo\\\/\",\"url\":\"https:\\\/\\\/prezode-initiative.org\\\/es\\\/prezode-de-un-vistazo\\\/\",\"name\":\"PREZODE de un vistazo - %\",\"isPartOf\":{\"@id\":\"https:\\\/\\\/prezode-initiative.org\\\/es\\\/#website\"},\"datePublished\":\"2025-03-11T09:13:24+00:00\",\"dateModified\":\"2026-03-25T16:33:32+00:00\",\"description\":\"PREZODE (Preventing ZOonotic Disease Emergence) es una iniciativa internacional colaborativa que busca proporcionar un marco cient\u00edfico para la prevenci\u00f3n de pandemias. Su objetivo es mejorar la prevenci\u00f3n, la detecci\u00f3n temprana y la resiliencia para evitar o responder r\u00e1pidamente a las enfermedades infecciosas emergentes de origen animal que pueden convertirse en pandemias.\",\"breadcrumb\":{\"@id\":\"https:\\\/\\\/prezode-initiative.org\\\/es\\\/prezode-de-un-vistazo\\\/#breadcrumb\"},\"inLanguage\":\"es\",\"potentialAction\":[{\"@type\":\"ReadAction\",\"target\":[\"https:\\\/\\\/prezode-initiative.org\\\/es\\\/prezode-de-un-vistazo\\\/\"]}]},{\"@type\":\"BreadcrumbList\",\"@id\":\"https:\\\/\\\/prezode-initiative.org\\\/es\\\/prezode-de-un-vistazo\\\/#breadcrumb\",\"itemListElement\":[{\"@type\":\"ListItem\",\"position\":1,\"name\":\"Home\",\"item\":\"https:\\\/\\\/prezode-initiative.org\\\/es\\\/\"},{\"@type\":\"ListItem\",\"position\":2,\"name\":\"PREZODE de un vistazo\"}]},{\"@type\":\"WebSite\",\"@id\":\"https:\\\/\\\/prezode-initiative.org\\\/es\\\/#website\",\"url\":\"https:\\\/\\\/prezode-initiative.org\\\/es\\\/\",\"name\":\"Prezode\",\"description\":\"\",\"publisher\":{\"@id\":\"https:\\\/\\\/prezode-initiative.org\\\/es\\\/#organization\"},\"potentialAction\":[{\"@type\":\"SearchAction\",\"target\":{\"@type\":\"EntryPoint\",\"urlTemplate\":\"https:\\\/\\\/prezode-initiative.org\\\/es\\\/?s={search_term_string}\"},\"query-input\":{\"@type\":\"PropertyValueSpecification\",\"valueRequired\":true,\"valueName\":\"search_term_string\"}}],\"inLanguage\":\"es\"},{\"@type\":\"Organization\",\"@id\":\"https:\\\/\\\/prezode-initiative.org\\\/es\\\/#organization\",\"name\":\"Prezode\",\"url\":\"https:\\\/\\\/prezode-initiative.org\\\/es\\\/\",\"logo\":{\"@type\":\"ImageObject\",\"inLanguage\":\"es\",\"@id\":\"https:\\\/\\\/prezode-initiative.org\\\/es\\\/#\\\/schema\\\/logo\\\/image\\\/\",\"url\":\"https:\\\/\\\/prezode-initiative.org\\\/wp-content\\\/uploads\\\/2025\\\/02\\\/logo.png\",\"contentUrl\":\"https:\\\/\\\/prezode-initiative.org\\\/wp-content\\\/uploads\\\/2025\\\/02\\\/logo.png\",\"width\":168,\"height\":118,\"caption\":\"Prezode\"},\"image\":{\"@id\":\"https:\\\/\\\/prezode-initiative.org\\\/es\\\/#\\\/schema\\\/logo\\\/image\\\/\"}}]}<\/script>\n<!-- \/ Yoast SEO plugin. -->","yoast_head_json":{"title":"PREZODE de un vistazo - %","description":"PREZODE (Preventing ZOonotic Disease Emergence) es una iniciativa internacional colaborativa que busca proporcionar un marco cient\u00edfico para la prevenci\u00f3n de pandemias. Su objetivo es mejorar la prevenci\u00f3n, la detecci\u00f3n temprana y la resiliencia para evitar o responder r\u00e1pidamente a las enfermedades infecciosas emergentes de origen animal que pueden convertirse en pandemias.","robots":{"index":"index","follow":"follow","max-snippet":"max-snippet:-1","max-image-preview":"max-image-preview:large","max-video-preview":"max-video-preview:-1"},"canonical":"https:\/\/prezode-initiative.org\/es\/prezode-de-un-vistazo\/","og_locale":"es_ES","og_type":"article","og_title":"PREZODE de un vistazo - %","og_description":"PREZODE (Preventing ZOonotic Disease Emergence) es una iniciativa internacional colaborativa que busca proporcionar un marco cient\u00edfico para la prevenci\u00f3n de pandemias. Su objetivo es mejorar la prevenci\u00f3n, la detecci\u00f3n temprana y la resiliencia para evitar o responder r\u00e1pidamente a las enfermedades infecciosas emergentes de origen animal que pueden convertirse en pandemias.","og_url":"https:\/\/prezode-initiative.org\/es\/prezode-de-un-vistazo\/","og_site_name":"Prezode","article_modified_time":"2026-03-25T16:33:32+00:00","twitter_card":"summary_large_image","twitter_misc":{"Tiempo de lectura":"2 minutos"},"schema":{"@context":"https:\/\/schema.org","@graph":[{"@type":"WebPage","@id":"https:\/\/prezode-initiative.org\/es\/prezode-de-un-vistazo\/","url":"https:\/\/prezode-initiative.org\/es\/prezode-de-un-vistazo\/","name":"PREZODE de un vistazo - %","isPartOf":{"@id":"https:\/\/prezode-initiative.org\/es\/#website"},"datePublished":"2025-03-11T09:13:24+00:00","dateModified":"2026-03-25T16:33:32+00:00","description":"PREZODE (Preventing ZOonotic Disease Emergence) es una iniciativa internacional colaborativa que busca proporcionar un marco cient\u00edfico para la prevenci\u00f3n de pandemias. Su objetivo es mejorar la prevenci\u00f3n, la detecci\u00f3n temprana y la resiliencia para evitar o responder r\u00e1pidamente a las enfermedades infecciosas emergentes de origen animal que pueden convertirse en pandemias.","breadcrumb":{"@id":"https:\/\/prezode-initiative.org\/es\/prezode-de-un-vistazo\/#breadcrumb"},"inLanguage":"es","potentialAction":[{"@type":"ReadAction","target":["https:\/\/prezode-initiative.org\/es\/prezode-de-un-vistazo\/"]}]},{"@type":"BreadcrumbList","@id":"https:\/\/prezode-initiative.org\/es\/prezode-de-un-vistazo\/#breadcrumb","itemListElement":[{"@type":"ListItem","position":1,"name":"Home","item":"https:\/\/prezode-initiative.org\/es\/"},{"@type":"ListItem","position":2,"name":"PREZODE de un vistazo"}]},{"@type":"WebSite","@id":"https:\/\/prezode-initiative.org\/es\/#website","url":"https:\/\/prezode-initiative.org\/es\/","name":"Prezode","description":"","publisher":{"@id":"https:\/\/prezode-initiative.org\/es\/#organization"},"potentialAction":[{"@type":"SearchAction","target":{"@type":"EntryPoint","urlTemplate":"https:\/\/prezode-initiative.org\/es\/?s={search_term_string}"},"query-input":{"@type":"PropertyValueSpecification","valueRequired":true,"valueName":"search_term_string"}}],"inLanguage":"es"},{"@type":"Organization","@id":"https:\/\/prezode-initiative.org\/es\/#organization","name":"Prezode","url":"https:\/\/prezode-initiative.org\/es\/","logo":{"@type":"ImageObject","inLanguage":"es","@id":"https:\/\/prezode-initiative.org\/es\/#\/schema\/logo\/image\/","url":"https:\/\/prezode-initiative.org\/wp-content\/uploads\/2025\/02\/logo.png","contentUrl":"https:\/\/prezode-initiative.org\/wp-content\/uploads\/2025\/02\/logo.png","width":168,"height":118,"caption":"Prezode"},"image":{"@id":"https:\/\/prezode-initiative.org\/es\/#\/schema\/logo\/image\/"}}]}},"_links":{"self":[{"href":"https:\/\/prezode-initiative.org\/es\/wp-json\/wp\/v2\/pages\/4963","targetHints":{"allow":["GET"]}}],"collection":[{"href":"https:\/\/prezode-initiative.org\/es\/wp-json\/wp\/v2\/pages"}],"about":[{"href":"https:\/\/prezode-initiative.org\/es\/wp-json\/wp\/v2\/types\/page"}],"author":[{"embeddable":true,"href":"https:\/\/prezode-initiative.org\/es\/wp-json\/wp\/v2\/users\/1"}],"replies":[{"embeddable":true,"href":"https:\/\/prezode-initiative.org\/es\/wp-json\/wp\/v2\/comments?post=4963"}],"version-history":[{"count":3,"href":"https:\/\/prezode-initiative.org\/es\/wp-json\/wp\/v2\/pages\/4963\/revisions"}],"predecessor-version":[{"id":5144,"href":"https:\/\/prezode-initiative.org\/es\/wp-json\/wp\/v2\/pages\/4963\/revisions\/5144"}],"wp:attachment":[{"href":"https:\/\/prezode-initiative.org\/es\/wp-json\/wp\/v2\/media?parent=4963"}],"curies":[{"name":"wp","href":"https:\/\/api.w.org\/{rel}","templated":true}]}}