{"id":4833,"date":"2025-03-12T14:20:52","date_gmt":"2025-03-12T13:20:52","guid":{"rendered":"https:\/\/prezode-initiative.org\/unete-a-la-iniciativa\/"},"modified":"2026-05-06T17:25:07","modified_gmt":"2026-05-06T15:25:07","slug":"unete-a-la-iniciativa","status":"publish","type":"page","link":"https:\/\/prezode-initiative.org\/es\/unete-a-la-iniciativa\/","title":{"rendered":"\u00danete a la iniciativa"},"content":{"rendered":"\n<h2 class=\"wp-block-heading\"><strong>Para ser miembro de PREZODE, es necesario adherirse a los valores de la Iniciativa y apoyar su desarrollo.<\/strong><\/h2>\n\n\n\n<p><\/p>\n\n\n\n<p>Cualquier Estado, entidad jur\u00eddica o grupo de organizaciones que participe o desee participar en actividades relacionadas con el enfoque \u00abUna sola salud\u00bb y con la prevenci\u00f3n de enfermedades zoon\u00f3ticas puede convertirse en miembro de la Iniciativa PREZODE. Convertirse y ser miembro es voluntario y gratuito. <\/p>\n\n\n\n<p><\/p>\n\n\n\n<div class=\"wp-block-buttons is-content-justification-center is-layout-flex wp-container-core-buttons-is-layout-16018d1d wp-block-buttons-is-layout-flex\">\n<div class=\"wp-block-button is-style-outline is-style-outline--1\"><a class=\"wp-block-button__link has-pz-orange-color has-text-color has-link-color wp-element-button\" href=\"https:\/\/www.initiatives-prezode.com\/join-prezode.php\" target=\"_blank\" rel=\"noreferrer noopener\">Formulario de solicitud<\/a><\/div>\n<\/div>\n\n\n\n<ul class=\"wp-block-list\">\n<li>El primer paso para solicitar la afiliaci\u00f3n es rellenar el <a href=\"https:\/\/www.initiatives-prezode.com\/join-prezode.php#application-form\">formulario de solicitud <\/a><\/li>\n\n\n\n<li>La Secretar\u00eda de PREZODE se pondr\u00e1 en contacto con los solicitantes elegibles para que firmen la Declaraci\u00f3n de Intenciones de PREZODE y, a continuaci\u00f3n, propondr\u00e1 su adhesi\u00f3n a la AG para su consideraci\u00f3n.<\/li>\n\n\n\n<li>A los solicitantes elegibles se les conceder\u00e1 autom\u00e1ticamente el estatus de observador hasta que su afiliaci\u00f3n sea refrendada en la reuni\u00f3n anual de la AG posterior a su solicitud.<\/li>\n<\/ul>\n\n\n\n<blockquote class=\"wp-block-quote is-layout-flow wp-block-quote-is-layout-flow\">\n<p>Al firmar la Declaraci\u00f3n de Intenciones en apoyo de la Iniciativa internacional PREZODE, los nuevos miembros indican que comparten los <a href=\"https:\/\/prezode-initiative.org\/es\/vision-mision-y-valores\/\" target=\"_blank\" rel=\"noreferrer noopener\">valores<\/a> de la Iniciativa y apoyan su desarrollo. Se les mantendr\u00e1 informados de todos los acontecimientos relacionados con PREZODE y se les invitar\u00e1 a colaborar en sus actividades. <\/p>\n<\/blockquote>\n\n\n\n<p><\/p>\n\n\n\n<div class=\"wp-block-buttons is-content-justification-center is-layout-flex wp-container-core-buttons-is-layout-16018d1d wp-block-buttons-is-layout-flex\">\n<div class=\"wp-block-button is-style-outline is-style-outline--2\"><a class=\"wp-block-button__link has-tertiary-color has-text-color has-link-color wp-element-button\" href=\"https:\/\/prezode-initiative.org\/es\/our-members\/\" target=\"_blank\" rel=\"noreferrer noopener\">Descubra a los miembros de PREZODE<\/a><\/div>\n\n\n\n<div class=\"wp-block-button is-style-outline is-style-outline--3\"><a class=\"wp-block-button__link has-pz-dark-blue-color has-text-color has-link-color wp-element-button\" href=\"https:\/\/prezode-initiative.org\/es\/organizaciones-miembros-mapa\/\" target=\"_blank\" rel=\"noreferrer noopener\">Ver el mapa<\/a><\/div>\n<\/div>\n\n\n\n<p><\/p>\n","protected":false},"excerpt":{"rendered":"<p>Para ser miembro de PREZODE, es necesario adherirse a los valores de la Iniciativa y apoyar su desarrollo. Cualquier Estado, entidad jur\u00eddica o grupo de organizaciones que participe o desee participar en actividades relacionadas con el enfoque \u00abUna sola salud\u00bb y con la prevenci\u00f3n de enfermedades zoon\u00f3ticas puede convertirse en miembro de la Iniciativa PREZODE.<a href=\"https:\/\/prezode-initiative.org\/es\/unete-a-la-iniciativa\/\">Continue reading <span class=\"sr-only\">\u00ab\u00danete a la iniciativa\u00bb<\/span><\/a><\/p>\n","protected":false},"author":1,"featured_media":6667,"parent":0,"menu_order":0,"comment_status":"closed","ping_status":"closed","template":"template-pages\/article-page.php","meta":{"_acf_changed":false,"footnotes":""},"class_list":["post-4833","page","type-page","status-publish","has-post-thumbnail","hentry"],"acf":[],"yoast_head":"<!-- This site is optimized with the Yoast SEO plugin v27.6 - https:\/\/yoast.com\/product\/yoast-seo-wordpress\/ -->\n<title>\u00danete a la iniciativa - %<\/title>\n<meta name=\"robots\" content=\"index, follow, max-snippet:-1, max-image-preview:large, max-video-preview:-1\" \/>\n<link rel=\"canonical\" href=\"https:\/\/prezode-initiative.org\/es\/unete-a-la-iniciativa\/\" \/>\n<meta property=\"og:locale\" content=\"es_ES\" \/>\n<meta property=\"og:type\" content=\"article\" \/>\n<meta property=\"og:title\" content=\"\u00danete a la iniciativa - %\" \/>\n<meta property=\"og:description\" content=\"Para ser miembro de PREZODE, es necesario adherirse a los valores de la Iniciativa y apoyar su desarrollo. Cualquier Estado, entidad jur\u00eddica o grupo de organizaciones que participe o desee participar en actividades relacionadas con el enfoque \u00abUna sola salud\u00bb y con la prevenci\u00f3n de enfermedades zoon\u00f3ticas puede convertirse en miembro de la Iniciativa PREZODE.Continue reading &quot;\u00danete a la iniciativa&quot;\" \/>\n<meta property=\"og:url\" content=\"https:\/\/prezode-initiative.org\/es\/unete-a-la-iniciativa\/\" \/>\n<meta property=\"og:site_name\" content=\"Prezode\" \/>\n<meta property=\"article:modified_time\" content=\"2026-05-06T15:25:07+00:00\" \/>\n<meta property=\"og:image\" content=\"https:\/\/prezode-initiative.org\/wp-content\/uploads\/2026\/05\/firosnv-photography-Rr3B0LH7W3k-unsplash-scaled-e1778078503274.jpg\" \/>\n\t<meta property=\"og:image:width\" content=\"900\" \/>\n\t<meta property=\"og:image:height\" content=\"1200\" \/>\n\t<meta property=\"og:image:type\" content=\"image\/jpeg\" \/>\n<meta name=\"twitter:card\" content=\"summary_large_image\" \/>\n<meta name=\"twitter:label1\" content=\"Tiempo de lectura\" \/>\n\t<meta name=\"twitter:data1\" content=\"1 minuto\" \/>\n<script type=\"application\/ld+json\" class=\"yoast-schema-graph\">{\"@context\":\"https:\\\/\\\/schema.org\",\"@graph\":[{\"@type\":\"WebPage\",\"@id\":\"https:\\\/\\\/prezode-initiative.org\\\/es\\\/unete-a-la-iniciativa\\\/\",\"url\":\"https:\\\/\\\/prezode-initiative.org\\\/es\\\/unete-a-la-iniciativa\\\/\",\"name\":\"\u00danete a la iniciativa - %\",\"isPartOf\":{\"@id\":\"https:\\\/\\\/prezode-initiative.org\\\/es\\\/#website\"},\"primaryImageOfPage\":{\"@id\":\"https:\\\/\\\/prezode-initiative.org\\\/es\\\/unete-a-la-iniciativa\\\/#primaryimage\"},\"image\":{\"@id\":\"https:\\\/\\\/prezode-initiative.org\\\/es\\\/unete-a-la-iniciativa\\\/#primaryimage\"},\"thumbnailUrl\":\"https:\\\/\\\/prezode-initiative.org\\\/wp-content\\\/uploads\\\/2026\\\/05\\\/firosnv-photography-Rr3B0LH7W3k-unsplash-scaled-e1778078503274.jpg\",\"datePublished\":\"2025-03-12T13:20:52+00:00\",\"dateModified\":\"2026-05-06T15:25:07+00:00\",\"breadcrumb\":{\"@id\":\"https:\\\/\\\/prezode-initiative.org\\\/es\\\/unete-a-la-iniciativa\\\/#breadcrumb\"},\"inLanguage\":\"es\",\"potentialAction\":[{\"@type\":\"ReadAction\",\"target\":[\"https:\\\/\\\/prezode-initiative.org\\\/es\\\/unete-a-la-iniciativa\\\/\"]}]},{\"@type\":\"ImageObject\",\"inLanguage\":\"es\",\"@id\":\"https:\\\/\\\/prezode-initiative.org\\\/es\\\/unete-a-la-iniciativa\\\/#primaryimage\",\"url\":\"https:\\\/\\\/prezode-initiative.org\\\/wp-content\\\/uploads\\\/2026\\\/05\\\/firosnv-photography-Rr3B0LH7W3k-unsplash-scaled-e1778078503274.jpg\",\"contentUrl\":\"https:\\\/\\\/prezode-initiative.org\\\/wp-content\\\/uploads\\\/2026\\\/05\\\/firosnv-photography-Rr3B0LH7W3k-unsplash-scaled-e1778078503274.jpg\",\"width\":900,\"height\":1200,\"caption\":\"top of trees seen from behind (reversed canopy)\"},{\"@type\":\"BreadcrumbList\",\"@id\":\"https:\\\/\\\/prezode-initiative.org\\\/es\\\/unete-a-la-iniciativa\\\/#breadcrumb\",\"itemListElement\":[{\"@type\":\"ListItem\",\"position\":1,\"name\":\"Home\",\"item\":\"https:\\\/\\\/prezode-initiative.org\\\/es\\\/\"},{\"@type\":\"ListItem\",\"position\":2,\"name\":\"\u00danete a la iniciativa\"}]},{\"@type\":\"WebSite\",\"@id\":\"https:\\\/\\\/prezode-initiative.org\\\/es\\\/#website\",\"url\":\"https:\\\/\\\/prezode-initiative.org\\\/es\\\/\",\"name\":\"Prezode\",\"description\":\"\",\"publisher\":{\"@id\":\"https:\\\/\\\/prezode-initiative.org\\\/es\\\/#organization\"},\"potentialAction\":[{\"@type\":\"SearchAction\",\"target\":{\"@type\":\"EntryPoint\",\"urlTemplate\":\"https:\\\/\\\/prezode-initiative.org\\\/es\\\/?s={search_term_string}\"},\"query-input\":{\"@type\":\"PropertyValueSpecification\",\"valueRequired\":true,\"valueName\":\"search_term_string\"}}],\"inLanguage\":\"es\"},{\"@type\":\"Organization\",\"@id\":\"https:\\\/\\\/prezode-initiative.org\\\/es\\\/#organization\",\"name\":\"Prezode\",\"url\":\"https:\\\/\\\/prezode-initiative.org\\\/es\\\/\",\"logo\":{\"@type\":\"ImageObject\",\"inLanguage\":\"es\",\"@id\":\"https:\\\/\\\/prezode-initiative.org\\\/es\\\/#\\\/schema\\\/logo\\\/image\\\/\",\"url\":\"https:\\\/\\\/prezode-initiative.org\\\/wp-content\\\/uploads\\\/2025\\\/02\\\/logo.png\",\"contentUrl\":\"https:\\\/\\\/prezode-initiative.org\\\/wp-content\\\/uploads\\\/2025\\\/02\\\/logo.png\",\"width\":168,\"height\":118,\"caption\":\"Prezode\"},\"image\":{\"@id\":\"https:\\\/\\\/prezode-initiative.org\\\/es\\\/#\\\/schema\\\/logo\\\/image\\\/\"}}]}<\/script>\n<!-- \/ Yoast SEO plugin. -->","yoast_head_json":{"title":"\u00danete a la iniciativa - %","robots":{"index":"index","follow":"follow","max-snippet":"max-snippet:-1","max-image-preview":"max-image-preview:large","max-video-preview":"max-video-preview:-1"},"canonical":"https:\/\/prezode-initiative.org\/es\/unete-a-la-iniciativa\/","og_locale":"es_ES","og_type":"article","og_title":"\u00danete a la iniciativa - %","og_description":"Para ser miembro de PREZODE, es necesario adherirse a los valores de la Iniciativa y apoyar su desarrollo. Cualquier Estado, entidad jur\u00eddica o grupo de organizaciones que participe o desee participar en actividades relacionadas con el enfoque \u00abUna sola salud\u00bb y con la prevenci\u00f3n de enfermedades zoon\u00f3ticas puede convertirse en miembro de la Iniciativa PREZODE.Continue reading \"\u00danete a la iniciativa\"","og_url":"https:\/\/prezode-initiative.org\/es\/unete-a-la-iniciativa\/","og_site_name":"Prezode","article_modified_time":"2026-05-06T15:25:07+00:00","og_image":[{"width":900,"height":1200,"url":"https:\/\/prezode-initiative.org\/wp-content\/uploads\/2026\/05\/firosnv-photography-Rr3B0LH7W3k-unsplash-scaled-e1778078503274.jpg","type":"image\/jpeg"}],"twitter_card":"summary_large_image","twitter_misc":{"Tiempo de lectura":"1 minuto"},"schema":{"@context":"https:\/\/schema.org","@graph":[{"@type":"WebPage","@id":"https:\/\/prezode-initiative.org\/es\/unete-a-la-iniciativa\/","url":"https:\/\/prezode-initiative.org\/es\/unete-a-la-iniciativa\/","name":"\u00danete a la iniciativa - %","isPartOf":{"@id":"https:\/\/prezode-initiative.org\/es\/#website"},"primaryImageOfPage":{"@id":"https:\/\/prezode-initiative.org\/es\/unete-a-la-iniciativa\/#primaryimage"},"image":{"@id":"https:\/\/prezode-initiative.org\/es\/unete-a-la-iniciativa\/#primaryimage"},"thumbnailUrl":"https:\/\/prezode-initiative.org\/wp-content\/uploads\/2026\/05\/firosnv-photography-Rr3B0LH7W3k-unsplash-scaled-e1778078503274.jpg","datePublished":"2025-03-12T13:20:52+00:00","dateModified":"2026-05-06T15:25:07+00:00","breadcrumb":{"@id":"https:\/\/prezode-initiative.org\/es\/unete-a-la-iniciativa\/#breadcrumb"},"inLanguage":"es","potentialAction":[{"@type":"ReadAction","target":["https:\/\/prezode-initiative.org\/es\/unete-a-la-iniciativa\/"]}]},{"@type":"ImageObject","inLanguage":"es","@id":"https:\/\/prezode-initiative.org\/es\/unete-a-la-iniciativa\/#primaryimage","url":"https:\/\/prezode-initiative.org\/wp-content\/uploads\/2026\/05\/firosnv-photography-Rr3B0LH7W3k-unsplash-scaled-e1778078503274.jpg","contentUrl":"https:\/\/prezode-initiative.org\/wp-content\/uploads\/2026\/05\/firosnv-photography-Rr3B0LH7W3k-unsplash-scaled-e1778078503274.jpg","width":900,"height":1200,"caption":"top of trees seen from behind (reversed canopy)"},{"@type":"BreadcrumbList","@id":"https:\/\/prezode-initiative.org\/es\/unete-a-la-iniciativa\/#breadcrumb","itemListElement":[{"@type":"ListItem","position":1,"name":"Home","item":"https:\/\/prezode-initiative.org\/es\/"},{"@type":"ListItem","position":2,"name":"\u00danete a la iniciativa"}]},{"@type":"WebSite","@id":"https:\/\/prezode-initiative.org\/es\/#website","url":"https:\/\/prezode-initiative.org\/es\/","name":"Prezode","description":"","publisher":{"@id":"https:\/\/prezode-initiative.org\/es\/#organization"},"potentialAction":[{"@type":"SearchAction","target":{"@type":"EntryPoint","urlTemplate":"https:\/\/prezode-initiative.org\/es\/?s={search_term_string}"},"query-input":{"@type":"PropertyValueSpecification","valueRequired":true,"valueName":"search_term_string"}}],"inLanguage":"es"},{"@type":"Organization","@id":"https:\/\/prezode-initiative.org\/es\/#organization","name":"Prezode","url":"https:\/\/prezode-initiative.org\/es\/","logo":{"@type":"ImageObject","inLanguage":"es","@id":"https:\/\/prezode-initiative.org\/es\/#\/schema\/logo\/image\/","url":"https:\/\/prezode-initiative.org\/wp-content\/uploads\/2025\/02\/logo.png","contentUrl":"https:\/\/prezode-initiative.org\/wp-content\/uploads\/2025\/02\/logo.png","width":168,"height":118,"caption":"Prezode"},"image":{"@id":"https:\/\/prezode-initiative.org\/es\/#\/schema\/logo\/image\/"}}]}},"_links":{"self":[{"href":"https:\/\/prezode-initiative.org\/es\/wp-json\/wp\/v2\/pages\/4833","targetHints":{"allow":["GET"]}}],"collection":[{"href":"https:\/\/prezode-initiative.org\/es\/wp-json\/wp\/v2\/pages"}],"about":[{"href":"https:\/\/prezode-initiative.org\/es\/wp-json\/wp\/v2\/types\/page"}],"author":[{"embeddable":true,"href":"https:\/\/prezode-initiative.org\/es\/wp-json\/wp\/v2\/users\/1"}],"replies":[{"embeddable":true,"href":"https:\/\/prezode-initiative.org\/es\/wp-json\/wp\/v2\/comments?post=4833"}],"version-history":[{"count":5,"href":"https:\/\/prezode-initiative.org\/es\/wp-json\/wp\/v2\/pages\/4833\/revisions"}],"predecessor-version":[{"id":6683,"href":"https:\/\/prezode-initiative.org\/es\/wp-json\/wp\/v2\/pages\/4833\/revisions\/6683"}],"wp:featuredmedia":[{"embeddable":true,"href":"https:\/\/prezode-initiative.org\/es\/wp-json\/wp\/v2\/media\/6667"}],"wp:attachment":[{"href":"https:\/\/prezode-initiative.org\/es\/wp-json\/wp\/v2\/media?parent=4833"}],"curies":[{"name":"wp","href":"https:\/\/api.w.org\/{rel}","templated":true}]}}