{"id":4698,"date":"2025-09-05T16:24:56","date_gmt":"2025-09-05T14:24:56","guid":{"rendered":"https:\/\/prezode-initiative.org\/el-proceso-de-aprobacion-del-etiquetado\/"},"modified":"2026-03-25T17:46:47","modified_gmt":"2026-03-25T16:46:47","slug":"el-proceso-de-aprobacion-del-etiquetado","status":"publish","type":"page","link":"https:\/\/prezode-initiative.org\/es\/el-proceso-de-aprobacion-del-etiquetado\/","title":{"rendered":"El proceso de aprobaci\u00f3n del etiquetado"},"content":{"rendered":"\n<p><\/p>\n\n<h2 class=\"wp-block-heading\"><strong>Los proyectos alineados con los valores y objetivos del PREZODE pueden solicitar el aval.<\/strong> <\/h2>\n\n<p><\/p>\n\n<h3 class=\"wp-block-heading\"><strong>\u00a1Mejora la visibilidad de tu iniciativa obteniendo una Etiqueta PREZODE!<\/strong> <\/h3>\n\n<div class=\"wp-block-buttons alignwide is-content-justification-center is-layout-flex wp-container-core-buttons-is-layout-16018d1d wp-block-buttons-is-layout-flex\">\n<div class=\"wp-block-button is-style-outline is-style-outline--1\"><a class=\"wp-block-button__link has-pz-orange-color has-background-background-color has-text-color has-background has-link-color wp-element-button\" href=\"https:\/\/nextcloud.prezode-initiative.org\/s\/zjpZcosrMqPSHKj?dir=\/&amp;editing=false&amp;openfile=true\" target=\"_blank\" rel=\"noreferrer noopener\">Haz clic aqu\u00ed para obtener m\u00e1s informaci\u00f3n sobre el proceso<\/a><\/div>\n<\/div>\n\n<p>El <strong>Esquema de Aprobaci\u00f3n<\/strong> apoya la colaboraci\u00f3n y la visibilidad de las iniciativas alineadas con los principios de Una Sola Salud. Las iniciativas respaldadas se benefician de:  <\/p>\n\n<ul class=\"wp-block-list\">\n<li><strong>Reconocimiento<\/strong> <strong>por PREZODE<\/strong>.<\/li>\n\n\n\n<li><strong>Integraci\u00f3n en una red mundial<\/strong>.<\/li>\n\n\n\n<li><strong>Consigue una mayor visibilidad.<\/strong> <\/li>\n<\/ul>\n\n<p><\/p>\n\n<div class=\"wp-block-buttons alignwide is-content-justification-center is-layout-flex wp-container-core-buttons-is-layout-16018d1d wp-block-buttons-is-layout-flex\">\n<div class=\"wp-block-button is-style-outline is-style-outline--2\"><a class=\"wp-block-button__link has-vivid-cyan-blue-color has-background-background-color has-text-color has-background has-link-color wp-element-button\" href=\"https:\/\/www.initiatives-prezode.com\/index.html\" target=\"_blank\" rel=\"noreferrer noopener\">Inicia el proceso<\/a><\/div>\n<\/div>\n\n<h3 class=\"wp-block-heading\">\u00a1<strong>\u00danete a una comunidad de Iniciativas de Una Salud<\/strong>!<\/h3>\n\n<p>El sistema de aprobaci\u00f3n del etiquetado est\u00e1 vinculado al <a href=\"https:\/\/www.initiatives-prezode.com\/index.html\" target=\"_blank\" rel=\"noreferrer noopener\">mapa de Iniciativas de Una Salud<\/a> desarrollado por PREZODE. Este mapa es una recensi\u00f3n de iniciativas, programas y proyectos de todo el mundo, implicados en la prevenci\u00f3n de infecciones por enfermedades zoon\u00f3ticas emergentes. <\/p>\n\n<p>El Plan de Adhesi\u00f3n fomenta las sinergias entre las iniciativas existentes y las que est\u00e1n por venir, alentando la colaboraci\u00f3n y mejorando la sostenibilidad. Tambi\u00e9n pretende promover soluciones con base cient\u00edfica para informar a los responsables pol\u00edticos y de la toma de decisiones. Los participantes se beneficiar\u00e1n del reconocimiento por adoptar principios de colaboraci\u00f3n, de la inclusi\u00f3n en una comunidad de pr\u00e1cticas y de una mayor visibilidad a trav\u00e9s de los canales de comunicaci\u00f3n de PREZODE. Adem\u00e1s, el sistema garantizar\u00e1 que las actividades respaldadas complementen y no dupliquen los esfuerzos, maximizando su impacto. Las solicitudes ser\u00e1n revisadas por los Puntos Focales Cient\u00edficos de PREZODE.      <\/p>\n\n<p><\/p>\n","protected":false},"excerpt":{"rendered":"<p>Los proyectos alineados con los valores y objetivos del PREZODE pueden solicitar el aval. \u00a1Mejora la visibilidad de tu iniciativa obteniendo una Etiqueta PREZODE! El Esquema de Aprobaci\u00f3n apoya la colaboraci\u00f3n y la visibilidad de las iniciativas alineadas con los principios de Una Sola Salud. Las iniciativas respaldadas se benefician de: \u00a1\u00danete a una comunidad<a href=\"https:\/\/prezode-initiative.org\/es\/el-proceso-de-aprobacion-del-etiquetado\/\">Continue reading <span class=\"sr-only\">\u00abEl proceso de aprobaci\u00f3n del etiquetado\u00bb<\/span><\/a><\/p>\n","protected":false},"author":2,"featured_media":0,"parent":0,"menu_order":0,"comment_status":"closed","ping_status":"closed","template":"template-pages\/article-page.php","meta":{"_acf_changed":false,"footnotes":""},"class_list":["post-4698","page","type-page","status-publish","hentry"],"acf":[],"yoast_head":"<!-- This site is optimized with the Yoast SEO plugin v27.6 - https:\/\/yoast.com\/product\/yoast-seo-wordpress\/ -->\n<title>El proceso de aprobaci\u00f3n del etiquetado - %<\/title>\n<meta name=\"robots\" content=\"index, follow, max-snippet:-1, max-image-preview:large, max-video-preview:-1\" \/>\n<link rel=\"canonical\" href=\"https:\/\/prezode-initiative.org\/es\/el-proceso-de-aprobacion-del-etiquetado\/\" \/>\n<meta property=\"og:locale\" content=\"es_ES\" \/>\n<meta property=\"og:type\" content=\"article\" \/>\n<meta property=\"og:title\" content=\"El proceso de aprobaci\u00f3n del etiquetado - %\" \/>\n<meta property=\"og:description\" content=\"Los proyectos alineados con los valores y objetivos del PREZODE pueden solicitar el aval. \u00a1Mejora la visibilidad de tu iniciativa obteniendo una Etiqueta PREZODE! El Esquema de Aprobaci\u00f3n apoya la colaboraci\u00f3n y la visibilidad de las iniciativas alineadas con los principios de Una Sola Salud. Las iniciativas respaldadas se benefician de: \u00a1\u00danete a una comunidadContinue reading &quot;El proceso de aprobaci\u00f3n del etiquetado&quot;\" \/>\n<meta property=\"og:url\" content=\"https:\/\/prezode-initiative.org\/es\/el-proceso-de-aprobacion-del-etiquetado\/\" \/>\n<meta property=\"og:site_name\" content=\"Prezode\" \/>\n<meta property=\"article:modified_time\" content=\"2026-03-25T16:46:47+00:00\" \/>\n<meta name=\"twitter:card\" content=\"summary_large_image\" \/>\n<meta name=\"twitter:label1\" content=\"Tiempo de lectura\" \/>\n\t<meta name=\"twitter:data1\" content=\"1 minuto\" \/>\n<script type=\"application\/ld+json\" class=\"yoast-schema-graph\">{\"@context\":\"https:\\\/\\\/schema.org\",\"@graph\":[{\"@type\":\"WebPage\",\"@id\":\"https:\\\/\\\/prezode-initiative.org\\\/es\\\/el-proceso-de-aprobacion-del-etiquetado\\\/\",\"url\":\"https:\\\/\\\/prezode-initiative.org\\\/es\\\/el-proceso-de-aprobacion-del-etiquetado\\\/\",\"name\":\"El proceso de aprobaci\u00f3n del etiquetado - %\",\"isPartOf\":{\"@id\":\"https:\\\/\\\/prezode-initiative.org\\\/es\\\/#website\"},\"datePublished\":\"2025-09-05T14:24:56+00:00\",\"dateModified\":\"2026-03-25T16:46:47+00:00\",\"breadcrumb\":{\"@id\":\"https:\\\/\\\/prezode-initiative.org\\\/es\\\/el-proceso-de-aprobacion-del-etiquetado\\\/#breadcrumb\"},\"inLanguage\":\"es\",\"potentialAction\":[{\"@type\":\"ReadAction\",\"target\":[\"https:\\\/\\\/prezode-initiative.org\\\/es\\\/el-proceso-de-aprobacion-del-etiquetado\\\/\"]}]},{\"@type\":\"BreadcrumbList\",\"@id\":\"https:\\\/\\\/prezode-initiative.org\\\/es\\\/el-proceso-de-aprobacion-del-etiquetado\\\/#breadcrumb\",\"itemListElement\":[{\"@type\":\"ListItem\",\"position\":1,\"name\":\"Home\",\"item\":\"https:\\\/\\\/prezode-initiative.org\\\/es\\\/\"},{\"@type\":\"ListItem\",\"position\":2,\"name\":\"El proceso de aprobaci\u00f3n del etiquetado\"}]},{\"@type\":\"WebSite\",\"@id\":\"https:\\\/\\\/prezode-initiative.org\\\/es\\\/#website\",\"url\":\"https:\\\/\\\/prezode-initiative.org\\\/es\\\/\",\"name\":\"Prezode\",\"description\":\"\",\"publisher\":{\"@id\":\"https:\\\/\\\/prezode-initiative.org\\\/es\\\/#organization\"},\"potentialAction\":[{\"@type\":\"SearchAction\",\"target\":{\"@type\":\"EntryPoint\",\"urlTemplate\":\"https:\\\/\\\/prezode-initiative.org\\\/es\\\/?s={search_term_string}\"},\"query-input\":{\"@type\":\"PropertyValueSpecification\",\"valueRequired\":true,\"valueName\":\"search_term_string\"}}],\"inLanguage\":\"es\"},{\"@type\":\"Organization\",\"@id\":\"https:\\\/\\\/prezode-initiative.org\\\/es\\\/#organization\",\"name\":\"Prezode\",\"url\":\"https:\\\/\\\/prezode-initiative.org\\\/es\\\/\",\"logo\":{\"@type\":\"ImageObject\",\"inLanguage\":\"es\",\"@id\":\"https:\\\/\\\/prezode-initiative.org\\\/es\\\/#\\\/schema\\\/logo\\\/image\\\/\",\"url\":\"https:\\\/\\\/prezode-initiative.org\\\/wp-content\\\/uploads\\\/2025\\\/02\\\/logo.png\",\"contentUrl\":\"https:\\\/\\\/prezode-initiative.org\\\/wp-content\\\/uploads\\\/2025\\\/02\\\/logo.png\",\"width\":168,\"height\":118,\"caption\":\"Prezode\"},\"image\":{\"@id\":\"https:\\\/\\\/prezode-initiative.org\\\/es\\\/#\\\/schema\\\/logo\\\/image\\\/\"}}]}<\/script>\n<!-- \/ Yoast SEO plugin. -->","yoast_head_json":{"title":"El proceso de aprobaci\u00f3n del etiquetado - %","robots":{"index":"index","follow":"follow","max-snippet":"max-snippet:-1","max-image-preview":"max-image-preview:large","max-video-preview":"max-video-preview:-1"},"canonical":"https:\/\/prezode-initiative.org\/es\/el-proceso-de-aprobacion-del-etiquetado\/","og_locale":"es_ES","og_type":"article","og_title":"El proceso de aprobaci\u00f3n del etiquetado - %","og_description":"Los proyectos alineados con los valores y objetivos del PREZODE pueden solicitar el aval. \u00a1Mejora la visibilidad de tu iniciativa obteniendo una Etiqueta PREZODE! El Esquema de Aprobaci\u00f3n apoya la colaboraci\u00f3n y la visibilidad de las iniciativas alineadas con los principios de Una Sola Salud. Las iniciativas respaldadas se benefician de: \u00a1\u00danete a una comunidadContinue reading \"El proceso de aprobaci\u00f3n del etiquetado\"","og_url":"https:\/\/prezode-initiative.org\/es\/el-proceso-de-aprobacion-del-etiquetado\/","og_site_name":"Prezode","article_modified_time":"2026-03-25T16:46:47+00:00","twitter_card":"summary_large_image","twitter_misc":{"Tiempo de lectura":"1 minuto"},"schema":{"@context":"https:\/\/schema.org","@graph":[{"@type":"WebPage","@id":"https:\/\/prezode-initiative.org\/es\/el-proceso-de-aprobacion-del-etiquetado\/","url":"https:\/\/prezode-initiative.org\/es\/el-proceso-de-aprobacion-del-etiquetado\/","name":"El proceso de aprobaci\u00f3n del etiquetado - %","isPartOf":{"@id":"https:\/\/prezode-initiative.org\/es\/#website"},"datePublished":"2025-09-05T14:24:56+00:00","dateModified":"2026-03-25T16:46:47+00:00","breadcrumb":{"@id":"https:\/\/prezode-initiative.org\/es\/el-proceso-de-aprobacion-del-etiquetado\/#breadcrumb"},"inLanguage":"es","potentialAction":[{"@type":"ReadAction","target":["https:\/\/prezode-initiative.org\/es\/el-proceso-de-aprobacion-del-etiquetado\/"]}]},{"@type":"BreadcrumbList","@id":"https:\/\/prezode-initiative.org\/es\/el-proceso-de-aprobacion-del-etiquetado\/#breadcrumb","itemListElement":[{"@type":"ListItem","position":1,"name":"Home","item":"https:\/\/prezode-initiative.org\/es\/"},{"@type":"ListItem","position":2,"name":"El proceso de aprobaci\u00f3n del etiquetado"}]},{"@type":"WebSite","@id":"https:\/\/prezode-initiative.org\/es\/#website","url":"https:\/\/prezode-initiative.org\/es\/","name":"Prezode","description":"","publisher":{"@id":"https:\/\/prezode-initiative.org\/es\/#organization"},"potentialAction":[{"@type":"SearchAction","target":{"@type":"EntryPoint","urlTemplate":"https:\/\/prezode-initiative.org\/es\/?s={search_term_string}"},"query-input":{"@type":"PropertyValueSpecification","valueRequired":true,"valueName":"search_term_string"}}],"inLanguage":"es"},{"@type":"Organization","@id":"https:\/\/prezode-initiative.org\/es\/#organization","name":"Prezode","url":"https:\/\/prezode-initiative.org\/es\/","logo":{"@type":"ImageObject","inLanguage":"es","@id":"https:\/\/prezode-initiative.org\/es\/#\/schema\/logo\/image\/","url":"https:\/\/prezode-initiative.org\/wp-content\/uploads\/2025\/02\/logo.png","contentUrl":"https:\/\/prezode-initiative.org\/wp-content\/uploads\/2025\/02\/logo.png","width":168,"height":118,"caption":"Prezode"},"image":{"@id":"https:\/\/prezode-initiative.org\/es\/#\/schema\/logo\/image\/"}}]}},"_links":{"self":[{"href":"https:\/\/prezode-initiative.org\/es\/wp-json\/wp\/v2\/pages\/4698","targetHints":{"allow":["GET"]}}],"collection":[{"href":"https:\/\/prezode-initiative.org\/es\/wp-json\/wp\/v2\/pages"}],"about":[{"href":"https:\/\/prezode-initiative.org\/es\/wp-json\/wp\/v2\/types\/page"}],"author":[{"embeddable":true,"href":"https:\/\/prezode-initiative.org\/es\/wp-json\/wp\/v2\/users\/2"}],"replies":[{"embeddable":true,"href":"https:\/\/prezode-initiative.org\/es\/wp-json\/wp\/v2\/comments?post=4698"}],"version-history":[{"count":3,"href":"https:\/\/prezode-initiative.org\/es\/wp-json\/wp\/v2\/pages\/4698\/revisions"}],"predecessor-version":[{"id":5709,"href":"https:\/\/prezode-initiative.org\/es\/wp-json\/wp\/v2\/pages\/4698\/revisions\/5709"}],"wp:attachment":[{"href":"https:\/\/prezode-initiative.org\/es\/wp-json\/wp\/v2\/media?parent=4698"}],"curies":[{"name":"wp","href":"https:\/\/api.w.org\/{rel}","templated":true}]}}