{"id":4688,"date":"2025-04-22T18:14:41","date_gmt":"2025-04-22T16:14:41","guid":{"rendered":"https:\/\/prezode-initiative.org\/ventajas-de-formar-parte-de-prezode\/"},"modified":"2026-03-25T17:46:39","modified_gmt":"2026-03-25T16:46:39","slug":"ventajas-de-formar-parte-de-prezode","status":"publish","type":"page","link":"https:\/\/prezode-initiative.org\/es\/ventajas-de-formar-parte-de-prezode\/","title":{"rendered":"Ventajas de formar parte de PREZODE"},"content":{"rendered":"\n<h2 class=\"wp-block-heading is-style-lead has-pz-dark-blue-color has-text-color has-link-color has-medium-font-size wp-elements-30817b8e8d6ae6e9c1ce62fd5f6ec5aa\">PREZODE aboga por un cambio de paradigma transformador mediante una metodolog\u00eda distintiva anclada en un marco de codise\u00f1o cient\u00edfico. La iniciativa fomenta un di\u00e1logo din\u00e1mico ciencia-sociedad-pol\u00edtica e implica activamente a una comunidad mundial diversa de partes interesadas. La afiliaci\u00f3n a PREZODE est\u00e1 impulsada por el impacto:  <\/h2>\n\n<p><\/p>\n\n<h3 class=\"wp-block-heading\"><strong>Colaborar en la prevenci\u00f3n de la aparici\u00f3n de zoonosis<\/strong><\/h3>\n\n<ul class=\"wp-block-list\">\n<li><strong>Garantizar la eficacia de la prevenci\u00f3n mediante di\u00e1logos entre la ciencia, la sociedad y la pol\u00edtica<\/strong>, enfoques ascendentes y una vigilancia colaborativa con las personas que se encuentran en primera l\u00ednea de riesgo y que pueden detectar e informar r\u00e1pidamente de sucesos sanitarios inusuales.<\/li>\n\n\n\n<li><strong>Colaborar<\/strong> en proyectos de investigaci\u00f3n internacionales, aprovechando la experiencia y los recursos compartidos para abordar retos complejos.<\/li>\n\n\n\n<li><strong>Mejorar la salud p\u00fablica gracias a la detecci\u00f3n precoz y la prevenci\u00f3n <\/strong>de los brotes de enfermedades zoon\u00f3ticas, reduciendo el riesgo de pandemias mundiales.<\/li>\n<\/ul>\n\n<h3 class=\"wp-block-heading\"><strong>Participar en un proceso de co-construcci\u00f3n basado en la ciencia <\/strong><br\/><strong>y los enfoques de \u00abUna sola salud<\/strong><\/h3>\n\n<ul class=\"wp-block-list\">\n<li><strong>Aplicaci\u00f3n del concepto <\/strong><a href=\"https:\/\/prezode-initiative.org\/es\/una-sola-salud-un-enfoque-holistico\/\"><strong>concepto de \u00abUna sola salud<\/strong><\/a> para optimizar la utilizaci\u00f3n de los recursos y servir de pilar fundamental de la seguridad sanitaria mundial. Utilizando un atractivo enfoque multidisciplinar, aborda la interconexi\u00f3n de la salud humana, animal y medioambiental. <\/li>\n\n\n\n<li><strong>Promover un proceso de co-construcci\u00f3n <\/strong>que implique a las partes interesadas a todos los niveles, desde las comunidades locales y los profesionales sanitarios hasta los investigadores, los operadores de campo y los responsables de la toma de decisiones. La iniciativa fue codise\u00f1ada con todos sus miembros para potenciar el compromiso y la relevancia. <\/li>\n\n\n\n<li><strong>Adoptando un marco cient\u00edfico, el PREZODE <\/strong><a href=\"https:\/\/prezode-initiative.org\/es\/la-agenda-estrategica\/\"><strong>Agenda Estrat\u00e9gica<\/strong><\/a>que describe las lagunas en los conocimientos de investigaci\u00f3n, las actividades operativas espec\u00edficas y una v\u00eda de impacto.  <\/li>\n\n\n\n<li><strong>Potenciar la movilizaci\u00f3n cient\u00edfica internacional <\/strong>mediante la creaci\u00f3n de una <strong>base de datos <\/strong>para compartir innovaciones y conocimientos sobre el terreno.  <\/li>\n\n\n\n<li><strong>Involucrar a los miembros en torno a valores compartidos para garantizar la adopci\u00f3n de iniciativas de investigaci\u00f3n destinadas<\/strong> a comprender los procesos generales y los factores que conducen a la aparici\u00f3n de zoonosis en medio de cambios globales (biodiversidad, clima, equilibrios de los ecosistemas, etc.).<\/li>\n\n\n\n<li><strong>Promover pr\u00e1cticas inclusivas y \u00e9ticas <\/strong>que integren los conocimientos locales e ind\u00edgenas en las estrategias globales, garantizando intervenciones culturalmente apropiadas y eficaces, el uso responsable de los recursos naturales y la protecci\u00f3n de la biodiversidad.<\/li>\n<\/ul>\n\n<h3 class=\"wp-block-heading\"><strong>Contribuir a la movilizaci\u00f3n mundial sobre los objetivos de salud y desarrollo sostenible<\/strong><\/h3>\n\n<ul class=\"wp-block-list\">\n<li><strong>Fomentar la colaboraci\u00f3n con organizaciones internacionales<\/strong> mediante grupos de trabajo de alto nivel y una comunidad de pr\u00e1cticas en torno a postulados cient\u00edficos clave y mostrar las contribuciones a la salud mundial.<\/li>\n\n\n\n<li><strong>Influir en las pol\u00edticas sanitarias mundiales y maximizar la capacidad <\/strong>de abordar los problemas mundiales al<strong> m\u00e1s alto nivel internacional<\/strong>, incluidas las cumbres de la COP, el G7, el G20 y la ONU.<\/li>\n\n\n\n<li>Contribuir a la consecuci\u00f3n de los <a href=\"https:\/\/sdgs.un.org\/goals\"><strong>Objetivos de Desarrollo Sostenible<\/strong><\/a>especialmente en los \u00e1mbitos de la salud, la seguridad alimentaria, la protecci\u00f3n de todos los ecosistemas -tanto terrestres como submarinos- y la garant\u00eda de los medios de subsistencia de las comunidades locales.<\/li>\n<\/ul>\n\n<p><\/p>\n","protected":false},"excerpt":{"rendered":"<p>PREZODE aboga por un cambio de paradigma transformador mediante una metodolog\u00eda distintiva anclada en un marco de codise\u00f1o cient\u00edfico. La iniciativa fomenta un di\u00e1logo din\u00e1mico ciencia-sociedad-pol\u00edtica e implica activamente a una comunidad mundial diversa de partes interesadas. La afiliaci\u00f3n a PREZODE est\u00e1 impulsada por el impacto: Colaborar en la prevenci\u00f3n de la aparici\u00f3n de zoonosis<a href=\"https:\/\/prezode-initiative.org\/es\/ventajas-de-formar-parte-de-prezode\/\">Continue reading <span class=\"sr-only\">\u00abVentajas de formar parte de PREZODE\u00bb<\/span><\/a><\/p>\n","protected":false},"author":2,"featured_media":0,"parent":0,"menu_order":0,"comment_status":"closed","ping_status":"closed","template":"template-pages\/article-page.php","meta":{"_acf_changed":false,"footnotes":""},"class_list":["post-4688","page","type-page","status-publish","hentry"],"acf":[],"yoast_head":"<!-- This site is optimized with the Yoast SEO plugin v27.6 - https:\/\/yoast.com\/product\/yoast-seo-wordpress\/ -->\n<title>Ventajas de formar parte de PREZODE - %<\/title>\n<meta name=\"robots\" content=\"index, follow, max-snippet:-1, max-image-preview:large, max-video-preview:-1\" \/>\n<link rel=\"canonical\" href=\"https:\/\/prezode-initiative.org\/es\/ventajas-de-formar-parte-de-prezode\/\" \/>\n<meta property=\"og:locale\" content=\"es_ES\" \/>\n<meta property=\"og:type\" content=\"article\" \/>\n<meta property=\"og:title\" content=\"Ventajas de formar parte de PREZODE - %\" \/>\n<meta property=\"og:description\" content=\"PREZODE aboga por un cambio de paradigma transformador mediante una metodolog\u00eda distintiva anclada en un marco de codise\u00f1o cient\u00edfico. La iniciativa fomenta un di\u00e1logo din\u00e1mico ciencia-sociedad-pol\u00edtica e implica activamente a una comunidad mundial diversa de partes interesadas. La afiliaci\u00f3n a PREZODE est\u00e1 impulsada por el impacto: Colaborar en la prevenci\u00f3n de la aparici\u00f3n de zoonosisContinue reading &quot;Ventajas de formar parte de PREZODE&quot;\" \/>\n<meta property=\"og:url\" content=\"https:\/\/prezode-initiative.org\/es\/ventajas-de-formar-parte-de-prezode\/\" \/>\n<meta property=\"og:site_name\" content=\"Prezode\" \/>\n<meta property=\"article:modified_time\" content=\"2026-03-25T16:46:39+00:00\" \/>\n<meta name=\"twitter:card\" content=\"summary_large_image\" \/>\n<meta name=\"twitter:label1\" content=\"Tiempo de lectura\" \/>\n\t<meta name=\"twitter:data1\" content=\"3 minutos\" \/>\n<script type=\"application\/ld+json\" class=\"yoast-schema-graph\">{\"@context\":\"https:\\\/\\\/schema.org\",\"@graph\":[{\"@type\":\"WebPage\",\"@id\":\"https:\\\/\\\/prezode-initiative.org\\\/es\\\/ventajas-de-formar-parte-de-prezode\\\/\",\"url\":\"https:\\\/\\\/prezode-initiative.org\\\/es\\\/ventajas-de-formar-parte-de-prezode\\\/\",\"name\":\"Ventajas de formar parte de PREZODE - %\",\"isPartOf\":{\"@id\":\"https:\\\/\\\/prezode-initiative.org\\\/es\\\/#website\"},\"datePublished\":\"2025-04-22T16:14:41+00:00\",\"dateModified\":\"2026-03-25T16:46:39+00:00\",\"breadcrumb\":{\"@id\":\"https:\\\/\\\/prezode-initiative.org\\\/es\\\/ventajas-de-formar-parte-de-prezode\\\/#breadcrumb\"},\"inLanguage\":\"es\",\"potentialAction\":[{\"@type\":\"ReadAction\",\"target\":[\"https:\\\/\\\/prezode-initiative.org\\\/es\\\/ventajas-de-formar-parte-de-prezode\\\/\"]}]},{\"@type\":\"BreadcrumbList\",\"@id\":\"https:\\\/\\\/prezode-initiative.org\\\/es\\\/ventajas-de-formar-parte-de-prezode\\\/#breadcrumb\",\"itemListElement\":[{\"@type\":\"ListItem\",\"position\":1,\"name\":\"Home\",\"item\":\"https:\\\/\\\/prezode-initiative.org\\\/es\\\/\"},{\"@type\":\"ListItem\",\"position\":2,\"name\":\"Ventajas de formar parte de PREZODE\"}]},{\"@type\":\"WebSite\",\"@id\":\"https:\\\/\\\/prezode-initiative.org\\\/es\\\/#website\",\"url\":\"https:\\\/\\\/prezode-initiative.org\\\/es\\\/\",\"name\":\"Prezode\",\"description\":\"\",\"publisher\":{\"@id\":\"https:\\\/\\\/prezode-initiative.org\\\/es\\\/#organization\"},\"potentialAction\":[{\"@type\":\"SearchAction\",\"target\":{\"@type\":\"EntryPoint\",\"urlTemplate\":\"https:\\\/\\\/prezode-initiative.org\\\/es\\\/?s={search_term_string}\"},\"query-input\":{\"@type\":\"PropertyValueSpecification\",\"valueRequired\":true,\"valueName\":\"search_term_string\"}}],\"inLanguage\":\"es\"},{\"@type\":\"Organization\",\"@id\":\"https:\\\/\\\/prezode-initiative.org\\\/es\\\/#organization\",\"name\":\"Prezode\",\"url\":\"https:\\\/\\\/prezode-initiative.org\\\/es\\\/\",\"logo\":{\"@type\":\"ImageObject\",\"inLanguage\":\"es\",\"@id\":\"https:\\\/\\\/prezode-initiative.org\\\/es\\\/#\\\/schema\\\/logo\\\/image\\\/\",\"url\":\"https:\\\/\\\/prezode-initiative.org\\\/wp-content\\\/uploads\\\/2025\\\/02\\\/logo.png\",\"contentUrl\":\"https:\\\/\\\/prezode-initiative.org\\\/wp-content\\\/uploads\\\/2025\\\/02\\\/logo.png\",\"width\":168,\"height\":118,\"caption\":\"Prezode\"},\"image\":{\"@id\":\"https:\\\/\\\/prezode-initiative.org\\\/es\\\/#\\\/schema\\\/logo\\\/image\\\/\"}}]}<\/script>\n<!-- \/ Yoast SEO plugin. -->","yoast_head_json":{"title":"Ventajas de formar parte de PREZODE - %","robots":{"index":"index","follow":"follow","max-snippet":"max-snippet:-1","max-image-preview":"max-image-preview:large","max-video-preview":"max-video-preview:-1"},"canonical":"https:\/\/prezode-initiative.org\/es\/ventajas-de-formar-parte-de-prezode\/","og_locale":"es_ES","og_type":"article","og_title":"Ventajas de formar parte de PREZODE - %","og_description":"PREZODE aboga por un cambio de paradigma transformador mediante una metodolog\u00eda distintiva anclada en un marco de codise\u00f1o cient\u00edfico. La iniciativa fomenta un di\u00e1logo din\u00e1mico ciencia-sociedad-pol\u00edtica e implica activamente a una comunidad mundial diversa de partes interesadas. La afiliaci\u00f3n a PREZODE est\u00e1 impulsada por el impacto: Colaborar en la prevenci\u00f3n de la aparici\u00f3n de zoonosisContinue reading \"Ventajas de formar parte de PREZODE\"","og_url":"https:\/\/prezode-initiative.org\/es\/ventajas-de-formar-parte-de-prezode\/","og_site_name":"Prezode","article_modified_time":"2026-03-25T16:46:39+00:00","twitter_card":"summary_large_image","twitter_misc":{"Tiempo de lectura":"3 minutos"},"schema":{"@context":"https:\/\/schema.org","@graph":[{"@type":"WebPage","@id":"https:\/\/prezode-initiative.org\/es\/ventajas-de-formar-parte-de-prezode\/","url":"https:\/\/prezode-initiative.org\/es\/ventajas-de-formar-parte-de-prezode\/","name":"Ventajas de formar parte de PREZODE - %","isPartOf":{"@id":"https:\/\/prezode-initiative.org\/es\/#website"},"datePublished":"2025-04-22T16:14:41+00:00","dateModified":"2026-03-25T16:46:39+00:00","breadcrumb":{"@id":"https:\/\/prezode-initiative.org\/es\/ventajas-de-formar-parte-de-prezode\/#breadcrumb"},"inLanguage":"es","potentialAction":[{"@type":"ReadAction","target":["https:\/\/prezode-initiative.org\/es\/ventajas-de-formar-parte-de-prezode\/"]}]},{"@type":"BreadcrumbList","@id":"https:\/\/prezode-initiative.org\/es\/ventajas-de-formar-parte-de-prezode\/#breadcrumb","itemListElement":[{"@type":"ListItem","position":1,"name":"Home","item":"https:\/\/prezode-initiative.org\/es\/"},{"@type":"ListItem","position":2,"name":"Ventajas de formar parte de PREZODE"}]},{"@type":"WebSite","@id":"https:\/\/prezode-initiative.org\/es\/#website","url":"https:\/\/prezode-initiative.org\/es\/","name":"Prezode","description":"","publisher":{"@id":"https:\/\/prezode-initiative.org\/es\/#organization"},"potentialAction":[{"@type":"SearchAction","target":{"@type":"EntryPoint","urlTemplate":"https:\/\/prezode-initiative.org\/es\/?s={search_term_string}"},"query-input":{"@type":"PropertyValueSpecification","valueRequired":true,"valueName":"search_term_string"}}],"inLanguage":"es"},{"@type":"Organization","@id":"https:\/\/prezode-initiative.org\/es\/#organization","name":"Prezode","url":"https:\/\/prezode-initiative.org\/es\/","logo":{"@type":"ImageObject","inLanguage":"es","@id":"https:\/\/prezode-initiative.org\/es\/#\/schema\/logo\/image\/","url":"https:\/\/prezode-initiative.org\/wp-content\/uploads\/2025\/02\/logo.png","contentUrl":"https:\/\/prezode-initiative.org\/wp-content\/uploads\/2025\/02\/logo.png","width":168,"height":118,"caption":"Prezode"},"image":{"@id":"https:\/\/prezode-initiative.org\/es\/#\/schema\/logo\/image\/"}}]}},"_links":{"self":[{"href":"https:\/\/prezode-initiative.org\/es\/wp-json\/wp\/v2\/pages\/4688","targetHints":{"allow":["GET"]}}],"collection":[{"href":"https:\/\/prezode-initiative.org\/es\/wp-json\/wp\/v2\/pages"}],"about":[{"href":"https:\/\/prezode-initiative.org\/es\/wp-json\/wp\/v2\/types\/page"}],"author":[{"embeddable":true,"href":"https:\/\/prezode-initiative.org\/es\/wp-json\/wp\/v2\/users\/2"}],"replies":[{"embeddable":true,"href":"https:\/\/prezode-initiative.org\/es\/wp-json\/wp\/v2\/comments?post=4688"}],"version-history":[{"count":4,"href":"https:\/\/prezode-initiative.org\/es\/wp-json\/wp\/v2\/pages\/4688\/revisions"}],"predecessor-version":[{"id":5703,"href":"https:\/\/prezode-initiative.org\/es\/wp-json\/wp\/v2\/pages\/4688\/revisions\/5703"}],"wp:attachment":[{"href":"https:\/\/prezode-initiative.org\/es\/wp-json\/wp\/v2\/media?parent=4688"}],"curies":[{"name":"wp","href":"https:\/\/api.w.org\/{rel}","templated":true}]}}