{"id":4677,"date":"2025-05-05T13:48:49","date_gmt":"2025-05-05T11:48:49","guid":{"rendered":"https:\/\/prezode-initiative.org\/nuestra-organizacion-y-nuestro-personal\/"},"modified":"2026-03-25T17:46:46","modified_gmt":"2026-03-25T16:46:46","slug":"nuestra-organizacion-y-nuestro-personal","status":"publish","type":"page","link":"https:\/\/prezode-initiative.org\/es\/nuestra-organizacion-y-nuestro-personal\/","title":{"rendered":"Nuestra organizaci\u00f3n y nuestro personal"},"content":{"rendered":"\n<h2 class=\"wp-block-heading\">Gobernanza<\/h2>\n\n<p>Las condiciones de gobernanza de PREZODE fueron adoptadas por sus miembros el 11 de octubre de 2022. Los dos \u00f3rganos principales de esta gobernanza son la Asamblea General (AG) y el Comit\u00e9 Directivo (CD). <\/p>\n\n<h3 class=\"wp-block-heading\">La <strong>Asamblea General<\/strong><\/h3>\n\n<p>La <a href=\"https:\/\/prezode-initiative.org\/es\/papel-y-responsabilidades-de-la-asamblea-general\/\" target=\"_blank\" rel=\"noreferrer noopener\">AG<\/a> de los <a href=\"https:\/\/prezode-initiative.org\/en\/our-members\/\" target=\"_blank\" rel=\"noreferrer noopener\">miembros<\/a> de PREZODE se encarga de revisar y <strong>adoptar la estrategia y los resultados de la iniciativa<\/strong>, que se elaboran a partir de las propuestas del CS. La Secretar\u00eda apoya a estos \u00f3rganos y coordina y ejecuta las actividades diarias de la iniciativa PREZODE. <\/p>\n\n<h3 class=\"wp-block-heading\">El <strong>Comit\u00e9 Directivo<\/strong><\/h3>\n\n<p>El <a href=\"https:\/\/prezode-initiative.org\/es\/el-papel-del-comite-director\/\" target=\"_blank\" rel=\"noreferrer noopener\">SC<\/a> <strong>propone a la AG una estrategia con resultados concretos y sujetos a plazos, y supervisa la puesta en marcha de la iniciativa<\/strong>. Garantiza que las decisiones tomadas por la AG y el CC se lleven a cabo con eficacia, y que todos los Comit\u00e9s y Grupos de Trabajo de PREZODE funcionen sin problemas de acuerdo con los procedimientos establecidos. Desempe\u00f1a un papel crucial a la hora de dar forma a la direcci\u00f3n estrat\u00e9gica de PREZODE, presentar recomendaciones a la AG y tomar decisiones importantes sobre diversas acciones. El SC est\u00e1 organizado en tres colegios que representan a la Ciencia, a las cinco Regiones del mundo (\u00c1frica, Am\u00e9ricas, Asia, Europa y Ocean\u00eda) y a la sociedad civil. Adem\u00e1s, estos miembros participan activamente y representan a PREZODE en diversos eventos internacionales, regionales y virtuales, y presiden los Grupos de Trabajo de los Pilares.    <\/p>\n\n<h2 class=\"wp-block-heading\">La Secretar\u00eda<\/h2>\n\n<p>La funci\u00f3n de la <a href=\"https:\/\/prezode-initiative.org\/es\/el-papel-del-secretariado\/\" target=\"_blank\" rel=\"noreferrer noopener\">Secretar\u00eda<\/a> es <strong>coordinar y llevar a cabo las actividades cotidianas de la iniciativa<\/strong>, garantizar la aplicaci\u00f3n de las decisiones de la AG y el CC, y mantener el buen funcionamiento y los procedimientos de todos los Comit\u00e9s y Grupos de Trabajo de PREZODE. <strong>El Comit\u00e9 Ejecutivo<\/strong>, formado por los tres institutos fundadores de PREZODE<a href=\"https:\/\/www.cirad.fr\/en\" target=\"_blank\" rel=\"noreferrer noopener\">(CIRAD<\/a>,<a href=\"https:\/\/www.inrae.fr\/en\" target=\"_blank\" rel=\"noreferrer noopener\"> INRAE<\/a>, <a href=\"https:\/\/en.ird.fr\/\" target=\"_blank\" rel=\"noreferrer noopener\">IRD<\/a>), proporciona <strong>asistencia y apoyo en especie<\/strong> a la Secretar\u00eda.<\/p>\n\n<p>La Secretar\u00eda se beneficia enormemente del apoyo de los <strong>puntos focales regionales y cient\u00edficos<\/strong> designados. Estos puntos focales desempe\u00f1an un papel crucial a la hora de facilitar la comunicaci\u00f3n, la coordinaci\u00f3n y el intercambio de conocimientos. Act\u00faan como enlaces clave, garantizando que las perspectivas regionales y los conocimientos cient\u00edficos se incorporen eficazmente a las actividades de la Secretar\u00eda.  <\/p>\n\n<p><\/p>\n\n<h2 class=\"wp-block-heading\">T\u00e9rminos de referencia de la gobernanza de PREZODE<\/h2>\n\n<p><\/p>\n\n<div data-wp-interactive=\"core\/file\" class=\"wp-block-file\"><object data-wp-bind--hidden=\"!state.hasPdfPreview\" hidden class=\"wp-block-file__embed\" data=\"https:\/\/prezode-initiative.org\/wp-content\/uploads\/2025\/07\/PREZODE_ToR-adopted-2022.pdf\" type=\"application\/pdf\" style=\"width:100%;height:600px\" aria-label=\"Incrustado de PREZODE_ToR adopted-2022.\"><\/object><a id=\"wp-block-file--media-394ddac6-4cd6-4fd4-ab79-ff515b065d85\" href=\"https:\/\/prezode-initiative.org\/wp-content\/uploads\/2025\/07\/PREZODE_ToR-adopted-2022.pdf\">PREZODE_ToR adoptado-2022<\/a><a href=\"https:\/\/prezode-initiative.org\/wp-content\/uploads\/2025\/07\/PREZODE_ToR-adopted-2022.pdf\" class=\"wp-block-file__button wp-element-button\" download=\"\" aria-describedby=\"wp-block-file--media-394ddac6-4cd6-4fd4-ab79-ff515b065d85\">Descarga<\/a><\/div>\n\n<p><\/p>\n","protected":false},"excerpt":{"rendered":"<p>Gobernanza Las condiciones de gobernanza de PREZODE fueron adoptadas por sus miembros el 11 de octubre de 2022. Los dos \u00f3rganos principales de esta gobernanza son la Asamblea General (AG) y el Comit\u00e9 Directivo (CD). La Asamblea General La AG de los miembros de PREZODE se encarga de revisar y adoptar la estrategia y los<a href=\"https:\/\/prezode-initiative.org\/es\/nuestra-organizacion-y-nuestro-personal\/\">Continue reading <span class=\"sr-only\">\u00abNuestra organizaci\u00f3n y nuestro personal\u00bb<\/span><\/a><\/p>\n","protected":false},"author":2,"featured_media":0,"parent":0,"menu_order":0,"comment_status":"closed","ping_status":"closed","template":"template-pages\/article-page.php","meta":{"_acf_changed":false,"footnotes":""},"class_list":["post-4677","page","type-page","status-publish","hentry"],"acf":[],"yoast_head":"<!-- This site is optimized with the Yoast SEO plugin v27.6 - https:\/\/yoast.com\/product\/yoast-seo-wordpress\/ -->\n<title>Nuestra organizaci\u00f3n y nuestro personal - %<\/title>\n<meta name=\"robots\" content=\"index, follow, max-snippet:-1, max-image-preview:large, max-video-preview:-1\" \/>\n<link rel=\"canonical\" href=\"https:\/\/prezode-initiative.org\/es\/nuestra-organizacion-y-nuestro-personal\/\" \/>\n<meta property=\"og:locale\" content=\"es_ES\" \/>\n<meta property=\"og:type\" content=\"article\" \/>\n<meta property=\"og:title\" content=\"Nuestra organizaci\u00f3n y nuestro personal - %\" \/>\n<meta property=\"og:description\" content=\"Gobernanza Las condiciones de gobernanza de PREZODE fueron adoptadas por sus miembros el 11 de octubre de 2022. Los dos \u00f3rganos principales de esta gobernanza son la Asamblea General (AG) y el Comit\u00e9 Directivo (CD). La Asamblea General La AG de los miembros de PREZODE se encarga de revisar y adoptar la estrategia y losContinue reading &quot;Nuestra organizaci\u00f3n y nuestro personal&quot;\" \/>\n<meta property=\"og:url\" content=\"https:\/\/prezode-initiative.org\/es\/nuestra-organizacion-y-nuestro-personal\/\" \/>\n<meta property=\"og:site_name\" content=\"Prezode\" \/>\n<meta property=\"article:modified_time\" content=\"2026-03-25T16:46:46+00:00\" \/>\n<meta name=\"twitter:card\" content=\"summary_large_image\" \/>\n<meta name=\"twitter:label1\" content=\"Tiempo de lectura\" \/>\n\t<meta name=\"twitter:data1\" content=\"2 minutos\" \/>\n<script type=\"application\/ld+json\" class=\"yoast-schema-graph\">{\"@context\":\"https:\\\/\\\/schema.org\",\"@graph\":[{\"@type\":\"WebPage\",\"@id\":\"https:\\\/\\\/prezode-initiative.org\\\/es\\\/nuestra-organizacion-y-nuestro-personal\\\/\",\"url\":\"https:\\\/\\\/prezode-initiative.org\\\/es\\\/nuestra-organizacion-y-nuestro-personal\\\/\",\"name\":\"Nuestra organizaci\u00f3n y nuestro personal - %\",\"isPartOf\":{\"@id\":\"https:\\\/\\\/prezode-initiative.org\\\/es\\\/#website\"},\"datePublished\":\"2025-05-05T11:48:49+00:00\",\"dateModified\":\"2026-03-25T16:46:46+00:00\",\"breadcrumb\":{\"@id\":\"https:\\\/\\\/prezode-initiative.org\\\/es\\\/nuestra-organizacion-y-nuestro-personal\\\/#breadcrumb\"},\"inLanguage\":\"es\",\"potentialAction\":[{\"@type\":\"ReadAction\",\"target\":[\"https:\\\/\\\/prezode-initiative.org\\\/es\\\/nuestra-organizacion-y-nuestro-personal\\\/\"]}]},{\"@type\":\"BreadcrumbList\",\"@id\":\"https:\\\/\\\/prezode-initiative.org\\\/es\\\/nuestra-organizacion-y-nuestro-personal\\\/#breadcrumb\",\"itemListElement\":[{\"@type\":\"ListItem\",\"position\":1,\"name\":\"Home\",\"item\":\"https:\\\/\\\/prezode-initiative.org\\\/es\\\/\"},{\"@type\":\"ListItem\",\"position\":2,\"name\":\"Nuestra organizaci\u00f3n y nuestro personal\"}]},{\"@type\":\"WebSite\",\"@id\":\"https:\\\/\\\/prezode-initiative.org\\\/es\\\/#website\",\"url\":\"https:\\\/\\\/prezode-initiative.org\\\/es\\\/\",\"name\":\"Prezode\",\"description\":\"\",\"publisher\":{\"@id\":\"https:\\\/\\\/prezode-initiative.org\\\/es\\\/#organization\"},\"potentialAction\":[{\"@type\":\"SearchAction\",\"target\":{\"@type\":\"EntryPoint\",\"urlTemplate\":\"https:\\\/\\\/prezode-initiative.org\\\/es\\\/?s={search_term_string}\"},\"query-input\":{\"@type\":\"PropertyValueSpecification\",\"valueRequired\":true,\"valueName\":\"search_term_string\"}}],\"inLanguage\":\"es\"},{\"@type\":\"Organization\",\"@id\":\"https:\\\/\\\/prezode-initiative.org\\\/es\\\/#organization\",\"name\":\"Prezode\",\"url\":\"https:\\\/\\\/prezode-initiative.org\\\/es\\\/\",\"logo\":{\"@type\":\"ImageObject\",\"inLanguage\":\"es\",\"@id\":\"https:\\\/\\\/prezode-initiative.org\\\/es\\\/#\\\/schema\\\/logo\\\/image\\\/\",\"url\":\"https:\\\/\\\/prezode-initiative.org\\\/wp-content\\\/uploads\\\/2025\\\/02\\\/logo.png\",\"contentUrl\":\"https:\\\/\\\/prezode-initiative.org\\\/wp-content\\\/uploads\\\/2025\\\/02\\\/logo.png\",\"width\":168,\"height\":118,\"caption\":\"Prezode\"},\"image\":{\"@id\":\"https:\\\/\\\/prezode-initiative.org\\\/es\\\/#\\\/schema\\\/logo\\\/image\\\/\"}}]}<\/script>\n<!-- \/ Yoast SEO plugin. -->","yoast_head_json":{"title":"Nuestra organizaci\u00f3n y nuestro personal - %","robots":{"index":"index","follow":"follow","max-snippet":"max-snippet:-1","max-image-preview":"max-image-preview:large","max-video-preview":"max-video-preview:-1"},"canonical":"https:\/\/prezode-initiative.org\/es\/nuestra-organizacion-y-nuestro-personal\/","og_locale":"es_ES","og_type":"article","og_title":"Nuestra organizaci\u00f3n y nuestro personal - %","og_description":"Gobernanza Las condiciones de gobernanza de PREZODE fueron adoptadas por sus miembros el 11 de octubre de 2022. Los dos \u00f3rganos principales de esta gobernanza son la Asamblea General (AG) y el Comit\u00e9 Directivo (CD). La Asamblea General La AG de los miembros de PREZODE se encarga de revisar y adoptar la estrategia y losContinue reading \"Nuestra organizaci\u00f3n y nuestro personal\"","og_url":"https:\/\/prezode-initiative.org\/es\/nuestra-organizacion-y-nuestro-personal\/","og_site_name":"Prezode","article_modified_time":"2026-03-25T16:46:46+00:00","twitter_card":"summary_large_image","twitter_misc":{"Tiempo de lectura":"2 minutos"},"schema":{"@context":"https:\/\/schema.org","@graph":[{"@type":"WebPage","@id":"https:\/\/prezode-initiative.org\/es\/nuestra-organizacion-y-nuestro-personal\/","url":"https:\/\/prezode-initiative.org\/es\/nuestra-organizacion-y-nuestro-personal\/","name":"Nuestra organizaci\u00f3n y nuestro personal - %","isPartOf":{"@id":"https:\/\/prezode-initiative.org\/es\/#website"},"datePublished":"2025-05-05T11:48:49+00:00","dateModified":"2026-03-25T16:46:46+00:00","breadcrumb":{"@id":"https:\/\/prezode-initiative.org\/es\/nuestra-organizacion-y-nuestro-personal\/#breadcrumb"},"inLanguage":"es","potentialAction":[{"@type":"ReadAction","target":["https:\/\/prezode-initiative.org\/es\/nuestra-organizacion-y-nuestro-personal\/"]}]},{"@type":"BreadcrumbList","@id":"https:\/\/prezode-initiative.org\/es\/nuestra-organizacion-y-nuestro-personal\/#breadcrumb","itemListElement":[{"@type":"ListItem","position":1,"name":"Home","item":"https:\/\/prezode-initiative.org\/es\/"},{"@type":"ListItem","position":2,"name":"Nuestra organizaci\u00f3n y nuestro personal"}]},{"@type":"WebSite","@id":"https:\/\/prezode-initiative.org\/es\/#website","url":"https:\/\/prezode-initiative.org\/es\/","name":"Prezode","description":"","publisher":{"@id":"https:\/\/prezode-initiative.org\/es\/#organization"},"potentialAction":[{"@type":"SearchAction","target":{"@type":"EntryPoint","urlTemplate":"https:\/\/prezode-initiative.org\/es\/?s={search_term_string}"},"query-input":{"@type":"PropertyValueSpecification","valueRequired":true,"valueName":"search_term_string"}}],"inLanguage":"es"},{"@type":"Organization","@id":"https:\/\/prezode-initiative.org\/es\/#organization","name":"Prezode","url":"https:\/\/prezode-initiative.org\/es\/","logo":{"@type":"ImageObject","inLanguage":"es","@id":"https:\/\/prezode-initiative.org\/es\/#\/schema\/logo\/image\/","url":"https:\/\/prezode-initiative.org\/wp-content\/uploads\/2025\/02\/logo.png","contentUrl":"https:\/\/prezode-initiative.org\/wp-content\/uploads\/2025\/02\/logo.png","width":168,"height":118,"caption":"Prezode"},"image":{"@id":"https:\/\/prezode-initiative.org\/es\/#\/schema\/logo\/image\/"}}]}},"_links":{"self":[{"href":"https:\/\/prezode-initiative.org\/es\/wp-json\/wp\/v2\/pages\/4677","targetHints":{"allow":["GET"]}}],"collection":[{"href":"https:\/\/prezode-initiative.org\/es\/wp-json\/wp\/v2\/pages"}],"about":[{"href":"https:\/\/prezode-initiative.org\/es\/wp-json\/wp\/v2\/types\/page"}],"author":[{"embeddable":true,"href":"https:\/\/prezode-initiative.org\/es\/wp-json\/wp\/v2\/users\/2"}],"replies":[{"embeddable":true,"href":"https:\/\/prezode-initiative.org\/es\/wp-json\/wp\/v2\/comments?post=4677"}],"version-history":[{"count":6,"href":"https:\/\/prezode-initiative.org\/es\/wp-json\/wp\/v2\/pages\/4677\/revisions"}],"predecessor-version":[{"id":5706,"href":"https:\/\/prezode-initiative.org\/es\/wp-json\/wp\/v2\/pages\/4677\/revisions\/5706"}],"wp:attachment":[{"href":"https:\/\/prezode-initiative.org\/es\/wp-json\/wp\/v2\/media?parent=4677"}],"curies":[{"name":"wp","href":"https:\/\/api.w.org\/{rel}","templated":true}]}}