{"id":4665,"date":"2025-05-05T09:23:25","date_gmt":"2025-05-05T07:23:25","guid":{"rendered":"https:\/\/prezode-initiative.org\/una-comunidad-de-practicas\/"},"modified":"2026-03-25T17:46:40","modified_gmt":"2026-03-25T16:46:40","slug":"una-comunidad-de-practicas","status":"publish","type":"page","link":"https:\/\/prezode-initiative.org\/es\/una-comunidad-de-practicas\/","title":{"rendered":"Una comunidad de pr\u00e1cticas"},"content":{"rendered":"\n<h2 class=\"wp-block-heading\">PREZODE re\u00fane a una comunidad mundial de pr\u00e1cticas, en la que participan gobiernos, institutos acad\u00e9micos y de investigaci\u00f3n y universidades, responsables pol\u00edticos, organizaciones de la sociedad civil, fundaciones, empresas privadas y otras iniciativas.<\/h2>\n\n<p><\/p>\n\n<p>La Iniciativa PREZODE crea una red que facilita y refuerza las interacciones entre las organizaciones miembro, que incluyen iniciativas, proyectos y programas existentes y futuros. En enero de 2025, la comunidad PREZODE cuenta con m\u00e1s de <a href=\"https:\/\/prezode-initiative.org\/en\/our-members\/\">260 <\/a><a href=\"https:\/\/prezode-initiative.org\/en\/our-members\/\" target=\"_blank\" rel=\"noreferrer noopener\">miembros<\/a> y observadores de los sectores cient\u00edfico, acad\u00e9mico y asociativo, y engloba a los gobiernos de 30 pa\u00edses: B\u00e9lgica, Burkina Faso, Camboya, Camer\u00fan, Costa Rica, Chile, Cuba, Dominica, El Salvador, Filipinas, Gab\u00f3n, Francia, Guinea Conakry, Congo, Hait\u00ed, Laos, Madagascar, Marruecos, M\u00e9xico, Panam\u00e1, Reino Unido, Rep\u00fablica Democr\u00e1tica del Congo, Rep\u00fablica Dominicana, Senegal, Tailandia, Trinidad y Tobago, Vietnam, Uruguay, Zambia y Zimbabue.  <br\/><\/p>\n\n<h3 class=\"wp-block-heading\">Coordinaci\u00f3n y sinergias<\/h3>\n\n<p>A trav\u00e9s de su comunidad de pr\u00e1cticas, PREZODE mejora la coordinaci\u00f3n y las sinergias, y promueve el intercambio de lecciones aprendidas y mejores pr\u00e1cticas. Refuerza e integra el conocimiento, la innovaci\u00f3n, el desarrollo de capacidades y las acciones operativas. PREZODE despliega la investigaci\u00f3n acad\u00e9mica, la colaboraci\u00f3n intersectorial sobre el terreno y el compromiso de los actores operativos en primera l\u00ednea de las epidemias, teniendo en cuenta tanto al ganado como a la fauna salvaje.  <\/p>\n\n<h3 class=\"wp-block-heading\">  Cooperaci\u00f3n internacional<\/h3>\n\n<p>Los miembros y colaboradores de PREZODE suscriben sus<a href=\"https:\/\/prezode-initiative.org\/es\/vision-mision-y-valores\/\" target=\"_blank\" rel=\"noreferrer noopener\">valores fundamentales<\/a>, tal y como se recogen en la Declaraci\u00f3n de Intenciones. Por tanto, est\u00e1n comprometidos con el objetivo global de la iniciativa: prevenir la aparici\u00f3n de enfermedades zoon\u00f3ticas en socioecosistemas complejos mediante la colaboraci\u00f3n internacional, el intercambio de conocimientos y la orientaci\u00f3n de las pol\u00edticas p\u00fablicas. <\/p>\n\n<p>La Iniciativa refuerza su din\u00e1mica mediante la incorporaci\u00f3n de nuevos miembros, lo que mejora el compromiso y garantiza su eficacia. La comunidad de miembros colabora en el desarrollo de la Iniciativa PREZODE mediante programas conjuntos de investigaci\u00f3n y actividades operativas destinadas a crear sinergias. <\/p>\n","protected":false},"excerpt":{"rendered":"<p>PREZODE re\u00fane a una comunidad mundial de pr\u00e1cticas, en la que participan gobiernos, institutos acad\u00e9micos y de investigaci\u00f3n y universidades, responsables pol\u00edticos, organizaciones de la sociedad civil, fundaciones, empresas privadas y otras iniciativas. La Iniciativa PREZODE crea una red que facilita y refuerza las interacciones entre las organizaciones miembro, que incluyen iniciativas, proyectos y programas<a href=\"https:\/\/prezode-initiative.org\/es\/una-comunidad-de-practicas\/\">Continue reading <span class=\"sr-only\">\u00abUna comunidad de pr\u00e1cticas\u00bb<\/span><\/a><\/p>\n","protected":false},"author":2,"featured_media":0,"parent":0,"menu_order":0,"comment_status":"closed","ping_status":"closed","template":"template-pages\/article-page.php","meta":{"_acf_changed":false,"footnotes":""},"class_list":["post-4665","page","type-page","status-publish","hentry"],"acf":[],"yoast_head":"<!-- This site is optimized with the Yoast SEO plugin v27.6 - https:\/\/yoast.com\/product\/yoast-seo-wordpress\/ -->\n<title>Una comunidad de pr\u00e1cticas - %<\/title>\n<meta name=\"robots\" content=\"index, follow, max-snippet:-1, max-image-preview:large, max-video-preview:-1\" \/>\n<link rel=\"canonical\" href=\"https:\/\/prezode-initiative.org\/es\/una-comunidad-de-practicas\/\" \/>\n<meta property=\"og:locale\" content=\"es_ES\" \/>\n<meta property=\"og:type\" content=\"article\" \/>\n<meta property=\"og:title\" content=\"Una comunidad de pr\u00e1cticas - %\" \/>\n<meta property=\"og:description\" content=\"PREZODE re\u00fane a una comunidad mundial de pr\u00e1cticas, en la que participan gobiernos, institutos acad\u00e9micos y de investigaci\u00f3n y universidades, responsables pol\u00edticos, organizaciones de la sociedad civil, fundaciones, empresas privadas y otras iniciativas. La Iniciativa PREZODE crea una red que facilita y refuerza las interacciones entre las organizaciones miembro, que incluyen iniciativas, proyectos y programasContinue reading &quot;Una comunidad de pr\u00e1cticas&quot;\" \/>\n<meta property=\"og:url\" content=\"https:\/\/prezode-initiative.org\/es\/una-comunidad-de-practicas\/\" \/>\n<meta property=\"og:site_name\" content=\"Prezode\" \/>\n<meta property=\"article:modified_time\" content=\"2026-03-25T16:46:40+00:00\" \/>\n<meta name=\"twitter:card\" content=\"summary_large_image\" \/>\n<meta name=\"twitter:label1\" content=\"Tiempo de lectura\" \/>\n\t<meta name=\"twitter:data1\" content=\"2 minutos\" \/>\n<script type=\"application\/ld+json\" class=\"yoast-schema-graph\">{\"@context\":\"https:\\\/\\\/schema.org\",\"@graph\":[{\"@type\":\"WebPage\",\"@id\":\"https:\\\/\\\/prezode-initiative.org\\\/es\\\/una-comunidad-de-practicas\\\/\",\"url\":\"https:\\\/\\\/prezode-initiative.org\\\/es\\\/una-comunidad-de-practicas\\\/\",\"name\":\"Una comunidad de pr\u00e1cticas - %\",\"isPartOf\":{\"@id\":\"https:\\\/\\\/prezode-initiative.org\\\/es\\\/#website\"},\"datePublished\":\"2025-05-05T07:23:25+00:00\",\"dateModified\":\"2026-03-25T16:46:40+00:00\",\"breadcrumb\":{\"@id\":\"https:\\\/\\\/prezode-initiative.org\\\/es\\\/una-comunidad-de-practicas\\\/#breadcrumb\"},\"inLanguage\":\"es\",\"potentialAction\":[{\"@type\":\"ReadAction\",\"target\":[\"https:\\\/\\\/prezode-initiative.org\\\/es\\\/una-comunidad-de-practicas\\\/\"]}]},{\"@type\":\"BreadcrumbList\",\"@id\":\"https:\\\/\\\/prezode-initiative.org\\\/es\\\/una-comunidad-de-practicas\\\/#breadcrumb\",\"itemListElement\":[{\"@type\":\"ListItem\",\"position\":1,\"name\":\"Home\",\"item\":\"https:\\\/\\\/prezode-initiative.org\\\/es\\\/\"},{\"@type\":\"ListItem\",\"position\":2,\"name\":\"Una comunidad de pr\u00e1cticas\"}]},{\"@type\":\"WebSite\",\"@id\":\"https:\\\/\\\/prezode-initiative.org\\\/es\\\/#website\",\"url\":\"https:\\\/\\\/prezode-initiative.org\\\/es\\\/\",\"name\":\"Prezode\",\"description\":\"\",\"publisher\":{\"@id\":\"https:\\\/\\\/prezode-initiative.org\\\/es\\\/#organization\"},\"potentialAction\":[{\"@type\":\"SearchAction\",\"target\":{\"@type\":\"EntryPoint\",\"urlTemplate\":\"https:\\\/\\\/prezode-initiative.org\\\/es\\\/?s={search_term_string}\"},\"query-input\":{\"@type\":\"PropertyValueSpecification\",\"valueRequired\":true,\"valueName\":\"search_term_string\"}}],\"inLanguage\":\"es\"},{\"@type\":\"Organization\",\"@id\":\"https:\\\/\\\/prezode-initiative.org\\\/es\\\/#organization\",\"name\":\"Prezode\",\"url\":\"https:\\\/\\\/prezode-initiative.org\\\/es\\\/\",\"logo\":{\"@type\":\"ImageObject\",\"inLanguage\":\"es\",\"@id\":\"https:\\\/\\\/prezode-initiative.org\\\/es\\\/#\\\/schema\\\/logo\\\/image\\\/\",\"url\":\"https:\\\/\\\/prezode-initiative.org\\\/wp-content\\\/uploads\\\/2025\\\/02\\\/logo.png\",\"contentUrl\":\"https:\\\/\\\/prezode-initiative.org\\\/wp-content\\\/uploads\\\/2025\\\/02\\\/logo.png\",\"width\":168,\"height\":118,\"caption\":\"Prezode\"},\"image\":{\"@id\":\"https:\\\/\\\/prezode-initiative.org\\\/es\\\/#\\\/schema\\\/logo\\\/image\\\/\"}}]}<\/script>\n<!-- \/ Yoast SEO plugin. -->","yoast_head_json":{"title":"Una comunidad de pr\u00e1cticas - %","robots":{"index":"index","follow":"follow","max-snippet":"max-snippet:-1","max-image-preview":"max-image-preview:large","max-video-preview":"max-video-preview:-1"},"canonical":"https:\/\/prezode-initiative.org\/es\/una-comunidad-de-practicas\/","og_locale":"es_ES","og_type":"article","og_title":"Una comunidad de pr\u00e1cticas - %","og_description":"PREZODE re\u00fane a una comunidad mundial de pr\u00e1cticas, en la que participan gobiernos, institutos acad\u00e9micos y de investigaci\u00f3n y universidades, responsables pol\u00edticos, organizaciones de la sociedad civil, fundaciones, empresas privadas y otras iniciativas. La Iniciativa PREZODE crea una red que facilita y refuerza las interacciones entre las organizaciones miembro, que incluyen iniciativas, proyectos y programasContinue reading \"Una comunidad de pr\u00e1cticas\"","og_url":"https:\/\/prezode-initiative.org\/es\/una-comunidad-de-practicas\/","og_site_name":"Prezode","article_modified_time":"2026-03-25T16:46:40+00:00","twitter_card":"summary_large_image","twitter_misc":{"Tiempo de lectura":"2 minutos"},"schema":{"@context":"https:\/\/schema.org","@graph":[{"@type":"WebPage","@id":"https:\/\/prezode-initiative.org\/es\/una-comunidad-de-practicas\/","url":"https:\/\/prezode-initiative.org\/es\/una-comunidad-de-practicas\/","name":"Una comunidad de pr\u00e1cticas - %","isPartOf":{"@id":"https:\/\/prezode-initiative.org\/es\/#website"},"datePublished":"2025-05-05T07:23:25+00:00","dateModified":"2026-03-25T16:46:40+00:00","breadcrumb":{"@id":"https:\/\/prezode-initiative.org\/es\/una-comunidad-de-practicas\/#breadcrumb"},"inLanguage":"es","potentialAction":[{"@type":"ReadAction","target":["https:\/\/prezode-initiative.org\/es\/una-comunidad-de-practicas\/"]}]},{"@type":"BreadcrumbList","@id":"https:\/\/prezode-initiative.org\/es\/una-comunidad-de-practicas\/#breadcrumb","itemListElement":[{"@type":"ListItem","position":1,"name":"Home","item":"https:\/\/prezode-initiative.org\/es\/"},{"@type":"ListItem","position":2,"name":"Una comunidad de pr\u00e1cticas"}]},{"@type":"WebSite","@id":"https:\/\/prezode-initiative.org\/es\/#website","url":"https:\/\/prezode-initiative.org\/es\/","name":"Prezode","description":"","publisher":{"@id":"https:\/\/prezode-initiative.org\/es\/#organization"},"potentialAction":[{"@type":"SearchAction","target":{"@type":"EntryPoint","urlTemplate":"https:\/\/prezode-initiative.org\/es\/?s={search_term_string}"},"query-input":{"@type":"PropertyValueSpecification","valueRequired":true,"valueName":"search_term_string"}}],"inLanguage":"es"},{"@type":"Organization","@id":"https:\/\/prezode-initiative.org\/es\/#organization","name":"Prezode","url":"https:\/\/prezode-initiative.org\/es\/","logo":{"@type":"ImageObject","inLanguage":"es","@id":"https:\/\/prezode-initiative.org\/es\/#\/schema\/logo\/image\/","url":"https:\/\/prezode-initiative.org\/wp-content\/uploads\/2025\/02\/logo.png","contentUrl":"https:\/\/prezode-initiative.org\/wp-content\/uploads\/2025\/02\/logo.png","width":168,"height":118,"caption":"Prezode"},"image":{"@id":"https:\/\/prezode-initiative.org\/es\/#\/schema\/logo\/image\/"}}]}},"_links":{"self":[{"href":"https:\/\/prezode-initiative.org\/es\/wp-json\/wp\/v2\/pages\/4665","targetHints":{"allow":["GET"]}}],"collection":[{"href":"https:\/\/prezode-initiative.org\/es\/wp-json\/wp\/v2\/pages"}],"about":[{"href":"https:\/\/prezode-initiative.org\/es\/wp-json\/wp\/v2\/types\/page"}],"author":[{"embeddable":true,"href":"https:\/\/prezode-initiative.org\/es\/wp-json\/wp\/v2\/users\/2"}],"replies":[{"embeddable":true,"href":"https:\/\/prezode-initiative.org\/es\/wp-json\/wp\/v2\/comments?post=4665"}],"version-history":[{"count":4,"href":"https:\/\/prezode-initiative.org\/es\/wp-json\/wp\/v2\/pages\/4665\/revisions"}],"predecessor-version":[{"id":5704,"href":"https:\/\/prezode-initiative.org\/es\/wp-json\/wp\/v2\/pages\/4665\/revisions\/5704"}],"wp:attachment":[{"href":"https:\/\/prezode-initiative.org\/es\/wp-json\/wp\/v2\/media?parent=4665"}],"curies":[{"name":"wp","href":"https:\/\/api.w.org\/{rel}","templated":true}]}}