{"id":4605,"date":"2025-04-29T16:13:01","date_gmt":"2025-04-29T14:13:01","guid":{"rendered":"https:\/\/prezode-initiative.org\/documentacion\/"},"modified":"2026-03-25T17:46:40","modified_gmt":"2026-03-25T16:46:40","slug":"documentacion","status":"publish","type":"page","link":"https:\/\/prezode-initiative.org\/es\/documentacion\/","title":{"rendered":"Documentaci\u00f3n"},"content":{"rendered":"\n<div class=\"wp-block-columns is-layout-flex wp-container-core-columns-is-layout-9d6595d7 wp-block-columns-is-layout-flex\">\n<div class=\"wp-block-column is-vertically-aligned-stretch is-layout-flow wp-block-column-is-layout-flow\" style=\"flex-basis:66.66%\">\n<p><\/p>\n<\/div>\n<\/div>\n\n<div class=\"wp-block-columns is-layout-flex wp-container-core-columns-is-layout-9d6595d7 wp-block-columns-is-layout-flex\">\n<div class=\"wp-block-column is-layout-flow wp-block-column-is-layout-flow\" style=\"flex-basis:33.33%\">\n<h2 class=\"wp-block-heading\">Agenda Estrat\u00e9gica de PREZODE<\/h2>\n\n\n\n<p><a href=\"https:\/\/prezode-initiative.org\/wp-content\/uploads\/2025\/03\/PREZODE_Strategic_Agenda.pdf\" target=\"_blank\" rel=\"noreferrer noopener\">Descargar el documento completo<\/a><\/p>\n<\/div>\n\n\n\n<div class=\"wp-block-column is-layout-flow wp-block-column-is-layout-flow\" style=\"flex-basis:66.66%\">\n<figure class=\"wp-block-image size-full is-resized\"><img loading=\"lazy\" decoding=\"async\" width=\"1000\" height=\"667\" src=\"https:\/\/prezode-initiative.org\/wp-content\/uploads\/2025\/04\/vadim-gromov-8XFcmzA4WO8-unsplash-1.jpg\" alt=\"\" class=\"wp-image-1435\" style=\"width:260px;height:auto\" srcset=\"https:\/\/prezode-initiative.org\/wp-content\/uploads\/2025\/04\/vadim-gromov-8XFcmzA4WO8-unsplash-1.jpg 1000w, https:\/\/prezode-initiative.org\/wp-content\/uploads\/2025\/04\/vadim-gromov-8XFcmzA4WO8-unsplash-1-300x200.jpg 300w, https:\/\/prezode-initiative.org\/wp-content\/uploads\/2025\/04\/vadim-gromov-8XFcmzA4WO8-unsplash-1-768x512.jpg 768w, https:\/\/prezode-initiative.org\/wp-content\/uploads\/2025\/04\/vadim-gromov-8XFcmzA4WO8-unsplash-1-144x96.jpg 144w\" sizes=\"auto, (max-width: 1000px) 100vw, 1000px\" \/><\/figure>\n<\/div>\n<\/div>\n\n<div class=\"wp-block-columns is-layout-flex wp-container-core-columns-is-layout-9d6595d7 wp-block-columns-is-layout-flex\">\n<div class=\"wp-block-column is-vertically-aligned-top is-layout-flow wp-block-column-is-layout-flow\" style=\"flex-basis:33.33%\">\n<figure class=\"wp-block-image size-full\"><img loading=\"lazy\" decoding=\"async\" width=\"734\" height=\"665\" src=\"https:\/\/prezode-initiative.org\/wp-content\/uploads\/2025\/04\/Brochure-e1745935802860.png\" alt=\"\" class=\"wp-image-2110\" srcset=\"https:\/\/prezode-initiative.org\/wp-content\/uploads\/2025\/04\/Brochure-e1745935802860.png 734w, https:\/\/prezode-initiative.org\/wp-content\/uploads\/2025\/04\/Brochure-e1745935802860-300x272.png 300w\" sizes=\"auto, (max-width: 734px) 100vw, 734px\" \/><\/figure>\n<\/div>\n\n\n\n<div class=\"wp-block-column is-layout-flow wp-block-column-is-layout-flow\" style=\"flex-basis:66.66%\">\n<h2 class=\"wp-block-heading\">Folletos<\/h2>\n\n\n\n<details class=\"wp-block-details is-layout-flow wp-block-details-is-layout-flow\"><summary>Presentaci\u00f3n institucional de PREZODE - Versi\u00f3n en ingl\u00e9s<\/summary>\n<div data-wp-interactive=\"core\/file\" class=\"wp-block-file\"><object data-wp-bind--hidden=\"!state.hasPdfPreview\" hidden class=\"wp-block-file__embed\" data=\"https:\/\/prezode-initiative.org\/wp-content\/uploads\/2025\/04\/Prezode-Missions-2023-US.pdf\" type=\"application\/pdf\" style=\"width:100%;height:600px\" aria-label=\"Incrustado de Prezode Missions 2023-US.\"><\/object><a id=\"wp-block-file--media-0f813372-676b-4911-8898-e53e3079ac51\" href=\"https:\/\/prezode-initiative.org\/wp-content\/uploads\/2025\/04\/Prezode-Missions-2023-US.pdf\">Misiones Prezode 2023-US<\/a><a href=\"https:\/\/prezode-initiative.org\/wp-content\/uploads\/2025\/04\/Prezode-Missions-2023-US.pdf\" class=\"wp-block-file__button wp-element-button\" download=\"\" aria-describedby=\"wp-block-file--media-0f813372-676b-4911-8898-e53e3079ac51\">Descarga<\/a><\/div>\n\n\n\n<p><\/p>\n<\/details>\n\n\n\n<details class=\"wp-block-details is-layout-flow wp-block-details-is-layout-flow\"><summary>Folleto institucional de PREZODE - versi\u00f3n francesa<\/summary>\n<div data-wp-interactive=\"core\/file\" class=\"wp-block-file\"><object data-wp-bind--hidden=\"!state.hasPdfPreview\" hidden class=\"wp-block-file__embed\" data=\"https:\/\/prezode-initiative.org\/wp-content\/uploads\/2025\/04\/PREZODE-Brochure2023.pdf\" type=\"application\/pdf\" style=\"width:100%;height:600px\" aria-label=\"Incrustado de PREZODE Brochure2023.\"><\/object><a id=\"wp-block-file--media-0638c97b-886e-4ab2-b9ed-350201e8ea4c\" href=\"https:\/\/prezode-initiative.org\/wp-content\/uploads\/2025\/04\/PREZODE-Brochure2023.pdf\">Folleto PREZODE2023<\/a><a href=\"https:\/\/prezode-initiative.org\/wp-content\/uploads\/2025\/04\/PREZODE-Brochure2023.pdf\" class=\"wp-block-file__button wp-element-button\" download=\"\" aria-describedby=\"wp-block-file--media-0638c97b-886e-4ab2-b9ed-350201e8ea4c\">Descarga<\/a><\/div>\n\n\n\n<p><\/p>\n<\/details>\n<\/div>\n<\/div>\n\n<div class=\"wp-block-columns is-layout-flex wp-container-core-columns-is-layout-9d6595d7 wp-block-columns-is-layout-flex\">\n<div class=\"wp-block-column is-layout-flow wp-block-column-is-layout-flow\" style=\"flex-basis:66.66%\">\n<h2 class=\"wp-block-heading\">Presentaci\u00f3n de 4 p\u00e1ginas<\/h2>\n\n\n\n<details class=\"wp-block-details is-layout-flow wp-block-details-is-layout-flow\"><summary>PREZODE Breve presentaci\u00f3n - Versi\u00f3n espa\u00f1ola<\/summary>\n<div data-wp-interactive=\"core\/file\" class=\"wp-block-file\"><object data-wp-bind--hidden=\"!state.hasPdfPreview\" hidden class=\"wp-block-file__embed\" data=\"https:\/\/prezode-initiative.org\/wp-content\/uploads\/2025\/04\/202403_10-Prezode_brochure_presentation_EN_A4_v5-interactive.pdf\" type=\"application\/pdf\" style=\"width:100%;height:600px\" aria-label=\"Incrustado de 202403_10 Prezode_brochure_pre\u0301sentation_EN_A4_v5-interactive.\"><\/object><a id=\"wp-block-file--media-88d79382-3d4b-46df-bce9-6b5b89565cea\" href=\"https:\/\/prezode-initiative.org\/wp-content\/uploads\/2025\/04\/202403_10-Prezode_brochure_presentation_EN_A4_v5-interactive.pdf\">202403_10 Prezode_folleto_pr\u00e9sentation_ES_A4_v5-interactive<\/a><a href=\"https:\/\/prezode-initiative.org\/wp-content\/uploads\/2025\/04\/202403_10-Prezode_brochure_presentation_EN_A4_v5-interactive.pdf\" class=\"wp-block-file__button wp-element-button\" download=\"\" aria-describedby=\"wp-block-file--media-88d79382-3d4b-46df-bce9-6b5b89565cea\">Descarga<\/a><\/div>\n\n\n\n<p><\/p>\n<\/details>\n\n\n\n<details class=\"wp-block-details is-layout-flow wp-block-details-is-layout-flow\"><summary>Courte presentation de PREZODE - version fran\u00e7aise<\/summary>\n<div data-wp-interactive=\"core\/file\" class=\"wp-block-file\"><object data-wp-bind--hidden=\"!state.hasPdfPreview\" hidden class=\"wp-block-file__embed\" data=\"https:\/\/prezode-initiative.org\/wp-content\/uploads\/2025\/04\/Prezode_brochure_presentation_FR_A4_v2_interactive.pdf\" type=\"application\/pdf\" style=\"width:100%;height:600px\" aria-label=\"Incrustado de Prezode_brochure_pre\u0301sentation_FR_A4_v2_interactive.\"><\/object><a id=\"wp-block-file--media-6ed27a90-ad58-4c8c-9a6f-421eb9711ced\" href=\"https:\/\/prezode-initiative.org\/wp-content\/uploads\/2025\/04\/Prezode_brochure_presentation_FR_A4_v2_interactive.pdf\">Prezode_folleto_pr\u00e9sentation_FR_A4_v2_interactive<\/a><a href=\"https:\/\/prezode-initiative.org\/wp-content\/uploads\/2025\/04\/Prezode_brochure_presentation_FR_A4_v2_interactive.pdf\" class=\"wp-block-file__button wp-element-button\" download=\"\" aria-describedby=\"wp-block-file--media-6ed27a90-ad58-4c8c-9a6f-421eb9711ced\">Descarga<\/a><\/div>\n\n\n\n<p><\/p>\n<\/details>\n<\/div>\n\n\n\n<div class=\"wp-block-column is-vertically-aligned-top is-layout-flow wp-block-column-is-layout-flow\" style=\"flex-basis:33.33%\">\n<figure class=\"wp-block-image size-full\"><img loading=\"lazy\" decoding=\"async\" width=\"827\" height=\"516\" src=\"https:\/\/prezode-initiative.org\/wp-content\/uploads\/2025\/04\/4-pages-e1745936466110.jpg\" alt=\"\" class=\"wp-image-2108\" srcset=\"https:\/\/prezode-initiative.org\/wp-content\/uploads\/2025\/04\/4-pages-e1745936466110.jpg 827w, https:\/\/prezode-initiative.org\/wp-content\/uploads\/2025\/04\/4-pages-e1745936466110-300x187.jpg 300w, https:\/\/prezode-initiative.org\/wp-content\/uploads\/2025\/04\/4-pages-e1745936466110-768x479.jpg 768w\" sizes=\"auto, (max-width: 827px) 100vw, 827px\" \/><\/figure>\n<\/div>\n<\/div>\n\n<div class=\"wp-block-columns is-layout-flex wp-container-core-columns-is-layout-9d6595d7 wp-block-columns-is-layout-flex\">\n<div class=\"wp-block-column is-vertically-aligned-top is-layout-flow wp-block-column-is-layout-flow\" style=\"flex-basis:33.33%\">\n<figure class=\"wp-block-image size-full\"><img loading=\"lazy\" decoding=\"async\" width=\"640\" height=\"427\" src=\"https:\/\/prezode-initiative.org\/wp-content\/uploads\/2025\/04\/absolutvision-WYd_PkCa1BY-unsplash.jpg\" alt=\"\" class=\"wp-image-2115\" srcset=\"https:\/\/prezode-initiative.org\/wp-content\/uploads\/2025\/04\/absolutvision-WYd_PkCa1BY-unsplash.jpg 640w, https:\/\/prezode-initiative.org\/wp-content\/uploads\/2025\/04\/absolutvision-WYd_PkCa1BY-unsplash-300x200.jpg 300w, https:\/\/prezode-initiative.org\/wp-content\/uploads\/2025\/04\/absolutvision-WYd_PkCa1BY-unsplash-144x96.jpg 144w\" sizes=\"auto, (max-width: 640px) 100vw, 640px\" \/><\/figure>\n<\/div>\n\n\n\n<div class=\"wp-block-column is-layout-flow wp-block-column-is-layout-flow\" style=\"flex-basis:66.66%\">\n<h2 class=\"wp-block-heading\">Comunicados de prensa<\/h2>\n\n\n\n<details class=\"wp-block-details is-layout-flow wp-block-details-is-layout-flow\"><summary>COP 28, diciembre de 2023: <br>Compromiso comunitario y productos sanitarios clim\u00e1ticamente inteligentes: una nueva l\u00ednea de frente para un planeta m\u00e1s sano<\/summary>\n<p>El 5 de diciembre de 2023, durante la 28\u00aa Conferencia de las Partes sobre el Cambio Clim\u00e1tico celebrada en Dubai, PREZODE y Unitaid, en colaboraci\u00f3n con el Fondo Mundial, coorganizaron una mesa redonda para destacar el papel clave de la participaci\u00f3n comunitaria en la prevenci\u00f3n de los riesgos para la salud y el cambio clim\u00e1tico. Leer el comunicado de prensa. <\/p>\n\n\n\n<div data-wp-interactive=\"core\/file\" class=\"wp-block-file\"><object data-wp-bind--hidden=\"!state.hasPdfPreview\" hidden class=\"wp-block-file__embed\" data=\"https:\/\/prezode-initiative.org\/wp-content\/uploads\/2025\/04\/Press-Release-Roundtable-Unitaid-PREZODE-GF-COP28-dec2023.pdf\" type=\"application\/pdf\" style=\"width:100%;height:600px\" aria-label=\"Incrustado de Press Release-Roundtable-Unitaid-PREZODE-GF-COP28-dec2023.\"><\/object><a id=\"wp-block-file--media-b1426c86-ba6e-4875-b024-265b3fcd1af3\" href=\"https:\/\/prezode-initiative.org\/wp-content\/uploads\/2025\/04\/Press-Release-Roundtable-Unitaid-PREZODE-GF-COP28-dec2023.pdf\">Comunicado de prensa-Mesa Redonda-Unitaid-PREZODE-GF-COP28-dec2023<\/a><a href=\"https:\/\/prezode-initiative.org\/wp-content\/uploads\/2025\/04\/Press-Release-Roundtable-Unitaid-PREZODE-GF-COP28-dec2023.pdf\" class=\"wp-block-file__button wp-element-button\" download=\"\" aria-describedby=\"wp-block-file--media-b1426c86-ba6e-4875-b024-265b3fcd1af3\">Descarga<\/a><\/div>\n<\/details>\n\n\n\n<details class=\"wp-block-details is-layout-flow wp-block-details-is-layout-flow\"><summary>Asamblea General 2023<br>Reforzar el compromiso de los afiliados<\/summary>\n<p>La 2\u00aa Asamblea General de PREZODE (PREventing ZOonotic Disease Emergence) tuvo lugar el 16 de noviembre de 2023. En ella se presentaron los logros de la iniciativa, las colaboraciones con Organizaciones Internacionales, y se inform\u00f3 sobre la puesta en marcha de los \u00f3rganos de gobierno y las presidencias. <\/p>\n\n\n\n<div data-wp-interactive=\"core\/file\" class=\"wp-block-file\"><object data-wp-bind--hidden=\"!state.hasPdfPreview\" hidden class=\"wp-block-file__embed\" data=\"https:\/\/prezode-initiative.org\/wp-content\/uploads\/2025\/04\/Press-Release-PREZODE-GA-11-16-2023.pdf\" type=\"application\/pdf\" style=\"width:100%;height:600px\" aria-label=\"Incrustado de Press Release-PREZODE-GA-11-16-2023.\"><\/object><a id=\"wp-block-file--media-eeaec5a6-6291-4826-85fe-cd3fde6a1ea8\" href=\"https:\/\/prezode-initiative.org\/wp-content\/uploads\/2025\/04\/Press-Release-PREZODE-GA-11-16-2023.pdf\">Press Release-PREZODE-GA-11-16-2023<\/a><a href=\"https:\/\/prezode-initiative.org\/wp-content\/uploads\/2025\/04\/Press-Release-PREZODE-GA-11-16-2023.pdf\" class=\"wp-block-file__button wp-element-button\" download=\"\" aria-describedby=\"wp-block-file--media-eeaec5a6-6291-4826-85fe-cd3fde6a1ea8\">Descarga<\/a><\/div>\n<\/details>\n\n\n\n<details class=\"wp-block-details is-layout-flow wp-block-details-is-layout-flow\"><summary>Reuni\u00f3n de Alto Nivel en la AGNU 2023: Trabajar juntos para evitar otra pandemia<\/summary>\n<p>El 20 de septiembre de 2023. Antes de la Reuni\u00f3n de Alto Nivel sobre la Declaraci\u00f3n Pol\u00edtica de la Asamblea General de la ONU sobre Prevenci\u00f3n, Preparaci\u00f3n y Respuesta ante Pandemias, un acto paralelo de alto nivel organizado por el Ministerio franc\u00e9s de Asuntos Exteriores, PREZODE y organizaciones de la sociedad civil. El objetivo era basarse en las intenciones de la declaraci\u00f3n pol\u00edtica, debatir qu\u00e9 har\u00e1 falta para transformar las promesas en acciones, y qu\u00e9 necesitar\u00e1n los gobiernos para prevenir con \u00e9xito futuras pandemias. Los participantes afirmaron que \u00abLa Declaraci\u00f3n Pol\u00edtica sobre Prevenci\u00f3n, Preparaci\u00f3n y Respuesta ante una Pandemia debe cumplir la promesa de trabajar juntos para prevenir otra pandemia\u00bb.   <\/p>\n\n\n\n<div data-wp-interactive=\"core\/file\" class=\"wp-block-file\"><object data-wp-bind--hidden=\"!state.hasPdfPreview\" hidden class=\"wp-block-file__embed\" data=\"https:\/\/prezode-initiative.org\/wp-content\/uploads\/2025\/04\/high-level-side-event-_UNGA&#x2014;2023.pdf\" type=\"application\/pdf\" style=\"width:100%;height:600px\" aria-label=\"Incrustado de high-level side event _UNGA\u20142023.\"><\/object><a id=\"wp-block-file--media-86833e37-bb65-4128-83fa-405968b543f0\" href=\"https:\/\/prezode-initiative.org\/wp-content\/uploads\/2025\/04\/high-level-side-event-_UNGA&#x2014;2023.pdf\">acto paralelo de alto nivel _UNGA-2023<\/a><a href=\"https:\/\/prezode-initiative.org\/wp-content\/uploads\/2025\/04\/high-level-side-event-_UNGA&#x2014;2023.pdf\" class=\"wp-block-file__button wp-element-button\" download=\"\" aria-describedby=\"wp-block-file--media-86833e37-bb65-4128-83fa-405968b543f0\">Descarga<\/a><\/div>\n<\/details>\n\n\n\n<details class=\"wp-block-details is-layout-flow wp-block-details-is-layout-flow\"><summary>Asamblea General 2022 <br>La Iniciativa PREZODE, una cooperaci\u00f3n internacional prometedora<\/summary>\n<div data-wp-interactive=\"core\/file\" class=\"wp-block-file\"><object data-wp-bind--hidden=\"!state.hasPdfPreview\" hidden class=\"wp-block-file__embed\" data=\"https:\/\/prezode-initiative.org\/wp-content\/uploads\/2025\/04\/press-release-GA-PREZODE-111022ok.pdf\" type=\"application\/pdf\" style=\"width:100%;height:600px\" aria-label=\"Incrustado de press release GA PREZODE 111022ok.\"><\/object><a id=\"wp-block-file--media-434b122e-f74f-4c23-8de9-da45f140198a\" href=\"https:\/\/prezode-initiative.org\/wp-content\/uploads\/2025\/04\/press-release-GA-PREZODE-111022ok.pdf\">comunicado de prensa GA PREZODE 111022ok<\/a><a href=\"https:\/\/prezode-initiative.org\/wp-content\/uploads\/2025\/04\/press-release-GA-PREZODE-111022ok.pdf\" class=\"wp-block-file__button wp-element-button\" download=\"\" aria-describedby=\"wp-block-file--media-434b122e-f74f-4c23-8de9-da45f140198a\">Descarga<\/a><\/div>\n\n\n\n<p><\/p>\n<\/details>\n<\/div>\n<\/div>\n\n<div class=\"wp-block-columns is-layout-flex wp-container-core-columns-is-layout-9d6595d7 wp-block-columns-is-layout-flex\"><\/div>\n\n<p><\/p>\n","protected":false},"excerpt":{"rendered":"<p>Agenda Estrat\u00e9gica de PREZODE Descargar el documento completo Folletos Presentaci\u00f3n de 4 p\u00e1ginas Comunicados de prensa<\/p>\n","protected":false},"author":2,"featured_media":4307,"parent":0,"menu_order":0,"comment_status":"closed","ping_status":"closed","template":"","meta":{"_acf_changed":false,"footnotes":""},"class_list":["post-4605","page","type-page","status-publish","has-post-thumbnail","hentry"],"acf":[],"yoast_head":"<!-- This site is optimized with the Yoast SEO plugin v27.6 - https:\/\/yoast.com\/product\/yoast-seo-wordpress\/ -->\n<title>Documentaci\u00f3n - %<\/title>\n<meta name=\"description\" content=\"Folletos, comunicados de prensa\" \/>\n<meta name=\"robots\" content=\"index, follow, max-snippet:-1, max-image-preview:large, max-video-preview:-1\" \/>\n<link rel=\"canonical\" href=\"https:\/\/prezode-initiative.org\/es\/documentacion\/\" \/>\n<meta property=\"og:locale\" content=\"es_ES\" \/>\n<meta property=\"og:type\" content=\"article\" \/>\n<meta property=\"og:title\" content=\"Documentaci\u00f3n - %\" \/>\n<meta property=\"og:description\" content=\"Folletos, comunicados de prensa\" \/>\n<meta property=\"og:url\" content=\"https:\/\/prezode-initiative.org\/es\/documentacion\/\" \/>\n<meta property=\"og:site_name\" content=\"Prezode\" \/>\n<meta property=\"article:modified_time\" content=\"2026-03-25T16:46:40+00:00\" \/>\n<meta property=\"og:image\" content=\"https:\/\/prezode-initiative.org\/wp-content\/uploads\/2025\/03\/Oppinions-statements-scaled.jpg\" \/>\n\t<meta property=\"og:image:width\" content=\"2560\" \/>\n\t<meta property=\"og:image:height\" content=\"512\" \/>\n\t<meta property=\"og:image:type\" content=\"image\/jpeg\" \/>\n<meta name=\"twitter:card\" content=\"summary_large_image\" \/>\n<meta name=\"twitter:label1\" content=\"Tiempo de lectura\" \/>\n\t<meta name=\"twitter:data1\" content=\"2 minutos\" \/>\n<script type=\"application\/ld+json\" class=\"yoast-schema-graph\">{\"@context\":\"https:\\\/\\\/schema.org\",\"@graph\":[{\"@type\":\"WebPage\",\"@id\":\"https:\\\/\\\/prezode-initiative.org\\\/es\\\/documentacion\\\/\",\"url\":\"https:\\\/\\\/prezode-initiative.org\\\/es\\\/documentacion\\\/\",\"name\":\"Documentaci\u00f3n - %\",\"isPartOf\":{\"@id\":\"https:\\\/\\\/prezode-initiative.org\\\/es\\\/#website\"},\"primaryImageOfPage\":{\"@id\":\"https:\\\/\\\/prezode-initiative.org\\\/es\\\/documentacion\\\/#primaryimage\"},\"image\":{\"@id\":\"https:\\\/\\\/prezode-initiative.org\\\/es\\\/documentacion\\\/#primaryimage\"},\"thumbnailUrl\":\"https:\\\/\\\/prezode-initiative.org\\\/wp-content\\\/uploads\\\/2025\\\/03\\\/Oppinions-statements-scaled-e1774532008923.jpg\",\"datePublished\":\"2025-04-29T14:13:01+00:00\",\"dateModified\":\"2026-03-25T16:46:40+00:00\",\"description\":\"Folletos, comunicados de prensa\",\"breadcrumb\":{\"@id\":\"https:\\\/\\\/prezode-initiative.org\\\/es\\\/documentacion\\\/#breadcrumb\"},\"inLanguage\":\"es\",\"potentialAction\":[{\"@type\":\"ReadAction\",\"target\":[\"https:\\\/\\\/prezode-initiative.org\\\/es\\\/documentacion\\\/\"]}]},{\"@type\":\"ImageObject\",\"inLanguage\":\"es\",\"@id\":\"https:\\\/\\\/prezode-initiative.org\\\/es\\\/documentacion\\\/#primaryimage\",\"url\":\"https:\\\/\\\/prezode-initiative.org\\\/wp-content\\\/uploads\\\/2025\\\/03\\\/Oppinions-statements-scaled-e1774532008923.jpg\",\"contentUrl\":\"https:\\\/\\\/prezode-initiative.org\\\/wp-content\\\/uploads\\\/2025\\\/03\\\/Oppinions-statements-scaled-e1774532008923.jpg\",\"width\":2560,\"height\":512},{\"@type\":\"BreadcrumbList\",\"@id\":\"https:\\\/\\\/prezode-initiative.org\\\/es\\\/documentacion\\\/#breadcrumb\",\"itemListElement\":[{\"@type\":\"ListItem\",\"position\":1,\"name\":\"Home\",\"item\":\"https:\\\/\\\/prezode-initiative.org\\\/es\\\/\"},{\"@type\":\"ListItem\",\"position\":2,\"name\":\"Documentaci\u00f3n\"}]},{\"@type\":\"WebSite\",\"@id\":\"https:\\\/\\\/prezode-initiative.org\\\/es\\\/#website\",\"url\":\"https:\\\/\\\/prezode-initiative.org\\\/es\\\/\",\"name\":\"Prezode\",\"description\":\"\",\"publisher\":{\"@id\":\"https:\\\/\\\/prezode-initiative.org\\\/es\\\/#organization\"},\"potentialAction\":[{\"@type\":\"SearchAction\",\"target\":{\"@type\":\"EntryPoint\",\"urlTemplate\":\"https:\\\/\\\/prezode-initiative.org\\\/es\\\/?s={search_term_string}\"},\"query-input\":{\"@type\":\"PropertyValueSpecification\",\"valueRequired\":true,\"valueName\":\"search_term_string\"}}],\"inLanguage\":\"es\"},{\"@type\":\"Organization\",\"@id\":\"https:\\\/\\\/prezode-initiative.org\\\/es\\\/#organization\",\"name\":\"Prezode\",\"url\":\"https:\\\/\\\/prezode-initiative.org\\\/es\\\/\",\"logo\":{\"@type\":\"ImageObject\",\"inLanguage\":\"es\",\"@id\":\"https:\\\/\\\/prezode-initiative.org\\\/es\\\/#\\\/schema\\\/logo\\\/image\\\/\",\"url\":\"https:\\\/\\\/prezode-initiative.org\\\/wp-content\\\/uploads\\\/2025\\\/02\\\/logo.png\",\"contentUrl\":\"https:\\\/\\\/prezode-initiative.org\\\/wp-content\\\/uploads\\\/2025\\\/02\\\/logo.png\",\"width\":168,\"height\":118,\"caption\":\"Prezode\"},\"image\":{\"@id\":\"https:\\\/\\\/prezode-initiative.org\\\/es\\\/#\\\/schema\\\/logo\\\/image\\\/\"}}]}<\/script>\n<!-- \/ Yoast SEO plugin. -->","yoast_head_json":{"title":"Documentaci\u00f3n - %","description":"Folletos, comunicados de prensa","robots":{"index":"index","follow":"follow","max-snippet":"max-snippet:-1","max-image-preview":"max-image-preview:large","max-video-preview":"max-video-preview:-1"},"canonical":"https:\/\/prezode-initiative.org\/es\/documentacion\/","og_locale":"es_ES","og_type":"article","og_title":"Documentaci\u00f3n - %","og_description":"Folletos, comunicados de prensa","og_url":"https:\/\/prezode-initiative.org\/es\/documentacion\/","og_site_name":"Prezode","article_modified_time":"2026-03-25T16:46:40+00:00","og_image":[{"width":2560,"height":512,"url":"https:\/\/prezode-initiative.org\/wp-content\/uploads\/2025\/03\/Oppinions-statements-scaled.jpg","type":"image\/jpeg"}],"twitter_card":"summary_large_image","twitter_misc":{"Tiempo de lectura":"2 minutos"},"schema":{"@context":"https:\/\/schema.org","@graph":[{"@type":"WebPage","@id":"https:\/\/prezode-initiative.org\/es\/documentacion\/","url":"https:\/\/prezode-initiative.org\/es\/documentacion\/","name":"Documentaci\u00f3n - %","isPartOf":{"@id":"https:\/\/prezode-initiative.org\/es\/#website"},"primaryImageOfPage":{"@id":"https:\/\/prezode-initiative.org\/es\/documentacion\/#primaryimage"},"image":{"@id":"https:\/\/prezode-initiative.org\/es\/documentacion\/#primaryimage"},"thumbnailUrl":"https:\/\/prezode-initiative.org\/wp-content\/uploads\/2025\/03\/Oppinions-statements-scaled-e1774532008923.jpg","datePublished":"2025-04-29T14:13:01+00:00","dateModified":"2026-03-25T16:46:40+00:00","description":"Folletos, comunicados de prensa","breadcrumb":{"@id":"https:\/\/prezode-initiative.org\/es\/documentacion\/#breadcrumb"},"inLanguage":"es","potentialAction":[{"@type":"ReadAction","target":["https:\/\/prezode-initiative.org\/es\/documentacion\/"]}]},{"@type":"ImageObject","inLanguage":"es","@id":"https:\/\/prezode-initiative.org\/es\/documentacion\/#primaryimage","url":"https:\/\/prezode-initiative.org\/wp-content\/uploads\/2025\/03\/Oppinions-statements-scaled-e1774532008923.jpg","contentUrl":"https:\/\/prezode-initiative.org\/wp-content\/uploads\/2025\/03\/Oppinions-statements-scaled-e1774532008923.jpg","width":2560,"height":512},{"@type":"BreadcrumbList","@id":"https:\/\/prezode-initiative.org\/es\/documentacion\/#breadcrumb","itemListElement":[{"@type":"ListItem","position":1,"name":"Home","item":"https:\/\/prezode-initiative.org\/es\/"},{"@type":"ListItem","position":2,"name":"Documentaci\u00f3n"}]},{"@type":"WebSite","@id":"https:\/\/prezode-initiative.org\/es\/#website","url":"https:\/\/prezode-initiative.org\/es\/","name":"Prezode","description":"","publisher":{"@id":"https:\/\/prezode-initiative.org\/es\/#organization"},"potentialAction":[{"@type":"SearchAction","target":{"@type":"EntryPoint","urlTemplate":"https:\/\/prezode-initiative.org\/es\/?s={search_term_string}"},"query-input":{"@type":"PropertyValueSpecification","valueRequired":true,"valueName":"search_term_string"}}],"inLanguage":"es"},{"@type":"Organization","@id":"https:\/\/prezode-initiative.org\/es\/#organization","name":"Prezode","url":"https:\/\/prezode-initiative.org\/es\/","logo":{"@type":"ImageObject","inLanguage":"es","@id":"https:\/\/prezode-initiative.org\/es\/#\/schema\/logo\/image\/","url":"https:\/\/prezode-initiative.org\/wp-content\/uploads\/2025\/02\/logo.png","contentUrl":"https:\/\/prezode-initiative.org\/wp-content\/uploads\/2025\/02\/logo.png","width":168,"height":118,"caption":"Prezode"},"image":{"@id":"https:\/\/prezode-initiative.org\/es\/#\/schema\/logo\/image\/"}}]}},"_links":{"self":[{"href":"https:\/\/prezode-initiative.org\/es\/wp-json\/wp\/v2\/pages\/4605","targetHints":{"allow":["GET"]}}],"collection":[{"href":"https:\/\/prezode-initiative.org\/es\/wp-json\/wp\/v2\/pages"}],"about":[{"href":"https:\/\/prezode-initiative.org\/es\/wp-json\/wp\/v2\/types\/page"}],"author":[{"embeddable":true,"href":"https:\/\/prezode-initiative.org\/es\/wp-json\/wp\/v2\/users\/2"}],"replies":[{"embeddable":true,"href":"https:\/\/prezode-initiative.org\/es\/wp-json\/wp\/v2\/comments?post=4605"}],"version-history":[{"count":2,"href":"https:\/\/prezode-initiative.org\/es\/wp-json\/wp\/v2\/pages\/4605\/revisions"}],"predecessor-version":[{"id":4634,"href":"https:\/\/prezode-initiative.org\/es\/wp-json\/wp\/v2\/pages\/4605\/revisions\/4634"}],"wp:featuredmedia":[{"embeddable":true,"href":"https:\/\/prezode-initiative.org\/es\/wp-json\/wp\/v2\/media\/4307"}],"wp:attachment":[{"href":"https:\/\/prezode-initiative.org\/es\/wp-json\/wp\/v2\/media?parent=4605"}],"curies":[{"name":"wp","href":"https:\/\/api.w.org\/{rel}","templated":true}]}}