{"id":4600,"date":"2025-03-19T13:56:39","date_gmt":"2025-03-19T12:56:39","guid":{"rendered":"https:\/\/prezode-initiative.org\/comprender-las-zoonosis-para-mitigar-los-riesgos\/"},"modified":"2026-03-25T17:46:32","modified_gmt":"2026-03-25T16:46:32","slug":"comprender-las-zoonosis-para-mitigar-los-riesgos","status":"publish","type":"page","link":"https:\/\/prezode-initiative.org\/es\/comprender-las-zoonosis-para-mitigar-los-riesgos\/","title":{"rendered":"Comprender las zoonosis para mitigar los riesgos"},"content":{"rendered":"\n<h2 class=\"wp-block-heading has-tertiary-color has-text-color has-link-color wp-elements-53371746c8b962feb186954aafd7f72e\"><strong>Las zoonosis son enfermedades infecciosas que se propagan entre animales y humanos. Representan m\u00e1s de dos tercios de las enfermedades emergentes humanas. <\/strong><br\/><\/h2>\n\n<p><\/p>\n\n<p>La carga m\u00e1s importante para la salud humana y los medios de subsistencia procede de las zoonosis epid\u00e9micas y end\u00e9micas, que causan globalmente unos 1.000 millones de casos de enfermedad y millones de muertes al a\u00f1o. Estas enfermedades son problemas sanitarios regionales persistentes en todo el mundo. Las zoonosis se originan en pat\u00f3genos alojados en animales (animales salvajes y dom\u00e9sticos) y constituyen una amenaza sustancial para la salud y la seguridad mundiales. Han causado da\u00f1os econ\u00f3micos que superan los cientos de miles de millones de d\u00f3lares estadounidenses en los \u00faltimos 20 a\u00f1os, y esta cifra seguir\u00e1 aumentando con la pandemia de COVID-19, que ya ha costado m\u00e1s de 11.700 millones de d\u00f3lares. Los agentes zoon\u00f3ticos tambi\u00e9n representan el n\u00famero m\u00e1s significativo de agentes de enfermedades infecciosas en humanos, y las proyecciones indican que su n\u00famero podr\u00eda aumentar significativamente.    <\/p>\n\n<p>Por tanto, es crucial actuar con mucha antelaci\u00f3n a las crisis epid\u00e9micas y pand\u00e9micas, poniendo en marcha ambiciosos programas cient\u00edficos y operativos dedicados a prevenir la aparici\u00f3n y propagaci\u00f3n de enfermedades zoon\u00f3ticas.<\/p>\n\n<h2 class=\"wp-block-heading has-text-color has-link-color wp-elements-2453253d0e83e4982ef4667b300f8935\" style=\"color:#2894bf\"><strong><strong>El aumento exponencial de las zoonosis<\/strong><\/strong><br\/><\/h2>\n\n<p>Rabia, S\u00edndrome Respiratorio Agudo Severo (SRAS), virus Nipah, virus de la gripe, enfermedad de Zika, fiebre amarilla, Chikungunya, \u00e9bola, S\u00edndrome Respiratorio de Oriente Medio (MERS-CoV), fiebre del Valle del Rift, SARS-CoV-2&#8230; En las \u00faltimas d\u00e9cadas, la frecuencia y el n\u00famero de zoonosis han aumentado exponencialmente junto con el n\u00famero de episodios espor\u00e1dicos <a href=\"https:\/\/dictionary.cambridge.org\/fr\/dictionnaire\/anglais\/spillove\">de propagaci\u00f3n<\/a>, lo que supone una amenaza importante para la econom\u00eda mundial y la salud p\u00fablica.<\/p>\n\n<p>Los cambios en el uso del suelo, la degradaci\u00f3n, las pr\u00e1cticas agr\u00edcolas insostenibles y la deforestaci\u00f3n, entre otros factores, han agudizado el impacto humano sobre la naturaleza, provocando una p\u00e9rdida significativa de biodiversidad en la tierra y amenazando gravemente el equilibrio de los ecosistemas en la interfaz de los seres humanos, los animales, las plantas y el medio ambiente. Estos riesgos se ven agravados por la expansi\u00f3n de las zonas urbanas, el comercio internacional y los viajes, incluido el movimiento transfronterizo de animales, as\u00ed como por las crisis clim\u00e1ticas. A medida que el planeta se calienta, las enfermedades infecciosas que antes estaban confinadas a latitudes c\u00e1lidas se est\u00e1n expandiendo a nuevas regiones geogr\u00e1ficas. Las enfermedades transmitidas por vectores -como la fiebre hemorr\u00e1gica de Crimea-Congo, la fiebre del Valle del Rift, el virus del Nilo Occidental, etc. - se encuentran ahora en nuevas zonas.    <\/p>\n\n<p>La colaboraci\u00f3n internacional y multisectorial es fundamental para comprender la aparici\u00f3n, prevenci\u00f3n, reducci\u00f3n de riesgos y detecci\u00f3n precoz de las zoonosis, as\u00ed como para afrontar los riesgos de propagaci\u00f3n y prevenir las pandemias.<\/p>\n\n<p><br\/><\/p>\n\n<p><\/p>\n","protected":false},"excerpt":{"rendered":"<p>Las zoonosis son enfermedades infecciosas que se propagan entre animales y humanos. Representan m\u00e1s de dos tercios de las enfermedades emergentes humanas. La carga m\u00e1s importante para la salud humana y los medios de subsistencia procede de las zoonosis epid\u00e9micas y end\u00e9micas, que causan globalmente unos 1.000 millones de casos de enfermedad y millones de<a href=\"https:\/\/prezode-initiative.org\/es\/comprender-las-zoonosis-para-mitigar-los-riesgos\/\">Continue reading <span class=\"sr-only\">\u00abComprender las zoonosis para mitigar los riesgos\u00bb<\/span><\/a><\/p>\n","protected":false},"author":2,"featured_media":0,"parent":0,"menu_order":0,"comment_status":"closed","ping_status":"closed","template":"template-pages\/article-page.php","meta":{"_acf_changed":false,"footnotes":""},"class_list":["post-4600","page","type-page","status-publish","hentry"],"acf":[],"yoast_head":"<!-- This site is optimized with the Yoast SEO plugin v27.6 - https:\/\/yoast.com\/product\/yoast-seo-wordpress\/ -->\n<title>Comprender las zoonosis para mitigar los riesgos - %<\/title>\n<meta name=\"description\" content=\"Las zoonosis son enfermedades infecciosas que se propagan entre animales y humanos. Es crucial actuar con mucha antelaci\u00f3n a las crisis epid\u00e9micas y pand\u00e9micas, poniendo en marcha ambiciosos programas cient\u00edficos y operativos dedicados a prevenir la aparici\u00f3n y propagaci\u00f3n de enfermedades zoon\u00f3ticas.\" \/>\n<meta name=\"robots\" content=\"index, follow, max-snippet:-1, max-image-preview:large, max-video-preview:-1\" \/>\n<link rel=\"canonical\" href=\"https:\/\/prezode-initiative.org\/es\/comprender-las-zoonosis-para-mitigar-los-riesgos\/\" \/>\n<meta property=\"og:locale\" content=\"es_ES\" \/>\n<meta property=\"og:type\" content=\"article\" \/>\n<meta property=\"og:title\" content=\"Comprender las zoonosis para mitigar los riesgos - %\" \/>\n<meta property=\"og:description\" content=\"Las zoonosis son enfermedades infecciosas que se propagan entre animales y humanos. Es crucial actuar con mucha antelaci\u00f3n a las crisis epid\u00e9micas y pand\u00e9micas, poniendo en marcha ambiciosos programas cient\u00edficos y operativos dedicados a prevenir la aparici\u00f3n y propagaci\u00f3n de enfermedades zoon\u00f3ticas.\" \/>\n<meta property=\"og:url\" content=\"https:\/\/prezode-initiative.org\/es\/comprender-las-zoonosis-para-mitigar-los-riesgos\/\" \/>\n<meta property=\"og:site_name\" content=\"Prezode\" \/>\n<meta property=\"article:modified_time\" content=\"2026-03-25T16:46:32+00:00\" \/>\n<meta name=\"twitter:card\" content=\"summary_large_image\" \/>\n<meta name=\"twitter:label1\" content=\"Tiempo de lectura\" \/>\n\t<meta name=\"twitter:data1\" content=\"2 minutos\" \/>\n<script type=\"application\/ld+json\" class=\"yoast-schema-graph\">{\"@context\":\"https:\\\/\\\/schema.org\",\"@graph\":[{\"@type\":\"WebPage\",\"@id\":\"https:\\\/\\\/prezode-initiative.org\\\/es\\\/comprender-las-zoonosis-para-mitigar-los-riesgos\\\/\",\"url\":\"https:\\\/\\\/prezode-initiative.org\\\/es\\\/comprender-las-zoonosis-para-mitigar-los-riesgos\\\/\",\"name\":\"Comprender las zoonosis para mitigar los riesgos - %\",\"isPartOf\":{\"@id\":\"https:\\\/\\\/prezode-initiative.org\\\/es\\\/#website\"},\"datePublished\":\"2025-03-19T12:56:39+00:00\",\"dateModified\":\"2026-03-25T16:46:32+00:00\",\"description\":\"Las zoonosis son enfermedades infecciosas que se propagan entre animales y humanos. Es crucial actuar con mucha antelaci\u00f3n a las crisis epid\u00e9micas y pand\u00e9micas, poniendo en marcha ambiciosos programas cient\u00edficos y operativos dedicados a prevenir la aparici\u00f3n y propagaci\u00f3n de enfermedades zoon\u00f3ticas.\",\"breadcrumb\":{\"@id\":\"https:\\\/\\\/prezode-initiative.org\\\/es\\\/comprender-las-zoonosis-para-mitigar-los-riesgos\\\/#breadcrumb\"},\"inLanguage\":\"es\",\"potentialAction\":[{\"@type\":\"ReadAction\",\"target\":[\"https:\\\/\\\/prezode-initiative.org\\\/es\\\/comprender-las-zoonosis-para-mitigar-los-riesgos\\\/\"]}]},{\"@type\":\"BreadcrumbList\",\"@id\":\"https:\\\/\\\/prezode-initiative.org\\\/es\\\/comprender-las-zoonosis-para-mitigar-los-riesgos\\\/#breadcrumb\",\"itemListElement\":[{\"@type\":\"ListItem\",\"position\":1,\"name\":\"Home\",\"item\":\"https:\\\/\\\/prezode-initiative.org\\\/es\\\/\"},{\"@type\":\"ListItem\",\"position\":2,\"name\":\"Comprender las zoonosis para mitigar los riesgos\"}]},{\"@type\":\"WebSite\",\"@id\":\"https:\\\/\\\/prezode-initiative.org\\\/es\\\/#website\",\"url\":\"https:\\\/\\\/prezode-initiative.org\\\/es\\\/\",\"name\":\"Prezode\",\"description\":\"\",\"publisher\":{\"@id\":\"https:\\\/\\\/prezode-initiative.org\\\/es\\\/#organization\"},\"potentialAction\":[{\"@type\":\"SearchAction\",\"target\":{\"@type\":\"EntryPoint\",\"urlTemplate\":\"https:\\\/\\\/prezode-initiative.org\\\/es\\\/?s={search_term_string}\"},\"query-input\":{\"@type\":\"PropertyValueSpecification\",\"valueRequired\":true,\"valueName\":\"search_term_string\"}}],\"inLanguage\":\"es\"},{\"@type\":\"Organization\",\"@id\":\"https:\\\/\\\/prezode-initiative.org\\\/es\\\/#organization\",\"name\":\"Prezode\",\"url\":\"https:\\\/\\\/prezode-initiative.org\\\/es\\\/\",\"logo\":{\"@type\":\"ImageObject\",\"inLanguage\":\"es\",\"@id\":\"https:\\\/\\\/prezode-initiative.org\\\/es\\\/#\\\/schema\\\/logo\\\/image\\\/\",\"url\":\"https:\\\/\\\/prezode-initiative.org\\\/wp-content\\\/uploads\\\/2025\\\/02\\\/logo.png\",\"contentUrl\":\"https:\\\/\\\/prezode-initiative.org\\\/wp-content\\\/uploads\\\/2025\\\/02\\\/logo.png\",\"width\":168,\"height\":118,\"caption\":\"Prezode\"},\"image\":{\"@id\":\"https:\\\/\\\/prezode-initiative.org\\\/es\\\/#\\\/schema\\\/logo\\\/image\\\/\"}}]}<\/script>\n<!-- \/ Yoast SEO plugin. -->","yoast_head_json":{"title":"Comprender las zoonosis para mitigar los riesgos - %","description":"Las zoonosis son enfermedades infecciosas que se propagan entre animales y humanos. Es crucial actuar con mucha antelaci\u00f3n a las crisis epid\u00e9micas y pand\u00e9micas, poniendo en marcha ambiciosos programas cient\u00edficos y operativos dedicados a prevenir la aparici\u00f3n y propagaci\u00f3n de enfermedades zoon\u00f3ticas.","robots":{"index":"index","follow":"follow","max-snippet":"max-snippet:-1","max-image-preview":"max-image-preview:large","max-video-preview":"max-video-preview:-1"},"canonical":"https:\/\/prezode-initiative.org\/es\/comprender-las-zoonosis-para-mitigar-los-riesgos\/","og_locale":"es_ES","og_type":"article","og_title":"Comprender las zoonosis para mitigar los riesgos - %","og_description":"Las zoonosis son enfermedades infecciosas que se propagan entre animales y humanos. Es crucial actuar con mucha antelaci\u00f3n a las crisis epid\u00e9micas y pand\u00e9micas, poniendo en marcha ambiciosos programas cient\u00edficos y operativos dedicados a prevenir la aparici\u00f3n y propagaci\u00f3n de enfermedades zoon\u00f3ticas.","og_url":"https:\/\/prezode-initiative.org\/es\/comprender-las-zoonosis-para-mitigar-los-riesgos\/","og_site_name":"Prezode","article_modified_time":"2026-03-25T16:46:32+00:00","twitter_card":"summary_large_image","twitter_misc":{"Tiempo de lectura":"2 minutos"},"schema":{"@context":"https:\/\/schema.org","@graph":[{"@type":"WebPage","@id":"https:\/\/prezode-initiative.org\/es\/comprender-las-zoonosis-para-mitigar-los-riesgos\/","url":"https:\/\/prezode-initiative.org\/es\/comprender-las-zoonosis-para-mitigar-los-riesgos\/","name":"Comprender las zoonosis para mitigar los riesgos - %","isPartOf":{"@id":"https:\/\/prezode-initiative.org\/es\/#website"},"datePublished":"2025-03-19T12:56:39+00:00","dateModified":"2026-03-25T16:46:32+00:00","description":"Las zoonosis son enfermedades infecciosas que se propagan entre animales y humanos. Es crucial actuar con mucha antelaci\u00f3n a las crisis epid\u00e9micas y pand\u00e9micas, poniendo en marcha ambiciosos programas cient\u00edficos y operativos dedicados a prevenir la aparici\u00f3n y propagaci\u00f3n de enfermedades zoon\u00f3ticas.","breadcrumb":{"@id":"https:\/\/prezode-initiative.org\/es\/comprender-las-zoonosis-para-mitigar-los-riesgos\/#breadcrumb"},"inLanguage":"es","potentialAction":[{"@type":"ReadAction","target":["https:\/\/prezode-initiative.org\/es\/comprender-las-zoonosis-para-mitigar-los-riesgos\/"]}]},{"@type":"BreadcrumbList","@id":"https:\/\/prezode-initiative.org\/es\/comprender-las-zoonosis-para-mitigar-los-riesgos\/#breadcrumb","itemListElement":[{"@type":"ListItem","position":1,"name":"Home","item":"https:\/\/prezode-initiative.org\/es\/"},{"@type":"ListItem","position":2,"name":"Comprender las zoonosis para mitigar los riesgos"}]},{"@type":"WebSite","@id":"https:\/\/prezode-initiative.org\/es\/#website","url":"https:\/\/prezode-initiative.org\/es\/","name":"Prezode","description":"","publisher":{"@id":"https:\/\/prezode-initiative.org\/es\/#organization"},"potentialAction":[{"@type":"SearchAction","target":{"@type":"EntryPoint","urlTemplate":"https:\/\/prezode-initiative.org\/es\/?s={search_term_string}"},"query-input":{"@type":"PropertyValueSpecification","valueRequired":true,"valueName":"search_term_string"}}],"inLanguage":"es"},{"@type":"Organization","@id":"https:\/\/prezode-initiative.org\/es\/#organization","name":"Prezode","url":"https:\/\/prezode-initiative.org\/es\/","logo":{"@type":"ImageObject","inLanguage":"es","@id":"https:\/\/prezode-initiative.org\/es\/#\/schema\/logo\/image\/","url":"https:\/\/prezode-initiative.org\/wp-content\/uploads\/2025\/02\/logo.png","contentUrl":"https:\/\/prezode-initiative.org\/wp-content\/uploads\/2025\/02\/logo.png","width":168,"height":118,"caption":"Prezode"},"image":{"@id":"https:\/\/prezode-initiative.org\/es\/#\/schema\/logo\/image\/"}}]}},"_links":{"self":[{"href":"https:\/\/prezode-initiative.org\/es\/wp-json\/wp\/v2\/pages\/4600","targetHints":{"allow":["GET"]}}],"collection":[{"href":"https:\/\/prezode-initiative.org\/es\/wp-json\/wp\/v2\/pages"}],"about":[{"href":"https:\/\/prezode-initiative.org\/es\/wp-json\/wp\/v2\/types\/page"}],"author":[{"embeddable":true,"href":"https:\/\/prezode-initiative.org\/es\/wp-json\/wp\/v2\/users\/2"}],"replies":[{"embeddable":true,"href":"https:\/\/prezode-initiative.org\/es\/wp-json\/wp\/v2\/comments?post=4600"}],"version-history":[{"count":2,"href":"https:\/\/prezode-initiative.org\/es\/wp-json\/wp\/v2\/pages\/4600\/revisions"}],"predecessor-version":[{"id":4604,"href":"https:\/\/prezode-initiative.org\/es\/wp-json\/wp\/v2\/pages\/4600\/revisions\/4604"}],"wp:attachment":[{"href":"https:\/\/prezode-initiative.org\/es\/wp-json\/wp\/v2\/media?parent=4600"}],"curies":[{"name":"wp","href":"https:\/\/api.w.org\/{rel}","templated":true}]}}