{"id":4587,"date":"2025-03-19T16:17:57","date_gmt":"2025-03-19T15:17:57","guid":{"rendered":"https:\/\/prezode-initiative.org\/promover-la-prevencion-con-enfoques-codisenados\/"},"modified":"2026-03-25T17:46:39","modified_gmt":"2026-03-25T16:46:39","slug":"promover-la-prevencion-con-enfoques-codisenados","status":"publish","type":"page","link":"https:\/\/prezode-initiative.org\/es\/promover-la-prevencion-con-enfoques-codisenados\/","title":{"rendered":"PROMOVER LA PREVENCI\u00d3N CON ENFOQUES CODISE\u00d1ADOS"},"content":{"rendered":"\n<p><\/p>\n\n<h2 class=\"wp-block-heading\"><strong>Los esfuerzos de PREZODE se centran en prevenir la aparici\u00f3n de riesgos de enfermedades zoon\u00f3ticas en su origen, codise\u00f1ando soluciones de reducci\u00f3n de riesgos y detecci\u00f3n precoz con y para las comunidades y actores locales que se encuentran en primera l\u00ednea de los riesgos. Adoptando el enfoque de \u00abUna Salud\u00bb, PREZODE refuerza el di\u00e1logo entre la sociedad cient\u00edfica y los responsables pol\u00edticos, desde lo local a lo global. La iniciativa fue codise\u00f1ada con todos sus miembros para fomentar el compromiso y la relevancia  <\/strong>.<\/h2>\n\n<p><\/p>\n\n<p>Los expertos estiman que reducir los riesgos es 100 veces menos costoso que responder a pandemias similares a la COVID-19. Para evitar que se repita una pandemia de consecuencias devastadoras, es crucial adoptar una estrategia de prevenci\u00f3n eficaz e integrada. PREZODE se centra en la prevenci\u00f3n primaria antes de que la enfermedad se manifieste en animales o seres humanos.  <\/p>\n\n<p><\/p>\n\n<div class=\"wp-block-columns is-layout-flex wp-container-core-columns-is-layout-9d6595d7 wp-block-columns-is-layout-flex\">\n<div class=\"wp-block-column is-layout-flow wp-block-column-is-layout-flow\" style=\"flex-basis:66.66%\">\n<p><\/p>\n\n\n\n<blockquote class=\"wp-block-quote is-layout-flow wp-block-quote-is-layout-flow\">\n<p>La iniciativa promueve enfoques basados en el pensamiento sist\u00e9mico; la prevenci\u00f3n de las enfermedades zoon\u00f3ticas requiere una comprensi\u00f3n de todos los factores que permiten que los pat\u00f3genos surjan, se transmitan y crucen la barrera de las especies.<\/p>\n<\/blockquote>\n\n\n\n<p><\/p>\n<\/div>\n<\/div>\n\n<p>Las actividades de investigaci\u00f3n se centran en los riesgos de aparici\u00f3n relacionados con los cambios locales y globales, el desarrollo de estrategias de prevenci\u00f3n sostenibles mediante la ganader\u00eda, la agricultura y\/o la gesti\u00f3n de los ecosistemas, y el desarrollo de sistemas de alerta temprana de lo local a lo global. M\u00e1s concretamente, la investigaci\u00f3n se centrar\u00e1 en los pat\u00f3genos zoon\u00f3ticos que podr\u00edan emerger y en las enfermedades infecciosas que ya han aparecido o reemergido. Se abordan todos los tipos de pat\u00f3genos que circulan en todos los continentes, desde la fauna salvaje a los animales dom\u00e9sticos y desde los medios terrestres a los acu\u00e1ticos. Del mismo modo, se consideran todas las v\u00edas de transmisi\u00f3n dentro de las especies animales, entre las especies animales y las poblaciones humanas. Los pat\u00f3genos zoon\u00f3ticos pueden infectar a las personas a trav\u00e9s del contacto directo con animales infectados, vectores artr\u00f3podos (enfermedades transmitidas por vectores), el contacto indirecto con el medio ambiente, objetos (f\u00f3mites) o superficies que hayan sido contaminadas por agentes zoon\u00f3ticos, o el consumo (enfermedades transmitidas por los alimentos) y el agua).    <\/p>\n\n<h2 class=\"wp-block-heading has-text-color has-link-color wp-elements-43f3224cb5683afd866747561196c535\" style=\"color:#2894bf\"><strong>Un cambio de paradigma  <\/strong><br\/><\/h2>\n\n<p>La innovaci\u00f3n de PREZODE radica en un cambio de paradigma: <strong>promover un proceso de codise\u00f1o<\/strong>, implicando a todas las partes interesadas, desde el nivel local al internacional, en la prevenci\u00f3n de riesgos emergentes -comunidades locales, profesionales sanitarios (de los sectores animal, humano y medioambiental), investigadores, operadores de campo, junto con responsables de la toma de decisiones de los sectores p\u00fablico y privado. Aunque la mayor\u00eda de las enfermedades infecciosas emergentes en humanos son de origen zoon\u00f3tico, el dogma actual se centra en la preparaci\u00f3n posterior al contagio para controlar la propagaci\u00f3n de la enfermedad en la poblaci\u00f3n humana, en lugar de prevenir el contagio en su origen. <\/p>\n\n<p><\/p>\n\n<blockquote class=\"wp-block-quote is-layout-flow wp-block-quote-is-layout-flow\">\n<p>La co-construcci\u00f3n se basa en principios fundamentales para integrar las especificidades locales en las pol\u00edticas sanitarias nacionales e internacionales, sensibilizar y generar un compromiso fuerte y sostenido.<\/p>\n<\/blockquote>\n\n<p><\/p>\n\n<p>Los agentes infecciosos no se detienen en las fronteras, por lo que la prevenci\u00f3n de la aparici\u00f3n de enfermedades zoon\u00f3ticas debe ser inclusiva y requerir la colaboraci\u00f3n internacional. Sin embargo, no hay una talla \u00fanica: la prevenci\u00f3n de la aparici\u00f3n de enfermedades zoon\u00f3ticas debe basarse en los contextos locales, es decir, en las limitaciones y necesidades de las comunidades locales y de los agentes de primera l\u00ednea que aplican las estrategias sanitarias. La co-construcci\u00f3n se basa en principios fundamentales para integrar las especificidades locales en las pol\u00edticas sanitarias nacionales e internacionales, sensibilizar y generar un compromiso firme y sostenido.  <\/p>\n\n<p><\/p>\n","protected":false},"excerpt":{"rendered":"<p>Los esfuerzos de PREZODE se centran en prevenir la aparici\u00f3n de riesgos de enfermedades zoon\u00f3ticas en su origen, codise\u00f1ando soluciones de reducci\u00f3n de riesgos y detecci\u00f3n precoz con y para las comunidades y actores locales que se encuentran en primera l\u00ednea de los riesgos. Adoptando el enfoque de \u00abUna Salud\u00bb, PREZODE refuerza el di\u00e1logo entre<a href=\"https:\/\/prezode-initiative.org\/es\/promover-la-prevencion-con-enfoques-codisenados\/\">Continue reading <span class=\"sr-only\">\u00abPROMOVER LA PREVENCI\u00d3N CON ENFOQUES CODISE\u00d1ADOS\u00bb<\/span><\/a><\/p>\n","protected":false},"author":2,"featured_media":0,"parent":0,"menu_order":0,"comment_status":"closed","ping_status":"closed","template":"template-pages\/article-page.php","meta":{"_acf_changed":false,"footnotes":""},"class_list":["post-4587","page","type-page","status-publish","hentry"],"acf":[],"yoast_head":"<!-- This site is optimized with the Yoast SEO plugin v27.6 - https:\/\/yoast.com\/product\/yoast-seo-wordpress\/ -->\n<title>PROMOVER LA PREVENCI\u00d3N CON ENFOQUES CODISE\u00d1ADOS - %<\/title>\n<meta name=\"robots\" content=\"index, follow, max-snippet:-1, max-image-preview:large, max-video-preview:-1\" \/>\n<link rel=\"canonical\" href=\"https:\/\/prezode-initiative.org\/es\/promover-la-prevencion-con-enfoques-codisenados\/\" \/>\n<meta property=\"og:locale\" content=\"es_ES\" \/>\n<meta property=\"og:type\" content=\"article\" \/>\n<meta property=\"og:title\" content=\"PROMOVER LA PREVENCI\u00d3N CON ENFOQUES CODISE\u00d1ADOS - %\" \/>\n<meta property=\"og:description\" content=\"Los esfuerzos de PREZODE se centran en prevenir la aparici\u00f3n de riesgos de enfermedades zoon\u00f3ticas en su origen, codise\u00f1ando soluciones de reducci\u00f3n de riesgos y detecci\u00f3n precoz con y para las comunidades y actores locales que se encuentran en primera l\u00ednea de los riesgos. Adoptando el enfoque de \u00abUna Salud\u00bb, PREZODE refuerza el di\u00e1logo entreContinue reading &quot;PROMOVER LA PREVENCI\u00d3N CON ENFOQUES CODISE\u00d1ADOS&quot;\" \/>\n<meta property=\"og:url\" content=\"https:\/\/prezode-initiative.org\/es\/promover-la-prevencion-con-enfoques-codisenados\/\" \/>\n<meta property=\"og:site_name\" content=\"Prezode\" \/>\n<meta property=\"article:modified_time\" content=\"2026-03-25T16:46:39+00:00\" \/>\n<meta name=\"twitter:card\" content=\"summary_large_image\" \/>\n<meta name=\"twitter:label1\" content=\"Tiempo de lectura\" \/>\n\t<meta name=\"twitter:data1\" content=\"3 minutos\" \/>\n<script type=\"application\/ld+json\" class=\"yoast-schema-graph\">{\"@context\":\"https:\\\/\\\/schema.org\",\"@graph\":[{\"@type\":\"WebPage\",\"@id\":\"https:\\\/\\\/prezode-initiative.org\\\/es\\\/promover-la-prevencion-con-enfoques-codisenados\\\/\",\"url\":\"https:\\\/\\\/prezode-initiative.org\\\/es\\\/promover-la-prevencion-con-enfoques-codisenados\\\/\",\"name\":\"PROMOVER LA PREVENCI\u00d3N CON ENFOQUES CODISE\u00d1ADOS - %\",\"isPartOf\":{\"@id\":\"https:\\\/\\\/prezode-initiative.org\\\/es\\\/#website\"},\"datePublished\":\"2025-03-19T15:17:57+00:00\",\"dateModified\":\"2026-03-25T16:46:39+00:00\",\"breadcrumb\":{\"@id\":\"https:\\\/\\\/prezode-initiative.org\\\/es\\\/promover-la-prevencion-con-enfoques-codisenados\\\/#breadcrumb\"},\"inLanguage\":\"es\",\"potentialAction\":[{\"@type\":\"ReadAction\",\"target\":[\"https:\\\/\\\/prezode-initiative.org\\\/es\\\/promover-la-prevencion-con-enfoques-codisenados\\\/\"]}]},{\"@type\":\"BreadcrumbList\",\"@id\":\"https:\\\/\\\/prezode-initiative.org\\\/es\\\/promover-la-prevencion-con-enfoques-codisenados\\\/#breadcrumb\",\"itemListElement\":[{\"@type\":\"ListItem\",\"position\":1,\"name\":\"Home\",\"item\":\"https:\\\/\\\/prezode-initiative.org\\\/es\\\/\"},{\"@type\":\"ListItem\",\"position\":2,\"name\":\"PROMOVER LA PREVENCI\u00d3N CON ENFOQUES CODISE\u00d1ADOS\"}]},{\"@type\":\"WebSite\",\"@id\":\"https:\\\/\\\/prezode-initiative.org\\\/es\\\/#website\",\"url\":\"https:\\\/\\\/prezode-initiative.org\\\/es\\\/\",\"name\":\"Prezode\",\"description\":\"\",\"publisher\":{\"@id\":\"https:\\\/\\\/prezode-initiative.org\\\/es\\\/#organization\"},\"potentialAction\":[{\"@type\":\"SearchAction\",\"target\":{\"@type\":\"EntryPoint\",\"urlTemplate\":\"https:\\\/\\\/prezode-initiative.org\\\/es\\\/?s={search_term_string}\"},\"query-input\":{\"@type\":\"PropertyValueSpecification\",\"valueRequired\":true,\"valueName\":\"search_term_string\"}}],\"inLanguage\":\"es\"},{\"@type\":\"Organization\",\"@id\":\"https:\\\/\\\/prezode-initiative.org\\\/es\\\/#organization\",\"name\":\"Prezode\",\"url\":\"https:\\\/\\\/prezode-initiative.org\\\/es\\\/\",\"logo\":{\"@type\":\"ImageObject\",\"inLanguage\":\"es\",\"@id\":\"https:\\\/\\\/prezode-initiative.org\\\/es\\\/#\\\/schema\\\/logo\\\/image\\\/\",\"url\":\"https:\\\/\\\/prezode-initiative.org\\\/wp-content\\\/uploads\\\/2025\\\/02\\\/logo.png\",\"contentUrl\":\"https:\\\/\\\/prezode-initiative.org\\\/wp-content\\\/uploads\\\/2025\\\/02\\\/logo.png\",\"width\":168,\"height\":118,\"caption\":\"Prezode\"},\"image\":{\"@id\":\"https:\\\/\\\/prezode-initiative.org\\\/es\\\/#\\\/schema\\\/logo\\\/image\\\/\"}}]}<\/script>\n<!-- \/ Yoast SEO plugin. -->","yoast_head_json":{"title":"PROMOVER LA PREVENCI\u00d3N CON ENFOQUES CODISE\u00d1ADOS - %","robots":{"index":"index","follow":"follow","max-snippet":"max-snippet:-1","max-image-preview":"max-image-preview:large","max-video-preview":"max-video-preview:-1"},"canonical":"https:\/\/prezode-initiative.org\/es\/promover-la-prevencion-con-enfoques-codisenados\/","og_locale":"es_ES","og_type":"article","og_title":"PROMOVER LA PREVENCI\u00d3N CON ENFOQUES CODISE\u00d1ADOS - %","og_description":"Los esfuerzos de PREZODE se centran en prevenir la aparici\u00f3n de riesgos de enfermedades zoon\u00f3ticas en su origen, codise\u00f1ando soluciones de reducci\u00f3n de riesgos y detecci\u00f3n precoz con y para las comunidades y actores locales que se encuentran en primera l\u00ednea de los riesgos. Adoptando el enfoque de \u00abUna Salud\u00bb, PREZODE refuerza el di\u00e1logo entreContinue reading \"PROMOVER LA PREVENCI\u00d3N CON ENFOQUES CODISE\u00d1ADOS\"","og_url":"https:\/\/prezode-initiative.org\/es\/promover-la-prevencion-con-enfoques-codisenados\/","og_site_name":"Prezode","article_modified_time":"2026-03-25T16:46:39+00:00","twitter_card":"summary_large_image","twitter_misc":{"Tiempo de lectura":"3 minutos"},"schema":{"@context":"https:\/\/schema.org","@graph":[{"@type":"WebPage","@id":"https:\/\/prezode-initiative.org\/es\/promover-la-prevencion-con-enfoques-codisenados\/","url":"https:\/\/prezode-initiative.org\/es\/promover-la-prevencion-con-enfoques-codisenados\/","name":"PROMOVER LA PREVENCI\u00d3N CON ENFOQUES CODISE\u00d1ADOS - %","isPartOf":{"@id":"https:\/\/prezode-initiative.org\/es\/#website"},"datePublished":"2025-03-19T15:17:57+00:00","dateModified":"2026-03-25T16:46:39+00:00","breadcrumb":{"@id":"https:\/\/prezode-initiative.org\/es\/promover-la-prevencion-con-enfoques-codisenados\/#breadcrumb"},"inLanguage":"es","potentialAction":[{"@type":"ReadAction","target":["https:\/\/prezode-initiative.org\/es\/promover-la-prevencion-con-enfoques-codisenados\/"]}]},{"@type":"BreadcrumbList","@id":"https:\/\/prezode-initiative.org\/es\/promover-la-prevencion-con-enfoques-codisenados\/#breadcrumb","itemListElement":[{"@type":"ListItem","position":1,"name":"Home","item":"https:\/\/prezode-initiative.org\/es\/"},{"@type":"ListItem","position":2,"name":"PROMOVER LA PREVENCI\u00d3N CON ENFOQUES CODISE\u00d1ADOS"}]},{"@type":"WebSite","@id":"https:\/\/prezode-initiative.org\/es\/#website","url":"https:\/\/prezode-initiative.org\/es\/","name":"Prezode","description":"","publisher":{"@id":"https:\/\/prezode-initiative.org\/es\/#organization"},"potentialAction":[{"@type":"SearchAction","target":{"@type":"EntryPoint","urlTemplate":"https:\/\/prezode-initiative.org\/es\/?s={search_term_string}"},"query-input":{"@type":"PropertyValueSpecification","valueRequired":true,"valueName":"search_term_string"}}],"inLanguage":"es"},{"@type":"Organization","@id":"https:\/\/prezode-initiative.org\/es\/#organization","name":"Prezode","url":"https:\/\/prezode-initiative.org\/es\/","logo":{"@type":"ImageObject","inLanguage":"es","@id":"https:\/\/prezode-initiative.org\/es\/#\/schema\/logo\/image\/","url":"https:\/\/prezode-initiative.org\/wp-content\/uploads\/2025\/02\/logo.png","contentUrl":"https:\/\/prezode-initiative.org\/wp-content\/uploads\/2025\/02\/logo.png","width":168,"height":118,"caption":"Prezode"},"image":{"@id":"https:\/\/prezode-initiative.org\/es\/#\/schema\/logo\/image\/"}}]}},"_links":{"self":[{"href":"https:\/\/prezode-initiative.org\/es\/wp-json\/wp\/v2\/pages\/4587","targetHints":{"allow":["GET"]}}],"collection":[{"href":"https:\/\/prezode-initiative.org\/es\/wp-json\/wp\/v2\/pages"}],"about":[{"href":"https:\/\/prezode-initiative.org\/es\/wp-json\/wp\/v2\/types\/page"}],"author":[{"embeddable":true,"href":"https:\/\/prezode-initiative.org\/es\/wp-json\/wp\/v2\/users\/2"}],"replies":[{"embeddable":true,"href":"https:\/\/prezode-initiative.org\/es\/wp-json\/wp\/v2\/comments?post=4587"}],"version-history":[{"count":2,"href":"https:\/\/prezode-initiative.org\/es\/wp-json\/wp\/v2\/pages\/4587\/revisions"}],"predecessor-version":[{"id":4593,"href":"https:\/\/prezode-initiative.org\/es\/wp-json\/wp\/v2\/pages\/4587\/revisions\/4593"}],"wp:attachment":[{"href":"https:\/\/prezode-initiative.org\/es\/wp-json\/wp\/v2\/media?parent=4587"}],"curies":[{"name":"wp","href":"https:\/\/api.w.org\/{rel}","templated":true}]}}