{"id":4581,"date":"2025-03-13T11:52:13","date_gmt":"2025-03-13T10:52:13","guid":{"rendered":"https:\/\/prezode-initiative.org\/asociaciones\/"},"modified":"2026-03-25T17:47:07","modified_gmt":"2026-03-25T16:47:07","slug":"asociaciones","status":"publish","type":"page","link":"https:\/\/prezode-initiative.org\/es\/asociaciones\/","title":{"rendered":"Asociaciones"},"content":{"rendered":"\n<h2 class=\"wp-block-heading\">PREZODE colabora estrechamente con organizaciones internacionales en asuntos relacionados con la aparici\u00f3n de enfermedades pand\u00e9micas y zoon\u00f3ticas:<br\/><\/h2>\n\n<p><\/p>\n\n<ul class=\"wp-block-list\">\n<li>Como parte interesada clave, PREZODE contribuye a los debates del <strong>\u00d3rgano Intergubernamental de Negociaci\u00f3n (INB<\/strong> ) sobre el proceso de redacci\u00f3n del Acuerdo sobre Pandemias.<\/li>\n\n\n\n<li>PREZODE apoya a <strong>los pa\u00edses miembros<\/strong> en la preparaci\u00f3n de propuestas para el Fondo Pand\u00e9mico.<\/li>\n\n\n\n<li>PREZODE cuenta con un <strong>grupo de trabajo conjunto de expertos con la Organizaci\u00f3n Mundial de la Salud (OMS) <\/strong>para desarrollar indicadores cuantitativos de la aparici\u00f3n de enfermedades zoon\u00f3ticas.<\/li>\n\n\n\n<li>PREZODE tiene un <strong>Grupo de Trabajo conjunto con la Organizaci\u00f3n Mundial de Sanidad Animal <\/strong>centrado en el Estado-Ciencia-Pol\u00edtica Sanitaria.<\/li>\n\n\n\n<li>PREZODE va a poner en marcha<strong> un grupo de trabajo sobre el retorno de la inversi\u00f3n (ROI <\/strong>) en Una Salud (vinculado a la CoP ROI-OH - pendiente de confirmaci\u00f3n)<\/li>\n\n\n\n<li>En 2023, PREZODE fue seleccionado como <strong>Programa de Ampliaci\u00f3n (SCUP)<\/strong> por el <a href=\"https:\/\/parispeaceforum.org\/en\/projects\/prezode-preventing-zoonotic-disease-emergence\/\">Foro de la Paz de Par\u00eds<\/a>.<\/li>\n<\/ul>\n\n<p><\/p>\n\n<p><\/p>\n\n<p><\/p>\n\n<p><\/p>\n\n<p><\/p>\n\n<p><\/p>\n\n<div style=\"height:58px\" aria-hidden=\"true\" class=\"wp-block-spacer\"><\/div>\n\n<div class=\"wp-block-media-text is-stacked-on-mobile\"><figure class=\"wp-block-media-text__media\"><img loading=\"lazy\" decoding=\"async\" width=\"950\" height=\"397\" src=\"https:\/\/prezode-initiative.org\/wp-content\/uploads\/2025\/05\/logo-pandemic-fund.png\" alt=\"\" class=\"wp-image-2611 size-full\" srcset=\"https:\/\/prezode-initiative.org\/wp-content\/uploads\/2025\/05\/logo-pandemic-fund.png 950w, https:\/\/prezode-initiative.org\/wp-content\/uploads\/2025\/05\/logo-pandemic-fund-300x125.png 300w, https:\/\/prezode-initiative.org\/wp-content\/uploads\/2025\/05\/logo-pandemic-fund-768x321.png 768w\" sizes=\"auto, (max-width: 950px) 100vw, 950px\" \/><\/figure><div class=\"wp-block-media-text__content\">\n<h3 class=\"wp-block-heading\">Propuesta para el Fondo de Pandemia<\/h3>\n\n\n\n<p>&gt;<a href=\"https:\/\/prezode-initiative.org\/es\/fondo-pandemico\/\">Leer m\u00e1s<\/a><\/p>\n<\/div><\/div>\n\n<div style=\"height:64px\" aria-hidden=\"true\" class=\"wp-block-spacer\"><\/div>\n\n<div class=\"wp-block-media-text is-stacked-on-mobile\"><figure class=\"wp-block-media-text__media\"><img loading=\"lazy\" decoding=\"async\" width=\"1024\" height=\"568\" src=\"https:\/\/prezode-initiative.org\/wp-content\/uploads\/2025\/03\/Capture-decran-2024-11-27-a-16.15.19-1024x568.png\" alt=\"\" class=\"wp-image-892 size-full\" srcset=\"https:\/\/prezode-initiative.org\/wp-content\/uploads\/2025\/03\/Capture-decran-2024-11-27-a-16.15.19-1024x568.png 1024w, https:\/\/prezode-initiative.org\/wp-content\/uploads\/2025\/03\/Capture-decran-2024-11-27-a-16.15.19-300x166.png 300w, https:\/\/prezode-initiative.org\/wp-content\/uploads\/2025\/03\/Capture-decran-2024-11-27-a-16.15.19-768x426.png 768w, https:\/\/prezode-initiative.org\/wp-content\/uploads\/2025\/03\/Capture-decran-2024-11-27-a-16.15.19.png 1280w\" sizes=\"auto, (max-width: 1024px) 100vw, 1024px\" \/><\/figure><div class=\"wp-block-media-text__content\">\n<h3 class=\"wp-block-heading\">Acuerdo sobre pandemias : Participaci\u00f3n en las reuniones del \u00d3rgano Intergubernamental de Negociaci\u00f3n<\/h3>\n\n\n\n<p>&gt;<a href=\"https:\/\/prezode-initiative.org\/es\/category\/acuerdo-pandemico\/\">Leer m\u00e1s<\/a><\/p>\n<\/div><\/div>\n\n<div style=\"height:58px\" aria-hidden=\"true\" class=\"wp-block-spacer\"><\/div>\n\n<div class=\"wp-block-media-text is-stacked-on-mobile\"><figure class=\"wp-block-media-text__media\"><img loading=\"lazy\" decoding=\"async\" width=\"1024\" height=\"576\" src=\"https:\/\/prezode-initiative.org\/wp-content\/uploads\/2024\/06\/7-1024x576.jpg\" alt=\"\" class=\"wp-image-859 size-full\" srcset=\"https:\/\/prezode-initiative.org\/wp-content\/uploads\/2024\/06\/7-1024x576.jpg 1024w, https:\/\/prezode-initiative.org\/wp-content\/uploads\/2024\/06\/7-300x169.jpg 300w, https:\/\/prezode-initiative.org\/wp-content\/uploads\/2024\/06\/7-768x432.jpg 768w, https:\/\/prezode-initiative.org\/wp-content\/uploads\/2024\/06\/7.jpg 1280w\" sizes=\"auto, (max-width: 1024px) 100vw, 1024px\" \/><\/figure><div class=\"wp-block-media-text__content\">\n<h3 class=\"wp-block-heading\">Grupo de Trabajo Conjunto OMS-PREZODE<\/h3>\n\n\n\n<p>&gt;<a href=\"https:\/\/prezode-initiative.org\/es\/grupo-de-trabajo-conjunto-oms-prezode\/\">Leer m\u00e1s<\/a><\/p>\n<\/div><\/div>\n\n<p><\/p>\n","protected":false},"excerpt":{"rendered":"<p>PREZODE colabora estrechamente con organizaciones internacionales en asuntos relacionados con la aparici\u00f3n de enfermedades pand\u00e9micas y zoon\u00f3ticas: Propuesta para el Fondo de Pandemia &gt;Leer m\u00e1s Acuerdo sobre pandemias : Participaci\u00f3n en las reuniones del \u00d3rgano Intergubernamental de Negociaci\u00f3n &gt;Leer m\u00e1s Grupo de Trabajo Conjunto OMS-PREZODE &gt;Leer m\u00e1s<\/p>\n","protected":false},"author":1,"featured_media":0,"parent":0,"menu_order":0,"comment_status":"closed","ping_status":"closed","template":"template-pages\/article-page.php","meta":{"_acf_changed":false,"footnotes":""},"class_list":["post-4581","page","type-page","status-publish","hentry"],"acf":[],"yoast_head":"<!-- This site is optimized with the Yoast SEO plugin v27.6 - https:\/\/yoast.com\/product\/yoast-seo-wordpress\/ -->\n<title>Asociaciones - %<\/title>\n<meta name=\"description\" content=\"PREZODE colabora estrechamente con organizaciones internacionales en asuntos relacionados con la aparici\u00f3n de enfermedades pand\u00e9micas y zoon\u00f3ticas\" \/>\n<meta name=\"robots\" content=\"index, follow, max-snippet:-1, max-image-preview:large, max-video-preview:-1\" \/>\n<link rel=\"canonical\" href=\"https:\/\/prezode-initiative.org\/es\/asociaciones\/\" \/>\n<meta property=\"og:locale\" content=\"es_ES\" \/>\n<meta property=\"og:type\" content=\"article\" \/>\n<meta property=\"og:title\" content=\"Asociaciones - %\" \/>\n<meta property=\"og:description\" content=\"PREZODE colabora estrechamente con organizaciones internacionales en asuntos relacionados con la aparici\u00f3n de enfermedades pand\u00e9micas y zoon\u00f3ticas\" \/>\n<meta property=\"og:url\" content=\"https:\/\/prezode-initiative.org\/es\/asociaciones\/\" \/>\n<meta property=\"og:site_name\" content=\"Prezode\" \/>\n<meta property=\"article:modified_time\" content=\"2026-03-25T16:47:07+00:00\" \/>\n<meta property=\"og:image\" content=\"https:\/\/prezode-initiative.org\/wp-content\/uploads\/2025\/05\/logo-pandemic-fund.png\" \/>\n\t<meta property=\"og:image:width\" content=\"950\" \/>\n\t<meta property=\"og:image:height\" content=\"397\" \/>\n\t<meta property=\"og:image:type\" content=\"image\/png\" \/>\n<meta name=\"twitter:card\" content=\"summary_large_image\" \/>\n<meta name=\"twitter:label1\" content=\"Tiempo de lectura\" \/>\n\t<meta name=\"twitter:data1\" content=\"1 minuto\" \/>\n<script type=\"application\/ld+json\" class=\"yoast-schema-graph\">{\"@context\":\"https:\\\/\\\/schema.org\",\"@graph\":[{\"@type\":\"WebPage\",\"@id\":\"https:\\\/\\\/prezode-initiative.org\\\/es\\\/asociaciones\\\/\",\"url\":\"https:\\\/\\\/prezode-initiative.org\\\/es\\\/asociaciones\\\/\",\"name\":\"Asociaciones - %\",\"isPartOf\":{\"@id\":\"https:\\\/\\\/prezode-initiative.org\\\/es\\\/#website\"},\"primaryImageOfPage\":{\"@id\":\"https:\\\/\\\/prezode-initiative.org\\\/es\\\/asociaciones\\\/#primaryimage\"},\"image\":{\"@id\":\"https:\\\/\\\/prezode-initiative.org\\\/es\\\/asociaciones\\\/#primaryimage\"},\"thumbnailUrl\":\"https:\\\/\\\/prezode-initiative.org\\\/wp-content\\\/uploads\\\/2025\\\/05\\\/logo-pandemic-fund.png\",\"datePublished\":\"2025-03-13T10:52:13+00:00\",\"dateModified\":\"2026-03-25T16:47:07+00:00\",\"description\":\"PREZODE colabora estrechamente con organizaciones internacionales en asuntos relacionados con la aparici\u00f3n de enfermedades pand\u00e9micas y zoon\u00f3ticas\",\"breadcrumb\":{\"@id\":\"https:\\\/\\\/prezode-initiative.org\\\/es\\\/asociaciones\\\/#breadcrumb\"},\"inLanguage\":\"es\",\"potentialAction\":[{\"@type\":\"ReadAction\",\"target\":[\"https:\\\/\\\/prezode-initiative.org\\\/es\\\/asociaciones\\\/\"]}]},{\"@type\":\"ImageObject\",\"inLanguage\":\"es\",\"@id\":\"https:\\\/\\\/prezode-initiative.org\\\/es\\\/asociaciones\\\/#primaryimage\",\"url\":\"https:\\\/\\\/prezode-initiative.org\\\/wp-content\\\/uploads\\\/2025\\\/05\\\/logo-pandemic-fund.png\",\"contentUrl\":\"https:\\\/\\\/prezode-initiative.org\\\/wp-content\\\/uploads\\\/2025\\\/05\\\/logo-pandemic-fund.png\"},{\"@type\":\"BreadcrumbList\",\"@id\":\"https:\\\/\\\/prezode-initiative.org\\\/es\\\/asociaciones\\\/#breadcrumb\",\"itemListElement\":[{\"@type\":\"ListItem\",\"position\":1,\"name\":\"Home\",\"item\":\"https:\\\/\\\/prezode-initiative.org\\\/es\\\/\"},{\"@type\":\"ListItem\",\"position\":2,\"name\":\"Asociaciones\"}]},{\"@type\":\"WebSite\",\"@id\":\"https:\\\/\\\/prezode-initiative.org\\\/es\\\/#website\",\"url\":\"https:\\\/\\\/prezode-initiative.org\\\/es\\\/\",\"name\":\"Prezode\",\"description\":\"\",\"publisher\":{\"@id\":\"https:\\\/\\\/prezode-initiative.org\\\/es\\\/#organization\"},\"potentialAction\":[{\"@type\":\"SearchAction\",\"target\":{\"@type\":\"EntryPoint\",\"urlTemplate\":\"https:\\\/\\\/prezode-initiative.org\\\/es\\\/?s={search_term_string}\"},\"query-input\":{\"@type\":\"PropertyValueSpecification\",\"valueRequired\":true,\"valueName\":\"search_term_string\"}}],\"inLanguage\":\"es\"},{\"@type\":\"Organization\",\"@id\":\"https:\\\/\\\/prezode-initiative.org\\\/es\\\/#organization\",\"name\":\"Prezode\",\"url\":\"https:\\\/\\\/prezode-initiative.org\\\/es\\\/\",\"logo\":{\"@type\":\"ImageObject\",\"inLanguage\":\"es\",\"@id\":\"https:\\\/\\\/prezode-initiative.org\\\/es\\\/#\\\/schema\\\/logo\\\/image\\\/\",\"url\":\"https:\\\/\\\/prezode-initiative.org\\\/wp-content\\\/uploads\\\/2025\\\/02\\\/logo.png\",\"contentUrl\":\"https:\\\/\\\/prezode-initiative.org\\\/wp-content\\\/uploads\\\/2025\\\/02\\\/logo.png\",\"width\":168,\"height\":118,\"caption\":\"Prezode\"},\"image\":{\"@id\":\"https:\\\/\\\/prezode-initiative.org\\\/es\\\/#\\\/schema\\\/logo\\\/image\\\/\"}}]}<\/script>\n<!-- \/ Yoast SEO plugin. -->","yoast_head_json":{"title":"Asociaciones - %","description":"PREZODE colabora estrechamente con organizaciones internacionales en asuntos relacionados con la aparici\u00f3n de enfermedades pand\u00e9micas y zoon\u00f3ticas","robots":{"index":"index","follow":"follow","max-snippet":"max-snippet:-1","max-image-preview":"max-image-preview:large","max-video-preview":"max-video-preview:-1"},"canonical":"https:\/\/prezode-initiative.org\/es\/asociaciones\/","og_locale":"es_ES","og_type":"article","og_title":"Asociaciones - %","og_description":"PREZODE colabora estrechamente con organizaciones internacionales en asuntos relacionados con la aparici\u00f3n de enfermedades pand\u00e9micas y zoon\u00f3ticas","og_url":"https:\/\/prezode-initiative.org\/es\/asociaciones\/","og_site_name":"Prezode","article_modified_time":"2026-03-25T16:47:07+00:00","og_image":[{"width":950,"height":397,"url":"https:\/\/prezode-initiative.org\/wp-content\/uploads\/2025\/05\/logo-pandemic-fund.png","type":"image\/png"}],"twitter_card":"summary_large_image","twitter_misc":{"Tiempo de lectura":"1 minuto"},"schema":{"@context":"https:\/\/schema.org","@graph":[{"@type":"WebPage","@id":"https:\/\/prezode-initiative.org\/es\/asociaciones\/","url":"https:\/\/prezode-initiative.org\/es\/asociaciones\/","name":"Asociaciones - %","isPartOf":{"@id":"https:\/\/prezode-initiative.org\/es\/#website"},"primaryImageOfPage":{"@id":"https:\/\/prezode-initiative.org\/es\/asociaciones\/#primaryimage"},"image":{"@id":"https:\/\/prezode-initiative.org\/es\/asociaciones\/#primaryimage"},"thumbnailUrl":"https:\/\/prezode-initiative.org\/wp-content\/uploads\/2025\/05\/logo-pandemic-fund.png","datePublished":"2025-03-13T10:52:13+00:00","dateModified":"2026-03-25T16:47:07+00:00","description":"PREZODE colabora estrechamente con organizaciones internacionales en asuntos relacionados con la aparici\u00f3n de enfermedades pand\u00e9micas y zoon\u00f3ticas","breadcrumb":{"@id":"https:\/\/prezode-initiative.org\/es\/asociaciones\/#breadcrumb"},"inLanguage":"es","potentialAction":[{"@type":"ReadAction","target":["https:\/\/prezode-initiative.org\/es\/asociaciones\/"]}]},{"@type":"ImageObject","inLanguage":"es","@id":"https:\/\/prezode-initiative.org\/es\/asociaciones\/#primaryimage","url":"https:\/\/prezode-initiative.org\/wp-content\/uploads\/2025\/05\/logo-pandemic-fund.png","contentUrl":"https:\/\/prezode-initiative.org\/wp-content\/uploads\/2025\/05\/logo-pandemic-fund.png"},{"@type":"BreadcrumbList","@id":"https:\/\/prezode-initiative.org\/es\/asociaciones\/#breadcrumb","itemListElement":[{"@type":"ListItem","position":1,"name":"Home","item":"https:\/\/prezode-initiative.org\/es\/"},{"@type":"ListItem","position":2,"name":"Asociaciones"}]},{"@type":"WebSite","@id":"https:\/\/prezode-initiative.org\/es\/#website","url":"https:\/\/prezode-initiative.org\/es\/","name":"Prezode","description":"","publisher":{"@id":"https:\/\/prezode-initiative.org\/es\/#organization"},"potentialAction":[{"@type":"SearchAction","target":{"@type":"EntryPoint","urlTemplate":"https:\/\/prezode-initiative.org\/es\/?s={search_term_string}"},"query-input":{"@type":"PropertyValueSpecification","valueRequired":true,"valueName":"search_term_string"}}],"inLanguage":"es"},{"@type":"Organization","@id":"https:\/\/prezode-initiative.org\/es\/#organization","name":"Prezode","url":"https:\/\/prezode-initiative.org\/es\/","logo":{"@type":"ImageObject","inLanguage":"es","@id":"https:\/\/prezode-initiative.org\/es\/#\/schema\/logo\/image\/","url":"https:\/\/prezode-initiative.org\/wp-content\/uploads\/2025\/02\/logo.png","contentUrl":"https:\/\/prezode-initiative.org\/wp-content\/uploads\/2025\/02\/logo.png","width":168,"height":118,"caption":"Prezode"},"image":{"@id":"https:\/\/prezode-initiative.org\/es\/#\/schema\/logo\/image\/"}}]}},"_links":{"self":[{"href":"https:\/\/prezode-initiative.org\/es\/wp-json\/wp\/v2\/pages\/4581","targetHints":{"allow":["GET"]}}],"collection":[{"href":"https:\/\/prezode-initiative.org\/es\/wp-json\/wp\/v2\/pages"}],"about":[{"href":"https:\/\/prezode-initiative.org\/es\/wp-json\/wp\/v2\/types\/page"}],"author":[{"embeddable":true,"href":"https:\/\/prezode-initiative.org\/es\/wp-json\/wp\/v2\/users\/1"}],"replies":[{"embeddable":true,"href":"https:\/\/prezode-initiative.org\/es\/wp-json\/wp\/v2\/comments?post=4581"}],"version-history":[{"count":5,"href":"https:\/\/prezode-initiative.org\/es\/wp-json\/wp\/v2\/pages\/4581\/revisions"}],"predecessor-version":[{"id":5760,"href":"https:\/\/prezode-initiative.org\/es\/wp-json\/wp\/v2\/pages\/4581\/revisions\/5760"}],"wp:attachment":[{"href":"https:\/\/prezode-initiative.org\/es\/wp-json\/wp\/v2\/media?parent=4581"}],"curies":[{"name":"wp","href":"https:\/\/api.w.org\/{rel}","templated":true}]}}