{"id":4573,"date":"2025-03-19T13:56:54","date_gmt":"2025-03-19T12:56:54","guid":{"rendered":"https:\/\/prezode-initiative.org\/una-sola-salud-un-enfoque-holistico\/"},"modified":"2026-03-25T17:46:39","modified_gmt":"2026-03-25T16:46:39","slug":"una-sola-salud-un-enfoque-holistico","status":"publish","type":"page","link":"https:\/\/prezode-initiative.org\/es\/una-sola-salud-un-enfoque-holistico\/","title":{"rendered":"Una sola salud: un enfoque hol\u00edstico"},"content":{"rendered":"\n<h3 class=\"wp-block-heading has-text-color has-link-color wp-elements-e29dc5b62f0f13326586107fc97a07a5\" style=\"color:#2894bf\">La <strong>Salud \u00danica es un enfoque integrado y unificador que<\/strong> <strong>equilibra y optimiza <\/strong> <strong> <strong>de forma sostenible<\/strong><\/strong> <strong>la salud humana, animal y de los ecosistemas. <\/strong> <\/h3>\n\n<p>Aunque los temas que abarcan la salud, la alimentaci\u00f3n, el agua, la energ\u00eda y el medio ambiente son muy amplios, con preocupaciones sectoriales y especializadas, la colaboraci\u00f3n entre sectores y disciplinas contribuye a un enfoque global: Una Salud. Este enfoque es crucial para prevenir eficazmente la aparici\u00f3n de enfermedades zoon\u00f3ticas. Permite abarcar todo el espectro del control de las enfermedades -desde su prevenci\u00f3n hasta su detecci\u00f3n, preparaci\u00f3n, respuesta y gesti\u00f3n- y mejorar y promover la salud y la sostenibilidad.    <\/p>\n\n<p>En las \u00faltimas d\u00e9cadas, distintos actores y campos cient\u00edficos han desarrollado un enfoque hol\u00edstico y transdisciplinar de la salud en respuesta a las enfermedades zoon\u00f3ticas. Las agencias de la ONU han adoptado el enfoque \u00abUna sola salud\u00bb. Desde 2021, la alianza cuatripartita (en la que participan la <a href=\"https:\/\/www.who.int\/\"><strong>Organizaci\u00f3n Mundial de la Salud<\/strong><\/a>y la <a href=\"https:\/\/www.fao.org\/home\/en\"><strong>Organizaci\u00f3n de las Naciones Unidas para la Agricultura y la Alimentaci\u00f3n<\/strong><\/a>y el <a href=\"https:\/\/www.unep.org\/\"><strong>Programa de las Naciones Unidas para el Medio Ambiente<\/strong><\/a>y la <a href=\"https:\/\/www.woah.org\/en\/home\/\"><strong>Organizaci\u00f3n Mundial de Sanidad Animal<\/strong><\/a>) ha promovido Una Sola Salud para mejorar la preparaci\u00f3n en la prevenci\u00f3n, predicci\u00f3n, detecci\u00f3n y respuesta a las amenazas sanitarias mundiales, garantizando al mismo tiempo el desarrollo sostenible. En 2020, el Cuatripartito cre\u00f3 un Grupo de Expertos de Alto Nivel sobre Una Sola Salud (OHHLEP) para elaborar recomendaciones sobre la prevenci\u00f3n y la respuesta a futuras crisis sanitarias e informar a los ciudadanos sobre las cuestiones en juego (ver a la izquierda).   <\/p>\n\n<h3 class=\"wp-block-heading has-text-color has-link-color wp-elements-53d3c82a07164df9883f919d605b9d8d\" style=\"color:#2894bf\">La estrategia PREZODE encarna el enfoque \u00abUna sola salud<\/h3>\n\n<p>En l\u00ednea con los enfoques de Una Sola Salud, PREZODE desarrolla colaboraciones multidisciplinares, multisectoriales y multiactores, e implica a las comunidades en actividades de prevenci\u00f3n con base cient\u00edfica. La iniciativa PREZODE cumple esta perspectiva hol\u00edstica con una Agenda Estrat\u00e9gica que abarca el enfoque de Una Salud. La Agenda Estrat\u00e9gica se alinea con el <a href=\"https:\/\/www.who.int\/teams\/one-health-initiative\/quadripartite-secretariat-for-one-health\/one-health-joint-plan-of-action\"><strong>Plan de Acci\u00f3n Conjunto Una Salud<\/strong><\/a> (JPA OH), dise\u00f1ado por el Cuatripartito para crear soluciones sostenibles y hol\u00edsticas que permitan gestionar mejor las amenazas a la salud de las personas, los animales, las plantas y el medio ambiente, y prevenir posibles pandemias futuras. Esto permitir\u00e1 desarrollar estrategias para minimizar la exposici\u00f3n de las poblaciones humanas a los pat\u00f3genos zoon\u00f3ticos y, en \u00faltima instancia, fomentar la prevenci\u00f3n de las enfermedades zoon\u00f3ticas.   <\/p>\n\n<p>El PREZODE pretende aportar pruebas cient\u00edficas para apoyar tanto al OHHLEP como al Cuatripartito en la promoci\u00f3n y aplicaci\u00f3n de medidas para prevenir las amenazas pand\u00e9micas.<\/p>\n\n<p><\/p>\n\n<p><\/p>\n\n<p><\/p>\n","protected":false},"excerpt":{"rendered":"<p>La Salud \u00danica es un enfoque integrado y unificador que equilibra y optimiza de forma sostenible la salud humana, animal y de los ecosistemas. Aunque los temas que abarcan la salud, la alimentaci\u00f3n, el agua, la energ\u00eda y el medio ambiente son muy amplios, con preocupaciones sectoriales y especializadas, la colaboraci\u00f3n entre sectores y disciplinas<a href=\"https:\/\/prezode-initiative.org\/es\/una-sola-salud-un-enfoque-holistico\/\">Continue reading <span class=\"sr-only\">\u00abUna sola salud: un enfoque hol\u00edstico\u00bb<\/span><\/a><\/p>\n","protected":false},"author":2,"featured_media":0,"parent":0,"menu_order":0,"comment_status":"closed","ping_status":"closed","template":"template-pages\/article-page.php","meta":{"_acf_changed":false,"footnotes":""},"class_list":["post-4573","page","type-page","status-publish","hentry"],"acf":[],"yoast_head":"<!-- This site is optimized with the Yoast SEO plugin v27.6 - https:\/\/yoast.com\/product\/yoast-seo-wordpress\/ -->\n<title>Una sola salud: un enfoque hol\u00edstico - %<\/title>\n<meta name=\"robots\" content=\"index, follow, max-snippet:-1, max-image-preview:large, max-video-preview:-1\" \/>\n<link rel=\"canonical\" href=\"https:\/\/prezode-initiative.org\/es\/una-sola-salud-un-enfoque-holistico\/\" \/>\n<meta property=\"og:locale\" content=\"es_ES\" \/>\n<meta property=\"og:type\" content=\"article\" \/>\n<meta property=\"og:title\" content=\"Una sola salud: un enfoque hol\u00edstico - %\" \/>\n<meta property=\"og:description\" content=\"La Salud \u00danica es un enfoque integrado y unificador que equilibra y optimiza de forma sostenible la salud humana, animal y de los ecosistemas. Aunque los temas que abarcan la salud, la alimentaci\u00f3n, el agua, la energ\u00eda y el medio ambiente son muy amplios, con preocupaciones sectoriales y especializadas, la colaboraci\u00f3n entre sectores y disciplinasContinue reading &quot;Una sola salud: un enfoque hol\u00edstico&quot;\" \/>\n<meta property=\"og:url\" content=\"https:\/\/prezode-initiative.org\/es\/una-sola-salud-un-enfoque-holistico\/\" \/>\n<meta property=\"og:site_name\" content=\"Prezode\" \/>\n<meta property=\"article:modified_time\" content=\"2026-03-25T16:46:39+00:00\" \/>\n<meta name=\"twitter:card\" content=\"summary_large_image\" \/>\n<meta name=\"twitter:label1\" content=\"Tiempo de lectura\" \/>\n\t<meta name=\"twitter:data1\" content=\"2 minutos\" \/>\n<script type=\"application\/ld+json\" class=\"yoast-schema-graph\">{\"@context\":\"https:\\\/\\\/schema.org\",\"@graph\":[{\"@type\":\"WebPage\",\"@id\":\"https:\\\/\\\/prezode-initiative.org\\\/es\\\/una-sola-salud-un-enfoque-holistico\\\/\",\"url\":\"https:\\\/\\\/prezode-initiative.org\\\/es\\\/una-sola-salud-un-enfoque-holistico\\\/\",\"name\":\"Una sola salud: un enfoque hol\u00edstico - %\",\"isPartOf\":{\"@id\":\"https:\\\/\\\/prezode-initiative.org\\\/es\\\/#website\"},\"datePublished\":\"2025-03-19T12:56:54+00:00\",\"dateModified\":\"2026-03-25T16:46:39+00:00\",\"breadcrumb\":{\"@id\":\"https:\\\/\\\/prezode-initiative.org\\\/es\\\/una-sola-salud-un-enfoque-holistico\\\/#breadcrumb\"},\"inLanguage\":\"es\",\"potentialAction\":[{\"@type\":\"ReadAction\",\"target\":[\"https:\\\/\\\/prezode-initiative.org\\\/es\\\/una-sola-salud-un-enfoque-holistico\\\/\"]}]},{\"@type\":\"BreadcrumbList\",\"@id\":\"https:\\\/\\\/prezode-initiative.org\\\/es\\\/una-sola-salud-un-enfoque-holistico\\\/#breadcrumb\",\"itemListElement\":[{\"@type\":\"ListItem\",\"position\":1,\"name\":\"Home\",\"item\":\"https:\\\/\\\/prezode-initiative.org\\\/es\\\/\"},{\"@type\":\"ListItem\",\"position\":2,\"name\":\"Una sola salud: un enfoque hol\u00edstico\"}]},{\"@type\":\"WebSite\",\"@id\":\"https:\\\/\\\/prezode-initiative.org\\\/es\\\/#website\",\"url\":\"https:\\\/\\\/prezode-initiative.org\\\/es\\\/\",\"name\":\"Prezode\",\"description\":\"\",\"publisher\":{\"@id\":\"https:\\\/\\\/prezode-initiative.org\\\/es\\\/#organization\"},\"potentialAction\":[{\"@type\":\"SearchAction\",\"target\":{\"@type\":\"EntryPoint\",\"urlTemplate\":\"https:\\\/\\\/prezode-initiative.org\\\/es\\\/?s={search_term_string}\"},\"query-input\":{\"@type\":\"PropertyValueSpecification\",\"valueRequired\":true,\"valueName\":\"search_term_string\"}}],\"inLanguage\":\"es\"},{\"@type\":\"Organization\",\"@id\":\"https:\\\/\\\/prezode-initiative.org\\\/es\\\/#organization\",\"name\":\"Prezode\",\"url\":\"https:\\\/\\\/prezode-initiative.org\\\/es\\\/\",\"logo\":{\"@type\":\"ImageObject\",\"inLanguage\":\"es\",\"@id\":\"https:\\\/\\\/prezode-initiative.org\\\/es\\\/#\\\/schema\\\/logo\\\/image\\\/\",\"url\":\"https:\\\/\\\/prezode-initiative.org\\\/wp-content\\\/uploads\\\/2025\\\/02\\\/logo.png\",\"contentUrl\":\"https:\\\/\\\/prezode-initiative.org\\\/wp-content\\\/uploads\\\/2025\\\/02\\\/logo.png\",\"width\":168,\"height\":118,\"caption\":\"Prezode\"},\"image\":{\"@id\":\"https:\\\/\\\/prezode-initiative.org\\\/es\\\/#\\\/schema\\\/logo\\\/image\\\/\"}}]}<\/script>\n<!-- \/ Yoast SEO plugin. -->","yoast_head_json":{"title":"Una sola salud: un enfoque hol\u00edstico - %","robots":{"index":"index","follow":"follow","max-snippet":"max-snippet:-1","max-image-preview":"max-image-preview:large","max-video-preview":"max-video-preview:-1"},"canonical":"https:\/\/prezode-initiative.org\/es\/una-sola-salud-un-enfoque-holistico\/","og_locale":"es_ES","og_type":"article","og_title":"Una sola salud: un enfoque hol\u00edstico - %","og_description":"La Salud \u00danica es un enfoque integrado y unificador que equilibra y optimiza de forma sostenible la salud humana, animal y de los ecosistemas. Aunque los temas que abarcan la salud, la alimentaci\u00f3n, el agua, la energ\u00eda y el medio ambiente son muy amplios, con preocupaciones sectoriales y especializadas, la colaboraci\u00f3n entre sectores y disciplinasContinue reading \"Una sola salud: un enfoque hol\u00edstico\"","og_url":"https:\/\/prezode-initiative.org\/es\/una-sola-salud-un-enfoque-holistico\/","og_site_name":"Prezode","article_modified_time":"2026-03-25T16:46:39+00:00","twitter_card":"summary_large_image","twitter_misc":{"Tiempo de lectura":"2 minutos"},"schema":{"@context":"https:\/\/schema.org","@graph":[{"@type":"WebPage","@id":"https:\/\/prezode-initiative.org\/es\/una-sola-salud-un-enfoque-holistico\/","url":"https:\/\/prezode-initiative.org\/es\/una-sola-salud-un-enfoque-holistico\/","name":"Una sola salud: un enfoque hol\u00edstico - %","isPartOf":{"@id":"https:\/\/prezode-initiative.org\/es\/#website"},"datePublished":"2025-03-19T12:56:54+00:00","dateModified":"2026-03-25T16:46:39+00:00","breadcrumb":{"@id":"https:\/\/prezode-initiative.org\/es\/una-sola-salud-un-enfoque-holistico\/#breadcrumb"},"inLanguage":"es","potentialAction":[{"@type":"ReadAction","target":["https:\/\/prezode-initiative.org\/es\/una-sola-salud-un-enfoque-holistico\/"]}]},{"@type":"BreadcrumbList","@id":"https:\/\/prezode-initiative.org\/es\/una-sola-salud-un-enfoque-holistico\/#breadcrumb","itemListElement":[{"@type":"ListItem","position":1,"name":"Home","item":"https:\/\/prezode-initiative.org\/es\/"},{"@type":"ListItem","position":2,"name":"Una sola salud: un enfoque hol\u00edstico"}]},{"@type":"WebSite","@id":"https:\/\/prezode-initiative.org\/es\/#website","url":"https:\/\/prezode-initiative.org\/es\/","name":"Prezode","description":"","publisher":{"@id":"https:\/\/prezode-initiative.org\/es\/#organization"},"potentialAction":[{"@type":"SearchAction","target":{"@type":"EntryPoint","urlTemplate":"https:\/\/prezode-initiative.org\/es\/?s={search_term_string}"},"query-input":{"@type":"PropertyValueSpecification","valueRequired":true,"valueName":"search_term_string"}}],"inLanguage":"es"},{"@type":"Organization","@id":"https:\/\/prezode-initiative.org\/es\/#organization","name":"Prezode","url":"https:\/\/prezode-initiative.org\/es\/","logo":{"@type":"ImageObject","inLanguage":"es","@id":"https:\/\/prezode-initiative.org\/es\/#\/schema\/logo\/image\/","url":"https:\/\/prezode-initiative.org\/wp-content\/uploads\/2025\/02\/logo.png","contentUrl":"https:\/\/prezode-initiative.org\/wp-content\/uploads\/2025\/02\/logo.png","width":168,"height":118,"caption":"Prezode"},"image":{"@id":"https:\/\/prezode-initiative.org\/es\/#\/schema\/logo\/image\/"}}]}},"_links":{"self":[{"href":"https:\/\/prezode-initiative.org\/es\/wp-json\/wp\/v2\/pages\/4573","targetHints":{"allow":["GET"]}}],"collection":[{"href":"https:\/\/prezode-initiative.org\/es\/wp-json\/wp\/v2\/pages"}],"about":[{"href":"https:\/\/prezode-initiative.org\/es\/wp-json\/wp\/v2\/types\/page"}],"author":[{"embeddable":true,"href":"https:\/\/prezode-initiative.org\/es\/wp-json\/wp\/v2\/users\/2"}],"replies":[{"embeddable":true,"href":"https:\/\/prezode-initiative.org\/es\/wp-json\/wp\/v2\/comments?post=4573"}],"version-history":[{"count":2,"href":"https:\/\/prezode-initiative.org\/es\/wp-json\/wp\/v2\/pages\/4573\/revisions"}],"predecessor-version":[{"id":4576,"href":"https:\/\/prezode-initiative.org\/es\/wp-json\/wp\/v2\/pages\/4573\/revisions\/4576"}],"wp:attachment":[{"href":"https:\/\/prezode-initiative.org\/es\/wp-json\/wp\/v2\/media?parent=4573"}],"curies":[{"name":"wp","href":"https:\/\/api.w.org\/{rel}","templated":true}]}}