{"id":4567,"date":"2025-03-13T11:44:54","date_gmt":"2025-03-13T10:44:54","guid":{"rendered":"https:\/\/prezode-initiative.org\/el-prezode-pepr\/"},"modified":"2026-03-26T10:52:01","modified_gmt":"2026-03-26T09:52:01","slug":"el-prezode-pepr","status":"publish","type":"page","link":"https:\/\/prezode-initiative.org\/es\/el-prezode-pepr\/","title":{"rendered":"El PREZODE PEPR"},"content":{"rendered":"\n<h2 class=\"wp-block-heading\">El acr\u00f3nimo franc\u00e9s \u00abPEPR\u00bb significa \u00abProgramme et \u00c9quipements Prioritaire de Recherche\u00bb (Programa y Equipamiento Prioritarios de Investigaci\u00f3n).<\/h2>\n\n<p><\/p>\n\n<p>Este programa, financiado por el gobierno franc\u00e9s para apoyar la investigaci\u00f3n acad\u00e9mica innovadora en Francia<a href=\"https:\/\/anr.fr\/fr\/france-2030\/programmes-et-equipements-prioritaires-de-recherche-pepr\/\" target=\"_blank\" rel=\"noreferrer noopener\">(programa Francia 2030<\/a>), se centra en los pat\u00f3genos zoon\u00f3ticos emergentes o reemergentes<strong> <\/strong>con potencial pand\u00e9mico y que constituyen una amenaza potencial para Europa y los territorios franceses.<\/p>\n\n<p>El PEPR lanz\u00f3 su primera convocatoria de investigaci\u00f3n competitiva en 2023, centrada en \u00ab<a href=\"https:\/\/anr.fr\/en\/france-2030\/call-for-proposals-details\/call\/2849b92d5d60067071db33acd051f71a\/\" target=\"_blank\" rel=\"noreferrer noopener\">Cambios globales, pr\u00e1cticas humanas y aparici\u00f3n de enfermedades zoon\u00f3ticas<\/a>\u00ab. En 2024, se seleccionaron cuatro proyectos, que se presentaron el 30 de septiembre.  Su objetivo es explorar las conexiones entre las actividades humanas, los cambios globales y la aparici\u00f3n de enfermedades zoon\u00f3ticas, centr\u00e1ndose en tres \u00e1reas principales:  <\/p>\n\n<ul class=\"wp-block-list\">\n<li>1. el papel de los hospedadores, reservorios y vectores en la din\u00e1mica y transmisi\u00f3n de los pat\u00f3genos;  <\/li>\n\n\n\n<li>2. los factores sociol\u00f3gicos, econ\u00f3micos y medioambientales en la interfaz hombre\/animal\/medio ambiente;  <\/li>\n\n\n\n<li>3. y los efectos en cascada de las actividades humanas y los cambios globales sobre los riesgos de aparici\u00f3n de enfermedades zoon\u00f3ticas.<\/li>\n<\/ul>\n\n<p><br\/>En abril de 2024, se lanz\u00f3 una <a href=\"https:\/\/anr.fr\/fr\/france-2030\/france2030\/call\/pepr-prezode-appel-a-projets-surveillance-epidemiologique-des-zoonoses-et-systemes-dalerte-preco\/\" target=\"_blank\" rel=\"noreferrer noopener\">segunda convocatoria <\/a>de proyectos para mejorar los sistemas de vigilancia y alerta temprana de zoonosis. Las principales \u00e1reas de inter\u00e9s incluyen la detecci\u00f3n precoz de zoonosis emergentes, el compromiso y la colaboraci\u00f3n entre las partes interesadas, y la mejora del di\u00e1logo entre la ciencia, la sociedad y las pol\u00edticas p\u00fablicas. Ya ha concluido la evaluaci\u00f3n de los proyectos y en breve se anunciar\u00e1n los proyectos que recibir\u00e1n subvenciones.  <\/p>\n\n<p>En septiembre de 2024 se anunci\u00f3 una <a href=\"https:\/\/anr.fr\/fr\/detail\/call\/pepr-prezode-appel-a-projets-strategie-de-reduction-du-risque-demergence-de-zoonoses-2024\/\" target=\"_blank\" rel=\"noreferrer noopener\">tercera convocatoria<\/a>, en la que se invitaba a presentar propuestas destinadas a reducir el riesgo de aparici\u00f3n de enfermedades zoon\u00f3ticas. Esta convocatoria, que se cerr\u00f3 el 28 de enero de 2025, se centra en la identificaci\u00f3n de factores de riesgo y resiliencia para las estrategias de prevenci\u00f3n, el codesarrollo y la evaluaci\u00f3n de estrategias de prevenci\u00f3n de zoonosis, y la comprensi\u00f3n de los factores socioculturales que afectan a la eficacia y la aceptabilidad de la prevenci\u00f3n. Actualmente se est\u00e1n evaluando los proyectos.  <\/p>\n\n<p>La subvenci\u00f3n para este paquete de trabajo es de 25 millones de euros.<\/p>\n\n<p><\/p>\n","protected":false},"excerpt":{"rendered":"<p>El acr\u00f3nimo franc\u00e9s \u00abPEPR\u00bb significa \u00abProgramme et \u00c9quipements Prioritaire de Recherche\u00bb (Programa y Equipamiento Prioritarios de Investigaci\u00f3n). Este programa, financiado por el gobierno franc\u00e9s para apoyar la investigaci\u00f3n acad\u00e9mica innovadora en Francia(programa Francia 2030), se centra en los pat\u00f3genos zoon\u00f3ticos emergentes o reemergentes con potencial pand\u00e9mico y que constituyen una amenaza potencial para Europa y<a href=\"https:\/\/prezode-initiative.org\/es\/el-prezode-pepr\/\">Continue reading <span class=\"sr-only\">\u00abEl PREZODE PEPR\u00bb<\/span><\/a><\/p>\n","protected":false},"author":1,"featured_media":0,"parent":0,"menu_order":0,"comment_status":"closed","ping_status":"closed","template":"template-pages\/article-page.php","meta":{"_acf_changed":false,"footnotes":""},"class_list":["post-4567","page","type-page","status-publish","hentry"],"acf":[],"yoast_head":"<!-- This site is optimized with the Yoast SEO plugin v27.6 - https:\/\/yoast.com\/product\/yoast-seo-wordpress\/ -->\n<title>El PREZODE PEPR - %<\/title>\n<meta name=\"description\" content=\"Este programa, financiado por el gobierno franc\u00e9s para apoyar la investigaci\u00f3n acad\u00e9mica innovadora en Francia (programa Francia 2030), se centra en los pat\u00f3genos zoon\u00f3ticos emergentes o reemergentes con potencial pand\u00e9mico y que constituyen una amenaza potencial para Europa y los territorios franceses.\" \/>\n<meta name=\"robots\" content=\"index, follow, max-snippet:-1, max-image-preview:large, max-video-preview:-1\" \/>\n<link rel=\"canonical\" href=\"https:\/\/prezode-initiative.org\/es\/el-prezode-pepr\/\" \/>\n<meta property=\"og:locale\" content=\"es_ES\" \/>\n<meta property=\"og:type\" content=\"article\" \/>\n<meta property=\"og:title\" content=\"El PREZODE PEPR - %\" \/>\n<meta property=\"og:description\" content=\"Este programa, financiado por el gobierno franc\u00e9s para apoyar la investigaci\u00f3n acad\u00e9mica innovadora en Francia (programa Francia 2030), se centra en los pat\u00f3genos zoon\u00f3ticos emergentes o reemergentes con potencial pand\u00e9mico y que constituyen una amenaza potencial para Europa y los territorios franceses.\" \/>\n<meta property=\"og:url\" content=\"https:\/\/prezode-initiative.org\/es\/el-prezode-pepr\/\" \/>\n<meta property=\"og:site_name\" content=\"Prezode\" \/>\n<meta property=\"article:modified_time\" content=\"2026-03-26T09:52:01+00:00\" \/>\n<meta name=\"twitter:card\" content=\"summary_large_image\" \/>\n<meta name=\"twitter:label1\" content=\"Tiempo de lectura\" \/>\n\t<meta name=\"twitter:data1\" content=\"2 minutos\" \/>\n<script type=\"application\/ld+json\" class=\"yoast-schema-graph\">{\"@context\":\"https:\\\/\\\/schema.org\",\"@graph\":[{\"@type\":\"WebPage\",\"@id\":\"https:\\\/\\\/prezode-initiative.org\\\/es\\\/el-prezode-pepr\\\/\",\"url\":\"https:\\\/\\\/prezode-initiative.org\\\/es\\\/el-prezode-pepr\\\/\",\"name\":\"El PREZODE PEPR - %\",\"isPartOf\":{\"@id\":\"https:\\\/\\\/prezode-initiative.org\\\/es\\\/#website\"},\"datePublished\":\"2025-03-13T10:44:54+00:00\",\"dateModified\":\"2026-03-26T09:52:01+00:00\",\"description\":\"Este programa, financiado por el gobierno franc\u00e9s para apoyar la investigaci\u00f3n acad\u00e9mica innovadora en Francia (programa Francia 2030), se centra en los pat\u00f3genos zoon\u00f3ticos emergentes o reemergentes con potencial pand\u00e9mico y que constituyen una amenaza potencial para Europa y los territorios franceses.\",\"breadcrumb\":{\"@id\":\"https:\\\/\\\/prezode-initiative.org\\\/es\\\/el-prezode-pepr\\\/#breadcrumb\"},\"inLanguage\":\"es\",\"potentialAction\":[{\"@type\":\"ReadAction\",\"target\":[\"https:\\\/\\\/prezode-initiative.org\\\/es\\\/el-prezode-pepr\\\/\"]}]},{\"@type\":\"BreadcrumbList\",\"@id\":\"https:\\\/\\\/prezode-initiative.org\\\/es\\\/el-prezode-pepr\\\/#breadcrumb\",\"itemListElement\":[{\"@type\":\"ListItem\",\"position\":1,\"name\":\"Home\",\"item\":\"https:\\\/\\\/prezode-initiative.org\\\/es\\\/\"},{\"@type\":\"ListItem\",\"position\":2,\"name\":\"El PREZODE PEPR\"}]},{\"@type\":\"WebSite\",\"@id\":\"https:\\\/\\\/prezode-initiative.org\\\/es\\\/#website\",\"url\":\"https:\\\/\\\/prezode-initiative.org\\\/es\\\/\",\"name\":\"Prezode\",\"description\":\"\",\"publisher\":{\"@id\":\"https:\\\/\\\/prezode-initiative.org\\\/es\\\/#organization\"},\"potentialAction\":[{\"@type\":\"SearchAction\",\"target\":{\"@type\":\"EntryPoint\",\"urlTemplate\":\"https:\\\/\\\/prezode-initiative.org\\\/es\\\/?s={search_term_string}\"},\"query-input\":{\"@type\":\"PropertyValueSpecification\",\"valueRequired\":true,\"valueName\":\"search_term_string\"}}],\"inLanguage\":\"es\"},{\"@type\":\"Organization\",\"@id\":\"https:\\\/\\\/prezode-initiative.org\\\/es\\\/#organization\",\"name\":\"Prezode\",\"url\":\"https:\\\/\\\/prezode-initiative.org\\\/es\\\/\",\"logo\":{\"@type\":\"ImageObject\",\"inLanguage\":\"es\",\"@id\":\"https:\\\/\\\/prezode-initiative.org\\\/es\\\/#\\\/schema\\\/logo\\\/image\\\/\",\"url\":\"https:\\\/\\\/prezode-initiative.org\\\/wp-content\\\/uploads\\\/2025\\\/02\\\/logo.png\",\"contentUrl\":\"https:\\\/\\\/prezode-initiative.org\\\/wp-content\\\/uploads\\\/2025\\\/02\\\/logo.png\",\"width\":168,\"height\":118,\"caption\":\"Prezode\"},\"image\":{\"@id\":\"https:\\\/\\\/prezode-initiative.org\\\/es\\\/#\\\/schema\\\/logo\\\/image\\\/\"}}]}<\/script>\n<!-- \/ Yoast SEO plugin. -->","yoast_head_json":{"title":"El PREZODE PEPR - %","description":"Este programa, financiado por el gobierno franc\u00e9s para apoyar la investigaci\u00f3n acad\u00e9mica innovadora en Francia (programa Francia 2030), se centra en los pat\u00f3genos zoon\u00f3ticos emergentes o reemergentes con potencial pand\u00e9mico y que constituyen una amenaza potencial para Europa y los territorios franceses.","robots":{"index":"index","follow":"follow","max-snippet":"max-snippet:-1","max-image-preview":"max-image-preview:large","max-video-preview":"max-video-preview:-1"},"canonical":"https:\/\/prezode-initiative.org\/es\/el-prezode-pepr\/","og_locale":"es_ES","og_type":"article","og_title":"El PREZODE PEPR - %","og_description":"Este programa, financiado por el gobierno franc\u00e9s para apoyar la investigaci\u00f3n acad\u00e9mica innovadora en Francia (programa Francia 2030), se centra en los pat\u00f3genos zoon\u00f3ticos emergentes o reemergentes con potencial pand\u00e9mico y que constituyen una amenaza potencial para Europa y los territorios franceses.","og_url":"https:\/\/prezode-initiative.org\/es\/el-prezode-pepr\/","og_site_name":"Prezode","article_modified_time":"2026-03-26T09:52:01+00:00","twitter_card":"summary_large_image","twitter_misc":{"Tiempo de lectura":"2 minutos"},"schema":{"@context":"https:\/\/schema.org","@graph":[{"@type":"WebPage","@id":"https:\/\/prezode-initiative.org\/es\/el-prezode-pepr\/","url":"https:\/\/prezode-initiative.org\/es\/el-prezode-pepr\/","name":"El PREZODE PEPR - %","isPartOf":{"@id":"https:\/\/prezode-initiative.org\/es\/#website"},"datePublished":"2025-03-13T10:44:54+00:00","dateModified":"2026-03-26T09:52:01+00:00","description":"Este programa, financiado por el gobierno franc\u00e9s para apoyar la investigaci\u00f3n acad\u00e9mica innovadora en Francia (programa Francia 2030), se centra en los pat\u00f3genos zoon\u00f3ticos emergentes o reemergentes con potencial pand\u00e9mico y que constituyen una amenaza potencial para Europa y los territorios franceses.","breadcrumb":{"@id":"https:\/\/prezode-initiative.org\/es\/el-prezode-pepr\/#breadcrumb"},"inLanguage":"es","potentialAction":[{"@type":"ReadAction","target":["https:\/\/prezode-initiative.org\/es\/el-prezode-pepr\/"]}]},{"@type":"BreadcrumbList","@id":"https:\/\/prezode-initiative.org\/es\/el-prezode-pepr\/#breadcrumb","itemListElement":[{"@type":"ListItem","position":1,"name":"Home","item":"https:\/\/prezode-initiative.org\/es\/"},{"@type":"ListItem","position":2,"name":"El PREZODE PEPR"}]},{"@type":"WebSite","@id":"https:\/\/prezode-initiative.org\/es\/#website","url":"https:\/\/prezode-initiative.org\/es\/","name":"Prezode","description":"","publisher":{"@id":"https:\/\/prezode-initiative.org\/es\/#organization"},"potentialAction":[{"@type":"SearchAction","target":{"@type":"EntryPoint","urlTemplate":"https:\/\/prezode-initiative.org\/es\/?s={search_term_string}"},"query-input":{"@type":"PropertyValueSpecification","valueRequired":true,"valueName":"search_term_string"}}],"inLanguage":"es"},{"@type":"Organization","@id":"https:\/\/prezode-initiative.org\/es\/#organization","name":"Prezode","url":"https:\/\/prezode-initiative.org\/es\/","logo":{"@type":"ImageObject","inLanguage":"es","@id":"https:\/\/prezode-initiative.org\/es\/#\/schema\/logo\/image\/","url":"https:\/\/prezode-initiative.org\/wp-content\/uploads\/2025\/02\/logo.png","contentUrl":"https:\/\/prezode-initiative.org\/wp-content\/uploads\/2025\/02\/logo.png","width":168,"height":118,"caption":"Prezode"},"image":{"@id":"https:\/\/prezode-initiative.org\/es\/#\/schema\/logo\/image\/"}}]}},"_links":{"self":[{"href":"https:\/\/prezode-initiative.org\/es\/wp-json\/wp\/v2\/pages\/4567","targetHints":{"allow":["GET"]}}],"collection":[{"href":"https:\/\/prezode-initiative.org\/es\/wp-json\/wp\/v2\/pages"}],"about":[{"href":"https:\/\/prezode-initiative.org\/es\/wp-json\/wp\/v2\/types\/page"}],"author":[{"embeddable":true,"href":"https:\/\/prezode-initiative.org\/es\/wp-json\/wp\/v2\/users\/1"}],"replies":[{"embeddable":true,"href":"https:\/\/prezode-initiative.org\/es\/wp-json\/wp\/v2\/comments?post=4567"}],"version-history":[{"count":2,"href":"https:\/\/prezode-initiative.org\/es\/wp-json\/wp\/v2\/pages\/4567\/revisions"}],"predecessor-version":[{"id":4572,"href":"https:\/\/prezode-initiative.org\/es\/wp-json\/wp\/v2\/pages\/4567\/revisions\/4572"}],"wp:attachment":[{"href":"https:\/\/prezode-initiative.org\/es\/wp-json\/wp\/v2\/media?parent=4567"}],"curies":[{"name":"wp","href":"https:\/\/api.w.org\/{rel}","templated":true}]}}