{"id":4555,"date":"2025-03-13T11:44:40","date_gmt":"2025-03-13T10:44:40","guid":{"rendered":"https:\/\/prezode-initiative.org\/prezode-en-accion-en-el-sur-global\/"},"modified":"2026-03-26T10:51:48","modified_gmt":"2026-03-26T09:51:48","slug":"prezode-en-accion-en-el-sur-global","status":"publish","type":"page","link":"https:\/\/prezode-initiative.org\/es\/prezode-en-accion-en-el-sur-global\/","title":{"rendered":"PREZODE en acci\u00f3n en el Sur Global"},"content":{"rendered":"\n<p><\/p>\n\n<h2 class=\"wp-block-heading\">PREACTS (PREZODE en acci\u00f3n en el Sur global) es el primer programa operativo internacional realizado bajo el paraguas de PREZODE<strong>.<\/strong><\/h2>\n\n<p>PREACTS se centra en prevenir brotes y frenar la propagaci\u00f3n de enfermedades zoon\u00f3ticas en la interfaz hombre-animal-medio ambiente. Emplea soluciones basadas en la naturaleza y enfoques espec\u00edficos para cada contexto que abordan las repercusiones sociales y econ\u00f3micas. En \u00faltima instancia, el objetivo es aumentar la resiliencia de los socioecosistemas frente a la aparici\u00f3n de enfermedades zoon\u00f3ticas, reforzando al mismo tiempo los sistemas de vigilancia en la interfaz animal-humano.  <\/p>\n\n<p>Este programa, financiado por la Agencia Francesa de Desarrollo<a href=\"https:\/\/www.afd.fr\/en\" target=\"_blank\" rel=\"noreferrer noopener\">(AFD<\/a>) con un presupuesto de 30 millones de euros, consta de tres proyectos: AFRICAM (2023-2026), ASAMCO (2024-2028) y ASEACA (2025-2029, en proceso de codise\u00f1o). Estos proyectos se establecen en pa\u00edses seleccionados (entre los pa\u00edses miembros de PREZODE) y en regiones identificadas como focos epid\u00e9micos, proporcionando un panorama diverso para el enfoque \u00abUna sola salud\u00bb de PREACTS. <\/p>\n\n<div class=\"wp-block-media-text is-stacked-on-mobile\" style=\"grid-template-columns:20% auto\"><figure class=\"wp-block-media-text__media\"><img loading=\"lazy\" decoding=\"async\" width=\"1024\" height=\"703\" src=\"https:\/\/prezode-initiative.org\/wp-content\/uploads\/2025\/04\/LOGO-AFRICAM-PREACTS-CMNJ-e1743607433605-1024x703.png\" alt=\"Logo AFRICAM\" class=\"wp-image-1191 size-full\" srcset=\"https:\/\/prezode-initiative.org\/wp-content\/uploads\/2025\/04\/LOGO-AFRICAM-PREACTS-CMNJ-e1743607433605-1024x703.png 1024w, https:\/\/prezode-initiative.org\/wp-content\/uploads\/2025\/04\/LOGO-AFRICAM-PREACTS-CMNJ-e1743607433605-300x206.png 300w, https:\/\/prezode-initiative.org\/wp-content\/uploads\/2025\/04\/LOGO-AFRICAM-PREACTS-CMNJ-e1743607433605-768x527.png 768w, https:\/\/prezode-initiative.org\/wp-content\/uploads\/2025\/04\/LOGO-AFRICAM-PREACTS-CMNJ-e1743607433605.png 1370w\" sizes=\"auto, (max-width: 1024px) 100vw, 1024px\" \/><\/figure><div class=\"wp-block-media-text__content\">\n<h2 class=\"wp-block-heading\">AfriCam<\/h2>\n\n\n\n<p>Lanzado en 2023, el proyecto <a href=\"https:\/\/www.preacts.org\/africam\" target=\"_blank\" rel=\"noreferrer noopener\">AfriCam<\/a> se est\u00e1 ejecutando actualmente en Camboya, Camer\u00fan, Guinea, Madagascar y Senegal, y ha entrado en una fase crucial de desarrollo. En 2024, se iniciaron las actividades sobre el terreno en cada pa\u00eds, haciendo especial hincapi\u00e9 en las asociaciones intersectoriales y en las frecuentes reuniones de coordinaci\u00f3n para facilitar el intercambio de conocimientos y la sinergia entre todos los participantes. Los progresos realizados hasta la fecha incluyen la formaci\u00f3n (talleres de formaci\u00f3n para estudiantes de doctorado y m\u00e1ster), una importante recogida de datos (muestreo de animales salvajes y dom\u00e9sticos, encuestas epidemiol\u00f3gicas y encuestas sobre conocimientos, actitudes y pr\u00e1cticas), talleres codise\u00f1ados sobre sistemas de vigilancia integrados, una mayor comprensi\u00f3n e integraci\u00f3n de las perspectivas de g\u00e9nero y la aplicaci\u00f3n preliminar de mecanismos de prevenci\u00f3n. Los gobiernos locales y nacionales participan activamente para garantizar la sostenibilidad y el impacto a largo plazo de las actividades de AfriCam. El proyecto tiene previsto ampliar estas actividades, potenciar las sinergias regionales m\u00e1s all\u00e1 de los pa\u00edses individuales e impulsar la colaboraci\u00f3n global mediante asociaciones con ASAMCO.    <\/p>\n<\/div><\/div>\n\n<div class=\"wp-block-media-text is-stacked-on-mobile\" style=\"grid-template-columns:20% auto\"><figure class=\"wp-block-media-text__media\"><img loading=\"lazy\" decoding=\"async\" width=\"1024\" height=\"730\" src=\"https:\/\/prezode-initiative.org\/wp-content\/uploads\/2025\/04\/logo_ASAMCO-e1743607444987-1024x730.png\" alt=\"Logo ASAMCO\" class=\"wp-image-1195 size-full\" srcset=\"https:\/\/prezode-initiative.org\/wp-content\/uploads\/2025\/04\/logo_ASAMCO-e1743607444987-1024x730.png 1024w, https:\/\/prezode-initiative.org\/wp-content\/uploads\/2025\/04\/logo_ASAMCO-e1743607444987-300x214.png 300w, https:\/\/prezode-initiative.org\/wp-content\/uploads\/2025\/04\/logo_ASAMCO-e1743607444987-768x548.png 768w, https:\/\/prezode-initiative.org\/wp-content\/uploads\/2025\/04\/logo_ASAMCO-e1743607444987-1536x1096.png 1536w, https:\/\/prezode-initiative.org\/wp-content\/uploads\/2025\/04\/logo_ASAMCO-e1743607444987.png 1720w\" sizes=\"auto, (max-width: 1024px) 100vw, 1024px\" \/><\/figure><div class=\"wp-block-media-text__content\">\n<h2 class=\"wp-block-heading\">ASAMCO<\/h2>\n\n\n\n<p>El proyecto PREACTS-ASAMCO comenz\u00f3 oficialmente el 28 de agosto de 2024. Caracterizado por su enfoque regional, <a href=\"https:\/\/www.preacts.org\/asamco\" target=\"_blank\" rel=\"noreferrer noopener\">ASAMCO<\/a> abarca Am\u00e9rica Central (M\u00e9xico, Costa Rica y Hait\u00ed), \u00c1frica (Rep\u00fablica Democr\u00e1tica del Congo) y Asia (Laos y Tailandia). Las actividades del proyecto se han puesto en marcha oficialmente en cada regi\u00f3n. La reuni\u00f3n de lanzamiento de la regi\u00f3n de Am\u00e9rica Central tuvo lugar el 14 de octubre de 2024 en M\u00e9rida, M\u00e9xico. Para Asia, la reuni\u00f3n tuvo lugar en Bangkok, Tailandia, los d\u00edas 12 y 13 de diciembre.     El lanzamiento en la RDC est\u00e1 previsto para 2025.  <\/p>\n<\/div><\/div>\n\n<div class=\"wp-block-media-text is-stacked-on-mobile\" style=\"grid-template-columns:22% auto\"><figure class=\"wp-block-media-text__media\"><\/figure><div class=\"wp-block-media-text__content\">\n<h2 class=\"wp-block-heading\">ASEACA<\/h2>\n\n\n\n<p><a href=\"https:\/\/www.preacts.org\/aseaca\" target=\"_blank\" rel=\"noreferrer noopener\">ASEACA<\/a>, el tercer proyecto, se encuentra actualmente en proceso de codise\u00f1o. Apoyar\u00e1 tanto a nivel regional como nacional: la regi\u00f3n de \u00c1frica Meridional y Oriental (Tanzania, Mozambique y Zimbabue); la regi\u00f3n del Sudeste Asi\u00e1tico (Filipinas y Vietnam) y la regi\u00f3n del Caribe para aplicar y\/o reforzar las estrategias y pol\u00edticas nacionales en la interfaz de la salud humana, animal y medioambiental. <\/p>\n<\/div><\/div>\n\n<p><\/p>\n\n<div class=\"wp-block-buttons is-layout-flex wp-block-buttons-is-layout-flex\">\n<div class=\"wp-block-button\"><a class=\"wp-block-button__link has-background-color has-pz-orange-background-color has-text-color has-background has-link-color wp-element-button\" href=\"https:\/\/www.preacts.org\/about-preacts\" target=\"_blank\" rel=\"noreferrer noopener\">  Visita el sitio web de PREACTS para obtener m\u00e1s informaci\u00f3n sobre el programa  <\/a><\/div>\n<\/div>\n\n<p><\/p>\n","protected":false},"excerpt":{"rendered":"<p>PREACTS (PREZODE en acci\u00f3n en el Sur global) es el primer programa operativo internacional realizado bajo el paraguas de PREZODE. PREACTS se centra en prevenir brotes y frenar la propagaci\u00f3n de enfermedades zoon\u00f3ticas en la interfaz hombre-animal-medio ambiente. Emplea soluciones basadas en la naturaleza y enfoques espec\u00edficos para cada contexto que abordan las repercusiones sociales<a href=\"https:\/\/prezode-initiative.org\/es\/prezode-en-accion-en-el-sur-global\/\">Continue reading <span class=\"sr-only\">\u00abPREZODE en acci\u00f3n en el Sur Global\u00bb<\/span><\/a><\/p>\n","protected":false},"author":1,"featured_media":0,"parent":0,"menu_order":0,"comment_status":"closed","ping_status":"closed","template":"template-pages\/article-page.php","meta":{"_acf_changed":false,"footnotes":""},"class_list":["post-4555","page","type-page","status-publish","hentry"],"acf":[],"yoast_head":"<!-- This site is optimized with the Yoast SEO plugin v27.6 - https:\/\/yoast.com\/product\/yoast-seo-wordpress\/ -->\n<title>PREZODE en acci\u00f3n en el Sur Global - %<\/title>\n<meta name=\"description\" content=\"PREACTS es el primer programa operativo internacional realizado en el marco de PREZODE. Este programa, financiado por la Agencia Francesa de Desarrollo (AFD) con un total de 30 millones de euros, incluye tres proyectos: AFRICAM (2023-2026), ASAMCO (2024-2028) y ASEACA (2025-2029, en proceso de codise\u00f1o).\" \/>\n<meta name=\"robots\" content=\"index, follow, max-snippet:-1, max-image-preview:large, max-video-preview:-1\" \/>\n<link rel=\"canonical\" href=\"https:\/\/prezode-initiative.org\/es\/prezode-en-accion-en-el-sur-global\/\" \/>\n<meta property=\"og:locale\" content=\"es_ES\" \/>\n<meta property=\"og:type\" content=\"article\" \/>\n<meta property=\"og:title\" content=\"PREZODE en acci\u00f3n en el Sur Global - %\" \/>\n<meta property=\"og:description\" content=\"PREACTS es el primer programa operativo internacional realizado en el marco de PREZODE. Este programa, financiado por la Agencia Francesa de Desarrollo (AFD) con un total de 30 millones de euros, incluye tres proyectos: AFRICAM (2023-2026), ASAMCO (2024-2028) y ASEACA (2025-2029, en proceso de codise\u00f1o).\" \/>\n<meta property=\"og:url\" content=\"https:\/\/prezode-initiative.org\/es\/prezode-en-accion-en-el-sur-global\/\" \/>\n<meta property=\"og:site_name\" content=\"Prezode\" \/>\n<meta property=\"article:modified_time\" content=\"2026-03-26T09:51:48+00:00\" \/>\n<meta property=\"og:image\" content=\"https:\/\/prezode-initiative.org\/wp-content\/uploads\/2025\/04\/LOGO-AFRICAM-PREACTS-CMNJ-e1743607433605.png\" \/>\n\t<meta property=\"og:image:width\" content=\"1370\" \/>\n\t<meta property=\"og:image:height\" content=\"940\" \/>\n\t<meta property=\"og:image:type\" content=\"image\/png\" \/>\n<meta name=\"twitter:card\" content=\"summary_large_image\" \/>\n<meta name=\"twitter:label1\" content=\"Tiempo de lectura\" \/>\n\t<meta name=\"twitter:data1\" content=\"3 minutos\" \/>\n<script type=\"application\/ld+json\" class=\"yoast-schema-graph\">{\"@context\":\"https:\\\/\\\/schema.org\",\"@graph\":[{\"@type\":\"WebPage\",\"@id\":\"https:\\\/\\\/prezode-initiative.org\\\/es\\\/prezode-en-accion-en-el-sur-global\\\/\",\"url\":\"https:\\\/\\\/prezode-initiative.org\\\/es\\\/prezode-en-accion-en-el-sur-global\\\/\",\"name\":\"PREZODE en acci\u00f3n en el Sur Global - %\",\"isPartOf\":{\"@id\":\"https:\\\/\\\/prezode-initiative.org\\\/es\\\/#website\"},\"primaryImageOfPage\":{\"@id\":\"https:\\\/\\\/prezode-initiative.org\\\/es\\\/prezode-en-accion-en-el-sur-global\\\/#primaryimage\"},\"image\":{\"@id\":\"https:\\\/\\\/prezode-initiative.org\\\/es\\\/prezode-en-accion-en-el-sur-global\\\/#primaryimage\"},\"thumbnailUrl\":\"https:\\\/\\\/prezode-initiative.org\\\/wp-content\\\/uploads\\\/2025\\\/04\\\/LOGO-AFRICAM-PREACTS-CMNJ-e1743607433605-1024x703.png\",\"datePublished\":\"2025-03-13T10:44:40+00:00\",\"dateModified\":\"2026-03-26T09:51:48+00:00\",\"description\":\"PREACTS es el primer programa operativo internacional realizado en el marco de PREZODE. Este programa, financiado por la Agencia Francesa de Desarrollo (AFD) con un total de 30 millones de euros, incluye tres proyectos: AFRICAM (2023-2026), ASAMCO (2024-2028) y ASEACA (2025-2029, en proceso de codise\u00f1o).\",\"breadcrumb\":{\"@id\":\"https:\\\/\\\/prezode-initiative.org\\\/es\\\/prezode-en-accion-en-el-sur-global\\\/#breadcrumb\"},\"inLanguage\":\"es\",\"potentialAction\":[{\"@type\":\"ReadAction\",\"target\":[\"https:\\\/\\\/prezode-initiative.org\\\/es\\\/prezode-en-accion-en-el-sur-global\\\/\"]}]},{\"@type\":\"ImageObject\",\"inLanguage\":\"es\",\"@id\":\"https:\\\/\\\/prezode-initiative.org\\\/es\\\/prezode-en-accion-en-el-sur-global\\\/#primaryimage\",\"url\":\"https:\\\/\\\/prezode-initiative.org\\\/wp-content\\\/uploads\\\/2025\\\/04\\\/LOGO-AFRICAM-PREACTS-CMNJ-e1743607433605-1024x703.png\",\"contentUrl\":\"https:\\\/\\\/prezode-initiative.org\\\/wp-content\\\/uploads\\\/2025\\\/04\\\/LOGO-AFRICAM-PREACTS-CMNJ-e1743607433605-1024x703.png\"},{\"@type\":\"BreadcrumbList\",\"@id\":\"https:\\\/\\\/prezode-initiative.org\\\/es\\\/prezode-en-accion-en-el-sur-global\\\/#breadcrumb\",\"itemListElement\":[{\"@type\":\"ListItem\",\"position\":1,\"name\":\"Home\",\"item\":\"https:\\\/\\\/prezode-initiative.org\\\/es\\\/\"},{\"@type\":\"ListItem\",\"position\":2,\"name\":\"PREZODE en acci\u00f3n en el Sur Global\"}]},{\"@type\":\"WebSite\",\"@id\":\"https:\\\/\\\/prezode-initiative.org\\\/es\\\/#website\",\"url\":\"https:\\\/\\\/prezode-initiative.org\\\/es\\\/\",\"name\":\"Prezode\",\"description\":\"\",\"publisher\":{\"@id\":\"https:\\\/\\\/prezode-initiative.org\\\/es\\\/#organization\"},\"potentialAction\":[{\"@type\":\"SearchAction\",\"target\":{\"@type\":\"EntryPoint\",\"urlTemplate\":\"https:\\\/\\\/prezode-initiative.org\\\/es\\\/?s={search_term_string}\"},\"query-input\":{\"@type\":\"PropertyValueSpecification\",\"valueRequired\":true,\"valueName\":\"search_term_string\"}}],\"inLanguage\":\"es\"},{\"@type\":\"Organization\",\"@id\":\"https:\\\/\\\/prezode-initiative.org\\\/es\\\/#organization\",\"name\":\"Prezode\",\"url\":\"https:\\\/\\\/prezode-initiative.org\\\/es\\\/\",\"logo\":{\"@type\":\"ImageObject\",\"inLanguage\":\"es\",\"@id\":\"https:\\\/\\\/prezode-initiative.org\\\/es\\\/#\\\/schema\\\/logo\\\/image\\\/\",\"url\":\"https:\\\/\\\/prezode-initiative.org\\\/wp-content\\\/uploads\\\/2025\\\/02\\\/logo.png\",\"contentUrl\":\"https:\\\/\\\/prezode-initiative.org\\\/wp-content\\\/uploads\\\/2025\\\/02\\\/logo.png\",\"width\":168,\"height\":118,\"caption\":\"Prezode\"},\"image\":{\"@id\":\"https:\\\/\\\/prezode-initiative.org\\\/es\\\/#\\\/schema\\\/logo\\\/image\\\/\"}}]}<\/script>\n<!-- \/ Yoast SEO plugin. -->","yoast_head_json":{"title":"PREZODE en acci\u00f3n en el Sur Global - %","description":"PREACTS es el primer programa operativo internacional realizado en el marco de PREZODE. Este programa, financiado por la Agencia Francesa de Desarrollo (AFD) con un total de 30 millones de euros, incluye tres proyectos: AFRICAM (2023-2026), ASAMCO (2024-2028) y ASEACA (2025-2029, en proceso de codise\u00f1o).","robots":{"index":"index","follow":"follow","max-snippet":"max-snippet:-1","max-image-preview":"max-image-preview:large","max-video-preview":"max-video-preview:-1"},"canonical":"https:\/\/prezode-initiative.org\/es\/prezode-en-accion-en-el-sur-global\/","og_locale":"es_ES","og_type":"article","og_title":"PREZODE en acci\u00f3n en el Sur Global - %","og_description":"PREACTS es el primer programa operativo internacional realizado en el marco de PREZODE. Este programa, financiado por la Agencia Francesa de Desarrollo (AFD) con un total de 30 millones de euros, incluye tres proyectos: AFRICAM (2023-2026), ASAMCO (2024-2028) y ASEACA (2025-2029, en proceso de codise\u00f1o).","og_url":"https:\/\/prezode-initiative.org\/es\/prezode-en-accion-en-el-sur-global\/","og_site_name":"Prezode","article_modified_time":"2026-03-26T09:51:48+00:00","og_image":[{"width":1370,"height":940,"url":"https:\/\/prezode-initiative.org\/wp-content\/uploads\/2025\/04\/LOGO-AFRICAM-PREACTS-CMNJ-e1743607433605.png","type":"image\/png"}],"twitter_card":"summary_large_image","twitter_misc":{"Tiempo de lectura":"3 minutos"},"schema":{"@context":"https:\/\/schema.org","@graph":[{"@type":"WebPage","@id":"https:\/\/prezode-initiative.org\/es\/prezode-en-accion-en-el-sur-global\/","url":"https:\/\/prezode-initiative.org\/es\/prezode-en-accion-en-el-sur-global\/","name":"PREZODE en acci\u00f3n en el Sur Global - %","isPartOf":{"@id":"https:\/\/prezode-initiative.org\/es\/#website"},"primaryImageOfPage":{"@id":"https:\/\/prezode-initiative.org\/es\/prezode-en-accion-en-el-sur-global\/#primaryimage"},"image":{"@id":"https:\/\/prezode-initiative.org\/es\/prezode-en-accion-en-el-sur-global\/#primaryimage"},"thumbnailUrl":"https:\/\/prezode-initiative.org\/wp-content\/uploads\/2025\/04\/LOGO-AFRICAM-PREACTS-CMNJ-e1743607433605-1024x703.png","datePublished":"2025-03-13T10:44:40+00:00","dateModified":"2026-03-26T09:51:48+00:00","description":"PREACTS es el primer programa operativo internacional realizado en el marco de PREZODE. Este programa, financiado por la Agencia Francesa de Desarrollo (AFD) con un total de 30 millones de euros, incluye tres proyectos: AFRICAM (2023-2026), ASAMCO (2024-2028) y ASEACA (2025-2029, en proceso de codise\u00f1o).","breadcrumb":{"@id":"https:\/\/prezode-initiative.org\/es\/prezode-en-accion-en-el-sur-global\/#breadcrumb"},"inLanguage":"es","potentialAction":[{"@type":"ReadAction","target":["https:\/\/prezode-initiative.org\/es\/prezode-en-accion-en-el-sur-global\/"]}]},{"@type":"ImageObject","inLanguage":"es","@id":"https:\/\/prezode-initiative.org\/es\/prezode-en-accion-en-el-sur-global\/#primaryimage","url":"https:\/\/prezode-initiative.org\/wp-content\/uploads\/2025\/04\/LOGO-AFRICAM-PREACTS-CMNJ-e1743607433605-1024x703.png","contentUrl":"https:\/\/prezode-initiative.org\/wp-content\/uploads\/2025\/04\/LOGO-AFRICAM-PREACTS-CMNJ-e1743607433605-1024x703.png"},{"@type":"BreadcrumbList","@id":"https:\/\/prezode-initiative.org\/es\/prezode-en-accion-en-el-sur-global\/#breadcrumb","itemListElement":[{"@type":"ListItem","position":1,"name":"Home","item":"https:\/\/prezode-initiative.org\/es\/"},{"@type":"ListItem","position":2,"name":"PREZODE en acci\u00f3n en el Sur Global"}]},{"@type":"WebSite","@id":"https:\/\/prezode-initiative.org\/es\/#website","url":"https:\/\/prezode-initiative.org\/es\/","name":"Prezode","description":"","publisher":{"@id":"https:\/\/prezode-initiative.org\/es\/#organization"},"potentialAction":[{"@type":"SearchAction","target":{"@type":"EntryPoint","urlTemplate":"https:\/\/prezode-initiative.org\/es\/?s={search_term_string}"},"query-input":{"@type":"PropertyValueSpecification","valueRequired":true,"valueName":"search_term_string"}}],"inLanguage":"es"},{"@type":"Organization","@id":"https:\/\/prezode-initiative.org\/es\/#organization","name":"Prezode","url":"https:\/\/prezode-initiative.org\/es\/","logo":{"@type":"ImageObject","inLanguage":"es","@id":"https:\/\/prezode-initiative.org\/es\/#\/schema\/logo\/image\/","url":"https:\/\/prezode-initiative.org\/wp-content\/uploads\/2025\/02\/logo.png","contentUrl":"https:\/\/prezode-initiative.org\/wp-content\/uploads\/2025\/02\/logo.png","width":168,"height":118,"caption":"Prezode"},"image":{"@id":"https:\/\/prezode-initiative.org\/es\/#\/schema\/logo\/image\/"}}]}},"_links":{"self":[{"href":"https:\/\/prezode-initiative.org\/es\/wp-json\/wp\/v2\/pages\/4555","targetHints":{"allow":["GET"]}}],"collection":[{"href":"https:\/\/prezode-initiative.org\/es\/wp-json\/wp\/v2\/pages"}],"about":[{"href":"https:\/\/prezode-initiative.org\/es\/wp-json\/wp\/v2\/types\/page"}],"author":[{"embeddable":true,"href":"https:\/\/prezode-initiative.org\/es\/wp-json\/wp\/v2\/users\/1"}],"replies":[{"embeddable":true,"href":"https:\/\/prezode-initiative.org\/es\/wp-json\/wp\/v2\/comments?post=4555"}],"version-history":[{"count":2,"href":"https:\/\/prezode-initiative.org\/es\/wp-json\/wp\/v2\/pages\/4555\/revisions"}],"predecessor-version":[{"id":4562,"href":"https:\/\/prezode-initiative.org\/es\/wp-json\/wp\/v2\/pages\/4555\/revisions\/4562"}],"wp:attachment":[{"href":"https:\/\/prezode-initiative.org\/es\/wp-json\/wp\/v2\/media?parent=4555"}],"curies":[{"name":"wp","href":"https:\/\/api.w.org\/{rel}","templated":true}]}}