{"id":4543,"date":"2025-03-13T11:42:21","date_gmt":"2025-03-13T10:42:21","guid":{"rendered":"https:\/\/prezode-initiative.org\/el-grupo-internacional-de-trabajo-sobre-datos\/"},"modified":"2026-03-26T10:51:48","modified_gmt":"2026-03-26T09:51:48","slug":"el-grupo-internacional-de-trabajo-sobre-datos","status":"publish","type":"page","link":"https:\/\/prezode-initiative.org\/es\/el-grupo-internacional-de-trabajo-sobre-datos\/","title":{"rendered":"El Grupo Internacional de Trabajo sobre Datos"},"content":{"rendered":"\n<p><\/p>\n\n<h2 class=\"wp-block-heading\"><strong>Como parte de las acciones clave de PREZODE para prevenir las enfermedades zoon\u00f3ticas emergentes, el desarrollo de una plataforma internacional es una prioridad estrat\u00e9gica. El Grupo de Trabajo Internacional sobre Datos (IDWG) se cre\u00f3 en septiembre de 2024 con ese fin. <\/strong><\/h2>\n\n<p><\/p>\n\n<p>Los miembros del IDWG aportan su experiencia en la gesti\u00f3n y el an\u00e1lisis de datos a trav\u00e9s del enfoque \u00abUna sola salud\u00bb. Representan a organizaciones internacionales, universidades, centros de investigaci\u00f3n, sector privado y gobiernos. Formado inicialmente por 25 especialistas de todo el mundo, el grupo ha alcanzado el \u00e9xito y sigue creciendo con un n\u00famero cada vez mayor de expertos.. A 31 de marzo de 2025, el IDWG cuenta con 57 participantes activos que comparten sus conocimientos y su compromiso. Para reflejar esta evoluci\u00f3n natural y esta expansi\u00f3n continua, el grupo ha adoptado recientemente el nombre de IDWG-e (ampliado).<\/p>\n\n<h3 class=\"wp-block-heading has-tertiary-color has-text-color has-link-color wp-elements-0a2270b39b5da9cbb7d2c1c4fdf2c400\">Una comunidad internacional e interdisciplinar<\/h3>\n\n<p>El IDWG-e ha adoptado un enfoque altamente participativo que incorpora t\u00e9cnicas de experiencia UX y metodolog\u00edas \u00e1giles. Mediante un sistema de copresidentes voluntarios, colaboraci\u00f3n iterativa y grupos de trabajo din\u00e1micos, el equipo es capaz de aprovechar al m\u00e1ximo las contribuciones de cada especialista en funci\u00f3n de su disponibilidad e intereses. Todas las propuestas y desarrollos se comparten en reuniones plenarias para garantizar una visi\u00f3n global y cohesionada.<br\/>El IDWG-e est\u00e1 dise\u00f1ado como un espacio abierto y din\u00e1mico en el que cualquier experto interesado puede unirse al grupo y contribuir seg\u00fan su disponibilidad y experiencia. Incluye a especialistas de los cinco Grupos de Trabajo de los Pilares de PREZODE, junto con otros expertos de PREZODE que han decidido participar activamente en el desarrollo de la plataforma, fortaleciendo as\u00ed una red de colaboraci\u00f3n en constante expansi\u00f3n.   <\/p>\n\n<h3 class=\"wp-block-heading has-tertiary-color has-text-color has-link-color wp-elements-0a26b72da8be3dc4dcfeda33fbd1c288\">Primer paso para la futura plataforma de datos de PREZODE<\/h3>\n\n<p>A partir de las necesidades identificadas entre 2021 y 2024 gracias a un esfuerzo colectivo y a los talleres regionales y cient\u00edficos de PREZODE, el grupo elabor\u00f3 una metodolog\u00eda s\u00f3lida. En febrero de 2025, el IDWG-e present\u00f3 al Comit\u00e9 Directivo el marco conceptual de la futura plataforma de datos de PREZODE, marcando un hito clave en la creaci\u00f3n de una herramienta global para la prevenci\u00f3n de las enfermedades zoon\u00f3ticas emergentes.<br\/>Gracias al compromiso de sus miembros y al apoyo de la comunidad internacional, el IDWG-e seguir\u00e1 evolucionando, convirtiendo la visi\u00f3n de una plataforma global en una realidad concreta en beneficio de todos. <\/p>\n\n<p><\/p>\n\n<p><\/p>\n\n<p><\/p>\n","protected":false},"excerpt":{"rendered":"<p>Como parte de las acciones clave de PREZODE para prevenir las enfermedades zoon\u00f3ticas emergentes, el desarrollo de una plataforma internacional es una prioridad estrat\u00e9gica. El Grupo de Trabajo Internacional sobre Datos (IDWG) se cre\u00f3 en septiembre de 2024 con ese fin. Los miembros del IDWG aportan su experiencia en la gesti\u00f3n y el an\u00e1lisis de<a href=\"https:\/\/prezode-initiative.org\/es\/el-grupo-internacional-de-trabajo-sobre-datos\/\">Continue reading <span class=\"sr-only\">\u00abEl Grupo Internacional de Trabajo sobre Datos\u00bb<\/span><\/a><\/p>\n","protected":false},"author":1,"featured_media":0,"parent":0,"menu_order":0,"comment_status":"closed","ping_status":"closed","template":"template-pages\/article-page.php","meta":{"_acf_changed":false,"footnotes":""},"class_list":["post-4543","page","type-page","status-publish","hentry"],"acf":[],"yoast_head":"<!-- This site is optimized with the Yoast SEO plugin v27.6 - https:\/\/yoast.com\/product\/yoast-seo-wordpress\/ -->\n<title>El Grupo Internacional de Trabajo sobre Datos - %<\/title>\n<meta name=\"description\" content=\"Como parte de las acciones clave de PREZODE para prevenir las enfermedades zoon\u00f3ticas emergentes, el desarrollo de una plataforma internacional es una prioridad estrat\u00e9gica. Para ello se ha creado en septiembre de 2024 el Grupo de Trabajo Internacional sobre Datos (IDWG).\" \/>\n<meta name=\"robots\" content=\"index, follow, max-snippet:-1, max-image-preview:large, max-video-preview:-1\" \/>\n<link rel=\"canonical\" href=\"https:\/\/prezode-initiative.org\/es\/el-grupo-internacional-de-trabajo-sobre-datos\/\" \/>\n<meta property=\"og:locale\" content=\"es_ES\" \/>\n<meta property=\"og:type\" content=\"article\" \/>\n<meta property=\"og:title\" content=\"El Grupo Internacional de Trabajo sobre Datos - %\" \/>\n<meta property=\"og:description\" content=\"Como parte de las acciones clave de PREZODE para prevenir las enfermedades zoon\u00f3ticas emergentes, el desarrollo de una plataforma internacional es una prioridad estrat\u00e9gica. Para ello se ha creado en septiembre de 2024 el Grupo de Trabajo Internacional sobre Datos (IDWG).\" \/>\n<meta property=\"og:url\" content=\"https:\/\/prezode-initiative.org\/es\/el-grupo-internacional-de-trabajo-sobre-datos\/\" \/>\n<meta property=\"og:site_name\" content=\"Prezode\" \/>\n<meta property=\"article:modified_time\" content=\"2026-03-26T09:51:48+00:00\" \/>\n<meta name=\"twitter:card\" content=\"summary_large_image\" \/>\n<meta name=\"twitter:label1\" content=\"Tiempo de lectura\" \/>\n\t<meta name=\"twitter:data1\" content=\"2 minutos\" \/>\n<script type=\"application\/ld+json\" class=\"yoast-schema-graph\">{\"@context\":\"https:\\\/\\\/schema.org\",\"@graph\":[{\"@type\":\"WebPage\",\"@id\":\"https:\\\/\\\/prezode-initiative.org\\\/es\\\/el-grupo-internacional-de-trabajo-sobre-datos\\\/\",\"url\":\"https:\\\/\\\/prezode-initiative.org\\\/es\\\/el-grupo-internacional-de-trabajo-sobre-datos\\\/\",\"name\":\"El Grupo Internacional de Trabajo sobre Datos - %\",\"isPartOf\":{\"@id\":\"https:\\\/\\\/prezode-initiative.org\\\/es\\\/#website\"},\"datePublished\":\"2025-03-13T10:42:21+00:00\",\"dateModified\":\"2026-03-26T09:51:48+00:00\",\"description\":\"Como parte de las acciones clave de PREZODE para prevenir las enfermedades zoon\u00f3ticas emergentes, el desarrollo de una plataforma internacional es una prioridad estrat\u00e9gica. Para ello se ha creado en septiembre de 2024 el Grupo de Trabajo Internacional sobre Datos (IDWG).\",\"breadcrumb\":{\"@id\":\"https:\\\/\\\/prezode-initiative.org\\\/es\\\/el-grupo-internacional-de-trabajo-sobre-datos\\\/#breadcrumb\"},\"inLanguage\":\"es\",\"potentialAction\":[{\"@type\":\"ReadAction\",\"target\":[\"https:\\\/\\\/prezode-initiative.org\\\/es\\\/el-grupo-internacional-de-trabajo-sobre-datos\\\/\"]}]},{\"@type\":\"BreadcrumbList\",\"@id\":\"https:\\\/\\\/prezode-initiative.org\\\/es\\\/el-grupo-internacional-de-trabajo-sobre-datos\\\/#breadcrumb\",\"itemListElement\":[{\"@type\":\"ListItem\",\"position\":1,\"name\":\"Home\",\"item\":\"https:\\\/\\\/prezode-initiative.org\\\/es\\\/\"},{\"@type\":\"ListItem\",\"position\":2,\"name\":\"El Grupo Internacional de Trabajo sobre Datos\"}]},{\"@type\":\"WebSite\",\"@id\":\"https:\\\/\\\/prezode-initiative.org\\\/es\\\/#website\",\"url\":\"https:\\\/\\\/prezode-initiative.org\\\/es\\\/\",\"name\":\"Prezode\",\"description\":\"\",\"publisher\":{\"@id\":\"https:\\\/\\\/prezode-initiative.org\\\/es\\\/#organization\"},\"potentialAction\":[{\"@type\":\"SearchAction\",\"target\":{\"@type\":\"EntryPoint\",\"urlTemplate\":\"https:\\\/\\\/prezode-initiative.org\\\/es\\\/?s={search_term_string}\"},\"query-input\":{\"@type\":\"PropertyValueSpecification\",\"valueRequired\":true,\"valueName\":\"search_term_string\"}}],\"inLanguage\":\"es\"},{\"@type\":\"Organization\",\"@id\":\"https:\\\/\\\/prezode-initiative.org\\\/es\\\/#organization\",\"name\":\"Prezode\",\"url\":\"https:\\\/\\\/prezode-initiative.org\\\/es\\\/\",\"logo\":{\"@type\":\"ImageObject\",\"inLanguage\":\"es\",\"@id\":\"https:\\\/\\\/prezode-initiative.org\\\/es\\\/#\\\/schema\\\/logo\\\/image\\\/\",\"url\":\"https:\\\/\\\/prezode-initiative.org\\\/wp-content\\\/uploads\\\/2025\\\/02\\\/logo.png\",\"contentUrl\":\"https:\\\/\\\/prezode-initiative.org\\\/wp-content\\\/uploads\\\/2025\\\/02\\\/logo.png\",\"width\":168,\"height\":118,\"caption\":\"Prezode\"},\"image\":{\"@id\":\"https:\\\/\\\/prezode-initiative.org\\\/es\\\/#\\\/schema\\\/logo\\\/image\\\/\"}}]}<\/script>\n<!-- \/ Yoast SEO plugin. -->","yoast_head_json":{"title":"El Grupo Internacional de Trabajo sobre Datos - %","description":"Como parte de las acciones clave de PREZODE para prevenir las enfermedades zoon\u00f3ticas emergentes, el desarrollo de una plataforma internacional es una prioridad estrat\u00e9gica. Para ello se ha creado en septiembre de 2024 el Grupo de Trabajo Internacional sobre Datos (IDWG).","robots":{"index":"index","follow":"follow","max-snippet":"max-snippet:-1","max-image-preview":"max-image-preview:large","max-video-preview":"max-video-preview:-1"},"canonical":"https:\/\/prezode-initiative.org\/es\/el-grupo-internacional-de-trabajo-sobre-datos\/","og_locale":"es_ES","og_type":"article","og_title":"El Grupo Internacional de Trabajo sobre Datos - %","og_description":"Como parte de las acciones clave de PREZODE para prevenir las enfermedades zoon\u00f3ticas emergentes, el desarrollo de una plataforma internacional es una prioridad estrat\u00e9gica. Para ello se ha creado en septiembre de 2024 el Grupo de Trabajo Internacional sobre Datos (IDWG).","og_url":"https:\/\/prezode-initiative.org\/es\/el-grupo-internacional-de-trabajo-sobre-datos\/","og_site_name":"Prezode","article_modified_time":"2026-03-26T09:51:48+00:00","twitter_card":"summary_large_image","twitter_misc":{"Tiempo de lectura":"2 minutos"},"schema":{"@context":"https:\/\/schema.org","@graph":[{"@type":"WebPage","@id":"https:\/\/prezode-initiative.org\/es\/el-grupo-internacional-de-trabajo-sobre-datos\/","url":"https:\/\/prezode-initiative.org\/es\/el-grupo-internacional-de-trabajo-sobre-datos\/","name":"El Grupo Internacional de Trabajo sobre Datos - %","isPartOf":{"@id":"https:\/\/prezode-initiative.org\/es\/#website"},"datePublished":"2025-03-13T10:42:21+00:00","dateModified":"2026-03-26T09:51:48+00:00","description":"Como parte de las acciones clave de PREZODE para prevenir las enfermedades zoon\u00f3ticas emergentes, el desarrollo de una plataforma internacional es una prioridad estrat\u00e9gica. Para ello se ha creado en septiembre de 2024 el Grupo de Trabajo Internacional sobre Datos (IDWG).","breadcrumb":{"@id":"https:\/\/prezode-initiative.org\/es\/el-grupo-internacional-de-trabajo-sobre-datos\/#breadcrumb"},"inLanguage":"es","potentialAction":[{"@type":"ReadAction","target":["https:\/\/prezode-initiative.org\/es\/el-grupo-internacional-de-trabajo-sobre-datos\/"]}]},{"@type":"BreadcrumbList","@id":"https:\/\/prezode-initiative.org\/es\/el-grupo-internacional-de-trabajo-sobre-datos\/#breadcrumb","itemListElement":[{"@type":"ListItem","position":1,"name":"Home","item":"https:\/\/prezode-initiative.org\/es\/"},{"@type":"ListItem","position":2,"name":"El Grupo Internacional de Trabajo sobre Datos"}]},{"@type":"WebSite","@id":"https:\/\/prezode-initiative.org\/es\/#website","url":"https:\/\/prezode-initiative.org\/es\/","name":"Prezode","description":"","publisher":{"@id":"https:\/\/prezode-initiative.org\/es\/#organization"},"potentialAction":[{"@type":"SearchAction","target":{"@type":"EntryPoint","urlTemplate":"https:\/\/prezode-initiative.org\/es\/?s={search_term_string}"},"query-input":{"@type":"PropertyValueSpecification","valueRequired":true,"valueName":"search_term_string"}}],"inLanguage":"es"},{"@type":"Organization","@id":"https:\/\/prezode-initiative.org\/es\/#organization","name":"Prezode","url":"https:\/\/prezode-initiative.org\/es\/","logo":{"@type":"ImageObject","inLanguage":"es","@id":"https:\/\/prezode-initiative.org\/es\/#\/schema\/logo\/image\/","url":"https:\/\/prezode-initiative.org\/wp-content\/uploads\/2025\/02\/logo.png","contentUrl":"https:\/\/prezode-initiative.org\/wp-content\/uploads\/2025\/02\/logo.png","width":168,"height":118,"caption":"Prezode"},"image":{"@id":"https:\/\/prezode-initiative.org\/es\/#\/schema\/logo\/image\/"}}]}},"_links":{"self":[{"href":"https:\/\/prezode-initiative.org\/es\/wp-json\/wp\/v2\/pages\/4543","targetHints":{"allow":["GET"]}}],"collection":[{"href":"https:\/\/prezode-initiative.org\/es\/wp-json\/wp\/v2\/pages"}],"about":[{"href":"https:\/\/prezode-initiative.org\/es\/wp-json\/wp\/v2\/types\/page"}],"author":[{"embeddable":true,"href":"https:\/\/prezode-initiative.org\/es\/wp-json\/wp\/v2\/users\/1"}],"replies":[{"embeddable":true,"href":"https:\/\/prezode-initiative.org\/es\/wp-json\/wp\/v2\/comments?post=4543"}],"version-history":[{"count":2,"href":"https:\/\/prezode-initiative.org\/es\/wp-json\/wp\/v2\/pages\/4543\/revisions"}],"predecessor-version":[{"id":4548,"href":"https:\/\/prezode-initiative.org\/es\/wp-json\/wp\/v2\/pages\/4543\/revisions\/4548"}],"wp:attachment":[{"href":"https:\/\/prezode-initiative.org\/es\/wp-json\/wp\/v2\/media?parent=4543"}],"curies":[{"name":"wp","href":"https:\/\/api.w.org\/{rel}","templated":true}]}}