{"id":4531,"date":"2025-03-13T11:42:09","date_gmt":"2025-03-13T10:42:09","guid":{"rendered":"https:\/\/prezode-initiative.org\/los-grupos-de-trabajo-del-pilar\/"},"modified":"2026-03-26T10:51:48","modified_gmt":"2026-03-26T09:51:48","slug":"los-grupos-de-trabajo-del-pilar","status":"publish","type":"page","link":"https:\/\/prezode-initiative.org\/es\/los-grupos-de-trabajo-del-pilar\/","title":{"rendered":"Los Grupos de Trabajo del Pilar"},"content":{"rendered":"\n<h2 class=\"wp-block-heading\">La iniciativa PREZODE cre\u00f3 cinco Grupos de Trabajo sobre Pilares (GTP), cada uno de ellos compuesto por expertos de diversas disciplinas y sectores de la comunidad cient\u00edfica, para ayudar a cumplir los cinco pilares de los objetivos y misiones de PREZODE presentados en la Agenda Estrat\u00e9gica.<\/h2>\n\n<p><\/p>\n\n<p>El principal objetivo de los GTP es reunir a los expertos pertinentes para que, en colaboraci\u00f3n, elaboren recomendaciones y acciones conjuntas. Este proceso de co-creaci\u00f3n pretende apoyar a las organizaciones internacionales y a los pa\u00edses de todo el mundo en la prevenci\u00f3n de la aparici\u00f3n de enfermedades zoon\u00f3ticas. Por tanto, uno de los objetivos principales de estos grupos es actualizar y revisar, cuando sea necesario, la lista de necesidades operativas y lagunas de investigaci\u00f3n presentadas en la Agenda Estrat\u00e9gica de PREZODE.  <\/p>\n\n<h3 class=\"wp-block-heading\">Un marco de investigaci\u00f3n<\/h3>\n\n<p>Los GTP desarrollan un marco de investigaci\u00f3n para comprender la aparici\u00f3n de zoonosis en el contexto de los cambios globales, con el objetivo de poner en marcha programas operativos coherentes. Identifican acciones concretas para permitir el desarrollo de estrategias que minimicen la exposici\u00f3n humana a los pat\u00f3genos zoon\u00f3ticos sin afectar negativamente a otras dimensiones de la salud p\u00fablica, como la seguridad alimentaria y la nutrici\u00f3n. Por \u00faltimo, establecen sinergias entre los GTP y con diferentes proyectos e iniciativas de todo el mundo, promoviendo proyectos de investigaci\u00f3n en colaboraci\u00f3n y reforzando las actividades de la red PREZODE.<br\/>Se han identificado objetivos espec\u00edficos para cada GTP, como se indica a continuaci\u00f3n:  <\/p>\n\n<figure class=\"wp-block-image size-large\"><img loading=\"lazy\" decoding=\"async\" width=\"1024\" height=\"576\" src=\"https:\/\/prezode-initiative.org\/wp-content\/uploads\/2025\/03\/PREZODE-PILLARS-1024x576.jpg\" alt=\"\" class=\"wp-image-657\" srcset=\"https:\/\/prezode-initiative.org\/wp-content\/uploads\/2025\/03\/PREZODE-PILLARS-1024x576.jpg 1024w, https:\/\/prezode-initiative.org\/wp-content\/uploads\/2025\/03\/PREZODE-PILLARS-300x169.jpg 300w, https:\/\/prezode-initiative.org\/wp-content\/uploads\/2025\/03\/PREZODE-PILLARS-768x432.jpg 768w, https:\/\/prezode-initiative.org\/wp-content\/uploads\/2025\/03\/PREZODE-PILLARS-1536x864.jpg 1536w, https:\/\/prezode-initiative.org\/wp-content\/uploads\/2025\/03\/PREZODE-PILLARS.jpg 1920w\" sizes=\"auto, (max-width: 1024px) 100vw, 1024px\" \/><\/figure>\n\n<p><\/p>\n\n<h3 class=\"wp-block-heading\"><strong>Pilar 1. Comprender los riesgos zoon\u00f3ticos y las actividades de riesgo <\/strong><\/h3>\n\n<ul class=\"wp-block-list\">\n<li>Comprender los mecanismos e impulsores de la aparici\u00f3n de zoonosis.<\/li>\n\n\n\n<li>Determina qu\u00e9 es un riesgo de emergencia zoon\u00f3tica.<\/li>\n\n\n\n<li>Identificar estrategias para anticiparse a los riesgos y disminuir la probabilidad de que se produzcan desbordamientos.<\/li>\n<\/ul>\n\n<p><\/p>\n\n<h3 class=\"wp-block-heading\"><strong>Pilar 2. Co-dise\u00f1ar soluciones para reducir los riesgos zoon\u00f3ticos <\/strong><\/h3>\n\n<ul class=\"wp-block-list\">\n<li>Crea una definici\u00f3n de la soluci\u00f3n \u00abUna sola salud\u00bb.<\/li>\n\n\n\n<li>Mapear las metodolog\u00edas de codise\u00f1o de las estrategias de reducci\u00f3n de riesgos.<\/li>\n\n\n\n<li>Estima la rentabilidad de una soluci\u00f3n \u00abUna sola salud\u00bb.<\/li>\n\n\n\n<li>Coaprendizaje\/coformaci\u00f3n de metodolog\u00edas de codise\u00f1o.<\/li>\n<\/ul>\n\n<h3 class=\"wp-block-heading\"><strong>Pilar 3. Reforzar los sistemas de alerta temprana para detectar riesgos zoon\u00f3ticos <\/strong><\/h3>\n\n<ul class=\"wp-block-list\">\n<li>Evaluaci\u00f3n de los sistemas y pr\u00e1cticas de vigilancia actuales: revisar los sistemas de vigilancia operativos y evaluar la rentabilidad de los sistemas de vigilancia.<\/li>\n\n\n\n<li>Mapeo de las partes interesadas y an\u00e1lisis de las percepciones de los usuarios finales.<\/li>\n\n\n\n<li>Innovaci\u00f3n en alerta precoz, protocolos de vigilancia y herramientas de diagn\u00f3stico.<\/li>\n<\/ul>\n\n<h3 class=\"wp-block-heading\"><strong>Pilar 4. Creaci\u00f3n de un prototipo de sistema mundial de informaci\u00f3n para la vigilancia y la detecci\u00f3n precoz <\/strong><\/h3>\n\n<ul class=\"wp-block-list\">\n<li>Identifica los posibles obst\u00e1culos y lagunas en cada paso de la cadena de flujos de datos, desde la recogida de datos hasta el an\u00e1lisis del usuario final.<\/li>\n\n\n\n<li>Identificar las necesidades de recopilaci\u00f3n e intercambio de datos de los pa\u00edses para la vigilancia colaborativa multisectorial con el fin de prevenir las EID.<\/li>\n\n\n\n<li>Desarrollar una orientaci\u00f3n clara sobre c\u00f3mo reforzar la infraestructura para el an\u00e1lisis de datos y el apoyo basado en pruebas para la toma de decisiones.<\/li>\n\n\n\n<li>Infraestructura de pruebas.<\/li>\n<\/ul>\n\n<h3 class=\"wp-block-heading\"><strong>Pilar 5. Implicar a las partes interesadas y co-dise\u00f1ar redes y pol\u00edticas de \u00abUna sola salud\u00bb (transversal) <\/strong><\/h3>\n\n<ul class=\"wp-block-list\">\n<li>Participaci\u00f3n de las partes interesadas, incluidas las comunidades y las organizaciones de la sociedad civil, y desarrollo\/consolidaci\u00f3n de redes y pol\u00edticas sanitarias, desarrollo de plataformas para el di\u00e1logo permanente entre cient\u00edficos, sociedad y responsables de la toma de decisiones, cartograf\u00eda de los actores clave.<\/li>\n\n\n\n<li>Talleres participativos y formaci\u00f3n, enfoques innovadores de sensibilizaci\u00f3n.<\/li>\n\n\n\n<li>Evaluaci\u00f3n de la prevenci\u00f3n \u00abUna Salud\u00bb.<\/li>\n\n\n\n<li>Cuestiones de equidad.<\/li>\n\n\n\n<li>Promover los enfoques de \u00abUna sola salud\u00bb y la colaboraci\u00f3n intersectorial.<\/li>\n\n\n\n<li>Apoya la Estrategia PREZODE.<\/li>\n<\/ul>\n\n<p><\/p>\n","protected":false},"excerpt":{"rendered":"<p>La iniciativa PREZODE cre\u00f3 cinco Grupos de Trabajo sobre Pilares (GTP), cada uno de ellos compuesto por expertos de diversas disciplinas y sectores de la comunidad cient\u00edfica, para ayudar a cumplir los cinco pilares de los objetivos y misiones de PREZODE presentados en la Agenda Estrat\u00e9gica. El principal objetivo de los GTP es reunir a<a href=\"https:\/\/prezode-initiative.org\/es\/los-grupos-de-trabajo-del-pilar\/\">Continue reading <span class=\"sr-only\">\u00abLos Grupos de Trabajo del Pilar\u00bb<\/span><\/a><\/p>\n","protected":false},"author":1,"featured_media":0,"parent":0,"menu_order":0,"comment_status":"closed","ping_status":"closed","template":"template-pages\/article-page.php","meta":{"_acf_changed":false,"footnotes":""},"class_list":["post-4531","page","type-page","status-publish","hentry"],"acf":[],"yoast_head":"<!-- This site is optimized with the Yoast SEO plugin v27.6 - https:\/\/yoast.com\/product\/yoast-seo-wordpress\/ -->\n<title>Los Grupos de Trabajo del Pilar - %<\/title>\n<meta name=\"robots\" content=\"index, follow, max-snippet:-1, max-image-preview:large, max-video-preview:-1\" \/>\n<link rel=\"canonical\" href=\"https:\/\/prezode-initiative.org\/es\/los-grupos-de-trabajo-del-pilar\/\" \/>\n<meta property=\"og:locale\" content=\"es_ES\" \/>\n<meta property=\"og:type\" content=\"article\" \/>\n<meta property=\"og:title\" content=\"Los Grupos de Trabajo del Pilar - %\" \/>\n<meta property=\"og:description\" content=\"La iniciativa PREZODE cre\u00f3 cinco Grupos de Trabajo sobre Pilares (GTP), cada uno de ellos compuesto por expertos de diversas disciplinas y sectores de la comunidad cient\u00edfica, para ayudar a cumplir los cinco pilares de los objetivos y misiones de PREZODE presentados en la Agenda Estrat\u00e9gica. El principal objetivo de los GTP es reunir aContinue reading &quot;Los Grupos de Trabajo del Pilar&quot;\" \/>\n<meta property=\"og:url\" content=\"https:\/\/prezode-initiative.org\/es\/los-grupos-de-trabajo-del-pilar\/\" \/>\n<meta property=\"og:site_name\" content=\"Prezode\" \/>\n<meta property=\"article:modified_time\" content=\"2026-03-26T09:51:48+00:00\" \/>\n<meta property=\"og:image\" content=\"https:\/\/prezode-initiative.org\/wp-content\/uploads\/2025\/03\/PREZODE-PILLARS.jpg\" \/>\n\t<meta property=\"og:image:width\" content=\"1920\" \/>\n\t<meta property=\"og:image:height\" content=\"1080\" \/>\n\t<meta property=\"og:image:type\" content=\"image\/jpeg\" \/>\n<meta name=\"twitter:card\" content=\"summary_large_image\" \/>\n<meta name=\"twitter:label1\" content=\"Tiempo de lectura\" \/>\n\t<meta name=\"twitter:data1\" content=\"3 minutos\" \/>\n<script type=\"application\/ld+json\" class=\"yoast-schema-graph\">{\"@context\":\"https:\\\/\\\/schema.org\",\"@graph\":[{\"@type\":\"WebPage\",\"@id\":\"https:\\\/\\\/prezode-initiative.org\\\/es\\\/los-grupos-de-trabajo-del-pilar\\\/\",\"url\":\"https:\\\/\\\/prezode-initiative.org\\\/es\\\/los-grupos-de-trabajo-del-pilar\\\/\",\"name\":\"Los Grupos de Trabajo del Pilar - %\",\"isPartOf\":{\"@id\":\"https:\\\/\\\/prezode-initiative.org\\\/es\\\/#website\"},\"primaryImageOfPage\":{\"@id\":\"https:\\\/\\\/prezode-initiative.org\\\/es\\\/los-grupos-de-trabajo-del-pilar\\\/#primaryimage\"},\"image\":{\"@id\":\"https:\\\/\\\/prezode-initiative.org\\\/es\\\/los-grupos-de-trabajo-del-pilar\\\/#primaryimage\"},\"thumbnailUrl\":\"https:\\\/\\\/prezode-initiative.org\\\/wp-content\\\/uploads\\\/2025\\\/03\\\/PREZODE-PILLARS-1024x576.jpg\",\"datePublished\":\"2025-03-13T10:42:09+00:00\",\"dateModified\":\"2026-03-26T09:51:48+00:00\",\"breadcrumb\":{\"@id\":\"https:\\\/\\\/prezode-initiative.org\\\/es\\\/los-grupos-de-trabajo-del-pilar\\\/#breadcrumb\"},\"inLanguage\":\"es\",\"potentialAction\":[{\"@type\":\"ReadAction\",\"target\":[\"https:\\\/\\\/prezode-initiative.org\\\/es\\\/los-grupos-de-trabajo-del-pilar\\\/\"]}]},{\"@type\":\"ImageObject\",\"inLanguage\":\"es\",\"@id\":\"https:\\\/\\\/prezode-initiative.org\\\/es\\\/los-grupos-de-trabajo-del-pilar\\\/#primaryimage\",\"url\":\"https:\\\/\\\/prezode-initiative.org\\\/wp-content\\\/uploads\\\/2025\\\/03\\\/PREZODE-PILLARS-1024x576.jpg\",\"contentUrl\":\"https:\\\/\\\/prezode-initiative.org\\\/wp-content\\\/uploads\\\/2025\\\/03\\\/PREZODE-PILLARS-1024x576.jpg\"},{\"@type\":\"BreadcrumbList\",\"@id\":\"https:\\\/\\\/prezode-initiative.org\\\/es\\\/los-grupos-de-trabajo-del-pilar\\\/#breadcrumb\",\"itemListElement\":[{\"@type\":\"ListItem\",\"position\":1,\"name\":\"Home\",\"item\":\"https:\\\/\\\/prezode-initiative.org\\\/es\\\/\"},{\"@type\":\"ListItem\",\"position\":2,\"name\":\"Los Grupos de Trabajo del Pilar\"}]},{\"@type\":\"WebSite\",\"@id\":\"https:\\\/\\\/prezode-initiative.org\\\/es\\\/#website\",\"url\":\"https:\\\/\\\/prezode-initiative.org\\\/es\\\/\",\"name\":\"Prezode\",\"description\":\"\",\"publisher\":{\"@id\":\"https:\\\/\\\/prezode-initiative.org\\\/es\\\/#organization\"},\"potentialAction\":[{\"@type\":\"SearchAction\",\"target\":{\"@type\":\"EntryPoint\",\"urlTemplate\":\"https:\\\/\\\/prezode-initiative.org\\\/es\\\/?s={search_term_string}\"},\"query-input\":{\"@type\":\"PropertyValueSpecification\",\"valueRequired\":true,\"valueName\":\"search_term_string\"}}],\"inLanguage\":\"es\"},{\"@type\":\"Organization\",\"@id\":\"https:\\\/\\\/prezode-initiative.org\\\/es\\\/#organization\",\"name\":\"Prezode\",\"url\":\"https:\\\/\\\/prezode-initiative.org\\\/es\\\/\",\"logo\":{\"@type\":\"ImageObject\",\"inLanguage\":\"es\",\"@id\":\"https:\\\/\\\/prezode-initiative.org\\\/es\\\/#\\\/schema\\\/logo\\\/image\\\/\",\"url\":\"https:\\\/\\\/prezode-initiative.org\\\/wp-content\\\/uploads\\\/2025\\\/02\\\/logo.png\",\"contentUrl\":\"https:\\\/\\\/prezode-initiative.org\\\/wp-content\\\/uploads\\\/2025\\\/02\\\/logo.png\",\"width\":168,\"height\":118,\"caption\":\"Prezode\"},\"image\":{\"@id\":\"https:\\\/\\\/prezode-initiative.org\\\/es\\\/#\\\/schema\\\/logo\\\/image\\\/\"}}]}<\/script>\n<!-- \/ Yoast SEO plugin. -->","yoast_head_json":{"title":"Los Grupos de Trabajo del Pilar - %","robots":{"index":"index","follow":"follow","max-snippet":"max-snippet:-1","max-image-preview":"max-image-preview:large","max-video-preview":"max-video-preview:-1"},"canonical":"https:\/\/prezode-initiative.org\/es\/los-grupos-de-trabajo-del-pilar\/","og_locale":"es_ES","og_type":"article","og_title":"Los Grupos de Trabajo del Pilar - %","og_description":"La iniciativa PREZODE cre\u00f3 cinco Grupos de Trabajo sobre Pilares (GTP), cada uno de ellos compuesto por expertos de diversas disciplinas y sectores de la comunidad cient\u00edfica, para ayudar a cumplir los cinco pilares de los objetivos y misiones de PREZODE presentados en la Agenda Estrat\u00e9gica. El principal objetivo de los GTP es reunir aContinue reading \"Los Grupos de Trabajo del Pilar\"","og_url":"https:\/\/prezode-initiative.org\/es\/los-grupos-de-trabajo-del-pilar\/","og_site_name":"Prezode","article_modified_time":"2026-03-26T09:51:48+00:00","og_image":[{"width":1920,"height":1080,"url":"https:\/\/prezode-initiative.org\/wp-content\/uploads\/2025\/03\/PREZODE-PILLARS.jpg","type":"image\/jpeg"}],"twitter_card":"summary_large_image","twitter_misc":{"Tiempo de lectura":"3 minutos"},"schema":{"@context":"https:\/\/schema.org","@graph":[{"@type":"WebPage","@id":"https:\/\/prezode-initiative.org\/es\/los-grupos-de-trabajo-del-pilar\/","url":"https:\/\/prezode-initiative.org\/es\/los-grupos-de-trabajo-del-pilar\/","name":"Los Grupos de Trabajo del Pilar - %","isPartOf":{"@id":"https:\/\/prezode-initiative.org\/es\/#website"},"primaryImageOfPage":{"@id":"https:\/\/prezode-initiative.org\/es\/los-grupos-de-trabajo-del-pilar\/#primaryimage"},"image":{"@id":"https:\/\/prezode-initiative.org\/es\/los-grupos-de-trabajo-del-pilar\/#primaryimage"},"thumbnailUrl":"https:\/\/prezode-initiative.org\/wp-content\/uploads\/2025\/03\/PREZODE-PILLARS-1024x576.jpg","datePublished":"2025-03-13T10:42:09+00:00","dateModified":"2026-03-26T09:51:48+00:00","breadcrumb":{"@id":"https:\/\/prezode-initiative.org\/es\/los-grupos-de-trabajo-del-pilar\/#breadcrumb"},"inLanguage":"es","potentialAction":[{"@type":"ReadAction","target":["https:\/\/prezode-initiative.org\/es\/los-grupos-de-trabajo-del-pilar\/"]}]},{"@type":"ImageObject","inLanguage":"es","@id":"https:\/\/prezode-initiative.org\/es\/los-grupos-de-trabajo-del-pilar\/#primaryimage","url":"https:\/\/prezode-initiative.org\/wp-content\/uploads\/2025\/03\/PREZODE-PILLARS-1024x576.jpg","contentUrl":"https:\/\/prezode-initiative.org\/wp-content\/uploads\/2025\/03\/PREZODE-PILLARS-1024x576.jpg"},{"@type":"BreadcrumbList","@id":"https:\/\/prezode-initiative.org\/es\/los-grupos-de-trabajo-del-pilar\/#breadcrumb","itemListElement":[{"@type":"ListItem","position":1,"name":"Home","item":"https:\/\/prezode-initiative.org\/es\/"},{"@type":"ListItem","position":2,"name":"Los Grupos de Trabajo del Pilar"}]},{"@type":"WebSite","@id":"https:\/\/prezode-initiative.org\/es\/#website","url":"https:\/\/prezode-initiative.org\/es\/","name":"Prezode","description":"","publisher":{"@id":"https:\/\/prezode-initiative.org\/es\/#organization"},"potentialAction":[{"@type":"SearchAction","target":{"@type":"EntryPoint","urlTemplate":"https:\/\/prezode-initiative.org\/es\/?s={search_term_string}"},"query-input":{"@type":"PropertyValueSpecification","valueRequired":true,"valueName":"search_term_string"}}],"inLanguage":"es"},{"@type":"Organization","@id":"https:\/\/prezode-initiative.org\/es\/#organization","name":"Prezode","url":"https:\/\/prezode-initiative.org\/es\/","logo":{"@type":"ImageObject","inLanguage":"es","@id":"https:\/\/prezode-initiative.org\/es\/#\/schema\/logo\/image\/","url":"https:\/\/prezode-initiative.org\/wp-content\/uploads\/2025\/02\/logo.png","contentUrl":"https:\/\/prezode-initiative.org\/wp-content\/uploads\/2025\/02\/logo.png","width":168,"height":118,"caption":"Prezode"},"image":{"@id":"https:\/\/prezode-initiative.org\/es\/#\/schema\/logo\/image\/"}}]}},"_links":{"self":[{"href":"https:\/\/prezode-initiative.org\/es\/wp-json\/wp\/v2\/pages\/4531","targetHints":{"allow":["GET"]}}],"collection":[{"href":"https:\/\/prezode-initiative.org\/es\/wp-json\/wp\/v2\/pages"}],"about":[{"href":"https:\/\/prezode-initiative.org\/es\/wp-json\/wp\/v2\/types\/page"}],"author":[{"embeddable":true,"href":"https:\/\/prezode-initiative.org\/es\/wp-json\/wp\/v2\/users\/1"}],"replies":[{"embeddable":true,"href":"https:\/\/prezode-initiative.org\/es\/wp-json\/wp\/v2\/comments?post=4531"}],"version-history":[{"count":2,"href":"https:\/\/prezode-initiative.org\/es\/wp-json\/wp\/v2\/pages\/4531\/revisions"}],"predecessor-version":[{"id":4537,"href":"https:\/\/prezode-initiative.org\/es\/wp-json\/wp\/v2\/pages\/4531\/revisions\/4537"}],"wp:attachment":[{"href":"https:\/\/prezode-initiative.org\/es\/wp-json\/wp\/v2\/media?parent=4531"}],"curies":[{"name":"wp","href":"https:\/\/api.w.org\/{rel}","templated":true}]}}