{"id":4316,"date":"2025-11-25T14:47:23","date_gmt":"2025-11-25T13:47:23","guid":{"rendered":"https:\/\/prezode-initiative.org\/estudios\/"},"modified":"2026-03-25T17:47:10","modified_gmt":"2026-03-25T16:47:10","slug":"estudios","status":"publish","type":"page","link":"https:\/\/prezode-initiative.org\/es\/estudios\/","title":{"rendered":"Estudios"},"content":{"rendered":"\n<p><\/p>\n\n<h2 class=\"wp-block-heading\">PREZODE dirige, apoya o participa en estudios internacionales relacionados con el dise\u00f1o y la aplicaci\u00f3n de la prevenci\u00f3n de riesgos emergentes en un enfoque de \u00abUna sola salud\u00bb.<\/h2>\n\n<p class=\"is-style-lead\"><\/p>\n\n<ul class=\"wp-block-list\">\n<li><a href=\"https:\/\/prezode-initiative.org\/es\/apoyar-una-prevencion-significativa-a-traves-de-una-salud\/\">Estudio internacional sobre la Gobernanza y la Operacionalizaci\u00f3n de Una Sola Salud<\/a><\/li>\n\n\n\n<li><a href=\"https:\/\/prezode-initiative.org\/es\/que-papel-desempenan-las-organizaciones-de-la-sociedad-civil-en-el-desarrollo-y-la-aplicacion-de-las-politicas-de-una-sola-salud\/\">Estudio internacional sobre la participaci\u00f3n de las OSC en la Gobernanza y la Operacionalizaci\u00f3n de la OH  <\/a><\/li>\n<\/ul>\n\n<p><\/p>\n","protected":false},"excerpt":{"rendered":"<p>PREZODE dirige, apoya o participa en estudios internacionales relacionados con el dise\u00f1o y la aplicaci\u00f3n de la prevenci\u00f3n de riesgos emergentes en un enfoque de \u00abUna sola salud\u00bb.<\/p>\n","protected":false},"author":2,"featured_media":4317,"parent":0,"menu_order":0,"comment_status":"closed","ping_status":"closed","template":"","meta":{"_acf_changed":false,"footnotes":""},"class_list":["post-4316","page","type-page","status-publish","has-post-thumbnail","hentry"],"acf":[],"yoast_head":"<!-- This site is optimized with the Yoast SEO plugin v27.6 - https:\/\/yoast.com\/product\/yoast-seo-wordpress\/ -->\n<title>Estudios - %<\/title>\n<meta name=\"robots\" content=\"index, follow, max-snippet:-1, max-image-preview:large, max-video-preview:-1\" \/>\n<link rel=\"canonical\" href=\"https:\/\/prezode-initiative.org\/es\/estudios\/\" \/>\n<meta property=\"og:locale\" content=\"es_ES\" \/>\n<meta property=\"og:type\" content=\"article\" \/>\n<meta property=\"og:title\" content=\"Estudios - %\" \/>\n<meta property=\"og:description\" content=\"PREZODE dirige, apoya o participa en estudios internacionales relacionados con el dise\u00f1o y la aplicaci\u00f3n de la prevenci\u00f3n de riesgos emergentes en un enfoque de \u00abUna sola salud\u00bb.\" \/>\n<meta property=\"og:url\" content=\"https:\/\/prezode-initiative.org\/es\/estudios\/\" \/>\n<meta property=\"og:site_name\" content=\"Prezode\" \/>\n<meta property=\"article:modified_time\" content=\"2026-03-25T16:47:10+00:00\" \/>\n<meta property=\"og:image\" content=\"https:\/\/prezode-initiative.org\/wp-content\/uploads\/2025\/11\/pexels-rdne-7092454-scaled-e1764078434442.jpg\" \/>\n\t<meta property=\"og:image:width\" content=\"1000\" \/>\n\t<meta property=\"og:image:height\" content=\"667\" \/>\n\t<meta property=\"og:image:type\" content=\"image\/jpeg\" \/>\n<meta name=\"twitter:card\" content=\"summary_large_image\" \/>\n<script type=\"application\/ld+json\" class=\"yoast-schema-graph\">{\"@context\":\"https:\\\/\\\/schema.org\",\"@graph\":[{\"@type\":\"WebPage\",\"@id\":\"https:\\\/\\\/prezode-initiative.org\\\/es\\\/estudios\\\/\",\"url\":\"https:\\\/\\\/prezode-initiative.org\\\/es\\\/estudios\\\/\",\"name\":\"Estudios - %\",\"isPartOf\":{\"@id\":\"https:\\\/\\\/prezode-initiative.org\\\/es\\\/#website\"},\"primaryImageOfPage\":{\"@id\":\"https:\\\/\\\/prezode-initiative.org\\\/es\\\/estudios\\\/#primaryimage\"},\"image\":{\"@id\":\"https:\\\/\\\/prezode-initiative.org\\\/es\\\/estudios\\\/#primaryimage\"},\"thumbnailUrl\":\"https:\\\/\\\/prezode-initiative.org\\\/wp-content\\\/uploads\\\/2025\\\/11\\\/pexels-rdne-7092454-scaled-e1764078434442.jpg\",\"datePublished\":\"2025-11-25T13:47:23+00:00\",\"dateModified\":\"2026-03-25T16:47:10+00:00\",\"breadcrumb\":{\"@id\":\"https:\\\/\\\/prezode-initiative.org\\\/es\\\/estudios\\\/#breadcrumb\"},\"inLanguage\":\"es\",\"potentialAction\":[{\"@type\":\"ReadAction\",\"target\":[\"https:\\\/\\\/prezode-initiative.org\\\/es\\\/estudios\\\/\"]}]},{\"@type\":\"ImageObject\",\"inLanguage\":\"es\",\"@id\":\"https:\\\/\\\/prezode-initiative.org\\\/es\\\/estudios\\\/#primaryimage\",\"url\":\"https:\\\/\\\/prezode-initiative.org\\\/wp-content\\\/uploads\\\/2025\\\/11\\\/pexels-rdne-7092454-scaled-e1764078434442.jpg\",\"contentUrl\":\"https:\\\/\\\/prezode-initiative.org\\\/wp-content\\\/uploads\\\/2025\\\/11\\\/pexels-rdne-7092454-scaled-e1764078434442.jpg\",\"width\":1000,\"height\":667,\"caption\":\"hand of a person writing on a notepad - questionnaire\"},{\"@type\":\"BreadcrumbList\",\"@id\":\"https:\\\/\\\/prezode-initiative.org\\\/es\\\/estudios\\\/#breadcrumb\",\"itemListElement\":[{\"@type\":\"ListItem\",\"position\":1,\"name\":\"Home\",\"item\":\"https:\\\/\\\/prezode-initiative.org\\\/es\\\/\"},{\"@type\":\"ListItem\",\"position\":2,\"name\":\"Estudios\"}]},{\"@type\":\"WebSite\",\"@id\":\"https:\\\/\\\/prezode-initiative.org\\\/es\\\/#website\",\"url\":\"https:\\\/\\\/prezode-initiative.org\\\/es\\\/\",\"name\":\"Prezode\",\"description\":\"\",\"publisher\":{\"@id\":\"https:\\\/\\\/prezode-initiative.org\\\/es\\\/#organization\"},\"potentialAction\":[{\"@type\":\"SearchAction\",\"target\":{\"@type\":\"EntryPoint\",\"urlTemplate\":\"https:\\\/\\\/prezode-initiative.org\\\/es\\\/?s={search_term_string}\"},\"query-input\":{\"@type\":\"PropertyValueSpecification\",\"valueRequired\":true,\"valueName\":\"search_term_string\"}}],\"inLanguage\":\"es\"},{\"@type\":\"Organization\",\"@id\":\"https:\\\/\\\/prezode-initiative.org\\\/es\\\/#organization\",\"name\":\"Prezode\",\"url\":\"https:\\\/\\\/prezode-initiative.org\\\/es\\\/\",\"logo\":{\"@type\":\"ImageObject\",\"inLanguage\":\"es\",\"@id\":\"https:\\\/\\\/prezode-initiative.org\\\/es\\\/#\\\/schema\\\/logo\\\/image\\\/\",\"url\":\"https:\\\/\\\/prezode-initiative.org\\\/wp-content\\\/uploads\\\/2025\\\/02\\\/logo.png\",\"contentUrl\":\"https:\\\/\\\/prezode-initiative.org\\\/wp-content\\\/uploads\\\/2025\\\/02\\\/logo.png\",\"width\":168,\"height\":118,\"caption\":\"Prezode\"},\"image\":{\"@id\":\"https:\\\/\\\/prezode-initiative.org\\\/es\\\/#\\\/schema\\\/logo\\\/image\\\/\"}}]}<\/script>\n<!-- \/ Yoast SEO plugin. -->","yoast_head_json":{"title":"Estudios - %","robots":{"index":"index","follow":"follow","max-snippet":"max-snippet:-1","max-image-preview":"max-image-preview:large","max-video-preview":"max-video-preview:-1"},"canonical":"https:\/\/prezode-initiative.org\/es\/estudios\/","og_locale":"es_ES","og_type":"article","og_title":"Estudios - %","og_description":"PREZODE dirige, apoya o participa en estudios internacionales relacionados con el dise\u00f1o y la aplicaci\u00f3n de la prevenci\u00f3n de riesgos emergentes en un enfoque de \u00abUna sola salud\u00bb.","og_url":"https:\/\/prezode-initiative.org\/es\/estudios\/","og_site_name":"Prezode","article_modified_time":"2026-03-25T16:47:10+00:00","og_image":[{"width":1000,"height":667,"url":"https:\/\/prezode-initiative.org\/wp-content\/uploads\/2025\/11\/pexels-rdne-7092454-scaled-e1764078434442.jpg","type":"image\/jpeg"}],"twitter_card":"summary_large_image","schema":{"@context":"https:\/\/schema.org","@graph":[{"@type":"WebPage","@id":"https:\/\/prezode-initiative.org\/es\/estudios\/","url":"https:\/\/prezode-initiative.org\/es\/estudios\/","name":"Estudios - %","isPartOf":{"@id":"https:\/\/prezode-initiative.org\/es\/#website"},"primaryImageOfPage":{"@id":"https:\/\/prezode-initiative.org\/es\/estudios\/#primaryimage"},"image":{"@id":"https:\/\/prezode-initiative.org\/es\/estudios\/#primaryimage"},"thumbnailUrl":"https:\/\/prezode-initiative.org\/wp-content\/uploads\/2025\/11\/pexels-rdne-7092454-scaled-e1764078434442.jpg","datePublished":"2025-11-25T13:47:23+00:00","dateModified":"2026-03-25T16:47:10+00:00","breadcrumb":{"@id":"https:\/\/prezode-initiative.org\/es\/estudios\/#breadcrumb"},"inLanguage":"es","potentialAction":[{"@type":"ReadAction","target":["https:\/\/prezode-initiative.org\/es\/estudios\/"]}]},{"@type":"ImageObject","inLanguage":"es","@id":"https:\/\/prezode-initiative.org\/es\/estudios\/#primaryimage","url":"https:\/\/prezode-initiative.org\/wp-content\/uploads\/2025\/11\/pexels-rdne-7092454-scaled-e1764078434442.jpg","contentUrl":"https:\/\/prezode-initiative.org\/wp-content\/uploads\/2025\/11\/pexels-rdne-7092454-scaled-e1764078434442.jpg","width":1000,"height":667,"caption":"hand of a person writing on a notepad - questionnaire"},{"@type":"BreadcrumbList","@id":"https:\/\/prezode-initiative.org\/es\/estudios\/#breadcrumb","itemListElement":[{"@type":"ListItem","position":1,"name":"Home","item":"https:\/\/prezode-initiative.org\/es\/"},{"@type":"ListItem","position":2,"name":"Estudios"}]},{"@type":"WebSite","@id":"https:\/\/prezode-initiative.org\/es\/#website","url":"https:\/\/prezode-initiative.org\/es\/","name":"Prezode","description":"","publisher":{"@id":"https:\/\/prezode-initiative.org\/es\/#organization"},"potentialAction":[{"@type":"SearchAction","target":{"@type":"EntryPoint","urlTemplate":"https:\/\/prezode-initiative.org\/es\/?s={search_term_string}"},"query-input":{"@type":"PropertyValueSpecification","valueRequired":true,"valueName":"search_term_string"}}],"inLanguage":"es"},{"@type":"Organization","@id":"https:\/\/prezode-initiative.org\/es\/#organization","name":"Prezode","url":"https:\/\/prezode-initiative.org\/es\/","logo":{"@type":"ImageObject","inLanguage":"es","@id":"https:\/\/prezode-initiative.org\/es\/#\/schema\/logo\/image\/","url":"https:\/\/prezode-initiative.org\/wp-content\/uploads\/2025\/02\/logo.png","contentUrl":"https:\/\/prezode-initiative.org\/wp-content\/uploads\/2025\/02\/logo.png","width":168,"height":118,"caption":"Prezode"},"image":{"@id":"https:\/\/prezode-initiative.org\/es\/#\/schema\/logo\/image\/"}}]}},"_links":{"self":[{"href":"https:\/\/prezode-initiative.org\/es\/wp-json\/wp\/v2\/pages\/4316","targetHints":{"allow":["GET"]}}],"collection":[{"href":"https:\/\/prezode-initiative.org\/es\/wp-json\/wp\/v2\/pages"}],"about":[{"href":"https:\/\/prezode-initiative.org\/es\/wp-json\/wp\/v2\/types\/page"}],"author":[{"embeddable":true,"href":"https:\/\/prezode-initiative.org\/es\/wp-json\/wp\/v2\/users\/2"}],"replies":[{"embeddable":true,"href":"https:\/\/prezode-initiative.org\/es\/wp-json\/wp\/v2\/comments?post=4316"}],"version-history":[{"count":3,"href":"https:\/\/prezode-initiative.org\/es\/wp-json\/wp\/v2\/pages\/4316\/revisions"}],"predecessor-version":[{"id":5766,"href":"https:\/\/prezode-initiative.org\/es\/wp-json\/wp\/v2\/pages\/4316\/revisions\/5766"}],"wp:featuredmedia":[{"embeddable":true,"href":"https:\/\/prezode-initiative.org\/es\/wp-json\/wp\/v2\/media\/4317"}],"wp:attachment":[{"href":"https:\/\/prezode-initiative.org\/es\/wp-json\/wp\/v2\/media?parent=4316"}],"curies":[{"name":"wp","href":"https:\/\/api.w.org\/{rel}","templated":true}]}}