{"id":4306,"date":"2025-09-10T17:42:06","date_gmt":"2025-09-10T15:42:06","guid":{"rendered":"https:\/\/prezode-initiative.org\/the-one-health-initiatives-platform\/"},"modified":"2026-03-25T17:46:47","modified_gmt":"2026-03-25T16:46:47","slug":"the-one-health-initiatives-platform","status":"publish","type":"page","link":"https:\/\/prezode-initiative.org\/es\/the-one-health-initiatives-platform\/","title":{"rendered":"La Plataforma \u00abUna sola salud"},"content":{"rendered":"\n<p><\/p>\n\n<h2 class=\"wp-block-heading\"><strong><strong>Explora una<\/strong>plataforma <strong><strong> interactiva <\/strong><\/strong>que mapea las Iniciativas de Una Salud en todo el mundo implicadas en la prevenci\u00f3n de las zoonosis. A <strong><strong><strong>base de datos \u00fanica desarrollada por<\/strong><\/strong><\/strong> <strong>PREZODE <\/strong>.  <\/strong><\/h2>\n\n<p><\/p>\n\n<div class=\"wp-block-buttons is-content-justification-center is-layout-flex wp-container-core-buttons-is-layout-16018d1d wp-block-buttons-is-layout-flex\">\n<div class=\"wp-block-button is-style-outline is-style-outline--1\"><a class=\"wp-block-button__link has-pz-orange-color has-text-color has-link-color has-text-align-center wp-element-button\" href=\"https:\/\/www.initiatives-prezode.com\/map-approaches.php?language=2\" target=\"_blank\" rel=\"noreferrer noopener\">Acceso a la <strong>Plataforma Una Salud<\/strong><\/a><\/div>\n<\/div>\n\n<p><\/p>\n\n<p>La Plataforma de Iniciativas de Una Sola Salud muestra la distribuci\u00f3n geogr\u00e1fica de las actividades, proyectos, programas o iniciativas<strong>(APPI<\/strong> ) mundiales destinados a prevenir o reducir los riesgos sanitarios emergentes mediante un enfoque de Una Sola Salud, que conecte la salud humana, animal y medioambiental. Permite:<\/p>\n\n<ul class=\"wp-block-list\">\n<li>Explora un <strong>mapa interactivo<\/strong> y una <strong>lista<\/strong> de iniciativas de Una Salud en todo el mundo.  <\/li>\n\n\n\n<li>Averigua m\u00e1s sobre cada APPI, incluyendo lo que quieren conseguir, los sectores en los que trabajan, los pa\u00edses en los que operan y qui\u00e9nes son sus socios.  <\/li>\n\n\n\n<li>A\u00f1ade o actualiza informaci\u00f3n sobre los proyectos en los que participas o trabajas.  <\/li>\n\n\n\n<li>\u00danete a una comunidad que trabaja para prevenir los riesgos zoon\u00f3ticos.<\/li>\n<\/ul>\n\n<h3 class=\"wp-block-heading\">Mapeo de las actividades, proyectos, programas e iniciativas de Una Salud<\/h3>\n\n<p>Esta base de datos, que se actualiza peri\u00f3dicamente, presenta las caracter\u00edsticas clave de cada una de las iniciativas que se comprometen a abordar o reducir los riesgos derivados del cambio, ya sea medioambiental o global, con un enfoque de \u00abUna sola salud\u00bb. Los datos iniciales sobre proyectos\/programas\/iniciativas que aqu\u00ed se presentan se han recogido inicialmente a trav\u00e9s de: <\/p>\n\n<ul class=\"wp-block-list\">\n<li>Una revisi\u00f3n exhaustiva de la literatura (Laury et al. en preparaci\u00f3n).<\/li>\n\n\n\n<li>Los 27 <a href=\"https:\/\/prezode-initiative.org\/es\/talleres-de-co-construccion\/\" target=\"_blank\" rel=\"noreferrer noopener\">talleres<\/a> regionales organizados como parte del proceso de codise\u00f1o de PREZODE.<\/li>\n\n\n\n<li>Entrevistas semiestructuradas en pa\u00edses y regiones actualmente en curso dentro de los programas PREZODE y PREACTs de investigaci\u00f3n y desarrollo.<\/li>\n<\/ul>\n\n<p><\/p>\n","protected":false},"excerpt":{"rendered":"<p>Explora unaplataforma interactiva que mapea las Iniciativas de Una Salud en todo el mundo implicadas en la prevenci\u00f3n de las zoonosis. A base de datos \u00fanica desarrollada por PREZODE . La Plataforma de Iniciativas de Una Sola Salud muestra la distribuci\u00f3n geogr\u00e1fica de las actividades, proyectos, programas o iniciativas(APPI ) mundiales destinados a prevenir o<a href=\"https:\/\/prezode-initiative.org\/es\/the-one-health-initiatives-platform\/\">Continue reading <span class=\"sr-only\">\u00abLa Plataforma \u00abUna sola salud\u00bb<\/span><\/a><\/p>\n","protected":false},"author":2,"featured_media":4308,"parent":0,"menu_order":0,"comment_status":"closed","ping_status":"closed","template":"template-pages\/article-page.php","meta":{"_acf_changed":false,"footnotes":""},"class_list":["post-4306","page","type-page","status-publish","has-post-thumbnail","hentry"],"acf":[],"yoast_head":"<!-- This site is optimized with the Yoast SEO plugin v27.6 - https:\/\/yoast.com\/product\/yoast-seo-wordpress\/ -->\n<title>La Plataforma &quot;Una sola salud - %<\/title>\n<meta name=\"robots\" content=\"index, follow, max-snippet:-1, max-image-preview:large, max-video-preview:-1\" \/>\n<link rel=\"canonical\" href=\"https:\/\/prezode-initiative.org\/es\/the-one-health-initiatives-platform\/\" \/>\n<meta property=\"og:locale\" content=\"es_ES\" \/>\n<meta property=\"og:type\" content=\"article\" \/>\n<meta property=\"og:title\" content=\"La Plataforma &quot;Una sola salud - %\" \/>\n<meta property=\"og:description\" content=\"Explora unaplataforma interactiva que mapea las Iniciativas de Una Salud en todo el mundo implicadas en la prevenci\u00f3n de las zoonosis. A base de datos \u00fanica desarrollada por PREZODE . La Plataforma de Iniciativas de Una Sola Salud muestra la distribuci\u00f3n geogr\u00e1fica de las actividades, proyectos, programas o iniciativas(APPI ) mundiales destinados a prevenir oContinue reading &quot;La Plataforma \u00abUna sola salud&quot;\" \/>\n<meta property=\"og:url\" content=\"https:\/\/prezode-initiative.org\/es\/the-one-health-initiatives-platform\/\" \/>\n<meta property=\"og:site_name\" content=\"Prezode\" \/>\n<meta property=\"article:modified_time\" content=\"2026-03-25T16:46:47+00:00\" \/>\n<meta property=\"og:image\" content=\"https:\/\/prezode-initiative.org\/wp-content\/uploads\/2025\/09\/Capture-decran-2025-09-05-161229.png\" \/>\n\t<meta property=\"og:image:width\" content=\"1186\" \/>\n\t<meta property=\"og:image:height\" content=\"716\" \/>\n\t<meta property=\"og:image:type\" content=\"image\/png\" \/>\n<meta name=\"twitter:card\" content=\"summary_large_image\" \/>\n<meta name=\"twitter:label1\" content=\"Tiempo de lectura\" \/>\n\t<meta name=\"twitter:data1\" content=\"1 minuto\" \/>\n<script type=\"application\/ld+json\" class=\"yoast-schema-graph\">{\"@context\":\"https:\\\/\\\/schema.org\",\"@graph\":[{\"@type\":\"WebPage\",\"@id\":\"https:\\\/\\\/prezode-initiative.org\\\/es\\\/the-one-health-initiatives-platform\\\/\",\"url\":\"https:\\\/\\\/prezode-initiative.org\\\/es\\\/the-one-health-initiatives-platform\\\/\",\"name\":\"La Plataforma \\\"Una sola salud - %\",\"isPartOf\":{\"@id\":\"https:\\\/\\\/prezode-initiative.org\\\/es\\\/#website\"},\"primaryImageOfPage\":{\"@id\":\"https:\\\/\\\/prezode-initiative.org\\\/es\\\/the-one-health-initiatives-platform\\\/#primaryimage\"},\"image\":{\"@id\":\"https:\\\/\\\/prezode-initiative.org\\\/es\\\/the-one-health-initiatives-platform\\\/#primaryimage\"},\"thumbnailUrl\":\"https:\\\/\\\/prezode-initiative.org\\\/wp-content\\\/uploads\\\/2025\\\/09\\\/Capture-decran-2025-09-05-161229.png\",\"datePublished\":\"2025-09-10T15:42:06+00:00\",\"dateModified\":\"2026-03-25T16:46:47+00:00\",\"breadcrumb\":{\"@id\":\"https:\\\/\\\/prezode-initiative.org\\\/es\\\/the-one-health-initiatives-platform\\\/#breadcrumb\"},\"inLanguage\":\"es\",\"potentialAction\":[{\"@type\":\"ReadAction\",\"target\":[\"https:\\\/\\\/prezode-initiative.org\\\/es\\\/the-one-health-initiatives-platform\\\/\"]}]},{\"@type\":\"ImageObject\",\"inLanguage\":\"es\",\"@id\":\"https:\\\/\\\/prezode-initiative.org\\\/es\\\/the-one-health-initiatives-platform\\\/#primaryimage\",\"url\":\"https:\\\/\\\/prezode-initiative.org\\\/wp-content\\\/uploads\\\/2025\\\/09\\\/Capture-decran-2025-09-05-161229.png\",\"contentUrl\":\"https:\\\/\\\/prezode-initiative.org\\\/wp-content\\\/uploads\\\/2025\\\/09\\\/Capture-decran-2025-09-05-161229.png\",\"width\":1186,\"height\":716,\"caption\":\"Mapping of One Health Activities, Projects, Programs, and Initiatives\"},{\"@type\":\"BreadcrumbList\",\"@id\":\"https:\\\/\\\/prezode-initiative.org\\\/es\\\/the-one-health-initiatives-platform\\\/#breadcrumb\",\"itemListElement\":[{\"@type\":\"ListItem\",\"position\":1,\"name\":\"Home\",\"item\":\"https:\\\/\\\/prezode-initiative.org\\\/es\\\/\"},{\"@type\":\"ListItem\",\"position\":2,\"name\":\"La Plataforma \u00abUna sola salud\"}]},{\"@type\":\"WebSite\",\"@id\":\"https:\\\/\\\/prezode-initiative.org\\\/es\\\/#website\",\"url\":\"https:\\\/\\\/prezode-initiative.org\\\/es\\\/\",\"name\":\"Prezode\",\"description\":\"\",\"publisher\":{\"@id\":\"https:\\\/\\\/prezode-initiative.org\\\/es\\\/#organization\"},\"potentialAction\":[{\"@type\":\"SearchAction\",\"target\":{\"@type\":\"EntryPoint\",\"urlTemplate\":\"https:\\\/\\\/prezode-initiative.org\\\/es\\\/?s={search_term_string}\"},\"query-input\":{\"@type\":\"PropertyValueSpecification\",\"valueRequired\":true,\"valueName\":\"search_term_string\"}}],\"inLanguage\":\"es\"},{\"@type\":\"Organization\",\"@id\":\"https:\\\/\\\/prezode-initiative.org\\\/es\\\/#organization\",\"name\":\"Prezode\",\"url\":\"https:\\\/\\\/prezode-initiative.org\\\/es\\\/\",\"logo\":{\"@type\":\"ImageObject\",\"inLanguage\":\"es\",\"@id\":\"https:\\\/\\\/prezode-initiative.org\\\/es\\\/#\\\/schema\\\/logo\\\/image\\\/\",\"url\":\"https:\\\/\\\/prezode-initiative.org\\\/wp-content\\\/uploads\\\/2025\\\/02\\\/logo.png\",\"contentUrl\":\"https:\\\/\\\/prezode-initiative.org\\\/wp-content\\\/uploads\\\/2025\\\/02\\\/logo.png\",\"width\":168,\"height\":118,\"caption\":\"Prezode\"},\"image\":{\"@id\":\"https:\\\/\\\/prezode-initiative.org\\\/es\\\/#\\\/schema\\\/logo\\\/image\\\/\"}}]}<\/script>\n<!-- \/ Yoast SEO plugin. -->","yoast_head_json":{"title":"La Plataforma \"Una sola salud - %","robots":{"index":"index","follow":"follow","max-snippet":"max-snippet:-1","max-image-preview":"max-image-preview:large","max-video-preview":"max-video-preview:-1"},"canonical":"https:\/\/prezode-initiative.org\/es\/the-one-health-initiatives-platform\/","og_locale":"es_ES","og_type":"article","og_title":"La Plataforma \"Una sola salud - %","og_description":"Explora unaplataforma interactiva que mapea las Iniciativas de Una Salud en todo el mundo implicadas en la prevenci\u00f3n de las zoonosis. A base de datos \u00fanica desarrollada por PREZODE . La Plataforma de Iniciativas de Una Sola Salud muestra la distribuci\u00f3n geogr\u00e1fica de las actividades, proyectos, programas o iniciativas(APPI ) mundiales destinados a prevenir oContinue reading \"La Plataforma \u00abUna sola salud\"","og_url":"https:\/\/prezode-initiative.org\/es\/the-one-health-initiatives-platform\/","og_site_name":"Prezode","article_modified_time":"2026-03-25T16:46:47+00:00","og_image":[{"width":1186,"height":716,"url":"https:\/\/prezode-initiative.org\/wp-content\/uploads\/2025\/09\/Capture-decran-2025-09-05-161229.png","type":"image\/png"}],"twitter_card":"summary_large_image","twitter_misc":{"Tiempo de lectura":"1 minuto"},"schema":{"@context":"https:\/\/schema.org","@graph":[{"@type":"WebPage","@id":"https:\/\/prezode-initiative.org\/es\/the-one-health-initiatives-platform\/","url":"https:\/\/prezode-initiative.org\/es\/the-one-health-initiatives-platform\/","name":"La Plataforma \"Una sola salud - %","isPartOf":{"@id":"https:\/\/prezode-initiative.org\/es\/#website"},"primaryImageOfPage":{"@id":"https:\/\/prezode-initiative.org\/es\/the-one-health-initiatives-platform\/#primaryimage"},"image":{"@id":"https:\/\/prezode-initiative.org\/es\/the-one-health-initiatives-platform\/#primaryimage"},"thumbnailUrl":"https:\/\/prezode-initiative.org\/wp-content\/uploads\/2025\/09\/Capture-decran-2025-09-05-161229.png","datePublished":"2025-09-10T15:42:06+00:00","dateModified":"2026-03-25T16:46:47+00:00","breadcrumb":{"@id":"https:\/\/prezode-initiative.org\/es\/the-one-health-initiatives-platform\/#breadcrumb"},"inLanguage":"es","potentialAction":[{"@type":"ReadAction","target":["https:\/\/prezode-initiative.org\/es\/the-one-health-initiatives-platform\/"]}]},{"@type":"ImageObject","inLanguage":"es","@id":"https:\/\/prezode-initiative.org\/es\/the-one-health-initiatives-platform\/#primaryimage","url":"https:\/\/prezode-initiative.org\/wp-content\/uploads\/2025\/09\/Capture-decran-2025-09-05-161229.png","contentUrl":"https:\/\/prezode-initiative.org\/wp-content\/uploads\/2025\/09\/Capture-decran-2025-09-05-161229.png","width":1186,"height":716,"caption":"Mapping of One Health Activities, Projects, Programs, and Initiatives"},{"@type":"BreadcrumbList","@id":"https:\/\/prezode-initiative.org\/es\/the-one-health-initiatives-platform\/#breadcrumb","itemListElement":[{"@type":"ListItem","position":1,"name":"Home","item":"https:\/\/prezode-initiative.org\/es\/"},{"@type":"ListItem","position":2,"name":"La Plataforma \u00abUna sola salud"}]},{"@type":"WebSite","@id":"https:\/\/prezode-initiative.org\/es\/#website","url":"https:\/\/prezode-initiative.org\/es\/","name":"Prezode","description":"","publisher":{"@id":"https:\/\/prezode-initiative.org\/es\/#organization"},"potentialAction":[{"@type":"SearchAction","target":{"@type":"EntryPoint","urlTemplate":"https:\/\/prezode-initiative.org\/es\/?s={search_term_string}"},"query-input":{"@type":"PropertyValueSpecification","valueRequired":true,"valueName":"search_term_string"}}],"inLanguage":"es"},{"@type":"Organization","@id":"https:\/\/prezode-initiative.org\/es\/#organization","name":"Prezode","url":"https:\/\/prezode-initiative.org\/es\/","logo":{"@type":"ImageObject","inLanguage":"es","@id":"https:\/\/prezode-initiative.org\/es\/#\/schema\/logo\/image\/","url":"https:\/\/prezode-initiative.org\/wp-content\/uploads\/2025\/02\/logo.png","contentUrl":"https:\/\/prezode-initiative.org\/wp-content\/uploads\/2025\/02\/logo.png","width":168,"height":118,"caption":"Prezode"},"image":{"@id":"https:\/\/prezode-initiative.org\/es\/#\/schema\/logo\/image\/"}}]}},"_links":{"self":[{"href":"https:\/\/prezode-initiative.org\/es\/wp-json\/wp\/v2\/pages\/4306","targetHints":{"allow":["GET"]}}],"collection":[{"href":"https:\/\/prezode-initiative.org\/es\/wp-json\/wp\/v2\/pages"}],"about":[{"href":"https:\/\/prezode-initiative.org\/es\/wp-json\/wp\/v2\/types\/page"}],"author":[{"embeddable":true,"href":"https:\/\/prezode-initiative.org\/es\/wp-json\/wp\/v2\/users\/2"}],"replies":[{"embeddable":true,"href":"https:\/\/prezode-initiative.org\/es\/wp-json\/wp\/v2\/comments?post=4306"}],"version-history":[{"count":3,"href":"https:\/\/prezode-initiative.org\/es\/wp-json\/wp\/v2\/pages\/4306\/revisions"}],"predecessor-version":[{"id":5711,"href":"https:\/\/prezode-initiative.org\/es\/wp-json\/wp\/v2\/pages\/4306\/revisions\/5711"}],"wp:featuredmedia":[{"embeddable":true,"href":"https:\/\/prezode-initiative.org\/es\/wp-json\/wp\/v2\/media\/4308"}],"wp:attachment":[{"href":"https:\/\/prezode-initiative.org\/es\/wp-json\/wp\/v2\/media?parent=4306"}],"curies":[{"name":"wp","href":"https:\/\/api.w.org\/{rel}","templated":true}]}}