{"id":6599,"date":"2026-05-04T18:38:35","date_gmt":"2026-05-04T16:38:35","guid":{"rendered":"https:\/\/prezode-initiative.org\/?page_id=6599"},"modified":"2026-05-05T10:33:20","modified_gmt":"2026-05-05T08:33:20","slug":"publications-and-studies","status":"publish","type":"page","link":"https:\/\/prezode-initiative.org\/en\/publications-and-studies\/","title":{"rendered":"publications"},"content":{"rendered":"\n<h1 class=\"wp-block-heading has-pz-dark-blue-color has-text-color has-link-color wp-elements-dbcb9c1685de9f9ff780b34c4559c304\">Publications and studies<\/h1>\n\n\n\n<h2 class=\"wp-block-heading\"><\/h2>\n\n\n\n<h2 class=\"wp-block-heading has-pz-dark-blue-color has-text-color has-link-color wp-elements-3d90c63ac26ad3eb5a84df550b64144d\">As a scientific initiative, PREZODE and its experts regularly publish research articles, opinion papers, and commentaries in peer-reviewed journals. <br>PREZODE also leads, supports, and contributes to international studies dedicated to designing and implementing prevention strategies against emerging risks, through a One Health approach. <br>Below, you will find a selection of links to these works, policy briefs, and research projects.<\/h2>\n\n\n\n<p><\/p>\n\n\n\n<h2 class=\"wp-block-heading has-tertiary-color has-text-color has-link-color wp-elements-fab8f1ab62fbc7003e8f4c9ca12c0c18\">Publications<\/h2>\n\n\n\n<ul class=\"wp-block-list\">\n<li class=\"has-pz-orange-color has-text-color has-link-color has-medium-font-size wp-elements-97a2d4767687b63956adebbffe42cb67\">&#8220;<strong><em>PREZODE: a global co-designed collaboration for preventing zoonotic emergence<\/em><\/strong>.&#8221; <\/li>\n<\/ul>\n\n\n\n<p>An article co-authored by key experts involved in the initiative and published in Nature Health in April 2026. The article details the process that led to PREZODE\u2019s strategic agenda, the roadmap for operationalizing upstream prevention: a large-scale co-construction process involving scientists, communities, governments, and practitioners. It presents the three pathways of change: 1) Build the knowledge base for targeted, locally adapted prevention; &nbsp;2) Place communities and collaboration at the heart of prevention. 3) Enable prevention through data governance, ethics, and sustainable financing. <a href=\"https:\/\/www.nature.com\/articles\/s44360-026-00103-3\" type=\"link\" id=\"https:\/\/www.nature.com\/articles\/s44360-026-00103-3\">Read the article<\/a>.<\/p>\n\n\n\n<p><\/p>\n\n\n\n<p><\/p>\n\n\n\n<ul class=\"wp-block-list\">\n<li class=\"has-pz-orange-color has-text-color has-link-color has-medium-font-size wp-elements-661336e7f335b8bee39bc4e00d60e7b4\"><strong>The PREZODE&nbsp;Strategic Agenda<\/strong><\/li>\n<\/ul>\n\n\n\n<p><\/p>\n\n\n\n<p><\/p>\n\n\n\n<div class=\"wp-block-media-text is-stacked-on-mobile\" style=\"grid-template-columns:58% auto\"><figure class=\"wp-block-media-text__media\"><img loading=\"lazy\" decoding=\"async\" width=\"1024\" height=\"576\" src=\"https:\/\/prezode-initiative.org\/wp-content\/uploads\/2025\/03\/PREZODE-PILLARS-1024x576.jpg\" alt=\"\" class=\"wp-image-657 size-full\" srcset=\"https:\/\/prezode-initiative.org\/wp-content\/uploads\/2025\/03\/PREZODE-PILLARS-1024x576.jpg 1024w, https:\/\/prezode-initiative.org\/wp-content\/uploads\/2025\/03\/PREZODE-PILLARS-300x169.jpg 300w, https:\/\/prezode-initiative.org\/wp-content\/uploads\/2025\/03\/PREZODE-PILLARS-768x432.jpg 768w, https:\/\/prezode-initiative.org\/wp-content\/uploads\/2025\/03\/PREZODE-PILLARS-1536x864.jpg 1536w, https:\/\/prezode-initiative.org\/wp-content\/uploads\/2025\/03\/PREZODE-PILLARS.jpg 1920w\" sizes=\"auto, (max-width: 1024px) 100vw, 1024px\" \/><\/figure><div class=\"wp-block-media-text__content\">\n<p>The research and operational roadmap of the Initiative&nbsp;explores a series of research themes, supporting surveillance and operational actions for each. The document details the knowledge gaps in research to be filled and the operational activities to be targeted over this timeframe in the medium and long term. It also provides a global impact pathway on how PREZODE will contribute to preventing emerging zoonotic diseases. <a href=\"https:\/\/prezode-initiative.org\/wp-content\/uploads\/2025\/03\/PREZODE_Strategic_Agenda.pdf\" type=\"link\" id=\"https:\/\/prezode-initiative.org\/wp-content\/uploads\/2025\/03\/PREZODE_Strategic_Agenda.pdf\">See and download the Agenda<\/a>.<\/p>\n<\/div><\/div>\n\n\n\n<ul class=\"wp-block-list\">\n<li><\/li>\n\n\n\n<li class=\"has-pz-orange-color has-text-color has-link-color has-medium-font-size wp-elements-676c577f6b7e79db0dfd79c3d594e6e8\"><strong>PREZODE: preventing zoonotic disease emergence<\/strong><\/li>\n<\/ul>\n\n\n\n<p>Published in The Lancet in February 2021, this article outlines the rationale behind the Initiative and the context in which it was launched. <strong>Co-authors: Marisa Peyre, Gwena\u00ebl Vourc&#8217;h, Thierry Lefran\u00e7ois, Yves Martin-Prevel, Jean-Fran\u00e7ois Soussana, Benjamin Roche<\/strong>.<br><a href=\"https:\/\/www.thelancet.com\/journals\/lancet\/article\/PIIS0140-6736(21)00265-8\/fulltext\" type=\"link\" id=\"https:\/\/www.thelancet.com\/journals\/lancet\/article\/PIIS0140-6736(21)00265-8\/fulltext\">Read the publication.<\/a><\/p>\n\n\n\n<p><\/p>\n\n\n\n<h2 class=\"wp-block-heading has-tertiary-color has-text-color has-link-color wp-elements-14330cd71d6ff207afd33103934a26d5\">Policy Brief<\/h2>\n\n\n\n<div class=\"wp-block-media-text is-stacked-on-mobile\"><figure class=\"wp-block-media-text__media\"><img loading=\"lazy\" decoding=\"async\" width=\"1024\" height=\"768\" src=\"https:\/\/prezode-initiative.org\/wp-content\/uploads\/2026\/05\/b9913d0080a0685707c2916de449a5cf-1024x768.png\" alt=\"\" class=\"wp-image-6616 size-full\" srcset=\"https:\/\/prezode-initiative.org\/wp-content\/uploads\/2026\/05\/b9913d0080a0685707c2916de449a5cf-1024x768.png 1024w, https:\/\/prezode-initiative.org\/wp-content\/uploads\/2026\/05\/b9913d0080a0685707c2916de449a5cf-300x225.png 300w, https:\/\/prezode-initiative.org\/wp-content\/uploads\/2026\/05\/b9913d0080a0685707c2916de449a5cf-768x576.png 768w, https:\/\/prezode-initiative.org\/wp-content\/uploads\/2026\/05\/b9913d0080a0685707c2916de449a5cf.png 1200w\" sizes=\"auto, (max-width: 1024px) 100vw, 1024px\" \/><\/figure><div class=\"wp-block-media-text__content\">\n<p class=\"has-pz-dark-blue-color has-text-color has-link-color wp-elements-a21008e621cd7a5262beabf634bf92b9\"><strong>One Health in Action: From Institutional Commitment to Effective Prevention<\/strong>.<br><br>Based on a literature review, an international survey with more than 260 respondents from 80 countries, and expert interviews, the study provides one of the most comprehensive overviews of One Health governance worldwide. The results show that many countries\u2014including low- and middle-income countries\u2014have already institutionalized One Health through national platforms, policies, or scientific committees. However, institutionalization alone does not guarantee effective implementation.<br><\/p>\n<\/div><\/div>\n\n\n\n<h2 class=\"wp-block-heading has-tertiary-color has-text-color has-link-color wp-elements-548b0cd413b5f90a2175825480a37e6e\">Studies<\/h2>\n\n\n\n<p><\/p>\n\n\n\n<p><\/p>\n\n\n\n<ul class=\"wp-block-list\">\n<li><a href=\"https:\/\/prezode-initiative.org\/en\/what-role-do-civil-society-organizations-play-in-the-development-and-implementation-of-one-health-policies\/\" type=\"link\" id=\"https:\/\/prezode-initiative.org\/en\/what-role-do-civil-society-organizations-play-in-the-development-and-implementation-of-one-health-policies\/\">International study on CSO engagement in OH Governance and <\/a><a href=\"https:\/\/prezode-initiative.org\/en\/what-role-do-civil-society-organizations-play-in-the-development-and-implementation-of-one-health-policies\/\" type=\"link\" id=\"https:\/\/prezode-initiative.org\/en\/what-role-do-civil-society-organizations-play-in-the-development-and-implementation-of-one-health-policies\/\" target=\"_blank\" rel=\"noreferrer noopener\">Operationalisation<\/a><\/li>\n<\/ul>\n\n\n\n<p><\/p>\n\n\n\n<figure class=\"wp-block-image size-large\"><img loading=\"lazy\" decoding=\"async\" width=\"1024\" height=\"683\" src=\"https:\/\/prezode-initiative.org\/wp-content\/uploads\/2026\/05\/pexels-hikaique-105249-1024x683.jpg\" alt=\"landscape with a large line of horizon, with a large tree and cattle viewed from quite a distance. A large blue sky with clouds overlooks the scene. \" class=\"wp-image-6619\" srcset=\"https:\/\/prezode-initiative.org\/wp-content\/uploads\/2026\/05\/pexels-hikaique-105249-1024x683.jpg 1024w, https:\/\/prezode-initiative.org\/wp-content\/uploads\/2026\/05\/pexels-hikaique-105249-300x200.jpg 300w, https:\/\/prezode-initiative.org\/wp-content\/uploads\/2026\/05\/pexels-hikaique-105249-768x512.jpg 768w, https:\/\/prezode-initiative.org\/wp-content\/uploads\/2026\/05\/pexels-hikaique-105249-1536x1024.jpg 1536w, https:\/\/prezode-initiative.org\/wp-content\/uploads\/2026\/05\/pexels-hikaique-105249-2048x1365.jpg 2048w, https:\/\/prezode-initiative.org\/wp-content\/uploads\/2026\/05\/pexels-hikaique-105249-144x96.jpg 144w\" sizes=\"auto, (max-width: 1024px) 100vw, 1024px\" \/><\/figure>\n\n\n\n<h2 class=\"wp-block-heading\"><\/h2>\n\n\n\n<h2 class=\"wp-block-heading\"><\/h2>\n\n\n\n<p><\/p>\n","protected":false},"excerpt":{"rendered":"<p>Publications and studies As a scientific initiative, PREZODE and its experts regularly publish research articles, opinion papers, and commentaries in peer-reviewed journals. PREZODE also leads, supports, and contributes to international studies dedicated to designing and implementing prevention strategies against emerging risks, through a One Health approach. Below, you will find a selection of links to<a href=\"https:\/\/prezode-initiative.org\/en\/publications-and-studies\/\">Continue reading <span class=\"sr-only\">&#8220;publications&#8221;<\/span><\/a><\/p>\n","protected":false},"author":2,"featured_media":6601,"parent":0,"menu_order":0,"comment_status":"closed","ping_status":"closed","template":"template-pages\/article-page.php","meta":{"_acf_changed":false,"footnotes":""},"class_list":["post-6599","page","type-page","status-publish","has-post-thumbnail","hentry"],"acf":[],"yoast_head":"<!-- This site is optimized with the Yoast SEO plugin v27.5 - https:\/\/yoast.com\/product\/yoast-seo-wordpress\/ -->\n<title>publications - Prezode<\/title>\n<meta name=\"robots\" content=\"index, follow, max-snippet:-1, max-image-preview:large, max-video-preview:-1\" \/>\n<link rel=\"canonical\" href=\"https:\/\/prezode-initiative.org\/en\/publications-and-studies\/\" \/>\n<meta property=\"og:locale\" content=\"en_US\" \/>\n<meta property=\"og:type\" content=\"article\" \/>\n<meta property=\"og:title\" content=\"publications - Prezode\" \/>\n<meta property=\"og:description\" content=\"Publications and studies As a scientific initiative, PREZODE and its experts regularly publish research articles, opinion papers, and commentaries in peer-reviewed journals. PREZODE also leads, supports, and contributes to international studies dedicated to designing and implementing prevention strategies against emerging risks, through a One Health approach. Below, you will find a selection of links toContinue reading &quot;publications&quot;\" \/>\n<meta property=\"og:url\" content=\"https:\/\/prezode-initiative.org\/en\/publications-and-studies\/\" \/>\n<meta property=\"og:site_name\" content=\"Prezode\" \/>\n<meta property=\"article:modified_time\" content=\"2026-05-05T08:33:20+00:00\" \/>\n<meta property=\"og:image\" content=\"https:\/\/prezode-initiative.org\/wp-content\/uploads\/2026\/05\/detait-A1_rJmm6hz8-unsplash-scaled-e1777911818663.jpg\" \/>\n\t<meta property=\"og:image:width\" content=\"1309\" \/>\n\t<meta property=\"og:image:height\" content=\"873\" \/>\n\t<meta property=\"og:image:type\" content=\"image\/jpeg\" \/>\n<meta name=\"twitter:card\" content=\"summary_large_image\" \/>\n<meta name=\"twitter:label1\" content=\"Est. reading time\" \/>\n\t<meta name=\"twitter:data1\" content=\"3 minutes\" \/>\n<script type=\"application\/ld+json\" class=\"yoast-schema-graph\">{\"@context\":\"https:\\\/\\\/schema.org\",\"@graph\":[{\"@type\":\"WebPage\",\"@id\":\"https:\\\/\\\/prezode-initiative.org\\\/en\\\/publications-and-studies\\\/\",\"url\":\"https:\\\/\\\/prezode-initiative.org\\\/en\\\/publications-and-studies\\\/\",\"name\":\"publications - Prezode\",\"isPartOf\":{\"@id\":\"https:\\\/\\\/prezode-initiative.org\\\/en\\\/#website\"},\"primaryImageOfPage\":{\"@id\":\"https:\\\/\\\/prezode-initiative.org\\\/en\\\/publications-and-studies\\\/#primaryimage\"},\"image\":{\"@id\":\"https:\\\/\\\/prezode-initiative.org\\\/en\\\/publications-and-studies\\\/#primaryimage\"},\"thumbnailUrl\":\"https:\\\/\\\/prezode-initiative.org\\\/wp-content\\\/uploads\\\/2026\\\/05\\\/detait-A1_rJmm6hz8-unsplash-scaled-e1777911818663.jpg\",\"datePublished\":\"2026-05-04T16:38:35+00:00\",\"dateModified\":\"2026-05-05T08:33:20+00:00\",\"breadcrumb\":{\"@id\":\"https:\\\/\\\/prezode-initiative.org\\\/en\\\/publications-and-studies\\\/#breadcrumb\"},\"inLanguage\":\"en-US\",\"potentialAction\":[{\"@type\":\"ReadAction\",\"target\":[\"https:\\\/\\\/prezode-initiative.org\\\/en\\\/publications-and-studies\\\/\"]}]},{\"@type\":\"ImageObject\",\"inLanguage\":\"en-US\",\"@id\":\"https:\\\/\\\/prezode-initiative.org\\\/en\\\/publications-and-studies\\\/#primaryimage\",\"url\":\"https:\\\/\\\/prezode-initiative.org\\\/wp-content\\\/uploads\\\/2026\\\/05\\\/detait-A1_rJmm6hz8-unsplash-scaled-e1777911818663.jpg\",\"contentUrl\":\"https:\\\/\\\/prezode-initiative.org\\\/wp-content\\\/uploads\\\/2026\\\/05\\\/detait-A1_rJmm6hz8-unsplash-scaled-e1777911818663.jpg\",\"width\":1309,\"height\":873,\"caption\":\"library - view on rows of books from a high perspective\"},{\"@type\":\"BreadcrumbList\",\"@id\":\"https:\\\/\\\/prezode-initiative.org\\\/en\\\/publications-and-studies\\\/#breadcrumb\",\"itemListElement\":[{\"@type\":\"ListItem\",\"position\":1,\"name\":\"Home\",\"item\":\"https:\\\/\\\/prezode-initiative.org\\\/en\\\/\"},{\"@type\":\"ListItem\",\"position\":2,\"name\":\"publications\"}]},{\"@type\":\"WebSite\",\"@id\":\"https:\\\/\\\/prezode-initiative.org\\\/en\\\/#website\",\"url\":\"https:\\\/\\\/prezode-initiative.org\\\/en\\\/\",\"name\":\"Prezode\",\"description\":\"\",\"publisher\":{\"@id\":\"https:\\\/\\\/prezode-initiative.org\\\/en\\\/#organization\"},\"potentialAction\":[{\"@type\":\"SearchAction\",\"target\":{\"@type\":\"EntryPoint\",\"urlTemplate\":\"https:\\\/\\\/prezode-initiative.org\\\/en\\\/?s={search_term_string}\"},\"query-input\":{\"@type\":\"PropertyValueSpecification\",\"valueRequired\":true,\"valueName\":\"search_term_string\"}}],\"inLanguage\":\"en-US\"},{\"@type\":\"Organization\",\"@id\":\"https:\\\/\\\/prezode-initiative.org\\\/en\\\/#organization\",\"name\":\"Prezode\",\"url\":\"https:\\\/\\\/prezode-initiative.org\\\/en\\\/\",\"logo\":{\"@type\":\"ImageObject\",\"inLanguage\":\"en-US\",\"@id\":\"https:\\\/\\\/prezode-initiative.org\\\/en\\\/#\\\/schema\\\/logo\\\/image\\\/\",\"url\":\"https:\\\/\\\/prezode-initiative.org\\\/wp-content\\\/uploads\\\/2025\\\/02\\\/logo.png\",\"contentUrl\":\"https:\\\/\\\/prezode-initiative.org\\\/wp-content\\\/uploads\\\/2025\\\/02\\\/logo.png\",\"width\":168,\"height\":118,\"caption\":\"Prezode\"},\"image\":{\"@id\":\"https:\\\/\\\/prezode-initiative.org\\\/en\\\/#\\\/schema\\\/logo\\\/image\\\/\"}}]}<\/script>\n<!-- \/ Yoast SEO plugin. -->","yoast_head_json":{"title":"publications - Prezode","robots":{"index":"index","follow":"follow","max-snippet":"max-snippet:-1","max-image-preview":"max-image-preview:large","max-video-preview":"max-video-preview:-1"},"canonical":"https:\/\/prezode-initiative.org\/en\/publications-and-studies\/","og_locale":"en_US","og_type":"article","og_title":"publications - Prezode","og_description":"Publications and studies As a scientific initiative, PREZODE and its experts regularly publish research articles, opinion papers, and commentaries in peer-reviewed journals. PREZODE also leads, supports, and contributes to international studies dedicated to designing and implementing prevention strategies against emerging risks, through a One Health approach. Below, you will find a selection of links toContinue reading \"publications\"","og_url":"https:\/\/prezode-initiative.org\/en\/publications-and-studies\/","og_site_name":"Prezode","article_modified_time":"2026-05-05T08:33:20+00:00","og_image":[{"width":1309,"height":873,"url":"https:\/\/prezode-initiative.org\/wp-content\/uploads\/2026\/05\/detait-A1_rJmm6hz8-unsplash-scaled-e1777911818663.jpg","type":"image\/jpeg"}],"twitter_card":"summary_large_image","twitter_misc":{"Est. reading time":"3 minutes"},"schema":{"@context":"https:\/\/schema.org","@graph":[{"@type":"WebPage","@id":"https:\/\/prezode-initiative.org\/en\/publications-and-studies\/","url":"https:\/\/prezode-initiative.org\/en\/publications-and-studies\/","name":"publications - Prezode","isPartOf":{"@id":"https:\/\/prezode-initiative.org\/en\/#website"},"primaryImageOfPage":{"@id":"https:\/\/prezode-initiative.org\/en\/publications-and-studies\/#primaryimage"},"image":{"@id":"https:\/\/prezode-initiative.org\/en\/publications-and-studies\/#primaryimage"},"thumbnailUrl":"https:\/\/prezode-initiative.org\/wp-content\/uploads\/2026\/05\/detait-A1_rJmm6hz8-unsplash-scaled-e1777911818663.jpg","datePublished":"2026-05-04T16:38:35+00:00","dateModified":"2026-05-05T08:33:20+00:00","breadcrumb":{"@id":"https:\/\/prezode-initiative.org\/en\/publications-and-studies\/#breadcrumb"},"inLanguage":"en-US","potentialAction":[{"@type":"ReadAction","target":["https:\/\/prezode-initiative.org\/en\/publications-and-studies\/"]}]},{"@type":"ImageObject","inLanguage":"en-US","@id":"https:\/\/prezode-initiative.org\/en\/publications-and-studies\/#primaryimage","url":"https:\/\/prezode-initiative.org\/wp-content\/uploads\/2026\/05\/detait-A1_rJmm6hz8-unsplash-scaled-e1777911818663.jpg","contentUrl":"https:\/\/prezode-initiative.org\/wp-content\/uploads\/2026\/05\/detait-A1_rJmm6hz8-unsplash-scaled-e1777911818663.jpg","width":1309,"height":873,"caption":"library - view on rows of books from a high perspective"},{"@type":"BreadcrumbList","@id":"https:\/\/prezode-initiative.org\/en\/publications-and-studies\/#breadcrumb","itemListElement":[{"@type":"ListItem","position":1,"name":"Home","item":"https:\/\/prezode-initiative.org\/en\/"},{"@type":"ListItem","position":2,"name":"publications"}]},{"@type":"WebSite","@id":"https:\/\/prezode-initiative.org\/en\/#website","url":"https:\/\/prezode-initiative.org\/en\/","name":"Prezode","description":"","publisher":{"@id":"https:\/\/prezode-initiative.org\/en\/#organization"},"potentialAction":[{"@type":"SearchAction","target":{"@type":"EntryPoint","urlTemplate":"https:\/\/prezode-initiative.org\/en\/?s={search_term_string}"},"query-input":{"@type":"PropertyValueSpecification","valueRequired":true,"valueName":"search_term_string"}}],"inLanguage":"en-US"},{"@type":"Organization","@id":"https:\/\/prezode-initiative.org\/en\/#organization","name":"Prezode","url":"https:\/\/prezode-initiative.org\/en\/","logo":{"@type":"ImageObject","inLanguage":"en-US","@id":"https:\/\/prezode-initiative.org\/en\/#\/schema\/logo\/image\/","url":"https:\/\/prezode-initiative.org\/wp-content\/uploads\/2025\/02\/logo.png","contentUrl":"https:\/\/prezode-initiative.org\/wp-content\/uploads\/2025\/02\/logo.png","width":168,"height":118,"caption":"Prezode"},"image":{"@id":"https:\/\/prezode-initiative.org\/en\/#\/schema\/logo\/image\/"}}]}},"_links":{"self":[{"href":"https:\/\/prezode-initiative.org\/en\/wp-json\/wp\/v2\/pages\/6599","targetHints":{"allow":["GET"]}}],"collection":[{"href":"https:\/\/prezode-initiative.org\/en\/wp-json\/wp\/v2\/pages"}],"about":[{"href":"https:\/\/prezode-initiative.org\/en\/wp-json\/wp\/v2\/types\/page"}],"author":[{"embeddable":true,"href":"https:\/\/prezode-initiative.org\/en\/wp-json\/wp\/v2\/users\/2"}],"replies":[{"embeddable":true,"href":"https:\/\/prezode-initiative.org\/en\/wp-json\/wp\/v2\/comments?post=6599"}],"version-history":[{"count":14,"href":"https:\/\/prezode-initiative.org\/en\/wp-json\/wp\/v2\/pages\/6599\/revisions"}],"predecessor-version":[{"id":6633,"href":"https:\/\/prezode-initiative.org\/en\/wp-json\/wp\/v2\/pages\/6599\/revisions\/6633"}],"wp:featuredmedia":[{"embeddable":true,"href":"https:\/\/prezode-initiative.org\/en\/wp-json\/wp\/v2\/media\/6601"}],"wp:attachment":[{"href":"https:\/\/prezode-initiative.org\/en\/wp-json\/wp\/v2\/media?parent=6599"}],"curies":[{"name":"wp","href":"https:\/\/api.w.org\/{rel}","templated":true}]}}